{"id":958,"date":"2023-08-13T09:56:50","date_gmt":"2023-08-13T09:56:50","guid":{"rendered":"https:\/\/kanakydesign.com\/?post_type=product&#038;p=958"},"modified":"2026-02-07T19:21:12","modified_gmt":"2026-02-07T19:21:12","slug":"madagascar-l","status":"publish","type":"product","link":"https:\/\/kanakydesign.com\/fr\/produit\/madagascar-l\/","title":{"rendered":"Madagascar L"},"content":{"rendered":"","protected":false},"excerpt":{"rendered":"<p>Terrarium con\u00e7u pour les esp\u00e8ces arboricoles de Madagascar telles que les cam\u00e9l\u00e9ons. <em>Furcifer pardalis<\/em> ou geckos \u00e0 queue feuillue (genre <em>Uroplatus<\/em>). Il est \u00e9quip\u00e9 de c\u00f4t\u00e9s en grillage pour favoriser la ventilation int\u00e9rieure, d'un syst\u00e8me de pluie pour maintenir un bon niveau d'humidit\u00e9 et d'un joint en PVC pour \u00e9viter les fuites d'eau. Pour couvrir les besoins en temp\u00e9rature et en rayonnement, ce terrarium comprend un \u00e9cran ultraviolet et une ampoule en c\u00e9ramique contr\u00f4l\u00e9e par un thermostat jour\/nuit.<\/p>\n<p>Il comprend<\/p>\n<ul>\n<li>Terrarium 50x50x100 cm avec parois grillag\u00e9es<\/li>\n<li>UVB 24w 6% \u00e9cran UVB<\/li>\n<li>Syst\u00e8me de pluie (2 buses)<\/li>\n<li>Douille droite en c\u00e9ramique<\/li>\n<li>Ampoule c\u00e9ramique 75w<\/li>\n<li>Thermostat num\u00e9rique jour\/nuit<\/li>\n<li>PVC Sealant<\/li>\n<\/ul>\n<p>&nbsp;<\/p>","protected":false},"featured_media":1641,"template":"","meta":[],"product_brand":[],"product_cat":[57,22],"product_tag":[165,170,166,171,169,173,167,172,168],"class_list":{"0":"post-958","1":"product","2":"type-product","3":"status-publish","4":"has-post-thumbnail","6":"product_cat-kit-completo","7":"product_cat-terrarios","8":"product_tag-camaleon","9":"product_tag-fimbriatus","10":"product_tag-furcifer","11":"product_tag-giganteus","12":"product_tag-henkeli","13":"product_tag-lineatus","14":"product_tag-pardalis","15":"product_tag-sikorae","16":"product_tag-uroplatus","17":"product_shipping_class-terrarios","19":"first","20":"instock","21":"taxable","22":"shipping-taxable","23":"purchasable","24":"product-type-composite"},"yoast_head":"<!-- This site is optimized with the Yoast SEO plugin v27.3 - https:\/\/yoast.com\/product\/yoast-seo-wordpress\/ -->\n<title>Madagascar L | KanakyDesign Enclosures<\/title>\n<meta name=\"robots\" content=\"index, follow, max-snippet:-1, max-image-preview:large, max-video-preview:-1\" \/>\n<link rel=\"canonical\" href=\"https:\/\/kanakydesign.com\/fr\/produit\/madagascar-l\/\" \/>\n<meta property=\"og:locale\" content=\"fr_FR\" \/>\n<meta property=\"og:type\" content=\"article\" \/>\n<meta property=\"og:title\" content=\"Madagascar L | KanakyDesign Enclosures\" \/>\n<meta property=\"og:description\" content=\"Terrario dise\u00f1ado para especies arbor\u00edcolas de Madagascar como los camaleones Furcifer pardalis o los geckos cola de hoja (g\u00e9nero Uroplatus). Cuenta con laterales de malla para favorecer la ventilaci\u00f3n interior, sistema de lluvia para mantener un buen nivel de humedad y sellador de PVC para evitar fugas de agua. Para cubrir los requerimientos de temperatura y radiaci\u00f3n, este terrario incluye una pantalla de ultravioleta y una bombilla cer\u00e1mica controlada por un termostato d\u00eda\/noche.  Incluye:   Terrario 50x50x100 cm con laterales de malla  Pantalla UVB 24w 6%  Sistema de lluvia (2 boquillas)  Casquillo cer\u00e1mico recto  Bombilla cer\u00e1mica 75w  Termostato digital d\u00eda\/noche  Sellador PVC  &nbsp;\" \/>\n<meta property=\"og:url\" content=\"https:\/\/kanakydesign.com\/fr\/produit\/madagascar-l\/\" \/>\n<meta property=\"og:site_name\" content=\"KanakyDesign Enclosures\" \/>\n<meta property=\"article:modified_time\" content=\"2026-02-07T19:21:12+00:00\" \/>\n<meta property=\"og:image\" content=\"https:\/\/kanakydesign.com\/wp-content\/uploads\/2023\/08\/Furcifer-pardalis-rama.png\" \/>\n\t<meta property=\"og:image:width\" content=\"1024\" \/>\n\t<meta property=\"og:image:height\" content=\"1024\" \/>\n\t<meta property=\"og:image:type\" content=\"image\/png\" \/>\n<meta name=\"twitter:card\" content=\"summary_large_image\" \/>\n<script type=\"application\/ld+json\" class=\"yoast-schema-graph\">{\"@context\":\"https:\\\/\\\/schema.org\",\"@graph\":[{\"@type\":\"WebPage\",\"@id\":\"https:\\\/\\\/kanakydesign.com\\\/producto\\\/madagascar-l\\\/\",\"url\":\"https:\\\/\\\/kanakydesign.com\\\/producto\\\/madagascar-l\\\/\",\"name\":\"Madagascar L | KanakyDesign Enclosures\",\"isPartOf\":{\"@id\":\"https:\\\/\\\/kanakydesign.com\\\/#website\"},\"primaryImageOfPage\":{\"@id\":\"https:\\\/\\\/kanakydesign.com\\\/producto\\\/madagascar-l\\\/#primaryimage\"},\"image\":{\"@id\":\"https:\\\/\\\/kanakydesign.com\\\/producto\\\/madagascar-l\\\/#primaryimage\"},\"thumbnailUrl\":\"https:\\\/\\\/kanakydesign.com\\\/wp-content\\\/uploads\\\/2023\\\/08\\\/Furcifer-pardalis-rama.png\",\"datePublished\":\"2023-08-13T09:56:50+00:00\",\"dateModified\":\"2026-02-07T19:21:12+00:00\",\"breadcrumb\":{\"@id\":\"https:\\\/\\\/kanakydesign.com\\\/producto\\\/madagascar-l\\\/#breadcrumb\"},\"inLanguage\":\"fr-FR\",\"potentialAction\":[{\"@type\":\"ReadAction\",\"target\":[\"https:\\\/\\\/kanakydesign.com\\\/producto\\\/madagascar-l\\\/\"]}]},{\"@type\":\"ImageObject\",\"inLanguage\":\"fr-FR\",\"@id\":\"https:\\\/\\\/kanakydesign.com\\\/producto\\\/madagascar-l\\\/#primaryimage\",\"url\":\"https:\\\/\\\/kanakydesign.com\\\/wp-content\\\/uploads\\\/2023\\\/08\\\/Furcifer-pardalis-rama.png\",\"contentUrl\":\"https:\\\/\\\/kanakydesign.com\\\/wp-content\\\/uploads\\\/2023\\\/08\\\/Furcifer-pardalis-rama.png\",\"width\":1024,\"height\":1024},{\"@type\":\"BreadcrumbList\",\"@id\":\"https:\\\/\\\/kanakydesign.com\\\/producto\\\/madagascar-l\\\/#breadcrumb\",\"itemListElement\":[{\"@type\":\"ListItem\",\"position\":1,\"name\":\"Portada\",\"item\":\"https:\\\/\\\/kanakydesign.com\\\/\"},{\"@type\":\"ListItem\",\"position\":2,\"name\":\"Tienda\",\"item\":\"https:\\\/\\\/kanakydesign.com\\\/tienda\\\/\"},{\"@type\":\"ListItem\",\"position\":3,\"name\":\"Madagascar L\"}]},{\"@type\":\"WebSite\",\"@id\":\"https:\\\/\\\/kanakydesign.com\\\/#website\",\"url\":\"https:\\\/\\\/kanakydesign.com\\\/\",\"name\":\"KanakyDesign Enclosures\",\"description\":\"Become a professional keeper\",\"publisher\":{\"@id\":\"https:\\\/\\\/kanakydesign.com\\\/#organization\"},\"alternateName\":\"KanakyDesign\",\"potentialAction\":[{\"@type\":\"SearchAction\",\"target\":{\"@type\":\"EntryPoint\",\"urlTemplate\":\"https:\\\/\\\/kanakydesign.com\\\/?s={search_term_string}\"},\"query-input\":{\"@type\":\"PropertyValueSpecification\",\"valueRequired\":true,\"valueName\":\"search_term_string\"}}],\"inLanguage\":\"fr-FR\"},{\"@type\":\"Organization\",\"@id\":\"https:\\\/\\\/kanakydesign.com\\\/#organization\",\"name\":\"KanakyDesign Enclosures\",\"alternateName\":\"KanakyDesign\",\"url\":\"https:\\\/\\\/kanakydesign.com\\\/\",\"logo\":{\"@type\":\"ImageObject\",\"inLanguage\":\"fr-FR\",\"@id\":\"https:\\\/\\\/kanakydesign.com\\\/#\\\/schema\\\/logo\\\/image\\\/\",\"url\":\"https:\\\/\\\/kanakydesign.com\\\/wp-content\\\/uploads\\\/2023\\\/06\\\/Logo-KanakyDesign-circular-negro-1.png\",\"contentUrl\":\"https:\\\/\\\/kanakydesign.com\\\/wp-content\\\/uploads\\\/2023\\\/06\\\/Logo-KanakyDesign-circular-negro-1.png\",\"width\":2000,\"height\":2000,\"caption\":\"KanakyDesign Enclosures\"},\"image\":{\"@id\":\"https:\\\/\\\/kanakydesign.com\\\/#\\\/schema\\\/logo\\\/image\\\/\"}}]}<\/script>\n<!-- \/ Yoast SEO plugin. -->","yoast_head_json":{"title":"Madagascar L | KanakyDesign Enclosures","robots":{"index":"index","follow":"follow","max-snippet":"max-snippet:-1","max-image-preview":"max-image-preview:large","max-video-preview":"max-video-preview:-1"},"canonical":"https:\/\/kanakydesign.com\/fr\/produit\/madagascar-l\/","og_locale":"fr_FR","og_type":"article","og_title":"Madagascar L | KanakyDesign Enclosures","og_description":"Terrario dise\u00f1ado para especies arbor\u00edcolas de Madagascar como los camaleones Furcifer pardalis o los geckos cola de hoja (g\u00e9nero Uroplatus). Cuenta con laterales de malla para favorecer la ventilaci\u00f3n interior, sistema de lluvia para mantener un buen nivel de humedad y sellador de PVC para evitar fugas de agua. Para cubrir los requerimientos de temperatura y radiaci\u00f3n, este terrario incluye una pantalla de ultravioleta y una bombilla cer\u00e1mica controlada por un termostato d\u00eda\/noche.  Incluye:   Terrario 50x50x100 cm con laterales de malla  Pantalla UVB 24w 6%  Sistema de lluvia (2 boquillas)  Casquillo cer\u00e1mico recto  Bombilla cer\u00e1mica 75w  Termostato digital d\u00eda\/noche  Sellador PVC  &nbsp;","og_url":"https:\/\/kanakydesign.com\/fr\/produit\/madagascar-l\/","og_site_name":"KanakyDesign Enclosures","article_modified_time":"2026-02-07T19:21:12+00:00","og_image":[{"width":1024,"height":1024,"url":"https:\/\/kanakydesign.com\/wp-content\/uploads\/2023\/08\/Furcifer-pardalis-rama.png","type":"image\/png"}],"twitter_card":"summary_large_image","schema":{"@context":"https:\/\/schema.org","@graph":[{"@type":"WebPage","@id":"https:\/\/kanakydesign.com\/producto\/madagascar-l\/","url":"https:\/\/kanakydesign.com\/producto\/madagascar-l\/","name":"Madagascar L | KanakyDesign Enclosures","isPartOf":{"@id":"https:\/\/kanakydesign.com\/#website"},"primaryImageOfPage":{"@id":"https:\/\/kanakydesign.com\/producto\/madagascar-l\/#primaryimage"},"image":{"@id":"https:\/\/kanakydesign.com\/producto\/madagascar-l\/#primaryimage"},"thumbnailUrl":"https:\/\/kanakydesign.com\/wp-content\/uploads\/2023\/08\/Furcifer-pardalis-rama.png","datePublished":"2023-08-13T09:56:50+00:00","dateModified":"2026-02-07T19:21:12+00:00","breadcrumb":{"@id":"https:\/\/kanakydesign.com\/producto\/madagascar-l\/#breadcrumb"},"inLanguage":"fr-FR","potentialAction":[{"@type":"ReadAction","target":["https:\/\/kanakydesign.com\/producto\/madagascar-l\/"]}]},{"@type":"ImageObject","inLanguage":"fr-FR","@id":"https:\/\/kanakydesign.com\/producto\/madagascar-l\/#primaryimage","url":"https:\/\/kanakydesign.com\/wp-content\/uploads\/2023\/08\/Furcifer-pardalis-rama.png","contentUrl":"https:\/\/kanakydesign.com\/wp-content\/uploads\/2023\/08\/Furcifer-pardalis-rama.png","width":1024,"height":1024},{"@type":"BreadcrumbList","@id":"https:\/\/kanakydesign.com\/producto\/madagascar-l\/#breadcrumb","itemListElement":[{"@type":"ListItem","position":1,"name":"Portada","item":"https:\/\/kanakydesign.com\/"},{"@type":"ListItem","position":2,"name":"Tienda","item":"https:\/\/kanakydesign.com\/tienda\/"},{"@type":"ListItem","position":3,"name":"Madagascar L"}]},{"@type":"WebSite","@id":"https:\/\/kanakydesign.com\/#website","url":"https:\/\/kanakydesign.com\/","name":"KanakyDesign Enclosures","description":"Become a professional keeper","publisher":{"@id":"https:\/\/kanakydesign.com\/#organization"},"alternateName":"KanakyDesign","potentialAction":[{"@type":"SearchAction","target":{"@type":"EntryPoint","urlTemplate":"https:\/\/kanakydesign.com\/?s={search_term_string}"},"query-input":{"@type":"PropertyValueSpecification","valueRequired":true,"valueName":"search_term_string"}}],"inLanguage":"fr-FR"},{"@type":"Organization","@id":"https:\/\/kanakydesign.com\/#organization","name":"KanakyDesign Enclosures","alternateName":"KanakyDesign","url":"https:\/\/kanakydesign.com\/","logo":{"@type":"ImageObject","inLanguage":"fr-FR","@id":"https:\/\/kanakydesign.com\/#\/schema\/logo\/image\/","url":"https:\/\/kanakydesign.com\/wp-content\/uploads\/2023\/06\/Logo-KanakyDesign-circular-negro-1.png","contentUrl":"https:\/\/kanakydesign.com\/wp-content\/uploads\/2023\/06\/Logo-KanakyDesign-circular-negro-1.png","width":2000,"height":2000,"caption":"KanakyDesign Enclosures"},"image":{"@id":"https:\/\/kanakydesign.com\/#\/schema\/logo\/image\/"}}]}},"_links":{"self":[{"href":"https:\/\/kanakydesign.com\/fr\/wp-json\/wp\/v2\/product\/958","targetHints":{"allow":["GET"]}}],"collection":[{"href":"https:\/\/kanakydesign.com\/fr\/wp-json\/wp\/v2\/product"}],"about":[{"href":"https:\/\/kanakydesign.com\/fr\/wp-json\/wp\/v2\/types\/product"}],"wp:featuredmedia":[{"embeddable":true,"href":"https:\/\/kanakydesign.com\/fr\/wp-json\/wp\/v2\/media\/1641"}],"wp:attachment":[{"href":"https:\/\/kanakydesign.com\/fr\/wp-json\/wp\/v2\/media?parent=958"}],"wp:term":[{"taxonomy":"product_brand","embeddable":true,"href":"https:\/\/kanakydesign.com\/fr\/wp-json\/wp\/v2\/product_brand?post=958"},{"taxonomy":"product_cat","embeddable":true,"href":"https:\/\/kanakydesign.com\/fr\/wp-json\/wp\/v2\/product_cat?post=958"},{"taxonomy":"product_tag","embeddable":true,"href":"https:\/\/kanakydesign.com\/fr\/wp-json\/wp\/v2\/product_tag?post=958"}],"curies":[{"name":"wp","href":"https:\/\/api.w.org\/{rel}","templated":true}]}}