{"id":949,"date":"2023-08-13T09:06:26","date_gmt":"2023-08-13T09:06:26","guid":{"rendered":"https:\/\/kanakydesign.com\/?post_type=product&#038;p=949"},"modified":"2024-09-24T14:52:06","modified_gmt":"2024-09-24T14:52:06","slug":"nueva-caledonia-m","status":"publish","type":"product","link":"https:\/\/kanakydesign.com\/fr\/produit\/nueva-caledonia-m\/","title":{"rendered":"Nouvelle-Cal\u00e9donie M"},"content":{"rendered":"","protected":false},"excerpt":{"rendered":"<p>Terrarium con\u00e7u pour les geckos tropicaux de taille petite \u00e0 moyenne tels que <em>C. ciliatus, R. auriculatus, M. chahoua, C. sarasinorum<\/em>etc. Un \u00e9clairage LED pour les cycles jour\/nuit, un syst\u00e8me de pluie pour maintenir un bon niveau d'humidit\u00e9 et un joint en PVC pour \u00e9viter les fuites d'eau. Il est conseill\u00e9 d'ajouter une source de chaleur avec thermostat si la temp\u00e9rature \u00e0 l'int\u00e9rieur de la maison descend en dessous de 17-18\u00baC.<\/p>\n<p>Il comprend<\/p>\n<ul>\n<li>Terrarium 60x60x60 cm<\/li>\n<li>Barre LED 30cm<\/li>\n<li>Syst\u00e8me de pluie (1 buse)<\/li>\n<li>PVC Sealant<\/li>\n<\/ul>\n<p>&nbsp;<\/p>","protected":false},"featured_media":1177,"template":"","meta":[],"product_brand":[],"product_cat":[57,22],"product_tag":[157,158,156,160,161,155,159],"class_list":{"0":"post-949","1":"product","2":"type-product","3":"status-publish","4":"has-post-thumbnail","6":"product_cat-kit-completo","7":"product_cat-terrarios","8":"product_tag-auriculatus","9":"product_tag-chahoua","10":"product_tag-ciliatus","11":"product_tag-correlophus","12":"product_tag-mniarogekko","13":"product_tag-rhacodactylus","14":"product_tag-sarasinorum","15":"product_shipping_class-terrarios","17":"first","18":"instock","19":"taxable","20":"shipping-taxable","21":"purchasable","22":"product-type-composite"},"yoast_head":"<!-- This site is optimized with the Yoast SEO plugin v27.3 - https:\/\/yoast.com\/product\/yoast-seo-wordpress\/ -->\n<title>Nueva Caledonia M | KanakyDesign Enclosures<\/title>\n<meta name=\"robots\" content=\"index, follow, max-snippet:-1, max-image-preview:large, max-video-preview:-1\" \/>\n<link rel=\"canonical\" href=\"https:\/\/kanakydesign.com\/fr\/produit\/nueva-caledonia-m\/\" \/>\n<meta property=\"og:locale\" content=\"fr_FR\" \/>\n<meta property=\"og:type\" content=\"article\" \/>\n<meta property=\"og:title\" content=\"Nueva Caledonia M | KanakyDesign Enclosures\" \/>\n<meta property=\"og:description\" content=\"Terrario dise\u00f1ado para geckos tropicales de peque\u00f1o y mediano tama\u00f1o como C. ciliatus, R. auriculatus, M. chahoua, C. sarasinorum, etc. Iluminaci\u00f3n LED para ciclos d\u00eda\/noche, sistema de lluvia para mantener un buen nivel de humedad y sellador de PVC para evitar fugas de agua. Recomendable a\u00f1adir una fuente de calor con termostato si en el interior de tu casa bajan las temperaturas de 17-18\u00baC  Incluye:   Terrario 60x60x60 cm  Barra LED 30cm  Sistema de lluvia (1 boquilla)  Sellador PVC  &nbsp;\" \/>\n<meta property=\"og:url\" content=\"https:\/\/kanakydesign.com\/fr\/produit\/nueva-caledonia-m\/\" \/>\n<meta property=\"og:site_name\" content=\"KanakyDesign Enclosures\" \/>\n<meta property=\"article:modified_time\" content=\"2024-09-24T14:52:06+00:00\" \/>\n<meta property=\"og:image\" content=\"https:\/\/kanakydesign.com\/wp-content\/uploads\/2023\/08\/bicho-2-v1-scaled.jpg\" \/>\n\t<meta property=\"og:image:width\" content=\"2560\" \/>\n\t<meta property=\"og:image:height\" content=\"2560\" \/>\n\t<meta property=\"og:image:type\" content=\"image\/jpeg\" \/>\n<meta name=\"twitter:card\" content=\"summary_large_image\" \/>\n<script type=\"application\/ld+json\" class=\"yoast-schema-graph\">{\"@context\":\"https:\\\/\\\/schema.org\",\"@graph\":[{\"@type\":\"WebPage\",\"@id\":\"https:\\\/\\\/kanakydesign.com\\\/producto\\\/nueva-caledonia-m\\\/\",\"url\":\"https:\\\/\\\/kanakydesign.com\\\/producto\\\/nueva-caledonia-m\\\/\",\"name\":\"Nueva Caledonia M | KanakyDesign Enclosures\",\"isPartOf\":{\"@id\":\"https:\\\/\\\/kanakydesign.com\\\/#website\"},\"primaryImageOfPage\":{\"@id\":\"https:\\\/\\\/kanakydesign.com\\\/producto\\\/nueva-caledonia-m\\\/#primaryimage\"},\"image\":{\"@id\":\"https:\\\/\\\/kanakydesign.com\\\/producto\\\/nueva-caledonia-m\\\/#primaryimage\"},\"thumbnailUrl\":\"https:\\\/\\\/kanakydesign.com\\\/wp-content\\\/uploads\\\/2023\\\/08\\\/bicho-2-v1-scaled.jpg\",\"datePublished\":\"2023-08-13T09:06:26+00:00\",\"dateModified\":\"2024-09-24T14:52:06+00:00\",\"breadcrumb\":{\"@id\":\"https:\\\/\\\/kanakydesign.com\\\/producto\\\/nueva-caledonia-m\\\/#breadcrumb\"},\"inLanguage\":\"fr-FR\",\"potentialAction\":[{\"@type\":\"ReadAction\",\"target\":[\"https:\\\/\\\/kanakydesign.com\\\/producto\\\/nueva-caledonia-m\\\/\"]}]},{\"@type\":\"ImageObject\",\"inLanguage\":\"fr-FR\",\"@id\":\"https:\\\/\\\/kanakydesign.com\\\/producto\\\/nueva-caledonia-m\\\/#primaryimage\",\"url\":\"https:\\\/\\\/kanakydesign.com\\\/wp-content\\\/uploads\\\/2023\\\/08\\\/bicho-2-v1-scaled.jpg\",\"contentUrl\":\"https:\\\/\\\/kanakydesign.com\\\/wp-content\\\/uploads\\\/2023\\\/08\\\/bicho-2-v1-scaled.jpg\",\"width\":2560,\"height\":2560},{\"@type\":\"BreadcrumbList\",\"@id\":\"https:\\\/\\\/kanakydesign.com\\\/producto\\\/nueva-caledonia-m\\\/#breadcrumb\",\"itemListElement\":[{\"@type\":\"ListItem\",\"position\":1,\"name\":\"Portada\",\"item\":\"https:\\\/\\\/kanakydesign.com\\\/\"},{\"@type\":\"ListItem\",\"position\":2,\"name\":\"Tienda\",\"item\":\"https:\\\/\\\/kanakydesign.com\\\/tienda\\\/\"},{\"@type\":\"ListItem\",\"position\":3,\"name\":\"Nueva Caledonia M\"}]},{\"@type\":\"WebSite\",\"@id\":\"https:\\\/\\\/kanakydesign.com\\\/#website\",\"url\":\"https:\\\/\\\/kanakydesign.com\\\/\",\"name\":\"KanakyDesign Enclosures\",\"description\":\"Become a professional keeper\",\"publisher\":{\"@id\":\"https:\\\/\\\/kanakydesign.com\\\/#organization\"},\"alternateName\":\"KanakyDesign\",\"potentialAction\":[{\"@type\":\"SearchAction\",\"target\":{\"@type\":\"EntryPoint\",\"urlTemplate\":\"https:\\\/\\\/kanakydesign.com\\\/?s={search_term_string}\"},\"query-input\":{\"@type\":\"PropertyValueSpecification\",\"valueRequired\":true,\"valueName\":\"search_term_string\"}}],\"inLanguage\":\"fr-FR\"},{\"@type\":\"Organization\",\"@id\":\"https:\\\/\\\/kanakydesign.com\\\/#organization\",\"name\":\"KanakyDesign Enclosures\",\"alternateName\":\"KanakyDesign\",\"url\":\"https:\\\/\\\/kanakydesign.com\\\/\",\"logo\":{\"@type\":\"ImageObject\",\"inLanguage\":\"fr-FR\",\"@id\":\"https:\\\/\\\/kanakydesign.com\\\/#\\\/schema\\\/logo\\\/image\\\/\",\"url\":\"https:\\\/\\\/kanakydesign.com\\\/wp-content\\\/uploads\\\/2023\\\/06\\\/Logo-KanakyDesign-circular-negro-1.png\",\"contentUrl\":\"https:\\\/\\\/kanakydesign.com\\\/wp-content\\\/uploads\\\/2023\\\/06\\\/Logo-KanakyDesign-circular-negro-1.png\",\"width\":2000,\"height\":2000,\"caption\":\"KanakyDesign Enclosures\"},\"image\":{\"@id\":\"https:\\\/\\\/kanakydesign.com\\\/#\\\/schema\\\/logo\\\/image\\\/\"}}]}<\/script>\n<!-- \/ Yoast SEO plugin. -->","yoast_head_json":{"title":"Nouvelle-Cal\u00e9donie M | KanakyDesign Enclosures","robots":{"index":"index","follow":"follow","max-snippet":"max-snippet:-1","max-image-preview":"max-image-preview:large","max-video-preview":"max-video-preview:-1"},"canonical":"https:\/\/kanakydesign.com\/fr\/produit\/nueva-caledonia-m\/","og_locale":"fr_FR","og_type":"article","og_title":"Nueva Caledonia M | KanakyDesign Enclosures","og_description":"Terrario dise\u00f1ado para geckos tropicales de peque\u00f1o y mediano tama\u00f1o como C. ciliatus, R. auriculatus, M. chahoua, C. sarasinorum, etc. Iluminaci\u00f3n LED para ciclos d\u00eda\/noche, sistema de lluvia para mantener un buen nivel de humedad y sellador de PVC para evitar fugas de agua. Recomendable a\u00f1adir una fuente de calor con termostato si en el interior de tu casa bajan las temperaturas de 17-18\u00baC  Incluye:   Terrario 60x60x60 cm  Barra LED 30cm  Sistema de lluvia (1 boquilla)  Sellador PVC  &nbsp;","og_url":"https:\/\/kanakydesign.com\/fr\/produit\/nueva-caledonia-m\/","og_site_name":"KanakyDesign Enclosures","article_modified_time":"2024-09-24T14:52:06+00:00","og_image":[{"width":2560,"height":2560,"url":"https:\/\/kanakydesign.com\/wp-content\/uploads\/2023\/08\/bicho-2-v1-scaled.jpg","type":"image\/jpeg"}],"twitter_card":"summary_large_image","schema":{"@context":"https:\/\/schema.org","@graph":[{"@type":"WebPage","@id":"https:\/\/kanakydesign.com\/producto\/nueva-caledonia-m\/","url":"https:\/\/kanakydesign.com\/producto\/nueva-caledonia-m\/","name":"Nouvelle-Cal\u00e9donie M | KanakyDesign Enclosures","isPartOf":{"@id":"https:\/\/kanakydesign.com\/#website"},"primaryImageOfPage":{"@id":"https:\/\/kanakydesign.com\/producto\/nueva-caledonia-m\/#primaryimage"},"image":{"@id":"https:\/\/kanakydesign.com\/producto\/nueva-caledonia-m\/#primaryimage"},"thumbnailUrl":"https:\/\/kanakydesign.com\/wp-content\/uploads\/2023\/08\/bicho-2-v1-scaled.jpg","datePublished":"2023-08-13T09:06:26+00:00","dateModified":"2024-09-24T14:52:06+00:00","breadcrumb":{"@id":"https:\/\/kanakydesign.com\/producto\/nueva-caledonia-m\/#breadcrumb"},"inLanguage":"fr-FR","potentialAction":[{"@type":"ReadAction","target":["https:\/\/kanakydesign.com\/producto\/nueva-caledonia-m\/"]}]},{"@type":"ImageObject","inLanguage":"fr-FR","@id":"https:\/\/kanakydesign.com\/producto\/nueva-caledonia-m\/#primaryimage","url":"https:\/\/kanakydesign.com\/wp-content\/uploads\/2023\/08\/bicho-2-v1-scaled.jpg","contentUrl":"https:\/\/kanakydesign.com\/wp-content\/uploads\/2023\/08\/bicho-2-v1-scaled.jpg","width":2560,"height":2560},{"@type":"BreadcrumbList","@id":"https:\/\/kanakydesign.com\/producto\/nueva-caledonia-m\/#breadcrumb","itemListElement":[{"@type":"ListItem","position":1,"name":"Portada","item":"https:\/\/kanakydesign.com\/"},{"@type":"ListItem","position":2,"name":"Tienda","item":"https:\/\/kanakydesign.com\/tienda\/"},{"@type":"ListItem","position":3,"name":"Nueva Caledonia M"}]},{"@type":"WebSite","@id":"https:\/\/kanakydesign.com\/#website","url":"https:\/\/kanakydesign.com\/","name":"KanakyDesign Enclosures","description":"Become a professional keeper","publisher":{"@id":"https:\/\/kanakydesign.com\/#organization"},"alternateName":"KanakyDesign","potentialAction":[{"@type":"SearchAction","target":{"@type":"EntryPoint","urlTemplate":"https:\/\/kanakydesign.com\/?s={search_term_string}"},"query-input":{"@type":"PropertyValueSpecification","valueRequired":true,"valueName":"search_term_string"}}],"inLanguage":"fr-FR"},{"@type":"Organization","@id":"https:\/\/kanakydesign.com\/#organization","name":"KanakyDesign Enclosures","alternateName":"KanakyDesign","url":"https:\/\/kanakydesign.com\/","logo":{"@type":"ImageObject","inLanguage":"fr-FR","@id":"https:\/\/kanakydesign.com\/#\/schema\/logo\/image\/","url":"https:\/\/kanakydesign.com\/wp-content\/uploads\/2023\/06\/Logo-KanakyDesign-circular-negro-1.png","contentUrl":"https:\/\/kanakydesign.com\/wp-content\/uploads\/2023\/06\/Logo-KanakyDesign-circular-negro-1.png","width":2000,"height":2000,"caption":"KanakyDesign Enclosures"},"image":{"@id":"https:\/\/kanakydesign.com\/#\/schema\/logo\/image\/"}}]}},"_links":{"self":[{"href":"https:\/\/kanakydesign.com\/fr\/wp-json\/wp\/v2\/product\/949","targetHints":{"allow":["GET"]}}],"collection":[{"href":"https:\/\/kanakydesign.com\/fr\/wp-json\/wp\/v2\/product"}],"about":[{"href":"https:\/\/kanakydesign.com\/fr\/wp-json\/wp\/v2\/types\/product"}],"wp:featuredmedia":[{"embeddable":true,"href":"https:\/\/kanakydesign.com\/fr\/wp-json\/wp\/v2\/media\/1177"}],"wp:attachment":[{"href":"https:\/\/kanakydesign.com\/fr\/wp-json\/wp\/v2\/media?parent=949"}],"wp:term":[{"taxonomy":"product_brand","embeddable":true,"href":"https:\/\/kanakydesign.com\/fr\/wp-json\/wp\/v2\/product_brand?post=949"},{"taxonomy":"product_cat","embeddable":true,"href":"https:\/\/kanakydesign.com\/fr\/wp-json\/wp\/v2\/product_cat?post=949"},{"taxonomy":"product_tag","embeddable":true,"href":"https:\/\/kanakydesign.com\/fr\/wp-json\/wp\/v2\/product_tag?post=949"}],"curies":[{"name":"wp","href":"https:\/\/api.w.org\/{rel}","templated":true}]}}