{"id":948,"date":"2023-08-13T08:46:15","date_gmt":"2023-08-13T08:46:15","guid":{"rendered":"https:\/\/kanakydesign.com\/?post_type=product&#038;p=948"},"modified":"2024-09-24T13:29:23","modified_gmt":"2024-09-24T13:29:23","slug":"desertico-m","status":"publish","type":"product","link":"https:\/\/kanakydesign.com\/fr\/produit\/desertico-m\/","title":{"rendered":"D\u00e9sert M"},"content":{"rendered":"","protected":false},"excerpt":{"rendered":"<p>Terrarium sp\u00e9cialement con\u00e7u pour les esp\u00e8ces telles que <em>Pogona vitticeps, Uromastyx sp., Crotaphytus sp.<\/em>Il sera donc essentiel de fournir une bonne source de rayonnement ultraviolet et une source de chaleur atteignant 35-40\u00baC \u00e0 l'une des extr\u00e9mit\u00e9s du terrarium pour g\u00e9n\u00e9rer un gradient de temp\u00e9rature. Les temp\u00e9ratures minimales pendant la nuit devraient se situer autour de 18-20\u00baC. L'utilisation de thermostats jour\/nuit pour le contr\u00f4le de la temp\u00e9rature est toujours fortement recommand\u00e9e.<\/p>\n<p>Il comprend<\/p>\n<ul>\n<li>Terrarium 100x50x50 cm<\/li>\n<li>Ecran UV 39w 12%<\/li>\n<li>Douille droite en c\u00e9ramique<\/li>\n<li>Ampoule c\u00e9ramique 100w<\/li>\n<li>Thermostat num\u00e9rique jour\/nuit<\/li>\n<\/ul>\n<p>&nbsp;<\/p>","protected":false},"featured_media":1356,"template":"","meta":[],"product_brand":[],"product_cat":[57,22],"product_tag":[154,152,153],"class_list":{"0":"post-948","1":"product","2":"type-product","3":"status-publish","4":"has-post-thumbnail","6":"product_cat-kit-completo","7":"product_cat-terrarios","8":"product_tag-crotaphytus","9":"product_tag-pogona","10":"product_tag-uromastyx","11":"product_shipping_class-terrarios","13":"first","14":"instock","15":"taxable","16":"shipping-taxable","17":"purchasable","18":"product-type-composite"},"yoast_head":"<!-- This site is optimized with the Yoast SEO plugin v27.3 - https:\/\/yoast.com\/product\/yoast-seo-wordpress\/ -->\n<title>Des\u00e9rtico M | KanakyDesign Enclosures<\/title>\n<meta name=\"robots\" content=\"index, follow, max-snippet:-1, max-image-preview:large, max-video-preview:-1\" \/>\n<link rel=\"canonical\" href=\"https:\/\/kanakydesign.com\/fr\/produit\/desertico-m\/\" \/>\n<meta property=\"og:locale\" content=\"fr_FR\" \/>\n<meta property=\"og:type\" content=\"article\" \/>\n<meta property=\"og:title\" content=\"Des\u00e9rtico M | KanakyDesign Enclosures\" \/>\n<meta property=\"og:description\" content=\"Terrario especialmente dise\u00f1ado para especies como Pogona vitticeps, Uromastyx sp., Crotaphytus sp. o similares que habitan en la naturaleza zonas des\u00e9rticas y semides\u00e9rticas, por lo que ser\u00e1 imprescindible aportar una buena fuente de radiaci\u00f3n ultravioleta y un foco de calor que alcance los 35-40\u00baC en un extremo del terrario para generar un gradiente de temperatura. Las temperaturas m\u00ednimas durante la noche rondar\u00e1n los 18-20\u00baC. Siempre muy recomendable el uso de termostatos d\u00eda\/noche para el control de la temperatura.  Incluye:   Terrario 100x50x50 cm  Pantalla UV 39w 12%  Casquillo cer\u00e1mico recto  Bombilla cer\u00e1mica 100w  Termostato digital d\u00eda\/noche  &nbsp;\" \/>\n<meta property=\"og:url\" content=\"https:\/\/kanakydesign.com\/fr\/produit\/desertico-m\/\" \/>\n<meta property=\"og:site_name\" content=\"KanakyDesign Enclosures\" \/>\n<meta property=\"article:modified_time\" content=\"2024-09-24T13:29:23+00:00\" \/>\n<meta property=\"og:image\" content=\"https:\/\/kanakydesign.com\/wp-content\/uploads\/2023\/08\/bicho-con-piedra-sat-scaled.jpg\" \/>\n\t<meta property=\"og:image:width\" content=\"2560\" \/>\n\t<meta property=\"og:image:height\" content=\"2560\" \/>\n\t<meta property=\"og:image:type\" content=\"image\/jpeg\" \/>\n<meta name=\"twitter:card\" content=\"summary_large_image\" \/>\n<script type=\"application\/ld+json\" class=\"yoast-schema-graph\">{\"@context\":\"https:\\\/\\\/schema.org\",\"@graph\":[{\"@type\":\"WebPage\",\"@id\":\"https:\\\/\\\/kanakydesign.com\\\/producto\\\/desertico-m\\\/\",\"url\":\"https:\\\/\\\/kanakydesign.com\\\/producto\\\/desertico-m\\\/\",\"name\":\"Des\u00e9rtico M | KanakyDesign Enclosures\",\"isPartOf\":{\"@id\":\"https:\\\/\\\/kanakydesign.com\\\/#website\"},\"primaryImageOfPage\":{\"@id\":\"https:\\\/\\\/kanakydesign.com\\\/producto\\\/desertico-m\\\/#primaryimage\"},\"image\":{\"@id\":\"https:\\\/\\\/kanakydesign.com\\\/producto\\\/desertico-m\\\/#primaryimage\"},\"thumbnailUrl\":\"https:\\\/\\\/kanakydesign.com\\\/wp-content\\\/uploads\\\/2023\\\/08\\\/bicho-con-piedra-sat-scaled.jpg\",\"datePublished\":\"2023-08-13T08:46:15+00:00\",\"dateModified\":\"2024-09-24T13:29:23+00:00\",\"breadcrumb\":{\"@id\":\"https:\\\/\\\/kanakydesign.com\\\/producto\\\/desertico-m\\\/#breadcrumb\"},\"inLanguage\":\"fr-FR\",\"potentialAction\":[{\"@type\":\"ReadAction\",\"target\":[\"https:\\\/\\\/kanakydesign.com\\\/producto\\\/desertico-m\\\/\"]}]},{\"@type\":\"ImageObject\",\"inLanguage\":\"fr-FR\",\"@id\":\"https:\\\/\\\/kanakydesign.com\\\/producto\\\/desertico-m\\\/#primaryimage\",\"url\":\"https:\\\/\\\/kanakydesign.com\\\/wp-content\\\/uploads\\\/2023\\\/08\\\/bicho-con-piedra-sat-scaled.jpg\",\"contentUrl\":\"https:\\\/\\\/kanakydesign.com\\\/wp-content\\\/uploads\\\/2023\\\/08\\\/bicho-con-piedra-sat-scaled.jpg\",\"width\":2560,\"height\":2560},{\"@type\":\"BreadcrumbList\",\"@id\":\"https:\\\/\\\/kanakydesign.com\\\/producto\\\/desertico-m\\\/#breadcrumb\",\"itemListElement\":[{\"@type\":\"ListItem\",\"position\":1,\"name\":\"Portada\",\"item\":\"https:\\\/\\\/kanakydesign.com\\\/\"},{\"@type\":\"ListItem\",\"position\":2,\"name\":\"Tienda\",\"item\":\"https:\\\/\\\/kanakydesign.com\\\/tienda\\\/\"},{\"@type\":\"ListItem\",\"position\":3,\"name\":\"Des\u00e9rtico M\"}]},{\"@type\":\"WebSite\",\"@id\":\"https:\\\/\\\/kanakydesign.com\\\/#website\",\"url\":\"https:\\\/\\\/kanakydesign.com\\\/\",\"name\":\"KanakyDesign Enclosures\",\"description\":\"Become a professional keeper\",\"publisher\":{\"@id\":\"https:\\\/\\\/kanakydesign.com\\\/#organization\"},\"alternateName\":\"KanakyDesign\",\"potentialAction\":[{\"@type\":\"SearchAction\",\"target\":{\"@type\":\"EntryPoint\",\"urlTemplate\":\"https:\\\/\\\/kanakydesign.com\\\/?s={search_term_string}\"},\"query-input\":{\"@type\":\"PropertyValueSpecification\",\"valueRequired\":true,\"valueName\":\"search_term_string\"}}],\"inLanguage\":\"fr-FR\"},{\"@type\":\"Organization\",\"@id\":\"https:\\\/\\\/kanakydesign.com\\\/#organization\",\"name\":\"KanakyDesign Enclosures\",\"alternateName\":\"KanakyDesign\",\"url\":\"https:\\\/\\\/kanakydesign.com\\\/\",\"logo\":{\"@type\":\"ImageObject\",\"inLanguage\":\"fr-FR\",\"@id\":\"https:\\\/\\\/kanakydesign.com\\\/#\\\/schema\\\/logo\\\/image\\\/\",\"url\":\"https:\\\/\\\/kanakydesign.com\\\/wp-content\\\/uploads\\\/2023\\\/06\\\/Logo-KanakyDesign-circular-negro-1.png\",\"contentUrl\":\"https:\\\/\\\/kanakydesign.com\\\/wp-content\\\/uploads\\\/2023\\\/06\\\/Logo-KanakyDesign-circular-negro-1.png\",\"width\":2000,\"height\":2000,\"caption\":\"KanakyDesign Enclosures\"},\"image\":{\"@id\":\"https:\\\/\\\/kanakydesign.com\\\/#\\\/schema\\\/logo\\\/image\\\/\"}}]}<\/script>\n<!-- \/ Yoast SEO plugin. -->","yoast_head_json":{"title":"Desert M | KanakyDesign Enclosures","robots":{"index":"index","follow":"follow","max-snippet":"max-snippet:-1","max-image-preview":"max-image-preview:large","max-video-preview":"max-video-preview:-1"},"canonical":"https:\/\/kanakydesign.com\/fr\/produit\/desertico-m\/","og_locale":"fr_FR","og_type":"article","og_title":"Des\u00e9rtico M | KanakyDesign Enclosures","og_description":"Terrario especialmente dise\u00f1ado para especies como Pogona vitticeps, Uromastyx sp., Crotaphytus sp. o similares que habitan en la naturaleza zonas des\u00e9rticas y semides\u00e9rticas, por lo que ser\u00e1 imprescindible aportar una buena fuente de radiaci\u00f3n ultravioleta y un foco de calor que alcance los 35-40\u00baC en un extremo del terrario para generar un gradiente de temperatura. Las temperaturas m\u00ednimas durante la noche rondar\u00e1n los 18-20\u00baC. Siempre muy recomendable el uso de termostatos d\u00eda\/noche para el control de la temperatura.  Incluye:   Terrario 100x50x50 cm  Pantalla UV 39w 12%  Casquillo cer\u00e1mico recto  Bombilla cer\u00e1mica 100w  Termostato digital d\u00eda\/noche  &nbsp;","og_url":"https:\/\/kanakydesign.com\/fr\/produit\/desertico-m\/","og_site_name":"KanakyDesign Enclosures","article_modified_time":"2024-09-24T13:29:23+00:00","og_image":[{"width":2560,"height":2560,"url":"https:\/\/kanakydesign.com\/wp-content\/uploads\/2023\/08\/bicho-con-piedra-sat-scaled.jpg","type":"image\/jpeg"}],"twitter_card":"summary_large_image","schema":{"@context":"https:\/\/schema.org","@graph":[{"@type":"WebPage","@id":"https:\/\/kanakydesign.com\/producto\/desertico-m\/","url":"https:\/\/kanakydesign.com\/producto\/desertico-m\/","name":"Desert M | KanakyDesign Enclosures","isPartOf":{"@id":"https:\/\/kanakydesign.com\/#website"},"primaryImageOfPage":{"@id":"https:\/\/kanakydesign.com\/producto\/desertico-m\/#primaryimage"},"image":{"@id":"https:\/\/kanakydesign.com\/producto\/desertico-m\/#primaryimage"},"thumbnailUrl":"https:\/\/kanakydesign.com\/wp-content\/uploads\/2023\/08\/bicho-con-piedra-sat-scaled.jpg","datePublished":"2023-08-13T08:46:15+00:00","dateModified":"2024-09-24T13:29:23+00:00","breadcrumb":{"@id":"https:\/\/kanakydesign.com\/producto\/desertico-m\/#breadcrumb"},"inLanguage":"fr-FR","potentialAction":[{"@type":"ReadAction","target":["https:\/\/kanakydesign.com\/producto\/desertico-m\/"]}]},{"@type":"ImageObject","inLanguage":"fr-FR","@id":"https:\/\/kanakydesign.com\/producto\/desertico-m\/#primaryimage","url":"https:\/\/kanakydesign.com\/wp-content\/uploads\/2023\/08\/bicho-con-piedra-sat-scaled.jpg","contentUrl":"https:\/\/kanakydesign.com\/wp-content\/uploads\/2023\/08\/bicho-con-piedra-sat-scaled.jpg","width":2560,"height":2560},{"@type":"BreadcrumbList","@id":"https:\/\/kanakydesign.com\/producto\/desertico-m\/#breadcrumb","itemListElement":[{"@type":"ListItem","position":1,"name":"Portada","item":"https:\/\/kanakydesign.com\/"},{"@type":"ListItem","position":2,"name":"Tienda","item":"https:\/\/kanakydesign.com\/tienda\/"},{"@type":"ListItem","position":3,"name":"Des\u00e9rtico M"}]},{"@type":"WebSite","@id":"https:\/\/kanakydesign.com\/#website","url":"https:\/\/kanakydesign.com\/","name":"KanakyDesign Enclosures","description":"Become a professional keeper","publisher":{"@id":"https:\/\/kanakydesign.com\/#organization"},"alternateName":"KanakyDesign","potentialAction":[{"@type":"SearchAction","target":{"@type":"EntryPoint","urlTemplate":"https:\/\/kanakydesign.com\/?s={search_term_string}"},"query-input":{"@type":"PropertyValueSpecification","valueRequired":true,"valueName":"search_term_string"}}],"inLanguage":"fr-FR"},{"@type":"Organization","@id":"https:\/\/kanakydesign.com\/#organization","name":"KanakyDesign Enclosures","alternateName":"KanakyDesign","url":"https:\/\/kanakydesign.com\/","logo":{"@type":"ImageObject","inLanguage":"fr-FR","@id":"https:\/\/kanakydesign.com\/#\/schema\/logo\/image\/","url":"https:\/\/kanakydesign.com\/wp-content\/uploads\/2023\/06\/Logo-KanakyDesign-circular-negro-1.png","contentUrl":"https:\/\/kanakydesign.com\/wp-content\/uploads\/2023\/06\/Logo-KanakyDesign-circular-negro-1.png","width":2000,"height":2000,"caption":"KanakyDesign Enclosures"},"image":{"@id":"https:\/\/kanakydesign.com\/#\/schema\/logo\/image\/"}}]}},"_links":{"self":[{"href":"https:\/\/kanakydesign.com\/fr\/wp-json\/wp\/v2\/product\/948","targetHints":{"allow":["GET"]}}],"collection":[{"href":"https:\/\/kanakydesign.com\/fr\/wp-json\/wp\/v2\/product"}],"about":[{"href":"https:\/\/kanakydesign.com\/fr\/wp-json\/wp\/v2\/types\/product"}],"wp:featuredmedia":[{"embeddable":true,"href":"https:\/\/kanakydesign.com\/fr\/wp-json\/wp\/v2\/media\/1356"}],"wp:attachment":[{"href":"https:\/\/kanakydesign.com\/fr\/wp-json\/wp\/v2\/media?parent=948"}],"wp:term":[{"taxonomy":"product_brand","embeddable":true,"href":"https:\/\/kanakydesign.com\/fr\/wp-json\/wp\/v2\/product_brand?post=948"},{"taxonomy":"product_cat","embeddable":true,"href":"https:\/\/kanakydesign.com\/fr\/wp-json\/wp\/v2\/product_cat?post=948"},{"taxonomy":"product_tag","embeddable":true,"href":"https:\/\/kanakydesign.com\/fr\/wp-json\/wp\/v2\/product_tag?post=948"}],"curies":[{"name":"wp","href":"https:\/\/api.w.org\/{rel}","templated":true}]}}