{"id":652,"date":"2023-07-01T10:47:34","date_gmt":"2023-07-01T10:47:34","guid":{"rendered":"https:\/\/kanakydesign.com\/?post_type=product&#038;p=652"},"modified":"2026-02-08T00:31:22","modified_gmt":"2026-02-08T00:31:22","slug":"soporte-bomba-vibracion-pareja","status":"publish","type":"product","link":"https:\/\/kanakydesign.com\/fr\/produit\/soporte-bomba-vibracion-pareja\/","title":{"rendered":"Support de pompe \u00e0 vibration (paire)"},"content":{"rendered":"<p data-start=\"173\" data-end=\"538\">Le <strong data-start=\"177\" data-end=\"247\">supports en caoutchouc pour la pompe ULKA du syst\u00e8me d'eau de pluie pour terrarium<\/strong> sont un petit accessoire, mais tr\u00e8s important si vous voulez une monture plus silencieuse, plus stable et plus \u201cpro\u201d. Ils sont con\u00e7us pour <strong data-start=\"370\" data-end=\"398\">vissage de la pompe ULKA<\/strong> au terrarium (ou \u00e0 un support technique\/meuble) r\u00e9duisant les vibrations et donc le bruit g\u00e9n\u00e9r\u00e9 par la pompe lorsqu'elle fonctionne.<\/p>\n<p data-start=\"540\" data-end=\"916\">Dans les syst\u00e8mes de pluie \u00e0 pompe vibrante, une partie du son provient non seulement du moteur, mais aussi de la fa\u00e7on dont la vibration est transmise au bois, au verre ou \u00e0 la structure sur laquelle il est mont\u00e9. Avec ces <strong data-start=\"731\" data-end=\"757\">supports anti-vibration<\/strong>, La pompe est mieux isol\u00e9e et le bruit per\u00e7u est souvent r\u00e9duit de mani\u00e8re significative, en particulier dans les installations int\u00e9rieures (salles de s\u00e9jour, chambres \u00e0 coucher ou biblioth\u00e8ques).<\/p>\n<h2 data-start=\"918\" data-end=\"963\">\u00c0 quoi servent ces supports en caoutchouc ?<\/h2>\n<p data-start=\"964\" data-end=\"1018\">En installant la pompe avec du caoutchouc anti-vibration, vous obtenez.. :<\/p>\n<ul data-start=\"1019\" data-end=\"1228\">\n<li data-start=\"1019\" data-end=\"1057\">\n<p data-start=\"1021\" data-end=\"1057\"><strong data-start=\"1021\" data-end=\"1036\">moins de bruit<\/strong> pendant l'irrigation<\/p>\n<\/li>\n<li data-start=\"1058\" data-end=\"1111\">\n<p data-start=\"1060\" data-end=\"1111\">moins de transmission de vibrations aux meubles\/terrariums<\/p>\n<\/li>\n<li data-start=\"1112\" data-end=\"1182\">\n<p data-start=\"1114\" data-end=\"1182\">une fixation plus s\u00fbre (\u00e9vite que la pompe ne \u201cdanse\u201d au fil du temps)<\/p>\n<\/li>\n<li data-start=\"1183\" data-end=\"1228\">\n<p data-start=\"1185\" data-end=\"1228\">une installation plus ordonn\u00e9e et plus facile \u00e0 entretenir<\/p>\n<\/li>\n<\/ul>\n<p data-start=\"1230\" data-end=\"1351\">Cette fonction est particuli\u00e8rement utile si vous pr\u00e9voyez plusieurs arrosages courts par jour et que vous ne voulez pas que le d\u00e9marrage de la pompe soit g\u00eanant.<\/p>\n<h2 data-start=\"1353\" data-end=\"1414\">\ud83d\udd27 Installation : visser la pompe \u00e0 l'endroit qui vous convient le mieux<\/h2>\n<p data-start=\"1415\" data-end=\"1527\">Ces <strong data-start=\"1421\" data-end=\"1452\">Supports de pompe en caoutchouc ULKA<\/strong> sont con\u00e7us pour un montage par boulonnage, ce qui permet de fixer la pompe :<\/p>\n<ul data-start=\"1528\" data-end=\"1642\">\n<li data-start=\"1528\" data-end=\"1571\">\n<p data-start=\"1530\" data-end=\"1571\">sur le c\u00f4t\u00e9 ou \u00e0 l'arri\u00e8re d'un meuble<\/p>\n<\/li>\n<li data-start=\"1572\" data-end=\"1594\">\n<p data-start=\"1574\" data-end=\"1594\">\u00e0 une base technique<\/p>\n<\/li>\n<li data-start=\"1595\" data-end=\"1642\">\n<p data-start=\"1597\" data-end=\"1642\">\u00e0 une structure auxiliaire \u00e0 c\u00f4t\u00e9 du terrarium<\/p>\n<\/li>\n<\/ul>\n<p data-start=\"1644\" data-end=\"1757\">La pompe se trouve ainsi dans une position stable, avec un meilleur acc\u00e8s aux tuyaux et aux raccords, et avec moins de vibrations transmises.<\/p>\n<h2 data-start=\"1759\" data-end=\"1824\">Recommand\u00e9 pour les syst\u00e8mes de pluie dans les terrariums tropicaux<\/h2>\n<p data-start=\"1825\" data-end=\"2065\">Dans les terrariums tropicaux ou bioactifs, o\u00f9 la brumisation est fr\u00e9quente, toute am\u00e9lioration du bruit est la bienvenue. En outre, une fixation solide permet de prot\u00e9ger le circuit de tuyaux et les raccords contre les tiraillements r\u00e9p\u00e9t\u00e9s ou les micro-mouvements.<\/p>\n<p data-start=\"2067\" data-end=\"2169\">\ud83d\udc49 Vous trouverez d'autres pi\u00e8ces d\u00e9tach\u00e9es et composants du syst\u00e8me de pluie sur le site suivant <strong data-start=\"2133\" data-end=\"2168\"><a class=\"decorated-link\" href=\"https:\/\/kanakydesign.com\/fr\/categoria\/accesorios\/sistemas-de-lluvia\/\" target=\"_new\" rel=\"noopener\" data-start=\"2135\" data-end=\"2166\">https:\/\/www.kanakydesign.com\/<\/a><\/strong>.<\/p>\n<p data-start=\"2171\" data-end=\"2359\"><strong data-start=\"2171\" data-end=\"2183\">Le Conseil :<\/strong> si vous souhaitez \u00e9galement r\u00e9duire le bruit, \u00e9vitez que la pompe ne touche directement les parois de l'armoire et laissez un petit espace dans les tuyaux afin qu'ils ne transmettent pas les vibrations comme un \u201cpont\u201d.<\/p>","protected":false},"excerpt":{"rendered":"<p>Supports en caoutchouc pour visser la pompe du syst\u00e8me de pluie ULKA au terrarium ou \u00e0 tout autre support. Fabriqu\u00e9s dans un mat\u00e9riau qui absorbe les vibrations de la pompe, r\u00e9duisant ainsi le bruit qu'elle \u00e9met lorsqu'elle fonctionne.<\/p>","protected":false},"featured_media":1111,"template":"","meta":[],"product_brand":[],"product_cat":[23,27],"product_tag":[399,463,462,460,458,461,459,456,455,457,454,464],"class_list":{"0":"post-652","1":"product","2":"type-product","3":"status-publish","4":"has-post-thumbnail","6":"product_cat-accesorios","7":"product_cat-sistemas-de-lluvia","8":"product_tag-accesorios-sistema-de-lluvia-terrario","9":"product_tag-aislamiento-vibraciones-bomba","10":"product_tag-amortiguador-vibracion-bomba","11":"product_tag-montaje-bomba-ulka","12":"product_tag-reducir-ruido-bomba-terrario","13":"product_tag-repuesto-soporte-bomba","14":"product_tag-soporte-bomba-ulka-terrario","15":"product_tag-soporte-goma-bomba-vibracion","16":"product_tag-soportes-antivibracion-bomba-ulka","17":"product_tag-soportes-bomba-sistema-de-lluvia","18":"product_tag-soportes-goma-bomba-ulka","19":"product_tag-soportes-goma-sistema-lluvia","20":"product_shipping_class-accesorios","22":"first","23":"instock","24":"taxable","25":"shipping-taxable","26":"purchasable","27":"product-type-simple"},"yoast_head":"<!-- This site is optimized with the Yoast SEO plugin v27.3 - https:\/\/yoast.com\/product\/yoast-seo-wordpress\/ -->\n<title>Soporte bomba vibraci\u00f3n (pareja) | KanakyDesign Enclosures<\/title>\n<meta name=\"description\" content=\"Soportes goma bomba ULKA para sistema de lluvia en terrario. Se atornillan y absorben vibraciones, reduciendo el ruido y mejorando la estabilidad.\" \/>\n<meta name=\"robots\" content=\"index, follow, max-snippet:-1, max-image-preview:large, max-video-preview:-1\" \/>\n<link rel=\"canonical\" href=\"https:\/\/kanakydesign.com\/fr\/produit\/soporte-bomba-vibracion-pareja\/\" \/>\n<meta property=\"og:locale\" content=\"fr_FR\" \/>\n<meta property=\"og:type\" content=\"article\" \/>\n<meta property=\"og:title\" content=\"Soporte bomba vibraci\u00f3n (pareja) | KanakyDesign Enclosures\" \/>\n<meta property=\"og:description\" content=\"Soportes goma bomba ULKA para sistema de lluvia en terrario. Se atornillan y absorben vibraciones, reduciendo el ruido y mejorando la estabilidad.\" \/>\n<meta property=\"og:url\" content=\"https:\/\/kanakydesign.com\/fr\/produit\/soporte-bomba-vibracion-pareja\/\" \/>\n<meta property=\"og:site_name\" content=\"KanakyDesign Enclosures\" \/>\n<meta property=\"article:modified_time\" content=\"2026-02-08T00:31:22+00:00\" \/>\n<meta property=\"og:image\" content=\"https:\/\/kanakydesign.com\/wp-content\/uploads\/2023\/09\/DSC2872-scaled.jpg\" \/>\n\t<meta property=\"og:image:width\" content=\"2560\" \/>\n\t<meta property=\"og:image:height\" content=\"2560\" \/>\n\t<meta property=\"og:image:type\" content=\"image\/jpeg\" \/>\n<meta name=\"twitter:card\" content=\"summary_large_image\" \/>\n<meta name=\"twitter:label1\" content=\"Dur\u00e9e de lecture estim\u00e9e\" \/>\n\t<meta name=\"twitter:data1\" content=\"2 minutes\" \/>\n<script type=\"application\/ld+json\" class=\"yoast-schema-graph\">{\"@context\":\"https:\\\/\\\/schema.org\",\"@graph\":[{\"@type\":\"WebPage\",\"@id\":\"https:\\\/\\\/kanakydesign.com\\\/producto\\\/soporte-bomba-vibracion-pareja\\\/\",\"url\":\"https:\\\/\\\/kanakydesign.com\\\/producto\\\/soporte-bomba-vibracion-pareja\\\/\",\"name\":\"Soporte bomba vibraci\u00f3n (pareja) | KanakyDesign Enclosures\",\"isPartOf\":{\"@id\":\"https:\\\/\\\/kanakydesign.com\\\/#website\"},\"primaryImageOfPage\":{\"@id\":\"https:\\\/\\\/kanakydesign.com\\\/producto\\\/soporte-bomba-vibracion-pareja\\\/#primaryimage\"},\"image\":{\"@id\":\"https:\\\/\\\/kanakydesign.com\\\/producto\\\/soporte-bomba-vibracion-pareja\\\/#primaryimage\"},\"thumbnailUrl\":\"https:\\\/\\\/kanakydesign.com\\\/wp-content\\\/uploads\\\/2023\\\/09\\\/DSC2872-scaled.jpg\",\"datePublished\":\"2023-07-01T10:47:34+00:00\",\"dateModified\":\"2026-02-08T00:31:22+00:00\",\"description\":\"Soportes goma bomba ULKA para sistema de lluvia en terrario. Se atornillan y absorben vibraciones, reduciendo el ruido y mejorando la estabilidad.\",\"breadcrumb\":{\"@id\":\"https:\\\/\\\/kanakydesign.com\\\/producto\\\/soporte-bomba-vibracion-pareja\\\/#breadcrumb\"},\"inLanguage\":\"fr-FR\",\"potentialAction\":[{\"@type\":\"ReadAction\",\"target\":[\"https:\\\/\\\/kanakydesign.com\\\/producto\\\/soporte-bomba-vibracion-pareja\\\/\"]}]},{\"@type\":\"ImageObject\",\"inLanguage\":\"fr-FR\",\"@id\":\"https:\\\/\\\/kanakydesign.com\\\/producto\\\/soporte-bomba-vibracion-pareja\\\/#primaryimage\",\"url\":\"https:\\\/\\\/kanakydesign.com\\\/wp-content\\\/uploads\\\/2023\\\/09\\\/DSC2872-scaled.jpg\",\"contentUrl\":\"https:\\\/\\\/kanakydesign.com\\\/wp-content\\\/uploads\\\/2023\\\/09\\\/DSC2872-scaled.jpg\",\"width\":2560,\"height\":2560},{\"@type\":\"BreadcrumbList\",\"@id\":\"https:\\\/\\\/kanakydesign.com\\\/producto\\\/soporte-bomba-vibracion-pareja\\\/#breadcrumb\",\"itemListElement\":[{\"@type\":\"ListItem\",\"position\":1,\"name\":\"Portada\",\"item\":\"https:\\\/\\\/kanakydesign.com\\\/\"},{\"@type\":\"ListItem\",\"position\":2,\"name\":\"Tienda\",\"item\":\"https:\\\/\\\/kanakydesign.com\\\/tienda\\\/\"},{\"@type\":\"ListItem\",\"position\":3,\"name\":\"Soporte bomba vibraci\u00f3n (pareja)\"}]},{\"@type\":\"WebSite\",\"@id\":\"https:\\\/\\\/kanakydesign.com\\\/#website\",\"url\":\"https:\\\/\\\/kanakydesign.com\\\/\",\"name\":\"KanakyDesign Enclosures\",\"description\":\"Become a professional keeper\",\"publisher\":{\"@id\":\"https:\\\/\\\/kanakydesign.com\\\/#organization\"},\"alternateName\":\"KanakyDesign\",\"potentialAction\":[{\"@type\":\"SearchAction\",\"target\":{\"@type\":\"EntryPoint\",\"urlTemplate\":\"https:\\\/\\\/kanakydesign.com\\\/?s={search_term_string}\"},\"query-input\":{\"@type\":\"PropertyValueSpecification\",\"valueRequired\":true,\"valueName\":\"search_term_string\"}}],\"inLanguage\":\"fr-FR\"},{\"@type\":\"Organization\",\"@id\":\"https:\\\/\\\/kanakydesign.com\\\/#organization\",\"name\":\"KanakyDesign Enclosures\",\"alternateName\":\"KanakyDesign\",\"url\":\"https:\\\/\\\/kanakydesign.com\\\/\",\"logo\":{\"@type\":\"ImageObject\",\"inLanguage\":\"fr-FR\",\"@id\":\"https:\\\/\\\/kanakydesign.com\\\/#\\\/schema\\\/logo\\\/image\\\/\",\"url\":\"https:\\\/\\\/kanakydesign.com\\\/wp-content\\\/uploads\\\/2023\\\/06\\\/Logo-KanakyDesign-circular-negro-1.png\",\"contentUrl\":\"https:\\\/\\\/kanakydesign.com\\\/wp-content\\\/uploads\\\/2023\\\/06\\\/Logo-KanakyDesign-circular-negro-1.png\",\"width\":2000,\"height\":2000,\"caption\":\"KanakyDesign Enclosures\"},\"image\":{\"@id\":\"https:\\\/\\\/kanakydesign.com\\\/#\\\/schema\\\/logo\\\/image\\\/\"}}]}<\/script>\n<!-- \/ Yoast SEO plugin. -->","yoast_head_json":{"title":"Support de pompe \u00e0 vibration (paire) | KanakyDesign Enclosures","description":"Supports de pompe en caoutchouc ULKA pour syst\u00e8me de pluie pour terrarium. Ils sont viss\u00e9s et absorbent les vibrations, r\u00e9duisant ainsi le bruit et am\u00e9liorant la stabilit\u00e9.","robots":{"index":"index","follow":"follow","max-snippet":"max-snippet:-1","max-image-preview":"max-image-preview:large","max-video-preview":"max-video-preview:-1"},"canonical":"https:\/\/kanakydesign.com\/fr\/produit\/soporte-bomba-vibracion-pareja\/","og_locale":"fr_FR","og_type":"article","og_title":"Soporte bomba vibraci\u00f3n (pareja) | KanakyDesign Enclosures","og_description":"Soportes goma bomba ULKA para sistema de lluvia en terrario. Se atornillan y absorben vibraciones, reduciendo el ruido y mejorando la estabilidad.","og_url":"https:\/\/kanakydesign.com\/fr\/produit\/soporte-bomba-vibracion-pareja\/","og_site_name":"KanakyDesign Enclosures","article_modified_time":"2026-02-08T00:31:22+00:00","og_image":[{"width":2560,"height":2560,"url":"https:\/\/kanakydesign.com\/wp-content\/uploads\/2023\/09\/DSC2872-scaled.jpg","type":"image\/jpeg"}],"twitter_card":"summary_large_image","twitter_misc":{"Dur\u00e9e de lecture estim\u00e9e":"2 minutes"},"schema":{"@context":"https:\/\/schema.org","@graph":[{"@type":"WebPage","@id":"https:\/\/kanakydesign.com\/producto\/soporte-bomba-vibracion-pareja\/","url":"https:\/\/kanakydesign.com\/producto\/soporte-bomba-vibracion-pareja\/","name":"Support de pompe \u00e0 vibration (paire) | KanakyDesign Enclosures","isPartOf":{"@id":"https:\/\/kanakydesign.com\/#website"},"primaryImageOfPage":{"@id":"https:\/\/kanakydesign.com\/producto\/soporte-bomba-vibracion-pareja\/#primaryimage"},"image":{"@id":"https:\/\/kanakydesign.com\/producto\/soporte-bomba-vibracion-pareja\/#primaryimage"},"thumbnailUrl":"https:\/\/kanakydesign.com\/wp-content\/uploads\/2023\/09\/DSC2872-scaled.jpg","datePublished":"2023-07-01T10:47:34+00:00","dateModified":"2026-02-08T00:31:22+00:00","description":"Supports de pompe en caoutchouc ULKA pour syst\u00e8me de pluie pour terrarium. Ils sont viss\u00e9s et absorbent les vibrations, r\u00e9duisant ainsi le bruit et am\u00e9liorant la stabilit\u00e9.","breadcrumb":{"@id":"https:\/\/kanakydesign.com\/producto\/soporte-bomba-vibracion-pareja\/#breadcrumb"},"inLanguage":"fr-FR","potentialAction":[{"@type":"ReadAction","target":["https:\/\/kanakydesign.com\/producto\/soporte-bomba-vibracion-pareja\/"]}]},{"@type":"ImageObject","inLanguage":"fr-FR","@id":"https:\/\/kanakydesign.com\/producto\/soporte-bomba-vibracion-pareja\/#primaryimage","url":"https:\/\/kanakydesign.com\/wp-content\/uploads\/2023\/09\/DSC2872-scaled.jpg","contentUrl":"https:\/\/kanakydesign.com\/wp-content\/uploads\/2023\/09\/DSC2872-scaled.jpg","width":2560,"height":2560},{"@type":"BreadcrumbList","@id":"https:\/\/kanakydesign.com\/producto\/soporte-bomba-vibracion-pareja\/#breadcrumb","itemListElement":[{"@type":"ListItem","position":1,"name":"Portada","item":"https:\/\/kanakydesign.com\/"},{"@type":"ListItem","position":2,"name":"Tienda","item":"https:\/\/kanakydesign.com\/tienda\/"},{"@type":"ListItem","position":3,"name":"Soporte bomba vibraci\u00f3n (pareja)"}]},{"@type":"WebSite","@id":"https:\/\/kanakydesign.com\/#website","url":"https:\/\/kanakydesign.com\/","name":"KanakyDesign Enclosures","description":"Become a professional keeper","publisher":{"@id":"https:\/\/kanakydesign.com\/#organization"},"alternateName":"KanakyDesign","potentialAction":[{"@type":"SearchAction","target":{"@type":"EntryPoint","urlTemplate":"https:\/\/kanakydesign.com\/?s={search_term_string}"},"query-input":{"@type":"PropertyValueSpecification","valueRequired":true,"valueName":"search_term_string"}}],"inLanguage":"fr-FR"},{"@type":"Organization","@id":"https:\/\/kanakydesign.com\/#organization","name":"KanakyDesign Enclosures","alternateName":"KanakyDesign","url":"https:\/\/kanakydesign.com\/","logo":{"@type":"ImageObject","inLanguage":"fr-FR","@id":"https:\/\/kanakydesign.com\/#\/schema\/logo\/image\/","url":"https:\/\/kanakydesign.com\/wp-content\/uploads\/2023\/06\/Logo-KanakyDesign-circular-negro-1.png","contentUrl":"https:\/\/kanakydesign.com\/wp-content\/uploads\/2023\/06\/Logo-KanakyDesign-circular-negro-1.png","width":2000,"height":2000,"caption":"KanakyDesign Enclosures"},"image":{"@id":"https:\/\/kanakydesign.com\/#\/schema\/logo\/image\/"}}]}},"_links":{"self":[{"href":"https:\/\/kanakydesign.com\/fr\/wp-json\/wp\/v2\/product\/652","targetHints":{"allow":["GET"]}}],"collection":[{"href":"https:\/\/kanakydesign.com\/fr\/wp-json\/wp\/v2\/product"}],"about":[{"href":"https:\/\/kanakydesign.com\/fr\/wp-json\/wp\/v2\/types\/product"}],"wp:featuredmedia":[{"embeddable":true,"href":"https:\/\/kanakydesign.com\/fr\/wp-json\/wp\/v2\/media\/1111"}],"wp:attachment":[{"href":"https:\/\/kanakydesign.com\/fr\/wp-json\/wp\/v2\/media?parent=652"}],"wp:term":[{"taxonomy":"product_brand","embeddable":true,"href":"https:\/\/kanakydesign.com\/fr\/wp-json\/wp\/v2\/product_brand?post=652"},{"taxonomy":"product_cat","embeddable":true,"href":"https:\/\/kanakydesign.com\/fr\/wp-json\/wp\/v2\/product_cat?post=652"},{"taxonomy":"product_tag","embeddable":true,"href":"https:\/\/kanakydesign.com\/fr\/wp-json\/wp\/v2\/product_tag?post=652"}],"curies":[{"name":"wp","href":"https:\/\/api.w.org\/{rel}","templated":true}]}}