{"id":646,"date":"2023-07-01T10:46:58","date_gmt":"2023-07-01T10:46:58","guid":{"rendered":"https:\/\/kanakydesign.com\/?post_type=product&#038;p=646"},"modified":"2026-02-08T00:33:26","modified_gmt":"2026-02-08T00:33:26","slug":"tubo","status":"publish","type":"product","link":"https:\/\/kanakydesign.com\/fr\/produit\/tubo\/","title":{"rendered":"Tube"},"content":{"rendered":"<p data-start=\"181\" data-end=\"642\">Le <strong data-start=\"185\" data-end=\"229\">tubes pour syst\u00e8me de pluie pour terrarium<\/strong> sont le composant de base pour l'installation, l'extension ou la r\u00e9novation de toute installation de pulv\u00e9risation. Le choix du bon diam\u00e8tre est essentiel pour maintenir la pression, \u00e9viter les fuites et obtenir un jet fin et constant au niveau des buses. Dans cette option, vous pouvez s\u00e9lectionner le <strong data-start=\"501\" data-end=\"511\">m\u00e8tres<\/strong> vous avez besoin en fonction de votre installation : un seul terrarium, plusieurs terrariums reli\u00e9s entre eux ou une installation plus importante avec une pompe professionnelle.<\/p>\n<h2 data-start=\"644\" data-end=\"686\">De quel tuyau avez-vous besoin en fonction du syst\u00e8me ?<\/h2>\n<p data-start=\"687\" data-end=\"755\">Ces tubes sont utilis\u00e9s en fonction de la pompe et de la section du circuit :<\/p>\n<h3 data-start=\"757\" data-end=\"794\">\ud83d\udd39 tuyau de 4 mm (pompe \u2192 buses)<\/h3>\n<p data-start=\"795\" data-end=\"1046\">Les <strong data-start=\"798\" data-end=\"813\">Tube de 4 mm<\/strong> est utilis\u00e9 pour raccorder la pompe aux buses dans les syst\u00e8mes d'eau de pluie plus compacts, en particulier dans les configurations typiques des pompes ULKA. Il s'agit du diam\u00e8tre habituel dans les derni\u00e8res sections du circuit, \u00e0 proximit\u00e9 de l'arrosage.<\/p>\n<h3 data-start=\"1048\" data-end=\"1084\">\ud83d\udd39 Tube 8mm (r\u00e9servoir \u2192 pompe)<\/h3>\n<p data-start=\"1085\" data-end=\"1300\">Les <strong data-start=\"1088\" data-end=\"1103\">Tube de 8 mm<\/strong> relie les <strong data-start=\"1115\" data-end=\"1135\">r\u00e9servoir d'eau<\/strong> avec la pompe. Il s'agit d'une section importante car elle alimente l'entr\u00e9e du syst\u00e8me : une aspiration stable permet \u00e0 la pompe de mieux fonctionner et d'\u00e9viter les pertes de performance.<\/p>\n<h3 data-start=\"1302\" data-end=\"1364\">\ud83d\udd39 Tube de 6 mm et tube de 10 mm (syst\u00e8me de pompe \u00e0 membrane)<\/h3>\n<p data-start=\"1365\" data-end=\"1471\">Dans les syst\u00e8mes pluviaux avec <strong data-start=\"1395\" data-end=\"1417\">pompe \u00e0 membrane<\/strong> (cat\u00e9gorie plus professionnelle), sont normalement utilis\u00e9s :<\/p>\n<ul data-start=\"1472\" data-end=\"1585\">\n<li data-start=\"1472\" data-end=\"1522\">\n<p data-start=\"1474\" data-end=\"1522\"><strong data-start=\"1474\" data-end=\"1487\">Tube de 10 mm<\/strong> (entr\u00e9e\/aspiration de la pompe)<\/p>\n<\/li>\n<li data-start=\"1523\" data-end=\"1585\">\n<p data-start=\"1525\" data-end=\"1585\"><strong data-start=\"1525\" data-end=\"1537\">Tube de 6 mm<\/strong> (sortie\/pression vers le circuit de la buse)<\/p>\n<\/li>\n<\/ul>\n<p data-start=\"1587\" data-end=\"1698\">Cela permet une meilleure utilisation du d\u00e9bit et de la pression dans les installations comportant de nombreuses buses et de longues courses.<\/p>\n<h2 data-start=\"1700\" data-end=\"1765\">\ud83d\udca7 Principale recommandation : utiliser un r\u00e9servoir externe avec de l'eau claire.<\/h2>\n<p data-start=\"1766\" data-end=\"1943\">Pour prolonger la dur\u00e9e de vie du syst\u00e8me et r\u00e9duire le colmatage, <strong data-start=\"1818\" data-end=\"1901\">nous conseillons toujours que la source d'eau soit un r\u00e9servoir externe d'eau claire.<\/strong>, sans mati\u00e8res en suspension. Cela permet de :<\/p>\n<ul data-start=\"1944\" data-end=\"2130\">\n<li data-start=\"1944\" data-end=\"1988\">\n<p data-start=\"1946\" data-end=\"1988\">maintenir les buses en pulv\u00e9risation fine<\/p>\n<\/li>\n<li data-start=\"1989\" data-end=\"2029\">\n<p data-start=\"1991\" data-end=\"2029\">r\u00e9duire les blocages de particules<\/p>\n<\/li>\n<li data-start=\"2030\" data-end=\"2073\">\n<p data-start=\"2032\" data-end=\"2073\">\u00e9viter les d\u00e9p\u00f4ts dans les tuyaux et les raccords<\/p>\n<\/li>\n<li data-start=\"2074\" data-end=\"2130\">\n<p data-start=\"2076\" data-end=\"2130\">am\u00e9liorer la stabilit\u00e9 de l'irrigation dans le temps<\/p>\n<\/li>\n<\/ul>\n<h2 data-start=\"2132\" data-end=\"2188\">\ud83d\udccf Achetez au m\u00e8tre : adaptez l'installation \u00e0 votre terrarium<\/h2>\n<p data-start=\"2189\" data-end=\"2231\">S\u00e9lectionnez le nombre de m\u00e8tres dont vous avez besoin en fonction de vos besoins :<\/p>\n<ul data-start=\"2232\" data-end=\"2388\">\n<li data-start=\"2232\" data-end=\"2279\">\n<p data-start=\"2234\" data-end=\"2279\">le nombre et l'espacement des buses<\/p>\n<\/li>\n<li data-start=\"2280\" data-end=\"2327\">\n<p data-start=\"2282\" data-end=\"2327\">l'emplacement du r\u00e9servoir par rapport au terrarium<\/p>\n<\/li>\n<li data-start=\"2328\" data-end=\"2388\">\n<p data-start=\"2330\" data-end=\"2388\">si le syst\u00e8me est install\u00e9 dans une armoire technique, un rack ou une \u00e9tag\u00e8re<\/p>\n<\/li>\n<\/ul>\n<p data-start=\"2390\" data-end=\"2496\">\ud83d\udc49 Vous trouverez d'autres composants pour votre syst\u00e8me de pluie et des pi\u00e8ces de rechange sur le site suivant <strong data-start=\"2460\" data-end=\"2495\"><a class=\"decorated-link\" href=\"https:\/\/kanakydesign.com\/fr\/categoria\/accesorios\/sistemas-de-lluvia\/\" target=\"_new\" rel=\"noopener\" data-start=\"2462\" data-end=\"2493\">https:\/\/www.kanakydesign.com\/<\/a><\/strong>.<\/p>\n<p data-start=\"2498\" data-end=\"2637\"><strong data-start=\"2498\" data-end=\"2519\">Conseils pratiques :<\/strong> laissez toujours une petite marge de tuyau suppl\u00e9mentaire afin de pouvoir repositionner les buses ou effectuer l'entretien sans \u00eatre \u00e0 court.<\/p>","protected":false},"excerpt":{"rendered":"<p>Tuyaux n\u00e9cessaires pour le raccordement du syst\u00e8me d'eau de pluie. Le tuyau de 4 mm relie la pompe aux buses et le tuyau de 8 mm relie le r\u00e9servoir d'eau \u00e0 la pompe. Les tuyaux de 6 mm et 10 mm sont utilis\u00e9s dans le syst\u00e8me d'eau de pluie avec pompe \u00e0 membrane.<\/p>\n<p>Nous conseillons toujours que la source d'eau soit un r\u00e9servoir externe d'eau claire exempte de mati\u00e8res en suspension.<\/p>\n<p>S\u00e9lectionnez le nombre de m\u00e8tres dont vous avez besoin.<\/p>","protected":false},"featured_media":1117,"template":"","meta":[],"product_brand":[],"product_cat":[23,27],"product_tag":[476,477,471,475,470,469,466,468,467,474,473,472,465],"class_list":{"0":"post-646","1":"product","2":"type-product","3":"status-publish","4":"has-post-thumbnail","6":"product_cat-accesorios","7":"product_cat-sistemas-de-lluvia","8":"product_tag-accesorios-sistema-lluvia-terrario","9":"product_tag-compra-por-metros-tubo","10":"product_tag-manguera-sistema-de-lluvia","11":"product_tag-recambio-tuberia-sistema-lluvia","12":"product_tag-tuberia-terrario-riego-automatico","13":"product_tag-tubo-10mm-bomba-diafragma","14":"product_tag-tubo-4mm-sistema-lluvia","15":"product_tag-tubo-6mm-sistema-lluvia","16":"product_tag-tubo-8mm-deposito-bomba","17":"product_tag-tubo-bomba-diafragma","18":"product_tag-tubo-bomba-ulka","19":"product_tag-tubo-boquillas-terrario","20":"product_tag-tubos-sistema-de-lluvia-terrario","21":"product_shipping_class-accesorios","23":"first","24":"instock","25":"taxable","26":"shipping-taxable","27":"purchasable","28":"product-type-variable"},"yoast_head":"<!-- This site is optimized with the Yoast SEO plugin v27.3 - https:\/\/yoast.com\/product\/yoast-seo-wordpress\/ -->\n<title>Tubo | KanakyDesign Enclosures<\/title>\n<meta name=\"description\" content=\"Tubos sistema de lluvia terrario por metros. 4mm bomba\u2192boquillas, 8mm dep\u00f3sito\u2192bomba. En diafragma: 6mm y 10mm. Mejor con dep\u00f3sito externo de agua clara.\" \/>\n<meta name=\"robots\" content=\"index, follow, max-snippet:-1, max-image-preview:large, max-video-preview:-1\" \/>\n<link rel=\"canonical\" href=\"https:\/\/kanakydesign.com\/fr\/produit\/tubo\/\" \/>\n<meta property=\"og:locale\" content=\"fr_FR\" \/>\n<meta property=\"og:type\" content=\"article\" \/>\n<meta property=\"og:title\" content=\"Tubo | KanakyDesign Enclosures\" \/>\n<meta property=\"og:description\" content=\"Tubos sistema de lluvia terrario por metros. 4mm bomba\u2192boquillas, 8mm dep\u00f3sito\u2192bomba. En diafragma: 6mm y 10mm. Mejor con dep\u00f3sito externo de agua clara.\" \/>\n<meta property=\"og:url\" content=\"https:\/\/kanakydesign.com\/fr\/produit\/tubo\/\" \/>\n<meta property=\"og:site_name\" content=\"KanakyDesign Enclosures\" \/>\n<meta property=\"article:modified_time\" content=\"2026-02-08T00:33:26+00:00\" \/>\n<meta property=\"og:image\" content=\"https:\/\/kanakydesign.com\/wp-content\/uploads\/2023\/09\/DSC2888-scaled.jpg\" \/>\n\t<meta property=\"og:image:width\" content=\"2560\" \/>\n\t<meta property=\"og:image:height\" content=\"2560\" \/>\n\t<meta property=\"og:image:type\" content=\"image\/jpeg\" \/>\n<meta name=\"twitter:card\" content=\"summary_large_image\" \/>\n<meta name=\"twitter:label1\" content=\"Dur\u00e9e de lecture estim\u00e9e\" \/>\n\t<meta name=\"twitter:data1\" content=\"2 minutes\" \/>\n<script type=\"application\/ld+json\" class=\"yoast-schema-graph\">{\"@context\":\"https:\\\/\\\/schema.org\",\"@graph\":[{\"@type\":\"WebPage\",\"@id\":\"https:\\\/\\\/kanakydesign.com\\\/producto\\\/tubo\\\/\",\"url\":\"https:\\\/\\\/kanakydesign.com\\\/producto\\\/tubo\\\/\",\"name\":\"Tubo | KanakyDesign Enclosures\",\"isPartOf\":{\"@id\":\"https:\\\/\\\/kanakydesign.com\\\/#website\"},\"primaryImageOfPage\":{\"@id\":\"https:\\\/\\\/kanakydesign.com\\\/producto\\\/tubo\\\/#primaryimage\"},\"image\":{\"@id\":\"https:\\\/\\\/kanakydesign.com\\\/producto\\\/tubo\\\/#primaryimage\"},\"thumbnailUrl\":\"https:\\\/\\\/kanakydesign.com\\\/wp-content\\\/uploads\\\/2023\\\/09\\\/DSC2888-scaled.jpg\",\"datePublished\":\"2023-07-01T10:46:58+00:00\",\"dateModified\":\"2026-02-08T00:33:26+00:00\",\"description\":\"Tubos sistema de lluvia terrario por metros. 4mm bomba\u2192boquillas, 8mm dep\u00f3sito\u2192bomba. En diafragma: 6mm y 10mm. Mejor con dep\u00f3sito externo de agua clara.\",\"breadcrumb\":{\"@id\":\"https:\\\/\\\/kanakydesign.com\\\/producto\\\/tubo\\\/#breadcrumb\"},\"inLanguage\":\"fr-FR\",\"potentialAction\":[{\"@type\":\"ReadAction\",\"target\":[\"https:\\\/\\\/kanakydesign.com\\\/producto\\\/tubo\\\/\"]}]},{\"@type\":\"ImageObject\",\"inLanguage\":\"fr-FR\",\"@id\":\"https:\\\/\\\/kanakydesign.com\\\/producto\\\/tubo\\\/#primaryimage\",\"url\":\"https:\\\/\\\/kanakydesign.com\\\/wp-content\\\/uploads\\\/2023\\\/09\\\/DSC2888-scaled.jpg\",\"contentUrl\":\"https:\\\/\\\/kanakydesign.com\\\/wp-content\\\/uploads\\\/2023\\\/09\\\/DSC2888-scaled.jpg\",\"width\":2560,\"height\":2560},{\"@type\":\"BreadcrumbList\",\"@id\":\"https:\\\/\\\/kanakydesign.com\\\/producto\\\/tubo\\\/#breadcrumb\",\"itemListElement\":[{\"@type\":\"ListItem\",\"position\":1,\"name\":\"Portada\",\"item\":\"https:\\\/\\\/kanakydesign.com\\\/\"},{\"@type\":\"ListItem\",\"position\":2,\"name\":\"Tienda\",\"item\":\"https:\\\/\\\/kanakydesign.com\\\/tienda\\\/\"},{\"@type\":\"ListItem\",\"position\":3,\"name\":\"Tubo\"}]},{\"@type\":\"WebSite\",\"@id\":\"https:\\\/\\\/kanakydesign.com\\\/#website\",\"url\":\"https:\\\/\\\/kanakydesign.com\\\/\",\"name\":\"KanakyDesign Enclosures\",\"description\":\"Become a professional keeper\",\"publisher\":{\"@id\":\"https:\\\/\\\/kanakydesign.com\\\/#organization\"},\"alternateName\":\"KanakyDesign\",\"potentialAction\":[{\"@type\":\"SearchAction\",\"target\":{\"@type\":\"EntryPoint\",\"urlTemplate\":\"https:\\\/\\\/kanakydesign.com\\\/?s={search_term_string}\"},\"query-input\":{\"@type\":\"PropertyValueSpecification\",\"valueRequired\":true,\"valueName\":\"search_term_string\"}}],\"inLanguage\":\"fr-FR\"},{\"@type\":\"Organization\",\"@id\":\"https:\\\/\\\/kanakydesign.com\\\/#organization\",\"name\":\"KanakyDesign Enclosures\",\"alternateName\":\"KanakyDesign\",\"url\":\"https:\\\/\\\/kanakydesign.com\\\/\",\"logo\":{\"@type\":\"ImageObject\",\"inLanguage\":\"fr-FR\",\"@id\":\"https:\\\/\\\/kanakydesign.com\\\/#\\\/schema\\\/logo\\\/image\\\/\",\"url\":\"https:\\\/\\\/kanakydesign.com\\\/wp-content\\\/uploads\\\/2023\\\/06\\\/Logo-KanakyDesign-circular-negro-1.png\",\"contentUrl\":\"https:\\\/\\\/kanakydesign.com\\\/wp-content\\\/uploads\\\/2023\\\/06\\\/Logo-KanakyDesign-circular-negro-1.png\",\"width\":2000,\"height\":2000,\"caption\":\"KanakyDesign Enclosures\"},\"image\":{\"@id\":\"https:\\\/\\\/kanakydesign.com\\\/#\\\/schema\\\/logo\\\/image\\\/\"}}]}<\/script>\n<!-- \/ Yoast SEO plugin. -->","yoast_head_json":{"title":"Tube | KanakyDesign Enclosures","description":"Syst\u00e8me de pluie pour terrarium par m\u00e8tres. Pompe\u2192buses de 4 mm, r\u00e9servoir\u2192pompe de 8 mm. Dans le diaphragme : 6mm et 10mm. A utiliser de pr\u00e9f\u00e9rence avec un r\u00e9servoir d'eau claire externe.","robots":{"index":"index","follow":"follow","max-snippet":"max-snippet:-1","max-image-preview":"max-image-preview:large","max-video-preview":"max-video-preview:-1"},"canonical":"https:\/\/kanakydesign.com\/fr\/produit\/tubo\/","og_locale":"fr_FR","og_type":"article","og_title":"Tubo | KanakyDesign Enclosures","og_description":"Tubos sistema de lluvia terrario por metros. 4mm bomba\u2192boquillas, 8mm dep\u00f3sito\u2192bomba. En diafragma: 6mm y 10mm. Mejor con dep\u00f3sito externo de agua clara.","og_url":"https:\/\/kanakydesign.com\/fr\/produit\/tubo\/","og_site_name":"KanakyDesign Enclosures","article_modified_time":"2026-02-08T00:33:26+00:00","og_image":[{"width":2560,"height":2560,"url":"https:\/\/kanakydesign.com\/wp-content\/uploads\/2023\/09\/DSC2888-scaled.jpg","type":"image\/jpeg"}],"twitter_card":"summary_large_image","twitter_misc":{"Dur\u00e9e de lecture estim\u00e9e":"2 minutes"},"schema":{"@context":"https:\/\/schema.org","@graph":[{"@type":"WebPage","@id":"https:\/\/kanakydesign.com\/producto\/tubo\/","url":"https:\/\/kanakydesign.com\/producto\/tubo\/","name":"Tube | KanakyDesign Enclosures","isPartOf":{"@id":"https:\/\/kanakydesign.com\/#website"},"primaryImageOfPage":{"@id":"https:\/\/kanakydesign.com\/producto\/tubo\/#primaryimage"},"image":{"@id":"https:\/\/kanakydesign.com\/producto\/tubo\/#primaryimage"},"thumbnailUrl":"https:\/\/kanakydesign.com\/wp-content\/uploads\/2023\/09\/DSC2888-scaled.jpg","datePublished":"2023-07-01T10:46:58+00:00","dateModified":"2026-02-08T00:33:26+00:00","description":"Syst\u00e8me de pluie pour terrarium par m\u00e8tres. Pompe\u2192buses de 4 mm, r\u00e9servoir\u2192pompe de 8 mm. Dans le diaphragme : 6mm et 10mm. A utiliser de pr\u00e9f\u00e9rence avec un r\u00e9servoir d'eau claire externe.","breadcrumb":{"@id":"https:\/\/kanakydesign.com\/producto\/tubo\/#breadcrumb"},"inLanguage":"fr-FR","potentialAction":[{"@type":"ReadAction","target":["https:\/\/kanakydesign.com\/producto\/tubo\/"]}]},{"@type":"ImageObject","inLanguage":"fr-FR","@id":"https:\/\/kanakydesign.com\/producto\/tubo\/#primaryimage","url":"https:\/\/kanakydesign.com\/wp-content\/uploads\/2023\/09\/DSC2888-scaled.jpg","contentUrl":"https:\/\/kanakydesign.com\/wp-content\/uploads\/2023\/09\/DSC2888-scaled.jpg","width":2560,"height":2560},{"@type":"BreadcrumbList","@id":"https:\/\/kanakydesign.com\/producto\/tubo\/#breadcrumb","itemListElement":[{"@type":"ListItem","position":1,"name":"Portada","item":"https:\/\/kanakydesign.com\/"},{"@type":"ListItem","position":2,"name":"Tienda","item":"https:\/\/kanakydesign.com\/tienda\/"},{"@type":"ListItem","position":3,"name":"Tubo"}]},{"@type":"WebSite","@id":"https:\/\/kanakydesign.com\/#website","url":"https:\/\/kanakydesign.com\/","name":"KanakyDesign Enclosures","description":"Become a professional keeper","publisher":{"@id":"https:\/\/kanakydesign.com\/#organization"},"alternateName":"KanakyDesign","potentialAction":[{"@type":"SearchAction","target":{"@type":"EntryPoint","urlTemplate":"https:\/\/kanakydesign.com\/?s={search_term_string}"},"query-input":{"@type":"PropertyValueSpecification","valueRequired":true,"valueName":"search_term_string"}}],"inLanguage":"fr-FR"},{"@type":"Organization","@id":"https:\/\/kanakydesign.com\/#organization","name":"KanakyDesign Enclosures","alternateName":"KanakyDesign","url":"https:\/\/kanakydesign.com\/","logo":{"@type":"ImageObject","inLanguage":"fr-FR","@id":"https:\/\/kanakydesign.com\/#\/schema\/logo\/image\/","url":"https:\/\/kanakydesign.com\/wp-content\/uploads\/2023\/06\/Logo-KanakyDesign-circular-negro-1.png","contentUrl":"https:\/\/kanakydesign.com\/wp-content\/uploads\/2023\/06\/Logo-KanakyDesign-circular-negro-1.png","width":2000,"height":2000,"caption":"KanakyDesign Enclosures"},"image":{"@id":"https:\/\/kanakydesign.com\/#\/schema\/logo\/image\/"}}]}},"_links":{"self":[{"href":"https:\/\/kanakydesign.com\/fr\/wp-json\/wp\/v2\/product\/646","targetHints":{"allow":["GET"]}}],"collection":[{"href":"https:\/\/kanakydesign.com\/fr\/wp-json\/wp\/v2\/product"}],"about":[{"href":"https:\/\/kanakydesign.com\/fr\/wp-json\/wp\/v2\/types\/product"}],"wp:featuredmedia":[{"embeddable":true,"href":"https:\/\/kanakydesign.com\/fr\/wp-json\/wp\/v2\/media\/1117"}],"wp:attachment":[{"href":"https:\/\/kanakydesign.com\/fr\/wp-json\/wp\/v2\/media?parent=646"}],"wp:term":[{"taxonomy":"product_brand","embeddable":true,"href":"https:\/\/kanakydesign.com\/fr\/wp-json\/wp\/v2\/product_brand?post=646"},{"taxonomy":"product_cat","embeddable":true,"href":"https:\/\/kanakydesign.com\/fr\/wp-json\/wp\/v2\/product_cat?post=646"},{"taxonomy":"product_tag","embeddable":true,"href":"https:\/\/kanakydesign.com\/fr\/wp-json\/wp\/v2\/product_tag?post=646"}],"curies":[{"name":"wp","href":"https:\/\/api.w.org\/{rel}","templated":true}]}}