{"id":635,"date":"2023-07-01T10:39:38","date_gmt":"2023-07-01T10:39:38","guid":{"rendered":"https:\/\/kanakydesign.com\/?post_type=product&#038;p=635"},"modified":"2026-02-08T00:26:22","modified_gmt":"2026-02-08T00:26:22","slug":"sistema-de-lluvia-bomba-de-vibracion","status":"publish","type":"product","link":"https:\/\/kanakydesign.com\/fr\/produit\/sistema-de-lluvia-bomba-de-vibracion\/","title":{"rendered":"Syst\u00e8me de pr\u00e9cipitations Pompe \u00e0 vibration"},"content":{"rendered":"<p data-start=\"182\" data-end=\"639\">Les <strong data-start=\"185\" data-end=\"238\">syst\u00e8me de pluie complet pour terrarium tropical<\/strong> est le moyen le plus rapide et le plus facile d'automatiser l'humidit\u00e9 sans avoir \u00e0 se soucier des compatibilit\u00e9s, des pi\u00e8ces d\u00e9tach\u00e9es ou des demi-assemblages. Si vous souhaitez un terrarium tropical plus stable (des plantes plus saines, des mousses actives et un microclimat constant), ce syst\u00e8me de contr\u00f4le de l'humidit\u00e9 est id\u00e9al. <strong data-start=\"485\" data-end=\"527\">kit de syst\u00e8me de pluie pour terrarium<\/strong> comprend tout ce dont vous avez besoin pour le rendre op\u00e9rationnel d\u00e8s le premier jour : pompe, buses, tuyauterie et raccords.<\/p>\n<p data-start=\"641\" data-end=\"892\">La pulv\u00e9risation automatique permet de distribuer <strong data-start=\"689\" data-end=\"706\">irrigations courtes<\/strong> tout au long de la journ\u00e9e pour maintenir le bon niveau d'humidit\u00e9 sans que le substrat ne se gorge d'eau. Il est \u00e9galement id\u00e9al pour les paludariums et les terrariums bioactifs o\u00f9 la constance fait la diff\u00e9rence.<\/p>\n<h2 data-start=\"894\" data-end=\"942\">Qu'est-ce qui est inclus dans le syst\u00e8me de pluie complet ?<\/h2>\n<p data-start=\"943\" data-end=\"1022\">Ce kit est fourni avec les composants essentiels pour assembler le circuit d'irrigation :<\/p>\n<ul data-start=\"1024\" data-end=\"1384\">\n<li data-start=\"1024\" data-end=\"1098\">\n<p data-start=\"1026\" data-end=\"1098\"><strong data-start=\"1026\" data-end=\"1051\">X Buses anti-gouttes<\/strong> (pulv\u00e9risation fine + moins de gouttes lors de l'arr\u00eat)<\/p>\n<\/li>\n<li data-start=\"1099\" data-end=\"1163\">\n<p data-start=\"1101\" data-end=\"1163\"><strong data-start=\"1101\" data-end=\"1115\">Pompe ULKA<\/strong> (c\u0153ur du syst\u00e8me, pression pour les buses)<\/p>\n<\/li>\n<li data-start=\"1164\" data-end=\"1207\">\n<p data-start=\"1166\" data-end=\"1207\"><strong data-start=\"1166\" data-end=\"1179\">Tubes de 4 mm<\/strong> (section de la pompe \u2192 buses)<\/p>\n<\/li>\n<li data-start=\"1208\" data-end=\"1250\">\n<p data-start=\"1210\" data-end=\"1250\"><strong data-start=\"1210\" data-end=\"1223\">Tubes de 8 mm<\/strong> (section de la pompe \u2192 r\u00e9servoir)<\/p>\n<\/li>\n<li data-start=\"1251\" data-end=\"1316\">\n<p data-start=\"1253\" data-end=\"1316\"><strong data-start=\"1253\" data-end=\"1277\">Supports de pompe<\/strong> (installation plus stable et plus ordonn\u00e9e)<\/p>\n<\/li>\n<li data-start=\"1317\" data-end=\"1384\">\n<p data-start=\"1319\" data-end=\"1384\"><strong data-start=\"1319\" data-end=\"1344\">Connexions n\u00e9cessaires<\/strong> (pour organiser l'itin\u00e9raire d'irrigation)<\/p>\n<\/li>\n<\/ul>\n<p data-start=\"1386\" data-end=\"1597\">Ce kit vous permet d'installer le syst\u00e8me avec une seule pompe et de diffuser la brumisation dans les zones cl\u00e9s du terrarium : parois en mousse, feuilles, branches et d\u00e9coration, ce qui contribue \u00e0 maintenir une humidit\u00e9 plus uniforme.<\/p>\n<h2 data-start=\"1599\" data-end=\"1642\">\ud83d\udca7 Buses anti-gouttes - arrosage plus propre<\/h2>\n<p data-start=\"1643\" data-end=\"1886\">Les buses anti-gouttes sont con\u00e7ues pour r\u00e9duire les gouttes r\u00e9siduelles lorsque l'arrosage s'arr\u00eate. Cela permet de garder le terrarium plus propre, de r\u00e9duire les flaques d'eau et d'am\u00e9liorer le contr\u00f4le de l'humidit\u00e9, en particulier lorsque l'on pr\u00e9voit plusieurs arrosages par jour.<\/p>\n<h2 data-start=\"1888\" data-end=\"1929\">\ud83d\udee0\ufe0f Conseils d'utilisation (fortement recommand\u00e9)<\/h2>\n<p data-start=\"1930\" data-end=\"2244\">En r\u00e8gle g\u00e9n\u00e9rale, les syst\u00e8mes \u00e9quip\u00e9s de pompes ULKA fonctionnent le mieux lorsque la programmation est la suivante <strong data-start=\"2009\" data-end=\"2026\">irrigations courtes<\/strong> (par exemple 10-20 secondes) r\u00e9parties tout au long de la journ\u00e9e, en ajustant la fr\u00e9quence en fonction de la ventilation, de la temp\u00e9rature et de l'humidit\u00e9 de la pi\u00e8ce. Vous obtiendrez ainsi une stabilit\u00e9 sans forcer le syst\u00e8me et sans d\u00e9tremper le terrarium.<\/p>\n<p data-start=\"2246\" data-end=\"2363\">\ud83d\udc49 Vous pouvez compl\u00e9ter votre automatisation avec des contr\u00f4leurs\/temporisateurs de : <strong data-start=\"2327\" data-end=\"2362\"><a class=\"decorated-link\" href=\"https:\/\/kanakydesign.com\/fr\/categoria\/accesorios\/sistemas-de-lluvia\/\" target=\"_new\" rel=\"noopener\" data-start=\"2329\" data-end=\"2360\">https:\/\/www.kanakydesign.com\/<\/a><\/strong>.<\/p>\n<h2 data-start=\"2365\" data-end=\"2381\">\ud83c\udf3f Id\u00e9al pour<\/h2>\n<ul data-start=\"2382\" data-end=\"2530\">\n<li data-start=\"2382\" data-end=\"2419\">\n<p data-start=\"2384\" data-end=\"2419\">Terrariums tropicaux et bioactifs<\/p>\n<\/li>\n<li data-start=\"2420\" data-end=\"2455\">\n<p data-start=\"2422\" data-end=\"2455\">Paludarium avec plantes et mousses<\/p>\n<\/li>\n<li data-start=\"2456\" data-end=\"2530\">\n<p data-start=\"2458\" data-end=\"2530\">Assemblages o\u00f9 l'on a besoin d'une humidit\u00e9 constante sans pulv\u00e9risation manuelle.<\/p>\n<\/li>\n<\/ul>","protected":false},"excerpt":{"rendered":"<p>Si vous ne voulez pas vous compliquer la vie, le syst\u00e8me de pluie complet comprend tout ce dont vous avez besoin pour mettre en place votre syst\u00e8me d'arrosage pour terrarium tropical :<\/p>\n<ul>\n<li>X Buses anti-gouttes<\/li>\n<li>Pompe ULKA<\/li>\n<li>Tubes de 4 mm (pompe - buses) et de 8 mm (pompe - r\u00e9servoir)<\/li>\n<li>Supports de pompe<\/li>\n<li>Connexions n\u00e9cessaires<\/li>\n<\/ul>","protected":false},"featured_media":1116,"template":"","meta":[],"product_brand":[],"product_cat":[23,27],"product_tag":[227,448,447,453,446,375,424,363,445,444,451,452,449,450],"class_list":{"0":"post-635","1":"product","2":"type-product","3":"status-publish","4":"has-post-thumbnail","6":"product_cat-accesorios","7":"product_cat-sistemas-de-lluvia","8":"product_tag-automatizacion-terrario","9":"product_tag-bomba-ulka-sistema-de-lluvia","10":"product_tag-boquillas-antigoteo","11":"product_tag-humedad-terrario-tropical","12":"product_tag-kit-sistema-de-lluvia","13":"product_tag-nebulizacion-terrario","14":"product_tag-pulverizacion-terrario","15":"product_tag-riego-automatico-terrario","16":"product_tag-sistema-de-lluvia-terrario","17":"product_tag-sistema-de-lluvia-terrario-tropical","18":"product_tag-sistema-lluvia-bioactivo","19":"product_tag-sistema-lluvia-paludario","20":"product_tag-tuberia-4mm-terrario","21":"product_tag-tubo-8mm-deposito","22":"product_shipping_class-accesorios","24":"first","25":"instock","26":"taxable","27":"shipping-taxable","28":"purchasable","29":"product-type-variable"},"yoast_head":"<!-- This site is optimized with the Yoast SEO plugin v27.3 - https:\/\/yoast.com\/product\/yoast-seo-wordpress\/ -->\n<title>Sistema de lluvia Bomba de vibraci\u00f3n | KanakyDesign Enclosures<\/title>\n<meta name=\"description\" content=\"Sistema de lluvia terrario tropical completo: bomba ULKA, X boquillas antigoteo, tubos 4mm y 8mm, soportes y conexiones. Montaje f\u00e1cil y humedad estable.\" \/>\n<meta name=\"robots\" content=\"index, follow, max-snippet:-1, max-image-preview:large, max-video-preview:-1\" \/>\n<link rel=\"canonical\" href=\"https:\/\/kanakydesign.com\/fr\/produit\/sistema-de-lluvia-bomba-de-vibracion\/\" \/>\n<meta property=\"og:locale\" content=\"fr_FR\" \/>\n<meta property=\"og:type\" content=\"article\" \/>\n<meta property=\"og:title\" content=\"Sistema de lluvia Bomba de vibraci\u00f3n | KanakyDesign Enclosures\" \/>\n<meta property=\"og:description\" content=\"Sistema de lluvia terrario tropical completo: bomba ULKA, X boquillas antigoteo, tubos 4mm y 8mm, soportes y conexiones. Montaje f\u00e1cil y humedad estable.\" \/>\n<meta property=\"og:url\" content=\"https:\/\/kanakydesign.com\/fr\/produit\/sistema-de-lluvia-bomba-de-vibracion\/\" \/>\n<meta property=\"og:site_name\" content=\"KanakyDesign Enclosures\" \/>\n<meta property=\"article:modified_time\" content=\"2026-02-08T00:26:22+00:00\" \/>\n<meta property=\"og:image\" content=\"https:\/\/kanakydesign.com\/wp-content\/uploads\/2023\/09\/DSC2886-scaled.jpg\" \/>\n\t<meta property=\"og:image:width\" content=\"2560\" \/>\n\t<meta property=\"og:image:height\" content=\"2560\" \/>\n\t<meta property=\"og:image:type\" content=\"image\/jpeg\" \/>\n<meta name=\"twitter:card\" content=\"summary_large_image\" \/>\n<meta name=\"twitter:label1\" content=\"Dur\u00e9e de lecture estim\u00e9e\" \/>\n\t<meta name=\"twitter:data1\" content=\"2 minutes\" \/>\n<script type=\"application\/ld+json\" class=\"yoast-schema-graph\">{\"@context\":\"https:\\\/\\\/schema.org\",\"@graph\":[{\"@type\":\"WebPage\",\"@id\":\"https:\\\/\\\/kanakydesign.com\\\/producto\\\/sistema-de-lluvia-bomba-de-vibracion\\\/\",\"url\":\"https:\\\/\\\/kanakydesign.com\\\/producto\\\/sistema-de-lluvia-bomba-de-vibracion\\\/\",\"name\":\"Sistema de lluvia Bomba de vibraci\u00f3n | KanakyDesign Enclosures\",\"isPartOf\":{\"@id\":\"https:\\\/\\\/kanakydesign.com\\\/#website\"},\"primaryImageOfPage\":{\"@id\":\"https:\\\/\\\/kanakydesign.com\\\/producto\\\/sistema-de-lluvia-bomba-de-vibracion\\\/#primaryimage\"},\"image\":{\"@id\":\"https:\\\/\\\/kanakydesign.com\\\/producto\\\/sistema-de-lluvia-bomba-de-vibracion\\\/#primaryimage\"},\"thumbnailUrl\":\"https:\\\/\\\/kanakydesign.com\\\/wp-content\\\/uploads\\\/2023\\\/09\\\/DSC2886-scaled.jpg\",\"datePublished\":\"2023-07-01T10:39:38+00:00\",\"dateModified\":\"2026-02-08T00:26:22+00:00\",\"description\":\"Sistema de lluvia terrario tropical completo: bomba ULKA, X boquillas antigoteo, tubos 4mm y 8mm, soportes y conexiones. Montaje f\u00e1cil y humedad estable.\",\"breadcrumb\":{\"@id\":\"https:\\\/\\\/kanakydesign.com\\\/producto\\\/sistema-de-lluvia-bomba-de-vibracion\\\/#breadcrumb\"},\"inLanguage\":\"fr-FR\",\"potentialAction\":[{\"@type\":\"ReadAction\",\"target\":[\"https:\\\/\\\/kanakydesign.com\\\/producto\\\/sistema-de-lluvia-bomba-de-vibracion\\\/\"]}]},{\"@type\":\"ImageObject\",\"inLanguage\":\"fr-FR\",\"@id\":\"https:\\\/\\\/kanakydesign.com\\\/producto\\\/sistema-de-lluvia-bomba-de-vibracion\\\/#primaryimage\",\"url\":\"https:\\\/\\\/kanakydesign.com\\\/wp-content\\\/uploads\\\/2023\\\/09\\\/DSC2886-scaled.jpg\",\"contentUrl\":\"https:\\\/\\\/kanakydesign.com\\\/wp-content\\\/uploads\\\/2023\\\/09\\\/DSC2886-scaled.jpg\",\"width\":2560,\"height\":2560},{\"@type\":\"BreadcrumbList\",\"@id\":\"https:\\\/\\\/kanakydesign.com\\\/producto\\\/sistema-de-lluvia-bomba-de-vibracion\\\/#breadcrumb\",\"itemListElement\":[{\"@type\":\"ListItem\",\"position\":1,\"name\":\"Portada\",\"item\":\"https:\\\/\\\/kanakydesign.com\\\/\"},{\"@type\":\"ListItem\",\"position\":2,\"name\":\"Tienda\",\"item\":\"https:\\\/\\\/kanakydesign.com\\\/tienda\\\/\"},{\"@type\":\"ListItem\",\"position\":3,\"name\":\"Sistema de lluvia Bomba de vibraci\u00f3n\"}]},{\"@type\":\"WebSite\",\"@id\":\"https:\\\/\\\/kanakydesign.com\\\/#website\",\"url\":\"https:\\\/\\\/kanakydesign.com\\\/\",\"name\":\"KanakyDesign Enclosures\",\"description\":\"Become a professional keeper\",\"publisher\":{\"@id\":\"https:\\\/\\\/kanakydesign.com\\\/#organization\"},\"alternateName\":\"KanakyDesign\",\"potentialAction\":[{\"@type\":\"SearchAction\",\"target\":{\"@type\":\"EntryPoint\",\"urlTemplate\":\"https:\\\/\\\/kanakydesign.com\\\/?s={search_term_string}\"},\"query-input\":{\"@type\":\"PropertyValueSpecification\",\"valueRequired\":true,\"valueName\":\"search_term_string\"}}],\"inLanguage\":\"fr-FR\"},{\"@type\":\"Organization\",\"@id\":\"https:\\\/\\\/kanakydesign.com\\\/#organization\",\"name\":\"KanakyDesign Enclosures\",\"alternateName\":\"KanakyDesign\",\"url\":\"https:\\\/\\\/kanakydesign.com\\\/\",\"logo\":{\"@type\":\"ImageObject\",\"inLanguage\":\"fr-FR\",\"@id\":\"https:\\\/\\\/kanakydesign.com\\\/#\\\/schema\\\/logo\\\/image\\\/\",\"url\":\"https:\\\/\\\/kanakydesign.com\\\/wp-content\\\/uploads\\\/2023\\\/06\\\/Logo-KanakyDesign-circular-negro-1.png\",\"contentUrl\":\"https:\\\/\\\/kanakydesign.com\\\/wp-content\\\/uploads\\\/2023\\\/06\\\/Logo-KanakyDesign-circular-negro-1.png\",\"width\":2000,\"height\":2000,\"caption\":\"KanakyDesign Enclosures\"},\"image\":{\"@id\":\"https:\\\/\\\/kanakydesign.com\\\/#\\\/schema\\\/logo\\\/image\\\/\"}}]}<\/script>\n<!-- \/ Yoast SEO plugin. -->","yoast_head_json":{"title":"Vibration Pump Rain System | KanakyDesign Enclosures","description":"Syst\u00e8me complet de pluie pour terrarium tropical : pompe ULKA, X buses anti-gouttes, tubes de 4 mm et 8 mm, supports et connexions. Montage facile et humidit\u00e9 stable.","robots":{"index":"index","follow":"follow","max-snippet":"max-snippet:-1","max-image-preview":"max-image-preview:large","max-video-preview":"max-video-preview:-1"},"canonical":"https:\/\/kanakydesign.com\/fr\/produit\/sistema-de-lluvia-bomba-de-vibracion\/","og_locale":"fr_FR","og_type":"article","og_title":"Sistema de lluvia Bomba de vibraci\u00f3n | KanakyDesign Enclosures","og_description":"Sistema de lluvia terrario tropical completo: bomba ULKA, X boquillas antigoteo, tubos 4mm y 8mm, soportes y conexiones. Montaje f\u00e1cil y humedad estable.","og_url":"https:\/\/kanakydesign.com\/fr\/produit\/sistema-de-lluvia-bomba-de-vibracion\/","og_site_name":"KanakyDesign Enclosures","article_modified_time":"2026-02-08T00:26:22+00:00","og_image":[{"width":2560,"height":2560,"url":"https:\/\/kanakydesign.com\/wp-content\/uploads\/2023\/09\/DSC2886-scaled.jpg","type":"image\/jpeg"}],"twitter_card":"summary_large_image","twitter_misc":{"Dur\u00e9e de lecture estim\u00e9e":"2 minutes"},"schema":{"@context":"https:\/\/schema.org","@graph":[{"@type":"WebPage","@id":"https:\/\/kanakydesign.com\/producto\/sistema-de-lluvia-bomba-de-vibracion\/","url":"https:\/\/kanakydesign.com\/producto\/sistema-de-lluvia-bomba-de-vibracion\/","name":"Vibration Pump Rain System | KanakyDesign Enclosures","isPartOf":{"@id":"https:\/\/kanakydesign.com\/#website"},"primaryImageOfPage":{"@id":"https:\/\/kanakydesign.com\/producto\/sistema-de-lluvia-bomba-de-vibracion\/#primaryimage"},"image":{"@id":"https:\/\/kanakydesign.com\/producto\/sistema-de-lluvia-bomba-de-vibracion\/#primaryimage"},"thumbnailUrl":"https:\/\/kanakydesign.com\/wp-content\/uploads\/2023\/09\/DSC2886-scaled.jpg","datePublished":"2023-07-01T10:39:38+00:00","dateModified":"2026-02-08T00:26:22+00:00","description":"Syst\u00e8me complet de pluie pour terrarium tropical : pompe ULKA, X buses anti-gouttes, tubes de 4 mm et 8 mm, supports et connexions. Montage facile et humidit\u00e9 stable.","breadcrumb":{"@id":"https:\/\/kanakydesign.com\/producto\/sistema-de-lluvia-bomba-de-vibracion\/#breadcrumb"},"inLanguage":"fr-FR","potentialAction":[{"@type":"ReadAction","target":["https:\/\/kanakydesign.com\/producto\/sistema-de-lluvia-bomba-de-vibracion\/"]}]},{"@type":"ImageObject","inLanguage":"fr-FR","@id":"https:\/\/kanakydesign.com\/producto\/sistema-de-lluvia-bomba-de-vibracion\/#primaryimage","url":"https:\/\/kanakydesign.com\/wp-content\/uploads\/2023\/09\/DSC2886-scaled.jpg","contentUrl":"https:\/\/kanakydesign.com\/wp-content\/uploads\/2023\/09\/DSC2886-scaled.jpg","width":2560,"height":2560},{"@type":"BreadcrumbList","@id":"https:\/\/kanakydesign.com\/producto\/sistema-de-lluvia-bomba-de-vibracion\/#breadcrumb","itemListElement":[{"@type":"ListItem","position":1,"name":"Portada","item":"https:\/\/kanakydesign.com\/"},{"@type":"ListItem","position":2,"name":"Tienda","item":"https:\/\/kanakydesign.com\/tienda\/"},{"@type":"ListItem","position":3,"name":"Sistema de lluvia Bomba de vibraci\u00f3n"}]},{"@type":"WebSite","@id":"https:\/\/kanakydesign.com\/#website","url":"https:\/\/kanakydesign.com\/","name":"KanakyDesign Enclosures","description":"Become a professional keeper","publisher":{"@id":"https:\/\/kanakydesign.com\/#organization"},"alternateName":"KanakyDesign","potentialAction":[{"@type":"SearchAction","target":{"@type":"EntryPoint","urlTemplate":"https:\/\/kanakydesign.com\/?s={search_term_string}"},"query-input":{"@type":"PropertyValueSpecification","valueRequired":true,"valueName":"search_term_string"}}],"inLanguage":"fr-FR"},{"@type":"Organization","@id":"https:\/\/kanakydesign.com\/#organization","name":"KanakyDesign Enclosures","alternateName":"KanakyDesign","url":"https:\/\/kanakydesign.com\/","logo":{"@type":"ImageObject","inLanguage":"fr-FR","@id":"https:\/\/kanakydesign.com\/#\/schema\/logo\/image\/","url":"https:\/\/kanakydesign.com\/wp-content\/uploads\/2023\/06\/Logo-KanakyDesign-circular-negro-1.png","contentUrl":"https:\/\/kanakydesign.com\/wp-content\/uploads\/2023\/06\/Logo-KanakyDesign-circular-negro-1.png","width":2000,"height":2000,"caption":"KanakyDesign Enclosures"},"image":{"@id":"https:\/\/kanakydesign.com\/#\/schema\/logo\/image\/"}}]}},"_links":{"self":[{"href":"https:\/\/kanakydesign.com\/fr\/wp-json\/wp\/v2\/product\/635","targetHints":{"allow":["GET"]}}],"collection":[{"href":"https:\/\/kanakydesign.com\/fr\/wp-json\/wp\/v2\/product"}],"about":[{"href":"https:\/\/kanakydesign.com\/fr\/wp-json\/wp\/v2\/types\/product"}],"wp:featuredmedia":[{"embeddable":true,"href":"https:\/\/kanakydesign.com\/fr\/wp-json\/wp\/v2\/media\/1116"}],"wp:attachment":[{"href":"https:\/\/kanakydesign.com\/fr\/wp-json\/wp\/v2\/media?parent=635"}],"wp:term":[{"taxonomy":"product_brand","embeddable":true,"href":"https:\/\/kanakydesign.com\/fr\/wp-json\/wp\/v2\/product_brand?post=635"},{"taxonomy":"product_cat","embeddable":true,"href":"https:\/\/kanakydesign.com\/fr\/wp-json\/wp\/v2\/product_cat?post=635"},{"taxonomy":"product_tag","embeddable":true,"href":"https:\/\/kanakydesign.com\/fr\/wp-json\/wp\/v2\/product_tag?post=635"}],"curies":[{"name":"wp","href":"https:\/\/api.w.org\/{rel}","templated":true}]}}