{"id":634,"date":"2023-07-01T10:37:17","date_gmt":"2023-07-01T10:37:17","guid":{"rendered":"https:\/\/kanakydesign.com\/?post_type=product&#038;p=634"},"modified":"2026-02-08T00:09:12","modified_gmt":"2026-02-08T00:09:12","slug":"reductores","status":"publish","type":"product","link":"https:\/\/kanakydesign.com\/fr\/produit\/reductores\/","title":{"rendered":"R\u00e9ducteurs 6-4mm"},"content":{"rendered":"<p data-start=\"181\" data-end=\"732\">Le <strong data-start=\"185\" data-end=\"255\">raccords r\u00e9ducteurs 6mm \u00e0 4mm pour syst\u00e8me de pluie pour terrarium<\/strong> vous permettent de <strong data-start=\"268\" data-end=\"309\">la variation de la taille du tuyau de refoulement<\/strong> afin d'optimiser le d\u00e9bit et d'utiliser au mieux l'efficacit\u00e9 de la pompe. Dans les installations de pulv\u00e9risation, le diam\u00e8tre du tuyau a une grande influence sur la perte de pression : en r\u00e8gle g\u00e9n\u00e9rale, l'utilisation d'un tuyau principal de plus grand diam\u00e8tre (par ex. <strong data-start=\"551\" data-end=\"558\">6 mm<\/strong>) aide la pompe \u00e0 fonctionner avec moins de restrictions, puis <strong data-start=\"622\" data-end=\"662\">r\u00e9duire \u00e0 4 mm pr\u00e8s des buses<\/strong> permet une distribution plus confortable et plus ordonn\u00e9e dans les derni\u00e8res sections.<\/p>\n<p data-start=\"734\" data-end=\"958\">Ce type d'installation est particuli\u00e8rement recommand\u00e9 lorsque vous avez plusieurs buses, de longues lignes ou de grands terrariums, car le fait de maintenir le \u201ctronc\u201d de l'installation \u00e0 6 mm permet g\u00e9n\u00e9ralement d'obtenir une pulv\u00e9risation plus constante et plus uniforme.<\/p>\n<h2 data-start=\"960\" data-end=\"997\">Pourquoi utiliser la r\u00e9duction 6mm\u21924mm ?<\/h2>\n<p data-start=\"998\" data-end=\"1063\">Avec un <strong data-start=\"1006\" data-end=\"1055\">raccord r\u00e9ducteur syst\u00e8me de pluie pour terrarium<\/strong> vous pouvez :<\/p>\n<ul data-start=\"1064\" data-end=\"1327\">\n<li data-start=\"1064\" data-end=\"1119\">\n<p data-start=\"1066\" data-end=\"1119\">minimiser les pertes de pression dans la conduite principale<\/p>\n<\/li>\n<li data-start=\"1120\" data-end=\"1191\">\n<p data-start=\"1122\" data-end=\"1191\">am\u00e9liorer la stabilit\u00e9 de la pulv\u00e9risation en pr\u00e9sence de plusieurs buses<\/p>\n<\/li>\n<li data-start=\"1192\" data-end=\"1267\">\n<p data-start=\"1194\" data-end=\"1267\">organiser le circuit de mani\u00e8re plus propre (branches fines uniquement \u00e0 l'extr\u00e9mit\u00e9)<\/p>\n<\/li>\n<li data-start=\"1268\" data-end=\"1327\">\n<p data-start=\"1270\" data-end=\"1327\">l'adaptation des installations existantes sans changer l'ensemble de la tuyauterie<\/p>\n<\/li>\n<\/ul>\n<p data-start=\"1329\" data-end=\"1429\">\ud83d\udc49 Compl\u00e9tez votre syst\u00e8me avec des connecteurs, des buses et des pi\u00e8ces d\u00e9tach\u00e9es sur <strong data-start=\"1393\" data-end=\"1428\"><a class=\"decorated-link\" href=\"https:\/\/kanakydesign.com\/fr\/categoria\/accesorios\/sistemas-de-lluvia\/\" target=\"_new\" rel=\"noopener\" data-start=\"1395\" data-end=\"1426\">https:\/\/www.kanakydesign.com\/<\/a><\/strong>.<\/p>\n<h2 data-start=\"1431\" data-end=\"1484\">\ud83e\udde9 Deux fa\u00e7ons de rouler pour maximiser les performances<\/h2>\n<h3 data-start=\"1486\" data-end=\"1553\">Option 1 : ligne principale en 6 mm + r\u00e9duction pr\u00e8s des buses<\/h3>\n<p data-start=\"1554\" data-end=\"1819\">La strat\u00e9gie la plus courante consiste \u00e0 transporter le tuyau de pression dans un sac \u00e0 dos. <strong data-start=\"1611\" data-end=\"1618\">6 mm<\/strong> \u00e0 travers le parcours principal du terrarium (ou de plusieurs terrariums) et juste avant chaque buse, vous r\u00e9duisez \u00e0 <strong data-start=\"1721\" data-end=\"1728\">4mm<\/strong>. Cela permet de maintenir une meilleure pression le long de la ligne et de simplifier le trac\u00e9 final.<\/p>\n<h3 data-start=\"1821\" data-end=\"1873\">Option 2 : utiliser le T 6-4-6 pour une configuration plus \u201cpro\u201d.\u201d<\/h3>\n<p data-start=\"1874\" data-end=\"2126\">Une autre option tr\u00e8s efficace consiste \u00e0 utiliser directement <strong data-start=\"1921\" data-end=\"1932\">T 6-4-6<\/strong>. Avec cette pi\u00e8ce, vous conservez le <strong data-start=\"1963\" data-end=\"1998\">ligne de pluie compl\u00e8te en 6mm<\/strong> (entr\u00e9e et sortie de la T) et vous n'utilisez qu'une seule <strong data-start=\"2045\" data-end=\"2067\">petite longueur de 4 mm<\/strong> de la d\u00e9rivation centrale \u00e0 la buse.<br data-start=\"2114\" data-end=\"2117\" \/>Avantages :<\/p>\n<ul data-start=\"2127\" data-end=\"2307\">\n<li data-start=\"2127\" data-end=\"2183\">\n<p data-start=\"2129\" data-end=\"2183\">le circuit principal maintient une performance maximale<\/p>\n<\/li>\n<li data-start=\"2184\" data-end=\"2240\">\n<p data-start=\"2186\" data-end=\"2240\">la branche jusqu'\u00e0 la buse est courte et facile \u00e0 g\u00e9rer<\/p>\n<\/li>\n<li data-start=\"2241\" data-end=\"2307\">\n<p data-start=\"2243\" data-end=\"2307\">un meilleur \u00e9quilibre du d\u00e9bit dans les installations \u00e0 plusieurs buses<\/p>\n<\/li>\n<\/ul>\n<h2 data-start=\"2309\" data-end=\"2351\">\ud83d\udca1 Conseils pour un syst\u00e8me plus stable<\/h2>\n<ul data-start=\"2352\" data-end=\"2652\">\n<li data-start=\"2352\" data-end=\"2446\">\n<p data-start=\"2354\" data-end=\"2446\">Si l'installation est longue ou comporte de nombreuses buses, il faut donner la priorit\u00e9 aux \u00e9l\u00e9ments suivants <strong data-start=\"2414\" data-end=\"2443\">6mm sur la ligne principale<\/strong>.<\/p>\n<\/li>\n<li data-start=\"2447\" data-end=\"2548\">\n<p data-start=\"2449\" data-end=\"2548\">Maintenir les r\u00e9ductions et les articulations aussi pr\u00e8s que possible des buses afin d'\u00e9viter tout risque d'\u00e9touffement.<\/p>\n<\/li>\n<li data-start=\"2549\" data-end=\"2652\">\n<p data-start=\"2551\" data-end=\"2652\">V\u00e9rifier p\u00e9riodiquement l'absence de calcaire ou de s\u00e9diments : une buse bouch\u00e9e peut aggraver le reste de la pulv\u00e9risation.<\/p>\n<\/li>\n<\/ul>","protected":false},"excerpt":{"rendered":"<p>Raccords du syst\u00e8me de pluie permettant de varier la taille du tuyau de refoulement. Pour maximiser les performances de la pompe, il est conseill\u00e9 d'augmenter le diam\u00e8tre du tuyau (par exemple 6 mm) et de le r\u00e9duire \u00e0 4 mm pr\u00e8s des buses.<\/p>\n<p>Une autre option serait d'utiliser directement les t\u00e9s 6-4-6, o\u00f9 la ligne de pluie peut \u00eatre port\u00e9e \u00e0 6 mm et n'utiliser qu'une section de 4 mm du t\u00e9 \u00e0 la buse, optimisant ainsi les performances de la pompe.<\/p>","protected":false},"featured_media":1108,"template":"","meta":[],"product_brand":[],"product_cat":[23,27],"product_tag":[377,438,440,436,402,441,437,435,403,439,443,442],"class_list":{"0":"post-634","1":"product","2":"type-product","3":"status-publish","4":"has-post-thumbnail","6":"product_cat-accesorios","7":"product_cat-sistemas-de-lluvia","8":"product_tag-accesorios-sistema-de-lluvia","9":"product_tag-adaptador-6mm-a-4mm","10":"product_tag-conectores-sistema-lluvia-terrario","11":"product_tag-conexiones-reductoras-sistema-de-lluvia","12":"product_tag-distribucion-riego-terrarios","13":"product_tag-optimizar-presion-sistema-lluvia","14":"product_tag-reductor-6mm-4mm-terrario","15":"product_tag-reductores-6mm-a-4mm","16":"product_tag-repuestos-sistema-lluvia","17":"product_tag-t-6-4-6-sistema-lluvia","18":"product_tag-tuberia-4mm-boquillas","19":"product_tag-tuberia-6mm-terrario","20":"product_shipping_class-accesorios","22":"first","23":"instock","24":"taxable","25":"shipping-taxable","26":"purchasable","27":"product-type-variable"},"yoast_head":"<!-- This site is optimized with the Yoast SEO plugin v27.3 - https:\/\/yoast.com\/product\/yoast-seo-wordpress\/ -->\n<title>Reductores 6-4mm | KanakyDesign Enclosures<\/title>\n<meta name=\"description\" content=\"Reductores 6mm a 4mm para sistema de lluvia en terrario. Mant\u00e9n l\u00ednea principal en 6mm y reduce cerca de boquillas, o usa T 6-4-6 para optimizar presi\u00f3n.\" \/>\n<meta name=\"robots\" content=\"index, follow, max-snippet:-1, max-image-preview:large, max-video-preview:-1\" \/>\n<link rel=\"canonical\" href=\"https:\/\/kanakydesign.com\/fr\/produit\/reductores\/\" \/>\n<meta property=\"og:locale\" content=\"fr_FR\" \/>\n<meta property=\"og:type\" content=\"article\" \/>\n<meta property=\"og:title\" content=\"Reductores 6-4mm | KanakyDesign Enclosures\" \/>\n<meta property=\"og:description\" content=\"Reductores 6mm a 4mm para sistema de lluvia en terrario. Mant\u00e9n l\u00ednea principal en 6mm y reduce cerca de boquillas, o usa T 6-4-6 para optimizar presi\u00f3n.\" \/>\n<meta property=\"og:url\" content=\"https:\/\/kanakydesign.com\/fr\/produit\/reductores\/\" \/>\n<meta property=\"og:site_name\" content=\"KanakyDesign Enclosures\" \/>\n<meta property=\"article:modified_time\" content=\"2026-02-08T00:09:12+00:00\" \/>\n<meta property=\"og:image\" content=\"https:\/\/kanakydesign.com\/wp-content\/uploads\/2023\/09\/DSC2866-scaled.jpg\" \/>\n\t<meta property=\"og:image:width\" content=\"2560\" \/>\n\t<meta property=\"og:image:height\" content=\"2560\" \/>\n\t<meta property=\"og:image:type\" content=\"image\/jpeg\" \/>\n<meta name=\"twitter:card\" content=\"summary_large_image\" \/>\n<meta name=\"twitter:label1\" content=\"Dur\u00e9e de lecture estim\u00e9e\" \/>\n\t<meta name=\"twitter:data1\" content=\"2 minutes\" \/>\n<script type=\"application\/ld+json\" class=\"yoast-schema-graph\">{\"@context\":\"https:\\\/\\\/schema.org\",\"@graph\":[{\"@type\":\"WebPage\",\"@id\":\"https:\\\/\\\/kanakydesign.com\\\/producto\\\/reductores\\\/\",\"url\":\"https:\\\/\\\/kanakydesign.com\\\/producto\\\/reductores\\\/\",\"name\":\"Reductores 6-4mm | KanakyDesign Enclosures\",\"isPartOf\":{\"@id\":\"https:\\\/\\\/kanakydesign.com\\\/#website\"},\"primaryImageOfPage\":{\"@id\":\"https:\\\/\\\/kanakydesign.com\\\/producto\\\/reductores\\\/#primaryimage\"},\"image\":{\"@id\":\"https:\\\/\\\/kanakydesign.com\\\/producto\\\/reductores\\\/#primaryimage\"},\"thumbnailUrl\":\"https:\\\/\\\/kanakydesign.com\\\/wp-content\\\/uploads\\\/2023\\\/09\\\/DSC2866-scaled.jpg\",\"datePublished\":\"2023-07-01T10:37:17+00:00\",\"dateModified\":\"2026-02-08T00:09:12+00:00\",\"description\":\"Reductores 6mm a 4mm para sistema de lluvia en terrario. Mant\u00e9n l\u00ednea principal en 6mm y reduce cerca de boquillas, o usa T 6-4-6 para optimizar presi\u00f3n.\",\"breadcrumb\":{\"@id\":\"https:\\\/\\\/kanakydesign.com\\\/producto\\\/reductores\\\/#breadcrumb\"},\"inLanguage\":\"fr-FR\",\"potentialAction\":[{\"@type\":\"ReadAction\",\"target\":[\"https:\\\/\\\/kanakydesign.com\\\/producto\\\/reductores\\\/\"]}]},{\"@type\":\"ImageObject\",\"inLanguage\":\"fr-FR\",\"@id\":\"https:\\\/\\\/kanakydesign.com\\\/producto\\\/reductores\\\/#primaryimage\",\"url\":\"https:\\\/\\\/kanakydesign.com\\\/wp-content\\\/uploads\\\/2023\\\/09\\\/DSC2866-scaled.jpg\",\"contentUrl\":\"https:\\\/\\\/kanakydesign.com\\\/wp-content\\\/uploads\\\/2023\\\/09\\\/DSC2866-scaled.jpg\",\"width\":2560,\"height\":2560},{\"@type\":\"BreadcrumbList\",\"@id\":\"https:\\\/\\\/kanakydesign.com\\\/producto\\\/reductores\\\/#breadcrumb\",\"itemListElement\":[{\"@type\":\"ListItem\",\"position\":1,\"name\":\"Portada\",\"item\":\"https:\\\/\\\/kanakydesign.com\\\/\"},{\"@type\":\"ListItem\",\"position\":2,\"name\":\"Tienda\",\"item\":\"https:\\\/\\\/kanakydesign.com\\\/tienda\\\/\"},{\"@type\":\"ListItem\",\"position\":3,\"name\":\"Reductores 6-4mm\"}]},{\"@type\":\"WebSite\",\"@id\":\"https:\\\/\\\/kanakydesign.com\\\/#website\",\"url\":\"https:\\\/\\\/kanakydesign.com\\\/\",\"name\":\"KanakyDesign Enclosures\",\"description\":\"Become a professional keeper\",\"publisher\":{\"@id\":\"https:\\\/\\\/kanakydesign.com\\\/#organization\"},\"alternateName\":\"KanakyDesign\",\"potentialAction\":[{\"@type\":\"SearchAction\",\"target\":{\"@type\":\"EntryPoint\",\"urlTemplate\":\"https:\\\/\\\/kanakydesign.com\\\/?s={search_term_string}\"},\"query-input\":{\"@type\":\"PropertyValueSpecification\",\"valueRequired\":true,\"valueName\":\"search_term_string\"}}],\"inLanguage\":\"fr-FR\"},{\"@type\":\"Organization\",\"@id\":\"https:\\\/\\\/kanakydesign.com\\\/#organization\",\"name\":\"KanakyDesign Enclosures\",\"alternateName\":\"KanakyDesign\",\"url\":\"https:\\\/\\\/kanakydesign.com\\\/\",\"logo\":{\"@type\":\"ImageObject\",\"inLanguage\":\"fr-FR\",\"@id\":\"https:\\\/\\\/kanakydesign.com\\\/#\\\/schema\\\/logo\\\/image\\\/\",\"url\":\"https:\\\/\\\/kanakydesign.com\\\/wp-content\\\/uploads\\\/2023\\\/06\\\/Logo-KanakyDesign-circular-negro-1.png\",\"contentUrl\":\"https:\\\/\\\/kanakydesign.com\\\/wp-content\\\/uploads\\\/2023\\\/06\\\/Logo-KanakyDesign-circular-negro-1.png\",\"width\":2000,\"height\":2000,\"caption\":\"KanakyDesign Enclosures\"},\"image\":{\"@id\":\"https:\\\/\\\/kanakydesign.com\\\/#\\\/schema\\\/logo\\\/image\\\/\"}}]}<\/script>\n<!-- \/ Yoast SEO plugin. -->","yoast_head_json":{"title":"R\u00e9ducteurs 6-4mm | KanakyDesign Enclosures","description":"R\u00e9ducteurs de 6 mm \u00e0 4 mm pour le syst\u00e8me de pluie pour terrarium. Gardez la conduite principale \u00e0 6 mm et r\u00e9duisez-la pr\u00e8s des buses, ou utilisez le T 6-4-6 pour optimiser la pression.","robots":{"index":"index","follow":"follow","max-snippet":"max-snippet:-1","max-image-preview":"max-image-preview:large","max-video-preview":"max-video-preview:-1"},"canonical":"https:\/\/kanakydesign.com\/fr\/produit\/reductores\/","og_locale":"fr_FR","og_type":"article","og_title":"Reductores 6-4mm | KanakyDesign Enclosures","og_description":"Reductores 6mm a 4mm para sistema de lluvia en terrario. Mant\u00e9n l\u00ednea principal en 6mm y reduce cerca de boquillas, o usa T 6-4-6 para optimizar presi\u00f3n.","og_url":"https:\/\/kanakydesign.com\/fr\/produit\/reductores\/","og_site_name":"KanakyDesign Enclosures","article_modified_time":"2026-02-08T00:09:12+00:00","og_image":[{"width":2560,"height":2560,"url":"https:\/\/kanakydesign.com\/wp-content\/uploads\/2023\/09\/DSC2866-scaled.jpg","type":"image\/jpeg"}],"twitter_card":"summary_large_image","twitter_misc":{"Dur\u00e9e de lecture estim\u00e9e":"2 minutes"},"schema":{"@context":"https:\/\/schema.org","@graph":[{"@type":"WebPage","@id":"https:\/\/kanakydesign.com\/producto\/reductores\/","url":"https:\/\/kanakydesign.com\/producto\/reductores\/","name":"R\u00e9ducteurs 6-4mm | KanakyDesign Enclosures","isPartOf":{"@id":"https:\/\/kanakydesign.com\/#website"},"primaryImageOfPage":{"@id":"https:\/\/kanakydesign.com\/producto\/reductores\/#primaryimage"},"image":{"@id":"https:\/\/kanakydesign.com\/producto\/reductores\/#primaryimage"},"thumbnailUrl":"https:\/\/kanakydesign.com\/wp-content\/uploads\/2023\/09\/DSC2866-scaled.jpg","datePublished":"2023-07-01T10:37:17+00:00","dateModified":"2026-02-08T00:09:12+00:00","description":"R\u00e9ducteurs de 6 mm \u00e0 4 mm pour le syst\u00e8me de pluie pour terrarium. Gardez la conduite principale \u00e0 6 mm et r\u00e9duisez-la pr\u00e8s des buses, ou utilisez le T 6-4-6 pour optimiser la pression.","breadcrumb":{"@id":"https:\/\/kanakydesign.com\/producto\/reductores\/#breadcrumb"},"inLanguage":"fr-FR","potentialAction":[{"@type":"ReadAction","target":["https:\/\/kanakydesign.com\/producto\/reductores\/"]}]},{"@type":"ImageObject","inLanguage":"fr-FR","@id":"https:\/\/kanakydesign.com\/producto\/reductores\/#primaryimage","url":"https:\/\/kanakydesign.com\/wp-content\/uploads\/2023\/09\/DSC2866-scaled.jpg","contentUrl":"https:\/\/kanakydesign.com\/wp-content\/uploads\/2023\/09\/DSC2866-scaled.jpg","width":2560,"height":2560},{"@type":"BreadcrumbList","@id":"https:\/\/kanakydesign.com\/producto\/reductores\/#breadcrumb","itemListElement":[{"@type":"ListItem","position":1,"name":"Portada","item":"https:\/\/kanakydesign.com\/"},{"@type":"ListItem","position":2,"name":"Tienda","item":"https:\/\/kanakydesign.com\/tienda\/"},{"@type":"ListItem","position":3,"name":"Reductores 6-4mm"}]},{"@type":"WebSite","@id":"https:\/\/kanakydesign.com\/#website","url":"https:\/\/kanakydesign.com\/","name":"KanakyDesign Enclosures","description":"Become a professional keeper","publisher":{"@id":"https:\/\/kanakydesign.com\/#organization"},"alternateName":"KanakyDesign","potentialAction":[{"@type":"SearchAction","target":{"@type":"EntryPoint","urlTemplate":"https:\/\/kanakydesign.com\/?s={search_term_string}"},"query-input":{"@type":"PropertyValueSpecification","valueRequired":true,"valueName":"search_term_string"}}],"inLanguage":"fr-FR"},{"@type":"Organization","@id":"https:\/\/kanakydesign.com\/#organization","name":"KanakyDesign Enclosures","alternateName":"KanakyDesign","url":"https:\/\/kanakydesign.com\/","logo":{"@type":"ImageObject","inLanguage":"fr-FR","@id":"https:\/\/kanakydesign.com\/#\/schema\/logo\/image\/","url":"https:\/\/kanakydesign.com\/wp-content\/uploads\/2023\/06\/Logo-KanakyDesign-circular-negro-1.png","contentUrl":"https:\/\/kanakydesign.com\/wp-content\/uploads\/2023\/06\/Logo-KanakyDesign-circular-negro-1.png","width":2000,"height":2000,"caption":"KanakyDesign Enclosures"},"image":{"@id":"https:\/\/kanakydesign.com\/#\/schema\/logo\/image\/"}}]}},"_links":{"self":[{"href":"https:\/\/kanakydesign.com\/fr\/wp-json\/wp\/v2\/product\/634","targetHints":{"allow":["GET"]}}],"collection":[{"href":"https:\/\/kanakydesign.com\/fr\/wp-json\/wp\/v2\/product"}],"about":[{"href":"https:\/\/kanakydesign.com\/fr\/wp-json\/wp\/v2\/types\/product"}],"wp:featuredmedia":[{"embeddable":true,"href":"https:\/\/kanakydesign.com\/fr\/wp-json\/wp\/v2\/media\/1108"}],"wp:attachment":[{"href":"https:\/\/kanakydesign.com\/fr\/wp-json\/wp\/v2\/media?parent=634"}],"wp:term":[{"taxonomy":"product_brand","embeddable":true,"href":"https:\/\/kanakydesign.com\/fr\/wp-json\/wp\/v2\/product_brand?post=634"},{"taxonomy":"product_cat","embeddable":true,"href":"https:\/\/kanakydesign.com\/fr\/wp-json\/wp\/v2\/product_cat?post=634"},{"taxonomy":"product_tag","embeddable":true,"href":"https:\/\/kanakydesign.com\/fr\/wp-json\/wp\/v2\/product_tag?post=634"}],"curies":[{"name":"wp","href":"https:\/\/api.w.org\/{rel}","templated":true}]}}