{"id":633,"date":"2023-07-01T10:36:47","date_gmt":"2023-07-01T10:36:47","guid":{"rendered":"https:\/\/kanakydesign.com\/?post_type=product&#038;p=633"},"modified":"2026-02-08T00:04:36","modified_gmt":"2026-02-08T00:04:36","slug":"racord-bomba-vibratoria","status":"publish","type":"product","link":"https:\/\/kanakydesign.com\/fr\/produit\/racord-bomba-vibratoria\/","title":{"rendered":"Pompe vibrante Racord"},"content":{"rendered":"<p data-start=\"167\" data-end=\"593\">Les <strong data-start=\"170\" data-end=\"228\">Raccord de pompe ULKA pour syst\u00e8me d'eau de pluie pour terrarium<\/strong> est la pi\u00e8ce dont vous avez besoin pour <strong data-start=\"260\" data-end=\"281\">raccorder la pompe<\/strong> avec le <strong data-start=\"290\" data-end=\"299\">tubes<\/strong> qui alimentent les buses de votre installation de pulv\u00e9risation. Dans un syst\u00e8me de pluie, ce petit composant est essentiel : il assure une connexion correcte entre la sortie de la pompe et la tuyauterie, ce qui permet de maintenir la pression et d'\u00e9viter les fuites qui r\u00e9duisent les performances des buses.<\/p>\n<p data-start=\"595\" data-end=\"956\">Que vous r\u00e9pariez votre \u00e9quipement, remplaciez la pompe ou reconstruisiez une partie du syst\u00e8me, comptez sur la <strong data-start=\"697\" data-end=\"717\">Raccordement de la pompe ULKA<\/strong> facilite un assemblage propre et stable. Il est \u00e9galement utile de l'avoir en r\u00e9serve pour l'entretien, car les raccords sous pression peuvent s'user avec le temps (en raison de la manipulation, des vibrations ou des changements de tuyaux).<\/p>\n<h2 data-start=\"958\" data-end=\"1014\">Connexion s\u00e9curis\u00e9e entre le circuit de la pompe et celui de la buse<\/h2>\n<p data-start=\"1015\" data-end=\"1078\">Le pr\u00e9sent <strong data-start=\"1020\" data-end=\"1069\">Raccord de pompe ULKA pour syst\u00e8me d'eau de pluie<\/strong> permet :<\/p>\n<ul data-start=\"1079\" data-end=\"1283\">\n<li data-start=\"1079\" data-end=\"1126\">\n<p data-start=\"1081\" data-end=\"1126\">le raccordement de la pompe \u00e0 la conduite d'irrigation<\/p>\n<\/li>\n<li data-start=\"1127\" data-end=\"1176\">\n<p data-start=\"1129\" data-end=\"1176\">maintenir un d\u00e9bit r\u00e9gulier vers les buses<\/p>\n<\/li>\n<li data-start=\"1177\" data-end=\"1227\">\n<p data-start=\"1179\" data-end=\"1227\">r\u00e9duire les pertes dues \u00e0 des fuites ou \u00e0 des connexions desserr\u00e9es<\/p>\n<\/li>\n<li data-start=\"1228\" data-end=\"1283\">\n<p data-start=\"1230\" data-end=\"1283\">simplifier l'assemblage en cas de changement de composants<\/p>\n<\/li>\n<\/ul>\n<p data-start=\"1285\" data-end=\"1459\">Il s'agit d'un \u00e9l\u00e9ment simple mais tr\u00e8s important pour une pulv\u00e9risation fine et constante, en particulier lorsque le syst\u00e8me fonctionne avec des irrigations courtes et r\u00e9p\u00e9t\u00e9es tout au long de la journ\u00e9e.<\/p>\n<h2 data-start=\"1461\" data-end=\"1525\">\ud83d\udd27 Pi\u00e8ces de rechange pour l'entretien (et lors du changement de composants)<\/h2>\n<p data-start=\"1526\" data-end=\"1766\">Dans les syst\u00e8mes \u00e9quip\u00e9s de pompes vibrantes comme ULKA, il est courant de proc\u00e9der \u00e0 des remplacements ou \u00e0 des ajustements au fil du temps. Ce raccord vous \u00e9vite d'avoir \u00e0 improviser des adaptateurs et laisse l'ensemble tel qu'il devrait \u00eatre : connect\u00e9, align\u00e9 et pr\u00eat \u00e0 fonctionner.<\/p>\n<h2 data-start=\"1768\" data-end=\"1825\">\u2139\ufe0f Important : dans les syst\u00e8mes complets, il est d\u00e9j\u00e0 inclus.<\/h2>\n<p data-start=\"1826\" data-end=\"1978\">Veuillez noter que <strong data-start=\"1844\" data-end=\"1911\">cette partie est d\u00e9j\u00e0 incluse dans les syst\u00e8mes de pluie complets.<\/strong>. Cet article est principalement destin\u00e9 \u00e0 servir de <strong data-start=\"1960\" data-end=\"1972\">pi\u00e8ce de rechange<\/strong> pour :<\/p>\n<ul data-start=\"1979\" data-end=\"2100\">\n<li data-start=\"1979\" data-end=\"2016\">\n<p data-start=\"1981\" data-end=\"2016\">les remplacements dus \u00e0 l'usure ou \u00e0 la perte<\/p>\n<\/li>\n<li data-start=\"2017\" data-end=\"2055\">\n<p data-start=\"2019\" data-end=\"2055\">r\u00e9parations apr\u00e8s le remplacement de la pompe<\/p>\n<\/li>\n<li data-start=\"2056\" data-end=\"2100\">\n<p data-start=\"2058\" data-end=\"2100\">l'extension ou la r\u00e9organisation du circuit<\/p>\n<\/li>\n<\/ul>\n<p data-start=\"2102\" data-end=\"2206\">\ud83d\udc49 Plus de pi\u00e8ces d\u00e9tach\u00e9es et de composants pour les syst\u00e8mes de pluie sur <strong data-start=\"2170\" data-end=\"2205\"><a class=\"decorated-link\" href=\"https:\/\/kanakydesign.com\/fr\/categoria\/accesorios\/sistemas-de-lluvia\/\" target=\"_new\" rel=\"noopener\" data-start=\"2172\" data-end=\"2203\">https:\/\/www.kanakydesign.com\/<\/a><\/strong>.<\/p>\n<h2 data-start=\"2208\" data-end=\"2230\">\ud83d\udca1 Conseils pratiques<\/h2>\n<p data-start=\"2231\" data-end=\"2466\">Si vous constatez une perte de pression au niveau des buses ou de petites fuites pr\u00e8s de la pompe, v\u00e9rifiez l'\u00e9tat des raccords et des tuyaux : une connexion \u00e9tanche et bien ajust\u00e9e peut permettre au syst\u00e8me de retrouver des performances optimales sans qu'il soit n\u00e9cessaire de remplacer d'autres pi\u00e8ces.<\/p>","protected":false},"excerpt":{"rendered":"<p>Pi\u00e8ce qui permet de raccorder la pompe aux tuyaux qui alimentent les buses du syst\u00e8me de pluie. Cette pi\u00e8ce est d\u00e9j\u00e0 incluse dans les syst\u00e8mes de pluie complets.<\/p>","protected":false},"featured_media":1109,"template":"","meta":[],"product_brand":[],"product_cat":[23,27],"product_tag":[399,431,426,430,433,425,429,434,427,428,432],"class_list":{"0":"post-633","1":"product","2":"type-product","3":"status-publish","4":"has-post-thumbnail","6":"product_cat-accesorios","7":"product_cat-sistemas-de-lluvia","8":"product_tag-accesorios-sistema-de-lluvia-terrario","9":"product_tag-adaptador-bomba-ulka-terrario","10":"product_tag-conector-bomba-ulka","11":"product_tag-conexion-bomba-sistema-lluvia","12":"product_tag-conexion-tubo-sistema-lluvia","13":"product_tag-racor-bomba-ulka","14":"product_tag-racor-para-tubos-boquillas","15":"product_tag-racor-salida-bomba","16":"product_tag-racor-sistema-de-lluvia-terrario","17":"product_tag-repuesto-sistema-de-lluvia","18":"product_tag-repuestos-ulka","19":"product_shipping_class-accesorios","21":"first","22":"instock","23":"taxable","24":"shipping-taxable","25":"purchasable","26":"product-type-simple"},"yoast_head":"<!-- This site is optimized with the Yoast SEO plugin v27.3 - https:\/\/yoast.com\/product\/yoast-seo-wordpress\/ -->\n<title>Racord bomba vibratoria | KanakyDesign Enclosures<\/title>\n<meta name=\"description\" content=\"Racor bomba ULKA para sistema de lluvia en terrario: conecta la bomba con los tubos que alimentan las boquillas. Repuesto (ya incluido en kits completos).\" \/>\n<meta name=\"robots\" content=\"index, follow, max-snippet:-1, max-image-preview:large, max-video-preview:-1\" \/>\n<link rel=\"canonical\" href=\"https:\/\/kanakydesign.com\/fr\/produit\/racord-bomba-vibratoria\/\" \/>\n<meta property=\"og:locale\" content=\"fr_FR\" \/>\n<meta property=\"og:type\" content=\"article\" \/>\n<meta property=\"og:title\" content=\"Racord bomba vibratoria | KanakyDesign Enclosures\" \/>\n<meta property=\"og:description\" content=\"Racor bomba ULKA para sistema de lluvia en terrario: conecta la bomba con los tubos que alimentan las boquillas. Repuesto (ya incluido en kits completos).\" \/>\n<meta property=\"og:url\" content=\"https:\/\/kanakydesign.com\/fr\/produit\/racord-bomba-vibratoria\/\" \/>\n<meta property=\"og:site_name\" content=\"KanakyDesign Enclosures\" \/>\n<meta property=\"article:modified_time\" content=\"2026-02-08T00:04:36+00:00\" \/>\n<meta property=\"og:image\" content=\"https:\/\/kanakydesign.com\/wp-content\/uploads\/2023\/09\/DSC2867-scaled.jpg\" \/>\n\t<meta property=\"og:image:width\" content=\"2560\" \/>\n\t<meta property=\"og:image:height\" content=\"2560\" \/>\n\t<meta property=\"og:image:type\" content=\"image\/jpeg\" \/>\n<meta name=\"twitter:card\" content=\"summary_large_image\" \/>\n<meta name=\"twitter:label1\" content=\"Dur\u00e9e de lecture estim\u00e9e\" \/>\n\t<meta name=\"twitter:data1\" content=\"2 minutes\" \/>\n<script type=\"application\/ld+json\" class=\"yoast-schema-graph\">{\"@context\":\"https:\\\/\\\/schema.org\",\"@graph\":[{\"@type\":\"WebPage\",\"@id\":\"https:\\\/\\\/kanakydesign.com\\\/producto\\\/racord-bomba-vibratoria\\\/\",\"url\":\"https:\\\/\\\/kanakydesign.com\\\/producto\\\/racord-bomba-vibratoria\\\/\",\"name\":\"Racord bomba vibratoria | KanakyDesign Enclosures\",\"isPartOf\":{\"@id\":\"https:\\\/\\\/kanakydesign.com\\\/#website\"},\"primaryImageOfPage\":{\"@id\":\"https:\\\/\\\/kanakydesign.com\\\/producto\\\/racord-bomba-vibratoria\\\/#primaryimage\"},\"image\":{\"@id\":\"https:\\\/\\\/kanakydesign.com\\\/producto\\\/racord-bomba-vibratoria\\\/#primaryimage\"},\"thumbnailUrl\":\"https:\\\/\\\/kanakydesign.com\\\/wp-content\\\/uploads\\\/2023\\\/09\\\/DSC2867-scaled.jpg\",\"datePublished\":\"2023-07-01T10:36:47+00:00\",\"dateModified\":\"2026-02-08T00:04:36+00:00\",\"description\":\"Racor bomba ULKA para sistema de lluvia en terrario: conecta la bomba con los tubos que alimentan las boquillas. Repuesto (ya incluido en kits completos).\",\"breadcrumb\":{\"@id\":\"https:\\\/\\\/kanakydesign.com\\\/producto\\\/racord-bomba-vibratoria\\\/#breadcrumb\"},\"inLanguage\":\"fr-FR\",\"potentialAction\":[{\"@type\":\"ReadAction\",\"target\":[\"https:\\\/\\\/kanakydesign.com\\\/producto\\\/racord-bomba-vibratoria\\\/\"]}]},{\"@type\":\"ImageObject\",\"inLanguage\":\"fr-FR\",\"@id\":\"https:\\\/\\\/kanakydesign.com\\\/producto\\\/racord-bomba-vibratoria\\\/#primaryimage\",\"url\":\"https:\\\/\\\/kanakydesign.com\\\/wp-content\\\/uploads\\\/2023\\\/09\\\/DSC2867-scaled.jpg\",\"contentUrl\":\"https:\\\/\\\/kanakydesign.com\\\/wp-content\\\/uploads\\\/2023\\\/09\\\/DSC2867-scaled.jpg\",\"width\":2560,\"height\":2560},{\"@type\":\"BreadcrumbList\",\"@id\":\"https:\\\/\\\/kanakydesign.com\\\/producto\\\/racord-bomba-vibratoria\\\/#breadcrumb\",\"itemListElement\":[{\"@type\":\"ListItem\",\"position\":1,\"name\":\"Portada\",\"item\":\"https:\\\/\\\/kanakydesign.com\\\/\"},{\"@type\":\"ListItem\",\"position\":2,\"name\":\"Tienda\",\"item\":\"https:\\\/\\\/kanakydesign.com\\\/tienda\\\/\"},{\"@type\":\"ListItem\",\"position\":3,\"name\":\"Racord bomba vibratoria\"}]},{\"@type\":\"WebSite\",\"@id\":\"https:\\\/\\\/kanakydesign.com\\\/#website\",\"url\":\"https:\\\/\\\/kanakydesign.com\\\/\",\"name\":\"KanakyDesign Enclosures\",\"description\":\"Become a professional keeper\",\"publisher\":{\"@id\":\"https:\\\/\\\/kanakydesign.com\\\/#organization\"},\"alternateName\":\"KanakyDesign\",\"potentialAction\":[{\"@type\":\"SearchAction\",\"target\":{\"@type\":\"EntryPoint\",\"urlTemplate\":\"https:\\\/\\\/kanakydesign.com\\\/?s={search_term_string}\"},\"query-input\":{\"@type\":\"PropertyValueSpecification\",\"valueRequired\":true,\"valueName\":\"search_term_string\"}}],\"inLanguage\":\"fr-FR\"},{\"@type\":\"Organization\",\"@id\":\"https:\\\/\\\/kanakydesign.com\\\/#organization\",\"name\":\"KanakyDesign Enclosures\",\"alternateName\":\"KanakyDesign\",\"url\":\"https:\\\/\\\/kanakydesign.com\\\/\",\"logo\":{\"@type\":\"ImageObject\",\"inLanguage\":\"fr-FR\",\"@id\":\"https:\\\/\\\/kanakydesign.com\\\/#\\\/schema\\\/logo\\\/image\\\/\",\"url\":\"https:\\\/\\\/kanakydesign.com\\\/wp-content\\\/uploads\\\/2023\\\/06\\\/Logo-KanakyDesign-circular-negro-1.png\",\"contentUrl\":\"https:\\\/\\\/kanakydesign.com\\\/wp-content\\\/uploads\\\/2023\\\/06\\\/Logo-KanakyDesign-circular-negro-1.png\",\"width\":2000,\"height\":2000,\"caption\":\"KanakyDesign Enclosures\"},\"image\":{\"@id\":\"https:\\\/\\\/kanakydesign.com\\\/#\\\/schema\\\/logo\\\/image\\\/\"}}]}<\/script>\n<!-- \/ Yoast SEO plugin. -->","yoast_head_json":{"title":"Pompe vibrante Racord : KanakyDesign Enclosures","description":"Raccord de pompe ULKA pour syst\u00e8me de pluie pour terrarium : relie la pompe aux tubes qui alimentent les buses. Pi\u00e8ce de rechange (d\u00e9j\u00e0 incluse dans les kits complets).","robots":{"index":"index","follow":"follow","max-snippet":"max-snippet:-1","max-image-preview":"max-image-preview:large","max-video-preview":"max-video-preview:-1"},"canonical":"https:\/\/kanakydesign.com\/fr\/produit\/racord-bomba-vibratoria\/","og_locale":"fr_FR","og_type":"article","og_title":"Racord bomba vibratoria | KanakyDesign Enclosures","og_description":"Racor bomba ULKA para sistema de lluvia en terrario: conecta la bomba con los tubos que alimentan las boquillas. Repuesto (ya incluido en kits completos).","og_url":"https:\/\/kanakydesign.com\/fr\/produit\/racord-bomba-vibratoria\/","og_site_name":"KanakyDesign Enclosures","article_modified_time":"2026-02-08T00:04:36+00:00","og_image":[{"width":2560,"height":2560,"url":"https:\/\/kanakydesign.com\/wp-content\/uploads\/2023\/09\/DSC2867-scaled.jpg","type":"image\/jpeg"}],"twitter_card":"summary_large_image","twitter_misc":{"Dur\u00e9e de lecture estim\u00e9e":"2 minutes"},"schema":{"@context":"https:\/\/schema.org","@graph":[{"@type":"WebPage","@id":"https:\/\/kanakydesign.com\/producto\/racord-bomba-vibratoria\/","url":"https:\/\/kanakydesign.com\/producto\/racord-bomba-vibratoria\/","name":"Pompe vibrante Racord : KanakyDesign Enclosures","isPartOf":{"@id":"https:\/\/kanakydesign.com\/#website"},"primaryImageOfPage":{"@id":"https:\/\/kanakydesign.com\/producto\/racord-bomba-vibratoria\/#primaryimage"},"image":{"@id":"https:\/\/kanakydesign.com\/producto\/racord-bomba-vibratoria\/#primaryimage"},"thumbnailUrl":"https:\/\/kanakydesign.com\/wp-content\/uploads\/2023\/09\/DSC2867-scaled.jpg","datePublished":"2023-07-01T10:36:47+00:00","dateModified":"2026-02-08T00:04:36+00:00","description":"Raccord de pompe ULKA pour syst\u00e8me de pluie pour terrarium : relie la pompe aux tubes qui alimentent les buses. Pi\u00e8ce de rechange (d\u00e9j\u00e0 incluse dans les kits complets).","breadcrumb":{"@id":"https:\/\/kanakydesign.com\/producto\/racord-bomba-vibratoria\/#breadcrumb"},"inLanguage":"fr-FR","potentialAction":[{"@type":"ReadAction","target":["https:\/\/kanakydesign.com\/producto\/racord-bomba-vibratoria\/"]}]},{"@type":"ImageObject","inLanguage":"fr-FR","@id":"https:\/\/kanakydesign.com\/producto\/racord-bomba-vibratoria\/#primaryimage","url":"https:\/\/kanakydesign.com\/wp-content\/uploads\/2023\/09\/DSC2867-scaled.jpg","contentUrl":"https:\/\/kanakydesign.com\/wp-content\/uploads\/2023\/09\/DSC2867-scaled.jpg","width":2560,"height":2560},{"@type":"BreadcrumbList","@id":"https:\/\/kanakydesign.com\/producto\/racord-bomba-vibratoria\/#breadcrumb","itemListElement":[{"@type":"ListItem","position":1,"name":"Portada","item":"https:\/\/kanakydesign.com\/"},{"@type":"ListItem","position":2,"name":"Tienda","item":"https:\/\/kanakydesign.com\/tienda\/"},{"@type":"ListItem","position":3,"name":"Racord bomba vibratoria"}]},{"@type":"WebSite","@id":"https:\/\/kanakydesign.com\/#website","url":"https:\/\/kanakydesign.com\/","name":"KanakyDesign Enclosures","description":"Become a professional keeper","publisher":{"@id":"https:\/\/kanakydesign.com\/#organization"},"alternateName":"KanakyDesign","potentialAction":[{"@type":"SearchAction","target":{"@type":"EntryPoint","urlTemplate":"https:\/\/kanakydesign.com\/?s={search_term_string}"},"query-input":{"@type":"PropertyValueSpecification","valueRequired":true,"valueName":"search_term_string"}}],"inLanguage":"fr-FR"},{"@type":"Organization","@id":"https:\/\/kanakydesign.com\/#organization","name":"KanakyDesign Enclosures","alternateName":"KanakyDesign","url":"https:\/\/kanakydesign.com\/","logo":{"@type":"ImageObject","inLanguage":"fr-FR","@id":"https:\/\/kanakydesign.com\/#\/schema\/logo\/image\/","url":"https:\/\/kanakydesign.com\/wp-content\/uploads\/2023\/06\/Logo-KanakyDesign-circular-negro-1.png","contentUrl":"https:\/\/kanakydesign.com\/wp-content\/uploads\/2023\/06\/Logo-KanakyDesign-circular-negro-1.png","width":2000,"height":2000,"caption":"KanakyDesign Enclosures"},"image":{"@id":"https:\/\/kanakydesign.com\/#\/schema\/logo\/image\/"}}]}},"_links":{"self":[{"href":"https:\/\/kanakydesign.com\/fr\/wp-json\/wp\/v2\/product\/633","targetHints":{"allow":["GET"]}}],"collection":[{"href":"https:\/\/kanakydesign.com\/fr\/wp-json\/wp\/v2\/product"}],"about":[{"href":"https:\/\/kanakydesign.com\/fr\/wp-json\/wp\/v2\/types\/product"}],"wp:featuredmedia":[{"embeddable":true,"href":"https:\/\/kanakydesign.com\/fr\/wp-json\/wp\/v2\/media\/1109"}],"wp:attachment":[{"href":"https:\/\/kanakydesign.com\/fr\/wp-json\/wp\/v2\/media?parent=633"}],"wp:term":[{"taxonomy":"product_brand","embeddable":true,"href":"https:\/\/kanakydesign.com\/fr\/wp-json\/wp\/v2\/product_brand?post=633"},{"taxonomy":"product_cat","embeddable":true,"href":"https:\/\/kanakydesign.com\/fr\/wp-json\/wp\/v2\/product_cat?post=633"},{"taxonomy":"product_tag","embeddable":true,"href":"https:\/\/kanakydesign.com\/fr\/wp-json\/wp\/v2\/product_tag?post=633"}],"curies":[{"name":"wp","href":"https:\/\/api.w.org\/{rel}","templated":true}]}}