{"id":629,"date":"2023-07-01T10:34:15","date_gmt":"2023-07-01T10:34:15","guid":{"rendered":"https:\/\/kanakydesign.com\/?post_type=product&#038;p=629"},"modified":"2026-02-07T23:54:38","modified_gmt":"2026-02-07T23:54:38","slug":"conexiones-6mm","status":"publish","type":"product","link":"https:\/\/kanakydesign.com\/fr\/produit\/conexiones-6mm\/","title":{"rendered":"Connexions 6mm"},"content":{"rendered":"<p data-start=\"178\" data-end=\"647\">Le <strong data-start=\"182\" data-end=\"235\">Connecteurs de 6 mm pour le syst\u00e8me d'eau de pluie du terrarium<\/strong> sont des pi\u00e8ces essentielles pour l'assemblage, l'extension ou la r\u00e9paration d'un circuit de pulv\u00e9risation lorsque l'on veut alimenter plusieurs lignes avec des <strong data-start=\"366\" data-end=\"384\">une seule pompe<\/strong>. Avec ces <strong data-start=\"396\" data-end=\"440\">Pi\u00e8ces de raccordement du syst\u00e8me de pluie de 6 mm<\/strong> vous pouvez organiser l'arrosage de mani\u00e8re propre et efficace, en adaptant le parcours du tube \u00e0 la conception du terrarium et aux zones o\u00f9 vous avez besoin de plus d'humidit\u00e9 (fonds, plantes \u00e9piphytes, branches ou parois moussues).<\/p>\n<p data-start=\"649\" data-end=\"1150\">Dans un syst\u00e8me de pluie bien con\u00e7u, les raccords d\u00e9terminent la facilit\u00e9 avec laquelle il est possible de maintenir la pression et d'\u00e9viter les fuites. Avec les bons raccords, vous pouvez effectuer des virages parfaits, diviser les lignes vers plusieurs buses ou m\u00eame alimenter plusieurs terrariums \u00e0 partir d'un seul circuit, sans solliciter les tuyaux ou cr\u00e9er des coudes qui r\u00e9duisent le d\u00e9bit. Si votre installation utilise des <strong data-start=\"1021\" data-end=\"1028\">6 mm<\/strong> (tr\u00e8s courant dans les syst\u00e8mes de pluie pour terrariums), ces pi\u00e8ces vous permettront de cr\u00e9er une installation plus professionnelle et plus ordonn\u00e9e.<\/p>\n<h2 data-start=\"1152\" data-end=\"1213\">\u2705 Taille 6mm : id\u00e9al pour les lignes principales et de distribution<\/h2>\n<p data-start=\"1214\" data-end=\"1358\">Ces pi\u00e8ces sont con\u00e7ues pour <strong data-start=\"1255\" data-end=\"1262\">6 mm<\/strong>, Ils sont tr\u00e8s courants en tant que ligne de distribution dans les syst\u00e8mes de pluie et de brumisation. Ils sont utiles pour :<\/p>\n<ul data-start=\"1359\" data-end=\"1546\">\n<li data-start=\"1359\" data-end=\"1404\">\n<p data-start=\"1361\" data-end=\"1404\">r\u00e9partir le flux sur plusieurs buses<\/p>\n<\/li>\n<li data-start=\"1405\" data-end=\"1452\">\n<p data-start=\"1407\" data-end=\"1452\">relier diff\u00e9rentes sections et prolonger les lignes<\/p>\n<\/li>\n<li data-start=\"1453\" data-end=\"1495\">\n<p data-start=\"1455\" data-end=\"1495\">la reprise des sections en raison de l'usure ou des fuites<\/p>\n<\/li>\n<li data-start=\"1496\" data-end=\"1546\">\n<p data-start=\"1498\" data-end=\"1546\">le maintien d'un circuit ferme et exempt de virages serr\u00e9s<\/p>\n<\/li>\n<\/ul>\n<p data-start=\"1548\" data-end=\"1654\">\ud83d\udc49 Compl\u00e9tez votre syst\u00e8me de pluie avec des buses, des pompes et des pi\u00e8ces de rechange sur <strong data-start=\"1618\" data-end=\"1653\"><a class=\"decorated-link\" href=\"https:\/\/kanakydesign.com\/fr\/categoria\/accesorios\/sistemas-de-lluvia\/\" target=\"_new\" rel=\"noopener\" data-start=\"1620\" data-end=\"1651\">https:\/\/www.kanakydesign.com\/<\/a><\/strong>.<\/p>\n<h2 data-start=\"1656\" data-end=\"1709\">\ud83e\udde9 4 mod\u00e8les disponibles (\u00e0 choisir en fonction de votre circuit)<\/h2>\n<p data-start=\"1710\" data-end=\"1786\">Disponible en quatre formats pour que vous puissiez choisir celui qui convient \u00e0 votre assemblage :<\/p>\n<h3 data-start=\"1788\" data-end=\"1812\">\ud83d\udd39 Raccord coud\u00e9 (L)<\/h3>\n<p data-start=\"1813\" data-end=\"1939\">Pivotement \u00e0 90\u00b0 pour les angles et les changements de direction. Permet de maintenir le tube en ordre et d'\u00e9viter les pertes de pression dues aux coudes.<\/p>\n<h3 data-start=\"1941\" data-end=\"1961\">\ud83d\udd39 Connecteur en T<\/h3>\n<p data-start=\"1962\" data-end=\"2089\">Divise une ligne en deux branches, id\u00e9al pour alimenter deux zones du terrarium ou deux lignes de buses \u00e0 partir du m\u00eame point.<\/p>\n<h3 data-start=\"2091\" data-end=\"2111\">\ud83d\udd39 Connecteur en Y<\/h3>\n<p data-start=\"2112\" data-end=\"2225\">Ramification plus progressive qu'une branche en T, utile lorsque l'on souhaite r\u00e9partir le flux en douceur dans deux directions.<\/p>\n<h3 data-start=\"2227\" data-end=\"2248\">\ud83d\udd39 Connecteur droit<\/h3>\n<p data-start=\"2249\" data-end=\"2337\">Joint deux sections de tube de 6 mm ou sert \u00e0 rallonger une ligne sans en changer l'int\u00e9gralit\u00e9.<\/p>\n<h2 data-start=\"2339\" data-end=\"2387\">\ud83d\udca1 Conseils pour une irrigation stable et sans fuite<\/h2>\n<ul data-start=\"2388\" data-end=\"2698\">\n<li data-start=\"2388\" data-end=\"2453\">\n<p data-start=\"2390\" data-end=\"2453\">Planifiez l'itin\u00e9raire : moins de joints = moins de points de fuite.<\/p>\n<\/li>\n<li data-start=\"2454\" data-end=\"2520\">\n<p data-start=\"2456\" data-end=\"2520\">Utilisation <strong data-start=\"2460\" data-end=\"2471\">coudes L<\/strong> en effectuant des virages serr\u00e9s afin de ne pas \u00e9touffer le tube.<\/p>\n<\/li>\n<li data-start=\"2521\" data-end=\"2613\">\n<p data-start=\"2523\" data-end=\"2613\">En cas de perte de puissance de la pulv\u00e9risation, v\u00e9rifier les buses, le filtre et la distribution du circuit.<\/p>\n<\/li>\n<li data-start=\"2614\" data-end=\"2698\">\n<p data-start=\"2616\" data-end=\"2698\">Dans les grandes installations, r\u00e9partir les buses le long des lignes pour \u00e9quilibrer le d\u00e9bit.<\/p>\n<\/li>\n<\/ul>","protected":false},"excerpt":{"rendered":"<p>Pi\u00e8ces du syst\u00e8me de pluie de 6 mm n\u00e9cessaires pour organiser l'arrosage de nos terrariums \u00e0 l'aide d'une seule pompe.<\/p>","protected":false},"featured_media":1107,"template":"","meta":[],"product_brand":[],"product_cat":[23,27],"product_tag":[399,407,410,408,409,404,406,400,402,412,405,403,411],"class_list":{"0":"post-629","1":"product","2":"type-product","3":"status-publish","4":"has-post-thumbnail","6":"product_cat-accesorios","7":"product_cat-sistemas-de-lluvia","8":"product_tag-accesorios-sistema-de-lluvia-terrario","9":"product_tag-codo-l-6mm","10":"product_tag-conector-recto-6mm","11":"product_tag-conector-t-6mm","12":"product_tag-conector-y-6mm","13":"product_tag-conectores-6mm-sistema-lluvia","14":"product_tag-conectores-6mm-terrario","15":"product_tag-conexiones-riego-terrario","16":"product_tag-distribucion-riego-terrarios","17":"product_tag-montaje-sistema-de-lluvia","18":"product_tag-piezas-conexion-sistema-de-lluvia-6mm","19":"product_tag-repuestos-sistema-lluvia","20":"product_tag-tuberia-6mm-nebulizacion","21":"product_shipping_class-accesorios","23":"first","24":"instock","25":"taxable","26":"shipping-taxable","27":"purchasable","28":"product-type-variable"},"yoast_head":"<!-- This site is optimized with the Yoast SEO plugin v27.4 - https:\/\/yoast.com\/product\/yoast-seo-wordpress\/ -->\n<title>Conexiones 6mm | KanakyDesign Enclosures<\/title>\n<meta name=\"description\" content=\"Conectores 6mm sistema lluvia terrario para organizar el riego con una sola bomba. Modelos: codo L, T, Y y recto. Ideal para montar y reparar.\" \/>\n<meta name=\"robots\" content=\"index, follow, max-snippet:-1, max-image-preview:large, max-video-preview:-1\" \/>\n<link rel=\"canonical\" href=\"https:\/\/kanakydesign.com\/fr\/produit\/conexiones-6mm\/\" \/>\n<meta property=\"og:locale\" content=\"fr_FR\" \/>\n<meta property=\"og:type\" content=\"article\" \/>\n<meta property=\"og:title\" content=\"Conexiones 6mm | KanakyDesign Enclosures\" \/>\n<meta property=\"og:description\" content=\"Conectores 6mm sistema lluvia terrario para organizar el riego con una sola bomba. Modelos: codo L, T, Y y recto. Ideal para montar y reparar.\" \/>\n<meta property=\"og:url\" content=\"https:\/\/kanakydesign.com\/fr\/produit\/conexiones-6mm\/\" \/>\n<meta property=\"og:site_name\" content=\"KanakyDesign Enclosures\" \/>\n<meta property=\"article:modified_time\" content=\"2026-02-07T23:54:38+00:00\" \/>\n<meta property=\"og:image\" content=\"https:\/\/kanakydesign.com\/wp-content\/uploads\/2023\/09\/DSC2863-scaled.jpg\" \/>\n\t<meta property=\"og:image:width\" content=\"2560\" \/>\n\t<meta property=\"og:image:height\" content=\"2560\" \/>\n\t<meta property=\"og:image:type\" content=\"image\/jpeg\" \/>\n<meta name=\"twitter:card\" content=\"summary_large_image\" \/>\n<meta name=\"twitter:label1\" content=\"Dur\u00e9e de lecture estim\u00e9e\" \/>\n\t<meta name=\"twitter:data1\" content=\"2 minutes\" \/>\n<script type=\"application\/ld+json\" class=\"yoast-schema-graph\">{\"@context\":\"https:\\\/\\\/schema.org\",\"@graph\":[{\"@type\":\"WebPage\",\"@id\":\"https:\\\/\\\/kanakydesign.com\\\/producto\\\/conexiones-6mm\\\/\",\"url\":\"https:\\\/\\\/kanakydesign.com\\\/producto\\\/conexiones-6mm\\\/\",\"name\":\"Conexiones 6mm | KanakyDesign Enclosures\",\"isPartOf\":{\"@id\":\"https:\\\/\\\/kanakydesign.com\\\/#website\"},\"primaryImageOfPage\":{\"@id\":\"https:\\\/\\\/kanakydesign.com\\\/producto\\\/conexiones-6mm\\\/#primaryimage\"},\"image\":{\"@id\":\"https:\\\/\\\/kanakydesign.com\\\/producto\\\/conexiones-6mm\\\/#primaryimage\"},\"thumbnailUrl\":\"https:\\\/\\\/kanakydesign.com\\\/wp-content\\\/uploads\\\/2023\\\/09\\\/DSC2863-scaled.jpg\",\"datePublished\":\"2023-07-01T10:34:15+00:00\",\"dateModified\":\"2026-02-07T23:54:38+00:00\",\"description\":\"Conectores 6mm sistema lluvia terrario para organizar el riego con una sola bomba. Modelos: codo L, T, Y y recto. Ideal para montar y reparar.\",\"breadcrumb\":{\"@id\":\"https:\\\/\\\/kanakydesign.com\\\/producto\\\/conexiones-6mm\\\/#breadcrumb\"},\"inLanguage\":\"fr-FR\",\"potentialAction\":[{\"@type\":\"ReadAction\",\"target\":[\"https:\\\/\\\/kanakydesign.com\\\/producto\\\/conexiones-6mm\\\/\"]}]},{\"@type\":\"ImageObject\",\"inLanguage\":\"fr-FR\",\"@id\":\"https:\\\/\\\/kanakydesign.com\\\/producto\\\/conexiones-6mm\\\/#primaryimage\",\"url\":\"https:\\\/\\\/kanakydesign.com\\\/wp-content\\\/uploads\\\/2023\\\/09\\\/DSC2863-scaled.jpg\",\"contentUrl\":\"https:\\\/\\\/kanakydesign.com\\\/wp-content\\\/uploads\\\/2023\\\/09\\\/DSC2863-scaled.jpg\",\"width\":2560,\"height\":2560},{\"@type\":\"BreadcrumbList\",\"@id\":\"https:\\\/\\\/kanakydesign.com\\\/producto\\\/conexiones-6mm\\\/#breadcrumb\",\"itemListElement\":[{\"@type\":\"ListItem\",\"position\":1,\"name\":\"Portada\",\"item\":\"https:\\\/\\\/kanakydesign.com\\\/\"},{\"@type\":\"ListItem\",\"position\":2,\"name\":\"Tienda\",\"item\":\"https:\\\/\\\/kanakydesign.com\\\/tienda\\\/\"},{\"@type\":\"ListItem\",\"position\":3,\"name\":\"Conexiones 6mm\"}]},{\"@type\":\"WebSite\",\"@id\":\"https:\\\/\\\/kanakydesign.com\\\/#website\",\"url\":\"https:\\\/\\\/kanakydesign.com\\\/\",\"name\":\"KanakyDesign Enclosures\",\"description\":\"Become a professional keeper\",\"publisher\":{\"@id\":\"https:\\\/\\\/kanakydesign.com\\\/#organization\"},\"alternateName\":\"KanakyDesign\",\"potentialAction\":[{\"@type\":\"SearchAction\",\"target\":{\"@type\":\"EntryPoint\",\"urlTemplate\":\"https:\\\/\\\/kanakydesign.com\\\/?s={search_term_string}\"},\"query-input\":{\"@type\":\"PropertyValueSpecification\",\"valueRequired\":true,\"valueName\":\"search_term_string\"}}],\"inLanguage\":\"fr-FR\"},{\"@type\":\"Organization\",\"@id\":\"https:\\\/\\\/kanakydesign.com\\\/#organization\",\"name\":\"KanakyDesign Enclosures\",\"alternateName\":\"KanakyDesign\",\"url\":\"https:\\\/\\\/kanakydesign.com\\\/\",\"logo\":{\"@type\":\"ImageObject\",\"inLanguage\":\"fr-FR\",\"@id\":\"https:\\\/\\\/kanakydesign.com\\\/#\\\/schema\\\/logo\\\/image\\\/\",\"url\":\"https:\\\/\\\/kanakydesign.com\\\/wp-content\\\/uploads\\\/2023\\\/06\\\/Logo-KanakyDesign-circular-negro-1.png\",\"contentUrl\":\"https:\\\/\\\/kanakydesign.com\\\/wp-content\\\/uploads\\\/2023\\\/06\\\/Logo-KanakyDesign-circular-negro-1.png\",\"width\":2000,\"height\":2000,\"caption\":\"KanakyDesign Enclosures\"},\"image\":{\"@id\":\"https:\\\/\\\/kanakydesign.com\\\/#\\\/schema\\\/logo\\\/image\\\/\"}}]}<\/script>\n<!-- \/ Yoast SEO plugin. -->","yoast_head_json":{"title":"Connexions 6mm | KanakyDesign Enclosures","description":"Connecteurs de 6 mm pour syst\u00e8me de pluie pour terrarium permettant d'organiser l'arrosage \u00e0 l'aide d'une seule pompe. Mod\u00e8les : L, T, Y et coude droit. Id\u00e9al pour l'assemblage et la r\u00e9paration.","robots":{"index":"index","follow":"follow","max-snippet":"max-snippet:-1","max-image-preview":"max-image-preview:large","max-video-preview":"max-video-preview:-1"},"canonical":"https:\/\/kanakydesign.com\/fr\/produit\/conexiones-6mm\/","og_locale":"fr_FR","og_type":"article","og_title":"Conexiones 6mm | KanakyDesign Enclosures","og_description":"Conectores 6mm sistema lluvia terrario para organizar el riego con una sola bomba. Modelos: codo L, T, Y y recto. Ideal para montar y reparar.","og_url":"https:\/\/kanakydesign.com\/fr\/produit\/conexiones-6mm\/","og_site_name":"KanakyDesign Enclosures","article_modified_time":"2026-02-07T23:54:38+00:00","og_image":[{"width":2560,"height":2560,"url":"https:\/\/kanakydesign.com\/wp-content\/uploads\/2023\/09\/DSC2863-scaled.jpg","type":"image\/jpeg"}],"twitter_card":"summary_large_image","twitter_misc":{"Dur\u00e9e de lecture estim\u00e9e":"2 minutes"},"schema":{"@context":"https:\/\/schema.org","@graph":[{"@type":"WebPage","@id":"https:\/\/kanakydesign.com\/producto\/conexiones-6mm\/","url":"https:\/\/kanakydesign.com\/producto\/conexiones-6mm\/","name":"Connexions 6mm | KanakyDesign Enclosures","isPartOf":{"@id":"https:\/\/kanakydesign.com\/#website"},"primaryImageOfPage":{"@id":"https:\/\/kanakydesign.com\/producto\/conexiones-6mm\/#primaryimage"},"image":{"@id":"https:\/\/kanakydesign.com\/producto\/conexiones-6mm\/#primaryimage"},"thumbnailUrl":"https:\/\/kanakydesign.com\/wp-content\/uploads\/2023\/09\/DSC2863-scaled.jpg","datePublished":"2023-07-01T10:34:15+00:00","dateModified":"2026-02-07T23:54:38+00:00","description":"Connecteurs de 6 mm pour syst\u00e8me de pluie pour terrarium permettant d'organiser l'arrosage \u00e0 l'aide d'une seule pompe. Mod\u00e8les : L, T, Y et coude droit. Id\u00e9al pour l'assemblage et la r\u00e9paration.","breadcrumb":{"@id":"https:\/\/kanakydesign.com\/producto\/conexiones-6mm\/#breadcrumb"},"inLanguage":"fr-FR","potentialAction":[{"@type":"ReadAction","target":["https:\/\/kanakydesign.com\/producto\/conexiones-6mm\/"]}]},{"@type":"ImageObject","inLanguage":"fr-FR","@id":"https:\/\/kanakydesign.com\/producto\/conexiones-6mm\/#primaryimage","url":"https:\/\/kanakydesign.com\/wp-content\/uploads\/2023\/09\/DSC2863-scaled.jpg","contentUrl":"https:\/\/kanakydesign.com\/wp-content\/uploads\/2023\/09\/DSC2863-scaled.jpg","width":2560,"height":2560},{"@type":"BreadcrumbList","@id":"https:\/\/kanakydesign.com\/producto\/conexiones-6mm\/#breadcrumb","itemListElement":[{"@type":"ListItem","position":1,"name":"Portada","item":"https:\/\/kanakydesign.com\/"},{"@type":"ListItem","position":2,"name":"Tienda","item":"https:\/\/kanakydesign.com\/tienda\/"},{"@type":"ListItem","position":3,"name":"Conexiones 6mm"}]},{"@type":"WebSite","@id":"https:\/\/kanakydesign.com\/#website","url":"https:\/\/kanakydesign.com\/","name":"KanakyDesign Enclosures","description":"Become a professional keeper","publisher":{"@id":"https:\/\/kanakydesign.com\/#organization"},"alternateName":"KanakyDesign","potentialAction":[{"@type":"SearchAction","target":{"@type":"EntryPoint","urlTemplate":"https:\/\/kanakydesign.com\/?s={search_term_string}"},"query-input":{"@type":"PropertyValueSpecification","valueRequired":true,"valueName":"search_term_string"}}],"inLanguage":"fr-FR"},{"@type":"Organization","@id":"https:\/\/kanakydesign.com\/#organization","name":"KanakyDesign Enclosures","alternateName":"KanakyDesign","url":"https:\/\/kanakydesign.com\/","logo":{"@type":"ImageObject","inLanguage":"fr-FR","@id":"https:\/\/kanakydesign.com\/#\/schema\/logo\/image\/","url":"https:\/\/kanakydesign.com\/wp-content\/uploads\/2023\/06\/Logo-KanakyDesign-circular-negro-1.png","contentUrl":"https:\/\/kanakydesign.com\/wp-content\/uploads\/2023\/06\/Logo-KanakyDesign-circular-negro-1.png","width":2000,"height":2000,"caption":"KanakyDesign Enclosures"},"image":{"@id":"https:\/\/kanakydesign.com\/#\/schema\/logo\/image\/"}}]}},"_links":{"self":[{"href":"https:\/\/kanakydesign.com\/fr\/wp-json\/wp\/v2\/product\/629","targetHints":{"allow":["GET"]}}],"collection":[{"href":"https:\/\/kanakydesign.com\/fr\/wp-json\/wp\/v2\/product"}],"about":[{"href":"https:\/\/kanakydesign.com\/fr\/wp-json\/wp\/v2\/types\/product"}],"wp:featuredmedia":[{"embeddable":true,"href":"https:\/\/kanakydesign.com\/fr\/wp-json\/wp\/v2\/media\/1107"}],"wp:attachment":[{"href":"https:\/\/kanakydesign.com\/fr\/wp-json\/wp\/v2\/media?parent=629"}],"wp:term":[{"taxonomy":"product_brand","embeddable":true,"href":"https:\/\/kanakydesign.com\/fr\/wp-json\/wp\/v2\/product_brand?post=629"},{"taxonomy":"product_cat","embeddable":true,"href":"https:\/\/kanakydesign.com\/fr\/wp-json\/wp\/v2\/product_cat?post=629"},{"taxonomy":"product_tag","embeddable":true,"href":"https:\/\/kanakydesign.com\/fr\/wp-json\/wp\/v2\/product_tag?post=629"}],"curies":[{"name":"wp","href":"https:\/\/api.w.org\/{rel}","templated":true}]}}