{"id":628,"date":"2023-07-01T10:34:06","date_gmt":"2023-07-01T10:34:06","guid":{"rendered":"https:\/\/kanakydesign.com\/?post_type=product&#038;p=628"},"modified":"2026-02-07T23:51:13","modified_gmt":"2026-02-07T23:51:13","slug":"conexiones-4mm","status":"publish","type":"product","link":"https:\/\/kanakydesign.com\/fr\/produit\/conexiones-4mm\/","title":{"rendered":"Connexions 4mm"},"content":{"rendered":"<p data-start=\"178\" data-end=\"599\">Le <strong data-start=\"182\" data-end=\"235\">Connecteurs de 4 mm pour le syst\u00e8me de pluie pour terrarium<\/strong> sont des pi\u00e8ces essentielles pour l'assemblage, l'extension ou la r\u00e9paration d'un circuit de pulv\u00e9risation lorsque l'on souhaite alimenter plusieurs lignes avec des <strong data-start=\"361\" data-end=\"379\">une seule pompe<\/strong>. Avec ces <strong data-start=\"391\" data-end=\"435\">Pi\u00e8ces de raccordement du syst\u00e8me de pluie de 4 mm<\/strong> vous pouvez concevoir un syst\u00e8me d'arrosage soign\u00e9, efficace et facile \u00e0 entretenir, en adaptant le parcours du tube \u00e0 la forme du terrarium et aux zones o\u00f9 vous avez besoin de plus d'humidit\u00e9.<\/p>\n<p data-start=\"601\" data-end=\"1013\">Dans un syst\u00e8me de pluie bien con\u00e7u, les raccords sont tout aussi importants que la pompe et les buses : ils permettent d'effectuer des virages nets, de r\u00e9partir le flux dans diff\u00e9rents terrariums ou secteurs et de maintenir les tuyaux stables sans les plier pour r\u00e9duire la pression. Si vous avez un terrarium tropical, un paludarium ou plusieurs enclos reli\u00e9s \u00e0 la m\u00eame pompe, ces pi\u00e8ces vous aident \u00e0 cr\u00e9er un circuit stable et professionnel.<\/p>\n<h2 data-start=\"1015\" data-end=\"1072\">\u2705 Taille 4mm : pour organiser les lignes avec une seule pompe<\/h2>\n<p data-start=\"1073\" data-end=\"1208\">Ces pi\u00e8ces sont con\u00e7ues pour <strong data-start=\"1117\" data-end=\"1124\">4mm<\/strong>, Les syst\u00e8mes d'arrosage et de brumisation sont tr\u00e8s courants dans les syst\u00e8mes d'irrigation et de brumisation compacts. Ils sont id\u00e9aux pour :<\/p>\n<ul data-start=\"1209\" data-end=\"1406\">\n<li data-start=\"1209\" data-end=\"1254\">\n<p data-start=\"1211\" data-end=\"1254\">distribuer l'eau \u00e0 plusieurs buses<\/p>\n<\/li>\n<li data-start=\"1255\" data-end=\"1302\">\n<p data-start=\"1257\" data-end=\"1302\">connecter plusieurs terrariums \u00e0 la m\u00eame ligne<\/p>\n<\/li>\n<li data-start=\"1303\" data-end=\"1345\">\n<p data-start=\"1305\" data-end=\"1345\">refaire les sections us\u00e9es ou non \u00e9tanches<\/p>\n<\/li>\n<li data-start=\"1346\" data-end=\"1406\">\n<p data-start=\"1348\" data-end=\"1406\">am\u00e9liorer l'ordre du circuit et faciliter l'entretien<\/p>\n<\/li>\n<\/ul>\n<p data-start=\"1408\" data-end=\"1515\">\ud83d\udc49 Vous pouvez compl\u00e9ter votre assemblage avec des buses, des pompes et des pi\u00e8ces d\u00e9tach\u00e9es de <strong data-start=\"1479\" data-end=\"1514\"><a class=\"decorated-link\" href=\"https:\/\/kanakydesign.com\/fr\/categoria\/accesorios\/sistemas-de-lluvia\/\" target=\"_new\" rel=\"noopener\" data-start=\"1481\" data-end=\"1512\">https:\/\/www.kanakydesign.com\/<\/a><\/strong>.<\/p>\n<h2 data-start=\"1517\" data-end=\"1569\">\ud83e\udde9 4 mod\u00e8les disponibles (choisissez celui dont vous avez besoin)<\/h2>\n<p data-start=\"1570\" data-end=\"1625\">Selon la conception de votre circuit, vous disposez de quatre formats :<\/p>\n<h3 data-start=\"1627\" data-end=\"1651\">\ud83d\udd39 Raccord coud\u00e9 (L)<\/h3>\n<p data-start=\"1652\" data-end=\"1783\">Parfait pour les virages \u00e0 90\u00b0 ou les changements de direction sans forcer le tube. R\u00e9duit les plis et aide \u00e0 maintenir une bonne pression.<\/p>\n<h3 data-start=\"1785\" data-end=\"1805\">\ud83d\udd39 Connecteur en T<\/h3>\n<p data-start=\"1806\" data-end=\"1921\">Pour <strong data-start=\"1811\" data-end=\"1839\">diviser une ligne en deux<\/strong>, Le syst\u00e8me peut \u00eatre utilis\u00e9 pour cr\u00e9er des embranchements vers diff\u00e9rentes zones ou buses tout en conservant un agencement propre.<\/p>\n<h3 data-start=\"1923\" data-end=\"1943\">\ud83d\udd39 Connecteur en Y<\/h3>\n<p data-start=\"1944\" data-end=\"2064\">Une alternative tr\u00e8s utile lorsque vous souhaitez une fourche plus \u201csouple\u201d avec un d\u00e9bit plus progressif dans les deux sens.<\/p>\n<h3 data-start=\"2066\" data-end=\"2087\">\ud83d\udd39 Connecteur droit<\/h3>\n<p data-start=\"2088\" data-end=\"2170\">Pour <strong data-start=\"2093\" data-end=\"2124\">assemblage de deux longueurs de tuyau de 4 mm<\/strong> ou allonger une ligne rapidement et en toute s\u00e9curit\u00e9.<\/p>\n<h2 data-start=\"2172\" data-end=\"2224\">\ud83d\udca1 Conseils pour un syst\u00e8me d'eau de pluie plus stable<\/h2>\n<ul data-start=\"2225\" data-end=\"2557\">\n<li data-start=\"2225\" data-end=\"2314\">\n<p data-start=\"2227\" data-end=\"2314\">Planifiez l'itin\u00e9raire avant de couper le tuyau : moins de joints = moins de points de fuite.<\/p>\n<\/li>\n<li data-start=\"2315\" data-end=\"2377\">\n<p data-start=\"2317\" data-end=\"2377\">\u00c9viter les coudes brusques avec le tuyau ; utiliser <strong data-start=\"2344\" data-end=\"2355\">coudes L<\/strong> pour des virages nets.<\/p>\n<\/li>\n<li data-start=\"2378\" data-end=\"2476\">\n<p data-start=\"2380\" data-end=\"2476\">Si vous constatez une baisse de pression, v\u00e9rifiez que les buses ne sont pas obstru\u00e9es et r\u00e9duisez au minimum les d\u00e9rivations inutiles.<\/p>\n<\/li>\n<li data-start=\"2477\" data-end=\"2557\">\n<p data-start=\"2479\" data-end=\"2557\">Dans les grandes installations, r\u00e9partir les buses le long des lignes pour \u00e9quilibrer le d\u00e9bit.<\/p>\n<\/li>\n<\/ul>","protected":false},"excerpt":{"rendered":"<p>Pi\u00e8ces du syst\u00e8me de pluie de 4 mm n\u00e9cessaire pour organiser l'arrosage de nos terrariums avec une seule pompe.<\/p>","protected":false},"featured_media":1107,"template":"","meta":[],"product_brand":[],"product_cat":[23,27],"product_tag":[399,395,398,396,397,392,394,400,402,393,403,401],"class_list":{"0":"post-628","1":"product","2":"type-product","3":"status-publish","4":"has-post-thumbnail","6":"product_cat-accesorios","7":"product_cat-sistemas-de-lluvia","8":"product_tag-accesorios-sistema-de-lluvia-terrario","9":"product_tag-codo-l-4mm","10":"product_tag-conector-recto-4mm","11":"product_tag-conector-t-4mm","12":"product_tag-conector-y-4mm","13":"product_tag-conectores-4mm-sistema-lluvia","14":"product_tag-conectores-4mm-terrario","15":"product_tag-conexiones-riego-terrario","16":"product_tag-distribucion-riego-terrarios","17":"product_tag-piezas-conexion-sistema-de-lluvia","18":"product_tag-repuestos-sistema-lluvia","19":"product_tag-tuberia-4mm-nebulizacion","20":"product_shipping_class-accesorios","22":"first","23":"instock","24":"taxable","25":"shipping-taxable","26":"purchasable","27":"product-type-variable"},"yoast_head":"<!-- This site is optimized with the Yoast SEO plugin v27.3 - https:\/\/yoast.com\/product\/yoast-seo-wordpress\/ -->\n<title>Conexiones 4mm | KanakyDesign Enclosures<\/title>\n<meta name=\"description\" content=\"Conectores 4mm sistema lluvia terrario para organizar el riego con una sola bomba. Modelos: codo L, T, Y y recto. Ideal para montar y reparar.\" \/>\n<meta name=\"robots\" content=\"index, follow, max-snippet:-1, max-image-preview:large, max-video-preview:-1\" \/>\n<link rel=\"canonical\" href=\"https:\/\/kanakydesign.com\/fr\/produit\/conexiones-4mm\/\" \/>\n<meta property=\"og:locale\" content=\"fr_FR\" \/>\n<meta property=\"og:type\" content=\"article\" \/>\n<meta property=\"og:title\" content=\"Conexiones 4mm | KanakyDesign Enclosures\" \/>\n<meta property=\"og:description\" content=\"Conectores 4mm sistema lluvia terrario para organizar el riego con una sola bomba. Modelos: codo L, T, Y y recto. Ideal para montar y reparar.\" \/>\n<meta property=\"og:url\" content=\"https:\/\/kanakydesign.com\/fr\/produit\/conexiones-4mm\/\" \/>\n<meta property=\"og:site_name\" content=\"KanakyDesign Enclosures\" \/>\n<meta property=\"article:modified_time\" content=\"2026-02-07T23:51:13+00:00\" \/>\n<meta property=\"og:image\" content=\"https:\/\/kanakydesign.com\/wp-content\/uploads\/2023\/09\/DSC2863-scaled.jpg\" \/>\n\t<meta property=\"og:image:width\" content=\"2560\" \/>\n\t<meta property=\"og:image:height\" content=\"2560\" \/>\n\t<meta property=\"og:image:type\" content=\"image\/jpeg\" \/>\n<meta name=\"twitter:card\" content=\"summary_large_image\" \/>\n<meta name=\"twitter:label1\" content=\"Dur\u00e9e de lecture estim\u00e9e\" \/>\n\t<meta name=\"twitter:data1\" content=\"2 minutes\" \/>\n<script type=\"application\/ld+json\" class=\"yoast-schema-graph\">{\"@context\":\"https:\\\/\\\/schema.org\",\"@graph\":[{\"@type\":\"WebPage\",\"@id\":\"https:\\\/\\\/kanakydesign.com\\\/producto\\\/conexiones-4mm\\\/\",\"url\":\"https:\\\/\\\/kanakydesign.com\\\/producto\\\/conexiones-4mm\\\/\",\"name\":\"Conexiones 4mm | KanakyDesign Enclosures\",\"isPartOf\":{\"@id\":\"https:\\\/\\\/kanakydesign.com\\\/#website\"},\"primaryImageOfPage\":{\"@id\":\"https:\\\/\\\/kanakydesign.com\\\/producto\\\/conexiones-4mm\\\/#primaryimage\"},\"image\":{\"@id\":\"https:\\\/\\\/kanakydesign.com\\\/producto\\\/conexiones-4mm\\\/#primaryimage\"},\"thumbnailUrl\":\"https:\\\/\\\/kanakydesign.com\\\/wp-content\\\/uploads\\\/2023\\\/09\\\/DSC2863-scaled.jpg\",\"datePublished\":\"2023-07-01T10:34:06+00:00\",\"dateModified\":\"2026-02-07T23:51:13+00:00\",\"description\":\"Conectores 4mm sistema lluvia terrario para organizar el riego con una sola bomba. Modelos: codo L, T, Y y recto. Ideal para montar y reparar.\",\"breadcrumb\":{\"@id\":\"https:\\\/\\\/kanakydesign.com\\\/producto\\\/conexiones-4mm\\\/#breadcrumb\"},\"inLanguage\":\"fr-FR\",\"potentialAction\":[{\"@type\":\"ReadAction\",\"target\":[\"https:\\\/\\\/kanakydesign.com\\\/producto\\\/conexiones-4mm\\\/\"]}]},{\"@type\":\"ImageObject\",\"inLanguage\":\"fr-FR\",\"@id\":\"https:\\\/\\\/kanakydesign.com\\\/producto\\\/conexiones-4mm\\\/#primaryimage\",\"url\":\"https:\\\/\\\/kanakydesign.com\\\/wp-content\\\/uploads\\\/2023\\\/09\\\/DSC2863-scaled.jpg\",\"contentUrl\":\"https:\\\/\\\/kanakydesign.com\\\/wp-content\\\/uploads\\\/2023\\\/09\\\/DSC2863-scaled.jpg\",\"width\":2560,\"height\":2560},{\"@type\":\"BreadcrumbList\",\"@id\":\"https:\\\/\\\/kanakydesign.com\\\/producto\\\/conexiones-4mm\\\/#breadcrumb\",\"itemListElement\":[{\"@type\":\"ListItem\",\"position\":1,\"name\":\"Portada\",\"item\":\"https:\\\/\\\/kanakydesign.com\\\/\"},{\"@type\":\"ListItem\",\"position\":2,\"name\":\"Tienda\",\"item\":\"https:\\\/\\\/kanakydesign.com\\\/tienda\\\/\"},{\"@type\":\"ListItem\",\"position\":3,\"name\":\"Conexiones 4mm\"}]},{\"@type\":\"WebSite\",\"@id\":\"https:\\\/\\\/kanakydesign.com\\\/#website\",\"url\":\"https:\\\/\\\/kanakydesign.com\\\/\",\"name\":\"KanakyDesign Enclosures\",\"description\":\"Become a professional keeper\",\"publisher\":{\"@id\":\"https:\\\/\\\/kanakydesign.com\\\/#organization\"},\"alternateName\":\"KanakyDesign\",\"potentialAction\":[{\"@type\":\"SearchAction\",\"target\":{\"@type\":\"EntryPoint\",\"urlTemplate\":\"https:\\\/\\\/kanakydesign.com\\\/?s={search_term_string}\"},\"query-input\":{\"@type\":\"PropertyValueSpecification\",\"valueRequired\":true,\"valueName\":\"search_term_string\"}}],\"inLanguage\":\"fr-FR\"},{\"@type\":\"Organization\",\"@id\":\"https:\\\/\\\/kanakydesign.com\\\/#organization\",\"name\":\"KanakyDesign Enclosures\",\"alternateName\":\"KanakyDesign\",\"url\":\"https:\\\/\\\/kanakydesign.com\\\/\",\"logo\":{\"@type\":\"ImageObject\",\"inLanguage\":\"fr-FR\",\"@id\":\"https:\\\/\\\/kanakydesign.com\\\/#\\\/schema\\\/logo\\\/image\\\/\",\"url\":\"https:\\\/\\\/kanakydesign.com\\\/wp-content\\\/uploads\\\/2023\\\/06\\\/Logo-KanakyDesign-circular-negro-1.png\",\"contentUrl\":\"https:\\\/\\\/kanakydesign.com\\\/wp-content\\\/uploads\\\/2023\\\/06\\\/Logo-KanakyDesign-circular-negro-1.png\",\"width\":2000,\"height\":2000,\"caption\":\"KanakyDesign Enclosures\"},\"image\":{\"@id\":\"https:\\\/\\\/kanakydesign.com\\\/#\\\/schema\\\/logo\\\/image\\\/\"}}]}<\/script>\n<!-- \/ Yoast SEO plugin. -->","yoast_head_json":{"title":"Connexions 4mm | KanakyDesign Enclosures","description":"Connecteurs de 4 mm pour syst\u00e8me de pluie pour terrarium permettant d'organiser l'arrosage \u00e0 l'aide d'une seule pompe. Mod\u00e8les : L, T, Y et coude droit. Id\u00e9al pour l'assemblage et la r\u00e9paration.","robots":{"index":"index","follow":"follow","max-snippet":"max-snippet:-1","max-image-preview":"max-image-preview:large","max-video-preview":"max-video-preview:-1"},"canonical":"https:\/\/kanakydesign.com\/fr\/produit\/conexiones-4mm\/","og_locale":"fr_FR","og_type":"article","og_title":"Conexiones 4mm | KanakyDesign Enclosures","og_description":"Conectores 4mm sistema lluvia terrario para organizar el riego con una sola bomba. Modelos: codo L, T, Y y recto. Ideal para montar y reparar.","og_url":"https:\/\/kanakydesign.com\/fr\/produit\/conexiones-4mm\/","og_site_name":"KanakyDesign Enclosures","article_modified_time":"2026-02-07T23:51:13+00:00","og_image":[{"width":2560,"height":2560,"url":"https:\/\/kanakydesign.com\/wp-content\/uploads\/2023\/09\/DSC2863-scaled.jpg","type":"image\/jpeg"}],"twitter_card":"summary_large_image","twitter_misc":{"Dur\u00e9e de lecture estim\u00e9e":"2 minutes"},"schema":{"@context":"https:\/\/schema.org","@graph":[{"@type":"WebPage","@id":"https:\/\/kanakydesign.com\/producto\/conexiones-4mm\/","url":"https:\/\/kanakydesign.com\/producto\/conexiones-4mm\/","name":"Connexions 4mm | KanakyDesign Enclosures","isPartOf":{"@id":"https:\/\/kanakydesign.com\/#website"},"primaryImageOfPage":{"@id":"https:\/\/kanakydesign.com\/producto\/conexiones-4mm\/#primaryimage"},"image":{"@id":"https:\/\/kanakydesign.com\/producto\/conexiones-4mm\/#primaryimage"},"thumbnailUrl":"https:\/\/kanakydesign.com\/wp-content\/uploads\/2023\/09\/DSC2863-scaled.jpg","datePublished":"2023-07-01T10:34:06+00:00","dateModified":"2026-02-07T23:51:13+00:00","description":"Connecteurs de 4 mm pour syst\u00e8me de pluie pour terrarium permettant d'organiser l'arrosage \u00e0 l'aide d'une seule pompe. Mod\u00e8les : L, T, Y et coude droit. Id\u00e9al pour l'assemblage et la r\u00e9paration.","breadcrumb":{"@id":"https:\/\/kanakydesign.com\/producto\/conexiones-4mm\/#breadcrumb"},"inLanguage":"fr-FR","potentialAction":[{"@type":"ReadAction","target":["https:\/\/kanakydesign.com\/producto\/conexiones-4mm\/"]}]},{"@type":"ImageObject","inLanguage":"fr-FR","@id":"https:\/\/kanakydesign.com\/producto\/conexiones-4mm\/#primaryimage","url":"https:\/\/kanakydesign.com\/wp-content\/uploads\/2023\/09\/DSC2863-scaled.jpg","contentUrl":"https:\/\/kanakydesign.com\/wp-content\/uploads\/2023\/09\/DSC2863-scaled.jpg","width":2560,"height":2560},{"@type":"BreadcrumbList","@id":"https:\/\/kanakydesign.com\/producto\/conexiones-4mm\/#breadcrumb","itemListElement":[{"@type":"ListItem","position":1,"name":"Portada","item":"https:\/\/kanakydesign.com\/"},{"@type":"ListItem","position":2,"name":"Tienda","item":"https:\/\/kanakydesign.com\/tienda\/"},{"@type":"ListItem","position":3,"name":"Conexiones 4mm"}]},{"@type":"WebSite","@id":"https:\/\/kanakydesign.com\/#website","url":"https:\/\/kanakydesign.com\/","name":"KanakyDesign Enclosures","description":"Become a professional keeper","publisher":{"@id":"https:\/\/kanakydesign.com\/#organization"},"alternateName":"KanakyDesign","potentialAction":[{"@type":"SearchAction","target":{"@type":"EntryPoint","urlTemplate":"https:\/\/kanakydesign.com\/?s={search_term_string}"},"query-input":{"@type":"PropertyValueSpecification","valueRequired":true,"valueName":"search_term_string"}}],"inLanguage":"fr-FR"},{"@type":"Organization","@id":"https:\/\/kanakydesign.com\/#organization","name":"KanakyDesign Enclosures","alternateName":"KanakyDesign","url":"https:\/\/kanakydesign.com\/","logo":{"@type":"ImageObject","inLanguage":"fr-FR","@id":"https:\/\/kanakydesign.com\/#\/schema\/logo\/image\/","url":"https:\/\/kanakydesign.com\/wp-content\/uploads\/2023\/06\/Logo-KanakyDesign-circular-negro-1.png","contentUrl":"https:\/\/kanakydesign.com\/wp-content\/uploads\/2023\/06\/Logo-KanakyDesign-circular-negro-1.png","width":2000,"height":2000,"caption":"KanakyDesign Enclosures"},"image":{"@id":"https:\/\/kanakydesign.com\/#\/schema\/logo\/image\/"}}]}},"_links":{"self":[{"href":"https:\/\/kanakydesign.com\/fr\/wp-json\/wp\/v2\/product\/628","targetHints":{"allow":["GET"]}}],"collection":[{"href":"https:\/\/kanakydesign.com\/fr\/wp-json\/wp\/v2\/product"}],"about":[{"href":"https:\/\/kanakydesign.com\/fr\/wp-json\/wp\/v2\/types\/product"}],"wp:featuredmedia":[{"embeddable":true,"href":"https:\/\/kanakydesign.com\/fr\/wp-json\/wp\/v2\/media\/1107"}],"wp:attachment":[{"href":"https:\/\/kanakydesign.com\/fr\/wp-json\/wp\/v2\/media?parent=628"}],"wp:term":[{"taxonomy":"product_brand","embeddable":true,"href":"https:\/\/kanakydesign.com\/fr\/wp-json\/wp\/v2\/product_brand?post=628"},{"taxonomy":"product_cat","embeddable":true,"href":"https:\/\/kanakydesign.com\/fr\/wp-json\/wp\/v2\/product_cat?post=628"},{"taxonomy":"product_tag","embeddable":true,"href":"https:\/\/kanakydesign.com\/fr\/wp-json\/wp\/v2\/product_tag?post=628"}],"curies":[{"name":"wp","href":"https:\/\/api.w.org\/{rel}","templated":true}]}}