{"id":627,"date":"2023-07-01T10:33:36","date_gmt":"2023-07-01T10:33:36","guid":{"rendered":"https:\/\/kanakydesign.com\/?post_type=product&#038;p=627"},"modified":"2026-02-07T23:47:52","modified_gmt":"2026-02-07T23:47:52","slug":"cable-corriente-bomba-de-vibracion","status":"publish","type":"product","link":"https:\/\/kanakydesign.com\/fr\/produit\/cable-corriente-bomba-de-vibracion\/","title":{"rendered":"C\u00e2ble d'alimentation de la pompe \u00e0 vibration"},"content":{"rendered":"<p data-start=\"163\" data-end=\"583\">Les <strong data-start=\"166\" data-end=\"240\">c\u00e2ble d'alimentation pour la pompe ULKA pour le syst\u00e8me d'eau de pluie du terrarium<\/strong> est la pi\u00e8ce de rechange id\u00e9ale pour connecter rapidement et en toute s\u00e9curit\u00e9 votre <strong data-start=\"307\" data-end=\"334\">Pompe \u00e0 vibration ULKA<\/strong> \u00e0 l'alimentation \u00e9lectrique. Il est con\u00e7u pour faciliter l'entretien et le remplacement des installations de pulv\u00e9risation : il comprend <strong data-start=\"459\" data-end=\"480\">connexions faston<\/strong> pour un accouplement direct \u00e0 la pompe, ce qui \u00e9vite les \u00e9pissures inutiles et r\u00e9duit le temps d'assemblage.<\/p>\n<p data-start=\"585\" data-end=\"898\">Si votre syst\u00e8me de pluie a souffert de l'usure du c\u00e2blage, si vous avez besoin d'un remplacement propre pour une installation plus ordonn\u00e9e ou si vous reconstruisez votre \u00e9quipement apr\u00e8s avoir remplac\u00e9 la pompe, cette <strong data-start=\"775\" data-end=\"805\">C\u00e2ble d'alimentation de la pompe ULKA<\/strong> vous permet de laisser le poste fonctionner de mani\u00e8re stable, avec une connexion plus professionnelle.<\/p>\n<h2 data-start=\"900\" data-end=\"942\">\u2705 Connexion rapide avec des bornes faston<\/h2>\n<p data-start=\"943\" data-end=\"1131\">Le <strong data-start=\"947\" data-end=\"968\">connexions faston<\/strong> sont con\u00e7us pour un montage facile : ils se fixent directement sur les bornes de la pompe ULKA, assurant un contact ferme et fiable. Ceci est tr\u00e8s utile pour :<\/p>\n<ul data-start=\"1132\" data-end=\"1283\">\n<li data-start=\"1132\" data-end=\"1175\">\n<p data-start=\"1134\" data-end=\"1175\">remplacement rapide en cas de panne<\/p>\n<\/li>\n<li data-start=\"1176\" data-end=\"1215\">\n<p data-start=\"1178\" data-end=\"1215\">l'entretien r\u00e9gulier du syst\u00e8me<\/p>\n<\/li>\n<li data-start=\"1216\" data-end=\"1283\">\n<p data-start=\"1218\" data-end=\"1283\">les installations o\u00f9 l'on veut \u00e9viter les c\u00e2blages improvis\u00e9s<\/p>\n<\/li>\n<\/ul>\n<h2 data-start=\"1285\" data-end=\"1337\">\ud83d\udccf Longueur de 2 m\u00e8tres : plus de libert\u00e9 d'installation<\/h2>\n<p data-start=\"1338\" data-end=\"1642\">Il comprend un <strong data-start=\"1349\" data-end=\"1365\">C\u00e2ble de 2 m<\/strong>, La pompe est une longueur pratique pour placer la pompe plus confortablement \u00e0 l'int\u00e9rieur de l'armoire du terrarium, de l'espace technique ou de l'\u00e9tag\u00e8re. Cela permet d'ordonner le circuit, de s\u00e9parer la partie \u00e9lectrique de la partie hydraulique et d'am\u00e9liorer l'accessibilit\u00e9 lorsqu'il s'agit de v\u00e9rifier les tuyaux, le r\u00e9servoir ou les buses.<\/p>\n<h2 data-start=\"1644\" data-end=\"1693\">\ud83e\udde9 Id\u00e9al comme pi\u00e8ce de rechange pour les syst\u00e8mes d'eau de pluie<\/h2>\n<p data-start=\"1694\" data-end=\"2031\">Ce c\u00e2ble est destin\u00e9 \u00e0 \u00eatre utilis\u00e9 avec le <strong data-start=\"1736\" data-end=\"1763\">Pompe \u00e0 vibration ULKA<\/strong> du syst\u00e8me de pluie. Si vous r\u00e9novez le syst\u00e8me ou si vous voulez avoir une pi\u00e8ce de rechange pr\u00eate \u00e0 \u00eatre remplac\u00e9e rapidement, c'est un petit composant qui \u00e9vite les arr\u00eats de pulv\u00e9risation, ce qui est essentiel dans les terrariums tropicaux ou les paludariums o\u00f9 la stabilit\u00e9 de l'humidit\u00e9 est tr\u00e8s importante.<\/p>\n<p data-start=\"2033\" data-end=\"2137\">\ud83d\udc49 Plus de pi\u00e8ces d\u00e9tach\u00e9es et de composants pour les syst\u00e8mes de pluie sur <strong data-start=\"2101\" data-end=\"2136\"><a class=\"decorated-link\" href=\"https:\/\/kanakydesign.com\/fr\/categoria\/accesorios\/sistemas-de-lluvia\/\" target=\"_new\" rel=\"noopener\" data-start=\"2103\" data-end=\"2134\">https:\/\/www.kanakydesign.com\/<\/a><\/strong>.<\/p>\n<h2 data-start=\"2139\" data-end=\"2171\">\u26a0\ufe0f Recommandation de s\u00e9curit\u00e9<\/h2>\n<p data-start=\"2172\" data-end=\"2412\">Le syst\u00e8me doit toujours \u00eatre d\u00e9branch\u00e9 de l'alimentation \u00e9lectrique avant de proc\u00e9der aux raccordements, et il faut \u00e9viter d'exposer le c\u00e2ble ou les bornes \u00e0 l'eau directe. Dans les installations humides, un montage propre et prot\u00e9g\u00e9 prolonge la dur\u00e9e de vie de l'\u00e9quipement.<\/p>","protected":false},"excerpt":{"rendered":"<p>C\u00e2ble \u00e9lectrique pour alimenter la pompe vibrante ULKA du syst\u00e8me de pluie. Comprend des raccords faston pour un couplage rapide avec la pompe et un c\u00e2ble de 2m.<\/p>","protected":false},"featured_media":1112,"template":"","meta":[],"product_brand":[],"product_cat":[23,27],"product_tag":[390,389,381,380,387,382,386,391,384,383,388,385],"class_list":{"0":"post-627","1":"product","2":"type-product","3":"status-publish","4":"has-post-thumbnail","6":"product_cat-accesorios","7":"product_cat-sistemas-de-lluvia","8":"product_tag-alimentacion-bomba-terrario","9":"product_tag-cable-2-metros","10":"product_tag-cable-alimentacion-bomba-ulka","11":"product_tag-cable-bomba-ulka","12":"product_tag-cable-bomba-vibracion-terrario","13":"product_tag-cable-electrico-bomba-ulka","14":"product_tag-cable-sistema-de-lluvia","15":"product_tag-componentes-sistema-de-lluvia-terrario","16":"product_tag-conexiones-faston","17":"product_tag-faston-bomba-ulka","18":"product_tag-recambio-ulka","19":"product_tag-repuesto-sistema-de-lluvia-terrario","20":"product_shipping_class-accesorios","22":"first","23":"instock","24":"taxable","25":"shipping-taxable","26":"purchasable","27":"product-type-simple"},"yoast_head":"<!-- This site is optimized with the Yoast SEO plugin v27.4 - https:\/\/yoast.com\/product\/yoast-seo-wordpress\/ -->\n<title>Cable corriente bomba de vibraci\u00f3n | KanakyDesign Enclosures<\/title>\n<meta name=\"description\" content=\"Cable bomba ULKA para sistema de lluvia en terrario. Incluye conexiones faston para acople r\u00e1pido y cable de 2 m. Ideal como repuesto y montaje limpio.\" \/>\n<meta name=\"robots\" content=\"index, follow, max-snippet:-1, max-image-preview:large, max-video-preview:-1\" \/>\n<link rel=\"canonical\" href=\"https:\/\/kanakydesign.com\/fr\/produit\/cable-corriente-bomba-de-vibracion\/\" \/>\n<meta property=\"og:locale\" content=\"fr_FR\" \/>\n<meta property=\"og:type\" content=\"article\" \/>\n<meta property=\"og:title\" content=\"Cable corriente bomba de vibraci\u00f3n | KanakyDesign Enclosures\" \/>\n<meta property=\"og:description\" content=\"Cable bomba ULKA para sistema de lluvia en terrario. Incluye conexiones faston para acople r\u00e1pido y cable de 2 m. Ideal como repuesto y montaje limpio.\" \/>\n<meta property=\"og:url\" content=\"https:\/\/kanakydesign.com\/fr\/produit\/cable-corriente-bomba-de-vibracion\/\" \/>\n<meta property=\"og:site_name\" content=\"KanakyDesign Enclosures\" \/>\n<meta property=\"article:modified_time\" content=\"2026-02-07T23:47:52+00:00\" \/>\n<meta property=\"og:image\" content=\"https:\/\/kanakydesign.com\/wp-content\/uploads\/2023\/09\/DSC2873-scaled.jpg\" \/>\n\t<meta property=\"og:image:width\" content=\"2560\" \/>\n\t<meta property=\"og:image:height\" content=\"2560\" \/>\n\t<meta property=\"og:image:type\" content=\"image\/jpeg\" \/>\n<meta name=\"twitter:card\" content=\"summary_large_image\" \/>\n<meta name=\"twitter:label1\" content=\"Dur\u00e9e de lecture estim\u00e9e\" \/>\n\t<meta name=\"twitter:data1\" content=\"2 minutes\" \/>\n<script type=\"application\/ld+json\" class=\"yoast-schema-graph\">{\"@context\":\"https:\\\/\\\/schema.org\",\"@graph\":[{\"@type\":\"WebPage\",\"@id\":\"https:\\\/\\\/kanakydesign.com\\\/producto\\\/cable-corriente-bomba-de-vibracion\\\/\",\"url\":\"https:\\\/\\\/kanakydesign.com\\\/producto\\\/cable-corriente-bomba-de-vibracion\\\/\",\"name\":\"Cable corriente bomba de vibraci\u00f3n | KanakyDesign Enclosures\",\"isPartOf\":{\"@id\":\"https:\\\/\\\/kanakydesign.com\\\/#website\"},\"primaryImageOfPage\":{\"@id\":\"https:\\\/\\\/kanakydesign.com\\\/producto\\\/cable-corriente-bomba-de-vibracion\\\/#primaryimage\"},\"image\":{\"@id\":\"https:\\\/\\\/kanakydesign.com\\\/producto\\\/cable-corriente-bomba-de-vibracion\\\/#primaryimage\"},\"thumbnailUrl\":\"https:\\\/\\\/kanakydesign.com\\\/wp-content\\\/uploads\\\/2023\\\/09\\\/DSC2873-scaled.jpg\",\"datePublished\":\"2023-07-01T10:33:36+00:00\",\"dateModified\":\"2026-02-07T23:47:52+00:00\",\"description\":\"Cable bomba ULKA para sistema de lluvia en terrario. Incluye conexiones faston para acople r\u00e1pido y cable de 2 m. Ideal como repuesto y montaje limpio.\",\"breadcrumb\":{\"@id\":\"https:\\\/\\\/kanakydesign.com\\\/producto\\\/cable-corriente-bomba-de-vibracion\\\/#breadcrumb\"},\"inLanguage\":\"fr-FR\",\"potentialAction\":[{\"@type\":\"ReadAction\",\"target\":[\"https:\\\/\\\/kanakydesign.com\\\/producto\\\/cable-corriente-bomba-de-vibracion\\\/\"]}]},{\"@type\":\"ImageObject\",\"inLanguage\":\"fr-FR\",\"@id\":\"https:\\\/\\\/kanakydesign.com\\\/producto\\\/cable-corriente-bomba-de-vibracion\\\/#primaryimage\",\"url\":\"https:\\\/\\\/kanakydesign.com\\\/wp-content\\\/uploads\\\/2023\\\/09\\\/DSC2873-scaled.jpg\",\"contentUrl\":\"https:\\\/\\\/kanakydesign.com\\\/wp-content\\\/uploads\\\/2023\\\/09\\\/DSC2873-scaled.jpg\",\"width\":2560,\"height\":2560},{\"@type\":\"BreadcrumbList\",\"@id\":\"https:\\\/\\\/kanakydesign.com\\\/producto\\\/cable-corriente-bomba-de-vibracion\\\/#breadcrumb\",\"itemListElement\":[{\"@type\":\"ListItem\",\"position\":1,\"name\":\"Portada\",\"item\":\"https:\\\/\\\/kanakydesign.com\\\/\"},{\"@type\":\"ListItem\",\"position\":2,\"name\":\"Tienda\",\"item\":\"https:\\\/\\\/kanakydesign.com\\\/tienda\\\/\"},{\"@type\":\"ListItem\",\"position\":3,\"name\":\"Cable corriente bomba de vibraci\u00f3n\"}]},{\"@type\":\"WebSite\",\"@id\":\"https:\\\/\\\/kanakydesign.com\\\/#website\",\"url\":\"https:\\\/\\\/kanakydesign.com\\\/\",\"name\":\"KanakyDesign Enclosures\",\"description\":\"Become a professional keeper\",\"publisher\":{\"@id\":\"https:\\\/\\\/kanakydesign.com\\\/#organization\"},\"alternateName\":\"KanakyDesign\",\"potentialAction\":[{\"@type\":\"SearchAction\",\"target\":{\"@type\":\"EntryPoint\",\"urlTemplate\":\"https:\\\/\\\/kanakydesign.com\\\/?s={search_term_string}\"},\"query-input\":{\"@type\":\"PropertyValueSpecification\",\"valueRequired\":true,\"valueName\":\"search_term_string\"}}],\"inLanguage\":\"fr-FR\"},{\"@type\":\"Organization\",\"@id\":\"https:\\\/\\\/kanakydesign.com\\\/#organization\",\"name\":\"KanakyDesign Enclosures\",\"alternateName\":\"KanakyDesign\",\"url\":\"https:\\\/\\\/kanakydesign.com\\\/\",\"logo\":{\"@type\":\"ImageObject\",\"inLanguage\":\"fr-FR\",\"@id\":\"https:\\\/\\\/kanakydesign.com\\\/#\\\/schema\\\/logo\\\/image\\\/\",\"url\":\"https:\\\/\\\/kanakydesign.com\\\/wp-content\\\/uploads\\\/2023\\\/06\\\/Logo-KanakyDesign-circular-negro-1.png\",\"contentUrl\":\"https:\\\/\\\/kanakydesign.com\\\/wp-content\\\/uploads\\\/2023\\\/06\\\/Logo-KanakyDesign-circular-negro-1.png\",\"width\":2000,\"height\":2000,\"caption\":\"KanakyDesign Enclosures\"},\"image\":{\"@id\":\"https:\\\/\\\/kanakydesign.com\\\/#\\\/schema\\\/logo\\\/image\\\/\"}}]}<\/script>\n<!-- \/ Yoast SEO plugin. -->","yoast_head_json":{"title":"Cordon d'alimentation pour pompe \u00e0 vibration | KanakyDesign Enclosures","description":"C\u00e2ble de pompe ULKA pour syst\u00e8me de pluie pour terrarium. Comprend des raccords faston pour une connexion rapide et un c\u00e2ble de 2 m. Id\u00e9al comme pi\u00e8ce de rechange et pour un montage propre.","robots":{"index":"index","follow":"follow","max-snippet":"max-snippet:-1","max-image-preview":"max-image-preview:large","max-video-preview":"max-video-preview:-1"},"canonical":"https:\/\/kanakydesign.com\/fr\/produit\/cable-corriente-bomba-de-vibracion\/","og_locale":"fr_FR","og_type":"article","og_title":"Cable corriente bomba de vibraci\u00f3n | KanakyDesign Enclosures","og_description":"Cable bomba ULKA para sistema de lluvia en terrario. Incluye conexiones faston para acople r\u00e1pido y cable de 2 m. Ideal como repuesto y montaje limpio.","og_url":"https:\/\/kanakydesign.com\/fr\/produit\/cable-corriente-bomba-de-vibracion\/","og_site_name":"KanakyDesign Enclosures","article_modified_time":"2026-02-07T23:47:52+00:00","og_image":[{"width":2560,"height":2560,"url":"https:\/\/kanakydesign.com\/wp-content\/uploads\/2023\/09\/DSC2873-scaled.jpg","type":"image\/jpeg"}],"twitter_card":"summary_large_image","twitter_misc":{"Dur\u00e9e de lecture estim\u00e9e":"2 minutes"},"schema":{"@context":"https:\/\/schema.org","@graph":[{"@type":"WebPage","@id":"https:\/\/kanakydesign.com\/producto\/cable-corriente-bomba-de-vibracion\/","url":"https:\/\/kanakydesign.com\/producto\/cable-corriente-bomba-de-vibracion\/","name":"Cordon d'alimentation pour pompe \u00e0 vibration | KanakyDesign Enclosures","isPartOf":{"@id":"https:\/\/kanakydesign.com\/#website"},"primaryImageOfPage":{"@id":"https:\/\/kanakydesign.com\/producto\/cable-corriente-bomba-de-vibracion\/#primaryimage"},"image":{"@id":"https:\/\/kanakydesign.com\/producto\/cable-corriente-bomba-de-vibracion\/#primaryimage"},"thumbnailUrl":"https:\/\/kanakydesign.com\/wp-content\/uploads\/2023\/09\/DSC2873-scaled.jpg","datePublished":"2023-07-01T10:33:36+00:00","dateModified":"2026-02-07T23:47:52+00:00","description":"C\u00e2ble de pompe ULKA pour syst\u00e8me de pluie pour terrarium. Comprend des raccords faston pour une connexion rapide et un c\u00e2ble de 2 m. Id\u00e9al comme pi\u00e8ce de rechange et pour un montage propre.","breadcrumb":{"@id":"https:\/\/kanakydesign.com\/producto\/cable-corriente-bomba-de-vibracion\/#breadcrumb"},"inLanguage":"fr-FR","potentialAction":[{"@type":"ReadAction","target":["https:\/\/kanakydesign.com\/producto\/cable-corriente-bomba-de-vibracion\/"]}]},{"@type":"ImageObject","inLanguage":"fr-FR","@id":"https:\/\/kanakydesign.com\/producto\/cable-corriente-bomba-de-vibracion\/#primaryimage","url":"https:\/\/kanakydesign.com\/wp-content\/uploads\/2023\/09\/DSC2873-scaled.jpg","contentUrl":"https:\/\/kanakydesign.com\/wp-content\/uploads\/2023\/09\/DSC2873-scaled.jpg","width":2560,"height":2560},{"@type":"BreadcrumbList","@id":"https:\/\/kanakydesign.com\/producto\/cable-corriente-bomba-de-vibracion\/#breadcrumb","itemListElement":[{"@type":"ListItem","position":1,"name":"Portada","item":"https:\/\/kanakydesign.com\/"},{"@type":"ListItem","position":2,"name":"Tienda","item":"https:\/\/kanakydesign.com\/tienda\/"},{"@type":"ListItem","position":3,"name":"Cable corriente bomba de vibraci\u00f3n"}]},{"@type":"WebSite","@id":"https:\/\/kanakydesign.com\/#website","url":"https:\/\/kanakydesign.com\/","name":"KanakyDesign Enclosures","description":"Become a professional keeper","publisher":{"@id":"https:\/\/kanakydesign.com\/#organization"},"alternateName":"KanakyDesign","potentialAction":[{"@type":"SearchAction","target":{"@type":"EntryPoint","urlTemplate":"https:\/\/kanakydesign.com\/?s={search_term_string}"},"query-input":{"@type":"PropertyValueSpecification","valueRequired":true,"valueName":"search_term_string"}}],"inLanguage":"fr-FR"},{"@type":"Organization","@id":"https:\/\/kanakydesign.com\/#organization","name":"KanakyDesign Enclosures","alternateName":"KanakyDesign","url":"https:\/\/kanakydesign.com\/","logo":{"@type":"ImageObject","inLanguage":"fr-FR","@id":"https:\/\/kanakydesign.com\/#\/schema\/logo\/image\/","url":"https:\/\/kanakydesign.com\/wp-content\/uploads\/2023\/06\/Logo-KanakyDesign-circular-negro-1.png","contentUrl":"https:\/\/kanakydesign.com\/wp-content\/uploads\/2023\/06\/Logo-KanakyDesign-circular-negro-1.png","width":2000,"height":2000,"caption":"KanakyDesign Enclosures"},"image":{"@id":"https:\/\/kanakydesign.com\/#\/schema\/logo\/image\/"}}]}},"_links":{"self":[{"href":"https:\/\/kanakydesign.com\/fr\/wp-json\/wp\/v2\/product\/627","targetHints":{"allow":["GET"]}}],"collection":[{"href":"https:\/\/kanakydesign.com\/fr\/wp-json\/wp\/v2\/product"}],"about":[{"href":"https:\/\/kanakydesign.com\/fr\/wp-json\/wp\/v2\/types\/product"}],"wp:featuredmedia":[{"embeddable":true,"href":"https:\/\/kanakydesign.com\/fr\/wp-json\/wp\/v2\/media\/1112"}],"wp:attachment":[{"href":"https:\/\/kanakydesign.com\/fr\/wp-json\/wp\/v2\/media?parent=627"}],"wp:term":[{"taxonomy":"product_brand","embeddable":true,"href":"https:\/\/kanakydesign.com\/fr\/wp-json\/wp\/v2\/product_brand?post=627"},{"taxonomy":"product_cat","embeddable":true,"href":"https:\/\/kanakydesign.com\/fr\/wp-json\/wp\/v2\/product_cat?post=627"},{"taxonomy":"product_tag","embeddable":true,"href":"https:\/\/kanakydesign.com\/fr\/wp-json\/wp\/v2\/product_tag?post=627"}],"curies":[{"name":"wp","href":"https:\/\/api.w.org\/{rel}","templated":true}]}}