{"id":616,"date":"2023-07-01T10:20:02","date_gmt":"2023-07-01T10:20:02","guid":{"rendered":"https:\/\/kanakydesign.com\/?post_type=product&#038;p=616"},"modified":"2026-02-07T23:45:59","modified_gmt":"2026-02-07T23:45:59","slug":"boquilla-simple","status":"publish","type":"product","link":"https:\/\/kanakydesign.com\/fr\/produit\/boquilla-simple\/","title":{"rendered":"Buses"},"content":{"rendered":"<p data-start=\"174\" data-end=\"634\">Le <strong data-start=\"178\" data-end=\"226\">buses pour syst\u00e8me de pluie pour terrarium<\/strong> sont l'\u00e9l\u00e9ment cl\u00e9 de la r\u00e9alisation d'un <strong data-start=\"270\" data-end=\"303\">pulv\u00e9risation fine et uniforme<\/strong> dans des assemblages tropicaux, bioactifs et antipaludiques. Ces assemblages <strong data-start=\"359\" data-end=\"403\">buses de pulv\u00e9risation pour tube de 6 mm<\/strong> inclure <strong data-start=\"413\" data-end=\"434\">embout anti-goutte<\/strong>, Le syst\u00e8me d'arrosage est un d\u00e9tail important pour garder le terrarium plus propre et mieux contr\u00f4ler l'exc\u00e8s d'eau : il r\u00e9duit les gouttes lorsque le syst\u00e8me est \u00e9teint et permet d'\u00e9viter les flaques ou les taches sur le verre et les d\u00e9corations.<\/p>\n<p data-start=\"636\" data-end=\"1057\">Si vous concevez un syst\u00e8me \u00e0 partir de z\u00e9ro ou si vous agrandissez un syst\u00e8me existant, le choix de la bonne buse (au milieu ou \u00e0 l'extr\u00e9mit\u00e9) rend le circuit plus ordonn\u00e9, avec une meilleure distribution de l'eau et moins de stress sur les tubes. Ces buses permettent de cr\u00e9er des lignes de pulv\u00e9risation efficaces, en adaptant le trac\u00e9 \u00e0 la forme de votre terrarium et aux zones o\u00f9 vous souhaitez plus d'humidit\u00e9 (fonds, branches, \u00e9piphytes ou parois moussues).<\/p>\n<h2 data-start=\"1059\" data-end=\"1108\">\u2705 Compatible avec tube 6mm + anti-drip tip<\/h2>\n<p data-start=\"1109\" data-end=\"1452\">Vous \u00eates \u00e0 <strong data-start=\"1115\" data-end=\"1164\">buses syst\u00e8me de pluie pour terrarium tuyau 6mm<\/strong> sont pr\u00e9vus pour des connexions standard de syst\u00e8mes de brumisation\/pluie. Les <strong data-start=\"1244\" data-end=\"1265\">embout anti-goutte<\/strong> permet \u00e0 l'eau de s'\u00e9couler lorsque la pompe fonctionne et minimise les gouttes r\u00e9siduelles lorsque l'arrosage est arr\u00eat\u00e9, ce qui am\u00e9liore le contr\u00f4le de l'humidit\u00e9 et rend le terrarium plus esth\u00e9tique.<\/p>\n<h2 data-start=\"1454\" data-end=\"1512\">\ud83e\udde9 Deux configurations : buse centrale et buse d'extr\u00e9mit\u00e9<\/h2>\n<p data-start=\"1513\" data-end=\"1558\">Selon votre installation, vous aurez besoin de l'un ou l'autre :<\/p>\n<h3 data-start=\"1560\" data-end=\"1607\">\ud83d\udd39 Buse centrale (pour les sections interm\u00e9diaires)<\/h3>\n<p data-start=\"1608\" data-end=\"1616\">Il comprend<\/p>\n<ul data-start=\"1617\" data-end=\"1673\">\n<li data-start=\"1617\" data-end=\"1640\">\n<p data-start=\"1619\" data-end=\"1640\"><strong data-start=\"1619\" data-end=\"1640\">embout anti-goutte<\/strong><\/p>\n<\/li>\n<li data-start=\"1641\" data-end=\"1654\">\n<p data-start=\"1643\" data-end=\"1654\"><strong data-start=\"1643\" data-end=\"1654\">2 coudes<\/strong><\/p>\n<\/li>\n<li data-start=\"1655\" data-end=\"1673\">\n<p data-start=\"1657\" data-end=\"1673\"><strong data-start=\"1657\" data-end=\"1673\">1 pi\u00e8ce en T<\/strong><\/p>\n<\/li>\n<\/ul>\n<p data-start=\"1675\" data-end=\"1859\">Le <strong data-start=\"1678\" data-end=\"1696\">buse centrale<\/strong> est utilis\u00e9 lorsque la conduite se poursuit vers d'autres buses. La partie en <strong data-start=\"1776\" data-end=\"1781\">T<\/strong> permet de d\u00e9vier le flux vers l'orteil et de suivre le chemin du circuit.<\/p>\n<h3 data-start=\"1861\" data-end=\"1900\">\ud83d\udd39 Embout de fermeture (line lock)<\/h3>\n<p data-start=\"1901\" data-end=\"1909\">Il comprend<\/p>\n<ul data-start=\"1910\" data-end=\"1947\">\n<li data-start=\"1910\" data-end=\"1933\">\n<p data-start=\"1912\" data-end=\"1933\"><strong data-start=\"1912\" data-end=\"1933\">embout anti-goutte<\/strong><\/p>\n<\/li>\n<li data-start=\"1934\" data-end=\"1947\">\n<p data-start=\"1936\" data-end=\"1947\"><strong data-start=\"1936\" data-end=\"1947\">3 coudes<\/strong><\/p>\n<\/li>\n<\/ul>\n<p data-start=\"1949\" data-end=\"2176\">Le <strong data-start=\"1952\" data-end=\"1970\">buse d'extr\u00e9mit\u00e9<\/strong> est con\u00e7u pour les <strong data-start=\"1992\" data-end=\"2021\">dernier point du circuit<\/strong>, o\u00f9 il n'est plus n\u00e9cessaire de poursuivre la ligne jusqu'\u00e0 une autre buse. Elle laisse la ligne bien finie et permet de diriger facilement le jet \u00e0 l'endroit qui vous convient le mieux.<\/p>\n<h2 data-start=\"2178\" data-end=\"2223\">\ud83d\udca1 Conseils d'utilisation pour de meilleurs r\u00e9sultats<\/h2>\n<ul data-start=\"2224\" data-end=\"2507\">\n<li data-start=\"2224\" data-end=\"2336\">\n<p data-start=\"2226\" data-end=\"2336\">Diriger les buses vers les plantes et les fonds, en \u00e9vitant d'asperger directement l'animal en permanence.<\/p>\n<\/li>\n<li data-start=\"2337\" data-end=\"2425\">\n<p data-start=\"2339\" data-end=\"2425\">Programme <strong data-start=\"2348\" data-end=\"2365\">irrigations courtes<\/strong> et \u00e9tal\u00e9s pour maintenir une humidit\u00e9 stable sans engorgement.<\/p>\n<\/li>\n<li data-start=\"2426\" data-end=\"2507\">\n<p data-start=\"2428\" data-end=\"2507\">V\u00e9rifiez r\u00e9guli\u00e8rement l'absence de calcaire et de s\u00e9diments : une buse propre pulv\u00e9rise plus finement.<\/p>\n<\/li>\n<\/ul>\n<p data-start=\"2509\" data-end=\"2620\">\ud83d\udc49 Trouvez d'autres composants pour votre syst\u00e8me de pluie et d'automatisation sur <strong data-start=\"2584\" data-end=\"2619\"><a class=\"decorated-link\" href=\"https:\/\/kanakydesign.com\/fr\/categoria\/accesorios\/sistemas-de-lluvia\/\" target=\"_new\" rel=\"noopener\" data-start=\"2586\" data-end=\"2617\">https:\/\/www.kanakydesign.com\/<\/a><\/strong>.<\/p>","protected":false},"excerpt":{"rendered":"<p>Buses de pulv\u00e9risation pour syst\u00e8mes de pluie (tube de 6 mm), y compris la buse d'\u00e9gouttage.<\/p>\n<ul>\n<li>Buse centrale : pointe + 2 coudes + T\u00e9<\/li>\n<li>Embout : pointe + 3 coudes<\/li>\n<\/ul>","protected":false},"featured_media":1114,"template":"","meta":[],"product_brand":[],"product_cat":[23,27],"product_tag":[377,370,373,372,376,369,368,371,378,375,379,374,363],"class_list":{"0":"post-616","1":"product","2":"type-product","3":"status-publish","4":"has-post-thumbnail","6":"product_cat-accesorios","7":"product_cat-sistemas-de-lluvia","8":"product_tag-accesorios-sistema-de-lluvia","9":"product_tag-boquilla-antigoteo-terrario","10":"product_tag-boquilla-final-sistema-lluvia","11":"product_tag-boquilla-media-sistema-lluvia","12":"product_tag-boquillas-paludario","13":"product_tag-boquillas-pulverizacion-terrario","14":"product_tag-boquillas-sistema-lluvia-terrario","15":"product_tag-boquillas-tubo-6mm","16":"product_tag-conectores-codos-t-6mm","17":"product_tag-nebulizacion-terrario","18":"product_tag-pulverizador-terrario","19":"product_tag-puntera-antigoteo","20":"product_tag-riego-automatico-terrario","21":"product_shipping_class-accesorios","23":"first","24":"instock","25":"taxable","26":"shipping-taxable","27":"purchasable","28":"product-type-variable"},"yoast_head":"<!-- This site is optimized with the Yoast SEO plugin v27.3 - https:\/\/yoast.com\/product\/yoast-seo-wordpress\/ -->\n<title>Boquillas | KanakyDesign Enclosures<\/title>\n<meta name=\"description\" content=\"Boquillas sistema lluvia terrario para tubo 6mm con puntera antigoteo. Elige boquilla media (T + 2 codos) o final (3 codos) y pulveriza fino.\" \/>\n<meta name=\"robots\" content=\"index, follow, max-snippet:-1, max-image-preview:large, max-video-preview:-1\" \/>\n<link rel=\"canonical\" href=\"https:\/\/kanakydesign.com\/fr\/produit\/boquilla-simple\/\" \/>\n<meta property=\"og:locale\" content=\"fr_FR\" \/>\n<meta property=\"og:type\" content=\"article\" \/>\n<meta property=\"og:title\" content=\"Boquillas | KanakyDesign Enclosures\" \/>\n<meta property=\"og:description\" content=\"Boquillas sistema lluvia terrario para tubo 6mm con puntera antigoteo. Elige boquilla media (T + 2 codos) o final (3 codos) y pulveriza fino.\" \/>\n<meta property=\"og:url\" content=\"https:\/\/kanakydesign.com\/fr\/produit\/boquilla-simple\/\" \/>\n<meta property=\"og:site_name\" content=\"KanakyDesign Enclosures\" \/>\n<meta property=\"article:modified_time\" content=\"2026-02-07T23:45:59+00:00\" \/>\n<meta property=\"og:image\" content=\"https:\/\/kanakydesign.com\/wp-content\/uploads\/2023\/09\/DSC2880-scaled.jpg\" \/>\n\t<meta property=\"og:image:width\" content=\"2560\" \/>\n\t<meta property=\"og:image:height\" content=\"2560\" \/>\n\t<meta property=\"og:image:type\" content=\"image\/jpeg\" \/>\n<meta name=\"twitter:card\" content=\"summary_large_image\" \/>\n<meta name=\"twitter:label1\" content=\"Dur\u00e9e de lecture estim\u00e9e\" \/>\n\t<meta name=\"twitter:data1\" content=\"2 minutes\" \/>\n<script type=\"application\/ld+json\" class=\"yoast-schema-graph\">{\"@context\":\"https:\\\/\\\/schema.org\",\"@graph\":[{\"@type\":\"WebPage\",\"@id\":\"https:\\\/\\\/kanakydesign.com\\\/producto\\\/boquilla-simple\\\/\",\"url\":\"https:\\\/\\\/kanakydesign.com\\\/producto\\\/boquilla-simple\\\/\",\"name\":\"Boquillas | KanakyDesign Enclosures\",\"isPartOf\":{\"@id\":\"https:\\\/\\\/kanakydesign.com\\\/#website\"},\"primaryImageOfPage\":{\"@id\":\"https:\\\/\\\/kanakydesign.com\\\/producto\\\/boquilla-simple\\\/#primaryimage\"},\"image\":{\"@id\":\"https:\\\/\\\/kanakydesign.com\\\/producto\\\/boquilla-simple\\\/#primaryimage\"},\"thumbnailUrl\":\"https:\\\/\\\/kanakydesign.com\\\/wp-content\\\/uploads\\\/2023\\\/09\\\/DSC2880-scaled.jpg\",\"datePublished\":\"2023-07-01T10:20:02+00:00\",\"dateModified\":\"2026-02-07T23:45:59+00:00\",\"description\":\"Boquillas sistema lluvia terrario para tubo 6mm con puntera antigoteo. Elige boquilla media (T + 2 codos) o final (3 codos) y pulveriza fino.\",\"breadcrumb\":{\"@id\":\"https:\\\/\\\/kanakydesign.com\\\/producto\\\/boquilla-simple\\\/#breadcrumb\"},\"inLanguage\":\"fr-FR\",\"potentialAction\":[{\"@type\":\"ReadAction\",\"target\":[\"https:\\\/\\\/kanakydesign.com\\\/producto\\\/boquilla-simple\\\/\"]}]},{\"@type\":\"ImageObject\",\"inLanguage\":\"fr-FR\",\"@id\":\"https:\\\/\\\/kanakydesign.com\\\/producto\\\/boquilla-simple\\\/#primaryimage\",\"url\":\"https:\\\/\\\/kanakydesign.com\\\/wp-content\\\/uploads\\\/2023\\\/09\\\/DSC2880-scaled.jpg\",\"contentUrl\":\"https:\\\/\\\/kanakydesign.com\\\/wp-content\\\/uploads\\\/2023\\\/09\\\/DSC2880-scaled.jpg\",\"width\":2560,\"height\":2560},{\"@type\":\"BreadcrumbList\",\"@id\":\"https:\\\/\\\/kanakydesign.com\\\/producto\\\/boquilla-simple\\\/#breadcrumb\",\"itemListElement\":[{\"@type\":\"ListItem\",\"position\":1,\"name\":\"Portada\",\"item\":\"https:\\\/\\\/kanakydesign.com\\\/\"},{\"@type\":\"ListItem\",\"position\":2,\"name\":\"Tienda\",\"item\":\"https:\\\/\\\/kanakydesign.com\\\/tienda\\\/\"},{\"@type\":\"ListItem\",\"position\":3,\"name\":\"Boquillas\"}]},{\"@type\":\"WebSite\",\"@id\":\"https:\\\/\\\/kanakydesign.com\\\/#website\",\"url\":\"https:\\\/\\\/kanakydesign.com\\\/\",\"name\":\"KanakyDesign Enclosures\",\"description\":\"Become a professional keeper\",\"publisher\":{\"@id\":\"https:\\\/\\\/kanakydesign.com\\\/#organization\"},\"alternateName\":\"KanakyDesign\",\"potentialAction\":[{\"@type\":\"SearchAction\",\"target\":{\"@type\":\"EntryPoint\",\"urlTemplate\":\"https:\\\/\\\/kanakydesign.com\\\/?s={search_term_string}\"},\"query-input\":{\"@type\":\"PropertyValueSpecification\",\"valueRequired\":true,\"valueName\":\"search_term_string\"}}],\"inLanguage\":\"fr-FR\"},{\"@type\":\"Organization\",\"@id\":\"https:\\\/\\\/kanakydesign.com\\\/#organization\",\"name\":\"KanakyDesign Enclosures\",\"alternateName\":\"KanakyDesign\",\"url\":\"https:\\\/\\\/kanakydesign.com\\\/\",\"logo\":{\"@type\":\"ImageObject\",\"inLanguage\":\"fr-FR\",\"@id\":\"https:\\\/\\\/kanakydesign.com\\\/#\\\/schema\\\/logo\\\/image\\\/\",\"url\":\"https:\\\/\\\/kanakydesign.com\\\/wp-content\\\/uploads\\\/2023\\\/06\\\/Logo-KanakyDesign-circular-negro-1.png\",\"contentUrl\":\"https:\\\/\\\/kanakydesign.com\\\/wp-content\\\/uploads\\\/2023\\\/06\\\/Logo-KanakyDesign-circular-negro-1.png\",\"width\":2000,\"height\":2000,\"caption\":\"KanakyDesign Enclosures\"},\"image\":{\"@id\":\"https:\\\/\\\/kanakydesign.com\\\/#\\\/schema\\\/logo\\\/image\\\/\"}}]}<\/script>\n<!-- \/ Yoast SEO plugin. -->","yoast_head_json":{"title":"Embouts : KanakyDesign Enclosures","description":"Buses de syst\u00e8me de pluie pour terrarium pour tuyau de 6 mm avec embout anti-goutte. Choisissez la buse centrale (T + 2 coudes) ou la buse d'extr\u00e9mit\u00e9 (3 coudes) et pulv\u00e9risez finement.","robots":{"index":"index","follow":"follow","max-snippet":"max-snippet:-1","max-image-preview":"max-image-preview:large","max-video-preview":"max-video-preview:-1"},"canonical":"https:\/\/kanakydesign.com\/fr\/produit\/boquilla-simple\/","og_locale":"fr_FR","og_type":"article","og_title":"Boquillas | KanakyDesign Enclosures","og_description":"Boquillas sistema lluvia terrario para tubo 6mm con puntera antigoteo. Elige boquilla media (T + 2 codos) o final (3 codos) y pulveriza fino.","og_url":"https:\/\/kanakydesign.com\/fr\/produit\/boquilla-simple\/","og_site_name":"KanakyDesign Enclosures","article_modified_time":"2026-02-07T23:45:59+00:00","og_image":[{"width":2560,"height":2560,"url":"https:\/\/kanakydesign.com\/wp-content\/uploads\/2023\/09\/DSC2880-scaled.jpg","type":"image\/jpeg"}],"twitter_card":"summary_large_image","twitter_misc":{"Dur\u00e9e de lecture estim\u00e9e":"2 minutes"},"schema":{"@context":"https:\/\/schema.org","@graph":[{"@type":"WebPage","@id":"https:\/\/kanakydesign.com\/producto\/boquilla-simple\/","url":"https:\/\/kanakydesign.com\/producto\/boquilla-simple\/","name":"Embouts : KanakyDesign Enclosures","isPartOf":{"@id":"https:\/\/kanakydesign.com\/#website"},"primaryImageOfPage":{"@id":"https:\/\/kanakydesign.com\/producto\/boquilla-simple\/#primaryimage"},"image":{"@id":"https:\/\/kanakydesign.com\/producto\/boquilla-simple\/#primaryimage"},"thumbnailUrl":"https:\/\/kanakydesign.com\/wp-content\/uploads\/2023\/09\/DSC2880-scaled.jpg","datePublished":"2023-07-01T10:20:02+00:00","dateModified":"2026-02-07T23:45:59+00:00","description":"Buses de syst\u00e8me de pluie pour terrarium pour tuyau de 6 mm avec embout anti-goutte. Choisissez la buse centrale (T + 2 coudes) ou la buse d'extr\u00e9mit\u00e9 (3 coudes) et pulv\u00e9risez finement.","breadcrumb":{"@id":"https:\/\/kanakydesign.com\/producto\/boquilla-simple\/#breadcrumb"},"inLanguage":"fr-FR","potentialAction":[{"@type":"ReadAction","target":["https:\/\/kanakydesign.com\/producto\/boquilla-simple\/"]}]},{"@type":"ImageObject","inLanguage":"fr-FR","@id":"https:\/\/kanakydesign.com\/producto\/boquilla-simple\/#primaryimage","url":"https:\/\/kanakydesign.com\/wp-content\/uploads\/2023\/09\/DSC2880-scaled.jpg","contentUrl":"https:\/\/kanakydesign.com\/wp-content\/uploads\/2023\/09\/DSC2880-scaled.jpg","width":2560,"height":2560},{"@type":"BreadcrumbList","@id":"https:\/\/kanakydesign.com\/producto\/boquilla-simple\/#breadcrumb","itemListElement":[{"@type":"ListItem","position":1,"name":"Portada","item":"https:\/\/kanakydesign.com\/"},{"@type":"ListItem","position":2,"name":"Tienda","item":"https:\/\/kanakydesign.com\/tienda\/"},{"@type":"ListItem","position":3,"name":"Boquillas"}]},{"@type":"WebSite","@id":"https:\/\/kanakydesign.com\/#website","url":"https:\/\/kanakydesign.com\/","name":"KanakyDesign Enclosures","description":"Become a professional keeper","publisher":{"@id":"https:\/\/kanakydesign.com\/#organization"},"alternateName":"KanakyDesign","potentialAction":[{"@type":"SearchAction","target":{"@type":"EntryPoint","urlTemplate":"https:\/\/kanakydesign.com\/?s={search_term_string}"},"query-input":{"@type":"PropertyValueSpecification","valueRequired":true,"valueName":"search_term_string"}}],"inLanguage":"fr-FR"},{"@type":"Organization","@id":"https:\/\/kanakydesign.com\/#organization","name":"KanakyDesign Enclosures","alternateName":"KanakyDesign","url":"https:\/\/kanakydesign.com\/","logo":{"@type":"ImageObject","inLanguage":"fr-FR","@id":"https:\/\/kanakydesign.com\/#\/schema\/logo\/image\/","url":"https:\/\/kanakydesign.com\/wp-content\/uploads\/2023\/06\/Logo-KanakyDesign-circular-negro-1.png","contentUrl":"https:\/\/kanakydesign.com\/wp-content\/uploads\/2023\/06\/Logo-KanakyDesign-circular-negro-1.png","width":2000,"height":2000,"caption":"KanakyDesign Enclosures"},"image":{"@id":"https:\/\/kanakydesign.com\/#\/schema\/logo\/image\/"}}]}},"_links":{"self":[{"href":"https:\/\/kanakydesign.com\/fr\/wp-json\/wp\/v2\/product\/616","targetHints":{"allow":["GET"]}}],"collection":[{"href":"https:\/\/kanakydesign.com\/fr\/wp-json\/wp\/v2\/product"}],"about":[{"href":"https:\/\/kanakydesign.com\/fr\/wp-json\/wp\/v2\/types\/product"}],"wp:featuredmedia":[{"embeddable":true,"href":"https:\/\/kanakydesign.com\/fr\/wp-json\/wp\/v2\/media\/1114"}],"wp:attachment":[{"href":"https:\/\/kanakydesign.com\/fr\/wp-json\/wp\/v2\/media?parent=616"}],"wp:term":[{"taxonomy":"product_brand","embeddable":true,"href":"https:\/\/kanakydesign.com\/fr\/wp-json\/wp\/v2\/product_brand?post=616"},{"taxonomy":"product_cat","embeddable":true,"href":"https:\/\/kanakydesign.com\/fr\/wp-json\/wp\/v2\/product_cat?post=616"},{"taxonomy":"product_tag","embeddable":true,"href":"https:\/\/kanakydesign.com\/fr\/wp-json\/wp\/v2\/product_tag?post=616"}],"curies":[{"name":"wp","href":"https:\/\/api.w.org\/{rel}","templated":true}]}}