{"id":614,"date":"2023-07-01T10:15:58","date_gmt":"2023-07-01T10:15:58","guid":{"rendered":"https:\/\/kanakydesign.com\/?post_type=product&#038;p=614"},"modified":"2026-04-06T12:56:20","modified_gmt":"2026-04-06T12:56:20","slug":"bomba-de-diafragma-basic","status":"publish","type":"product","link":"https:\/\/kanakydesign.com\/fr\/produit\/bomba-de-diafragma-basic\/","title":{"rendered":"Pompe \u00e0 membrane"},"content":{"rendered":"<p data-start=\"191\" data-end=\"715\">Le <strong data-start=\"194\" data-end=\"263\">pompe \u00e0 membrane professionnelle pour le syst\u00e8me d'eau de pluie des terrariums<\/strong> est au c\u0153ur de toute installation de pulv\u00e9risation avanc\u00e9e, en particulier lorsque vous travaillez avec le syst\u00e8me <strong data-start=\"364\" data-end=\"384\">de nombreuses buses<\/strong> et vous avez besoin d'une pression stable pour obtenir un brouillard fin et uniforme. Cette pompe est con\u00e7ue pour les installations exigeantes : elle est <strong data-start=\"498\" data-end=\"516\">tr\u00e8s calme<\/strong>, offres <strong data-start=\"525\" data-end=\"559\">puissance de pulv\u00e9risation \u00e9lev\u00e9e<\/strong> et, en outre, il peut <strong data-start=\"577\" data-end=\"612\">tourner au ralenti sans s'\u00e9teindre<\/strong>, C'est un avantage important dans les syst\u00e8mes o\u00f9 de l'air p\u00e9n\u00e8tre parfois ou lorsque le circuit est vid\u00e9 pour des raisons de maintenance.<\/p>\n<p data-start=\"717\" data-end=\"1145\">Si vous avez un terrarium tropical, une \u00e9tag\u00e8re \u00e0 terrariums ou une salle d'\u00e9levage avec plusieurs enclos, une bonne pompe fait la diff\u00e9rence entre un jet irr\u00e9gulier et une pluie fine, r\u00e9guli\u00e8re et efficace. Avec cette <strong data-start=\"930\" data-end=\"967\">pompe \u00e0 membrane pour terrariums<\/strong>, Les buses fonctionnent \u00e0 plein r\u00e9gime et produisent de tr\u00e8s petites gouttelettes qui sont mieux r\u00e9parties sur les feuilles, les fonds et les d\u00e9corations, ce qui contribue \u00e0 maintenir une humidit\u00e9 stable sans formation de flaques.<\/p>\n<h2 data-start=\"1147\" data-end=\"1193\">Principaux avantages pour les grandes installations<\/h2>\n<ul data-start=\"1194\" data-end=\"1547\">\n<li data-start=\"1194\" data-end=\"1269\">\n<p data-start=\"1196\" data-end=\"1269\"><strong data-start=\"1196\" data-end=\"1222\">Cat\u00e9gorie professionnelle :<\/strong> con\u00e7u pour les syst\u00e8mes comportant de nombreuses buses.<\/p>\n<\/li>\n<li data-start=\"1270\" data-end=\"1359\">\n<p data-start=\"1272\" data-end=\"1359\"><strong data-start=\"1272\" data-end=\"1299\">Pulv\u00e9risation tr\u00e8s fine :<\/strong> id\u00e9al pour les buses des syst\u00e8mes de pluie et de brumisation.<\/p>\n<\/li>\n<li data-start=\"1360\" data-end=\"1440\">\n<p data-start=\"1362\" data-end=\"1440\"><strong data-start=\"1362\" data-end=\"1381\">Tr\u00e8s calme :<\/strong> parfait pour un usage domestique ou des installations int\u00e9rieures.<\/p>\n<\/li>\n<li data-start=\"1441\" data-end=\"1547\">\n<p data-start=\"1443\" data-end=\"1547\"><strong data-start=\"1443\" data-end=\"1485\">Il peut fonctionner \u00e0 vide sans s'\u00e9teindre :<\/strong> une s\u00e9curit\u00e9 et une durabilit\u00e9 accrues lors de l'utilisation et de l'entretien.<\/p>\n<\/li>\n<\/ul>\n<h2 data-start=\"1549\" data-end=\"1595\">\ud83d\udd27 Y compris l'alimentation \u00e9lectrique et les accessoires<\/h2>\n<p data-start=\"1596\" data-end=\"1633\">Pour faciliter l'assemblage, il comprend<\/p>\n<ul data-start=\"1634\" data-end=\"1758\">\n<li data-start=\"1634\" data-end=\"1664\">\n<p data-start=\"1636\" data-end=\"1664\"><strong data-start=\"1636\" data-end=\"1662\">Alimentation \u00e9lectrique<\/strong><\/p>\n<\/li>\n<li data-start=\"1665\" data-end=\"1713\">\n<p data-start=\"1667\" data-end=\"1713\"><strong data-start=\"1667\" data-end=\"1688\">Raccord d'entr\u00e9e :<\/strong> pour <strong data-start=\"1694\" data-end=\"1711\">Tube de 10 mm<\/strong><\/p>\n<\/li>\n<li data-start=\"1714\" data-end=\"1758\">\n<p data-start=\"1716\" data-end=\"1758\"><strong data-start=\"1716\" data-end=\"1736\">Raccord de sortie :<\/strong> pour <strong data-start=\"1742\" data-end=\"1758\">Tube de 6 mm<\/strong><\/p>\n<\/li>\n<\/ul>\n<p data-start=\"1760\" data-end=\"1895\">Cela vous permet de l'int\u00e9grer rapidement dans votre circuit, que vous partiez de z\u00e9ro ou que vous mettiez \u00e0 niveau un syst\u00e8me existant.<\/p>\n<h2 data-start=\"1897\" data-end=\"1948\">\ud83d\udccc Mod\u00e8les disponibles en fonction du nombre de buses<\/h2>\n<p data-start=\"1949\" data-end=\"1999\">Choisissez le mod\u00e8le en fonction de l'ampleur de votre installation :<\/p>\n<h3 data-start=\"2001\" data-end=\"2037\">\ud83d\udd39 Mod\u00e8le BASIC (8-20 buses)<\/h3>\n<p data-start=\"2038\" data-end=\"2185\">Recommand\u00e9 pour plusieurs terrariums ou un grand terrarium avec plusieurs lignes de pulv\u00e9risation. Excellent \u00e9quilibre entre la puissance et la taille du syst\u00e8me.<\/p>\n<h3 data-start=\"2187\" data-end=\"2222\">\ud83d\udd39 Mod\u00e8le PRO (20-60 buses)<\/h3>\n<p data-start=\"2223\" data-end=\"2427\">Con\u00e7u pour les tr\u00e8s grandes installations : racks complets, salles de terrariums ou syst\u00e8mes avec plusieurs lignes et plusieurs buses fonctionnant en m\u00eame temps, en maintenant une pression stable pour une pulv\u00e9risation fine.<\/p>\n<h2 data-start=\"2429\" data-end=\"2455\">\ud83e\udde9 Recommandation d'utilisation<\/h2>\n<p data-start=\"2456\" data-end=\"2686\">Pour une performance optimale, il faut combiner la pompe avec une bonne planification des buses (distribution et d\u00e9bit), v\u00e9rifier p\u00e9riodiquement les filtres\/tubes et utiliser un contr\u00f4leur de temps pour maintenir une photop\u00e9riode de pluie stable.<\/p>\n<p data-start=\"2688\" data-end=\"2801\">\ud83d\udc49 Compl\u00e9tez votre installation avec des accessoires pour syst\u00e8mes de r\u00e9cup\u00e9ration d'eau de pluie \u00e0 <strong data-start=\"2765\" data-end=\"2800\"><a class=\"decorated-link\" href=\"https:\/\/kanakydesign.com\/fr\/categoria\/accesorios\/sistemas-de-lluvia\/\" target=\"_new\" rel=\"noopener\" data-start=\"2767\" data-end=\"2798\">https:\/\/www.kanakydesign.com\/<\/a><\/strong>.<\/p>","protected":false},"excerpt":{"rendered":"<p>Pompe de qualit\u00e9 professionnelle, pour les installations comportant de nombreuses buses. Cette pompe \u00e0 membrane est tr\u00e8s silencieuse, peut fonctionner \u00e0 vide sans s'\u00e9puiser et est suffisamment puissante pour pulv\u00e9riser des buses tr\u00e8s fines dans votre syst\u00e8me de pluie. Comprend l'alimentation \u00e9lectrique et les raccords d'entr\u00e9e (tube de 10 mm) et de sortie (tube de 6 mm).<\/p>\n<ul>\n<li>Mod\u00e8le BASIC (8-20 buses)<\/li>\n<li>Mod\u00e8le PRO (20-60 buses)<\/li>\n<\/ul>\n<p>&nbsp;<\/p>\n<p>*Le nombre de buses recommand\u00e9 peut varier en fonction de la structure de votre installation.<br \/>\n**Tuyau d'absorption d'eau (10mm) et tuyau de distribution vers les buses (6mm) non inclus<\/p>","protected":false},"featured_media":1115,"template":"","meta":[],"product_brand":[],"product_cat":[23,27],"product_tag":[227,354,353,351,352,344,349,350,346,347,348,345,356,355],"class_list":{"0":"post-614","1":"product","2":"type-product","3":"status-publish","4":"has-post-thumbnail","6":"product_cat-accesorios","7":"product_cat-sistemas-de-lluvia","8":"product_tag-automatizacion-terrario","9":"product_tag-bomba-20-60-boquillas","10":"product_tag-bomba-8-20-boquillas","11":"product_tag-bomba-diafragma-basic","12":"product_tag-bomba-diafragma-pro","13":"product_tag-bomba-diafragma-sistema-lluvia","14":"product_tag-bomba-para-boquillas-terrario","15":"product_tag-bomba-para-sistema-de-lluvia","16":"product_tag-bomba-profesional-nebulizacion","17":"product_tag-bomba-pulverizacion-terrario","18":"product_tag-bomba-silenciosa-terrario","19":"product_tag-bomba-sistema-lluvia-terrario","20":"product_tag-fuente-alimentacion-bomba","21":"product_tag-racores-10mm-6mm","22":"product_shipping_class-accesorios","24":"first","25":"instock","26":"taxable","27":"shipping-taxable","28":"purchasable","29":"product-type-variable"},"yoast_head":"<!-- This site is optimized with the Yoast SEO plugin v27.3 - https:\/\/yoast.com\/product\/yoast-seo-wordpress\/ -->\n<title>Bomba de diafragma | KanakyDesign Enclosures<\/title>\n<meta name=\"description\" content=\"Bomba diafragma sistema lluvia para terrario, profesional y silenciosa. Pulveriza muy fino, funciona en vac\u00edo sin quemarse. BASIC 8\u201320 boquillas, PRO 20\u201360.\" \/>\n<meta name=\"robots\" content=\"index, follow, max-snippet:-1, max-image-preview:large, max-video-preview:-1\" \/>\n<link rel=\"canonical\" href=\"https:\/\/kanakydesign.com\/fr\/produit\/bomba-de-diafragma-basic\/\" \/>\n<meta property=\"og:locale\" content=\"fr_FR\" \/>\n<meta property=\"og:type\" content=\"article\" \/>\n<meta property=\"og:title\" content=\"Bomba de diafragma | KanakyDesign Enclosures\" \/>\n<meta property=\"og:description\" content=\"Bomba diafragma sistema lluvia para terrario, profesional y silenciosa. Pulveriza muy fino, funciona en vac\u00edo sin quemarse. BASIC 8\u201320 boquillas, PRO 20\u201360.\" \/>\n<meta property=\"og:url\" content=\"https:\/\/kanakydesign.com\/fr\/produit\/bomba-de-diafragma-basic\/\" \/>\n<meta property=\"og:site_name\" content=\"KanakyDesign Enclosures\" \/>\n<meta property=\"article:modified_time\" content=\"2026-04-06T12:56:20+00:00\" \/>\n<meta property=\"og:image\" content=\"https:\/\/kanakydesign.com\/wp-content\/uploads\/2023\/09\/DSC2883-scaled.jpg\" \/>\n\t<meta property=\"og:image:width\" content=\"2560\" \/>\n\t<meta property=\"og:image:height\" content=\"2560\" \/>\n\t<meta property=\"og:image:type\" content=\"image\/jpeg\" \/>\n<meta name=\"twitter:card\" content=\"summary_large_image\" \/>\n<meta name=\"twitter:label1\" content=\"Dur\u00e9e de lecture estim\u00e9e\" \/>\n\t<meta name=\"twitter:data1\" content=\"2 minutes\" \/>\n<script type=\"application\/ld+json\" class=\"yoast-schema-graph\">{\"@context\":\"https:\\\/\\\/schema.org\",\"@graph\":[{\"@type\":\"WebPage\",\"@id\":\"https:\\\/\\\/kanakydesign.com\\\/producto\\\/bomba-de-diafragma-basic\\\/\",\"url\":\"https:\\\/\\\/kanakydesign.com\\\/producto\\\/bomba-de-diafragma-basic\\\/\",\"name\":\"Bomba de diafragma | KanakyDesign Enclosures\",\"isPartOf\":{\"@id\":\"https:\\\/\\\/kanakydesign.com\\\/#website\"},\"primaryImageOfPage\":{\"@id\":\"https:\\\/\\\/kanakydesign.com\\\/producto\\\/bomba-de-diafragma-basic\\\/#primaryimage\"},\"image\":{\"@id\":\"https:\\\/\\\/kanakydesign.com\\\/producto\\\/bomba-de-diafragma-basic\\\/#primaryimage\"},\"thumbnailUrl\":\"https:\\\/\\\/kanakydesign.com\\\/wp-content\\\/uploads\\\/2023\\\/09\\\/DSC2883-scaled.jpg\",\"datePublished\":\"2023-07-01T10:15:58+00:00\",\"dateModified\":\"2026-04-06T12:56:20+00:00\",\"description\":\"Bomba diafragma sistema lluvia para terrario, profesional y silenciosa. Pulveriza muy fino, funciona en vac\u00edo sin quemarse. BASIC 8\u201320 boquillas, PRO 20\u201360.\",\"breadcrumb\":{\"@id\":\"https:\\\/\\\/kanakydesign.com\\\/producto\\\/bomba-de-diafragma-basic\\\/#breadcrumb\"},\"inLanguage\":\"fr-FR\",\"potentialAction\":[{\"@type\":\"ReadAction\",\"target\":[\"https:\\\/\\\/kanakydesign.com\\\/producto\\\/bomba-de-diafragma-basic\\\/\"]}]},{\"@type\":\"ImageObject\",\"inLanguage\":\"fr-FR\",\"@id\":\"https:\\\/\\\/kanakydesign.com\\\/producto\\\/bomba-de-diafragma-basic\\\/#primaryimage\",\"url\":\"https:\\\/\\\/kanakydesign.com\\\/wp-content\\\/uploads\\\/2023\\\/09\\\/DSC2883-scaled.jpg\",\"contentUrl\":\"https:\\\/\\\/kanakydesign.com\\\/wp-content\\\/uploads\\\/2023\\\/09\\\/DSC2883-scaled.jpg\",\"width\":2560,\"height\":2560},{\"@type\":\"BreadcrumbList\",\"@id\":\"https:\\\/\\\/kanakydesign.com\\\/producto\\\/bomba-de-diafragma-basic\\\/#breadcrumb\",\"itemListElement\":[{\"@type\":\"ListItem\",\"position\":1,\"name\":\"Portada\",\"item\":\"https:\\\/\\\/kanakydesign.com\\\/\"},{\"@type\":\"ListItem\",\"position\":2,\"name\":\"Tienda\",\"item\":\"https:\\\/\\\/kanakydesign.com\\\/tienda\\\/\"},{\"@type\":\"ListItem\",\"position\":3,\"name\":\"Bomba de diafragma\"}]},{\"@type\":\"WebSite\",\"@id\":\"https:\\\/\\\/kanakydesign.com\\\/#website\",\"url\":\"https:\\\/\\\/kanakydesign.com\\\/\",\"name\":\"KanakyDesign Enclosures\",\"description\":\"Become a professional keeper\",\"publisher\":{\"@id\":\"https:\\\/\\\/kanakydesign.com\\\/#organization\"},\"alternateName\":\"KanakyDesign\",\"potentialAction\":[{\"@type\":\"SearchAction\",\"target\":{\"@type\":\"EntryPoint\",\"urlTemplate\":\"https:\\\/\\\/kanakydesign.com\\\/?s={search_term_string}\"},\"query-input\":{\"@type\":\"PropertyValueSpecification\",\"valueRequired\":true,\"valueName\":\"search_term_string\"}}],\"inLanguage\":\"fr-FR\"},{\"@type\":\"Organization\",\"@id\":\"https:\\\/\\\/kanakydesign.com\\\/#organization\",\"name\":\"KanakyDesign Enclosures\",\"alternateName\":\"KanakyDesign\",\"url\":\"https:\\\/\\\/kanakydesign.com\\\/\",\"logo\":{\"@type\":\"ImageObject\",\"inLanguage\":\"fr-FR\",\"@id\":\"https:\\\/\\\/kanakydesign.com\\\/#\\\/schema\\\/logo\\\/image\\\/\",\"url\":\"https:\\\/\\\/kanakydesign.com\\\/wp-content\\\/uploads\\\/2023\\\/06\\\/Logo-KanakyDesign-circular-negro-1.png\",\"contentUrl\":\"https:\\\/\\\/kanakydesign.com\\\/wp-content\\\/uploads\\\/2023\\\/06\\\/Logo-KanakyDesign-circular-negro-1.png\",\"width\":2000,\"height\":2000,\"caption\":\"KanakyDesign Enclosures\"},\"image\":{\"@id\":\"https:\\\/\\\/kanakydesign.com\\\/#\\\/schema\\\/logo\\\/image\\\/\"}}]}<\/script>\n<!-- \/ Yoast SEO plugin. -->","yoast_head_json":{"title":"Pompe \u00e0 membrane : KanakyDesign Enclosures","description":"Pompe \u00e0 membrane professionnelle et silencieuse pour le syst\u00e8me de pluie du terrarium. Pulv\u00e9rise tr\u00e8s finement, fonctionne sous vide sans br\u00fbler. BASIC 8-20 buses, PRO 20-60.","robots":{"index":"index","follow":"follow","max-snippet":"max-snippet:-1","max-image-preview":"max-image-preview:large","max-video-preview":"max-video-preview:-1"},"canonical":"https:\/\/kanakydesign.com\/fr\/produit\/bomba-de-diafragma-basic\/","og_locale":"fr_FR","og_type":"article","og_title":"Bomba de diafragma | KanakyDesign Enclosures","og_description":"Bomba diafragma sistema lluvia para terrario, profesional y silenciosa. Pulveriza muy fino, funciona en vac\u00edo sin quemarse. BASIC 8\u201320 boquillas, PRO 20\u201360.","og_url":"https:\/\/kanakydesign.com\/fr\/produit\/bomba-de-diafragma-basic\/","og_site_name":"KanakyDesign Enclosures","article_modified_time":"2026-04-06T12:56:20+00:00","og_image":[{"width":2560,"height":2560,"url":"https:\/\/kanakydesign.com\/wp-content\/uploads\/2023\/09\/DSC2883-scaled.jpg","type":"image\/jpeg"}],"twitter_card":"summary_large_image","twitter_misc":{"Dur\u00e9e de lecture estim\u00e9e":"2 minutes"},"schema":{"@context":"https:\/\/schema.org","@graph":[{"@type":"WebPage","@id":"https:\/\/kanakydesign.com\/producto\/bomba-de-diafragma-basic\/","url":"https:\/\/kanakydesign.com\/producto\/bomba-de-diafragma-basic\/","name":"Pompe \u00e0 membrane : KanakyDesign Enclosures","isPartOf":{"@id":"https:\/\/kanakydesign.com\/#website"},"primaryImageOfPage":{"@id":"https:\/\/kanakydesign.com\/producto\/bomba-de-diafragma-basic\/#primaryimage"},"image":{"@id":"https:\/\/kanakydesign.com\/producto\/bomba-de-diafragma-basic\/#primaryimage"},"thumbnailUrl":"https:\/\/kanakydesign.com\/wp-content\/uploads\/2023\/09\/DSC2883-scaled.jpg","datePublished":"2023-07-01T10:15:58+00:00","dateModified":"2026-04-06T12:56:20+00:00","description":"Pompe \u00e0 membrane professionnelle et silencieuse pour le syst\u00e8me de pluie du terrarium. Pulv\u00e9rise tr\u00e8s finement, fonctionne sous vide sans br\u00fbler. BASIC 8-20 buses, PRO 20-60.","breadcrumb":{"@id":"https:\/\/kanakydesign.com\/producto\/bomba-de-diafragma-basic\/#breadcrumb"},"inLanguage":"fr-FR","potentialAction":[{"@type":"ReadAction","target":["https:\/\/kanakydesign.com\/producto\/bomba-de-diafragma-basic\/"]}]},{"@type":"ImageObject","inLanguage":"fr-FR","@id":"https:\/\/kanakydesign.com\/producto\/bomba-de-diafragma-basic\/#primaryimage","url":"https:\/\/kanakydesign.com\/wp-content\/uploads\/2023\/09\/DSC2883-scaled.jpg","contentUrl":"https:\/\/kanakydesign.com\/wp-content\/uploads\/2023\/09\/DSC2883-scaled.jpg","width":2560,"height":2560},{"@type":"BreadcrumbList","@id":"https:\/\/kanakydesign.com\/producto\/bomba-de-diafragma-basic\/#breadcrumb","itemListElement":[{"@type":"ListItem","position":1,"name":"Portada","item":"https:\/\/kanakydesign.com\/"},{"@type":"ListItem","position":2,"name":"Tienda","item":"https:\/\/kanakydesign.com\/tienda\/"},{"@type":"ListItem","position":3,"name":"Bomba de diafragma"}]},{"@type":"WebSite","@id":"https:\/\/kanakydesign.com\/#website","url":"https:\/\/kanakydesign.com\/","name":"KanakyDesign Enclosures","description":"Become a professional keeper","publisher":{"@id":"https:\/\/kanakydesign.com\/#organization"},"alternateName":"KanakyDesign","potentialAction":[{"@type":"SearchAction","target":{"@type":"EntryPoint","urlTemplate":"https:\/\/kanakydesign.com\/?s={search_term_string}"},"query-input":{"@type":"PropertyValueSpecification","valueRequired":true,"valueName":"search_term_string"}}],"inLanguage":"fr-FR"},{"@type":"Organization","@id":"https:\/\/kanakydesign.com\/#organization","name":"KanakyDesign Enclosures","alternateName":"KanakyDesign","url":"https:\/\/kanakydesign.com\/","logo":{"@type":"ImageObject","inLanguage":"fr-FR","@id":"https:\/\/kanakydesign.com\/#\/schema\/logo\/image\/","url":"https:\/\/kanakydesign.com\/wp-content\/uploads\/2023\/06\/Logo-KanakyDesign-circular-negro-1.png","contentUrl":"https:\/\/kanakydesign.com\/wp-content\/uploads\/2023\/06\/Logo-KanakyDesign-circular-negro-1.png","width":2000,"height":2000,"caption":"KanakyDesign Enclosures"},"image":{"@id":"https:\/\/kanakydesign.com\/#\/schema\/logo\/image\/"}}]}},"_links":{"self":[{"href":"https:\/\/kanakydesign.com\/fr\/wp-json\/wp\/v2\/product\/614","targetHints":{"allow":["GET"]}}],"collection":[{"href":"https:\/\/kanakydesign.com\/fr\/wp-json\/wp\/v2\/product"}],"about":[{"href":"https:\/\/kanakydesign.com\/fr\/wp-json\/wp\/v2\/types\/product"}],"wp:featuredmedia":[{"embeddable":true,"href":"https:\/\/kanakydesign.com\/fr\/wp-json\/wp\/v2\/media\/1115"}],"wp:attachment":[{"href":"https:\/\/kanakydesign.com\/fr\/wp-json\/wp\/v2\/media?parent=614"}],"wp:term":[{"taxonomy":"product_brand","embeddable":true,"href":"https:\/\/kanakydesign.com\/fr\/wp-json\/wp\/v2\/product_brand?post=614"},{"taxonomy":"product_cat","embeddable":true,"href":"https:\/\/kanakydesign.com\/fr\/wp-json\/wp\/v2\/product_cat?post=614"},{"taxonomy":"product_tag","embeddable":true,"href":"https:\/\/kanakydesign.com\/fr\/wp-json\/wp\/v2\/product_tag?post=614"}],"curies":[{"name":"wp","href":"https:\/\/api.w.org\/{rel}","templated":true}]}}