{"id":612,"date":"2023-07-01T10:15:19","date_gmt":"2023-07-01T10:15:19","guid":{"rendered":"https:\/\/kanakydesign.com\/?post_type=product&#038;p=612"},"modified":"2026-03-26T13:14:50","modified_gmt":"2026-03-26T13:14:50","slug":"bomba-de-vibracion","status":"publish","type":"product","link":"https:\/\/kanakydesign.com\/fr\/produit\/bomba-de-vibracion\/","title":{"rendered":"Pompe \u00e0 vibration"},"content":{"rendered":"<p data-start=\"179\" data-end=\"570\">Le <strong data-start=\"182\" data-end=\"244\">ULKA Pompe \u00e0 vibration pour syst\u00e8me de pluie pour terrarium<\/strong> est un <strong data-start=\"251\" data-end=\"263\">pi\u00e8ce de rechange<\/strong> Les pompes ULKA sont con\u00e7ues pour r\u00e9tablir ou maintenir le fonctionnement des installations de pulv\u00e9risation\/brume qui fonctionnent avec ce type de pompe. Les pompes ULKA sont largement utilis\u00e9es dans les syst\u00e8mes compacts \u00e0 pression et, dans les terrariums, elles permettent d'obtenir une pulv\u00e9risation efficace lorsqu'elles sont programm\u00e9es avec des cycles appropri\u00e9s.<\/p>\n<h2 data-start=\"572\" data-end=\"633\">Utilisation recommand\u00e9e : irrigations courtes pour prolonger la dur\u00e9e de vie du produit.<\/h2>\n<p data-start=\"634\" data-end=\"1104\">Ce type de <strong data-start=\"647\" data-end=\"692\">pompe vibrante pour syst\u00e8me d'eau de pluie<\/strong> n'est pas con\u00e7u pour fonctionner en continu pendant de longues p\u00e9riodes. Pour \u00e9viter tout dysfonctionnement, <strong data-start=\"789\" data-end=\"847\">ne le laissez pas allum\u00e9 pendant plus de 30 \u00e0 45 secondes.<\/strong>, Cela augmenterait le risque de surchauffe et d'usure pr\u00e9matur\u00e9e. L'id\u00e9al est de pr\u00e9voir <strong data-start=\"954\" data-end=\"982\">Arrosage de 10 \u00e0 20 secondes<\/strong>, Le terrarium est \u00e9quip\u00e9 d'une large gamme d'esp\u00e8ces, r\u00e9parties tout au long de la journ\u00e9e en fonction de la ventilation, de la temp\u00e9rature et de l'humidit\u00e9 de l'environnement dans lequel le terrarium est install\u00e9.<\/p>\n<p data-start=\"1106\" data-end=\"1148\">Exemples typiques d'utilisation (\u00e0 titre indicatif) :<\/p>\n<ul data-start=\"1149\" data-end=\"1359\">\n<li data-start=\"1149\" data-end=\"1221\">\n<p data-start=\"1151\" data-end=\"1221\">Terrarium tropical bien ventil\u00e9 : plusieurs cycles courts par jour<\/p>\n<\/li>\n<li data-start=\"1222\" data-end=\"1291\">\n<p data-start=\"1224\" data-end=\"1291\">Environnements secs ou chauffage intense : cycles un peu plus fr\u00e9quents<\/p>\n<\/li>\n<li data-start=\"1292\" data-end=\"1359\">\n<p data-start=\"1294\" data-end=\"1359\">Terrariums d\u00e9j\u00e0 stables et bioactifs : moins de cycles, mais toujours constants<\/p>\n<\/li>\n<\/ul>\n<blockquote data-start=\"1361\" data-end=\"1530\">\n<p data-start=\"1363\" data-end=\"1530\">Conseil : si vous avez besoin de pulv\u00e9risations plus longues ou d'un grand nombre de buses, il est g\u00e9n\u00e9ralement pr\u00e9f\u00e9rable d'utiliser un <strong data-start=\"1451\" data-end=\"1473\">pompe \u00e0 membrane<\/strong> de travailler de mani\u00e8re plus s\u00fbre.<\/p>\n<\/blockquote>\n<h2 data-start=\"1532\" data-end=\"1579\">\ud83d\udca7 Id\u00e9al comme pi\u00e8ce de rechange dans les syst\u00e8mes d'eau de pluie<\/h2>\n<p data-start=\"1580\" data-end=\"1802\">Le pr\u00e9sent <strong data-start=\"1585\" data-end=\"1613\">Pompe pour terrarium ULKA<\/strong> est orient\u00e9 vers les remplacements et la maintenance : c'est une option pratique pour ceux qui ont d\u00e9j\u00e0 install\u00e9 le syst\u00e8me et qui ont besoin de le ramener \u00e0 ses performances initiales sans changer l'ensemble de l'installation.<\/p>\n<h2 data-start=\"1804\" data-end=\"1866\">\u26a0\ufe0f Important : produit de remplacement (accessoires non inclus)<\/h2>\n<p data-start=\"1867\" data-end=\"1940\">Veuillez noter que cet article est <strong data-start=\"1902\" data-end=\"1919\">uniquement la pompe<\/strong>.<br data-start=\"1920\" data-end=\"1923\" \/><strong data-start=\"1923\" data-end=\"1938\">Non inclus :<\/strong><\/p>\n<ul data-start=\"1941\" data-end=\"1975\">\n<li data-start=\"1941\" data-end=\"1952\">\n<p data-start=\"1943\" data-end=\"1952\">accouplements<\/p>\n<\/li>\n<li data-start=\"1953\" data-end=\"1962\">\n<p data-start=\"1955\" data-end=\"1962\">c\u00e2ble<\/p>\n<\/li>\n<li data-start=\"1963\" data-end=\"1975\">\n<p data-start=\"1965\" data-end=\"1975\">soutiens<\/p>\n<\/li>\n<\/ul>\n<p data-start=\"1977\" data-end=\"2127\">L'objectif est de faciliter le remplacement dans les installations existantes o\u00f9 ces \u00e9l\u00e9ments existent d\u00e9j\u00e0 ou doivent \u00eatre r\u00e9utilis\u00e9s.<\/p>\n<h2 data-start=\"2129\" data-end=\"2173\">\ud83e\udde9 Recommandations pour un montage fiable<\/h2>\n<p data-start=\"2174\" data-end=\"2233\">Pour am\u00e9liorer la stabilit\u00e9 du syst\u00e8me et \u00e9viter les probl\u00e8mes :<\/p>\n<ul data-start=\"2234\" data-end=\"2457\">\n<li data-start=\"2234\" data-end=\"2295\">\n<p data-start=\"2236\" data-end=\"2295\">utiliser des cycles courts (10-20 s) et laisser des pauses entre les irrigations.<\/p>\n<\/li>\n<li data-start=\"2296\" data-end=\"2378\">\n<p data-start=\"2298\" data-end=\"2378\">v\u00e9rifier que les tuyaux et les buses ne sont pas obstru\u00e9s (ce qui augmente la charge de travail)<\/p>\n<\/li>\n<li data-start=\"2379\" data-end=\"2457\">\n<p data-start=\"2381\" data-end=\"2457\">si la pompe \u00e9met des bruits anormaux ou si la pression est faible, v\u00e9rifiez les filtres et les raccordements.<\/p>\n<\/li>\n<\/ul>\n<p data-start=\"2459\" data-end=\"2576\">\ud83d\udc49 Trouver des pi\u00e8ces d\u00e9tach\u00e9es et des composants pour les syst\u00e8mes d'automatisation et de collecte des eaux de pluie \u00e0 l'adresse suivante <strong data-start=\"2540\" data-end=\"2575\"><a class=\"decorated-link\" href=\"https:\/\/kanakydesign.com\/fr\/categoria\/accesorios\/sistemas-de-lluvia\/\" target=\"_new\" rel=\"noopener\" data-start=\"2542\" data-end=\"2573\">https:\/\/www.kanakydesign.com\/<\/a><\/strong>.<\/p>","protected":false},"excerpt":{"rendered":"<p>Pompe \u00e0 vibration de marque ULKA pour syst\u00e8me de pluie. Il est d\u00e9conseill\u00e9 de laisser la pompe en marche pendant plus de 30-45 secondes, car elle risque d'\u00eatre endommag\u00e9e. L'id\u00e9al est un arrosage de 10 \u00e0 20 secondes r\u00e9parti tout au long de la journ\u00e9e en fonction de l'environnement dans lequel le terrarium est install\u00e9.<\/p>\n<p>*Il s'agit d'un produit de remplacement, qui n'inclut pas le raccord, le c\u00e2ble ou les supports.<\/p>","protected":false},"featured_media":1110,"template":"","meta":[],"product_brand":[],"product_cat":[23,27],"product_tag":[365,358,362,347,364,359,360,357,367,366,361,363,141],"class_list":{"0":"post-612","1":"product","2":"type-product","3":"status-publish","4":"has-post-thumbnail","6":"product_cat-accesorios","7":"product_cat-sistemas-de-lluvia","8":"product_tag-bomba-10-20-segundos","9":"product_tag-bomba-de-vibracion-terrario","10":"product_tag-bomba-nebulizacion-terrario","11":"product_tag-bomba-pulverizacion-terrario","12":"product_tag-bomba-riegos-cortos","13":"product_tag-bomba-sistema-de-lluvia-terrario","14":"product_tag-bomba-ulka-sistema-lluvia","15":"product_tag-bomba-vibracion-ulka","16":"product_tag-componentes-sistema-lluvia-terrario","17":"product_tag-recambio-sistema-lluvia","18":"product_tag-repuesto-bomba-ulka","19":"product_tag-riego-automatico-terrario","20":"product_tag-ulka","21":"product_shipping_class-accesorios","23":"first","24":"instock","25":"taxable","26":"shipping-taxable","27":"purchasable","28":"product-type-simple"},"yoast_head":"<!-- This site is optimized with the Yoast SEO plugin v27.3 - https:\/\/yoast.com\/product\/yoast-seo-wordpress\/ -->\n<title>Bomba de vibraci\u00f3n | KanakyDesign Enclosures<\/title>\n<meta name=\"description\" content=\"Bomba vibraci\u00f3n ULKA para sistema de lluvia en terrario (repuesto). Recomendada para riegos de 10\u201320 s; no usar m\u00e1s de 30\u201345 s seguidos.\" \/>\n<meta name=\"robots\" content=\"index, follow, max-snippet:-1, max-image-preview:large, max-video-preview:-1\" \/>\n<link rel=\"canonical\" href=\"https:\/\/kanakydesign.com\/fr\/produit\/bomba-de-vibracion\/\" \/>\n<meta property=\"og:locale\" content=\"fr_FR\" \/>\n<meta property=\"og:type\" content=\"article\" \/>\n<meta property=\"og:title\" content=\"Bomba de vibraci\u00f3n | KanakyDesign Enclosures\" \/>\n<meta property=\"og:description\" content=\"Bomba vibraci\u00f3n ULKA para sistema de lluvia en terrario (repuesto). Recomendada para riegos de 10\u201320 s; no usar m\u00e1s de 30\u201345 s seguidos.\" \/>\n<meta property=\"og:url\" content=\"https:\/\/kanakydesign.com\/fr\/produit\/bomba-de-vibracion\/\" \/>\n<meta property=\"og:site_name\" content=\"KanakyDesign Enclosures\" \/>\n<meta property=\"article:modified_time\" content=\"2026-03-26T13:14:50+00:00\" \/>\n<meta property=\"og:image\" content=\"https:\/\/kanakydesign.com\/wp-content\/uploads\/2023\/09\/DSC2870-scaled.jpg\" \/>\n\t<meta property=\"og:image:width\" content=\"2560\" \/>\n\t<meta property=\"og:image:height\" content=\"2560\" \/>\n\t<meta property=\"og:image:type\" content=\"image\/jpeg\" \/>\n<meta name=\"twitter:card\" content=\"summary_large_image\" \/>\n<meta name=\"twitter:label1\" content=\"Dur\u00e9e de lecture estim\u00e9e\" \/>\n\t<meta name=\"twitter:data1\" content=\"2 minutes\" \/>\n<script type=\"application\/ld+json\" class=\"yoast-schema-graph\">{\"@context\":\"https:\\\/\\\/schema.org\",\"@graph\":[{\"@type\":\"WebPage\",\"@id\":\"https:\\\/\\\/kanakydesign.com\\\/producto\\\/bomba-de-vibracion\\\/\",\"url\":\"https:\\\/\\\/kanakydesign.com\\\/producto\\\/bomba-de-vibracion\\\/\",\"name\":\"Bomba de vibraci\u00f3n | KanakyDesign Enclosures\",\"isPartOf\":{\"@id\":\"https:\\\/\\\/kanakydesign.com\\\/#website\"},\"primaryImageOfPage\":{\"@id\":\"https:\\\/\\\/kanakydesign.com\\\/producto\\\/bomba-de-vibracion\\\/#primaryimage\"},\"image\":{\"@id\":\"https:\\\/\\\/kanakydesign.com\\\/producto\\\/bomba-de-vibracion\\\/#primaryimage\"},\"thumbnailUrl\":\"https:\\\/\\\/kanakydesign.com\\\/wp-content\\\/uploads\\\/2023\\\/09\\\/DSC2870-scaled.jpg\",\"datePublished\":\"2023-07-01T10:15:19+00:00\",\"dateModified\":\"2026-03-26T13:14:50+00:00\",\"description\":\"Bomba vibraci\u00f3n ULKA para sistema de lluvia en terrario (repuesto). Recomendada para riegos de 10\u201320 s; no usar m\u00e1s de 30\u201345 s seguidos.\",\"breadcrumb\":{\"@id\":\"https:\\\/\\\/kanakydesign.com\\\/producto\\\/bomba-de-vibracion\\\/#breadcrumb\"},\"inLanguage\":\"fr-FR\",\"potentialAction\":[{\"@type\":\"ReadAction\",\"target\":[\"https:\\\/\\\/kanakydesign.com\\\/producto\\\/bomba-de-vibracion\\\/\"]}]},{\"@type\":\"ImageObject\",\"inLanguage\":\"fr-FR\",\"@id\":\"https:\\\/\\\/kanakydesign.com\\\/producto\\\/bomba-de-vibracion\\\/#primaryimage\",\"url\":\"https:\\\/\\\/kanakydesign.com\\\/wp-content\\\/uploads\\\/2023\\\/09\\\/DSC2870-scaled.jpg\",\"contentUrl\":\"https:\\\/\\\/kanakydesign.com\\\/wp-content\\\/uploads\\\/2023\\\/09\\\/DSC2870-scaled.jpg\",\"width\":2560,\"height\":2560},{\"@type\":\"BreadcrumbList\",\"@id\":\"https:\\\/\\\/kanakydesign.com\\\/producto\\\/bomba-de-vibracion\\\/#breadcrumb\",\"itemListElement\":[{\"@type\":\"ListItem\",\"position\":1,\"name\":\"Portada\",\"item\":\"https:\\\/\\\/kanakydesign.com\\\/\"},{\"@type\":\"ListItem\",\"position\":2,\"name\":\"Tienda\",\"item\":\"https:\\\/\\\/kanakydesign.com\\\/tienda\\\/\"},{\"@type\":\"ListItem\",\"position\":3,\"name\":\"Bomba de vibraci\u00f3n\"}]},{\"@type\":\"WebSite\",\"@id\":\"https:\\\/\\\/kanakydesign.com\\\/#website\",\"url\":\"https:\\\/\\\/kanakydesign.com\\\/\",\"name\":\"KanakyDesign Enclosures\",\"description\":\"Become a professional keeper\",\"publisher\":{\"@id\":\"https:\\\/\\\/kanakydesign.com\\\/#organization\"},\"alternateName\":\"KanakyDesign\",\"potentialAction\":[{\"@type\":\"SearchAction\",\"target\":{\"@type\":\"EntryPoint\",\"urlTemplate\":\"https:\\\/\\\/kanakydesign.com\\\/?s={search_term_string}\"},\"query-input\":{\"@type\":\"PropertyValueSpecification\",\"valueRequired\":true,\"valueName\":\"search_term_string\"}}],\"inLanguage\":\"fr-FR\"},{\"@type\":\"Organization\",\"@id\":\"https:\\\/\\\/kanakydesign.com\\\/#organization\",\"name\":\"KanakyDesign Enclosures\",\"alternateName\":\"KanakyDesign\",\"url\":\"https:\\\/\\\/kanakydesign.com\\\/\",\"logo\":{\"@type\":\"ImageObject\",\"inLanguage\":\"fr-FR\",\"@id\":\"https:\\\/\\\/kanakydesign.com\\\/#\\\/schema\\\/logo\\\/image\\\/\",\"url\":\"https:\\\/\\\/kanakydesign.com\\\/wp-content\\\/uploads\\\/2023\\\/06\\\/Logo-KanakyDesign-circular-negro-1.png\",\"contentUrl\":\"https:\\\/\\\/kanakydesign.com\\\/wp-content\\\/uploads\\\/2023\\\/06\\\/Logo-KanakyDesign-circular-negro-1.png\",\"width\":2000,\"height\":2000,\"caption\":\"KanakyDesign Enclosures\"},\"image\":{\"@id\":\"https:\\\/\\\/kanakydesign.com\\\/#\\\/schema\\\/logo\\\/image\\\/\"}}]}<\/script>\n<!-- \/ Yoast SEO plugin. -->","yoast_head_json":{"title":"Pompe \u00e0 vibration : KanakyDesign Enclosures","description":"Pompe \u00e0 vibration ULKA pour syst\u00e8me de pluie pour terrarium (pi\u00e8ce de rechange). Recommand\u00e9 pour un arrosage de 10 \u00e0 20 s ; ne pas utiliser plus de 30 \u00e0 45 s \u00e0 la fois.","robots":{"index":"index","follow":"follow","max-snippet":"max-snippet:-1","max-image-preview":"max-image-preview:large","max-video-preview":"max-video-preview:-1"},"canonical":"https:\/\/kanakydesign.com\/fr\/produit\/bomba-de-vibracion\/","og_locale":"fr_FR","og_type":"article","og_title":"Bomba de vibraci\u00f3n | KanakyDesign Enclosures","og_description":"Bomba vibraci\u00f3n ULKA para sistema de lluvia en terrario (repuesto). Recomendada para riegos de 10\u201320 s; no usar m\u00e1s de 30\u201345 s seguidos.","og_url":"https:\/\/kanakydesign.com\/fr\/produit\/bomba-de-vibracion\/","og_site_name":"KanakyDesign Enclosures","article_modified_time":"2026-03-26T13:14:50+00:00","og_image":[{"width":2560,"height":2560,"url":"https:\/\/kanakydesign.com\/wp-content\/uploads\/2023\/09\/DSC2870-scaled.jpg","type":"image\/jpeg"}],"twitter_card":"summary_large_image","twitter_misc":{"Dur\u00e9e de lecture estim\u00e9e":"2 minutes"},"schema":{"@context":"https:\/\/schema.org","@graph":[{"@type":"WebPage","@id":"https:\/\/kanakydesign.com\/producto\/bomba-de-vibracion\/","url":"https:\/\/kanakydesign.com\/producto\/bomba-de-vibracion\/","name":"Pompe \u00e0 vibration : KanakyDesign Enclosures","isPartOf":{"@id":"https:\/\/kanakydesign.com\/#website"},"primaryImageOfPage":{"@id":"https:\/\/kanakydesign.com\/producto\/bomba-de-vibracion\/#primaryimage"},"image":{"@id":"https:\/\/kanakydesign.com\/producto\/bomba-de-vibracion\/#primaryimage"},"thumbnailUrl":"https:\/\/kanakydesign.com\/wp-content\/uploads\/2023\/09\/DSC2870-scaled.jpg","datePublished":"2023-07-01T10:15:19+00:00","dateModified":"2026-03-26T13:14:50+00:00","description":"Pompe \u00e0 vibration ULKA pour syst\u00e8me de pluie pour terrarium (pi\u00e8ce de rechange). Recommand\u00e9 pour un arrosage de 10 \u00e0 20 s ; ne pas utiliser plus de 30 \u00e0 45 s \u00e0 la fois.","breadcrumb":{"@id":"https:\/\/kanakydesign.com\/producto\/bomba-de-vibracion\/#breadcrumb"},"inLanguage":"fr-FR","potentialAction":[{"@type":"ReadAction","target":["https:\/\/kanakydesign.com\/producto\/bomba-de-vibracion\/"]}]},{"@type":"ImageObject","inLanguage":"fr-FR","@id":"https:\/\/kanakydesign.com\/producto\/bomba-de-vibracion\/#primaryimage","url":"https:\/\/kanakydesign.com\/wp-content\/uploads\/2023\/09\/DSC2870-scaled.jpg","contentUrl":"https:\/\/kanakydesign.com\/wp-content\/uploads\/2023\/09\/DSC2870-scaled.jpg","width":2560,"height":2560},{"@type":"BreadcrumbList","@id":"https:\/\/kanakydesign.com\/producto\/bomba-de-vibracion\/#breadcrumb","itemListElement":[{"@type":"ListItem","position":1,"name":"Portada","item":"https:\/\/kanakydesign.com\/"},{"@type":"ListItem","position":2,"name":"Tienda","item":"https:\/\/kanakydesign.com\/tienda\/"},{"@type":"ListItem","position":3,"name":"Bomba de vibraci\u00f3n"}]},{"@type":"WebSite","@id":"https:\/\/kanakydesign.com\/#website","url":"https:\/\/kanakydesign.com\/","name":"KanakyDesign Enclosures","description":"Become a professional keeper","publisher":{"@id":"https:\/\/kanakydesign.com\/#organization"},"alternateName":"KanakyDesign","potentialAction":[{"@type":"SearchAction","target":{"@type":"EntryPoint","urlTemplate":"https:\/\/kanakydesign.com\/?s={search_term_string}"},"query-input":{"@type":"PropertyValueSpecification","valueRequired":true,"valueName":"search_term_string"}}],"inLanguage":"fr-FR"},{"@type":"Organization","@id":"https:\/\/kanakydesign.com\/#organization","name":"KanakyDesign Enclosures","alternateName":"KanakyDesign","url":"https:\/\/kanakydesign.com\/","logo":{"@type":"ImageObject","inLanguage":"fr-FR","@id":"https:\/\/kanakydesign.com\/#\/schema\/logo\/image\/","url":"https:\/\/kanakydesign.com\/wp-content\/uploads\/2023\/06\/Logo-KanakyDesign-circular-negro-1.png","contentUrl":"https:\/\/kanakydesign.com\/wp-content\/uploads\/2023\/06\/Logo-KanakyDesign-circular-negro-1.png","width":2000,"height":2000,"caption":"KanakyDesign Enclosures"},"image":{"@id":"https:\/\/kanakydesign.com\/#\/schema\/logo\/image\/"}}]}},"_links":{"self":[{"href":"https:\/\/kanakydesign.com\/fr\/wp-json\/wp\/v2\/product\/612","targetHints":{"allow":["GET"]}}],"collection":[{"href":"https:\/\/kanakydesign.com\/fr\/wp-json\/wp\/v2\/product"}],"about":[{"href":"https:\/\/kanakydesign.com\/fr\/wp-json\/wp\/v2\/types\/product"}],"wp:featuredmedia":[{"embeddable":true,"href":"https:\/\/kanakydesign.com\/fr\/wp-json\/wp\/v2\/media\/1110"}],"wp:attachment":[{"href":"https:\/\/kanakydesign.com\/fr\/wp-json\/wp\/v2\/media?parent=612"}],"wp:term":[{"taxonomy":"product_brand","embeddable":true,"href":"https:\/\/kanakydesign.com\/fr\/wp-json\/wp\/v2\/product_brand?post=612"},{"taxonomy":"product_cat","embeddable":true,"href":"https:\/\/kanakydesign.com\/fr\/wp-json\/wp\/v2\/product_cat?post=612"},{"taxonomy":"product_tag","embeddable":true,"href":"https:\/\/kanakydesign.com\/fr\/wp-json\/wp\/v2\/product_tag?post=612"}],"curies":[{"name":"wp","href":"https:\/\/api.w.org\/{rel}","templated":true}]}}