{"id":607,"date":"2023-07-01T10:14:38","date_gmt":"2023-07-01T10:14:38","guid":{"rendered":"https:\/\/kanakydesign.com\/?post_type=product&#038;p=607"},"modified":"2026-02-07T23:21:25","modified_gmt":"2026-02-07T23:21:25","slug":"balastro-hid","status":"publish","type":"product","link":"https:\/\/kanakydesign.com\/fr\/produit\/balastro-hid\/","title":{"rendered":"Ballast HID"},"content":{"rendered":"<p data-start=\"182\" data-end=\"668\">Les <strong data-start=\"185\" data-end=\"221\">Ballast \u00e9lectronique Philips HID<\/strong> est un \u00e9l\u00e9ment essentiel pour alimenter correctement les ampoules. <strong data-start=\"287\" data-end=\"294\">HID<\/strong> dans les installations o\u00f9 vous avez besoin d'un allumage stable, d'un fonctionnement fiable et d'une longue dur\u00e9e de vie. Ce mod\u00e8le est con\u00e7u pour offrir une exp\u00e9rience plug &amp; play et une alimentation coh\u00e9rente, ce qui est particuli\u00e8rement important lorsque l'on travaille avec des \u00e9clairages HID dans des terrariums ou des enceintes, o\u00f9 la stabilit\u00e9 du syst\u00e8me fait toute la diff\u00e9rence.<\/p>\n<h2 data-start=\"670\" data-end=\"711\">\u2705 Allumage stable et grande durabilit\u00e9<\/h2>\n<p data-start=\"712\" data-end=\"1061\">Les ballasts \u00e9lectroniques Philips se caract\u00e9risent par leur <strong data-start=\"763\" data-end=\"777\">fiabilit\u00e9<\/strong> et de maintenir une puissance de sortie plus stable que celle de nombreuses alternatives g\u00e9n\u00e9riques, ce qui permet \u00e0 l'ampoule de fonctionner de mani\u00e8re plus r\u00e9guli\u00e8re. Il en r\u00e9sulte un \u00e9clairage plus homog\u00e8ne et une installation plus s\u00fbre \u00e0 long terme (avec moins de probl\u00e8mes de d\u00e9marrage ou de scintillement).<\/p>\n<p data-start=\"712\" data-end=\"1061\"><strong>Important : ils ne peuvent pas \u00eatre thermostat\u00e9s.<\/strong><\/p>\n<h2 data-start=\"1063\" data-end=\"1125\">\ud83d\udd01 Compatibilit\u00e9 \u00e9lectrique intelligente (selon la version)<\/h2>\n<p data-start=\"1126\" data-end=\"1246\">Ce ballast est propos\u00e9 en deux variantes, et la compatibilit\u00e9 en termes de puissance vous donne de la flexibilit\u00e9 si vous changez d'ampoule :<\/p>\n<ul data-start=\"1248\" data-end=\"1455\">\n<li data-start=\"1248\" data-end=\"1351\">\n<p data-start=\"1250\" data-end=\"1351\"><strong data-start=\"1250\" data-end=\"1267\">Ballast 50W :<\/strong> valable pour les ampoules HID de <strong data-start=\"1297\" data-end=\"1310\">35W et 50W<\/strong>.<\/p>\n<\/li>\n<li data-start=\"1352\" data-end=\"1455\">\n<p data-start=\"1354\" data-end=\"1455\"><strong data-start=\"1354\" data-end=\"1371\">Ballast de 70W :<\/strong> valable pour les ampoules HID de <strong data-start=\"1401\" data-end=\"1414\">50W et 70W<\/strong>.<\/p>\n<\/li>\n<\/ul>\n<p data-start=\"1457\" data-end=\"1588\">Cela vous permet d'ajuster votre installation sans avoir \u00e0 changer l'ensemble du syst\u00e8me si vous passez d'une puissance \u00e0 une autre dans la gamme compatible.<\/p>\n<h2 data-start=\"1590\" data-end=\"1642\">\ud83e\udde9 Recommandation pour votre installation<\/h2>\n<p data-start=\"1643\" data-end=\"1739\">Pour une installation compl\u00e8te, consultez le site suivant <a href=\"https:\/\/youtu.be\/k9KHZeJTWOk\">tutoriel vid\u00e9o d'installation<\/a>.<\/p>\n<p data-start=\"1643\" data-end=\"1739\">\n<h2 data-start=\"1951\" data-end=\"1987\">\u2139\ufe0f Philips<\/h2>\n<p data-start=\"1988\" data-end=\"2104\">Si vous souhaitez v\u00e9rifier les compatibilit\u00e9s officielles par r\u00e9f\u00e9rence et par lampe, Philips dispose de son outil de s\u00e9lection :<\/p>\n<ul data-start=\"2105\" data-end=\"2276\">\n<li data-start=\"2105\" data-end=\"2276\">\n<p data-start=\"2107\" data-end=\"2276\">Outil Philips (s\u00e9lection de l'engrenage\/du tournevis) : <a class=\"decorated-link\" href=\"https:\/\/www.lighting.philips.es\/soporte\/herramientas\/herramienta-seleccion-driver?utm_source=chatgpt.com\" target=\"_new\" rel=\"noopener\" data-start=\"2155\" data-end=\"2236\">https:\/\/www.lighting.philips.es\/soporte\/herramientas\/herramienta-seleccion-driver<\/a><\/p>\n<\/li>\n<\/ul>","protected":false},"excerpt":{"rendered":"<p>Ballast \u00e9lectronique Philips pour les ampoules HID. Facile \u00e0 connecter et tr\u00e8s durable. Les ballasts 50w conviennent aux ampoules HID de 35w et 50w, et les ballasts 70w peuvent \u00eatre utilis\u00e9s pour les ampoules 50w et 70w.<\/p>","protected":false},"featured_media":1129,"template":"","meta":[],"product_brand":[],"product_cat":[23,26,25],"product_tag":[272,305,302,303,300,301,299,304,307,308,306,298],"class_list":{"0":"post-607","1":"product","2":"type-product","3":"status-publish","4":"has-post-thumbnail","6":"product_cat-accesorios","7":"product_cat-calefaccion","8":"product_cat-iluminacion","9":"product_tag-accesorios-iluminacion-terrario","10":"product_tag-alimentacion-bombilla-hid","11":"product_tag-balastro-50w-hid","12":"product_tag-balastro-70w-hid","13":"product_tag-balastro-electronico-hid","14":"product_tag-balastro-electronico-philips","15":"product_tag-balastro-hid-philips","16":"product_tag-balastro-para-bombilla-hid","17":"product_tag-balastro-terrario-hid","18":"product_tag-encendido-estable-hid","19":"product_tag-equipo-electronico-hid","20":"product_tag-philips","21":"product_shipping_class-accesorios","23":"first","24":"instock","25":"taxable","26":"shipping-taxable","27":"purchasable","28":"product-type-variable"},"yoast_head":"<!-- This site is optimized with the Yoast SEO plugin v27.4 - https:\/\/yoast.com\/product\/yoast-seo-wordpress\/ -->\n<title>Balastro HID | KanakyDesign Enclosures<\/title>\n<meta name=\"description\" content=\"Balastro HID Philips 50W o 70W para bombillas HID. F\u00e1cil de conectar, encendido estable y alta durabilidad. 50W sirve 35\/50W y 70W 50\/70W.\" \/>\n<meta name=\"robots\" content=\"index, follow, max-snippet:-1, max-image-preview:large, max-video-preview:-1\" \/>\n<link rel=\"canonical\" href=\"https:\/\/kanakydesign.com\/fr\/produit\/balastro-hid\/\" \/>\n<meta property=\"og:locale\" content=\"fr_FR\" \/>\n<meta property=\"og:type\" content=\"article\" \/>\n<meta property=\"og:title\" content=\"Balastro HID | KanakyDesign Enclosures\" \/>\n<meta property=\"og:description\" content=\"Balastro HID Philips 50W o 70W para bombillas HID. F\u00e1cil de conectar, encendido estable y alta durabilidad. 50W sirve 35\/50W y 70W 50\/70W.\" \/>\n<meta property=\"og:url\" content=\"https:\/\/kanakydesign.com\/fr\/produit\/balastro-hid\/\" \/>\n<meta property=\"og:site_name\" content=\"KanakyDesign Enclosures\" \/>\n<meta property=\"article:modified_time\" content=\"2026-02-07T23:21:25+00:00\" \/>\n<meta property=\"og:image\" content=\"https:\/\/kanakydesign.com\/wp-content\/uploads\/2023\/07\/DSC2802-scaled.jpg\" \/>\n\t<meta property=\"og:image:width\" content=\"2560\" \/>\n\t<meta property=\"og:image:height\" content=\"2560\" \/>\n\t<meta property=\"og:image:type\" content=\"image\/jpeg\" \/>\n<meta name=\"twitter:card\" content=\"summary_large_image\" \/>\n<meta name=\"twitter:label1\" content=\"Dur\u00e9e de lecture estim\u00e9e\" \/>\n\t<meta name=\"twitter:data1\" content=\"2 minutes\" \/>\n<script type=\"application\/ld+json\" class=\"yoast-schema-graph\">{\"@context\":\"https:\\\/\\\/schema.org\",\"@graph\":[{\"@type\":\"WebPage\",\"@id\":\"https:\\\/\\\/kanakydesign.com\\\/producto\\\/balastro-hid\\\/\",\"url\":\"https:\\\/\\\/kanakydesign.com\\\/producto\\\/balastro-hid\\\/\",\"name\":\"Balastro HID | KanakyDesign Enclosures\",\"isPartOf\":{\"@id\":\"https:\\\/\\\/kanakydesign.com\\\/#website\"},\"primaryImageOfPage\":{\"@id\":\"https:\\\/\\\/kanakydesign.com\\\/producto\\\/balastro-hid\\\/#primaryimage\"},\"image\":{\"@id\":\"https:\\\/\\\/kanakydesign.com\\\/producto\\\/balastro-hid\\\/#primaryimage\"},\"thumbnailUrl\":\"https:\\\/\\\/kanakydesign.com\\\/wp-content\\\/uploads\\\/2023\\\/07\\\/DSC2802-scaled.jpg\",\"datePublished\":\"2023-07-01T10:14:38+00:00\",\"dateModified\":\"2026-02-07T23:21:25+00:00\",\"description\":\"Balastro HID Philips 50W o 70W para bombillas HID. F\u00e1cil de conectar, encendido estable y alta durabilidad. 50W sirve 35\\\/50W y 70W 50\\\/70W.\",\"breadcrumb\":{\"@id\":\"https:\\\/\\\/kanakydesign.com\\\/producto\\\/balastro-hid\\\/#breadcrumb\"},\"inLanguage\":\"fr-FR\",\"potentialAction\":[{\"@type\":\"ReadAction\",\"target\":[\"https:\\\/\\\/kanakydesign.com\\\/producto\\\/balastro-hid\\\/\"]}]},{\"@type\":\"ImageObject\",\"inLanguage\":\"fr-FR\",\"@id\":\"https:\\\/\\\/kanakydesign.com\\\/producto\\\/balastro-hid\\\/#primaryimage\",\"url\":\"https:\\\/\\\/kanakydesign.com\\\/wp-content\\\/uploads\\\/2023\\\/07\\\/DSC2802-scaled.jpg\",\"contentUrl\":\"https:\\\/\\\/kanakydesign.com\\\/wp-content\\\/uploads\\\/2023\\\/07\\\/DSC2802-scaled.jpg\",\"width\":2560,\"height\":2560},{\"@type\":\"BreadcrumbList\",\"@id\":\"https:\\\/\\\/kanakydesign.com\\\/producto\\\/balastro-hid\\\/#breadcrumb\",\"itemListElement\":[{\"@type\":\"ListItem\",\"position\":1,\"name\":\"Portada\",\"item\":\"https:\\\/\\\/kanakydesign.com\\\/\"},{\"@type\":\"ListItem\",\"position\":2,\"name\":\"Tienda\",\"item\":\"https:\\\/\\\/kanakydesign.com\\\/tienda\\\/\"},{\"@type\":\"ListItem\",\"position\":3,\"name\":\"Balastro HID\"}]},{\"@type\":\"WebSite\",\"@id\":\"https:\\\/\\\/kanakydesign.com\\\/#website\",\"url\":\"https:\\\/\\\/kanakydesign.com\\\/\",\"name\":\"KanakyDesign Enclosures\",\"description\":\"Become a professional keeper\",\"publisher\":{\"@id\":\"https:\\\/\\\/kanakydesign.com\\\/#organization\"},\"alternateName\":\"KanakyDesign\",\"potentialAction\":[{\"@type\":\"SearchAction\",\"target\":{\"@type\":\"EntryPoint\",\"urlTemplate\":\"https:\\\/\\\/kanakydesign.com\\\/?s={search_term_string}\"},\"query-input\":{\"@type\":\"PropertyValueSpecification\",\"valueRequired\":true,\"valueName\":\"search_term_string\"}}],\"inLanguage\":\"fr-FR\"},{\"@type\":\"Organization\",\"@id\":\"https:\\\/\\\/kanakydesign.com\\\/#organization\",\"name\":\"KanakyDesign Enclosures\",\"alternateName\":\"KanakyDesign\",\"url\":\"https:\\\/\\\/kanakydesign.com\\\/\",\"logo\":{\"@type\":\"ImageObject\",\"inLanguage\":\"fr-FR\",\"@id\":\"https:\\\/\\\/kanakydesign.com\\\/#\\\/schema\\\/logo\\\/image\\\/\",\"url\":\"https:\\\/\\\/kanakydesign.com\\\/wp-content\\\/uploads\\\/2023\\\/06\\\/Logo-KanakyDesign-circular-negro-1.png\",\"contentUrl\":\"https:\\\/\\\/kanakydesign.com\\\/wp-content\\\/uploads\\\/2023\\\/06\\\/Logo-KanakyDesign-circular-negro-1.png\",\"width\":2000,\"height\":2000,\"caption\":\"KanakyDesign Enclosures\"},\"image\":{\"@id\":\"https:\\\/\\\/kanakydesign.com\\\/#\\\/schema\\\/logo\\\/image\\\/\"}}]}<\/script>\n<!-- \/ Yoast SEO plugin. -->","yoast_head_json":{"title":"Ballast HID | KanakyDesign Enclosures","description":"Ballast Philips HID 50W ou 70W pour les ampoules HID. Facile \u00e0 connecter, allumage stable et grande durabilit\u00e9. Le 50W convient pour 35\/50W et le 70W pour 50\/70W.","robots":{"index":"index","follow":"follow","max-snippet":"max-snippet:-1","max-image-preview":"max-image-preview:large","max-video-preview":"max-video-preview:-1"},"canonical":"https:\/\/kanakydesign.com\/fr\/produit\/balastro-hid\/","og_locale":"fr_FR","og_type":"article","og_title":"Balastro HID | KanakyDesign Enclosures","og_description":"Balastro HID Philips 50W o 70W para bombillas HID. F\u00e1cil de conectar, encendido estable y alta durabilidad. 50W sirve 35\/50W y 70W 50\/70W.","og_url":"https:\/\/kanakydesign.com\/fr\/produit\/balastro-hid\/","og_site_name":"KanakyDesign Enclosures","article_modified_time":"2026-02-07T23:21:25+00:00","og_image":[{"width":2560,"height":2560,"url":"https:\/\/kanakydesign.com\/wp-content\/uploads\/2023\/07\/DSC2802-scaled.jpg","type":"image\/jpeg"}],"twitter_card":"summary_large_image","twitter_misc":{"Dur\u00e9e de lecture estim\u00e9e":"2 minutes"},"schema":{"@context":"https:\/\/schema.org","@graph":[{"@type":"WebPage","@id":"https:\/\/kanakydesign.com\/producto\/balastro-hid\/","url":"https:\/\/kanakydesign.com\/producto\/balastro-hid\/","name":"Ballast HID | KanakyDesign Enclosures","isPartOf":{"@id":"https:\/\/kanakydesign.com\/#website"},"primaryImageOfPage":{"@id":"https:\/\/kanakydesign.com\/producto\/balastro-hid\/#primaryimage"},"image":{"@id":"https:\/\/kanakydesign.com\/producto\/balastro-hid\/#primaryimage"},"thumbnailUrl":"https:\/\/kanakydesign.com\/wp-content\/uploads\/2023\/07\/DSC2802-scaled.jpg","datePublished":"2023-07-01T10:14:38+00:00","dateModified":"2026-02-07T23:21:25+00:00","description":"Ballast Philips HID 50W ou 70W pour les ampoules HID. Facile \u00e0 connecter, allumage stable et grande durabilit\u00e9. Le 50W convient pour 35\/50W et le 70W pour 50\/70W.","breadcrumb":{"@id":"https:\/\/kanakydesign.com\/producto\/balastro-hid\/#breadcrumb"},"inLanguage":"fr-FR","potentialAction":[{"@type":"ReadAction","target":["https:\/\/kanakydesign.com\/producto\/balastro-hid\/"]}]},{"@type":"ImageObject","inLanguage":"fr-FR","@id":"https:\/\/kanakydesign.com\/producto\/balastro-hid\/#primaryimage","url":"https:\/\/kanakydesign.com\/wp-content\/uploads\/2023\/07\/DSC2802-scaled.jpg","contentUrl":"https:\/\/kanakydesign.com\/wp-content\/uploads\/2023\/07\/DSC2802-scaled.jpg","width":2560,"height":2560},{"@type":"BreadcrumbList","@id":"https:\/\/kanakydesign.com\/producto\/balastro-hid\/#breadcrumb","itemListElement":[{"@type":"ListItem","position":1,"name":"Portada","item":"https:\/\/kanakydesign.com\/"},{"@type":"ListItem","position":2,"name":"Tienda","item":"https:\/\/kanakydesign.com\/tienda\/"},{"@type":"ListItem","position":3,"name":"Balastro HID"}]},{"@type":"WebSite","@id":"https:\/\/kanakydesign.com\/#website","url":"https:\/\/kanakydesign.com\/","name":"KanakyDesign Enclosures","description":"Become a professional keeper","publisher":{"@id":"https:\/\/kanakydesign.com\/#organization"},"alternateName":"KanakyDesign","potentialAction":[{"@type":"SearchAction","target":{"@type":"EntryPoint","urlTemplate":"https:\/\/kanakydesign.com\/?s={search_term_string}"},"query-input":{"@type":"PropertyValueSpecification","valueRequired":true,"valueName":"search_term_string"}}],"inLanguage":"fr-FR"},{"@type":"Organization","@id":"https:\/\/kanakydesign.com\/#organization","name":"KanakyDesign Enclosures","alternateName":"KanakyDesign","url":"https:\/\/kanakydesign.com\/","logo":{"@type":"ImageObject","inLanguage":"fr-FR","@id":"https:\/\/kanakydesign.com\/#\/schema\/logo\/image\/","url":"https:\/\/kanakydesign.com\/wp-content\/uploads\/2023\/06\/Logo-KanakyDesign-circular-negro-1.png","contentUrl":"https:\/\/kanakydesign.com\/wp-content\/uploads\/2023\/06\/Logo-KanakyDesign-circular-negro-1.png","width":2000,"height":2000,"caption":"KanakyDesign Enclosures"},"image":{"@id":"https:\/\/kanakydesign.com\/#\/schema\/logo\/image\/"}}]}},"_links":{"self":[{"href":"https:\/\/kanakydesign.com\/fr\/wp-json\/wp\/v2\/product\/607","targetHints":{"allow":["GET"]}}],"collection":[{"href":"https:\/\/kanakydesign.com\/fr\/wp-json\/wp\/v2\/product"}],"about":[{"href":"https:\/\/kanakydesign.com\/fr\/wp-json\/wp\/v2\/types\/product"}],"wp:featuredmedia":[{"embeddable":true,"href":"https:\/\/kanakydesign.com\/fr\/wp-json\/wp\/v2\/media\/1129"}],"wp:attachment":[{"href":"https:\/\/kanakydesign.com\/fr\/wp-json\/wp\/v2\/media?parent=607"}],"wp:term":[{"taxonomy":"product_brand","embeddable":true,"href":"https:\/\/kanakydesign.com\/fr\/wp-json\/wp\/v2\/product_brand?post=607"},{"taxonomy":"product_cat","embeddable":true,"href":"https:\/\/kanakydesign.com\/fr\/wp-json\/wp\/v2\/product_cat?post=607"},{"taxonomy":"product_tag","embeddable":true,"href":"https:\/\/kanakydesign.com\/fr\/wp-json\/wp\/v2\/product_tag?post=607"}],"curies":[{"name":"wp","href":"https:\/\/api.w.org\/{rel}","templated":true}]}}