{"id":601,"date":"2023-07-01T10:11:05","date_gmt":"2023-07-01T10:11:05","guid":{"rendered":"https:\/\/kanakydesign.com\/?post_type=product&#038;p=601"},"modified":"2026-03-26T13:13:29","modified_gmt":"2026-03-26T13:13:29","slug":"jaula-protectora-casquillo","status":"publish","type":"product","link":"https:\/\/kanakydesign.com\/fr\/produit\/jaula-protectora-casquillo\/","title":{"rendered":"Cage de protection Douille"},"content":{"rendered":"<p data-start=\"176\" data-end=\"673\">Le <strong data-start=\"179\" data-end=\"235\">cage de s\u00e9curit\u00e9 pour lampe chauffante dans le terrarium<\/strong> <strong data-start=\"236\" data-end=\"269\">ARCADIA Cage de s\u00e9curit\u00e9 pour lampe \u00e0 chaleur<\/strong> est l'accessoire indispensable si vous utilisez <strong data-start=\"313\" data-end=\"357\">chauffage par le haut \u00e0 l'int\u00e9rieur du terrarium<\/strong>. Sa fonction est simple et cruciale : <strong data-start=\"391\" data-end=\"477\">prot\u00e9ger les reptiles et autres animaux exotiques du contact direct avec l'ampoule.<\/strong>, Cela r\u00e9duit le risque de br\u00fblure sans \u201cnoyer\u201d la performance thermique. Si vous voulez passer d'un assemblage \u201ccorrect\u201d \u00e0 un assemblage vraiment \"correct <strong data-start=\"616\" data-end=\"640\">s\u00fbr et professionnel<\/strong>, cette cage fait toute la diff\u00e9rence.<\/p>\n<h2 data-start=\"675\" data-end=\"720\">\u2705 S\u00e9curit\u00e9 sans perte d'efficacit\u00e9 thermique<\/h2>\n<p data-start=\"721\" data-end=\"1061\">La conception de <strong data-start=\"734\" data-end=\"763\">cage en fil m\u00e9tallique<\/strong> cr\u00e9e une barri\u00e8re physique autour de la lampe et du porte-lampe, permettant \u00e0 la chaleur de se propager naturellement. Cela emp\u00eache l'animal de se pencher, de grimper ou de se frotter contre la source de chaleur (spots, c\u00e9ramiques ou projecteurs), ce qui rend le terrarium plus s\u00fbr sans compromettre le chauffage.<\/p>\n<h2 data-start=\"1063\" data-end=\"1107\">\ud83d\udd27 Acc\u00e8s pratique pour le remplacement des ampoules<\/h2>\n<p data-start=\"1108\" data-end=\"1392\">Il comprend un <strong data-start=\"1120\" data-end=\"1142\">porte \u00e0 charni\u00e8res<\/strong> ce qui facilite le remplacement de la lampe. Ceci est particuli\u00e8rement utile si vous travaillez avec des ampoules solaires ou des \u00e9metteurs c\u00e9ramiques et que vous ne voulez pas d\u00e9monter le toit du terrarium \u00e0 chaque fois que vous effectuez des travaux d'entretien. Le remplacement de l'ampoule est rapide, pratique et propre.<\/p>\n<h2 data-start=\"1394\" data-end=\"1454\">\ud83d\udd25 Compatible avec plusieurs sources de chaleur (jusqu'\u00e0 150W)<\/h2>\n<p data-start=\"1455\" data-end=\"1766\">Le pr\u00e9sent <strong data-start=\"1460\" data-end=\"1505\">cage pour ampoules chauffantes pour terrarium<\/strong> est compatible avec diverses solutions de chauffage dans la gamme recommand\u00e9e, y compris les syst\u00e8mes Arcadia tels que <strong data-start=\"1624\" data-end=\"1647\">Projecteur de chaleur profonde<\/strong>, lampes <strong data-start=\"1658\" data-end=\"1671\">halog\u00e8ne<\/strong>, <strong data-start=\"1673\" data-end=\"1695\">\u00e9metteurs en c\u00e9ramique<\/strong> y <strong data-start=\"1698\" data-end=\"1717\">sources de lumi\u00e8re solaire<\/strong>, La puissance maximale autoris\u00e9e est toujours respect\u00e9e.<\/p>\n<h2 data-start=\"1768\" data-end=\"1799\">\ud83d\udccf Sp\u00e9cifications techniques<\/h2>\n<ul data-start=\"1800\" data-end=\"2105\">\n<li data-start=\"1800\" data-end=\"1847\">\n<p data-start=\"1802\" data-end=\"1847\"><strong data-start=\"1802\" data-end=\"1815\">Produit :<\/strong> ARCADIA Cage de s\u00e9curit\u00e9 pour lampe \u00e0 chaleur<\/p>\n<\/li>\n<li data-start=\"1848\" data-end=\"1925\">\n<p data-start=\"1850\" data-end=\"1925\"><strong data-start=\"1850\" data-end=\"1858\">Utiliser :<\/strong> protection des lampes chauffantes install\u00e9es \u00e0 l'int\u00e9rieur du terrarium<\/p>\n<\/li>\n<li data-start=\"1926\" data-end=\"1969\">\n<p data-start=\"1928\" data-end=\"1969\"><strong data-start=\"1928\" data-end=\"1952\">Puissance compatible :<\/strong> <strong data-start=\"1953\" data-end=\"1967\">jusqu'\u00e0 150W<\/strong><\/p>\n<\/li>\n<li data-start=\"1970\" data-end=\"2034\">\n<p data-start=\"1972\" data-end=\"2034\"><strong data-start=\"1972\" data-end=\"1988\">Dimensions :<\/strong> <strong data-start=\"1989\" data-end=\"2032\">220 mm (hauteur) x 120 mm (largeur\/diam\u00e8tre)<\/strong><\/p>\n<\/li>\n<li data-start=\"2035\" data-end=\"2105\">\n<p data-start=\"2037\" data-end=\"2105\"><strong data-start=\"2037\" data-end=\"2050\">Fixation :<\/strong> \u0153illets plats pour les vis (fixation solide et stable)<\/p>\n<\/li>\n<\/ul>\n<h2 data-start=\"2107\" data-end=\"2159\">\ud83e\udde9 Recommandation pour votre installation (liens internes)<\/h2>\n<p data-start=\"2160\" data-end=\"2211\">Pour un ensemble rond et confiant, associez-le \u00e0.. :<\/p>\n<ul data-start=\"2212\" data-end=\"2423\">\n<li data-start=\"2212\" data-end=\"2299\">\n<p data-start=\"2214\" data-end=\"2299\"><strong data-start=\"2214\" data-end=\"2240\">Douille droite<\/strong>: <a class=\"decorated-link\" href=\"https:\/\/kanakydesign.com\/fr\/produit\/casquillo-recto\/\" target=\"_new\" rel=\"noopener\" data-start=\"2242\" data-end=\"2297\">https:\/\/kanakydesign.com\/<\/a><\/p>\n<\/li>\n<li data-start=\"2300\" data-end=\"2423\">\n<p data-start=\"2302\" data-end=\"2423\"><strong data-start=\"2302\" data-end=\"2333\">Thermostat<\/strong>\u00a0pour r\u00e9guler la temp\u00e9rature : <a class=\"decorated-link\" href=\"https:\/\/kanakydesign.com\/fr\/produit\/termostato-dia-noche\/\" target=\"_new\" rel=\"noopener\" data-start=\"2363\" data-end=\"2423\">https:\/\/kanakydesign.com<\/a><\/p>\n<\/li>\n<\/ul>\n<p data-start=\"2425\" data-end=\"2603\"><strong data-start=\"2425\" data-end=\"2448\">Conseil important :<\/strong> avec n'importe quelle source de chaleur, utiliser un <strong data-start=\"2488\" data-end=\"2502\">thermostat<\/strong> aide \u00e0 maintenir le terrarium stable, emp\u00eache la surchauffe et am\u00e9liore la s\u00e9curit\u00e9 \u00e0 long terme.<\/p>","protected":false},"excerpt":{"rendered":"<p>La cage de protection est install\u00e9e sur les ampoules et les douilles \u00e0 l'aide de vis. Le couvercle est verrouillable pour faciliter l'acc\u00e8s \u00e0 l'int\u00e9rieur. Dimensions : 13 x 18 cm. Id\u00e9al pour \u00e9viter les br\u00fblures \u00e0 l'int\u00e9rieur du terrarium.<\/p>","protected":false},"featured_media":1626,"template":"","meta":[],"product_brand":[],"product_cat":[23,26,25],"product_tag":[218,193,260,258,251,254,252,257,256,253,255,259],"class_list":{"0":"post-601","1":"product","2":"type-product","3":"status-publish","4":"has-post-thumbnail","6":"product_cat-accesorios","7":"product_cat-calefaccion","8":"product_cat-iluminacion","9":"product_tag-accesorios-terrario","10":"product_tag-arcadia","11":"product_tag-calefaccion-terrario-segura","12":"product_tag-deep-heat-projector-arcadia","13":"product_tag-heat-lamp-safety-cage","14":"product_tag-jaula-de-seguridad-terrario","15":"product_tag-jaula-lampara-calor-terrario","16":"product_tag-jaula-para-ceramica-terrario","17":"product_tag-jaula-para-foco-terrario","18":"product_tag-protector-bombilla-terrario","19":"product_tag-protector-lampara-terrario","20":"product_tag-seguridad-reptiles-terrario","21":"product_shipping_class-accesorios","23":"first","24":"instock","25":"taxable","26":"shipping-taxable","27":"purchasable","28":"product-type-simple"},"yoast_head":"<!-- This site is optimized with the Yoast SEO plugin v27.4 - https:\/\/yoast.com\/product\/yoast-seo-wordpress\/ -->\n<title>Jaula protectora Casquillo | KanakyDesign Enclosures<\/title>\n<meta name=\"description\" content=\"Jaula l\u00e1mpara calor terrario Arcadia Heat Lamp Safety Cage (hasta 150W). Evita quemaduras, deja pasar el calor y facilita el cambio de bombilla.\" \/>\n<meta name=\"robots\" content=\"index, follow, max-snippet:-1, max-image-preview:large, max-video-preview:-1\" \/>\n<link rel=\"canonical\" href=\"https:\/\/kanakydesign.com\/fr\/produit\/jaula-protectora-casquillo\/\" \/>\n<meta property=\"og:locale\" content=\"fr_FR\" \/>\n<meta property=\"og:type\" content=\"article\" \/>\n<meta property=\"og:title\" content=\"Jaula protectora Casquillo | KanakyDesign Enclosures\" \/>\n<meta property=\"og:description\" content=\"Jaula l\u00e1mpara calor terrario Arcadia Heat Lamp Safety Cage (hasta 150W). Evita quemaduras, deja pasar el calor y facilita el cambio de bombilla.\" \/>\n<meta property=\"og:url\" content=\"https:\/\/kanakydesign.com\/fr\/produit\/jaula-protectora-casquillo\/\" \/>\n<meta property=\"og:site_name\" content=\"KanakyDesign Enclosures\" \/>\n<meta property=\"article:modified_time\" content=\"2026-03-26T13:13:29+00:00\" \/>\n<meta property=\"og:image\" content=\"https:\/\/kanakydesign.com\/wp-content\/uploads\/2026\/02\/Jaula.png\" \/>\n\t<meta property=\"og:image:width\" content=\"940\" \/>\n\t<meta property=\"og:image:height\" content=\"788\" \/>\n\t<meta property=\"og:image:type\" content=\"image\/png\" \/>\n<meta name=\"twitter:card\" content=\"summary_large_image\" \/>\n<meta name=\"twitter:label1\" content=\"Dur\u00e9e de lecture estim\u00e9e\" \/>\n\t<meta name=\"twitter:data1\" content=\"2 minutes\" \/>\n<script type=\"application\/ld+json\" class=\"yoast-schema-graph\">{\"@context\":\"https:\\\/\\\/schema.org\",\"@graph\":[{\"@type\":\"WebPage\",\"@id\":\"https:\\\/\\\/kanakydesign.com\\\/producto\\\/jaula-protectora-casquillo\\\/\",\"url\":\"https:\\\/\\\/kanakydesign.com\\\/producto\\\/jaula-protectora-casquillo\\\/\",\"name\":\"Jaula protectora Casquillo | KanakyDesign Enclosures\",\"isPartOf\":{\"@id\":\"https:\\\/\\\/kanakydesign.com\\\/#website\"},\"primaryImageOfPage\":{\"@id\":\"https:\\\/\\\/kanakydesign.com\\\/producto\\\/jaula-protectora-casquillo\\\/#primaryimage\"},\"image\":{\"@id\":\"https:\\\/\\\/kanakydesign.com\\\/producto\\\/jaula-protectora-casquillo\\\/#primaryimage\"},\"thumbnailUrl\":\"https:\\\/\\\/kanakydesign.com\\\/wp-content\\\/uploads\\\/2026\\\/02\\\/Jaula.png\",\"datePublished\":\"2023-07-01T10:11:05+00:00\",\"dateModified\":\"2026-03-26T13:13:29+00:00\",\"description\":\"Jaula l\u00e1mpara calor terrario Arcadia Heat Lamp Safety Cage (hasta 150W). Evita quemaduras, deja pasar el calor y facilita el cambio de bombilla.\",\"breadcrumb\":{\"@id\":\"https:\\\/\\\/kanakydesign.com\\\/producto\\\/jaula-protectora-casquillo\\\/#breadcrumb\"},\"inLanguage\":\"fr-FR\",\"potentialAction\":[{\"@type\":\"ReadAction\",\"target\":[\"https:\\\/\\\/kanakydesign.com\\\/producto\\\/jaula-protectora-casquillo\\\/\"]}]},{\"@type\":\"ImageObject\",\"inLanguage\":\"fr-FR\",\"@id\":\"https:\\\/\\\/kanakydesign.com\\\/producto\\\/jaula-protectora-casquillo\\\/#primaryimage\",\"url\":\"https:\\\/\\\/kanakydesign.com\\\/wp-content\\\/uploads\\\/2026\\\/02\\\/Jaula.png\",\"contentUrl\":\"https:\\\/\\\/kanakydesign.com\\\/wp-content\\\/uploads\\\/2026\\\/02\\\/Jaula.png\",\"width\":940,\"height\":788},{\"@type\":\"BreadcrumbList\",\"@id\":\"https:\\\/\\\/kanakydesign.com\\\/producto\\\/jaula-protectora-casquillo\\\/#breadcrumb\",\"itemListElement\":[{\"@type\":\"ListItem\",\"position\":1,\"name\":\"Portada\",\"item\":\"https:\\\/\\\/kanakydesign.com\\\/\"},{\"@type\":\"ListItem\",\"position\":2,\"name\":\"Tienda\",\"item\":\"https:\\\/\\\/kanakydesign.com\\\/tienda\\\/\"},{\"@type\":\"ListItem\",\"position\":3,\"name\":\"Jaula protectora Casquillo\"}]},{\"@type\":\"WebSite\",\"@id\":\"https:\\\/\\\/kanakydesign.com\\\/#website\",\"url\":\"https:\\\/\\\/kanakydesign.com\\\/\",\"name\":\"KanakyDesign Enclosures\",\"description\":\"Become a professional keeper\",\"publisher\":{\"@id\":\"https:\\\/\\\/kanakydesign.com\\\/#organization\"},\"alternateName\":\"KanakyDesign\",\"potentialAction\":[{\"@type\":\"SearchAction\",\"target\":{\"@type\":\"EntryPoint\",\"urlTemplate\":\"https:\\\/\\\/kanakydesign.com\\\/?s={search_term_string}\"},\"query-input\":{\"@type\":\"PropertyValueSpecification\",\"valueRequired\":true,\"valueName\":\"search_term_string\"}}],\"inLanguage\":\"fr-FR\"},{\"@type\":\"Organization\",\"@id\":\"https:\\\/\\\/kanakydesign.com\\\/#organization\",\"name\":\"KanakyDesign Enclosures\",\"alternateName\":\"KanakyDesign\",\"url\":\"https:\\\/\\\/kanakydesign.com\\\/\",\"logo\":{\"@type\":\"ImageObject\",\"inLanguage\":\"fr-FR\",\"@id\":\"https:\\\/\\\/kanakydesign.com\\\/#\\\/schema\\\/logo\\\/image\\\/\",\"url\":\"https:\\\/\\\/kanakydesign.com\\\/wp-content\\\/uploads\\\/2023\\\/06\\\/Logo-KanakyDesign-circular-negro-1.png\",\"contentUrl\":\"https:\\\/\\\/kanakydesign.com\\\/wp-content\\\/uploads\\\/2023\\\/06\\\/Logo-KanakyDesign-circular-negro-1.png\",\"width\":2000,\"height\":2000,\"caption\":\"KanakyDesign Enclosures\"},\"image\":{\"@id\":\"https:\\\/\\\/kanakydesign.com\\\/#\\\/schema\\\/logo\\\/image\\\/\"}}]}<\/script>\n<!-- \/ Yoast SEO plugin. -->","yoast_head_json":{"title":"Cage de protection Casquillo | KanakyDesign Enclosures","description":"Cage de s\u00e9curit\u00e9 pour lampe chauffante Arcadia (jusqu'\u00e0 150W). Pr\u00e9vient les br\u00fblures, laisse passer la chaleur et facilite le remplacement des ampoules.","robots":{"index":"index","follow":"follow","max-snippet":"max-snippet:-1","max-image-preview":"max-image-preview:large","max-video-preview":"max-video-preview:-1"},"canonical":"https:\/\/kanakydesign.com\/fr\/produit\/jaula-protectora-casquillo\/","og_locale":"fr_FR","og_type":"article","og_title":"Jaula protectora Casquillo | KanakyDesign Enclosures","og_description":"Jaula l\u00e1mpara calor terrario Arcadia Heat Lamp Safety Cage (hasta 150W). Evita quemaduras, deja pasar el calor y facilita el cambio de bombilla.","og_url":"https:\/\/kanakydesign.com\/fr\/produit\/jaula-protectora-casquillo\/","og_site_name":"KanakyDesign Enclosures","article_modified_time":"2026-03-26T13:13:29+00:00","og_image":[{"width":940,"height":788,"url":"https:\/\/kanakydesign.com\/wp-content\/uploads\/2026\/02\/Jaula.png","type":"image\/png"}],"twitter_card":"summary_large_image","twitter_misc":{"Dur\u00e9e de lecture estim\u00e9e":"2 minutes"},"schema":{"@context":"https:\/\/schema.org","@graph":[{"@type":"WebPage","@id":"https:\/\/kanakydesign.com\/producto\/jaula-protectora-casquillo\/","url":"https:\/\/kanakydesign.com\/producto\/jaula-protectora-casquillo\/","name":"Cage de protection Casquillo | KanakyDesign Enclosures","isPartOf":{"@id":"https:\/\/kanakydesign.com\/#website"},"primaryImageOfPage":{"@id":"https:\/\/kanakydesign.com\/producto\/jaula-protectora-casquillo\/#primaryimage"},"image":{"@id":"https:\/\/kanakydesign.com\/producto\/jaula-protectora-casquillo\/#primaryimage"},"thumbnailUrl":"https:\/\/kanakydesign.com\/wp-content\/uploads\/2026\/02\/Jaula.png","datePublished":"2023-07-01T10:11:05+00:00","dateModified":"2026-03-26T13:13:29+00:00","description":"Cage de s\u00e9curit\u00e9 pour lampe chauffante Arcadia (jusqu'\u00e0 150W). Pr\u00e9vient les br\u00fblures, laisse passer la chaleur et facilite le remplacement des ampoules.","breadcrumb":{"@id":"https:\/\/kanakydesign.com\/producto\/jaula-protectora-casquillo\/#breadcrumb"},"inLanguage":"fr-FR","potentialAction":[{"@type":"ReadAction","target":["https:\/\/kanakydesign.com\/producto\/jaula-protectora-casquillo\/"]}]},{"@type":"ImageObject","inLanguage":"fr-FR","@id":"https:\/\/kanakydesign.com\/producto\/jaula-protectora-casquillo\/#primaryimage","url":"https:\/\/kanakydesign.com\/wp-content\/uploads\/2026\/02\/Jaula.png","contentUrl":"https:\/\/kanakydesign.com\/wp-content\/uploads\/2026\/02\/Jaula.png","width":940,"height":788},{"@type":"BreadcrumbList","@id":"https:\/\/kanakydesign.com\/producto\/jaula-protectora-casquillo\/#breadcrumb","itemListElement":[{"@type":"ListItem","position":1,"name":"Portada","item":"https:\/\/kanakydesign.com\/"},{"@type":"ListItem","position":2,"name":"Tienda","item":"https:\/\/kanakydesign.com\/tienda\/"},{"@type":"ListItem","position":3,"name":"Jaula protectora Casquillo"}]},{"@type":"WebSite","@id":"https:\/\/kanakydesign.com\/#website","url":"https:\/\/kanakydesign.com\/","name":"KanakyDesign Enclosures","description":"Become a professional keeper","publisher":{"@id":"https:\/\/kanakydesign.com\/#organization"},"alternateName":"KanakyDesign","potentialAction":[{"@type":"SearchAction","target":{"@type":"EntryPoint","urlTemplate":"https:\/\/kanakydesign.com\/?s={search_term_string}"},"query-input":{"@type":"PropertyValueSpecification","valueRequired":true,"valueName":"search_term_string"}}],"inLanguage":"fr-FR"},{"@type":"Organization","@id":"https:\/\/kanakydesign.com\/#organization","name":"KanakyDesign Enclosures","alternateName":"KanakyDesign","url":"https:\/\/kanakydesign.com\/","logo":{"@type":"ImageObject","inLanguage":"fr-FR","@id":"https:\/\/kanakydesign.com\/#\/schema\/logo\/image\/","url":"https:\/\/kanakydesign.com\/wp-content\/uploads\/2023\/06\/Logo-KanakyDesign-circular-negro-1.png","contentUrl":"https:\/\/kanakydesign.com\/wp-content\/uploads\/2023\/06\/Logo-KanakyDesign-circular-negro-1.png","width":2000,"height":2000,"caption":"KanakyDesign Enclosures"},"image":{"@id":"https:\/\/kanakydesign.com\/#\/schema\/logo\/image\/"}}]}},"_links":{"self":[{"href":"https:\/\/kanakydesign.com\/fr\/wp-json\/wp\/v2\/product\/601","targetHints":{"allow":["GET"]}}],"collection":[{"href":"https:\/\/kanakydesign.com\/fr\/wp-json\/wp\/v2\/product"}],"about":[{"href":"https:\/\/kanakydesign.com\/fr\/wp-json\/wp\/v2\/types\/product"}],"wp:featuredmedia":[{"embeddable":true,"href":"https:\/\/kanakydesign.com\/fr\/wp-json\/wp\/v2\/media\/1626"}],"wp:attachment":[{"href":"https:\/\/kanakydesign.com\/fr\/wp-json\/wp\/v2\/media?parent=601"}],"wp:term":[{"taxonomy":"product_brand","embeddable":true,"href":"https:\/\/kanakydesign.com\/fr\/wp-json\/wp\/v2\/product_brand?post=601"},{"taxonomy":"product_cat","embeddable":true,"href":"https:\/\/kanakydesign.com\/fr\/wp-json\/wp\/v2\/product_cat?post=601"},{"taxonomy":"product_tag","embeddable":true,"href":"https:\/\/kanakydesign.com\/fr\/wp-json\/wp\/v2\/product_tag?post=601"}],"curies":[{"name":"wp","href":"https:\/\/api.w.org\/{rel}","templated":true}]}}