{"id":561,"date":"2023-07-01T09:49:59","date_gmt":"2023-07-01T09:49:59","guid":{"rendered":"https:\/\/kanakydesign.com\/?post_type=product&#038;p=561"},"modified":"2026-02-27T10:43:42","modified_gmt":"2026-02-27T10:43:42","slug":"jaula-protectora-pantalla-uvb","status":"publish","type":"product","link":"https:\/\/kanakydesign.com\/fr\/produit\/jaula-protectora-pantalla-uvb\/","title":{"rendered":"Cage de protection \u00e9cran UVB"},"content":{"rendered":"<p data-start=\"169\" data-end=\"684\">Le <strong data-start=\"172\" data-end=\"221\">cage de protection Arcadia UVB T5 pour terrariums<\/strong> est un accessoire de s\u00e9curit\u00e9 essentiel si vous installez une moustiquaire. <strong data-start=\"291\" data-end=\"309\">Arcadia UVB T5<\/strong> \u00e0 l'int\u00e9rieur du terrarium ou dans des zones o\u00f9 l'animal peut s'approcher. Dans les terrariums o\u00f9 vivent des esp\u00e8ces grimpantes ou tr\u00e8s actives, la protection de l'\u00e9clairage n'est pas un \u201cplus\u201d : c'est un \u00e9l\u00e9ment essentiel de l'installation. Cette cage cr\u00e9e une barri\u00e8re physique qui permet d'\u00e9viter les chocs, les \u00e9gratignures et le contact direct avec l'\u00e9quipement, en maintenant un environnement plus s\u00fbr sans sacrifier l'efficacit\u00e9 de l'\u00e9clairage.<\/p>\n<h2 data-start=\"686\" data-end=\"718\">\u2705 Laissez 85% passer la lumi\u00e8re<\/h2>\n<p data-start=\"719\" data-end=\"1075\">Ce protecteur est con\u00e7u pour \u00eatre fonctionnel sans p\u00e9naliser l'\u00e9clairage : <strong data-start=\"797\" data-end=\"862\">laisse p\u00e9n\u00e9trer environ 85% de lumi\u00e8re dans le terrarium<\/strong>, Cela signifie que vous pouvez maintenir un apport tr\u00e8s efficace d'UVB et de lumi\u00e8re visible. Ceci est particuli\u00e8rement important dans les installations o\u00f9 les UVB doivent atteindre correctement la zone d'ensoleillement et la zone d'activit\u00e9 de l'animal.<\/p>\n<h2 data-start=\"1077\" data-end=\"1123\">\ud83d\udd27 Charni\u00e8res pour un changement rapide des lampes<\/h2>\n<p data-start=\"1124\" data-end=\"1360\">Comprend <strong data-start=\"1132\" data-end=\"1144\">charni\u00e8res<\/strong> qui facilitent l'acc\u00e8s \u00e0 l'\u00e9cran pour les <strong data-start=\"1188\" data-end=\"1210\">remplacer le tube T5<\/strong> sans devoir d\u00e9monter l'ensemble de l'installation. Cela permet d'\u00e9conomiser du temps de maintenance et de r\u00e9duire les risques de mouvements ou de chocs lors de la manipulation de l'\u00e9cran.<\/p>\n<h2 data-start=\"1362\" data-end=\"1412\">\ud83d\udee1\ufe0f Rev\u00eatement en acier inoxydable et sorties de c\u00e2bles<\/h2>\n<p data-start=\"1413\" data-end=\"1716\">La cage a <strong data-start=\"1433\" data-end=\"1461\">rev\u00eatement en acier inoxydable<\/strong>, con\u00e7u pour r\u00e9sister \u00e0 une utilisation prolong\u00e9e dans les terrariums, y compris dans des environnements pr\u00e9sentant une certaine humidit\u00e9. En outre, il incorpore <strong data-start=\"1576\" data-end=\"1604\">plusieurs points de vente du c\u00e2ble<\/strong>, Ceci est tr\u00e8s utile pour laisser un assemblage propre, s\u00fbr et bien ordonn\u00e9, en \u00e9vitant les tensions sur les connecteurs ou les c\u00e2bles.<\/p>\n<h2 data-start=\"1718\" data-end=\"1775\">\ud83d\udccf Tailles disponibles (en fonction de la puissance de l'\u00e9cran)<\/h2>\n<p data-start=\"1776\" data-end=\"1837\">Choisissez la cage de protection en fonction de votre \u00e9cran Arcadia UV T5 :<\/p>\n<ul data-start=\"1839\" data-end=\"1906\">\n<li data-start=\"1839\" data-end=\"1861\">\n<p data-start=\"1841\" data-end=\"1861\"><strong data-start=\"1841\" data-end=\"1849\">24W :<\/strong> <strong data-start=\"1850\" data-end=\"1859\">66 cm<\/strong><\/p>\n<\/li>\n<li data-start=\"1862\" data-end=\"1884\">\n<p data-start=\"1864\" data-end=\"1884\"><strong data-start=\"1864\" data-end=\"1872\">39W :<\/strong> <strong data-start=\"1873\" data-end=\"1882\">96 cm<\/strong><\/p>\n<\/li>\n<li data-start=\"1885\" data-end=\"1906\">\n<p data-start=\"1887\" data-end=\"1906\"><strong data-start=\"1887\" data-end=\"1895\">54W :<\/strong> <strong data-start=\"1896\" data-end=\"1906\">126 cm<\/strong><\/p>\n<\/li>\n<\/ul>\n<h2 data-start=\"1908\" data-end=\"1974\">\ud83e\udde9 Recommandation pour un terrarium plus s\u00fbr<\/h2>\n<p data-start=\"1975\" data-end=\"2075\">Si vous souhaitez optimiser votre installation, combinez la cage avec d'autres accessoires et le contr\u00f4le du terrarium :<\/p>\n<ul data-start=\"2076\" data-end=\"2307\">\n<li data-start=\"2076\" data-end=\"2178\">\n<p data-start=\"2078\" data-end=\"2178\">Eclairage Arcadia et pi\u00e8ces d\u00e9tach\u00e9es : <strong data-start=\"2141\" data-end=\"2176\"><a class=\"decorated-link\" href=\"https:\/\/kanakydesign.com\/fr\/produit\/pantalla-uvb\/\" target=\"_new\" rel=\"noopener\" data-start=\"2143\" data-end=\"2174\">https:\/\/www.kanakydesign.com\/<\/a><\/strong><\/p>\n<\/li>\n<li data-start=\"2179\" data-end=\"2307\">\n<p data-start=\"2181\" data-end=\"2307\">Contr\u00f4leurs (pour la photop\u00e9riode et l'automatisation) : <a class=\"decorated-link\" href=\"https:\/\/kanakydesign.com\/fr\/produit\/termostato-dia-noche\/\" target=\"_new\" rel=\"noopener\" data-start=\"2247\" data-end=\"2307\">https:\/\/kanakydesign.com\/<\/a><\/p>\n<\/li>\n<\/ul>\n<p data-start=\"2309\" data-end=\"2529\"><strong data-start=\"2309\" data-end=\"2321\">Le Conseil :<\/strong> Bien que cette cage contribue \u00e0 prot\u00e9ger l'\u00e9quipement et les animaux, v\u00e9rifiez toujours la distance d'ensoleillement recommand\u00e9e pour votre esp\u00e8ce et assurez-vous que les UVB atteignent la zone cible sans obstacles suppl\u00e9mentaires.<\/p>","protected":false},"excerpt":{"rendered":"<p>Il est essentiel d'offrir \u00e0 nos animaux une protection contre toutes les sources possibles de dommages. Ce protecteur permet \u00e0 la lampe 85% de passer de la lumi\u00e8re au terrarium. Comprend des charni\u00e8res pour faciliter le remplacement de la lampe. Bo\u00eetier en acier inoxydable et plusieurs sorties de c\u00e2bles.<\/p>\n<p>Les mesures sont les suivantes<\/p>\n<p>- 24w : 66cm<\/p>\n<p>- 39w : 96cm<\/p>\n<p>- 54w : 126cm<\/p>\n<p>&nbsp;<\/p>","protected":false},"featured_media":1102,"template":"","meta":[],"product_brand":[],"product_cat":[23,25],"product_tag":[330,193,327,328,326,323,321,331,329,322,324,325],"class_list":{"0":"post-561","1":"product","2":"type-product","3":"status-publish","4":"has-post-thumbnail","6":"product_cat-accesorios","7":"product_cat-iluminacion","8":"product_tag-accesorios-arcadia-terrario","9":"product_tag-arcadia","10":"product_tag-arcadia-uvb-t5-guard","11":"product_tag-jaula-con-bisagras-terrario","12":"product_tag-jaula-pantalla-uvb","13":"product_tag-jaula-proteccion-uvb-terrario","14":"product_tag-jaula-protectora-arcadia-uvb-t5","15":"product_tag-proteccion-reptiles-terrario","16":"product_tag-protector-deja-pasar-85-luz","17":"product_tag-protector-pantalla-arcadia-t5","18":"product_tag-protector-tubo-t5-terrario","19":"product_tag-seguridad-iluminacion-terrario","20":"product_shipping_class-accesorios","22":"first","23":"instock","24":"taxable","25":"shipping-taxable","26":"purchasable","27":"product-type-variable"},"yoast_head":"<!-- This site is optimized with the Yoast SEO plugin v27.4 - https:\/\/yoast.com\/product\/yoast-seo-wordpress\/ -->\n<title>Jaula protectora Pantalla UVB | KanakyDesign Enclosures<\/title>\n<meta name=\"description\" content=\"Jaula protectora Arcadia UVB T5 para terrario: deja pasar 85% de la luz, bisagras para cambiar el tubo y revestimiento inoxidable. 66\/96\/126 cm.\" \/>\n<meta name=\"robots\" content=\"index, follow, max-snippet:-1, max-image-preview:large, max-video-preview:-1\" \/>\n<link rel=\"canonical\" href=\"https:\/\/kanakydesign.com\/fr\/produit\/jaula-protectora-pantalla-uvb\/\" \/>\n<meta property=\"og:locale\" content=\"fr_FR\" \/>\n<meta property=\"og:type\" content=\"article\" \/>\n<meta property=\"og:title\" content=\"Jaula protectora Pantalla UVB | KanakyDesign Enclosures\" \/>\n<meta property=\"og:description\" content=\"Jaula protectora Arcadia UVB T5 para terrario: deja pasar 85% de la luz, bisagras para cambiar el tubo y revestimiento inoxidable. 66\/96\/126 cm.\" \/>\n<meta property=\"og:url\" content=\"https:\/\/kanakydesign.com\/fr\/produit\/jaula-protectora-pantalla-uvb\/\" \/>\n<meta property=\"og:site_name\" content=\"KanakyDesign Enclosures\" \/>\n<meta property=\"article:modified_time\" content=\"2026-02-27T10:43:42+00:00\" \/>\n<meta property=\"og:image\" content=\"https:\/\/kanakydesign.com\/wp-content\/uploads\/2023\/09\/DSC2849-scaled.jpg\" \/>\n\t<meta property=\"og:image:width\" content=\"2560\" \/>\n\t<meta property=\"og:image:height\" content=\"2560\" \/>\n\t<meta property=\"og:image:type\" content=\"image\/jpeg\" \/>\n<meta name=\"twitter:card\" content=\"summary_large_image\" \/>\n<meta name=\"twitter:label1\" content=\"Dur\u00e9e de lecture estim\u00e9e\" \/>\n\t<meta name=\"twitter:data1\" content=\"2 minutes\" \/>\n<script type=\"application\/ld+json\" class=\"yoast-schema-graph\">{\"@context\":\"https:\\\/\\\/schema.org\",\"@graph\":[{\"@type\":\"WebPage\",\"@id\":\"https:\\\/\\\/kanakydesign.com\\\/producto\\\/jaula-protectora-pantalla-uvb\\\/\",\"url\":\"https:\\\/\\\/kanakydesign.com\\\/producto\\\/jaula-protectora-pantalla-uvb\\\/\",\"name\":\"Jaula protectora Pantalla UVB | KanakyDesign Enclosures\",\"isPartOf\":{\"@id\":\"https:\\\/\\\/kanakydesign.com\\\/#website\"},\"primaryImageOfPage\":{\"@id\":\"https:\\\/\\\/kanakydesign.com\\\/producto\\\/jaula-protectora-pantalla-uvb\\\/#primaryimage\"},\"image\":{\"@id\":\"https:\\\/\\\/kanakydesign.com\\\/producto\\\/jaula-protectora-pantalla-uvb\\\/#primaryimage\"},\"thumbnailUrl\":\"https:\\\/\\\/kanakydesign.com\\\/wp-content\\\/uploads\\\/2023\\\/09\\\/DSC2849-scaled.jpg\",\"datePublished\":\"2023-07-01T09:49:59+00:00\",\"dateModified\":\"2026-02-27T10:43:42+00:00\",\"description\":\"Jaula protectora Arcadia UVB T5 para terrario: deja pasar 85% de la luz, bisagras para cambiar el tubo y revestimiento inoxidable. 66\\\/96\\\/126 cm.\",\"breadcrumb\":{\"@id\":\"https:\\\/\\\/kanakydesign.com\\\/producto\\\/jaula-protectora-pantalla-uvb\\\/#breadcrumb\"},\"inLanguage\":\"fr-FR\",\"potentialAction\":[{\"@type\":\"ReadAction\",\"target\":[\"https:\\\/\\\/kanakydesign.com\\\/producto\\\/jaula-protectora-pantalla-uvb\\\/\"]}]},{\"@type\":\"ImageObject\",\"inLanguage\":\"fr-FR\",\"@id\":\"https:\\\/\\\/kanakydesign.com\\\/producto\\\/jaula-protectora-pantalla-uvb\\\/#primaryimage\",\"url\":\"https:\\\/\\\/kanakydesign.com\\\/wp-content\\\/uploads\\\/2023\\\/09\\\/DSC2849-scaled.jpg\",\"contentUrl\":\"https:\\\/\\\/kanakydesign.com\\\/wp-content\\\/uploads\\\/2023\\\/09\\\/DSC2849-scaled.jpg\",\"width\":2560,\"height\":2560},{\"@type\":\"BreadcrumbList\",\"@id\":\"https:\\\/\\\/kanakydesign.com\\\/producto\\\/jaula-protectora-pantalla-uvb\\\/#breadcrumb\",\"itemListElement\":[{\"@type\":\"ListItem\",\"position\":1,\"name\":\"Portada\",\"item\":\"https:\\\/\\\/kanakydesign.com\\\/\"},{\"@type\":\"ListItem\",\"position\":2,\"name\":\"Tienda\",\"item\":\"https:\\\/\\\/kanakydesign.com\\\/tienda\\\/\"},{\"@type\":\"ListItem\",\"position\":3,\"name\":\"Jaula protectora Pantalla UVB\"}]},{\"@type\":\"WebSite\",\"@id\":\"https:\\\/\\\/kanakydesign.com\\\/#website\",\"url\":\"https:\\\/\\\/kanakydesign.com\\\/\",\"name\":\"KanakyDesign Enclosures\",\"description\":\"Become a professional keeper\",\"publisher\":{\"@id\":\"https:\\\/\\\/kanakydesign.com\\\/#organization\"},\"alternateName\":\"KanakyDesign\",\"potentialAction\":[{\"@type\":\"SearchAction\",\"target\":{\"@type\":\"EntryPoint\",\"urlTemplate\":\"https:\\\/\\\/kanakydesign.com\\\/?s={search_term_string}\"},\"query-input\":{\"@type\":\"PropertyValueSpecification\",\"valueRequired\":true,\"valueName\":\"search_term_string\"}}],\"inLanguage\":\"fr-FR\"},{\"@type\":\"Organization\",\"@id\":\"https:\\\/\\\/kanakydesign.com\\\/#organization\",\"name\":\"KanakyDesign Enclosures\",\"alternateName\":\"KanakyDesign\",\"url\":\"https:\\\/\\\/kanakydesign.com\\\/\",\"logo\":{\"@type\":\"ImageObject\",\"inLanguage\":\"fr-FR\",\"@id\":\"https:\\\/\\\/kanakydesign.com\\\/#\\\/schema\\\/logo\\\/image\\\/\",\"url\":\"https:\\\/\\\/kanakydesign.com\\\/wp-content\\\/uploads\\\/2023\\\/06\\\/Logo-KanakyDesign-circular-negro-1.png\",\"contentUrl\":\"https:\\\/\\\/kanakydesign.com\\\/wp-content\\\/uploads\\\/2023\\\/06\\\/Logo-KanakyDesign-circular-negro-1.png\",\"width\":2000,\"height\":2000,\"caption\":\"KanakyDesign Enclosures\"},\"image\":{\"@id\":\"https:\\\/\\\/kanakydesign.com\\\/#\\\/schema\\\/logo\\\/image\\\/\"}}]}<\/script>\n<!-- \/ Yoast SEO plugin. -->","yoast_head_json":{"title":"Cage de protection \u00e9cran UVB | KanakyDesign Enclosures","description":"Cage de protection Arcadia UVB T5 pour terrarium : 85% transmission de la lumi\u00e8re, charni\u00e8res pour changer le tube et rev\u00eatement en acier inoxydable. 66\/96\/126 cm.","robots":{"index":"index","follow":"follow","max-snippet":"max-snippet:-1","max-image-preview":"max-image-preview:large","max-video-preview":"max-video-preview:-1"},"canonical":"https:\/\/kanakydesign.com\/fr\/produit\/jaula-protectora-pantalla-uvb\/","og_locale":"fr_FR","og_type":"article","og_title":"Jaula protectora Pantalla UVB | KanakyDesign Enclosures","og_description":"Jaula protectora Arcadia UVB T5 para terrario: deja pasar 85% de la luz, bisagras para cambiar el tubo y revestimiento inoxidable. 66\/96\/126 cm.","og_url":"https:\/\/kanakydesign.com\/fr\/produit\/jaula-protectora-pantalla-uvb\/","og_site_name":"KanakyDesign Enclosures","article_modified_time":"2026-02-27T10:43:42+00:00","og_image":[{"width":2560,"height":2560,"url":"https:\/\/kanakydesign.com\/wp-content\/uploads\/2023\/09\/DSC2849-scaled.jpg","type":"image\/jpeg"}],"twitter_card":"summary_large_image","twitter_misc":{"Dur\u00e9e de lecture estim\u00e9e":"2 minutes"},"schema":{"@context":"https:\/\/schema.org","@graph":[{"@type":"WebPage","@id":"https:\/\/kanakydesign.com\/producto\/jaula-protectora-pantalla-uvb\/","url":"https:\/\/kanakydesign.com\/producto\/jaula-protectora-pantalla-uvb\/","name":"Cage de protection \u00e9cran UVB | KanakyDesign Enclosures","isPartOf":{"@id":"https:\/\/kanakydesign.com\/#website"},"primaryImageOfPage":{"@id":"https:\/\/kanakydesign.com\/producto\/jaula-protectora-pantalla-uvb\/#primaryimage"},"image":{"@id":"https:\/\/kanakydesign.com\/producto\/jaula-protectora-pantalla-uvb\/#primaryimage"},"thumbnailUrl":"https:\/\/kanakydesign.com\/wp-content\/uploads\/2023\/09\/DSC2849-scaled.jpg","datePublished":"2023-07-01T09:49:59+00:00","dateModified":"2026-02-27T10:43:42+00:00","description":"Cage de protection Arcadia UVB T5 pour terrarium : 85% transmission de la lumi\u00e8re, charni\u00e8res pour changer le tube et rev\u00eatement en acier inoxydable. 66\/96\/126 cm.","breadcrumb":{"@id":"https:\/\/kanakydesign.com\/producto\/jaula-protectora-pantalla-uvb\/#breadcrumb"},"inLanguage":"fr-FR","potentialAction":[{"@type":"ReadAction","target":["https:\/\/kanakydesign.com\/producto\/jaula-protectora-pantalla-uvb\/"]}]},{"@type":"ImageObject","inLanguage":"fr-FR","@id":"https:\/\/kanakydesign.com\/producto\/jaula-protectora-pantalla-uvb\/#primaryimage","url":"https:\/\/kanakydesign.com\/wp-content\/uploads\/2023\/09\/DSC2849-scaled.jpg","contentUrl":"https:\/\/kanakydesign.com\/wp-content\/uploads\/2023\/09\/DSC2849-scaled.jpg","width":2560,"height":2560},{"@type":"BreadcrumbList","@id":"https:\/\/kanakydesign.com\/producto\/jaula-protectora-pantalla-uvb\/#breadcrumb","itemListElement":[{"@type":"ListItem","position":1,"name":"Portada","item":"https:\/\/kanakydesign.com\/"},{"@type":"ListItem","position":2,"name":"Tienda","item":"https:\/\/kanakydesign.com\/tienda\/"},{"@type":"ListItem","position":3,"name":"Jaula protectora Pantalla UVB"}]},{"@type":"WebSite","@id":"https:\/\/kanakydesign.com\/#website","url":"https:\/\/kanakydesign.com\/","name":"KanakyDesign Enclosures","description":"Become a professional keeper","publisher":{"@id":"https:\/\/kanakydesign.com\/#organization"},"alternateName":"KanakyDesign","potentialAction":[{"@type":"SearchAction","target":{"@type":"EntryPoint","urlTemplate":"https:\/\/kanakydesign.com\/?s={search_term_string}"},"query-input":{"@type":"PropertyValueSpecification","valueRequired":true,"valueName":"search_term_string"}}],"inLanguage":"fr-FR"},{"@type":"Organization","@id":"https:\/\/kanakydesign.com\/#organization","name":"KanakyDesign Enclosures","alternateName":"KanakyDesign","url":"https:\/\/kanakydesign.com\/","logo":{"@type":"ImageObject","inLanguage":"fr-FR","@id":"https:\/\/kanakydesign.com\/#\/schema\/logo\/image\/","url":"https:\/\/kanakydesign.com\/wp-content\/uploads\/2023\/06\/Logo-KanakyDesign-circular-negro-1.png","contentUrl":"https:\/\/kanakydesign.com\/wp-content\/uploads\/2023\/06\/Logo-KanakyDesign-circular-negro-1.png","width":2000,"height":2000,"caption":"KanakyDesign Enclosures"},"image":{"@id":"https:\/\/kanakydesign.com\/#\/schema\/logo\/image\/"}}]}},"_links":{"self":[{"href":"https:\/\/kanakydesign.com\/fr\/wp-json\/wp\/v2\/product\/561","targetHints":{"allow":["GET"]}}],"collection":[{"href":"https:\/\/kanakydesign.com\/fr\/wp-json\/wp\/v2\/product"}],"about":[{"href":"https:\/\/kanakydesign.com\/fr\/wp-json\/wp\/v2\/types\/product"}],"wp:featuredmedia":[{"embeddable":true,"href":"https:\/\/kanakydesign.com\/fr\/wp-json\/wp\/v2\/media\/1102"}],"wp:attachment":[{"href":"https:\/\/kanakydesign.com\/fr\/wp-json\/wp\/v2\/media?parent=561"}],"wp:term":[{"taxonomy":"product_brand","embeddable":true,"href":"https:\/\/kanakydesign.com\/fr\/wp-json\/wp\/v2\/product_brand?post=561"},{"taxonomy":"product_cat","embeddable":true,"href":"https:\/\/kanakydesign.com\/fr\/wp-json\/wp\/v2\/product_cat?post=561"},{"taxonomy":"product_tag","embeddable":true,"href":"https:\/\/kanakydesign.com\/fr\/wp-json\/wp\/v2\/product_tag?post=561"}],"curies":[{"name":"wp","href":"https:\/\/api.w.org\/{rel}","templated":true}]}}