{"id":560,"date":"2023-07-01T09:48:24","date_gmt":"2023-07-01T09:48:24","guid":{"rendered":"https:\/\/kanakydesign.com\/?post_type=product&#038;p=560"},"modified":"2026-02-08T01:06:12","modified_gmt":"2026-02-08T01:06:12","slug":"tapa-pasacables","status":"publish","type":"product","link":"https:\/\/kanakydesign.com\/fr\/produit\/tapa-pasacables\/","title":{"rendered":"Couvercle de passe-c\u00e2ble"},"content":{"rendered":"<p data-start=\"175\" data-end=\"670\">Le <strong data-start=\"178\" data-end=\"220\">Kanaky Design cache passe-partout pour terrarium<\/strong> avec <strong data-start=\"225\" data-end=\"240\">3 trous<\/strong> est la solution id\u00e9ale pour tirer les c\u00e2bles de l'int\u00e9rieur du terrarium sans laisser de grandes ouvertures par lesquelles les animaux peuvent s'\u00e9chapper ou la nourriture vivante s'infiltrer. Si vous utilisez des syst\u00e8mes d'\u00e9clairage, de chauffage, de ventilation, de capteurs ou de pluie, vous aurez t\u00f4t ou tard besoin d'un passage de c\u00e2bles bien pens\u00e9 : cette housse vous permet de garder votre installation en place. <strong data-start=\"580\" data-end=\"628\">s\u00fbr, propre et \u00e9tanche au niveau du \u201ctrou\u201d.\u201d<\/strong> (sans ouvrir les zones dangereuses du panneau).<\/p>\n<p data-start=\"672\" data-end=\"975\">Vous pouvez visiter <strong data-start=\"677\" data-end=\"694\">Imprim\u00e9 en 3D<\/strong> avec un <strong data-start=\"702\" data-end=\"725\">finition textur\u00e9e<\/strong> con\u00e7u de mani\u00e8re \u00e0 ce que <strong data-start=\"743\" data-end=\"782\">aucune ligne d'impression n'est visible<\/strong>, Le r\u00e9sultat est plus professionnel et plus discret sur la face avant\/lat\u00e9rale du terrarium. En outre, le r\u00e9sultat est plus professionnel et plus discret sur la face avant\/lat\u00e9rale du terrarium, <strong data-start=\"877\" data-end=\"910\">y compris les vis de fixation<\/strong>, L'installation du syst\u00e8me peut \u00eatre r\u00e9alis\u00e9e de mani\u00e8re ferme et s\u00fbre.<\/p>\n<h4 data-start=\"977\" data-end=\"1023\">\u2705 3 sorties de c\u00e2bles (pas de grandes ouvertures)<\/h4>\n<p data-start=\"1024\" data-end=\"1252\">Le couvercle incorpore <strong data-start=\"1042\" data-end=\"1056\">trois \u00e9tapes<\/strong> qui permettent d'organiser diff\u00e9rents c\u00e2bles (par exemple, c\u00e2ble de lampe, sonde de thermostat, ventilateurs ou capteurs) et d'\u00e9viter le \u201ctrou improvis\u00e9\u201d typique qui finit par devenir un point de fuite.<\/p>\n<h4 data-start=\"1254\" data-end=\"1300\">\ud83e\udde9 Cils amovibles (faciles \u00e0 adapter)<\/h4>\n<p data-start=\"1301\" data-end=\"1463\">Vous verrez que la pi\u00e8ce incorpore des <strong data-start=\"1335\" data-end=\"1347\">cils<\/strong> avec une fixation l\u00e9g\u00e8re au couvercle principal. Ils sont con\u00e7us pour que vous puissiez <strong data-start=\"1421\" data-end=\"1442\">ouvrir le trou<\/strong> quand vous en avez besoin :<\/p>\n<ul data-start=\"1464\" data-end=\"1552\">\n<li data-start=\"1464\" data-end=\"1496\">\n<p data-start=\"1466\" data-end=\"1496\">peut \u00eatre retir\u00e9 <strong data-start=\"1484\" data-end=\"1494\">\u00e0 la main<\/strong> o<\/p>\n<\/li>\n<li data-start=\"1497\" data-end=\"1552\">\n<p data-start=\"1499\" data-end=\"1552\">avec un <strong data-start=\"1506\" data-end=\"1528\">cutter tranchant<\/strong> pour une coupe nette.<\/p>\n<\/li>\n<\/ul>\n<p data-start=\"1554\" data-end=\"1657\">De cette fa\u00e7on, le trou reste ferm\u00e9 lorsqu'il n'est pas utilis\u00e9 et n'est ouvert que lorsque vous devez faire passer un c\u00e2ble.<\/p>\n<h4 data-start=\"1659\" data-end=\"1693\">\u267b\ufe0f Important : il s'agit d'une pi\u00e8ce de rechange<\/h4>\n<p data-start=\"1694\" data-end=\"1921\">Le <strong data-start=\"1698\" data-end=\"1738\">terrariums achet\u00e9s chez Kanaky Design<\/strong> Les passe-c\u00e2bles correspondants sont d\u00e9j\u00e0 inclus. Ce produit est destin\u00e9 \u00e0 servir de <strong data-start=\"1822\" data-end=\"1834\">pi\u00e8ce de rechange<\/strong>, en cas de rupture ou de perte d'un couvercle, ou si vous souhaitez le remplacer pour renouveler l'ensemble.<\/p>\n<p data-start=\"1923\" data-end=\"2007\">\ud83d\udc49 Plus d'accessoires et de pi\u00e8ces d\u00e9tach\u00e9es pour les terrariums : <strong data-start=\"1972\" data-end=\"2007\"><a class=\"decorated-link\" href=\"https:\/\/kanakydesign.com\/fr\/produit\/tapa-pasacables\/\" target=\"_new\" rel=\"noopener\" data-start=\"1974\" data-end=\"2005\">https:\/\/www.kanakydesign.com\/<\/a><\/strong><\/p>","protected":false},"excerpt":{"rendered":"<p>Cache passe-c\u00e2bles \u00e0 3 trous permettant de tirer les c\u00e2bles de l'int\u00e9rieur du terrarium afin d'\u00e9viter de laisser de grands espaces par lesquels les animaux ou les aliments vivants peuvent s'\u00e9chapper. Vis de fixation incluses.<\/p>","protected":false},"featured_media":1096,"template":"","meta":[],"product_brand":[],"product_cat":[23,28],"product_tag":[560,565,555,558,562,557,561,559,564,563,556,554],"class_list":{"0":"post-560","1":"product","2":"type-product","3":"status-publish","4":"has-post-thumbnail","6":"product_cat-accesorios","7":"product_cat-complementos","8":"product_tag-accesorio-terrario-kanaky","9":"product_tag-evitar-escapes-terrario","10":"product_tag-pasacables-terrario","11":"product_tag-pasamuros-cables-terrario","12":"product_tag-pieza-impresa-3d-terrario","13":"product_tag-repuesto-pasacables","14":"product_tag-repuestos-terrario","15":"product_tag-salida-de-cables-terrario","16":"product_tag-seguridad-terrario","17":"product_tag-tapa-3-orificios-cables","18":"product_tag-tapa-pasacables-kanaky-design","19":"product_tag-tapa-pasacables-terrario","20":"product_shipping_class-accesorios","22":"first","23":"instock","24":"taxable","25":"shipping-taxable","26":"purchasable","27":"product-type-simple"},"yoast_head":"<!-- This site is optimized with the Yoast SEO plugin v27.4 - https:\/\/yoast.com\/product\/yoast-seo-wordpress\/ -->\n<title>Tapa pasacables | KanakyDesign Enclosures<\/title>\n<meta name=\"description\" content=\"Tapa pasacables terrario Kanaky Design con 3 salidas y tornillos. Evita huecos y escapes. Impresa 3D con acabado texturizado. Repuesto.\" \/>\n<meta name=\"robots\" content=\"index, follow, max-snippet:-1, max-image-preview:large, max-video-preview:-1\" \/>\n<link rel=\"canonical\" href=\"https:\/\/kanakydesign.com\/fr\/produit\/tapa-pasacables\/\" \/>\n<meta property=\"og:locale\" content=\"fr_FR\" \/>\n<meta property=\"og:type\" content=\"article\" \/>\n<meta property=\"og:title\" content=\"Tapa pasacables | KanakyDesign Enclosures\" \/>\n<meta property=\"og:description\" content=\"Tapa pasacables terrario Kanaky Design con 3 salidas y tornillos. Evita huecos y escapes. Impresa 3D con acabado texturizado. Repuesto.\" \/>\n<meta property=\"og:url\" content=\"https:\/\/kanakydesign.com\/fr\/produit\/tapa-pasacables\/\" \/>\n<meta property=\"og:site_name\" content=\"KanakyDesign Enclosures\" \/>\n<meta property=\"article:modified_time\" content=\"2026-02-08T01:06:12+00:00\" \/>\n<meta property=\"og:image\" content=\"https:\/\/kanakydesign.com\/wp-content\/uploads\/2023\/09\/DSC2831.jpg\" \/>\n\t<meta property=\"og:image:width\" content=\"1870\" \/>\n\t<meta property=\"og:image:height\" content=\"1870\" \/>\n\t<meta property=\"og:image:type\" content=\"image\/jpeg\" \/>\n<meta name=\"twitter:card\" content=\"summary_large_image\" \/>\n<meta name=\"twitter:label1\" content=\"Dur\u00e9e de lecture estim\u00e9e\" \/>\n\t<meta name=\"twitter:data1\" content=\"2 minutes\" \/>\n<script type=\"application\/ld+json\" class=\"yoast-schema-graph\">{\"@context\":\"https:\\\/\\\/schema.org\",\"@graph\":[{\"@type\":\"WebPage\",\"@id\":\"https:\\\/\\\/kanakydesign.com\\\/producto\\\/tapa-pasacables\\\/\",\"url\":\"https:\\\/\\\/kanakydesign.com\\\/producto\\\/tapa-pasacables\\\/\",\"name\":\"Tapa pasacables | KanakyDesign Enclosures\",\"isPartOf\":{\"@id\":\"https:\\\/\\\/kanakydesign.com\\\/#website\"},\"primaryImageOfPage\":{\"@id\":\"https:\\\/\\\/kanakydesign.com\\\/producto\\\/tapa-pasacables\\\/#primaryimage\"},\"image\":{\"@id\":\"https:\\\/\\\/kanakydesign.com\\\/producto\\\/tapa-pasacables\\\/#primaryimage\"},\"thumbnailUrl\":\"https:\\\/\\\/kanakydesign.com\\\/wp-content\\\/uploads\\\/2023\\\/09\\\/DSC2831.jpg\",\"datePublished\":\"2023-07-01T09:48:24+00:00\",\"dateModified\":\"2026-02-08T01:06:12+00:00\",\"description\":\"Tapa pasacables terrario Kanaky Design con 3 salidas y tornillos. Evita huecos y escapes. Impresa 3D con acabado texturizado. Repuesto.\",\"breadcrumb\":{\"@id\":\"https:\\\/\\\/kanakydesign.com\\\/producto\\\/tapa-pasacables\\\/#breadcrumb\"},\"inLanguage\":\"fr-FR\",\"potentialAction\":[{\"@type\":\"ReadAction\",\"target\":[\"https:\\\/\\\/kanakydesign.com\\\/producto\\\/tapa-pasacables\\\/\"]}]},{\"@type\":\"ImageObject\",\"inLanguage\":\"fr-FR\",\"@id\":\"https:\\\/\\\/kanakydesign.com\\\/producto\\\/tapa-pasacables\\\/#primaryimage\",\"url\":\"https:\\\/\\\/kanakydesign.com\\\/wp-content\\\/uploads\\\/2023\\\/09\\\/DSC2831.jpg\",\"contentUrl\":\"https:\\\/\\\/kanakydesign.com\\\/wp-content\\\/uploads\\\/2023\\\/09\\\/DSC2831.jpg\",\"width\":1870,\"height\":1870},{\"@type\":\"BreadcrumbList\",\"@id\":\"https:\\\/\\\/kanakydesign.com\\\/producto\\\/tapa-pasacables\\\/#breadcrumb\",\"itemListElement\":[{\"@type\":\"ListItem\",\"position\":1,\"name\":\"Portada\",\"item\":\"https:\\\/\\\/kanakydesign.com\\\/\"},{\"@type\":\"ListItem\",\"position\":2,\"name\":\"Tienda\",\"item\":\"https:\\\/\\\/kanakydesign.com\\\/tienda\\\/\"},{\"@type\":\"ListItem\",\"position\":3,\"name\":\"Tapa pasacables\"}]},{\"@type\":\"WebSite\",\"@id\":\"https:\\\/\\\/kanakydesign.com\\\/#website\",\"url\":\"https:\\\/\\\/kanakydesign.com\\\/\",\"name\":\"KanakyDesign Enclosures\",\"description\":\"Become a professional keeper\",\"publisher\":{\"@id\":\"https:\\\/\\\/kanakydesign.com\\\/#organization\"},\"alternateName\":\"KanakyDesign\",\"potentialAction\":[{\"@type\":\"SearchAction\",\"target\":{\"@type\":\"EntryPoint\",\"urlTemplate\":\"https:\\\/\\\/kanakydesign.com\\\/?s={search_term_string}\"},\"query-input\":{\"@type\":\"PropertyValueSpecification\",\"valueRequired\":true,\"valueName\":\"search_term_string\"}}],\"inLanguage\":\"fr-FR\"},{\"@type\":\"Organization\",\"@id\":\"https:\\\/\\\/kanakydesign.com\\\/#organization\",\"name\":\"KanakyDesign Enclosures\",\"alternateName\":\"KanakyDesign\",\"url\":\"https:\\\/\\\/kanakydesign.com\\\/\",\"logo\":{\"@type\":\"ImageObject\",\"inLanguage\":\"fr-FR\",\"@id\":\"https:\\\/\\\/kanakydesign.com\\\/#\\\/schema\\\/logo\\\/image\\\/\",\"url\":\"https:\\\/\\\/kanakydesign.com\\\/wp-content\\\/uploads\\\/2023\\\/06\\\/Logo-KanakyDesign-circular-negro-1.png\",\"contentUrl\":\"https:\\\/\\\/kanakydesign.com\\\/wp-content\\\/uploads\\\/2023\\\/06\\\/Logo-KanakyDesign-circular-negro-1.png\",\"width\":2000,\"height\":2000,\"caption\":\"KanakyDesign Enclosures\"},\"image\":{\"@id\":\"https:\\\/\\\/kanakydesign.com\\\/#\\\/schema\\\/logo\\\/image\\\/\"}}]}<\/script>\n<!-- \/ Yoast SEO plugin. -->","yoast_head_json":{"title":"Cache passe-c\u00e2bles : KanakyDesign Enclosures","description":"Couvercle de terrarium Kanaky Design avec 3 sorties et vis. Emp\u00eache les trous et les fuites. Imprim\u00e9 en 3D avec une finition textur\u00e9e. Pi\u00e8ce de rechange.","robots":{"index":"index","follow":"follow","max-snippet":"max-snippet:-1","max-image-preview":"max-image-preview:large","max-video-preview":"max-video-preview:-1"},"canonical":"https:\/\/kanakydesign.com\/fr\/produit\/tapa-pasacables\/","og_locale":"fr_FR","og_type":"article","og_title":"Tapa pasacables | KanakyDesign Enclosures","og_description":"Tapa pasacables terrario Kanaky Design con 3 salidas y tornillos. Evita huecos y escapes. Impresa 3D con acabado texturizado. Repuesto.","og_url":"https:\/\/kanakydesign.com\/fr\/produit\/tapa-pasacables\/","og_site_name":"KanakyDesign Enclosures","article_modified_time":"2026-02-08T01:06:12+00:00","og_image":[{"width":1870,"height":1870,"url":"https:\/\/kanakydesign.com\/wp-content\/uploads\/2023\/09\/DSC2831.jpg","type":"image\/jpeg"}],"twitter_card":"summary_large_image","twitter_misc":{"Dur\u00e9e de lecture estim\u00e9e":"2 minutes"},"schema":{"@context":"https:\/\/schema.org","@graph":[{"@type":"WebPage","@id":"https:\/\/kanakydesign.com\/producto\/tapa-pasacables\/","url":"https:\/\/kanakydesign.com\/producto\/tapa-pasacables\/","name":"Cache passe-c\u00e2bles : KanakyDesign Enclosures","isPartOf":{"@id":"https:\/\/kanakydesign.com\/#website"},"primaryImageOfPage":{"@id":"https:\/\/kanakydesign.com\/producto\/tapa-pasacables\/#primaryimage"},"image":{"@id":"https:\/\/kanakydesign.com\/producto\/tapa-pasacables\/#primaryimage"},"thumbnailUrl":"https:\/\/kanakydesign.com\/wp-content\/uploads\/2023\/09\/DSC2831.jpg","datePublished":"2023-07-01T09:48:24+00:00","dateModified":"2026-02-08T01:06:12+00:00","description":"Couvercle de terrarium Kanaky Design avec 3 sorties et vis. Emp\u00eache les trous et les fuites. Imprim\u00e9 en 3D avec une finition textur\u00e9e. Pi\u00e8ce de rechange.","breadcrumb":{"@id":"https:\/\/kanakydesign.com\/producto\/tapa-pasacables\/#breadcrumb"},"inLanguage":"fr-FR","potentialAction":[{"@type":"ReadAction","target":["https:\/\/kanakydesign.com\/producto\/tapa-pasacables\/"]}]},{"@type":"ImageObject","inLanguage":"fr-FR","@id":"https:\/\/kanakydesign.com\/producto\/tapa-pasacables\/#primaryimage","url":"https:\/\/kanakydesign.com\/wp-content\/uploads\/2023\/09\/DSC2831.jpg","contentUrl":"https:\/\/kanakydesign.com\/wp-content\/uploads\/2023\/09\/DSC2831.jpg","width":1870,"height":1870},{"@type":"BreadcrumbList","@id":"https:\/\/kanakydesign.com\/producto\/tapa-pasacables\/#breadcrumb","itemListElement":[{"@type":"ListItem","position":1,"name":"Portada","item":"https:\/\/kanakydesign.com\/"},{"@type":"ListItem","position":2,"name":"Tienda","item":"https:\/\/kanakydesign.com\/tienda\/"},{"@type":"ListItem","position":3,"name":"Tapa pasacables"}]},{"@type":"WebSite","@id":"https:\/\/kanakydesign.com\/#website","url":"https:\/\/kanakydesign.com\/","name":"KanakyDesign Enclosures","description":"Become a professional keeper","publisher":{"@id":"https:\/\/kanakydesign.com\/#organization"},"alternateName":"KanakyDesign","potentialAction":[{"@type":"SearchAction","target":{"@type":"EntryPoint","urlTemplate":"https:\/\/kanakydesign.com\/?s={search_term_string}"},"query-input":{"@type":"PropertyValueSpecification","valueRequired":true,"valueName":"search_term_string"}}],"inLanguage":"fr-FR"},{"@type":"Organization","@id":"https:\/\/kanakydesign.com\/#organization","name":"KanakyDesign Enclosures","alternateName":"KanakyDesign","url":"https:\/\/kanakydesign.com\/","logo":{"@type":"ImageObject","inLanguage":"fr-FR","@id":"https:\/\/kanakydesign.com\/#\/schema\/logo\/image\/","url":"https:\/\/kanakydesign.com\/wp-content\/uploads\/2023\/06\/Logo-KanakyDesign-circular-negro-1.png","contentUrl":"https:\/\/kanakydesign.com\/wp-content\/uploads\/2023\/06\/Logo-KanakyDesign-circular-negro-1.png","width":2000,"height":2000,"caption":"KanakyDesign Enclosures"},"image":{"@id":"https:\/\/kanakydesign.com\/#\/schema\/logo\/image\/"}}]}},"_links":{"self":[{"href":"https:\/\/kanakydesign.com\/fr\/wp-json\/wp\/v2\/product\/560","targetHints":{"allow":["GET"]}}],"collection":[{"href":"https:\/\/kanakydesign.com\/fr\/wp-json\/wp\/v2\/product"}],"about":[{"href":"https:\/\/kanakydesign.com\/fr\/wp-json\/wp\/v2\/types\/product"}],"wp:featuredmedia":[{"embeddable":true,"href":"https:\/\/kanakydesign.com\/fr\/wp-json\/wp\/v2\/media\/1096"}],"wp:attachment":[{"href":"https:\/\/kanakydesign.com\/fr\/wp-json\/wp\/v2\/media?parent=560"}],"wp:term":[{"taxonomy":"product_brand","embeddable":true,"href":"https:\/\/kanakydesign.com\/fr\/wp-json\/wp\/v2\/product_brand?post=560"},{"taxonomy":"product_cat","embeddable":true,"href":"https:\/\/kanakydesign.com\/fr\/wp-json\/wp\/v2\/product_cat?post=560"},{"taxonomy":"product_tag","embeddable":true,"href":"https:\/\/kanakydesign.com\/fr\/wp-json\/wp\/v2\/product_tag?post=560"}],"curies":[{"name":"wp","href":"https:\/\/api.w.org\/{rel}","templated":true}]}}