{"id":558,"date":"2023-07-01T09:47:48","date_gmt":"2023-07-01T09:47:48","guid":{"rendered":"https:\/\/kanakydesign.com\/?post_type=product&#038;p=558"},"modified":"2026-02-08T01:00:40","modified_gmt":"2026-02-08T01:00:40","slug":"sellador-pvc","status":"publish","type":"product","link":"https:\/\/kanakydesign.com\/fr\/produit\/sellador-pvc\/","title":{"rendered":"PVC Sealant"},"content":{"rendered":"<p data-start=\"173\" data-end=\"664\">Les <strong data-start=\"176\" data-end=\"228\">Kanaky Design PVC pour terrariums \u00e9tanches<\/strong> est le produit con\u00e7u pour amener votre terrarium en PVC \u00e0 un niveau de s\u00e9curit\u00e9 sup\u00e9rieur : joints \u00e9tanches, raccords scell\u00e9s et meilleur contr\u00f4le de l'humidit\u00e9. Ce produit d'\u00e9tanch\u00e9it\u00e9 <strong data-start=\"391\" data-end=\"408\">colle uniquement le PVC<\/strong> et ne sert pas d'adh\u00e9sif pour d'autres mat\u00e9riaux. Son avantage est pr\u00e9cis\u00e9ment le suivant : il ne \u201ccolle\u201d pas comme une colle classique, mais remplit une fonction d'adh\u00e9sion \u00e0 d'autres mat\u00e9riaux. <strong data-start=\"548\" data-end=\"569\">soudage chimique<\/strong> entre deux pi\u00e8ces de PVC, en les fusionnant pour cr\u00e9er un joint. <strong data-start=\"630\" data-end=\"663\">rigide, solide et durable<\/strong>.<\/p>\n<p data-start=\"666\" data-end=\"916\">Il s'agit donc d'un choix id\u00e9al pour les terrariums Kanaky Design et les projets de terrariums r\u00e9alis\u00e9s avec des panneaux en PVC, en particulier dans les installations tropicales et bioactives o\u00f9 l'\u00e9tanch\u00e9it\u00e9 permet de maintenir un microclimat stable et d'\u00e9viter les fuites.<\/p>\n<h2 data-start=\"918\" data-end=\"945\">Ce qu'il fait et ne fait pas<\/h2>\n<ul data-start=\"946\" data-end=\"1100\">\n<li data-start=\"946\" data-end=\"1013\">\n<p data-start=\"948\" data-end=\"1013\"><strong data-start=\"948\" data-end=\"955\">Oui :<\/strong> soude le PVC au PVC, cr\u00e9ant ainsi une liaison solide et \u00e9tanche.<\/p>\n<\/li>\n<li data-start=\"1014\" data-end=\"1100\">\n<p data-start=\"1016\" data-end=\"1100\"><strong data-start=\"1016\" data-end=\"1023\">Non :<\/strong> n'adh\u00e8re pas au verre, \u00e0 l'acrylique, au silicone, \u00e0 l'aluminium, au bois ou \u00e0 d'autres mat\u00e9riaux.<\/p>\n<\/li>\n<\/ul>\n<p data-start=\"1102\" data-end=\"1252\">Si votre objectif est de sceller un terrarium en PVC, c'est le bon type de produit : sp\u00e9cifique, con\u00e7u pour ce mat\u00e9riau et avec une finition professionnelle.<\/p>\n<h2 data-start=\"1254\" data-end=\"1315\">\u26a0\ufe0f Remarque importante : une fois scell\u00e9, il ne peut \u00eatre d\u00e9mont\u00e9.<\/h2>\n<p data-start=\"1316\" data-end=\"1663\">Ceci est essentiel avant de l'utiliser : lors de la cr\u00e9ation d'un <strong data-start=\"1360\" data-end=\"1380\">soudure rigide<\/strong>, le terrarium <strong data-start=\"1394\" data-end=\"1427\">ne peut \u00eatre d\u00e9mont\u00e9 \u00e0 nouveau<\/strong> sans endommager la structure. Si vous essayez de s\u00e9parer les panneaux par la suite, vous risquez de <strong data-start=\"1513\" data-end=\"1535\">rompre les liens<\/strong> ou des pi\u00e8ces d\u00e9form\u00e9es.<br data-start=\"1554\" data-end=\"1557\" \/>Par cons\u00e9quent, si vous voulez sceller le terrarium, vous devez partir du principe qu'il restera en place. <strong data-start=\"1631\" data-end=\"1662\">mont\u00e9 de fa\u00e7on permanente<\/strong>.<\/p>\n<h2 data-start=\"1665\" data-end=\"1707\">\ud83d\udee0\ufe0f Mode d'emploi (recommand\u00e9)<\/h2>\n<p data-start=\"1708\" data-end=\"1742\">Pour un r\u00e9sultat propre et s\u00fbr :<\/p>\n<ol data-start=\"1744\" data-end=\"2258\">\n<li data-start=\"1744\" data-end=\"1908\">\n<p data-start=\"1747\" data-end=\"1908\"><strong data-start=\"1747\" data-end=\"1784\">La demande doit toujours \u00eatre faite horizontalement :<\/strong> tourner le terrarium pour travailler chaque joint en position horizontale (cela permet de contr\u00f4ler le bourrelet et d'\u00e9viter qu'il ne s'\u00e9goutte).<\/p>\n<\/li>\n<li data-start=\"1909\" data-end=\"2027\">\n<p data-start=\"1912\" data-end=\"1944\"><strong data-start=\"1912\" data-end=\"1942\">Respecter les temps de s\u00e9chage :<\/strong><\/p>\n<ul data-start=\"1948\" data-end=\"2027\">\n<li data-start=\"1948\" data-end=\"1988\">\n<p data-start=\"1950\" data-end=\"1988\"><strong data-start=\"1950\" data-end=\"1970\">S\u00e8che au toucher :<\/strong> ~<strong data-start=\"1972\" data-end=\"1986\">10 minutes<\/strong><\/p>\n<\/li>\n<li data-start=\"1992\" data-end=\"2027\">\n<p data-start=\"1994\" data-end=\"2027\"><strong data-start=\"1994\" data-end=\"2011\">S\u00e9chage total :<\/strong> ~<strong data-start=\"2013\" data-end=\"2025\">24 heures<\/strong><\/p>\n<\/li>\n<\/ul>\n<\/li>\n<li data-start=\"2028\" data-end=\"2258\">\n<p data-start=\"2031\" data-end=\"2258\"><strong data-start=\"2031\" data-end=\"2073\">Ventilation et s\u00e9curit\u00e9 pour les animaux :<\/strong> nous ne recommandons pas l'introduction d'animaux avant que le <strong data-start=\"2123\" data-end=\"2162\">l'odeur du produit d'\u00e9tanch\u00e9it\u00e9 a disparu<\/strong>, \u00e0 propos de <strong data-start=\"2180\" data-end=\"2195\">48-72 heures<\/strong> (en fonction de la ventilation, de la temp\u00e9rature et de la quantit\u00e9 appliqu\u00e9e).<\/p>\n<\/li>\n<\/ol>\n<p data-start=\"2260\" data-end=\"2403\">\ud83d\udca1 Conseil : apr\u00e8s l'application et avant le durcissement complet, v\u00e9rifier visuellement les joints pour s'assurer qu'il n'y a pas de pores ou de zones non scell\u00e9es.<\/p>\n<p data-start=\"2405\" data-end=\"2505\">\ud83d\udc49 Plus de produits Kanaky Design et d'accessoires pour votre terrarium sur <strong data-start=\"2469\" data-end=\"2504\"><a class=\"decorated-link\" href=\"https:\/\/kanakydesign.com\/fr\/categoria\/accesorios\/complementos\/\" target=\"_new\" rel=\"noopener\" data-start=\"2471\" data-end=\"2502\">https:\/\/www.kanakydesign.com\/<\/a><\/strong>.<\/p>","protected":false},"excerpt":{"rendered":"<p>Le mastic PVC pour rendre votre terrarium Kanaky Design \u00e9tanche. Il ne colle que le PVC, il fait une soudure entre les deux pi\u00e8ces, il ne colle pas d'autres types de mat\u00e9riaux.<\/p>\n<p>Mode d'emploi : toujours appliquer horizontalement, en tournant le terrarium et en respectant les temps de s\u00e9chage. S\u00e9chage au toucher 10 minutes, s\u00e9chage total 24h.<\/p>\n<p>Il est d\u00e9conseill\u00e9 d'introduire des animaux dans le terrarium avant que l'odeur du produit d'\u00e9tanch\u00e9it\u00e9 ait disparu (environ 48\/72h).<\/p>","protected":false},"featured_media":1068,"template":"","meta":[],"product_brand":[],"product_cat":[23,28],"product_tag":[548,553,551,544,550,547,543,542,552,546,545,549],"class_list":{"0":"post-558","1":"product","2":"type-product","3":"status-publish","4":"has-post-thumbnail","6":"product_cat-accesorios","7":"product_cat-complementos","8":"product_tag-adhesivo-pvc-pvc","9":"product_tag-construccion-terrarios-pvc","10":"product_tag-montaje-terrario-pvc","11":"product_tag-pegamento-pvc-terrario","12":"product_tag-reparacion-terrario-pvc","13":"product_tag-sellado-juntas-pvc","14":"product_tag-sellador-pvc-kanaky-design","15":"product_tag-sellador-pvc-terrario","16":"product_tag-sellador-rigido-pvc","17":"product_tag-sellar-terrario-estanco","18":"product_tag-soldadura-pvc","19":"product_tag-terrario-de-pvc-estanco","20":"product_shipping_class-accesorios","22":"first","23":"instock","24":"taxable","25":"shipping-taxable","26":"purchasable","27":"product-type-simple"},"yoast_head":"<!-- This site is optimized with the Yoast SEO plugin v27.4 - https:\/\/yoast.com\/product\/yoast-seo-wordpress\/ -->\n<title>Sellador PVC | KanakyDesign Enclosures<\/title>\n<meta name=\"description\" content=\"Sellador PVC terrario Kanaky Design: suelda PVC con PVC para dejar el terrario estanco. Secado 24h. Tras sellar no se puede desmontar sin da\u00f1ar.\" \/>\n<meta name=\"robots\" content=\"index, follow, max-snippet:-1, max-image-preview:large, max-video-preview:-1\" \/>\n<link rel=\"canonical\" href=\"https:\/\/kanakydesign.com\/fr\/produit\/sellador-pvc\/\" \/>\n<meta property=\"og:locale\" content=\"fr_FR\" \/>\n<meta property=\"og:type\" content=\"article\" \/>\n<meta property=\"og:title\" content=\"Sellador PVC | KanakyDesign Enclosures\" \/>\n<meta property=\"og:description\" content=\"Sellador PVC terrario Kanaky Design: suelda PVC con PVC para dejar el terrario estanco. Secado 24h. Tras sellar no se puede desmontar sin da\u00f1ar.\" \/>\n<meta property=\"og:url\" content=\"https:\/\/kanakydesign.com\/fr\/produit\/sellador-pvc\/\" \/>\n<meta property=\"og:site_name\" content=\"KanakyDesign Enclosures\" \/>\n<meta property=\"article:modified_time\" content=\"2026-02-08T01:00:40+00:00\" \/>\n<meta property=\"og:image\" content=\"https:\/\/kanakydesign.com\/wp-content\/uploads\/2023\/09\/DSC2779-2-scaled.jpg\" \/>\n\t<meta property=\"og:image:width\" content=\"2560\" \/>\n\t<meta property=\"og:image:height\" content=\"2560\" \/>\n\t<meta property=\"og:image:type\" content=\"image\/jpeg\" \/>\n<meta name=\"twitter:card\" content=\"summary_large_image\" \/>\n<meta name=\"twitter:label1\" content=\"Dur\u00e9e de lecture estim\u00e9e\" \/>\n\t<meta name=\"twitter:data1\" content=\"2 minutes\" \/>\n<script type=\"application\/ld+json\" class=\"yoast-schema-graph\">{\"@context\":\"https:\\\/\\\/schema.org\",\"@graph\":[{\"@type\":\"WebPage\",\"@id\":\"https:\\\/\\\/kanakydesign.com\\\/producto\\\/sellador-pvc\\\/\",\"url\":\"https:\\\/\\\/kanakydesign.com\\\/producto\\\/sellador-pvc\\\/\",\"name\":\"Sellador PVC | KanakyDesign Enclosures\",\"isPartOf\":{\"@id\":\"https:\\\/\\\/kanakydesign.com\\\/#website\"},\"primaryImageOfPage\":{\"@id\":\"https:\\\/\\\/kanakydesign.com\\\/producto\\\/sellador-pvc\\\/#primaryimage\"},\"image\":{\"@id\":\"https:\\\/\\\/kanakydesign.com\\\/producto\\\/sellador-pvc\\\/#primaryimage\"},\"thumbnailUrl\":\"https:\\\/\\\/kanakydesign.com\\\/wp-content\\\/uploads\\\/2023\\\/09\\\/DSC2779-2-scaled.jpg\",\"datePublished\":\"2023-07-01T09:47:48+00:00\",\"dateModified\":\"2026-02-08T01:00:40+00:00\",\"description\":\"Sellador PVC terrario Kanaky Design: suelda PVC con PVC para dejar el terrario estanco. Secado 24h. Tras sellar no se puede desmontar sin da\u00f1ar.\",\"breadcrumb\":{\"@id\":\"https:\\\/\\\/kanakydesign.com\\\/producto\\\/sellador-pvc\\\/#breadcrumb\"},\"inLanguage\":\"fr-FR\",\"potentialAction\":[{\"@type\":\"ReadAction\",\"target\":[\"https:\\\/\\\/kanakydesign.com\\\/producto\\\/sellador-pvc\\\/\"]}]},{\"@type\":\"ImageObject\",\"inLanguage\":\"fr-FR\",\"@id\":\"https:\\\/\\\/kanakydesign.com\\\/producto\\\/sellador-pvc\\\/#primaryimage\",\"url\":\"https:\\\/\\\/kanakydesign.com\\\/wp-content\\\/uploads\\\/2023\\\/09\\\/DSC2779-2-scaled.jpg\",\"contentUrl\":\"https:\\\/\\\/kanakydesign.com\\\/wp-content\\\/uploads\\\/2023\\\/09\\\/DSC2779-2-scaled.jpg\",\"width\":2560,\"height\":2560},{\"@type\":\"BreadcrumbList\",\"@id\":\"https:\\\/\\\/kanakydesign.com\\\/producto\\\/sellador-pvc\\\/#breadcrumb\",\"itemListElement\":[{\"@type\":\"ListItem\",\"position\":1,\"name\":\"Portada\",\"item\":\"https:\\\/\\\/kanakydesign.com\\\/\"},{\"@type\":\"ListItem\",\"position\":2,\"name\":\"Tienda\",\"item\":\"https:\\\/\\\/kanakydesign.com\\\/tienda\\\/\"},{\"@type\":\"ListItem\",\"position\":3,\"name\":\"Sellador PVC\"}]},{\"@type\":\"WebSite\",\"@id\":\"https:\\\/\\\/kanakydesign.com\\\/#website\",\"url\":\"https:\\\/\\\/kanakydesign.com\\\/\",\"name\":\"KanakyDesign Enclosures\",\"description\":\"Become a professional keeper\",\"publisher\":{\"@id\":\"https:\\\/\\\/kanakydesign.com\\\/#organization\"},\"alternateName\":\"KanakyDesign\",\"potentialAction\":[{\"@type\":\"SearchAction\",\"target\":{\"@type\":\"EntryPoint\",\"urlTemplate\":\"https:\\\/\\\/kanakydesign.com\\\/?s={search_term_string}\"},\"query-input\":{\"@type\":\"PropertyValueSpecification\",\"valueRequired\":true,\"valueName\":\"search_term_string\"}}],\"inLanguage\":\"fr-FR\"},{\"@type\":\"Organization\",\"@id\":\"https:\\\/\\\/kanakydesign.com\\\/#organization\",\"name\":\"KanakyDesign Enclosures\",\"alternateName\":\"KanakyDesign\",\"url\":\"https:\\\/\\\/kanakydesign.com\\\/\",\"logo\":{\"@type\":\"ImageObject\",\"inLanguage\":\"fr-FR\",\"@id\":\"https:\\\/\\\/kanakydesign.com\\\/#\\\/schema\\\/logo\\\/image\\\/\",\"url\":\"https:\\\/\\\/kanakydesign.com\\\/wp-content\\\/uploads\\\/2023\\\/06\\\/Logo-KanakyDesign-circular-negro-1.png\",\"contentUrl\":\"https:\\\/\\\/kanakydesign.com\\\/wp-content\\\/uploads\\\/2023\\\/06\\\/Logo-KanakyDesign-circular-negro-1.png\",\"width\":2000,\"height\":2000,\"caption\":\"KanakyDesign Enclosures\"},\"image\":{\"@id\":\"https:\\\/\\\/kanakydesign.com\\\/#\\\/schema\\\/logo\\\/image\\\/\"}}]}<\/script>\n<!-- \/ Yoast SEO plugin. -->","yoast_head_json":{"title":"PVC Sealant : KanakyDesign Enclosures","description":"Kanaky Design PVC terrarium sealant : soude le PVC au PVC pour rendre le terrarium \u00e9tanche. S\u00e8che pendant 24 heures. Apr\u00e8s le scellement, il est impossible de l'enlever sans l'endommager.","robots":{"index":"index","follow":"follow","max-snippet":"max-snippet:-1","max-image-preview":"max-image-preview:large","max-video-preview":"max-video-preview:-1"},"canonical":"https:\/\/kanakydesign.com\/fr\/produit\/sellador-pvc\/","og_locale":"fr_FR","og_type":"article","og_title":"Sellador PVC | KanakyDesign Enclosures","og_description":"Sellador PVC terrario Kanaky Design: suelda PVC con PVC para dejar el terrario estanco. Secado 24h. Tras sellar no se puede desmontar sin da\u00f1ar.","og_url":"https:\/\/kanakydesign.com\/fr\/produit\/sellador-pvc\/","og_site_name":"KanakyDesign Enclosures","article_modified_time":"2026-02-08T01:00:40+00:00","og_image":[{"width":2560,"height":2560,"url":"https:\/\/kanakydesign.com\/wp-content\/uploads\/2023\/09\/DSC2779-2-scaled.jpg","type":"image\/jpeg"}],"twitter_card":"summary_large_image","twitter_misc":{"Dur\u00e9e de lecture estim\u00e9e":"2 minutes"},"schema":{"@context":"https:\/\/schema.org","@graph":[{"@type":"WebPage","@id":"https:\/\/kanakydesign.com\/producto\/sellador-pvc\/","url":"https:\/\/kanakydesign.com\/producto\/sellador-pvc\/","name":"PVC Sealant : KanakyDesign Enclosures","isPartOf":{"@id":"https:\/\/kanakydesign.com\/#website"},"primaryImageOfPage":{"@id":"https:\/\/kanakydesign.com\/producto\/sellador-pvc\/#primaryimage"},"image":{"@id":"https:\/\/kanakydesign.com\/producto\/sellador-pvc\/#primaryimage"},"thumbnailUrl":"https:\/\/kanakydesign.com\/wp-content\/uploads\/2023\/09\/DSC2779-2-scaled.jpg","datePublished":"2023-07-01T09:47:48+00:00","dateModified":"2026-02-08T01:00:40+00:00","description":"Kanaky Design PVC terrarium sealant : soude le PVC au PVC pour rendre le terrarium \u00e9tanche. S\u00e8che pendant 24 heures. Apr\u00e8s le scellement, il est impossible de l'enlever sans l'endommager.","breadcrumb":{"@id":"https:\/\/kanakydesign.com\/producto\/sellador-pvc\/#breadcrumb"},"inLanguage":"fr-FR","potentialAction":[{"@type":"ReadAction","target":["https:\/\/kanakydesign.com\/producto\/sellador-pvc\/"]}]},{"@type":"ImageObject","inLanguage":"fr-FR","@id":"https:\/\/kanakydesign.com\/producto\/sellador-pvc\/#primaryimage","url":"https:\/\/kanakydesign.com\/wp-content\/uploads\/2023\/09\/DSC2779-2-scaled.jpg","contentUrl":"https:\/\/kanakydesign.com\/wp-content\/uploads\/2023\/09\/DSC2779-2-scaled.jpg","width":2560,"height":2560},{"@type":"BreadcrumbList","@id":"https:\/\/kanakydesign.com\/producto\/sellador-pvc\/#breadcrumb","itemListElement":[{"@type":"ListItem","position":1,"name":"Portada","item":"https:\/\/kanakydesign.com\/"},{"@type":"ListItem","position":2,"name":"Tienda","item":"https:\/\/kanakydesign.com\/tienda\/"},{"@type":"ListItem","position":3,"name":"Sellador PVC"}]},{"@type":"WebSite","@id":"https:\/\/kanakydesign.com\/#website","url":"https:\/\/kanakydesign.com\/","name":"KanakyDesign Enclosures","description":"Become a professional keeper","publisher":{"@id":"https:\/\/kanakydesign.com\/#organization"},"alternateName":"KanakyDesign","potentialAction":[{"@type":"SearchAction","target":{"@type":"EntryPoint","urlTemplate":"https:\/\/kanakydesign.com\/?s={search_term_string}"},"query-input":{"@type":"PropertyValueSpecification","valueRequired":true,"valueName":"search_term_string"}}],"inLanguage":"fr-FR"},{"@type":"Organization","@id":"https:\/\/kanakydesign.com\/#organization","name":"KanakyDesign Enclosures","alternateName":"KanakyDesign","url":"https:\/\/kanakydesign.com\/","logo":{"@type":"ImageObject","inLanguage":"fr-FR","@id":"https:\/\/kanakydesign.com\/#\/schema\/logo\/image\/","url":"https:\/\/kanakydesign.com\/wp-content\/uploads\/2023\/06\/Logo-KanakyDesign-circular-negro-1.png","contentUrl":"https:\/\/kanakydesign.com\/wp-content\/uploads\/2023\/06\/Logo-KanakyDesign-circular-negro-1.png","width":2000,"height":2000,"caption":"KanakyDesign Enclosures"},"image":{"@id":"https:\/\/kanakydesign.com\/#\/schema\/logo\/image\/"}}]}},"_links":{"self":[{"href":"https:\/\/kanakydesign.com\/fr\/wp-json\/wp\/v2\/product\/558","targetHints":{"allow":["GET"]}}],"collection":[{"href":"https:\/\/kanakydesign.com\/fr\/wp-json\/wp\/v2\/product"}],"about":[{"href":"https:\/\/kanakydesign.com\/fr\/wp-json\/wp\/v2\/types\/product"}],"wp:featuredmedia":[{"embeddable":true,"href":"https:\/\/kanakydesign.com\/fr\/wp-json\/wp\/v2\/media\/1068"}],"wp:attachment":[{"href":"https:\/\/kanakydesign.com\/fr\/wp-json\/wp\/v2\/media?parent=558"}],"wp:term":[{"taxonomy":"product_brand","embeddable":true,"href":"https:\/\/kanakydesign.com\/fr\/wp-json\/wp\/v2\/product_brand?post=558"},{"taxonomy":"product_cat","embeddable":true,"href":"https:\/\/kanakydesign.com\/fr\/wp-json\/wp\/v2\/product_cat?post=558"},{"taxonomy":"product_tag","embeddable":true,"href":"https:\/\/kanakydesign.com\/fr\/wp-json\/wp\/v2\/product_tag?post=558"}],"curies":[{"name":"wp","href":"https:\/\/api.w.org\/{rel}","templated":true}]}}