{"id":554,"date":"2023-07-01T09:46:59","date_gmt":"2023-07-01T09:46:59","guid":{"rendered":"https:\/\/kanakydesign.com\/?post_type=product&#038;p=554"},"modified":"2026-02-08T00:39:17","modified_gmt":"2026-02-08T00:39:17","slug":"percha-bambu","status":"publish","type":"product","link":"https:\/\/kanakydesign.com\/fr\/produit\/percha-bambu\/","title":{"rendered":"Cintre en bambou"},"content":{"rendered":"<p data-start=\"185\" data-end=\"731\">Les <strong data-start=\"188\" data-end=\"241\">tube en bambou naturel pour serpents arboricoles<\/strong> est un accessoire id\u00e9al pour cr\u00e9er <strong data-start=\"275\" data-end=\"324\">les auberges, les abris et les structures de repos<\/strong> dans des terrariums verticaux ou semi-verticaux. Il est sp\u00e9cialement con\u00e7u pour les esp\u00e8ces telles que <strong data-start=\"414\" data-end=\"450\">Corallus caninus (boa \u00e9meraude)<\/strong> y <strong data-start=\"453\" data-end=\"497\">Morelia viridis (python vert)<\/strong>, Ils passent une grande partie de leur temps en hauteur et appr\u00e9cient les supports stables avec un diam\u00e8tre naturel et une bonne prise. Le bambou donne un aspect tr\u00e8s r\u00e9aliste au terrarium et contribue \u00e0 cr\u00e9er un environnement plus enrichi, semblable \u00e0 un habitat.<\/p>\n<p data-start=\"733\" data-end=\"1086\">Outre sa fonction esth\u00e9tique, un bon perchoir a une influence directe sur le bien-\u00eatre : il permet \u00e0 l'animal d'adopter des postures naturelles pour se reposer, se thermor\u00e9guler et explorer. Avec un <strong data-start=\"919\" data-end=\"950\">tube de terrarium en bambou<\/strong>, En cr\u00e9ant des voies de circulation entre les branches, les plates-formes et les zones de soleil ou de chaleur, vous pouvez am\u00e9liorer l'utilisation de l'espace et r\u00e9duire le stress.<\/p>\n<h2 data-start=\"1088\" data-end=\"1138\">\u2705 Bambou naturel : aspect r\u00e9aliste et bonne prise en main<\/h2>\n<p data-start=\"1139\" data-end=\"1311\">Le bambou a une texture adh\u00e9rente et une finition organique qui convient parfaitement aux terrariums bioactifs ou aux installations tropicales. C'est un choix populaire pour :<\/p>\n<ul data-start=\"1312\" data-end=\"1571\">\n<li data-start=\"1312\" data-end=\"1372\">\n<p data-start=\"1314\" data-end=\"1372\">se perche principalement dans le tiers sup\u00e9rieur du terrarium<\/p>\n<\/li>\n<li data-start=\"1373\" data-end=\"1412\">\n<p data-start=\"1375\" data-end=\"1412\">ponts entre les d\u00e9corations ou les vignes<\/p>\n<\/li>\n<li data-start=\"1413\" data-end=\"1495\">\n<p data-start=\"1415\" data-end=\"1495\">abris sur\u00e9lev\u00e9s lorsqu'ils sont combin\u00e9s avec des feuilles ou des plantes artificielles\/naturelles<\/p>\n<\/li>\n<li data-start=\"1496\" data-end=\"1571\">\n<p data-start=\"1498\" data-end=\"1571\">les structures de repos pour les esp\u00e8ces \u201csuspendues\u201d ou enroul\u00e9es<\/p>\n<\/li>\n<\/ul>\n<h2 data-start=\"1573\" data-end=\"1628\">\ud83d\udccf Coupe \u00e0 la taille : choisissez la longueur dont vous avez besoin<\/h2>\n<p data-start=\"1629\" data-end=\"1743\">Pour s'adapter aux diff\u00e9rentes tailles de terrariums, cette <strong data-start=\"1683\" data-end=\"1708\">tube en bambou naturel<\/strong> est coup\u00e9 en diff\u00e9rentes longueurs :<\/p>\n<ul data-start=\"1745\" data-end=\"1814\">\n<li data-start=\"1745\" data-end=\"1758\">\n<p data-start=\"1747\" data-end=\"1758\"><strong data-start=\"1747\" data-end=\"1756\">50 cm<\/strong><\/p>\n<\/li>\n<li data-start=\"1759\" data-end=\"1772\">\n<p data-start=\"1761\" data-end=\"1772\"><strong data-start=\"1761\" data-end=\"1770\">60 cm<\/strong><\/p>\n<\/li>\n<li data-start=\"1773\" data-end=\"1786\">\n<p data-start=\"1775\" data-end=\"1786\"><strong data-start=\"1775\" data-end=\"1784\">80 cm<\/strong><\/p>\n<\/li>\n<li data-start=\"1787\" data-end=\"1801\">\n<p data-start=\"1789\" data-end=\"1801\"><strong data-start=\"1789\" data-end=\"1799\">100 cm<\/strong><\/p>\n<\/li>\n<li data-start=\"1802\" data-end=\"1814\">\n<p data-start=\"1804\" data-end=\"1814\"><strong data-start=\"1804\" data-end=\"1814\">120 cm<\/strong><\/p>\n<\/li>\n<\/ul>\n<p data-start=\"1816\" data-end=\"2107\">Vous pouvez ainsi choisir la taille exacte en fonction de la largeur du terrarium ou de la conception du perchoir (droit, en diagonale, en forme de pont, etc.). Pour les esp\u00e8ces telles que <em data-start=\"1969\" data-end=\"1986\">Morelia viridis<\/em> o <em data-start=\"1989\" data-end=\"2007\">Corallus caninus<\/em>, La longueur du perchoir peut \u00eatre ajust\u00e9e pour garantir que le perchoir est ferme et ne bouge pas sous le poids de l'animal.<\/p>\n<h2 data-start=\"2109\" data-end=\"2142\">\ud83d\udee0\ufe0f Id\u00e9es d'installation et d'utilisation<\/h2>\n<ul data-start=\"2143\" data-end=\"2414\">\n<li data-start=\"2143\" data-end=\"2223\">\n<p data-start=\"2145\" data-end=\"2223\">Le placer dans <strong data-start=\"2157\" data-end=\"2167\">hauteur<\/strong> afin que l'animal dispose d'un point de repos s\u00fbr.<\/p>\n<\/li>\n<li data-start=\"2224\" data-end=\"2299\">\n<p data-start=\"2226\" data-end=\"2299\">Combinez-la avec d'autres branches\/lianes pour cr\u00e9er des itin\u00e9raires et des hauteurs diff\u00e9rentes.<\/p>\n<\/li>\n<li data-start=\"2300\" data-end=\"2414\">\n<p data-start=\"2302\" data-end=\"2414\">Fixez-le avec des supports appropri\u00e9s pour \u00e9viter qu'il ne tourne ou ne tombe (particuli\u00e8rement important pour les sp\u00e9cimens adultes).<\/p>\n<\/li>\n<\/ul>\n<p data-start=\"2416\" data-end=\"2511\">\ud83d\udc49 Trouvez d'autres accessoires et d\u00e9corations pour terrariums sur <strong data-start=\"2475\" data-end=\"2510\"><a class=\"decorated-link\" href=\"https:\/\/kanakydesign.com\/fr\/categoria\/accesorios\/complementos\/\" target=\"_new\" rel=\"noopener\" data-start=\"2477\" data-end=\"2508\">https:\/\/www.kanakydesign.com\/<\/a><\/strong>.<\/p>","protected":false},"excerpt":{"rendered":"<p>Tube en bambou naturel sp\u00e9cialement con\u00e7u pour les esp\u00e8ces de serpents arboricoles telles que <em>Corallus caninus<\/em> o <em>Morelia viridis<\/em>.<\/p>","protected":false},"featured_media":1092,"template":"","meta":[],"product_brand":[],"product_cat":[23,28],"product_tag":[496,501,490,498,497,495,493,492,499,491,494,500,489],"class_list":{"0":"post-554","1":"product","2":"type-product","3":"status-publish","4":"has-post-thumbnail","6":"product_cat-accesorios","7":"product_cat-complementos","8":"product_tag-accesorio-terrario-arboricola","9":"product_tag-bambu-cortado-a-medida","10":"product_tag-bambu-natural-terrario","11":"product_tag-bambu-para-boa-esmeralda","12":"product_tag-bambu-para-piton-verde","13":"product_tag-decoracion-terrario-tropical","14":"product_tag-percha-corallus-caninus","15":"product_tag-percha-morelia-viridis","16":"product_tag-posadero-natural-terrario","17":"product_tag-posadero-serpientes-arboricolas","18":"product_tag-rama-bambu-terrario","19":"product_tag-rama-natural-para-terrario","20":"product_tag-tubo-de-bambu-terrario","22":"first","23":"instock","24":"taxable","25":"shipping-taxable","26":"purchasable","27":"product-type-variable"},"yoast_head":"<!-- This site is optimized with the Yoast SEO plugin v27.4 - https:\/\/yoast.com\/product\/yoast-seo-wordpress\/ -->\n<title>Percha Bamb\u00fa | KanakyDesign Enclosures<\/title>\n<meta name=\"description\" content=\"Tubo de bamb\u00fa terrario natural para serpientes arbor\u00edcolas (Corallus caninus, Morelia viridis). Cortado a medida: 50, 60, 80, 100 y 120 cm.\" \/>\n<meta name=\"robots\" content=\"index, follow, max-snippet:-1, max-image-preview:large, max-video-preview:-1\" \/>\n<link rel=\"canonical\" href=\"https:\/\/kanakydesign.com\/fr\/produit\/percha-bambu\/\" \/>\n<meta property=\"og:locale\" content=\"fr_FR\" \/>\n<meta property=\"og:type\" content=\"article\" \/>\n<meta property=\"og:title\" content=\"Percha Bamb\u00fa | KanakyDesign Enclosures\" \/>\n<meta property=\"og:description\" content=\"Tubo de bamb\u00fa terrario natural para serpientes arbor\u00edcolas (Corallus caninus, Morelia viridis). Cortado a medida: 50, 60, 80, 100 y 120 cm.\" \/>\n<meta property=\"og:url\" content=\"https:\/\/kanakydesign.com\/fr\/produit\/percha-bambu\/\" \/>\n<meta property=\"og:site_name\" content=\"KanakyDesign Enclosures\" \/>\n<meta property=\"article:modified_time\" content=\"2026-02-08T00:39:17+00:00\" \/>\n<meta property=\"og:image\" content=\"https:\/\/kanakydesign.com\/wp-content\/uploads\/2023\/09\/DSC2824-scaled.jpg\" \/>\n\t<meta property=\"og:image:width\" content=\"2560\" \/>\n\t<meta property=\"og:image:height\" content=\"2560\" \/>\n\t<meta property=\"og:image:type\" content=\"image\/jpeg\" \/>\n<meta name=\"twitter:card\" content=\"summary_large_image\" \/>\n<meta name=\"twitter:label1\" content=\"Dur\u00e9e de lecture estim\u00e9e\" \/>\n\t<meta name=\"twitter:data1\" content=\"2 minutes\" \/>\n<script type=\"application\/ld+json\" class=\"yoast-schema-graph\">{\"@context\":\"https:\\\/\\\/schema.org\",\"@graph\":[{\"@type\":\"WebPage\",\"@id\":\"https:\\\/\\\/kanakydesign.com\\\/producto\\\/percha-bambu\\\/\",\"url\":\"https:\\\/\\\/kanakydesign.com\\\/producto\\\/percha-bambu\\\/\",\"name\":\"Percha Bamb\u00fa | KanakyDesign Enclosures\",\"isPartOf\":{\"@id\":\"https:\\\/\\\/kanakydesign.com\\\/#website\"},\"primaryImageOfPage\":{\"@id\":\"https:\\\/\\\/kanakydesign.com\\\/producto\\\/percha-bambu\\\/#primaryimage\"},\"image\":{\"@id\":\"https:\\\/\\\/kanakydesign.com\\\/producto\\\/percha-bambu\\\/#primaryimage\"},\"thumbnailUrl\":\"https:\\\/\\\/kanakydesign.com\\\/wp-content\\\/uploads\\\/2023\\\/09\\\/DSC2824-scaled.jpg\",\"datePublished\":\"2023-07-01T09:46:59+00:00\",\"dateModified\":\"2026-02-08T00:39:17+00:00\",\"description\":\"Tubo de bamb\u00fa terrario natural para serpientes arbor\u00edcolas (Corallus caninus, Morelia viridis). Cortado a medida: 50, 60, 80, 100 y 120 cm.\",\"breadcrumb\":{\"@id\":\"https:\\\/\\\/kanakydesign.com\\\/producto\\\/percha-bambu\\\/#breadcrumb\"},\"inLanguage\":\"fr-FR\",\"potentialAction\":[{\"@type\":\"ReadAction\",\"target\":[\"https:\\\/\\\/kanakydesign.com\\\/producto\\\/percha-bambu\\\/\"]}]},{\"@type\":\"ImageObject\",\"inLanguage\":\"fr-FR\",\"@id\":\"https:\\\/\\\/kanakydesign.com\\\/producto\\\/percha-bambu\\\/#primaryimage\",\"url\":\"https:\\\/\\\/kanakydesign.com\\\/wp-content\\\/uploads\\\/2023\\\/09\\\/DSC2824-scaled.jpg\",\"contentUrl\":\"https:\\\/\\\/kanakydesign.com\\\/wp-content\\\/uploads\\\/2023\\\/09\\\/DSC2824-scaled.jpg\",\"width\":2560,\"height\":2560},{\"@type\":\"BreadcrumbList\",\"@id\":\"https:\\\/\\\/kanakydesign.com\\\/producto\\\/percha-bambu\\\/#breadcrumb\",\"itemListElement\":[{\"@type\":\"ListItem\",\"position\":1,\"name\":\"Portada\",\"item\":\"https:\\\/\\\/kanakydesign.com\\\/\"},{\"@type\":\"ListItem\",\"position\":2,\"name\":\"Tienda\",\"item\":\"https:\\\/\\\/kanakydesign.com\\\/tienda\\\/\"},{\"@type\":\"ListItem\",\"position\":3,\"name\":\"Percha Bamb\u00fa\"}]},{\"@type\":\"WebSite\",\"@id\":\"https:\\\/\\\/kanakydesign.com\\\/#website\",\"url\":\"https:\\\/\\\/kanakydesign.com\\\/\",\"name\":\"KanakyDesign Enclosures\",\"description\":\"Become a professional keeper\",\"publisher\":{\"@id\":\"https:\\\/\\\/kanakydesign.com\\\/#organization\"},\"alternateName\":\"KanakyDesign\",\"potentialAction\":[{\"@type\":\"SearchAction\",\"target\":{\"@type\":\"EntryPoint\",\"urlTemplate\":\"https:\\\/\\\/kanakydesign.com\\\/?s={search_term_string}\"},\"query-input\":{\"@type\":\"PropertyValueSpecification\",\"valueRequired\":true,\"valueName\":\"search_term_string\"}}],\"inLanguage\":\"fr-FR\"},{\"@type\":\"Organization\",\"@id\":\"https:\\\/\\\/kanakydesign.com\\\/#organization\",\"name\":\"KanakyDesign Enclosures\",\"alternateName\":\"KanakyDesign\",\"url\":\"https:\\\/\\\/kanakydesign.com\\\/\",\"logo\":{\"@type\":\"ImageObject\",\"inLanguage\":\"fr-FR\",\"@id\":\"https:\\\/\\\/kanakydesign.com\\\/#\\\/schema\\\/logo\\\/image\\\/\",\"url\":\"https:\\\/\\\/kanakydesign.com\\\/wp-content\\\/uploads\\\/2023\\\/06\\\/Logo-KanakyDesign-circular-negro-1.png\",\"contentUrl\":\"https:\\\/\\\/kanakydesign.com\\\/wp-content\\\/uploads\\\/2023\\\/06\\\/Logo-KanakyDesign-circular-negro-1.png\",\"width\":2000,\"height\":2000,\"caption\":\"KanakyDesign Enclosures\"},\"image\":{\"@id\":\"https:\\\/\\\/kanakydesign.com\\\/#\\\/schema\\\/logo\\\/image\\\/\"}}]}<\/script>\n<!-- \/ Yoast SEO plugin. -->","yoast_head_json":{"title":"Cintre en bambou : KanakyDesign Enclosures","description":"Tube en bambou pour terrarium naturel pour serpents arboricoles (Corallus caninus, Morelia viridis). Coup\u00e9 \u00e0 la taille : 50, 60, 80, 100 et 120 cm.","robots":{"index":"index","follow":"follow","max-snippet":"max-snippet:-1","max-image-preview":"max-image-preview:large","max-video-preview":"max-video-preview:-1"},"canonical":"https:\/\/kanakydesign.com\/fr\/produit\/percha-bambu\/","og_locale":"fr_FR","og_type":"article","og_title":"Percha Bamb\u00fa | KanakyDesign Enclosures","og_description":"Tubo de bamb\u00fa terrario natural para serpientes arbor\u00edcolas (Corallus caninus, Morelia viridis). Cortado a medida: 50, 60, 80, 100 y 120 cm.","og_url":"https:\/\/kanakydesign.com\/fr\/produit\/percha-bambu\/","og_site_name":"KanakyDesign Enclosures","article_modified_time":"2026-02-08T00:39:17+00:00","og_image":[{"width":2560,"height":2560,"url":"https:\/\/kanakydesign.com\/wp-content\/uploads\/2023\/09\/DSC2824-scaled.jpg","type":"image\/jpeg"}],"twitter_card":"summary_large_image","twitter_misc":{"Dur\u00e9e de lecture estim\u00e9e":"2 minutes"},"schema":{"@context":"https:\/\/schema.org","@graph":[{"@type":"WebPage","@id":"https:\/\/kanakydesign.com\/producto\/percha-bambu\/","url":"https:\/\/kanakydesign.com\/producto\/percha-bambu\/","name":"Cintre en bambou : KanakyDesign Enclosures","isPartOf":{"@id":"https:\/\/kanakydesign.com\/#website"},"primaryImageOfPage":{"@id":"https:\/\/kanakydesign.com\/producto\/percha-bambu\/#primaryimage"},"image":{"@id":"https:\/\/kanakydesign.com\/producto\/percha-bambu\/#primaryimage"},"thumbnailUrl":"https:\/\/kanakydesign.com\/wp-content\/uploads\/2023\/09\/DSC2824-scaled.jpg","datePublished":"2023-07-01T09:46:59+00:00","dateModified":"2026-02-08T00:39:17+00:00","description":"Tube en bambou pour terrarium naturel pour serpents arboricoles (Corallus caninus, Morelia viridis). Coup\u00e9 \u00e0 la taille : 50, 60, 80, 100 et 120 cm.","breadcrumb":{"@id":"https:\/\/kanakydesign.com\/producto\/percha-bambu\/#breadcrumb"},"inLanguage":"fr-FR","potentialAction":[{"@type":"ReadAction","target":["https:\/\/kanakydesign.com\/producto\/percha-bambu\/"]}]},{"@type":"ImageObject","inLanguage":"fr-FR","@id":"https:\/\/kanakydesign.com\/producto\/percha-bambu\/#primaryimage","url":"https:\/\/kanakydesign.com\/wp-content\/uploads\/2023\/09\/DSC2824-scaled.jpg","contentUrl":"https:\/\/kanakydesign.com\/wp-content\/uploads\/2023\/09\/DSC2824-scaled.jpg","width":2560,"height":2560},{"@type":"BreadcrumbList","@id":"https:\/\/kanakydesign.com\/producto\/percha-bambu\/#breadcrumb","itemListElement":[{"@type":"ListItem","position":1,"name":"Portada","item":"https:\/\/kanakydesign.com\/"},{"@type":"ListItem","position":2,"name":"Tienda","item":"https:\/\/kanakydesign.com\/tienda\/"},{"@type":"ListItem","position":3,"name":"Percha Bamb\u00fa"}]},{"@type":"WebSite","@id":"https:\/\/kanakydesign.com\/#website","url":"https:\/\/kanakydesign.com\/","name":"KanakyDesign Enclosures","description":"Become a professional keeper","publisher":{"@id":"https:\/\/kanakydesign.com\/#organization"},"alternateName":"KanakyDesign","potentialAction":[{"@type":"SearchAction","target":{"@type":"EntryPoint","urlTemplate":"https:\/\/kanakydesign.com\/?s={search_term_string}"},"query-input":{"@type":"PropertyValueSpecification","valueRequired":true,"valueName":"search_term_string"}}],"inLanguage":"fr-FR"},{"@type":"Organization","@id":"https:\/\/kanakydesign.com\/#organization","name":"KanakyDesign Enclosures","alternateName":"KanakyDesign","url":"https:\/\/kanakydesign.com\/","logo":{"@type":"ImageObject","inLanguage":"fr-FR","@id":"https:\/\/kanakydesign.com\/#\/schema\/logo\/image\/","url":"https:\/\/kanakydesign.com\/wp-content\/uploads\/2023\/06\/Logo-KanakyDesign-circular-negro-1.png","contentUrl":"https:\/\/kanakydesign.com\/wp-content\/uploads\/2023\/06\/Logo-KanakyDesign-circular-negro-1.png","width":2000,"height":2000,"caption":"KanakyDesign Enclosures"},"image":{"@id":"https:\/\/kanakydesign.com\/#\/schema\/logo\/image\/"}}]}},"_links":{"self":[{"href":"https:\/\/kanakydesign.com\/fr\/wp-json\/wp\/v2\/product\/554","targetHints":{"allow":["GET"]}}],"collection":[{"href":"https:\/\/kanakydesign.com\/fr\/wp-json\/wp\/v2\/product"}],"about":[{"href":"https:\/\/kanakydesign.com\/fr\/wp-json\/wp\/v2\/types\/product"}],"wp:featuredmedia":[{"embeddable":true,"href":"https:\/\/kanakydesign.com\/fr\/wp-json\/wp\/v2\/media\/1092"}],"wp:attachment":[{"href":"https:\/\/kanakydesign.com\/fr\/wp-json\/wp\/v2\/media?parent=554"}],"wp:term":[{"taxonomy":"product_brand","embeddable":true,"href":"https:\/\/kanakydesign.com\/fr\/wp-json\/wp\/v2\/product_brand?post=554"},{"taxonomy":"product_cat","embeddable":true,"href":"https:\/\/kanakydesign.com\/fr\/wp-json\/wp\/v2\/product_cat?post=554"},{"taxonomy":"product_tag","embeddable":true,"href":"https:\/\/kanakydesign.com\/fr\/wp-json\/wp\/v2\/product_tag?post=554"}],"curies":[{"name":"wp","href":"https:\/\/api.w.org\/{rel}","templated":true}]}}