{"id":548,"date":"2023-07-01T09:45:34","date_gmt":"2023-07-01T09:45:34","guid":{"rendered":"https:\/\/kanakydesign.com\/?post_type=product&#038;p=548"},"modified":"2026-02-08T00:48:40","modified_gmt":"2026-02-08T00:48:40","slug":"percha-pvc-blanco","status":"publish","type":"product","link":"https:\/\/kanakydesign.com\/fr\/produit\/percha-pvc-blanco\/","title":{"rendered":"Suspension en PVC"},"content":{"rendered":"<p data-start=\"179\" data-end=\"628\">Le <strong data-start=\"182\" data-end=\"227\">Perche en PVC pour serpents arboricoles<\/strong> est une alternative pratique et durable aux branches naturelles lorsque vous cherchez un perchoir. <strong data-start=\"315\" data-end=\"356\">stable, hygi\u00e9nique et facile \u00e0 nettoyer<\/strong>. Il est sp\u00e9cialement con\u00e7u pour les esp\u00e8ces telles que <strong data-start=\"404\" data-end=\"440\">Corallus caninus (boa \u00e9meraude)<\/strong> y <strong data-start=\"443\" data-end=\"487\">Morelia viridis (python vert)<\/strong>, qui passent une grande partie de leur vie en altitude et ont besoin de supports s\u00fbrs pour se reposer, se thermor\u00e9guler et adopter des postures de repos naturelles.<\/p>\n<p data-start=\"630\" data-end=\"995\">Contrairement aux mat\u00e9riaux organiques, le PVC ne se d\u00e9grade pas avec l'humidit\u00e9 du terrarium, ne se fend pas et permet de conserver un perchoir aussi ferme que jamais, m\u00eame dans les installations tropicales ou bioactives avec des pulv\u00e9risations fr\u00e9quentes. C'est une option tr\u00e8s utile si vous voulez un terrarium fonctionnel, facile \u00e0 entretenir et avec des perchoirs que vous pouvez d\u00e9sinfecter et r\u00e9installer rapidement.<\/p>\n<h2 data-start=\"997\" data-end=\"1056\">\u2705 Id\u00e9al pour les oiseaux arboricoles : perchoirs stables et coh\u00e9rents<\/h2>\n<p data-start=\"1057\" data-end=\"1212\">Chez les esp\u00e8ces arboricoles, un perchoir stable est essentiel pour r\u00e9duire le stress et am\u00e9liorer le comportement naturel. Ce perchoir est un \u00e9l\u00e9ment essentiel pour r\u00e9duire le stress et am\u00e9liorer le comportement naturel. <strong data-start=\"1172\" data-end=\"1203\">Suspension pour terrarium en PVC<\/strong> l'aide \u00e0 :<\/p>\n<ul data-start=\"1213\" data-end=\"1471\">\n<li data-start=\"1213\" data-end=\"1263\">\n<p data-start=\"1215\" data-end=\"1263\">cr\u00e9er un point de repos principal en hauteur<\/p>\n<\/li>\n<li data-start=\"1264\" data-end=\"1329\">\n<p data-start=\"1266\" data-end=\"1329\">concevoir des voies de circulation entre les branches, les lianes et les plates-formes<\/p>\n<\/li>\n<li data-start=\"1330\" data-end=\"1389\">\n<p data-start=\"1332\" data-end=\"1389\">maintenir un soutien r\u00e9gulier qui ne change pas au fil du temps<\/p>\n<\/li>\n<li data-start=\"1390\" data-end=\"1471\">\n<p data-start=\"1392\" data-end=\"1471\">pour faciliter l'organisation des terrariums dans les installations d'\u00e9levage ou de maintenance<\/p>\n<\/li>\n<\/ul>\n<h2 data-start=\"1473\" data-end=\"1508\">\ud83e\uddfc Facile \u00e0 nettoyer et \u00e0 r\u00e9utiliser<\/h2>\n<p data-start=\"1509\" data-end=\"1786\">L'un des grands avantages du PVC est l'entretien : vous pouvez facilement retirer le perchoir, le nettoyer et le d\u00e9sinfecter (en respectant les r\u00e8gles de s\u00e9curit\u00e9), puis le remettre en place sans qu'il perde ses propri\u00e9t\u00e9s. Dans les terrariums \u00e0 forte humidit\u00e9, cet avantage est tr\u00e8s appr\u00e9ciable \u00e0 long terme.<\/p>\n<h2 data-start=\"1788\" data-end=\"1811\">\ud83d\udee0\ufe0f Id\u00e9es d'assemblage<\/h2>\n<ul data-start=\"1812\" data-end=\"2089\">\n<li data-start=\"1812\" data-end=\"1882\">\n<p data-start=\"1814\" data-end=\"1882\">Placez-le dans le tiers sup\u00e9rieur du terrarium comme perchoir principal.<\/p>\n<\/li>\n<li data-start=\"1883\" data-end=\"1969\">\n<p data-start=\"1885\" data-end=\"1969\">Combinez-le avec un autre cintre \u00e0 une hauteur diff\u00e9rente pour offrir plus d'options de couchage.<\/p>\n<\/li>\n<li data-start=\"1970\" data-end=\"2089\">\n<p data-start=\"1972\" data-end=\"2089\">S\u00e9curiser la fixation \u00e0 l'aide de supports appropri\u00e9s afin d'\u00e9viter toute torsion ou d\u00e9placement, en particulier pour les sp\u00e9cimens adultes.<\/p>\n<\/li>\n<\/ul>\n<p data-start=\"2091\" data-end=\"2215\">\ud83d\udc49 Trouvez plus d'accessoires et de cintres sur <strong data-start=\"2146\" data-end=\"2181\"><a class=\"decorated-link\" href=\"https:\/\/kanakydesign.com\/fr\/categoria\/accesorios\/complementos\/\" target=\"_new\" rel=\"noopener\" data-start=\"2148\" data-end=\"2179\">https:\/\/www.kanakydesign.com\/<\/a><\/strong> et compl\u00e9ter votre installation arboricole.<\/p>","protected":false},"excerpt":{"rendered":"<p>Tuyau en PVC sp\u00e9cialement con\u00e7u pour les esp\u00e8ces de serpents arboricoles telles que <em>Corallus caninus<\/em> o <em>Morelia viridis<\/em>.<\/p>","protected":false},"featured_media":1095,"template":"","meta":[],"product_brand":[],"product_cat":[23,28],"product_tag":[496,527,493,492,524,523,519,521,526,522,525,520],"class_list":{"0":"post-548","1":"product","2":"type-product","3":"status-publish","4":"has-post-thumbnail","6":"product_cat-accesorios","7":"product_cat-complementos","8":"product_tag-accesorio-terrario-arboricola","9":"product_tag-decoracion-funcional-terrario","10":"product_tag-percha-corallus-caninus","11":"product_tag-percha-morelia-viridis","12":"product_tag-percha-para-boa-esmeralda","13":"product_tag-percha-para-piton-verde","14":"product_tag-percha-pvc-terrario","15":"product_tag-percha-serpientes-arboricolas","16":"product_tag-perchas-para-serpientes","17":"product_tag-posadero-pvc-terrario","18":"product_tag-rama-artificial-pvc-terrario","19":"product_tag-tubo-pvc-terrario","21":"first","22":"instock","23":"taxable","24":"shipping-taxable","25":"purchasable","26":"product-type-variable"},"yoast_head":"<!-- This site is optimized with the Yoast SEO plugin v27.4 - https:\/\/yoast.com\/product\/yoast-seo-wordpress\/ -->\n<title>Percha PVC | KanakyDesign Enclosures<\/title>\n<meta name=\"description\" content=\"Percha PVC terrario para serpientes arbor\u00edcolas (Corallus caninus, Morelia viridis). Posadero estable, duradero y f\u00e1cil de limpiar en terrarios h\u00famedos.\" \/>\n<meta name=\"robots\" content=\"index, follow, max-snippet:-1, max-image-preview:large, max-video-preview:-1\" \/>\n<link rel=\"canonical\" href=\"https:\/\/kanakydesign.com\/fr\/produit\/percha-pvc-blanco\/\" \/>\n<meta property=\"og:locale\" content=\"fr_FR\" \/>\n<meta property=\"og:type\" content=\"article\" \/>\n<meta property=\"og:title\" content=\"Percha PVC | KanakyDesign Enclosures\" \/>\n<meta property=\"og:description\" content=\"Percha PVC terrario para serpientes arbor\u00edcolas (Corallus caninus, Morelia viridis). Posadero estable, duradero y f\u00e1cil de limpiar en terrarios h\u00famedos.\" \/>\n<meta property=\"og:url\" content=\"https:\/\/kanakydesign.com\/fr\/produit\/percha-pvc-blanco\/\" \/>\n<meta property=\"og:site_name\" content=\"KanakyDesign Enclosures\" \/>\n<meta property=\"article:modified_time\" content=\"2026-02-08T00:48:40+00:00\" \/>\n<meta property=\"og:image\" content=\"https:\/\/kanakydesign.com\/wp-content\/uploads\/2023\/09\/DSC2830-scaled.jpg\" \/>\n\t<meta property=\"og:image:width\" content=\"2560\" \/>\n\t<meta property=\"og:image:height\" content=\"2560\" \/>\n\t<meta property=\"og:image:type\" content=\"image\/jpeg\" \/>\n<meta name=\"twitter:card\" content=\"summary_large_image\" \/>\n<meta name=\"twitter:label1\" content=\"Dur\u00e9e de lecture estim\u00e9e\" \/>\n\t<meta name=\"twitter:data1\" content=\"2 minutes\" \/>\n<script type=\"application\/ld+json\" class=\"yoast-schema-graph\">{\"@context\":\"https:\\\/\\\/schema.org\",\"@graph\":[{\"@type\":\"WebPage\",\"@id\":\"https:\\\/\\\/kanakydesign.com\\\/producto\\\/percha-pvc-blanco\\\/\",\"url\":\"https:\\\/\\\/kanakydesign.com\\\/producto\\\/percha-pvc-blanco\\\/\",\"name\":\"Percha PVC | KanakyDesign Enclosures\",\"isPartOf\":{\"@id\":\"https:\\\/\\\/kanakydesign.com\\\/#website\"},\"primaryImageOfPage\":{\"@id\":\"https:\\\/\\\/kanakydesign.com\\\/producto\\\/percha-pvc-blanco\\\/#primaryimage\"},\"image\":{\"@id\":\"https:\\\/\\\/kanakydesign.com\\\/producto\\\/percha-pvc-blanco\\\/#primaryimage\"},\"thumbnailUrl\":\"https:\\\/\\\/kanakydesign.com\\\/wp-content\\\/uploads\\\/2023\\\/09\\\/DSC2830-scaled.jpg\",\"datePublished\":\"2023-07-01T09:45:34+00:00\",\"dateModified\":\"2026-02-08T00:48:40+00:00\",\"description\":\"Percha PVC terrario para serpientes arbor\u00edcolas (Corallus caninus, Morelia viridis). Posadero estable, duradero y f\u00e1cil de limpiar en terrarios h\u00famedos.\",\"breadcrumb\":{\"@id\":\"https:\\\/\\\/kanakydesign.com\\\/producto\\\/percha-pvc-blanco\\\/#breadcrumb\"},\"inLanguage\":\"fr-FR\",\"potentialAction\":[{\"@type\":\"ReadAction\",\"target\":[\"https:\\\/\\\/kanakydesign.com\\\/producto\\\/percha-pvc-blanco\\\/\"]}]},{\"@type\":\"ImageObject\",\"inLanguage\":\"fr-FR\",\"@id\":\"https:\\\/\\\/kanakydesign.com\\\/producto\\\/percha-pvc-blanco\\\/#primaryimage\",\"url\":\"https:\\\/\\\/kanakydesign.com\\\/wp-content\\\/uploads\\\/2023\\\/09\\\/DSC2830-scaled.jpg\",\"contentUrl\":\"https:\\\/\\\/kanakydesign.com\\\/wp-content\\\/uploads\\\/2023\\\/09\\\/DSC2830-scaled.jpg\",\"width\":2560,\"height\":2560},{\"@type\":\"BreadcrumbList\",\"@id\":\"https:\\\/\\\/kanakydesign.com\\\/producto\\\/percha-pvc-blanco\\\/#breadcrumb\",\"itemListElement\":[{\"@type\":\"ListItem\",\"position\":1,\"name\":\"Portada\",\"item\":\"https:\\\/\\\/kanakydesign.com\\\/\"},{\"@type\":\"ListItem\",\"position\":2,\"name\":\"Tienda\",\"item\":\"https:\\\/\\\/kanakydesign.com\\\/tienda\\\/\"},{\"@type\":\"ListItem\",\"position\":3,\"name\":\"Percha PVC\"}]},{\"@type\":\"WebSite\",\"@id\":\"https:\\\/\\\/kanakydesign.com\\\/#website\",\"url\":\"https:\\\/\\\/kanakydesign.com\\\/\",\"name\":\"KanakyDesign Enclosures\",\"description\":\"Become a professional keeper\",\"publisher\":{\"@id\":\"https:\\\/\\\/kanakydesign.com\\\/#organization\"},\"alternateName\":\"KanakyDesign\",\"potentialAction\":[{\"@type\":\"SearchAction\",\"target\":{\"@type\":\"EntryPoint\",\"urlTemplate\":\"https:\\\/\\\/kanakydesign.com\\\/?s={search_term_string}\"},\"query-input\":{\"@type\":\"PropertyValueSpecification\",\"valueRequired\":true,\"valueName\":\"search_term_string\"}}],\"inLanguage\":\"fr-FR\"},{\"@type\":\"Organization\",\"@id\":\"https:\\\/\\\/kanakydesign.com\\\/#organization\",\"name\":\"KanakyDesign Enclosures\",\"alternateName\":\"KanakyDesign\",\"url\":\"https:\\\/\\\/kanakydesign.com\\\/\",\"logo\":{\"@type\":\"ImageObject\",\"inLanguage\":\"fr-FR\",\"@id\":\"https:\\\/\\\/kanakydesign.com\\\/#\\\/schema\\\/logo\\\/image\\\/\",\"url\":\"https:\\\/\\\/kanakydesign.com\\\/wp-content\\\/uploads\\\/2023\\\/06\\\/Logo-KanakyDesign-circular-negro-1.png\",\"contentUrl\":\"https:\\\/\\\/kanakydesign.com\\\/wp-content\\\/uploads\\\/2023\\\/06\\\/Logo-KanakyDesign-circular-negro-1.png\",\"width\":2000,\"height\":2000,\"caption\":\"KanakyDesign Enclosures\"},\"image\":{\"@id\":\"https:\\\/\\\/kanakydesign.com\\\/#\\\/schema\\\/logo\\\/image\\\/\"}}]}<\/script>\n<!-- \/ Yoast SEO plugin. -->","yoast_head_json":{"title":"Suspension en PVC : KanakyDesign Enclosures","description":"Perche en PVC pour terrarium pour serpents arboricoles (Corallus caninus, Morelia viridis). Perchoir stable, durable et facile \u00e0 nettoyer pour les terrariums humides.","robots":{"index":"index","follow":"follow","max-snippet":"max-snippet:-1","max-image-preview":"max-image-preview:large","max-video-preview":"max-video-preview:-1"},"canonical":"https:\/\/kanakydesign.com\/fr\/produit\/percha-pvc-blanco\/","og_locale":"fr_FR","og_type":"article","og_title":"Percha PVC | KanakyDesign Enclosures","og_description":"Percha PVC terrario para serpientes arbor\u00edcolas (Corallus caninus, Morelia viridis). Posadero estable, duradero y f\u00e1cil de limpiar en terrarios h\u00famedos.","og_url":"https:\/\/kanakydesign.com\/fr\/produit\/percha-pvc-blanco\/","og_site_name":"KanakyDesign Enclosures","article_modified_time":"2026-02-08T00:48:40+00:00","og_image":[{"width":2560,"height":2560,"url":"https:\/\/kanakydesign.com\/wp-content\/uploads\/2023\/09\/DSC2830-scaled.jpg","type":"image\/jpeg"}],"twitter_card":"summary_large_image","twitter_misc":{"Dur\u00e9e de lecture estim\u00e9e":"2 minutes"},"schema":{"@context":"https:\/\/schema.org","@graph":[{"@type":"WebPage","@id":"https:\/\/kanakydesign.com\/producto\/percha-pvc-blanco\/","url":"https:\/\/kanakydesign.com\/producto\/percha-pvc-blanco\/","name":"Suspension en PVC : KanakyDesign Enclosures","isPartOf":{"@id":"https:\/\/kanakydesign.com\/#website"},"primaryImageOfPage":{"@id":"https:\/\/kanakydesign.com\/producto\/percha-pvc-blanco\/#primaryimage"},"image":{"@id":"https:\/\/kanakydesign.com\/producto\/percha-pvc-blanco\/#primaryimage"},"thumbnailUrl":"https:\/\/kanakydesign.com\/wp-content\/uploads\/2023\/09\/DSC2830-scaled.jpg","datePublished":"2023-07-01T09:45:34+00:00","dateModified":"2026-02-08T00:48:40+00:00","description":"Perche en PVC pour terrarium pour serpents arboricoles (Corallus caninus, Morelia viridis). Perchoir stable, durable et facile \u00e0 nettoyer pour les terrariums humides.","breadcrumb":{"@id":"https:\/\/kanakydesign.com\/producto\/percha-pvc-blanco\/#breadcrumb"},"inLanguage":"fr-FR","potentialAction":[{"@type":"ReadAction","target":["https:\/\/kanakydesign.com\/producto\/percha-pvc-blanco\/"]}]},{"@type":"ImageObject","inLanguage":"fr-FR","@id":"https:\/\/kanakydesign.com\/producto\/percha-pvc-blanco\/#primaryimage","url":"https:\/\/kanakydesign.com\/wp-content\/uploads\/2023\/09\/DSC2830-scaled.jpg","contentUrl":"https:\/\/kanakydesign.com\/wp-content\/uploads\/2023\/09\/DSC2830-scaled.jpg","width":2560,"height":2560},{"@type":"BreadcrumbList","@id":"https:\/\/kanakydesign.com\/producto\/percha-pvc-blanco\/#breadcrumb","itemListElement":[{"@type":"ListItem","position":1,"name":"Portada","item":"https:\/\/kanakydesign.com\/"},{"@type":"ListItem","position":2,"name":"Tienda","item":"https:\/\/kanakydesign.com\/tienda\/"},{"@type":"ListItem","position":3,"name":"Percha PVC"}]},{"@type":"WebSite","@id":"https:\/\/kanakydesign.com\/#website","url":"https:\/\/kanakydesign.com\/","name":"KanakyDesign Enclosures","description":"Become a professional keeper","publisher":{"@id":"https:\/\/kanakydesign.com\/#organization"},"alternateName":"KanakyDesign","potentialAction":[{"@type":"SearchAction","target":{"@type":"EntryPoint","urlTemplate":"https:\/\/kanakydesign.com\/?s={search_term_string}"},"query-input":{"@type":"PropertyValueSpecification","valueRequired":true,"valueName":"search_term_string"}}],"inLanguage":"fr-FR"},{"@type":"Organization","@id":"https:\/\/kanakydesign.com\/#organization","name":"KanakyDesign Enclosures","alternateName":"KanakyDesign","url":"https:\/\/kanakydesign.com\/","logo":{"@type":"ImageObject","inLanguage":"fr-FR","@id":"https:\/\/kanakydesign.com\/#\/schema\/logo\/image\/","url":"https:\/\/kanakydesign.com\/wp-content\/uploads\/2023\/06\/Logo-KanakyDesign-circular-negro-1.png","contentUrl":"https:\/\/kanakydesign.com\/wp-content\/uploads\/2023\/06\/Logo-KanakyDesign-circular-negro-1.png","width":2000,"height":2000,"caption":"KanakyDesign Enclosures"},"image":{"@id":"https:\/\/kanakydesign.com\/#\/schema\/logo\/image\/"}}]}},"_links":{"self":[{"href":"https:\/\/kanakydesign.com\/fr\/wp-json\/wp\/v2\/product\/548","targetHints":{"allow":["GET"]}}],"collection":[{"href":"https:\/\/kanakydesign.com\/fr\/wp-json\/wp\/v2\/product"}],"about":[{"href":"https:\/\/kanakydesign.com\/fr\/wp-json\/wp\/v2\/types\/product"}],"wp:featuredmedia":[{"embeddable":true,"href":"https:\/\/kanakydesign.com\/fr\/wp-json\/wp\/v2\/media\/1095"}],"wp:attachment":[{"href":"https:\/\/kanakydesign.com\/fr\/wp-json\/wp\/v2\/media?parent=548"}],"wp:term":[{"taxonomy":"product_brand","embeddable":true,"href":"https:\/\/kanakydesign.com\/fr\/wp-json\/wp\/v2\/product_brand?post=548"},{"taxonomy":"product_cat","embeddable":true,"href":"https:\/\/kanakydesign.com\/fr\/wp-json\/wp\/v2\/product_cat?post=548"},{"taxonomy":"product_tag","embeddable":true,"href":"https:\/\/kanakydesign.com\/fr\/wp-json\/wp\/v2\/product_tag?post=548"}],"curies":[{"name":"wp","href":"https:\/\/api.w.org\/{rel}","templated":true}]}}