{"id":486,"date":"2023-06-29T17:20:37","date_gmt":"2023-06-29T17:20:37","guid":{"rendered":"https:\/\/kanakydesign.com\/?post_type=product&#038;p=486"},"modified":"2026-03-30T10:01:18","modified_gmt":"2026-03-30T10:01:18","slug":"bombilla-ceramica","status":"publish","type":"product","link":"https:\/\/kanakydesign.com\/fr\/produit\/bombilla-ceramica\/","title":{"rendered":"Ampoule en c\u00e9ramique"},"content":{"rendered":"<p data-start=\"172\" data-end=\"724\">Les <strong data-start=\"175\" data-end=\"225\">\u00e9metteur de chaleur c\u00e9ramique Arcadia pour terrariums<\/strong> est une source de chaleur fiable et tr\u00e8s polyvalente pour <strong data-start=\"282\" data-end=\"308\">tous les types de terrariums<\/strong>. Contrairement aux projecteurs conventionnels, <strong data-start=\"352\" data-end=\"376\">n'\u00e9met pas de lumi\u00e8re visible<\/strong>: g\u00e9n\u00e8re <strong data-start=\"385\" data-end=\"419\">chaleur par rayonnement infrarouge<\/strong>, ce qui en fait un excellent choix pour le maintien de la temp\u00e9rature. <strong data-start=\"491\" data-end=\"532\">pendant la journ\u00e9e et la nuit<\/strong> sans perturber les cycles lumi\u00e8re\/obscurit\u00e9 des reptiles, des amphibiens et des invert\u00e9br\u00e9s. Il est particuli\u00e8rement utile lorsque vous avez besoin d'un apport de chaleur constant ou d'une \u201cchaleur de fond\u201d stable dans le terrarium.<\/p>\n<h2 data-start=\"726\" data-end=\"768\">\u2705 Chaleur sans lumi\u00e8re : parfait pour une utilisation 24\/7<\/h2>\n<p data-start=\"769\" data-end=\"1057\">En ne produisant pas de lumi\u00e8re, le <strong data-start=\"792\" data-end=\"819\">\u00e9metteur c\u00e9ramique Arcadia<\/strong> permet d'apporter de la chaleur sans \u201cpolluer\u201d la nuit de l'animal. C'est pourquoi il est largement utilis\u00e9 pour soutenir la temp\u00e9rature nocturne ou pour maintenir une plage stable dans les chambres froides, en l'ajustant toujours correctement avec le contr\u00f4le de la temp\u00e9rature.<\/p>\n<h2 data-start=\"1059\" data-end=\"1097\">\ud83c\udf21\ufe0f Sensation d'infrarouge et de chaleur<\/h2>\n<p data-start=\"1098\" data-end=\"1725\">Le <strong data-start=\"1102\" data-end=\"1124\">\u00e9metteurs en c\u00e9ramique<\/strong> sont g\u00e9n\u00e9ralement associ\u00e9es \u00e0 un type de chaleur plus ambiant et uniforme (tr\u00e8s utile pour maintenir la stabilit\u00e9 du terrarium). En comparaison, les technologies telles que le <strong data-start=\"1274\" data-end=\"1297\">Projecteur de chaleur profonde<\/strong> Les Arcadia sont con\u00e7us pour \u00e9mettre <strong data-start=\"1337\" data-end=\"1356\">Infra-r\u00e9seau A et B<\/strong>, Les lampes en c\u00e9ramique, qui sont per\u00e7ues comme une chaleur plus \u201cprofonde\u201d, sont tr\u00e8s int\u00e9ressantes lorsque vous recherchez un point de chaleur plus intense sans lumi\u00e8re. Cela n'enl\u00e8ve rien \u00e0 la c\u00e9ramique : les <strong data-start=\"1513\" data-end=\"1549\">\u00e9metteur de chaleur en c\u00e9ramique Arcadia<\/strong> reste une option tr\u00e8s int\u00e9ressante pour les <strong data-start=\"1590\" data-end=\"1613\">chauffage g\u00e9n\u00e9ral<\/strong>, Le nouveau, le soutien nocturne et la stabilit\u00e9 thermique dans une grande vari\u00e9t\u00e9 de montages.<\/p>\n<h2 data-start=\"1727\" data-end=\"1779\">\ud83d\udd25 Recommandations de s\u00e9curit\u00e9 (tr\u00e8s important)<\/h2>\n<ul data-start=\"1780\" data-end=\"2081\">\n<li data-start=\"1780\" data-end=\"1854\">\n<p data-start=\"1782\" data-end=\"1854\"><strong data-start=\"1782\" data-end=\"1845\">Toujours utiliser une bague en c\u00e9ramique r\u00e9sistante \u00e0 la chaleur.<\/strong> (E27).<\/p>\n<\/li>\n<li data-start=\"1855\" data-end=\"1970\">\n<p data-start=\"1857\" data-end=\"1970\"><strong data-start=\"1857\" data-end=\"1896\">L'utilisation d'un thermostat est fortement recommand\u00e9e<\/strong> pour contr\u00f4ler la temp\u00e9rature et \u00e9viter la surchauffe de l'habitat.<\/p>\n<\/li>\n<li data-start=\"1971\" data-end=\"2081\">\n<p data-start=\"1973\" data-end=\"2081\">Si l'\u00e9metteur s'\u00e9teint <strong data-start=\"1989\" data-end=\"1999\">\u00e0 l'int\u00e9rieur<\/strong> du terrarium, ajouter un <strong data-start=\"2024\" data-end=\"2044\">cage de protection<\/strong> pour \u00e9viter les br\u00fblures par contact.<\/p>\n<\/li>\n<\/ul>\n<h2 data-start=\"2299\" data-end=\"2326\">\ud83e\udde9 Pour qui est-il id\u00e9al ?<\/h2>\n<ul data-start=\"2327\" data-end=\"2511\">\n<li data-start=\"2327\" data-end=\"2394\">\n<p data-start=\"2329\" data-end=\"2394\">Terrariums o\u00f9 vous avez besoin <strong data-start=\"2355\" data-end=\"2380\">chaleur stable sans lumi\u00e8re<\/strong> (jour\/nuit)<\/p>\n<\/li>\n<li data-start=\"2395\" data-end=\"2452\">\n<p data-start=\"2397\" data-end=\"2452\">Soutien thermique nocturne pour les esp\u00e8ces sensibles \u00e0 la lumi\u00e8re<\/p>\n<\/li>\n<li data-start=\"2453\" data-end=\"2511\">\n<p data-start=\"2455\" data-end=\"2511\">Assembl\u00e9es o\u00f9 vous recherchez <strong data-start=\"2477\" data-end=\"2501\">temp\u00e9rature ambiante<\/strong> homog\u00e8ne<\/p>\n<\/li>\n<\/ul>","protected":false},"excerpt":{"rendered":"<p>Les \u00e9metteurs de chaleur en c\u00e9ramique conviennent \u00e0 tous les types de terrariums. Ils n'\u00e9mettent pas de lumi\u00e8re, mais produisent de la chaleur par rayonnement infrarouge. Ils sont donc tr\u00e8s utiles pour une utilisation 24h\/24 qui n'affecte pas les cycles diurnes et nocturnes de nos animaux. Ils doivent toujours \u00eatre utilis\u00e9s sur une douille en c\u00e9ramique r\u00e9sistante \u00e0 la chaleur et il est fortement recommand\u00e9 d'utiliser des thermostats pour contr\u00f4ler la temp\u00e9rature.<\/p>","protected":false},"featured_media":1627,"template":"","meta":[],"product_brand":[],"product_cat":[23,26],"product_tag":[193,279,284,283,280,281,286,285,282,277,278,287,220],"class_list":{"0":"post-486","1":"product","2":"type-product","3":"status-publish","4":"has-post-thumbnail","6":"product_cat-accesorios","7":"product_cat-calefaccion","8":"product_tag-arcadia","9":"product_tag-bombilla-ceramica-terrario","10":"product_tag-calefaccion-24h-terrario","11":"product_tag-calefaccion-nocturna-terrario","12":"product_tag-calefaccion-terrario-sin-luz","13":"product_tag-calor-infrarrojo-terrario","14":"product_tag-casquillo-ceramico-e27","15":"product_tag-emisor-ceramico-arcadia","16":"product_tag-emisor-ceramico-reptiles","17":"product_tag-emisor-ceramico-terrario","18":"product_tag-emisor-de-calor-ceramico","19":"product_tag-jaula-lampara-calor","20":"product_tag-termostato-terrario","22":"first","23":"instock","24":"taxable","25":"shipping-taxable","26":"purchasable","27":"product-type-variable"},"yoast_head":"<!-- This site is optimized with the Yoast SEO plugin v27.4 - https:\/\/yoast.com\/product\/yoast-seo-wordpress\/ -->\n<title>Bombilla cer\u00e1mica | KanakyDesign Enclosures<\/title>\n<meta name=\"description\" content=\"Emisor cer\u00e1mico terrario Arcadia: calor infrarrojo sin luz para uso 24h. Ideal para estabilidad t\u00e9rmica. Requiere casquillo cer\u00e1mico y termostato.\" \/>\n<meta name=\"robots\" content=\"index, follow, max-snippet:-1, max-image-preview:large, max-video-preview:-1\" \/>\n<link rel=\"canonical\" href=\"https:\/\/kanakydesign.com\/fr\/produit\/bombilla-ceramica\/\" \/>\n<meta property=\"og:locale\" content=\"fr_FR\" \/>\n<meta property=\"og:type\" content=\"article\" \/>\n<meta property=\"og:title\" content=\"Bombilla cer\u00e1mica | KanakyDesign Enclosures\" \/>\n<meta property=\"og:description\" content=\"Emisor cer\u00e1mico terrario Arcadia: calor infrarrojo sin luz para uso 24h. Ideal para estabilidad t\u00e9rmica. Requiere casquillo cer\u00e1mico y termostato.\" \/>\n<meta property=\"og:url\" content=\"https:\/\/kanakydesign.com\/fr\/produit\/bombilla-ceramica\/\" \/>\n<meta property=\"og:site_name\" content=\"KanakyDesign Enclosures\" \/>\n<meta property=\"article:modified_time\" content=\"2026-03-30T10:01:18+00:00\" \/>\n<meta property=\"og:image\" content=\"https:\/\/kanakydesign.com\/wp-content\/uploads\/2023\/06\/Bombilla-ceramica-arcadia-IR-C.png\" \/>\n\t<meta property=\"og:image:width\" content=\"1131\" \/>\n\t<meta property=\"og:image:height\" content=\"1131\" \/>\n\t<meta property=\"og:image:type\" content=\"image\/png\" \/>\n<meta name=\"twitter:card\" content=\"summary_large_image\" \/>\n<meta name=\"twitter:label1\" content=\"Dur\u00e9e de lecture estim\u00e9e\" \/>\n\t<meta name=\"twitter:data1\" content=\"2 minutes\" \/>\n<script type=\"application\/ld+json\" class=\"yoast-schema-graph\">{\"@context\":\"https:\\\/\\\/schema.org\",\"@graph\":[{\"@type\":\"WebPage\",\"@id\":\"https:\\\/\\\/kanakydesign.com\\\/producto\\\/bombilla-ceramica\\\/\",\"url\":\"https:\\\/\\\/kanakydesign.com\\\/producto\\\/bombilla-ceramica\\\/\",\"name\":\"Bombilla cer\u00e1mica | KanakyDesign Enclosures\",\"isPartOf\":{\"@id\":\"https:\\\/\\\/kanakydesign.com\\\/#website\"},\"primaryImageOfPage\":{\"@id\":\"https:\\\/\\\/kanakydesign.com\\\/producto\\\/bombilla-ceramica\\\/#primaryimage\"},\"image\":{\"@id\":\"https:\\\/\\\/kanakydesign.com\\\/producto\\\/bombilla-ceramica\\\/#primaryimage\"},\"thumbnailUrl\":\"https:\\\/\\\/kanakydesign.com\\\/wp-content\\\/uploads\\\/2023\\\/06\\\/Bombilla-ceramica-arcadia-IR-C.png\",\"datePublished\":\"2023-06-29T17:20:37+00:00\",\"dateModified\":\"2026-03-30T10:01:18+00:00\",\"description\":\"Emisor cer\u00e1mico terrario Arcadia: calor infrarrojo sin luz para uso 24h. Ideal para estabilidad t\u00e9rmica. Requiere casquillo cer\u00e1mico y termostato.\",\"breadcrumb\":{\"@id\":\"https:\\\/\\\/kanakydesign.com\\\/producto\\\/bombilla-ceramica\\\/#breadcrumb\"},\"inLanguage\":\"fr-FR\",\"potentialAction\":[{\"@type\":\"ReadAction\",\"target\":[\"https:\\\/\\\/kanakydesign.com\\\/producto\\\/bombilla-ceramica\\\/\"]}]},{\"@type\":\"ImageObject\",\"inLanguage\":\"fr-FR\",\"@id\":\"https:\\\/\\\/kanakydesign.com\\\/producto\\\/bombilla-ceramica\\\/#primaryimage\",\"url\":\"https:\\\/\\\/kanakydesign.com\\\/wp-content\\\/uploads\\\/2023\\\/06\\\/Bombilla-ceramica-arcadia-IR-C.png\",\"contentUrl\":\"https:\\\/\\\/kanakydesign.com\\\/wp-content\\\/uploads\\\/2023\\\/06\\\/Bombilla-ceramica-arcadia-IR-C.png\",\"width\":1131,\"height\":1131},{\"@type\":\"BreadcrumbList\",\"@id\":\"https:\\\/\\\/kanakydesign.com\\\/producto\\\/bombilla-ceramica\\\/#breadcrumb\",\"itemListElement\":[{\"@type\":\"ListItem\",\"position\":1,\"name\":\"Portada\",\"item\":\"https:\\\/\\\/kanakydesign.com\\\/\"},{\"@type\":\"ListItem\",\"position\":2,\"name\":\"Tienda\",\"item\":\"https:\\\/\\\/kanakydesign.com\\\/tienda\\\/\"},{\"@type\":\"ListItem\",\"position\":3,\"name\":\"Bombilla cer\u00e1mica\"}]},{\"@type\":\"WebSite\",\"@id\":\"https:\\\/\\\/kanakydesign.com\\\/#website\",\"url\":\"https:\\\/\\\/kanakydesign.com\\\/\",\"name\":\"KanakyDesign Enclosures\",\"description\":\"Become a professional keeper\",\"publisher\":{\"@id\":\"https:\\\/\\\/kanakydesign.com\\\/#organization\"},\"alternateName\":\"KanakyDesign\",\"potentialAction\":[{\"@type\":\"SearchAction\",\"target\":{\"@type\":\"EntryPoint\",\"urlTemplate\":\"https:\\\/\\\/kanakydesign.com\\\/?s={search_term_string}\"},\"query-input\":{\"@type\":\"PropertyValueSpecification\",\"valueRequired\":true,\"valueName\":\"search_term_string\"}}],\"inLanguage\":\"fr-FR\"},{\"@type\":\"Organization\",\"@id\":\"https:\\\/\\\/kanakydesign.com\\\/#organization\",\"name\":\"KanakyDesign Enclosures\",\"alternateName\":\"KanakyDesign\",\"url\":\"https:\\\/\\\/kanakydesign.com\\\/\",\"logo\":{\"@type\":\"ImageObject\",\"inLanguage\":\"fr-FR\",\"@id\":\"https:\\\/\\\/kanakydesign.com\\\/#\\\/schema\\\/logo\\\/image\\\/\",\"url\":\"https:\\\/\\\/kanakydesign.com\\\/wp-content\\\/uploads\\\/2023\\\/06\\\/Logo-KanakyDesign-circular-negro-1.png\",\"contentUrl\":\"https:\\\/\\\/kanakydesign.com\\\/wp-content\\\/uploads\\\/2023\\\/06\\\/Logo-KanakyDesign-circular-negro-1.png\",\"width\":2000,\"height\":2000,\"caption\":\"KanakyDesign Enclosures\"},\"image\":{\"@id\":\"https:\\\/\\\/kanakydesign.com\\\/#\\\/schema\\\/logo\\\/image\\\/\"}}]}<\/script>\n<!-- \/ Yoast SEO plugin. -->","yoast_head_json":{"title":"Ampoule c\u00e9ramique : KanakyDesign Enclosures","description":"Emetteur c\u00e9ramique pour terrarium Arcadia : chaleur infrarouge sans lumi\u00e8re pour une utilisation de 24 heures. Id\u00e9al pour la stabilit\u00e9 thermique. N\u00e9cessite un bouchon en c\u00e9ramique et un thermostat.","robots":{"index":"index","follow":"follow","max-snippet":"max-snippet:-1","max-image-preview":"max-image-preview:large","max-video-preview":"max-video-preview:-1"},"canonical":"https:\/\/kanakydesign.com\/fr\/produit\/bombilla-ceramica\/","og_locale":"fr_FR","og_type":"article","og_title":"Bombilla cer\u00e1mica | KanakyDesign Enclosures","og_description":"Emisor cer\u00e1mico terrario Arcadia: calor infrarrojo sin luz para uso 24h. Ideal para estabilidad t\u00e9rmica. Requiere casquillo cer\u00e1mico y termostato.","og_url":"https:\/\/kanakydesign.com\/fr\/produit\/bombilla-ceramica\/","og_site_name":"KanakyDesign Enclosures","article_modified_time":"2026-03-30T10:01:18+00:00","og_image":[{"width":1131,"height":1131,"url":"https:\/\/kanakydesign.com\/wp-content\/uploads\/2023\/06\/Bombilla-ceramica-arcadia-IR-C.png","type":"image\/png"}],"twitter_card":"summary_large_image","twitter_misc":{"Dur\u00e9e de lecture estim\u00e9e":"2 minutes"},"schema":{"@context":"https:\/\/schema.org","@graph":[{"@type":"WebPage","@id":"https:\/\/kanakydesign.com\/producto\/bombilla-ceramica\/","url":"https:\/\/kanakydesign.com\/producto\/bombilla-ceramica\/","name":"Ampoule c\u00e9ramique : KanakyDesign Enclosures","isPartOf":{"@id":"https:\/\/kanakydesign.com\/#website"},"primaryImageOfPage":{"@id":"https:\/\/kanakydesign.com\/producto\/bombilla-ceramica\/#primaryimage"},"image":{"@id":"https:\/\/kanakydesign.com\/producto\/bombilla-ceramica\/#primaryimage"},"thumbnailUrl":"https:\/\/kanakydesign.com\/wp-content\/uploads\/2023\/06\/Bombilla-ceramica-arcadia-IR-C.png","datePublished":"2023-06-29T17:20:37+00:00","dateModified":"2026-03-30T10:01:18+00:00","description":"Emetteur c\u00e9ramique pour terrarium Arcadia : chaleur infrarouge sans lumi\u00e8re pour une utilisation de 24 heures. Id\u00e9al pour la stabilit\u00e9 thermique. N\u00e9cessite un bouchon en c\u00e9ramique et un thermostat.","breadcrumb":{"@id":"https:\/\/kanakydesign.com\/producto\/bombilla-ceramica\/#breadcrumb"},"inLanguage":"fr-FR","potentialAction":[{"@type":"ReadAction","target":["https:\/\/kanakydesign.com\/producto\/bombilla-ceramica\/"]}]},{"@type":"ImageObject","inLanguage":"fr-FR","@id":"https:\/\/kanakydesign.com\/producto\/bombilla-ceramica\/#primaryimage","url":"https:\/\/kanakydesign.com\/wp-content\/uploads\/2023\/06\/Bombilla-ceramica-arcadia-IR-C.png","contentUrl":"https:\/\/kanakydesign.com\/wp-content\/uploads\/2023\/06\/Bombilla-ceramica-arcadia-IR-C.png","width":1131,"height":1131},{"@type":"BreadcrumbList","@id":"https:\/\/kanakydesign.com\/producto\/bombilla-ceramica\/#breadcrumb","itemListElement":[{"@type":"ListItem","position":1,"name":"Portada","item":"https:\/\/kanakydesign.com\/"},{"@type":"ListItem","position":2,"name":"Tienda","item":"https:\/\/kanakydesign.com\/tienda\/"},{"@type":"ListItem","position":3,"name":"Bombilla cer\u00e1mica"}]},{"@type":"WebSite","@id":"https:\/\/kanakydesign.com\/#website","url":"https:\/\/kanakydesign.com\/","name":"KanakyDesign Enclosures","description":"Become a professional keeper","publisher":{"@id":"https:\/\/kanakydesign.com\/#organization"},"alternateName":"KanakyDesign","potentialAction":[{"@type":"SearchAction","target":{"@type":"EntryPoint","urlTemplate":"https:\/\/kanakydesign.com\/?s={search_term_string}"},"query-input":{"@type":"PropertyValueSpecification","valueRequired":true,"valueName":"search_term_string"}}],"inLanguage":"fr-FR"},{"@type":"Organization","@id":"https:\/\/kanakydesign.com\/#organization","name":"KanakyDesign Enclosures","alternateName":"KanakyDesign","url":"https:\/\/kanakydesign.com\/","logo":{"@type":"ImageObject","inLanguage":"fr-FR","@id":"https:\/\/kanakydesign.com\/#\/schema\/logo\/image\/","url":"https:\/\/kanakydesign.com\/wp-content\/uploads\/2023\/06\/Logo-KanakyDesign-circular-negro-1.png","contentUrl":"https:\/\/kanakydesign.com\/wp-content\/uploads\/2023\/06\/Logo-KanakyDesign-circular-negro-1.png","width":2000,"height":2000,"caption":"KanakyDesign Enclosures"},"image":{"@id":"https:\/\/kanakydesign.com\/#\/schema\/logo\/image\/"}}]}},"_links":{"self":[{"href":"https:\/\/kanakydesign.com\/fr\/wp-json\/wp\/v2\/product\/486","targetHints":{"allow":["GET"]}}],"collection":[{"href":"https:\/\/kanakydesign.com\/fr\/wp-json\/wp\/v2\/product"}],"about":[{"href":"https:\/\/kanakydesign.com\/fr\/wp-json\/wp\/v2\/types\/product"}],"wp:featuredmedia":[{"embeddable":true,"href":"https:\/\/kanakydesign.com\/fr\/wp-json\/wp\/v2\/media\/1627"}],"wp:attachment":[{"href":"https:\/\/kanakydesign.com\/fr\/wp-json\/wp\/v2\/media?parent=486"}],"wp:term":[{"taxonomy":"product_brand","embeddable":true,"href":"https:\/\/kanakydesign.com\/fr\/wp-json\/wp\/v2\/product_brand?post=486"},{"taxonomy":"product_cat","embeddable":true,"href":"https:\/\/kanakydesign.com\/fr\/wp-json\/wp\/v2\/product_cat?post=486"},{"taxonomy":"product_tag","embeddable":true,"href":"https:\/\/kanakydesign.com\/fr\/wp-json\/wp\/v2\/product_tag?post=486"}],"curies":[{"name":"wp","href":"https:\/\/api.w.org\/{rel}","templated":true}]}}