{"id":482,"date":"2023-06-29T17:16:50","date_gmt":"2023-06-29T17:16:50","guid":{"rendered":"https:\/\/kanakydesign.com\/?post_type=product&#038;p=482"},"modified":"2026-04-11T16:56:57","modified_gmt":"2026-04-11T16:56:57","slug":"panel-radiante","status":"publish","type":"product","link":"https:\/\/kanakydesign.com\/fr\/produit\/panel-radiante\/","title":{"rendered":"Panneau radiant"},"content":{"rendered":"<p data-start=\"172\" data-end=\"740\">Les <strong data-start=\"175\" data-end=\"207\">panneau radiant pour terrarium<\/strong> est l'une des formes les plus s\u00fbres et les plus efficaces de <strong data-start=\"257\" data-end=\"291\">l'augmentation de la temp\u00e9rature ambiante<\/strong> \u00e0 l'int\u00e9rieur du terrarium de mani\u00e8re \u00e0 <strong data-start=\"322\" data-end=\"352\">lisse, stable et homog\u00e8ne<\/strong>. Contrairement \u00e0 d'autres syst\u00e8mes qui g\u00e9n\u00e8rent des points de chaleur tr\u00e8s concentr\u00e9s, les panneaux radiants permettent de chauffer progressivement l'air du terrarium, cr\u00e9ant ainsi un environnement plus naturel et r\u00e9duisant les changements brusques. Ils sont particuli\u00e8rement recommand\u00e9s pour les esp\u00e8ces qui ont besoin d'une temp\u00e9rature ambiante constante et pour les installations qui requi\u00e8rent une stabilit\u00e9 pendant le jour et la nuit.<\/p>\n<h2 data-start=\"742\" data-end=\"794\">\ud83c\udf21\ufe0f Une chaleur uniforme pour un microclimat plus stable<\/h2>\n<p data-start=\"795\" data-end=\"1146\">Le pr\u00e9sent <strong data-start=\"800\" data-end=\"827\">panneau radiant pour terrarium<\/strong> est con\u00e7u pour fournir une chaleur ambiante sans s\u00e9cher excessivement, ce qui en fait un excellent choix pour les terrariums tropicaux, les terrariums bioactifs et les installations de plantes. Fonctionnant comme une source de chaleur \u201cde fond\u201d, il aide \u00e0 maintenir un gradient thermique plus \u00e9quilibr\u00e9 et \u00e9vite de d\u00e9pendre uniquement des rayons du soleil.<\/p>\n<h2 data-start=\"1148\" data-end=\"1207\">\u2705 Thermostat de s\u00e9curit\u00e9 interne (temp\u00e9rature de surface max. 80\u00b0C)<\/h2>\n<p data-start=\"1208\" data-end=\"1659\">Il comprend un <strong data-start=\"1219\" data-end=\"1241\">thermostat interne<\/strong> qui limite la temp\u00e9rature de surface pour \u00e9viter qu'elle ne d\u00e9passe la valeur d'environ <strong data-start=\"1325\" data-end=\"1333\">80\u00b0C<\/strong>. Cette fonction ajoute une couche importante de s\u00e9curit\u00e9 dans l'utilisation quotidienne. N\u00e9anmoins, pour un v\u00e9ritable contr\u00f4le de l'habitat et une protection maximale de vos animaux, <strong data-start=\"1491\" data-end=\"1567\">il est fortement recommand\u00e9 de l'utiliser avec un thermostat externe.<\/strong> (contr\u00f4leur), ajustant la temp\u00e9rature cible en fonction de l'esp\u00e8ce et de la taille du terrarium.<\/p>\n<p data-start=\"1661\" data-end=\"1760\">\ud83d\udc49 Les thermostats et r\u00e9gulateurs compatibles sont disponibles sur le site suivant <strong data-start=\"1724\" data-end=\"1759\"><a class=\"decorated-link\" href=\"https:\/\/kanakydesign.com\/fr\/categoria\/accesorios\/calefaccion\/\" target=\"_new\" rel=\"noopener\" data-start=\"1726\" data-end=\"1757\">https:\/\/www.kanakydesign.com\/<\/a><\/strong>.<\/p>\n<h2 data-start=\"1762\" data-end=\"1821\">\ud83d\udca7 R\u00e9sistant \u00e0 l'humidit\u00e9 (IPX4) pour les terrariums humides<\/h2>\n<p data-start=\"1822\" data-end=\"2191\">Gr\u00e2ce \u00e0 sa protection <strong data-start=\"1846\" data-end=\"1854\">IPX4<\/strong>, ce panel est <strong data-start=\"1870\" data-end=\"1919\">r\u00e9sistant aux \u00e9claboussures et aux environnements humides<\/strong>, Elle est donc tr\u00e8s efficace dans les terrariums de <strong data-start=\"1966\" data-end=\"1982\">humidit\u00e9 \u00e9lev\u00e9e<\/strong>. Il est id\u00e9al pour les terrariums tropicaux et bioactifs o\u00f9 la condensation et les projections sont fr\u00e9quentes. Important : <strong data-start=\"2101\" data-end=\"2121\">non submersible<\/strong>, L'\u00e9tanch\u00e9it\u00e9 doit \u00eatre install\u00e9e dans des zones o\u00f9 elle ne peut pas \u00eatre submerg\u00e9e par l'eau.<\/p>\n<h2 data-start=\"2193\" data-end=\"2226\">\ud83d\udd25 Isolation thermique arri\u00e8re<\/h2>\n<p data-start=\"2227\" data-end=\"2482\">Le <strong data-start=\"2230\" data-end=\"2287\">la face arri\u00e8re est enti\u00e8rement isol\u00e9e thermiquement<\/strong>, Cela permet de diriger la chaleur vers le terrarium et d'en am\u00e9liorer l'efficacit\u00e9. Cela permet \u00e9galement de prot\u00e9ger la surface de montage en r\u00e9duisant la transmission de la chaleur vers l'arri\u00e8re.<\/p>\n<h2 data-start=\"2484\" data-end=\"2513\">\ud83d\udee0\ufe0f Recommandations d'utilisation<\/h2>\n<ul data-start=\"2514\" data-end=\"2810\">\n<li data-start=\"2514\" data-end=\"2609\">\n<p data-start=\"2516\" data-end=\"2609\">Installer solidement (g\u00e9n\u00e9ralement au plafond ou sur un mur int\u00e9rieur, selon le mod\u00e8le).<\/p>\n<\/li>\n<li data-start=\"2610\" data-end=\"2718\">\n<p data-start=\"2612\" data-end=\"2718\">Utilisez toujours un <strong data-start=\"2627\" data-end=\"2649\">thermostat externe<\/strong> pour ajuster la temp\u00e9rature et \u00e9viter la surchauffe de l'habitat.<\/p>\n<\/li>\n<li data-start=\"2719\" data-end=\"2810\">\n<p data-start=\"2721\" data-end=\"2810\">V\u00e9rifier les temp\u00e9ratures \u00e0 l'aide d'un thermom\u00e8tre en plusieurs points afin d'assurer une bonne gradation.<\/p>\n<\/li>\n<\/ul>","protected":false},"excerpt":{"rendered":"<p>Les panneaux radiants sont con\u00e7us pour augmenter la temp\u00e9rature ambiante des terrariums de mani\u00e8re douce et homog\u00e8ne. Ils sont \u00e9quip\u00e9s d'un thermostat interne qui emp\u00eache les temp\u00e9ratures de plus de 80\u00b0C sur leur surface. Il est cependant fortement recommand\u00e9 de les utiliser avec un thermostat.<\/p>\n<p>Les panneaux radiants sont r\u00e9sistants \u00e0 l'humidit\u00e9 gr\u00e2ce \u00e0 leur protection IPX4, parfaits pour les terrariums \u00e0 forte humidit\u00e9 (ils ne sont pas submersibles). L'arri\u00e8re du panneau radiant est compl\u00e8tement isol\u00e9 thermiquement.<\/p>","protected":false},"featured_media":1101,"template":"","meta":[],"product_brand":[],"product_cat":[23,26],"product_tag":[247,230,242,250,249,241,243,228,244,248,246,245],"class_list":{"0":"post-482","1":"product","2":"type-product","3":"status-publish","4":"has-post-thumbnail","6":"product_cat-accesorios","7":"product_cat-calefaccion","8":"product_tag-calefaccion-suave-terrario","9":"product_tag-calefaccion-terrario","10":"product_tag-calor-ambiental-terrario","11":"product_tag-panel-calefactor-anfibios","12":"product_tag-panel-calefactor-reptiles","13":"product_tag-panel-calefactor-terrario","14":"product_tag-panel-radiante-ipx4","15":"product_tag-panel-radiante-terrario","16":"product_tag-panel-resistente-humedad-terrario","17":"product_tag-termostato-interno-80c","18":"product_tag-terrario-bioactivo-calefaccion","19":"product_tag-terrario-tropical-calefaccion","21":"first","22":"instock","23":"taxable","24":"shipping-taxable","25":"purchasable","26":"product-type-variable"},"yoast_head":"<!-- This site is optimized with the Yoast SEO plugin v27.4 - https:\/\/yoast.com\/product\/yoast-seo-wordpress\/ -->\n<title>Panel radiante | KanakyDesign Enclosures<\/title>\n<meta name=\"description\" content=\"Panel radiante terrario con calor suave y homog\u00e9neo. Resistente a humedad IPX4, termostato interno (superficie m\u00e1x. 80\u00b0C) y trasera aislada.\" \/>\n<meta name=\"robots\" content=\"index, follow, max-snippet:-1, max-image-preview:large, max-video-preview:-1\" \/>\n<link rel=\"canonical\" href=\"https:\/\/kanakydesign.com\/fr\/produit\/panel-radiante\/\" \/>\n<meta property=\"og:locale\" content=\"fr_FR\" \/>\n<meta property=\"og:type\" content=\"article\" \/>\n<meta property=\"og:title\" content=\"Panel radiante | KanakyDesign Enclosures\" \/>\n<meta property=\"og:description\" content=\"Panel radiante terrario con calor suave y homog\u00e9neo. Resistente a humedad IPX4, termostato interno (superficie m\u00e1x. 80\u00b0C) y trasera aislada.\" \/>\n<meta property=\"og:url\" content=\"https:\/\/kanakydesign.com\/fr\/produit\/panel-radiante\/\" \/>\n<meta property=\"og:site_name\" content=\"KanakyDesign Enclosures\" \/>\n<meta property=\"article:modified_time\" content=\"2026-04-11T16:56:57+00:00\" \/>\n<meta property=\"og:image\" content=\"https:\/\/kanakydesign.com\/wp-content\/uploads\/2023\/09\/DSC2848-scaled.jpg\" \/>\n\t<meta property=\"og:image:width\" content=\"2560\" \/>\n\t<meta property=\"og:image:height\" content=\"2560\" \/>\n\t<meta property=\"og:image:type\" content=\"image\/jpeg\" \/>\n<meta name=\"twitter:card\" content=\"summary_large_image\" \/>\n<meta name=\"twitter:label1\" content=\"Dur\u00e9e de lecture estim\u00e9e\" \/>\n\t<meta name=\"twitter:data1\" content=\"2 minutes\" \/>\n<script type=\"application\/ld+json\" class=\"yoast-schema-graph\">{\"@context\":\"https:\\\/\\\/schema.org\",\"@graph\":[{\"@type\":\"WebPage\",\"@id\":\"https:\\\/\\\/kanakydesign.com\\\/producto\\\/panel-radiante\\\/\",\"url\":\"https:\\\/\\\/kanakydesign.com\\\/producto\\\/panel-radiante\\\/\",\"name\":\"Panel radiante | KanakyDesign Enclosures\",\"isPartOf\":{\"@id\":\"https:\\\/\\\/kanakydesign.com\\\/#website\"},\"primaryImageOfPage\":{\"@id\":\"https:\\\/\\\/kanakydesign.com\\\/producto\\\/panel-radiante\\\/#primaryimage\"},\"image\":{\"@id\":\"https:\\\/\\\/kanakydesign.com\\\/producto\\\/panel-radiante\\\/#primaryimage\"},\"thumbnailUrl\":\"https:\\\/\\\/kanakydesign.com\\\/wp-content\\\/uploads\\\/2023\\\/09\\\/DSC2848-scaled.jpg\",\"datePublished\":\"2023-06-29T17:16:50+00:00\",\"dateModified\":\"2026-04-11T16:56:57+00:00\",\"description\":\"Panel radiante terrario con calor suave y homog\u00e9neo. Resistente a humedad IPX4, termostato interno (superficie m\u00e1x. 80\u00b0C) y trasera aislada.\",\"breadcrumb\":{\"@id\":\"https:\\\/\\\/kanakydesign.com\\\/producto\\\/panel-radiante\\\/#breadcrumb\"},\"inLanguage\":\"fr-FR\",\"potentialAction\":[{\"@type\":\"ReadAction\",\"target\":[\"https:\\\/\\\/kanakydesign.com\\\/producto\\\/panel-radiante\\\/\"]}]},{\"@type\":\"ImageObject\",\"inLanguage\":\"fr-FR\",\"@id\":\"https:\\\/\\\/kanakydesign.com\\\/producto\\\/panel-radiante\\\/#primaryimage\",\"url\":\"https:\\\/\\\/kanakydesign.com\\\/wp-content\\\/uploads\\\/2023\\\/09\\\/DSC2848-scaled.jpg\",\"contentUrl\":\"https:\\\/\\\/kanakydesign.com\\\/wp-content\\\/uploads\\\/2023\\\/09\\\/DSC2848-scaled.jpg\",\"width\":2560,\"height\":2560},{\"@type\":\"BreadcrumbList\",\"@id\":\"https:\\\/\\\/kanakydesign.com\\\/producto\\\/panel-radiante\\\/#breadcrumb\",\"itemListElement\":[{\"@type\":\"ListItem\",\"position\":1,\"name\":\"Portada\",\"item\":\"https:\\\/\\\/kanakydesign.com\\\/\"},{\"@type\":\"ListItem\",\"position\":2,\"name\":\"Tienda\",\"item\":\"https:\\\/\\\/kanakydesign.com\\\/tienda\\\/\"},{\"@type\":\"ListItem\",\"position\":3,\"name\":\"Panel radiante\"}]},{\"@type\":\"WebSite\",\"@id\":\"https:\\\/\\\/kanakydesign.com\\\/#website\",\"url\":\"https:\\\/\\\/kanakydesign.com\\\/\",\"name\":\"KanakyDesign Enclosures\",\"description\":\"Become a professional keeper\",\"publisher\":{\"@id\":\"https:\\\/\\\/kanakydesign.com\\\/#organization\"},\"alternateName\":\"KanakyDesign\",\"potentialAction\":[{\"@type\":\"SearchAction\",\"target\":{\"@type\":\"EntryPoint\",\"urlTemplate\":\"https:\\\/\\\/kanakydesign.com\\\/?s={search_term_string}\"},\"query-input\":{\"@type\":\"PropertyValueSpecification\",\"valueRequired\":true,\"valueName\":\"search_term_string\"}}],\"inLanguage\":\"fr-FR\"},{\"@type\":\"Organization\",\"@id\":\"https:\\\/\\\/kanakydesign.com\\\/#organization\",\"name\":\"KanakyDesign Enclosures\",\"alternateName\":\"KanakyDesign\",\"url\":\"https:\\\/\\\/kanakydesign.com\\\/\",\"logo\":{\"@type\":\"ImageObject\",\"inLanguage\":\"fr-FR\",\"@id\":\"https:\\\/\\\/kanakydesign.com\\\/#\\\/schema\\\/logo\\\/image\\\/\",\"url\":\"https:\\\/\\\/kanakydesign.com\\\/wp-content\\\/uploads\\\/2023\\\/06\\\/Logo-KanakyDesign-circular-negro-1.png\",\"contentUrl\":\"https:\\\/\\\/kanakydesign.com\\\/wp-content\\\/uploads\\\/2023\\\/06\\\/Logo-KanakyDesign-circular-negro-1.png\",\"width\":2000,\"height\":2000,\"caption\":\"KanakyDesign Enclosures\"},\"image\":{\"@id\":\"https:\\\/\\\/kanakydesign.com\\\/#\\\/schema\\\/logo\\\/image\\\/\"}}]}<\/script>\n<!-- \/ Yoast SEO plugin. -->","yoast_head_json":{"title":"Panneau radiant | KanakyDesign Enclosures","description":"Panneau radiant pour terrarium \u00e0 chaleur douce et homog\u00e8ne. R\u00e9sistant \u00e0 l'humidit\u00e9 IPX4, thermostat interne (surface max. 80\u00b0C) et dos isol\u00e9.","robots":{"index":"index","follow":"follow","max-snippet":"max-snippet:-1","max-image-preview":"max-image-preview:large","max-video-preview":"max-video-preview:-1"},"canonical":"https:\/\/kanakydesign.com\/fr\/produit\/panel-radiante\/","og_locale":"fr_FR","og_type":"article","og_title":"Panel radiante | KanakyDesign Enclosures","og_description":"Panel radiante terrario con calor suave y homog\u00e9neo. Resistente a humedad IPX4, termostato interno (superficie m\u00e1x. 80\u00b0C) y trasera aislada.","og_url":"https:\/\/kanakydesign.com\/fr\/produit\/panel-radiante\/","og_site_name":"KanakyDesign Enclosures","article_modified_time":"2026-04-11T16:56:57+00:00","og_image":[{"width":2560,"height":2560,"url":"https:\/\/kanakydesign.com\/wp-content\/uploads\/2023\/09\/DSC2848-scaled.jpg","type":"image\/jpeg"}],"twitter_card":"summary_large_image","twitter_misc":{"Dur\u00e9e de lecture estim\u00e9e":"2 minutes"},"schema":{"@context":"https:\/\/schema.org","@graph":[{"@type":"WebPage","@id":"https:\/\/kanakydesign.com\/producto\/panel-radiante\/","url":"https:\/\/kanakydesign.com\/producto\/panel-radiante\/","name":"Panneau radiant | KanakyDesign Enclosures","isPartOf":{"@id":"https:\/\/kanakydesign.com\/#website"},"primaryImageOfPage":{"@id":"https:\/\/kanakydesign.com\/producto\/panel-radiante\/#primaryimage"},"image":{"@id":"https:\/\/kanakydesign.com\/producto\/panel-radiante\/#primaryimage"},"thumbnailUrl":"https:\/\/kanakydesign.com\/wp-content\/uploads\/2023\/09\/DSC2848-scaled.jpg","datePublished":"2023-06-29T17:16:50+00:00","dateModified":"2026-04-11T16:56:57+00:00","description":"Panneau radiant pour terrarium \u00e0 chaleur douce et homog\u00e8ne. R\u00e9sistant \u00e0 l'humidit\u00e9 IPX4, thermostat interne (surface max. 80\u00b0C) et dos isol\u00e9.","breadcrumb":{"@id":"https:\/\/kanakydesign.com\/producto\/panel-radiante\/#breadcrumb"},"inLanguage":"fr-FR","potentialAction":[{"@type":"ReadAction","target":["https:\/\/kanakydesign.com\/producto\/panel-radiante\/"]}]},{"@type":"ImageObject","inLanguage":"fr-FR","@id":"https:\/\/kanakydesign.com\/producto\/panel-radiante\/#primaryimage","url":"https:\/\/kanakydesign.com\/wp-content\/uploads\/2023\/09\/DSC2848-scaled.jpg","contentUrl":"https:\/\/kanakydesign.com\/wp-content\/uploads\/2023\/09\/DSC2848-scaled.jpg","width":2560,"height":2560},{"@type":"BreadcrumbList","@id":"https:\/\/kanakydesign.com\/producto\/panel-radiante\/#breadcrumb","itemListElement":[{"@type":"ListItem","position":1,"name":"Portada","item":"https:\/\/kanakydesign.com\/"},{"@type":"ListItem","position":2,"name":"Tienda","item":"https:\/\/kanakydesign.com\/tienda\/"},{"@type":"ListItem","position":3,"name":"Panel radiante"}]},{"@type":"WebSite","@id":"https:\/\/kanakydesign.com\/#website","url":"https:\/\/kanakydesign.com\/","name":"KanakyDesign Enclosures","description":"Become a professional keeper","publisher":{"@id":"https:\/\/kanakydesign.com\/#organization"},"alternateName":"KanakyDesign","potentialAction":[{"@type":"SearchAction","target":{"@type":"EntryPoint","urlTemplate":"https:\/\/kanakydesign.com\/?s={search_term_string}"},"query-input":{"@type":"PropertyValueSpecification","valueRequired":true,"valueName":"search_term_string"}}],"inLanguage":"fr-FR"},{"@type":"Organization","@id":"https:\/\/kanakydesign.com\/#organization","name":"KanakyDesign Enclosures","alternateName":"KanakyDesign","url":"https:\/\/kanakydesign.com\/","logo":{"@type":"ImageObject","inLanguage":"fr-FR","@id":"https:\/\/kanakydesign.com\/#\/schema\/logo\/image\/","url":"https:\/\/kanakydesign.com\/wp-content\/uploads\/2023\/06\/Logo-KanakyDesign-circular-negro-1.png","contentUrl":"https:\/\/kanakydesign.com\/wp-content\/uploads\/2023\/06\/Logo-KanakyDesign-circular-negro-1.png","width":2000,"height":2000,"caption":"KanakyDesign Enclosures"},"image":{"@id":"https:\/\/kanakydesign.com\/#\/schema\/logo\/image\/"}}]}},"_links":{"self":[{"href":"https:\/\/kanakydesign.com\/fr\/wp-json\/wp\/v2\/product\/482","targetHints":{"allow":["GET"]}}],"collection":[{"href":"https:\/\/kanakydesign.com\/fr\/wp-json\/wp\/v2\/product"}],"about":[{"href":"https:\/\/kanakydesign.com\/fr\/wp-json\/wp\/v2\/types\/product"}],"wp:featuredmedia":[{"embeddable":true,"href":"https:\/\/kanakydesign.com\/fr\/wp-json\/wp\/v2\/media\/1101"}],"wp:attachment":[{"href":"https:\/\/kanakydesign.com\/fr\/wp-json\/wp\/v2\/media?parent=482"}],"wp:term":[{"taxonomy":"product_brand","embeddable":true,"href":"https:\/\/kanakydesign.com\/fr\/wp-json\/wp\/v2\/product_brand?post=482"},{"taxonomy":"product_cat","embeddable":true,"href":"https:\/\/kanakydesign.com\/fr\/wp-json\/wp\/v2\/product_cat?post=482"},{"taxonomy":"product_tag","embeddable":true,"href":"https:\/\/kanakydesign.com\/fr\/wp-json\/wp\/v2\/product_tag?post=482"}],"curies":[{"name":"wp","href":"https:\/\/api.w.org\/{rel}","templated":true}]}}