{"id":474,"date":"2023-06-29T17:15:02","date_gmt":"2023-06-29T17:15:02","guid":{"rendered":"https:\/\/kanakydesign.com\/?post_type=product&#038;p=474"},"modified":"2026-04-12T20:02:58","modified_gmt":"2026-04-12T20:02:58","slug":"pantalla-uvb","status":"publish","type":"product","link":"https:\/\/kanakydesign.com\/fr\/produit\/pantalla-uvb\/","title":{"rendered":"\u00c9cran UVB T5"},"content":{"rendered":"<p data-start=\"175\" data-end=\"715\">Le <strong data-start=\"178\" data-end=\"205\">UVB T5 Arcadia<\/strong> avec tube <strong data-start=\"215\" data-end=\"230\">Arcadia D3+<\/strong> est l'une des options les plus compl\u00e8tes pour fournir <strong data-start=\"286\" data-end=\"311\">rayonnement UVB stable<\/strong> et un \u00e9clairage de terrarium de haute qualit\u00e9. Ce kit comprend <strong data-start=\"381\" data-end=\"412\">\u00e9cran T5 de haute qualit\u00e9<\/strong> et un <strong data-start=\"418\" data-end=\"447\">Tube UV T5 D3+ au choix<\/strong>, con\u00e7u pour fournir une \u00e9mission utile pendant <strong data-start=\"496\" data-end=\"515\">plus de 12 mois<\/strong> dans des conditions normales d'utilisation. C'est une solution id\u00e9ale si vous souhaitez un syst\u00e8me UVB fiable avec une bonne projection et une finition professionnelle pour les reptiles qui ont besoin d'UVB dans le cadre de leur routine quotidienne.<\/p>\n<h2 data-start=\"717\" data-end=\"778\">Kit complet : \u00e9cran + D3+ tube UV au choix (6% ou 12%)<\/h2>\n<p data-start=\"779\" data-end=\"890\">Avec la <strong data-start=\"786\" data-end=\"813\">UVB T5 Arcadia<\/strong>, Vous pouvez s\u00e9lectionner le tube le plus appropri\u00e9 en fonction du type d'esp\u00e8ce et du biotope :<\/p>\n<h3 data-start=\"892\" data-end=\"928\">\ud83c\udf3f Arcadia D3+ 6% UVB (tropical)<\/h3>\n<p data-start=\"929\" data-end=\"1184\">Les <strong data-start=\"932\" data-end=\"942\">6% UVB<\/strong> est destin\u00e9 aux esp\u00e8ces de <strong data-start=\"973\" data-end=\"994\">les climats tropicaux<\/strong>, o\u00f9 le soleil est filtr\u00e9 par la v\u00e9g\u00e9tation et le couvert des arbres. C'est un choix courant pour les terrariums plus couverts, avec des branches et des plantes, o\u00f9 l'animal re\u00e7oit des UVB plus mod\u00e9r\u00e9s.<\/p>\n<h3 data-start=\"1186\" data-end=\"1220\">\u2600\ufe0f Arcadia D3+ 12% UVB (agr\u00e9g\u00e9)<\/h3>\n<p data-start=\"1221\" data-end=\"1433\">Les <strong data-start=\"1224\" data-end=\"1235\">12% UVB<\/strong> est con\u00e7u pour les esp\u00e8ces de <strong data-start=\"1267\" data-end=\"1284\">climats arides<\/strong> avec une exposition au soleil plus importante. Il est id\u00e9al pour les installations avec des zones d'ensoleillement plus ouvertes et pour les reptiles qui ont besoin d'un apport d'UVB plus intense dans leur routine.<\/p>\n<blockquote data-start=\"1435\" data-end=\"1623\">\n<p data-start=\"1437\" data-end=\"1623\">Conseil : en plus du pourcentage, le <strong data-start=\"1472\" data-end=\"1485\">distance<\/strong> et le <strong data-start=\"1491\" data-end=\"1504\">r\u00e9flecteur<\/strong> ont une grande influence sur les UVB qui atteignent l'animal. Ajustez toujours l'installation en fonction de l'esp\u00e8ce et du point d'ensoleillement.<\/p>\n<\/blockquote>\n<h2 data-start=\"1625\" data-end=\"1690\">\ud83d\udd25 R\u00e9flecteur amovible : plus de lumi\u00e8re \u00e0 l'int\u00e9rieur du terrarium<\/h2>\n<p data-start=\"1691\" data-end=\"1955\">L'\u00e9cran int\u00e8gre un <strong data-start=\"1716\" data-end=\"1739\">r\u00e9flecteur amovible<\/strong> qui aide \u00e0 diriger la lumi\u00e8re vers le bas, am\u00e9liorant ainsi l'utilisation de l'\u00e9mission \u00e0 l'int\u00e9rieur du terrarium. Cela permet un \u00e9clairage plus efficace et une zone d'ensoleillement mieux d\u00e9finie sans \u201cperte\u201d de lumi\u00e8re au plafond.<\/p>\n<h2 data-start=\"1957\" data-end=\"2002\">\ud83c\udf08 7000K : couleurs naturelles sans scintillement<\/h2>\n<p data-start=\"2003\" data-end=\"2347\">Avec une temp\u00e9rature de couleur de <strong data-start=\"2035\" data-end=\"2044\">7000K<\/strong>, Cet \u00e9cran offre une lumi\u00e8re blanche de type lumi\u00e8re du jour qui am\u00e9liore la visibilit\u00e9 du terrarium et le pr\u00e9sente sous une lumi\u00e8re blanche claire et lumineuse. <strong data-start=\"2147\" data-end=\"2172\">des couleurs plus naturelles<\/strong>. En outre, il est con\u00e7u pour fonctionner <strong data-start=\"2211\" data-end=\"2227\">sans scintillement<\/strong>, Ceci est important pour r\u00e9duire le stress visuel chez les animaux sensibles et pour rendre l'exp\u00e9rience quotidienne plus agr\u00e9able.<\/p>\n<h2 data-start=\"2349\" data-end=\"2412\">\ud83e\udde9 Recommandation pour l'assemblage complet (liens internes)<\/h2>\n<p data-start=\"2413\" data-end=\"2479\">Pour une installation s\u00fbre et optimis\u00e9e, vous pouvez le combiner avec :<\/p>\n<ul data-start=\"2480\" data-end=\"2714\">\n<li data-start=\"2480\" data-end=\"2598\">\n<p data-start=\"2482\" data-end=\"2598\"><strong data-start=\"2482\" data-end=\"2532\"><a href=\"https:\/\/kanakydesign.com\/fr\/produit\/jaula-protectora-pantalla-uvb\/\">Cage de protection<\/a> pour Arcadia UVB T5<\/strong> (si l'animal peut s'approcher)<\/p>\n<\/li>\n<li data-start=\"2599\" data-end=\"2714\">\n<p data-start=\"2601\" data-end=\"2714\"><a href=\"https:\/\/kanakydesign.com\/fr\/produit\/termostato-dia-noche\/\"><strong data-start=\"2601\" data-end=\"2633\">Contr\u00f4leurs\/temporisateurs<\/strong><\/a> pour la photop\u00e9riode<\/p>\n<\/li>\n<\/ul>\n<p data-start=\"2716\" data-end=\"2802\">\ud83d\udc49 Plus d'\u00e9clairages et d'accessoires pour terrariums sur <strong data-start=\"2766\" data-end=\"2801\"><a class=\"decorated-link\" href=\"https:\/\/kanakydesign.com\/fr\/categoria\/accesorios\/iluminacion\/\" target=\"_new\" rel=\"noopener\" data-start=\"2768\" data-end=\"2799\">https:\/\/www.kanakydesign.com\/<\/a><\/strong><\/p>","protected":false},"excerpt":{"rendered":"<p>Il comprend un tube UV T5 D3+ de votre choix et un \u00e9cran de haute qualit\u00e9 qui assure un rayonnement pendant plus de 12 mois. Son r\u00e9flecteur amovible permet une r\u00e9flexion parfaite de la lumi\u00e8re dans le terrarium. Temp\u00e9rature de 7000K, couleurs naturelles et sans scintillement.<\/p>\n<ul>\n<li>6% UV con\u00e7u pour les esp\u00e8ces des climats tropicaux o\u00f9 le soleil filtre \u00e0 travers la canop\u00e9e.<\/li>\n<li>12% UV con\u00e7u pour les esp\u00e8ces des climats arides fortement expos\u00e9s au soleil.<\/li>\n<\/ul>","protected":false},"featured_media":1104,"template":"","meta":[],"product_brand":[],"product_cat":[23,25],"product_tag":[330,193,334,337,333,343,341,332,340,342,336,335,339,338],"class_list":{"0":"post-474","1":"product","2":"type-product","3":"status-publish","4":"has-post-thumbnail","6":"product_cat-accesorios","7":"product_cat-iluminacion","8":"product_tag-accesorios-arcadia-terrario","9":"product_tag-arcadia","10":"product_tag-arcadia-d3-t5","11":"product_tag-iluminacion-uvb-reptiles","12":"product_tag-kit-uvb-t5-terrario","13":"product_tag-lampara-uvb-t5","14":"product_tag-luz-7000k-terrario","15":"product_tag-pantalla-uvb-t5-arcadia","16":"product_tag-reflector-arcadia-t5","17":"product_tag-sin-parpadeo-terrario","18":"product_tag-tubo-uvb-12-arcadia","19":"product_tag-tubo-uvb-6-arcadia","20":"product_tag-uvb-terrario-arido","21":"product_tag-uvb-terrario-tropical","23":"first","24":"instock","25":"taxable","26":"shipping-taxable","27":"purchasable","28":"product-type-variable"},"yoast_head":"<!-- This site is optimized with the Yoast SEO plugin v27.4 - https:\/\/yoast.com\/product\/yoast-seo-wordpress\/ -->\n<title>Pantalla UVB T5 | KanakyDesign Enclosures<\/title>\n<meta name=\"description\" content=\"Pantalla UVB T5 Arcadia con tubo D3+ 6% o 12%. Reflector extra\u00edble, 7000K sin parpadeo y emisi\u00f3n \u00fatil por m\u00e1s de 12 meses en terrario.\" \/>\n<meta name=\"robots\" content=\"index, follow, max-snippet:-1, max-image-preview:large, max-video-preview:-1\" \/>\n<link rel=\"canonical\" href=\"https:\/\/kanakydesign.com\/fr\/produit\/pantalla-uvb\/\" \/>\n<meta property=\"og:locale\" content=\"fr_FR\" \/>\n<meta property=\"og:type\" content=\"article\" \/>\n<meta property=\"og:title\" content=\"Pantalla UVB T5 | KanakyDesign Enclosures\" \/>\n<meta property=\"og:description\" content=\"Pantalla UVB T5 Arcadia con tubo D3+ 6% o 12%. Reflector extra\u00edble, 7000K sin parpadeo y emisi\u00f3n \u00fatil por m\u00e1s de 12 meses en terrario.\" \/>\n<meta property=\"og:url\" content=\"https:\/\/kanakydesign.com\/fr\/produit\/pantalla-uvb\/\" \/>\n<meta property=\"og:site_name\" content=\"KanakyDesign Enclosures\" \/>\n<meta property=\"article:modified_time\" content=\"2026-04-12T20:02:58+00:00\" \/>\n<meta property=\"og:image\" content=\"https:\/\/kanakydesign.com\/wp-content\/uploads\/2023\/09\/DSC2852-scaled.jpg\" \/>\n\t<meta property=\"og:image:width\" content=\"2560\" \/>\n\t<meta property=\"og:image:height\" content=\"2560\" \/>\n\t<meta property=\"og:image:type\" content=\"image\/jpeg\" \/>\n<meta name=\"twitter:card\" content=\"summary_large_image\" \/>\n<meta name=\"twitter:label1\" content=\"Dur\u00e9e de lecture estim\u00e9e\" \/>\n\t<meta name=\"twitter:data1\" content=\"2 minutes\" \/>\n<script type=\"application\/ld+json\" class=\"yoast-schema-graph\">{\"@context\":\"https:\\\/\\\/schema.org\",\"@graph\":[{\"@type\":\"WebPage\",\"@id\":\"https:\\\/\\\/kanakydesign.com\\\/producto\\\/pantalla-uvb\\\/\",\"url\":\"https:\\\/\\\/kanakydesign.com\\\/producto\\\/pantalla-uvb\\\/\",\"name\":\"Pantalla UVB T5 | KanakyDesign Enclosures\",\"isPartOf\":{\"@id\":\"https:\\\/\\\/kanakydesign.com\\\/#website\"},\"primaryImageOfPage\":{\"@id\":\"https:\\\/\\\/kanakydesign.com\\\/producto\\\/pantalla-uvb\\\/#primaryimage\"},\"image\":{\"@id\":\"https:\\\/\\\/kanakydesign.com\\\/producto\\\/pantalla-uvb\\\/#primaryimage\"},\"thumbnailUrl\":\"https:\\\/\\\/kanakydesign.com\\\/wp-content\\\/uploads\\\/2023\\\/09\\\/DSC2852-scaled.jpg\",\"datePublished\":\"2023-06-29T17:15:02+00:00\",\"dateModified\":\"2026-04-12T20:02:58+00:00\",\"description\":\"Pantalla UVB T5 Arcadia con tubo D3+ 6% o 12%. Reflector extra\u00edble, 7000K sin parpadeo y emisi\u00f3n \u00fatil por m\u00e1s de 12 meses en terrario.\",\"breadcrumb\":{\"@id\":\"https:\\\/\\\/kanakydesign.com\\\/producto\\\/pantalla-uvb\\\/#breadcrumb\"},\"inLanguage\":\"fr-FR\",\"potentialAction\":[{\"@type\":\"ReadAction\",\"target\":[\"https:\\\/\\\/kanakydesign.com\\\/producto\\\/pantalla-uvb\\\/\"]}]},{\"@type\":\"ImageObject\",\"inLanguage\":\"fr-FR\",\"@id\":\"https:\\\/\\\/kanakydesign.com\\\/producto\\\/pantalla-uvb\\\/#primaryimage\",\"url\":\"https:\\\/\\\/kanakydesign.com\\\/wp-content\\\/uploads\\\/2023\\\/09\\\/DSC2852-scaled.jpg\",\"contentUrl\":\"https:\\\/\\\/kanakydesign.com\\\/wp-content\\\/uploads\\\/2023\\\/09\\\/DSC2852-scaled.jpg\",\"width\":2560,\"height\":2560},{\"@type\":\"BreadcrumbList\",\"@id\":\"https:\\\/\\\/kanakydesign.com\\\/producto\\\/pantalla-uvb\\\/#breadcrumb\",\"itemListElement\":[{\"@type\":\"ListItem\",\"position\":1,\"name\":\"Portada\",\"item\":\"https:\\\/\\\/kanakydesign.com\\\/\"},{\"@type\":\"ListItem\",\"position\":2,\"name\":\"Tienda\",\"item\":\"https:\\\/\\\/kanakydesign.com\\\/tienda\\\/\"},{\"@type\":\"ListItem\",\"position\":3,\"name\":\"Pantalla UVB T5\"}]},{\"@type\":\"WebSite\",\"@id\":\"https:\\\/\\\/kanakydesign.com\\\/#website\",\"url\":\"https:\\\/\\\/kanakydesign.com\\\/\",\"name\":\"KanakyDesign Enclosures\",\"description\":\"Become a professional keeper\",\"publisher\":{\"@id\":\"https:\\\/\\\/kanakydesign.com\\\/#organization\"},\"alternateName\":\"KanakyDesign\",\"potentialAction\":[{\"@type\":\"SearchAction\",\"target\":{\"@type\":\"EntryPoint\",\"urlTemplate\":\"https:\\\/\\\/kanakydesign.com\\\/?s={search_term_string}\"},\"query-input\":{\"@type\":\"PropertyValueSpecification\",\"valueRequired\":true,\"valueName\":\"search_term_string\"}}],\"inLanguage\":\"fr-FR\"},{\"@type\":\"Organization\",\"@id\":\"https:\\\/\\\/kanakydesign.com\\\/#organization\",\"name\":\"KanakyDesign Enclosures\",\"alternateName\":\"KanakyDesign\",\"url\":\"https:\\\/\\\/kanakydesign.com\\\/\",\"logo\":{\"@type\":\"ImageObject\",\"inLanguage\":\"fr-FR\",\"@id\":\"https:\\\/\\\/kanakydesign.com\\\/#\\\/schema\\\/logo\\\/image\\\/\",\"url\":\"https:\\\/\\\/kanakydesign.com\\\/wp-content\\\/uploads\\\/2023\\\/06\\\/Logo-KanakyDesign-circular-negro-1.png\",\"contentUrl\":\"https:\\\/\\\/kanakydesign.com\\\/wp-content\\\/uploads\\\/2023\\\/06\\\/Logo-KanakyDesign-circular-negro-1.png\",\"width\":2000,\"height\":2000,\"caption\":\"KanakyDesign Enclosures\"},\"image\":{\"@id\":\"https:\\\/\\\/kanakydesign.com\\\/#\\\/schema\\\/logo\\\/image\\\/\"}}]}<\/script>\n<!-- \/ Yoast SEO plugin. -->","yoast_head_json":{"title":"Abat-jour UVB T5 | KanakyDesign Enclosures","description":"Ecran Arcadia UVB T5 avec tube D3+ 6% ou 12%. R\u00e9flecteur amovible, 7000K sans scintillement et \u00e9mission utile pendant plus de 12 mois dans le terrarium.","robots":{"index":"index","follow":"follow","max-snippet":"max-snippet:-1","max-image-preview":"max-image-preview:large","max-video-preview":"max-video-preview:-1"},"canonical":"https:\/\/kanakydesign.com\/fr\/produit\/pantalla-uvb\/","og_locale":"fr_FR","og_type":"article","og_title":"Pantalla UVB T5 | KanakyDesign Enclosures","og_description":"Pantalla UVB T5 Arcadia con tubo D3+ 6% o 12%. Reflector extra\u00edble, 7000K sin parpadeo y emisi\u00f3n \u00fatil por m\u00e1s de 12 meses en terrario.","og_url":"https:\/\/kanakydesign.com\/fr\/produit\/pantalla-uvb\/","og_site_name":"KanakyDesign Enclosures","article_modified_time":"2026-04-12T20:02:58+00:00","og_image":[{"width":2560,"height":2560,"url":"https:\/\/kanakydesign.com\/wp-content\/uploads\/2023\/09\/DSC2852-scaled.jpg","type":"image\/jpeg"}],"twitter_card":"summary_large_image","twitter_misc":{"Dur\u00e9e de lecture estim\u00e9e":"2 minutes"},"schema":{"@context":"https:\/\/schema.org","@graph":[{"@type":"WebPage","@id":"https:\/\/kanakydesign.com\/producto\/pantalla-uvb\/","url":"https:\/\/kanakydesign.com\/producto\/pantalla-uvb\/","name":"Abat-jour UVB T5 | KanakyDesign Enclosures","isPartOf":{"@id":"https:\/\/kanakydesign.com\/#website"},"primaryImageOfPage":{"@id":"https:\/\/kanakydesign.com\/producto\/pantalla-uvb\/#primaryimage"},"image":{"@id":"https:\/\/kanakydesign.com\/producto\/pantalla-uvb\/#primaryimage"},"thumbnailUrl":"https:\/\/kanakydesign.com\/wp-content\/uploads\/2023\/09\/DSC2852-scaled.jpg","datePublished":"2023-06-29T17:15:02+00:00","dateModified":"2026-04-12T20:02:58+00:00","description":"Ecran Arcadia UVB T5 avec tube D3+ 6% ou 12%. R\u00e9flecteur amovible, 7000K sans scintillement et \u00e9mission utile pendant plus de 12 mois dans le terrarium.","breadcrumb":{"@id":"https:\/\/kanakydesign.com\/producto\/pantalla-uvb\/#breadcrumb"},"inLanguage":"fr-FR","potentialAction":[{"@type":"ReadAction","target":["https:\/\/kanakydesign.com\/producto\/pantalla-uvb\/"]}]},{"@type":"ImageObject","inLanguage":"fr-FR","@id":"https:\/\/kanakydesign.com\/producto\/pantalla-uvb\/#primaryimage","url":"https:\/\/kanakydesign.com\/wp-content\/uploads\/2023\/09\/DSC2852-scaled.jpg","contentUrl":"https:\/\/kanakydesign.com\/wp-content\/uploads\/2023\/09\/DSC2852-scaled.jpg","width":2560,"height":2560},{"@type":"BreadcrumbList","@id":"https:\/\/kanakydesign.com\/producto\/pantalla-uvb\/#breadcrumb","itemListElement":[{"@type":"ListItem","position":1,"name":"Portada","item":"https:\/\/kanakydesign.com\/"},{"@type":"ListItem","position":2,"name":"Tienda","item":"https:\/\/kanakydesign.com\/tienda\/"},{"@type":"ListItem","position":3,"name":"Pantalla UVB T5"}]},{"@type":"WebSite","@id":"https:\/\/kanakydesign.com\/#website","url":"https:\/\/kanakydesign.com\/","name":"KanakyDesign Enclosures","description":"Become a professional keeper","publisher":{"@id":"https:\/\/kanakydesign.com\/#organization"},"alternateName":"KanakyDesign","potentialAction":[{"@type":"SearchAction","target":{"@type":"EntryPoint","urlTemplate":"https:\/\/kanakydesign.com\/?s={search_term_string}"},"query-input":{"@type":"PropertyValueSpecification","valueRequired":true,"valueName":"search_term_string"}}],"inLanguage":"fr-FR"},{"@type":"Organization","@id":"https:\/\/kanakydesign.com\/#organization","name":"KanakyDesign Enclosures","alternateName":"KanakyDesign","url":"https:\/\/kanakydesign.com\/","logo":{"@type":"ImageObject","inLanguage":"fr-FR","@id":"https:\/\/kanakydesign.com\/#\/schema\/logo\/image\/","url":"https:\/\/kanakydesign.com\/wp-content\/uploads\/2023\/06\/Logo-KanakyDesign-circular-negro-1.png","contentUrl":"https:\/\/kanakydesign.com\/wp-content\/uploads\/2023\/06\/Logo-KanakyDesign-circular-negro-1.png","width":2000,"height":2000,"caption":"KanakyDesign Enclosures"},"image":{"@id":"https:\/\/kanakydesign.com\/#\/schema\/logo\/image\/"}}]}},"_links":{"self":[{"href":"https:\/\/kanakydesign.com\/fr\/wp-json\/wp\/v2\/product\/474","targetHints":{"allow":["GET"]}}],"collection":[{"href":"https:\/\/kanakydesign.com\/fr\/wp-json\/wp\/v2\/product"}],"about":[{"href":"https:\/\/kanakydesign.com\/fr\/wp-json\/wp\/v2\/types\/product"}],"wp:featuredmedia":[{"embeddable":true,"href":"https:\/\/kanakydesign.com\/fr\/wp-json\/wp\/v2\/media\/1104"}],"wp:attachment":[{"href":"https:\/\/kanakydesign.com\/fr\/wp-json\/wp\/v2\/media?parent=474"}],"wp:term":[{"taxonomy":"product_brand","embeddable":true,"href":"https:\/\/kanakydesign.com\/fr\/wp-json\/wp\/v2\/product_brand?post=474"},{"taxonomy":"product_cat","embeddable":true,"href":"https:\/\/kanakydesign.com\/fr\/wp-json\/wp\/v2\/product_cat?post=474"},{"taxonomy":"product_tag","embeddable":true,"href":"https:\/\/kanakydesign.com\/fr\/wp-json\/wp\/v2\/product_tag?post=474"}],"curies":[{"name":"wp","href":"https:\/\/api.w.org\/{rel}","templated":true}]}}