{"id":252,"date":"2023-06-27T14:46:46","date_gmt":"2023-06-27T14:46:46","guid":{"rendered":"https:\/\/kanakydesign.com\/?post_type=product&#038;p=252"},"modified":"2026-04-11T16:56:57","modified_gmt":"2026-04-11T16:56:57","slug":"barra-led","status":"publish","type":"product","link":"https:\/\/kanakydesign.com\/fr\/produit\/barra-led\/","title":{"rendered":"Barre LED"},"content":{"rendered":"<p data-start=\"172\" data-end=\"617\">Le <strong data-start=\"175\" data-end=\"213\">Bande LED T5 6500K pour terrariums<\/strong> est une solution d'\u00e9clairage pratique et efficace lorsque vous recherchez une lumi\u00e8re <strong data-start=\"288\" data-end=\"300\">uniforme<\/strong>, La lumi\u00e8re est agr\u00e9able et de tonalit\u00e9 \u201clumi\u00e8re du jour\u201d, id\u00e9ale pour les plantations, les zones de travail ou les terrariums o\u00f9 l'on souhaite une excellente visibilit\u00e9. Gr\u00e2ce \u00e0 son <strong data-start=\"450\" data-end=\"480\">Angle d'ouverture de 120<\/strong>, La lumi\u00e8re est diffus\u00e9e largement, ce qui r\u00e9duit les ombres dures et r\u00e9partit l'\u00e9clairage plus uniform\u00e9ment dans le terrarium.<\/p>\n<h2 data-start=\"619\" data-end=\"663\">Eclairage homog\u00e8ne avec une ouverture de 120\u00b0.<\/h2>\n<p data-start=\"664\" data-end=\"1026\">L'un de ses principaux avantages est la <strong data-start=\"698\" data-end=\"713\">Faisceau de 120<\/strong>, ce qui permet de mieux couvrir la surface du terrarium. Ceci est particuli\u00e8rement utile pour les terrariums allong\u00e9s ou les terrariums avec des d\u00e9corations qui ont tendance \u00e0 cr\u00e9er des zones sombres. Avec un <strong data-start=\"876\" data-end=\"900\">Bande LED T5 6500K<\/strong>, Le r\u00e9sultat est un aspect plus propre et plus naturel, am\u00e9liorant l'esth\u00e9tique de l'installation et facilitant l'entretien quotidien.<\/p>\n<h2 data-start=\"1028\" data-end=\"1077\">\ud83c\udf3f 6500K \u201clumi\u00e8re du jour\u201d : luminosit\u00e9 et aspect naturel<\/h2>\n<p data-start=\"1078\" data-end=\"1388\">Temp\u00e9rature de couleur <strong data-start=\"1102\" data-end=\"1111\">6500K<\/strong> fournit une lumi\u00e8re blanche semblable \u00e0 la lumi\u00e8re du jour, id\u00e9ale pour rehausser les couleurs et les textures dans le terrarium. Dans les terrariums d\u00e9coratifs, il am\u00e9liore la perception de la profondeur et contraste bien avec le bois, les roches et les mousses.<\/p>\n<h2 data-start=\"1390\" data-end=\"1445\">\ud83d\udee1\ufe0f Mat\u00e9riaux r\u00e9sistants : aluminium + polycarbonate<\/h2>\n<p data-start=\"1446\" data-end=\"1662\">La barrette d'alimentation a <strong data-start=\"1468\" data-end=\"1491\">bo\u00eetier en aluminium<\/strong> y <strong data-start=\"1494\" data-end=\"1523\">couvercle en polycarbonate<\/strong>, des mat\u00e9riaux choisis pour leur r\u00e9sistance et leur durabilit\u00e9. Ils sont con\u00e7us pour r\u00e9sister aux conditions habituelles des terrariums et des zones humides :<\/p>\n<ul data-start=\"1663\" data-end=\"1785\">\n<li data-start=\"1663\" data-end=\"1721\">\n<p data-start=\"1665\" data-end=\"1721\">la r\u00e9sistance aux <strong data-start=\"1680\" data-end=\"1688\">l'eau<\/strong> (\u00e9claboussures\/environnement humide)<\/p>\n<\/li>\n<li data-start=\"1722\" data-end=\"1750\">\n<p data-start=\"1724\" data-end=\"1750\">la r\u00e9sistance aux <strong data-start=\"1739\" data-end=\"1748\">poudre<\/strong><\/p>\n<\/li>\n<li data-start=\"1751\" data-end=\"1785\">\n<p data-start=\"1753\" data-end=\"1785\">la r\u00e9sistance aux <strong data-start=\"1770\" data-end=\"1783\">corrosion<\/strong><\/p>\n<\/li>\n<\/ul>\n<p data-start=\"1787\" data-end=\"1951\">Cela en fait une option int\u00e9ressante pour les terrariums tropicaux ou les \u00e9tag\u00e8res o\u00f9 l'humidit\u00e9 et la condensation sont fr\u00e9quentes (sans \u00eatre submersibles).<\/p>\n<h2 data-start=\"1953\" data-end=\"1985\">\ud83d\udd0c C\u00e2ble d'alimentation inclus<\/h2>\n<p data-start=\"1986\" data-end=\"2246\">Comprend <strong data-start=\"1994\" data-end=\"2016\">c\u00e2ble d'alimentation<\/strong>, La lampe peut \u00eatre install\u00e9e rapidement et proprement. C'est un bon choix si vous recherchez un \u00e9clairage simple pour compl\u00e9ter d'autres sources (par exemple les UVB pour les reptiles qui en ont besoin) ou pour fournir un \u00e9clairage g\u00e9n\u00e9ral \u00e0 un terrarium plant\u00e9.<\/p>\n<p data-start=\"2248\" data-end=\"2422\">\ud83d\udc49 D\u00e9couvrez d'autres \u00e9clairages et accessoires pour terrariums sur <strong data-start=\"2308\" data-end=\"2343\"><a class=\"decorated-link\" href=\"https:\/\/kanakydesign.com\/fr\/categoria\/accesorios\/iluminacion\/\" target=\"_new\" rel=\"noopener\" data-start=\"2310\" data-end=\"2341\">https:\/\/www.kanakydesign.com\/<\/a><\/strong>, et compl\u00e9tez votre installation avec des contr\u00f4leurs et des minuteries lorsque vous en avez besoin.<\/p>","protected":false},"excerpt":{"rendered":"<p align=\"justify\">La bande LED T5 6500K fournit un \u00e9clairage tr\u00e8s homog\u00e8ne gr\u00e2ce \u00e0 l'angle d'ouverture du faisceau de 120\u00b0. Elle poss\u00e8de un bo\u00eetier en aluminium et un couvercle en polycarbonate, des mat\u00e9riaux r\u00e9sistants \u00e0 l'eau, \u00e0 la poussi\u00e8re et \u00e0 la corrosion. C\u00e2ble d'alimentation inclus.<\/p>","protected":false},"featured_media":1099,"template":"","meta":[],"product_brand":[],"product_cat":[23,25],"product_tag":[272,318,319,320,312,316,313,317,315,311,314,309,310],"class_list":{"0":"post-252","1":"product","2":"type-product","3":"status-publish","4":"has-post-thumbnail","6":"product_cat-accesorios","7":"product_cat-iluminacion","8":"product_tag-accesorios-iluminacion-terrario","9":"product_tag-carcasa-aluminio-led","10":"product_tag-cubierta-policarbonato-led","11":"product_tag-iluminacion-resistente-humedad","12":"product_tag-iluminacion-terrario-led","13":"product_tag-iluminacion-terrario-plantado","14":"product_tag-led-6500k-terrario","15":"product_tag-luz-blanca-dia-terrario","16":"product_tag-luz-homogenea-terrario","17":"product_tag-luz-t5-terrario","18":"product_tag-regleta-led-120o","19":"product_tag-regleta-led-t5-6500k","20":"product_tag-regleta-led-terrario","22":"first","23":"instock","24":"taxable","25":"shipping-taxable","26":"purchasable","27":"product-type-variable"},"yoast_head":"<!-- This site is optimized with the Yoast SEO plugin v27.4 - https:\/\/yoast.com\/product\/yoast-seo-wordpress\/ -->\n<title>Barra LED | KanakyDesign Enclosures<\/title>\n<meta name=\"description\" content=\"Regleta LED T5 6500K con haz 120\u00ba para iluminaci\u00f3n homog\u00e9nea. Carcasa de aluminio y cubierta de policarbonato resistentes al agua, polvo y corrosi\u00f3n.\" \/>\n<meta name=\"robots\" content=\"index, follow, max-snippet:-1, max-image-preview:large, max-video-preview:-1\" \/>\n<link rel=\"canonical\" href=\"https:\/\/kanakydesign.com\/fr\/produit\/barra-led\/\" \/>\n<meta property=\"og:locale\" content=\"fr_FR\" \/>\n<meta property=\"og:type\" content=\"article\" \/>\n<meta property=\"og:title\" content=\"Barra LED | KanakyDesign Enclosures\" \/>\n<meta property=\"og:description\" content=\"Regleta LED T5 6500K con haz 120\u00ba para iluminaci\u00f3n homog\u00e9nea. Carcasa de aluminio y cubierta de policarbonato resistentes al agua, polvo y corrosi\u00f3n.\" \/>\n<meta property=\"og:url\" content=\"https:\/\/kanakydesign.com\/fr\/produit\/barra-led\/\" \/>\n<meta property=\"og:site_name\" content=\"KanakyDesign Enclosures\" \/>\n<meta property=\"article:modified_time\" content=\"2026-04-11T16:56:57+00:00\" \/>\n<meta property=\"og:image\" content=\"https:\/\/kanakydesign.com\/wp-content\/uploads\/2023\/09\/DSC2839-scaled.jpg\" \/>\n\t<meta property=\"og:image:width\" content=\"2560\" \/>\n\t<meta property=\"og:image:height\" content=\"2560\" \/>\n\t<meta property=\"og:image:type\" content=\"image\/jpeg\" \/>\n<meta name=\"twitter:card\" content=\"summary_large_image\" \/>\n<meta name=\"twitter:label1\" content=\"Dur\u00e9e de lecture estim\u00e9e\" \/>\n\t<meta name=\"twitter:data1\" content=\"2 minutes\" \/>\n<script type=\"application\/ld+json\" class=\"yoast-schema-graph\">{\"@context\":\"https:\\\/\\\/schema.org\",\"@graph\":[{\"@type\":\"WebPage\",\"@id\":\"https:\\\/\\\/kanakydesign.com\\\/producto\\\/barra-led\\\/\",\"url\":\"https:\\\/\\\/kanakydesign.com\\\/producto\\\/barra-led\\\/\",\"name\":\"Barra LED | KanakyDesign Enclosures\",\"isPartOf\":{\"@id\":\"https:\\\/\\\/kanakydesign.com\\\/#website\"},\"primaryImageOfPage\":{\"@id\":\"https:\\\/\\\/kanakydesign.com\\\/producto\\\/barra-led\\\/#primaryimage\"},\"image\":{\"@id\":\"https:\\\/\\\/kanakydesign.com\\\/producto\\\/barra-led\\\/#primaryimage\"},\"thumbnailUrl\":\"https:\\\/\\\/kanakydesign.com\\\/wp-content\\\/uploads\\\/2023\\\/09\\\/DSC2839-scaled.jpg\",\"datePublished\":\"2023-06-27T14:46:46+00:00\",\"dateModified\":\"2026-04-11T16:56:57+00:00\",\"description\":\"Regleta LED T5 6500K con haz 120\u00ba para iluminaci\u00f3n homog\u00e9nea. Carcasa de aluminio y cubierta de policarbonato resistentes al agua, polvo y corrosi\u00f3n.\",\"breadcrumb\":{\"@id\":\"https:\\\/\\\/kanakydesign.com\\\/producto\\\/barra-led\\\/#breadcrumb\"},\"inLanguage\":\"fr-FR\",\"potentialAction\":[{\"@type\":\"ReadAction\",\"target\":[\"https:\\\/\\\/kanakydesign.com\\\/producto\\\/barra-led\\\/\"]}]},{\"@type\":\"ImageObject\",\"inLanguage\":\"fr-FR\",\"@id\":\"https:\\\/\\\/kanakydesign.com\\\/producto\\\/barra-led\\\/#primaryimage\",\"url\":\"https:\\\/\\\/kanakydesign.com\\\/wp-content\\\/uploads\\\/2023\\\/09\\\/DSC2839-scaled.jpg\",\"contentUrl\":\"https:\\\/\\\/kanakydesign.com\\\/wp-content\\\/uploads\\\/2023\\\/09\\\/DSC2839-scaled.jpg\",\"width\":2560,\"height\":2560},{\"@type\":\"BreadcrumbList\",\"@id\":\"https:\\\/\\\/kanakydesign.com\\\/producto\\\/barra-led\\\/#breadcrumb\",\"itemListElement\":[{\"@type\":\"ListItem\",\"position\":1,\"name\":\"Portada\",\"item\":\"https:\\\/\\\/kanakydesign.com\\\/\"},{\"@type\":\"ListItem\",\"position\":2,\"name\":\"Tienda\",\"item\":\"https:\\\/\\\/kanakydesign.com\\\/tienda\\\/\"},{\"@type\":\"ListItem\",\"position\":3,\"name\":\"Barra LED\"}]},{\"@type\":\"WebSite\",\"@id\":\"https:\\\/\\\/kanakydesign.com\\\/#website\",\"url\":\"https:\\\/\\\/kanakydesign.com\\\/\",\"name\":\"KanakyDesign Enclosures\",\"description\":\"Become a professional keeper\",\"publisher\":{\"@id\":\"https:\\\/\\\/kanakydesign.com\\\/#organization\"},\"alternateName\":\"KanakyDesign\",\"potentialAction\":[{\"@type\":\"SearchAction\",\"target\":{\"@type\":\"EntryPoint\",\"urlTemplate\":\"https:\\\/\\\/kanakydesign.com\\\/?s={search_term_string}\"},\"query-input\":{\"@type\":\"PropertyValueSpecification\",\"valueRequired\":true,\"valueName\":\"search_term_string\"}}],\"inLanguage\":\"fr-FR\"},{\"@type\":\"Organization\",\"@id\":\"https:\\\/\\\/kanakydesign.com\\\/#organization\",\"name\":\"KanakyDesign Enclosures\",\"alternateName\":\"KanakyDesign\",\"url\":\"https:\\\/\\\/kanakydesign.com\\\/\",\"logo\":{\"@type\":\"ImageObject\",\"inLanguage\":\"fr-FR\",\"@id\":\"https:\\\/\\\/kanakydesign.com\\\/#\\\/schema\\\/logo\\\/image\\\/\",\"url\":\"https:\\\/\\\/kanakydesign.com\\\/wp-content\\\/uploads\\\/2023\\\/06\\\/Logo-KanakyDesign-circular-negro-1.png\",\"contentUrl\":\"https:\\\/\\\/kanakydesign.com\\\/wp-content\\\/uploads\\\/2023\\\/06\\\/Logo-KanakyDesign-circular-negro-1.png\",\"width\":2000,\"height\":2000,\"caption\":\"KanakyDesign Enclosures\"},\"image\":{\"@id\":\"https:\\\/\\\/kanakydesign.com\\\/#\\\/schema\\\/logo\\\/image\\\/\"}}]}<\/script>\n<!-- \/ Yoast SEO plugin. -->","yoast_head_json":{"title":"Barre LED | Bo\u00eetiers KanakyDesign","description":"Bande LED T5 6500K avec faisceau de 120\u00b0 pour un \u00e9clairage homog\u00e8ne. Bo\u00eetier en aluminium et couvercle en polycarbonate r\u00e9sistant \u00e0 l'eau, \u00e0 la poussi\u00e8re et \u00e0 la corrosion.","robots":{"index":"index","follow":"follow","max-snippet":"max-snippet:-1","max-image-preview":"max-image-preview:large","max-video-preview":"max-video-preview:-1"},"canonical":"https:\/\/kanakydesign.com\/fr\/produit\/barra-led\/","og_locale":"fr_FR","og_type":"article","og_title":"Barra LED | KanakyDesign Enclosures","og_description":"Regleta LED T5 6500K con haz 120\u00ba para iluminaci\u00f3n homog\u00e9nea. Carcasa de aluminio y cubierta de policarbonato resistentes al agua, polvo y corrosi\u00f3n.","og_url":"https:\/\/kanakydesign.com\/fr\/produit\/barra-led\/","og_site_name":"KanakyDesign Enclosures","article_modified_time":"2026-04-11T16:56:57+00:00","og_image":[{"width":2560,"height":2560,"url":"https:\/\/kanakydesign.com\/wp-content\/uploads\/2023\/09\/DSC2839-scaled.jpg","type":"image\/jpeg"}],"twitter_card":"summary_large_image","twitter_misc":{"Dur\u00e9e de lecture estim\u00e9e":"2 minutes"},"schema":{"@context":"https:\/\/schema.org","@graph":[{"@type":"WebPage","@id":"https:\/\/kanakydesign.com\/producto\/barra-led\/","url":"https:\/\/kanakydesign.com\/producto\/barra-led\/","name":"Barre LED | Bo\u00eetiers KanakyDesign","isPartOf":{"@id":"https:\/\/kanakydesign.com\/#website"},"primaryImageOfPage":{"@id":"https:\/\/kanakydesign.com\/producto\/barra-led\/#primaryimage"},"image":{"@id":"https:\/\/kanakydesign.com\/producto\/barra-led\/#primaryimage"},"thumbnailUrl":"https:\/\/kanakydesign.com\/wp-content\/uploads\/2023\/09\/DSC2839-scaled.jpg","datePublished":"2023-06-27T14:46:46+00:00","dateModified":"2026-04-11T16:56:57+00:00","description":"Bande LED T5 6500K avec faisceau de 120\u00b0 pour un \u00e9clairage homog\u00e8ne. Bo\u00eetier en aluminium et couvercle en polycarbonate r\u00e9sistant \u00e0 l'eau, \u00e0 la poussi\u00e8re et \u00e0 la corrosion.","breadcrumb":{"@id":"https:\/\/kanakydesign.com\/producto\/barra-led\/#breadcrumb"},"inLanguage":"fr-FR","potentialAction":[{"@type":"ReadAction","target":["https:\/\/kanakydesign.com\/producto\/barra-led\/"]}]},{"@type":"ImageObject","inLanguage":"fr-FR","@id":"https:\/\/kanakydesign.com\/producto\/barra-led\/#primaryimage","url":"https:\/\/kanakydesign.com\/wp-content\/uploads\/2023\/09\/DSC2839-scaled.jpg","contentUrl":"https:\/\/kanakydesign.com\/wp-content\/uploads\/2023\/09\/DSC2839-scaled.jpg","width":2560,"height":2560},{"@type":"BreadcrumbList","@id":"https:\/\/kanakydesign.com\/producto\/barra-led\/#breadcrumb","itemListElement":[{"@type":"ListItem","position":1,"name":"Portada","item":"https:\/\/kanakydesign.com\/"},{"@type":"ListItem","position":2,"name":"Tienda","item":"https:\/\/kanakydesign.com\/tienda\/"},{"@type":"ListItem","position":3,"name":"Barra LED"}]},{"@type":"WebSite","@id":"https:\/\/kanakydesign.com\/#website","url":"https:\/\/kanakydesign.com\/","name":"KanakyDesign Enclosures","description":"Become a professional keeper","publisher":{"@id":"https:\/\/kanakydesign.com\/#organization"},"alternateName":"KanakyDesign","potentialAction":[{"@type":"SearchAction","target":{"@type":"EntryPoint","urlTemplate":"https:\/\/kanakydesign.com\/?s={search_term_string}"},"query-input":{"@type":"PropertyValueSpecification","valueRequired":true,"valueName":"search_term_string"}}],"inLanguage":"fr-FR"},{"@type":"Organization","@id":"https:\/\/kanakydesign.com\/#organization","name":"KanakyDesign Enclosures","alternateName":"KanakyDesign","url":"https:\/\/kanakydesign.com\/","logo":{"@type":"ImageObject","inLanguage":"fr-FR","@id":"https:\/\/kanakydesign.com\/#\/schema\/logo\/image\/","url":"https:\/\/kanakydesign.com\/wp-content\/uploads\/2023\/06\/Logo-KanakyDesign-circular-negro-1.png","contentUrl":"https:\/\/kanakydesign.com\/wp-content\/uploads\/2023\/06\/Logo-KanakyDesign-circular-negro-1.png","width":2000,"height":2000,"caption":"KanakyDesign Enclosures"},"image":{"@id":"https:\/\/kanakydesign.com\/#\/schema\/logo\/image\/"}}]}},"_links":{"self":[{"href":"https:\/\/kanakydesign.com\/fr\/wp-json\/wp\/v2\/product\/252","targetHints":{"allow":["GET"]}}],"collection":[{"href":"https:\/\/kanakydesign.com\/fr\/wp-json\/wp\/v2\/product"}],"about":[{"href":"https:\/\/kanakydesign.com\/fr\/wp-json\/wp\/v2\/types\/product"}],"wp:featuredmedia":[{"embeddable":true,"href":"https:\/\/kanakydesign.com\/fr\/wp-json\/wp\/v2\/media\/1099"}],"wp:attachment":[{"href":"https:\/\/kanakydesign.com\/fr\/wp-json\/wp\/v2\/media?parent=252"}],"wp:term":[{"taxonomy":"product_brand","embeddable":true,"href":"https:\/\/kanakydesign.com\/fr\/wp-json\/wp\/v2\/product_brand?post=252"},{"taxonomy":"product_cat","embeddable":true,"href":"https:\/\/kanakydesign.com\/fr\/wp-json\/wp\/v2\/product_cat?post=252"},{"taxonomy":"product_tag","embeddable":true,"href":"https:\/\/kanakydesign.com\/fr\/wp-json\/wp\/v2\/product_tag?post=252"}],"curies":[{"name":"wp","href":"https:\/\/api.w.org\/{rel}","templated":true}]}}