{"id":251,"date":"2023-06-27T14:44:27","date_gmt":"2023-06-27T14:44:27","guid":{"rendered":"https:\/\/kanakydesign.com\/?post_type=product&#038;p=251"},"modified":"2026-02-07T23:05:01","modified_gmt":"2026-02-07T23:05:01","slug":"casquillo-giratorio","status":"publish","type":"product","link":"https:\/\/kanakydesign.com\/fr\/produit\/casquillo-giratorio\/","title":{"rendered":"Douille rotative en c\u00e9ramique"},"content":{"rendered":"<p data-start=\"170\" data-end=\"627\">Les <strong data-start=\"173\" data-end=\"235\">douille c\u00e9ramique E27 pour terrarium avec support rotatif<\/strong> est le choix id\u00e9al si vous souhaitez une installation fixe et s\u00e9curis\u00e9e, mais avec l'avantage de pouvoir <strong data-start=\"326\" data-end=\"349\">orientation de la lampe<\/strong> pour mieux diriger la chaleur ou la lumi\u00e8re \u00e0 l'int\u00e9rieur du terrarium. Il comprend un <strong data-start=\"419\" data-end=\"465\">Porte-lampes en porcelaine de haute qualit\u00e9<\/strong> et un <strong data-start=\"471\" data-end=\"530\">c\u00e2ble d'alimentation avec prise europ\u00e9enne et interrupteur<\/strong>, offrant une solution pratique pour le montage de reptiles, d'amphibiens et d'autres animaux exotiques.<\/p>\n<h2 data-start=\"629\" data-end=\"697\">\u2705 Porcelaine de haute qualit\u00e9 - plus de s\u00e9curit\u00e9 pour les lampes chauffantes<\/h2>\n<p data-start=\"698\" data-end=\"1141\">Le pr\u00e9sent <strong data-start=\"703\" data-end=\"729\">douille en c\u00e9ramique<\/strong> (porcelaine) est con\u00e7u pour mieux fonctionner \u00e0 des temp\u00e9ratures plus \u00e9lev\u00e9es que les bagues en plastique. C'est pourquoi elle est particuli\u00e8rement recommand\u00e9e lors de l'utilisation de <strong data-start=\"887\" data-end=\"908\">lampes chauffantes<\/strong> (lumi\u00e8re solaire, halog\u00e8ne ou \u00e9metteurs c\u00e9ramiques) ou des ampoules qui g\u00e9n\u00e8rent une chaleur constante au point d'installation. Dans un terrarium, la s\u00e9curit\u00e9 de la douille est essentielle pour \u00e9viter les d\u00e9formations et maintenir une connexion stable.<\/p>\n<h2 data-start=\"1143\" data-end=\"1205\">\ud83d\udd04 Support rotatif : oriente la lampe l\u00e0 o\u00f9 vous en avez besoin<\/h2>\n<p data-start=\"1206\" data-end=\"1369\">La grande particularit\u00e9 de ce mod\u00e8le est son <strong data-start=\"1253\" data-end=\"1274\">support rotatif<\/strong>, qui permet d'ajuster l'orientation une fois qu'il est viss\u00e9 au plafond du terrarium. Cela permet de :<\/p>\n<ul data-start=\"1370\" data-end=\"1586\">\n<li data-start=\"1370\" data-end=\"1427\">\n<p data-start=\"1372\" data-end=\"1427\">diriger la chaleur vers une zone sp\u00e9cifique (point chaud)<\/p>\n<\/li>\n<li data-start=\"1428\" data-end=\"1523\">\n<p data-start=\"1430\" data-end=\"1523\">\u00e9viter de braquer le projecteur sur des \u00e9l\u00e9ments sensibles (plantes d\u00e9licates, d\u00e9coration tr\u00e8s proche).<\/p>\n<\/li>\n<li data-start=\"1524\" data-end=\"1586\">\n<p data-start=\"1526\" data-end=\"1586\">optimiser le gradient thermique sans repositionner l'ensemble du syst\u00e8me<\/p>\n<\/li>\n<\/ul>\n<h2 data-start=\"1588\" data-end=\"1633\">\ud83d\udd25 Compatible avec les ampoules E27 jusqu'\u00e0 150W<\/h2>\n<p data-start=\"1634\" data-end=\"1876\">La douille est compatible avec le filetage <strong data-start=\"1671\" data-end=\"1678\">E27<\/strong> et admet <strong data-start=\"1688\" data-end=\"1714\">lampes jusqu'\u00e0 150W<\/strong>, couvrant les utilisations les plus courantes dans les terrariums domestiques. Le respect de la limite de puissance est essentiel pour une installation s\u00fbre et durable.<\/p>\n<h2 data-start=\"1878\" data-end=\"1923\">\ud83d\udd0c Prise europ\u00e9enne et interrupteur int\u00e9gr\u00e9<\/h2>\n<p data-start=\"1924\" data-end=\"2166\">Le c\u00e2ble incorpore <strong data-start=\"1943\" data-end=\"1962\">Prise europ\u00e9enne<\/strong> et un <strong data-start=\"1968\" data-end=\"1983\">interrupteur<\/strong> pour faciliter l'allumage et l'extinction lors de l'entretien, du nettoyage ou du remplacement des ampoules. Cela am\u00e9liore la commodit\u00e9 et r\u00e9duit les manipulations inutiles de la prise ou des multiprises.<\/p>\n<h2 data-start=\"2168\" data-end=\"2231\">\ud83d\udee0\ufe0f Installation au plafond fixe (recommandations de s\u00e9curit\u00e9)<\/h2>\n<p data-start=\"2232\" data-end=\"2495\">Il s'agit d'un <strong data-start=\"2238\" data-end=\"2289\">douille \u00e0 visser au plafond du terrarium<\/strong>, L'ampoule est con\u00e7ue pour \u00eatre fix\u00e9e. Pour une fixation plus s\u00fbre, surtout si l'ampoule se trouve \u00e0 l'int\u00e9rieur du terrarium, il est recommand\u00e9 d'utiliser un <strong data-start=\"2424\" data-end=\"2444\">cage de protection<\/strong> et un <strong data-start=\"2450\" data-end=\"2464\">thermostat<\/strong> pour contr\u00f4ler la temp\u00e9rature.<\/p>\n<p data-start=\"2497\" data-end=\"2581\">\ud83d\udc49 Accessoires et pilotes pour votre installation \u00e0 <strong data-start=\"2544\" data-end=\"2579\"><a class=\"decorated-link\" href=\"https:\/\/kanakydesign.com\/fr\/categoria\/accesorios\/calefaccion\/\" target=\"_new\" rel=\"noopener\" data-start=\"2546\" data-end=\"2577\">https:\/\/www.kanadesign.com\/<\/a><\/strong><\/p>","protected":false},"excerpt":{"rendered":"<p>Comprend une douille en porcelaine de haute qualit\u00e9 et un cordon d'alimentation avec une prise et un interrupteur europ\u00e9ens. La douille convient aux lampes jusqu'\u00e0 150W. Il s'agit d'une douille avec un support rotatif \u00e0 visser au plafond de notre terrarium.<\/p>","protected":false},"featured_media":1080,"template":"","meta":[],"product_brand":[],"product_cat":[23,26,25],"product_tag":[218,230,263,268,265,270,274,276,269,197,264,266,275],"class_list":{"0":"post-251","1":"product","2":"type-product","3":"status-publish","4":"has-post-thumbnail","6":"product_cat-accesorios","7":"product_cat-calefaccion","8":"product_cat-iluminacion","9":"product_tag-accesorios-terrario","10":"product_tag-calefaccion-terrario","11":"product_tag-casquillo-ceramico-e27-terrario","12":"product_tag-casquillo-con-interruptor-terrario","13":"product_tag-casquillo-e27-reptiles","14":"product_tag-casquillo-hasta-150w","15":"product_tag-casquillo-rotatorio-terrario","16":"product_tag-casquillo-techo-terrario","17":"product_tag-enchufe-europeo-terrario","18":"product_tag-iluminacion-terrario","19":"product_tag-portalamparas-porcelana-terrario","20":"product_tag-soporte-lampara-terrario","21":"product_tag-soporte-rotatorio-lampara-terrario","23":"first","24":"instock","25":"taxable","26":"shipping-taxable","27":"purchasable","28":"product-type-simple"},"yoast_head":"<!-- This site is optimized with the Yoast SEO plugin v27.4 - https:\/\/yoast.com\/product\/yoast-seo-wordpress\/ -->\n<title>Casquillo cer\u00e1mico giratorio | KanakyDesign Enclosures<\/title>\n<meta name=\"description\" content=\"Casquillo cer\u00e1mico E27 terrario con soporte rotatorio: orienta la l\u00e1mpara con precisi\u00f3n. Porcelana, enchufe europeo e interruptor. Hasta 150W.\" \/>\n<meta name=\"robots\" content=\"index, follow, max-snippet:-1, max-image-preview:large, max-video-preview:-1\" \/>\n<link rel=\"canonical\" href=\"https:\/\/kanakydesign.com\/fr\/produit\/casquillo-giratorio\/\" \/>\n<meta property=\"og:locale\" content=\"fr_FR\" \/>\n<meta property=\"og:type\" content=\"article\" \/>\n<meta property=\"og:title\" content=\"Casquillo cer\u00e1mico giratorio | KanakyDesign Enclosures\" \/>\n<meta property=\"og:description\" content=\"Casquillo cer\u00e1mico E27 terrario con soporte rotatorio: orienta la l\u00e1mpara con precisi\u00f3n. Porcelana, enchufe europeo e interruptor. Hasta 150W.\" \/>\n<meta property=\"og:url\" content=\"https:\/\/kanakydesign.com\/fr\/produit\/casquillo-giratorio\/\" \/>\n<meta property=\"og:site_name\" content=\"KanakyDesign Enclosures\" \/>\n<meta property=\"article:modified_time\" content=\"2026-02-07T23:05:01+00:00\" \/>\n<meta property=\"og:image\" content=\"https:\/\/kanakydesign.com\/wp-content\/uploads\/2023\/09\/DSC2799-scaled.jpg\" \/>\n\t<meta property=\"og:image:width\" content=\"2560\" \/>\n\t<meta property=\"og:image:height\" content=\"2560\" \/>\n\t<meta property=\"og:image:type\" content=\"image\/jpeg\" \/>\n<meta name=\"twitter:card\" content=\"summary_large_image\" \/>\n<meta name=\"twitter:label1\" content=\"Dur\u00e9e de lecture estim\u00e9e\" \/>\n\t<meta name=\"twitter:data1\" content=\"2 minutes\" \/>\n<script type=\"application\/ld+json\" class=\"yoast-schema-graph\">{\"@context\":\"https:\\\/\\\/schema.org\",\"@graph\":[{\"@type\":\"WebPage\",\"@id\":\"https:\\\/\\\/kanakydesign.com\\\/producto\\\/casquillo-giratorio\\\/\",\"url\":\"https:\\\/\\\/kanakydesign.com\\\/producto\\\/casquillo-giratorio\\\/\",\"name\":\"Casquillo cer\u00e1mico giratorio | KanakyDesign Enclosures\",\"isPartOf\":{\"@id\":\"https:\\\/\\\/kanakydesign.com\\\/#website\"},\"primaryImageOfPage\":{\"@id\":\"https:\\\/\\\/kanakydesign.com\\\/producto\\\/casquillo-giratorio\\\/#primaryimage\"},\"image\":{\"@id\":\"https:\\\/\\\/kanakydesign.com\\\/producto\\\/casquillo-giratorio\\\/#primaryimage\"},\"thumbnailUrl\":\"https:\\\/\\\/kanakydesign.com\\\/wp-content\\\/uploads\\\/2023\\\/09\\\/DSC2799-scaled.jpg\",\"datePublished\":\"2023-06-27T14:44:27+00:00\",\"dateModified\":\"2026-02-07T23:05:01+00:00\",\"description\":\"Casquillo cer\u00e1mico E27 terrario con soporte rotatorio: orienta la l\u00e1mpara con precisi\u00f3n. Porcelana, enchufe europeo e interruptor. Hasta 150W.\",\"breadcrumb\":{\"@id\":\"https:\\\/\\\/kanakydesign.com\\\/producto\\\/casquillo-giratorio\\\/#breadcrumb\"},\"inLanguage\":\"fr-FR\",\"potentialAction\":[{\"@type\":\"ReadAction\",\"target\":[\"https:\\\/\\\/kanakydesign.com\\\/producto\\\/casquillo-giratorio\\\/\"]}]},{\"@type\":\"ImageObject\",\"inLanguage\":\"fr-FR\",\"@id\":\"https:\\\/\\\/kanakydesign.com\\\/producto\\\/casquillo-giratorio\\\/#primaryimage\",\"url\":\"https:\\\/\\\/kanakydesign.com\\\/wp-content\\\/uploads\\\/2023\\\/09\\\/DSC2799-scaled.jpg\",\"contentUrl\":\"https:\\\/\\\/kanakydesign.com\\\/wp-content\\\/uploads\\\/2023\\\/09\\\/DSC2799-scaled.jpg\",\"width\":2560,\"height\":2560},{\"@type\":\"BreadcrumbList\",\"@id\":\"https:\\\/\\\/kanakydesign.com\\\/producto\\\/casquillo-giratorio\\\/#breadcrumb\",\"itemListElement\":[{\"@type\":\"ListItem\",\"position\":1,\"name\":\"Portada\",\"item\":\"https:\\\/\\\/kanakydesign.com\\\/\"},{\"@type\":\"ListItem\",\"position\":2,\"name\":\"Tienda\",\"item\":\"https:\\\/\\\/kanakydesign.com\\\/tienda\\\/\"},{\"@type\":\"ListItem\",\"position\":3,\"name\":\"Casquillo cer\u00e1mico giratorio\"}]},{\"@type\":\"WebSite\",\"@id\":\"https:\\\/\\\/kanakydesign.com\\\/#website\",\"url\":\"https:\\\/\\\/kanakydesign.com\\\/\",\"name\":\"KanakyDesign Enclosures\",\"description\":\"Become a professional keeper\",\"publisher\":{\"@id\":\"https:\\\/\\\/kanakydesign.com\\\/#organization\"},\"alternateName\":\"KanakyDesign\",\"potentialAction\":[{\"@type\":\"SearchAction\",\"target\":{\"@type\":\"EntryPoint\",\"urlTemplate\":\"https:\\\/\\\/kanakydesign.com\\\/?s={search_term_string}\"},\"query-input\":{\"@type\":\"PropertyValueSpecification\",\"valueRequired\":true,\"valueName\":\"search_term_string\"}}],\"inLanguage\":\"fr-FR\"},{\"@type\":\"Organization\",\"@id\":\"https:\\\/\\\/kanakydesign.com\\\/#organization\",\"name\":\"KanakyDesign Enclosures\",\"alternateName\":\"KanakyDesign\",\"url\":\"https:\\\/\\\/kanakydesign.com\\\/\",\"logo\":{\"@type\":\"ImageObject\",\"inLanguage\":\"fr-FR\",\"@id\":\"https:\\\/\\\/kanakydesign.com\\\/#\\\/schema\\\/logo\\\/image\\\/\",\"url\":\"https:\\\/\\\/kanakydesign.com\\\/wp-content\\\/uploads\\\/2023\\\/06\\\/Logo-KanakyDesign-circular-negro-1.png\",\"contentUrl\":\"https:\\\/\\\/kanakydesign.com\\\/wp-content\\\/uploads\\\/2023\\\/06\\\/Logo-KanakyDesign-circular-negro-1.png\",\"width\":2000,\"height\":2000,\"caption\":\"KanakyDesign Enclosures\"},\"image\":{\"@id\":\"https:\\\/\\\/kanakydesign.com\\\/#\\\/schema\\\/logo\\\/image\\\/\"}}]}<\/script>\n<!-- \/ Yoast SEO plugin. -->","yoast_head_json":{"title":"Douille rotative en c\u00e9ramique : KanakyDesign Enclosures","description":"Douille pour terrarium E27 en c\u00e9ramique avec support rotatif : oriente la lampe avec pr\u00e9cision. Porcelaine, prise et interrupteur europ\u00e9ens. Jusqu'\u00e0 150W.","robots":{"index":"index","follow":"follow","max-snippet":"max-snippet:-1","max-image-preview":"max-image-preview:large","max-video-preview":"max-video-preview:-1"},"canonical":"https:\/\/kanakydesign.com\/fr\/produit\/casquillo-giratorio\/","og_locale":"fr_FR","og_type":"article","og_title":"Casquillo cer\u00e1mico giratorio | KanakyDesign Enclosures","og_description":"Casquillo cer\u00e1mico E27 terrario con soporte rotatorio: orienta la l\u00e1mpara con precisi\u00f3n. Porcelana, enchufe europeo e interruptor. Hasta 150W.","og_url":"https:\/\/kanakydesign.com\/fr\/produit\/casquillo-giratorio\/","og_site_name":"KanakyDesign Enclosures","article_modified_time":"2026-02-07T23:05:01+00:00","og_image":[{"width":2560,"height":2560,"url":"https:\/\/kanakydesign.com\/wp-content\/uploads\/2023\/09\/DSC2799-scaled.jpg","type":"image\/jpeg"}],"twitter_card":"summary_large_image","twitter_misc":{"Dur\u00e9e de lecture estim\u00e9e":"2 minutes"},"schema":{"@context":"https:\/\/schema.org","@graph":[{"@type":"WebPage","@id":"https:\/\/kanakydesign.com\/producto\/casquillo-giratorio\/","url":"https:\/\/kanakydesign.com\/producto\/casquillo-giratorio\/","name":"Douille rotative en c\u00e9ramique : KanakyDesign Enclosures","isPartOf":{"@id":"https:\/\/kanakydesign.com\/#website"},"primaryImageOfPage":{"@id":"https:\/\/kanakydesign.com\/producto\/casquillo-giratorio\/#primaryimage"},"image":{"@id":"https:\/\/kanakydesign.com\/producto\/casquillo-giratorio\/#primaryimage"},"thumbnailUrl":"https:\/\/kanakydesign.com\/wp-content\/uploads\/2023\/09\/DSC2799-scaled.jpg","datePublished":"2023-06-27T14:44:27+00:00","dateModified":"2026-02-07T23:05:01+00:00","description":"Douille pour terrarium E27 en c\u00e9ramique avec support rotatif : oriente la lampe avec pr\u00e9cision. Porcelaine, prise et interrupteur europ\u00e9ens. Jusqu'\u00e0 150W.","breadcrumb":{"@id":"https:\/\/kanakydesign.com\/producto\/casquillo-giratorio\/#breadcrumb"},"inLanguage":"fr-FR","potentialAction":[{"@type":"ReadAction","target":["https:\/\/kanakydesign.com\/producto\/casquillo-giratorio\/"]}]},{"@type":"ImageObject","inLanguage":"fr-FR","@id":"https:\/\/kanakydesign.com\/producto\/casquillo-giratorio\/#primaryimage","url":"https:\/\/kanakydesign.com\/wp-content\/uploads\/2023\/09\/DSC2799-scaled.jpg","contentUrl":"https:\/\/kanakydesign.com\/wp-content\/uploads\/2023\/09\/DSC2799-scaled.jpg","width":2560,"height":2560},{"@type":"BreadcrumbList","@id":"https:\/\/kanakydesign.com\/producto\/casquillo-giratorio\/#breadcrumb","itemListElement":[{"@type":"ListItem","position":1,"name":"Portada","item":"https:\/\/kanakydesign.com\/"},{"@type":"ListItem","position":2,"name":"Tienda","item":"https:\/\/kanakydesign.com\/tienda\/"},{"@type":"ListItem","position":3,"name":"Casquillo cer\u00e1mico giratorio"}]},{"@type":"WebSite","@id":"https:\/\/kanakydesign.com\/#website","url":"https:\/\/kanakydesign.com\/","name":"KanakyDesign Enclosures","description":"Become a professional keeper","publisher":{"@id":"https:\/\/kanakydesign.com\/#organization"},"alternateName":"KanakyDesign","potentialAction":[{"@type":"SearchAction","target":{"@type":"EntryPoint","urlTemplate":"https:\/\/kanakydesign.com\/?s={search_term_string}"},"query-input":{"@type":"PropertyValueSpecification","valueRequired":true,"valueName":"search_term_string"}}],"inLanguage":"fr-FR"},{"@type":"Organization","@id":"https:\/\/kanakydesign.com\/#organization","name":"KanakyDesign Enclosures","alternateName":"KanakyDesign","url":"https:\/\/kanakydesign.com\/","logo":{"@type":"ImageObject","inLanguage":"fr-FR","@id":"https:\/\/kanakydesign.com\/#\/schema\/logo\/image\/","url":"https:\/\/kanakydesign.com\/wp-content\/uploads\/2023\/06\/Logo-KanakyDesign-circular-negro-1.png","contentUrl":"https:\/\/kanakydesign.com\/wp-content\/uploads\/2023\/06\/Logo-KanakyDesign-circular-negro-1.png","width":2000,"height":2000,"caption":"KanakyDesign Enclosures"},"image":{"@id":"https:\/\/kanakydesign.com\/#\/schema\/logo\/image\/"}}]}},"_links":{"self":[{"href":"https:\/\/kanakydesign.com\/fr\/wp-json\/wp\/v2\/product\/251","targetHints":{"allow":["GET"]}}],"collection":[{"href":"https:\/\/kanakydesign.com\/fr\/wp-json\/wp\/v2\/product"}],"about":[{"href":"https:\/\/kanakydesign.com\/fr\/wp-json\/wp\/v2\/types\/product"}],"wp:featuredmedia":[{"embeddable":true,"href":"https:\/\/kanakydesign.com\/fr\/wp-json\/wp\/v2\/media\/1080"}],"wp:attachment":[{"href":"https:\/\/kanakydesign.com\/fr\/wp-json\/wp\/v2\/media?parent=251"}],"wp:term":[{"taxonomy":"product_brand","embeddable":true,"href":"https:\/\/kanakydesign.com\/fr\/wp-json\/wp\/v2\/product_brand?post=251"},{"taxonomy":"product_cat","embeddable":true,"href":"https:\/\/kanakydesign.com\/fr\/wp-json\/wp\/v2\/product_cat?post=251"},{"taxonomy":"product_tag","embeddable":true,"href":"https:\/\/kanakydesign.com\/fr\/wp-json\/wp\/v2\/product_tag?post=251"}],"curies":[{"name":"wp","href":"https:\/\/api.w.org\/{rel}","templated":true}]}}