{"id":249,"date":"2023-06-27T14:43:57","date_gmt":"2023-06-27T14:43:57","guid":{"rendered":"https:\/\/kanakydesign.com\/?post_type=product&#038;p=249"},"modified":"2026-02-07T23:02:30","modified_gmt":"2026-02-07T23:02:30","slug":"casquillo-curvo","status":"publish","type":"product","link":"https:\/\/kanakydesign.com\/fr\/produit\/casquillo-curvo\/","title":{"rendered":"Douille c\u00e9ramique courb\u00e9e"},"content":{"rendered":"<p data-start=\"168\" data-end=\"646\">Les <strong data-start=\"171\" data-end=\"224\">douille c\u00e9ramique E27 courb\u00e9e pour terrarium Trixie<\/strong> est un choix parfait lorsque vous avez besoin d'une installation fixe de lampes dans le terrarium, mais avec un <strong data-start=\"326\" data-end=\"346\">angle de sortie<\/strong> pour faciliter le ciblage du point chaud\/de l'\u00e9clairage. Il comprend un <strong data-start=\"451\" data-end=\"497\">Porte-lampes en porcelaine de haute qualit\u00e9<\/strong> et un <strong data-start=\"503\" data-end=\"562\">c\u00e2ble d'alimentation avec prise europ\u00e9enne et interrupteur<\/strong>, assurer le confort et la s\u00e9curit\u00e9 des montages de reptiles et d'autres animaux exotiques.<\/p>\n<h2 data-start=\"648\" data-end=\"713\">Douilles en porcelaine - s\u00e9curit\u00e9 et r\u00e9sistance \u00e0 la chaleur<\/h2>\n<p data-start=\"714\" data-end=\"1065\">Le pr\u00e9sent <strong data-start=\"719\" data-end=\"745\">douille en c\u00e9ramique<\/strong> (porcelaine) est con\u00e7u pour fonctionner dans des conditions de temp\u00e9rature plus exigeantes que les bagues en plastique. C'est pourquoi il est particuli\u00e8rement recommand\u00e9 d'utiliser des bagues en porcelaine dans les cas suivants <strong data-start=\"912\" data-end=\"933\">lampes chauffantes<\/strong> (lumi\u00e8re du soleil, \u00e9metteurs halog\u00e8nes ou c\u00e9ramiques) et vous souhaitez une base plus solide pour une utilisation quotidienne prolong\u00e9e dans le terrarium.<\/p>\n<h2 data-start=\"1067\" data-end=\"1095\">\ud83d\udd25 Jusqu'\u00e0 150W et filetage E27<\/h2>\n<p data-start=\"1096\" data-end=\"1399\">Les <strong data-start=\"1099\" data-end=\"1134\">Virole c\u00e9ramique incurv\u00e9e Trixie<\/strong> est compatible avec les ampoules \u00e0 visser <strong data-start=\"1172\" data-end=\"1179\">E27<\/strong> et admet <strong data-start=\"1189\" data-end=\"1204\">jusqu'\u00e0 150 W<\/strong>, La limite de puissance est un facteur tr\u00e8s important pour les besoins de chauffage et d'\u00e9clairage des terrariums domestiques. Le respect de la limite de puissance permet de maintenir une installation stable et s\u00fbre.<\/p>\n<h2 data-start=\"1401\" data-end=\"1446\">\ud83d\udd0c Prise europ\u00e9enne et interrupteur int\u00e9gr\u00e9<\/h2>\n<p data-start=\"1447\" data-end=\"1726\">Le c\u00e2ble comprend <strong data-start=\"1464\" data-end=\"1483\">Prise europ\u00e9enne<\/strong> et un <strong data-start=\"1489\" data-end=\"1504\">interrupteur<\/strong> qui permet de l'allumer et de l'\u00e9teindre d'une simple pression, ce qui est tr\u00e8s pratique lors de l'entretien, du changement d'ampoules ou de l'ajustement du terrarium. Vous \u00e9vitez de manipuler des multiprises ou de d\u00e9brancher des prises, vous r\u00e9duisez les risques et vous gagnez en confort.<\/p>\n<h2 data-start=\"1728\" data-end=\"1787\">\ud83d\udee0\ufe0f Douille fixe \u00e0 visser au plafond du terrarium<\/h2>\n<p data-start=\"1788\" data-end=\"2104\">Ce mod\u00e8le est un <strong data-start=\"1806\" data-end=\"1824\">douille fixe<\/strong> destin\u00e9 \u00e0 <strong data-start=\"1838\" data-end=\"1861\">vissage au plafond<\/strong> du terrarium, en maintenant la lampe fermement en place. Le format <strong data-start=\"1934\" data-end=\"1943\">courb\u00e9<\/strong> peut faciliter le montage sur certains plafonds, la sortie du c\u00e2ble ou l'orientation de l'ensemble, en fonction de la conception du terrarium et de l'emplacement du point chaud.<\/p>\n<h2 data-start=\"2106\" data-end=\"2171\">\ud83e\udde9 Recommandation pour un assemblage plus s\u00fbr (liens internes)<\/h2>\n<p data-start=\"2172\" data-end=\"2213\">Pour une installation compl\u00e8te et s\u00fbre :<\/p>\n<ul data-start=\"2214\" data-end=\"2562\">\n<li data-start=\"2214\" data-end=\"2438\">\n<p data-start=\"2216\" data-end=\"2438\">Ajouter un <strong data-start=\"2226\" data-end=\"2246\">cage de protection<\/strong> si l'ampoule se trouve \u00e0 l'int\u00e9rieur du terrarium (pour \u00e9viter les br\u00fblures) : <a class=\"decorated-link\" href=\"https:\/\/kanakydesign.com\/fr\/produit\/jaula-protectora-casquillo\/\" target=\"_new\" rel=\"noopener\" data-start=\"2308\" data-end=\"2368\">https:\/\/kanakydesign.com<\/a><\/p>\n<\/li>\n<li data-start=\"2439\" data-end=\"2562\">\n<p data-start=\"2441\" data-end=\"2562\">Contr\u00f4lez la temp\u00e9rature avec <strong data-start=\"2469\" data-end=\"2498\">thermostats<\/strong>: <a class=\"decorated-link\" href=\"https:\/\/kanakydesign.com\/fr\/produit\/termostato-dia-noche\/\" target=\"_new\" rel=\"noopener\" data-start=\"2500\" data-end=\"2560\">https:\/\/kanakydesign.com<\/a><\/p>\n<\/li>\n<\/ul>","protected":false},"excerpt":{"rendered":"<p>Comprend une douille en porcelaine de haute qualit\u00e9 et un cordon d'alimentation avec une prise et un interrupteur europ\u00e9ens. La douille convient pour des lampes jusqu'\u00e0 150W. Il s'agit d'une prise fixe \u00e0 visser au plafond de notre terrarium.<\/p>","protected":false},"featured_media":1069,"template":"","meta":[],"product_brand":[],"product_cat":[23,26,25],"product_tag":[272,230,263,262,268,273,265,270,269,271,264,266,261],"class_list":{"0":"post-249","1":"product","2":"type-product","3":"status-publish","4":"has-post-thumbnail","6":"product_cat-accesorios","7":"product_cat-calefaccion","8":"product_cat-iluminacion","9":"product_tag-accesorios-iluminacion-terrario","10":"product_tag-calefaccion-terrario","11":"product_tag-casquillo-ceramico-e27-terrario","12":"product_tag-casquillo-ceramico-terrario","13":"product_tag-casquillo-con-interruptor-terrario","14":"product_tag-casquillo-curvo-terrario","15":"product_tag-casquillo-e27-reptiles","16":"product_tag-casquillo-hasta-150w","17":"product_tag-enchufe-europeo-terrario","18":"product_tag-instalacion-techo-terrario","19":"product_tag-portalamparas-porcelana-terrario","20":"product_tag-soporte-lampara-terrario","21":"product_tag-trixie","23":"first","24":"instock","25":"taxable","26":"shipping-taxable","27":"purchasable","28":"product-type-simple"},"yoast_head":"<!-- This site is optimized with the Yoast SEO plugin v27.4 - https:\/\/yoast.com\/product\/yoast-seo-wordpress\/ -->\n<title>Casquillo cer\u00e1mico curvo | KanakyDesign Enclosures<\/title>\n<meta name=\"description\" content=\"Casquillo cer\u00e1mico E27 terrario Trixie curvo con porcelana, enchufe europeo e interruptor. Instalaci\u00f3n fija al techo. Apto hasta 150W.\" \/>\n<meta name=\"robots\" content=\"index, follow, max-snippet:-1, max-image-preview:large, max-video-preview:-1\" \/>\n<link rel=\"canonical\" href=\"https:\/\/kanakydesign.com\/fr\/produit\/casquillo-curvo\/\" \/>\n<meta property=\"og:locale\" content=\"fr_FR\" \/>\n<meta property=\"og:type\" content=\"article\" \/>\n<meta property=\"og:title\" content=\"Casquillo cer\u00e1mico curvo | KanakyDesign Enclosures\" \/>\n<meta property=\"og:description\" content=\"Casquillo cer\u00e1mico E27 terrario Trixie curvo con porcelana, enchufe europeo e interruptor. Instalaci\u00f3n fija al techo. Apto hasta 150W.\" \/>\n<meta property=\"og:url\" content=\"https:\/\/kanakydesign.com\/fr\/produit\/casquillo-curvo\/\" \/>\n<meta property=\"og:site_name\" content=\"KanakyDesign Enclosures\" \/>\n<meta property=\"article:modified_time\" content=\"2026-02-07T23:02:30+00:00\" \/>\n<meta property=\"og:image\" content=\"https:\/\/kanakydesign.com\/wp-content\/uploads\/2023\/09\/DSC2783-scaled.jpg\" \/>\n\t<meta property=\"og:image:width\" content=\"2560\" \/>\n\t<meta property=\"og:image:height\" content=\"2560\" \/>\n\t<meta property=\"og:image:type\" content=\"image\/jpeg\" \/>\n<meta name=\"twitter:card\" content=\"summary_large_image\" \/>\n<meta name=\"twitter:label1\" content=\"Dur\u00e9e de lecture estim\u00e9e\" \/>\n\t<meta name=\"twitter:data1\" content=\"2 minutes\" \/>\n<script type=\"application\/ld+json\" class=\"yoast-schema-graph\">{\"@context\":\"https:\\\/\\\/schema.org\",\"@graph\":[{\"@type\":\"WebPage\",\"@id\":\"https:\\\/\\\/kanakydesign.com\\\/producto\\\/casquillo-curvo\\\/\",\"url\":\"https:\\\/\\\/kanakydesign.com\\\/producto\\\/casquillo-curvo\\\/\",\"name\":\"Casquillo cer\u00e1mico curvo | KanakyDesign Enclosures\",\"isPartOf\":{\"@id\":\"https:\\\/\\\/kanakydesign.com\\\/#website\"},\"primaryImageOfPage\":{\"@id\":\"https:\\\/\\\/kanakydesign.com\\\/producto\\\/casquillo-curvo\\\/#primaryimage\"},\"image\":{\"@id\":\"https:\\\/\\\/kanakydesign.com\\\/producto\\\/casquillo-curvo\\\/#primaryimage\"},\"thumbnailUrl\":\"https:\\\/\\\/kanakydesign.com\\\/wp-content\\\/uploads\\\/2023\\\/09\\\/DSC2783-scaled.jpg\",\"datePublished\":\"2023-06-27T14:43:57+00:00\",\"dateModified\":\"2026-02-07T23:02:30+00:00\",\"description\":\"Casquillo cer\u00e1mico E27 terrario Trixie curvo con porcelana, enchufe europeo e interruptor. Instalaci\u00f3n fija al techo. Apto hasta 150W.\",\"breadcrumb\":{\"@id\":\"https:\\\/\\\/kanakydesign.com\\\/producto\\\/casquillo-curvo\\\/#breadcrumb\"},\"inLanguage\":\"fr-FR\",\"potentialAction\":[{\"@type\":\"ReadAction\",\"target\":[\"https:\\\/\\\/kanakydesign.com\\\/producto\\\/casquillo-curvo\\\/\"]}]},{\"@type\":\"ImageObject\",\"inLanguage\":\"fr-FR\",\"@id\":\"https:\\\/\\\/kanakydesign.com\\\/producto\\\/casquillo-curvo\\\/#primaryimage\",\"url\":\"https:\\\/\\\/kanakydesign.com\\\/wp-content\\\/uploads\\\/2023\\\/09\\\/DSC2783-scaled.jpg\",\"contentUrl\":\"https:\\\/\\\/kanakydesign.com\\\/wp-content\\\/uploads\\\/2023\\\/09\\\/DSC2783-scaled.jpg\",\"width\":2560,\"height\":2560},{\"@type\":\"BreadcrumbList\",\"@id\":\"https:\\\/\\\/kanakydesign.com\\\/producto\\\/casquillo-curvo\\\/#breadcrumb\",\"itemListElement\":[{\"@type\":\"ListItem\",\"position\":1,\"name\":\"Portada\",\"item\":\"https:\\\/\\\/kanakydesign.com\\\/\"},{\"@type\":\"ListItem\",\"position\":2,\"name\":\"Tienda\",\"item\":\"https:\\\/\\\/kanakydesign.com\\\/tienda\\\/\"},{\"@type\":\"ListItem\",\"position\":3,\"name\":\"Casquillo cer\u00e1mico curvo\"}]},{\"@type\":\"WebSite\",\"@id\":\"https:\\\/\\\/kanakydesign.com\\\/#website\",\"url\":\"https:\\\/\\\/kanakydesign.com\\\/\",\"name\":\"KanakyDesign Enclosures\",\"description\":\"Become a professional keeper\",\"publisher\":{\"@id\":\"https:\\\/\\\/kanakydesign.com\\\/#organization\"},\"alternateName\":\"KanakyDesign\",\"potentialAction\":[{\"@type\":\"SearchAction\",\"target\":{\"@type\":\"EntryPoint\",\"urlTemplate\":\"https:\\\/\\\/kanakydesign.com\\\/?s={search_term_string}\"},\"query-input\":{\"@type\":\"PropertyValueSpecification\",\"valueRequired\":true,\"valueName\":\"search_term_string\"}}],\"inLanguage\":\"fr-FR\"},{\"@type\":\"Organization\",\"@id\":\"https:\\\/\\\/kanakydesign.com\\\/#organization\",\"name\":\"KanakyDesign Enclosures\",\"alternateName\":\"KanakyDesign\",\"url\":\"https:\\\/\\\/kanakydesign.com\\\/\",\"logo\":{\"@type\":\"ImageObject\",\"inLanguage\":\"fr-FR\",\"@id\":\"https:\\\/\\\/kanakydesign.com\\\/#\\\/schema\\\/logo\\\/image\\\/\",\"url\":\"https:\\\/\\\/kanakydesign.com\\\/wp-content\\\/uploads\\\/2023\\\/06\\\/Logo-KanakyDesign-circular-negro-1.png\",\"contentUrl\":\"https:\\\/\\\/kanakydesign.com\\\/wp-content\\\/uploads\\\/2023\\\/06\\\/Logo-KanakyDesign-circular-negro-1.png\",\"width\":2000,\"height\":2000,\"caption\":\"KanakyDesign Enclosures\"},\"image\":{\"@id\":\"https:\\\/\\\/kanakydesign.com\\\/#\\\/schema\\\/logo\\\/image\\\/\"}}]}<\/script>\n<!-- \/ Yoast SEO plugin. -->","yoast_head_json":{"title":"Douille c\u00e9ramique incurv\u00e9e : KanakyDesign Enclosures","description":"Prise E27 en c\u00e9ramique Trixie terrarium incurv\u00e9 en porcelaine, prise et interrupteur europ\u00e9ens. Installation fixe au plafond. Convient jusqu'\u00e0 150W.","robots":{"index":"index","follow":"follow","max-snippet":"max-snippet:-1","max-image-preview":"max-image-preview:large","max-video-preview":"max-video-preview:-1"},"canonical":"https:\/\/kanakydesign.com\/fr\/produit\/casquillo-curvo\/","og_locale":"fr_FR","og_type":"article","og_title":"Casquillo cer\u00e1mico curvo | KanakyDesign Enclosures","og_description":"Casquillo cer\u00e1mico E27 terrario Trixie curvo con porcelana, enchufe europeo e interruptor. Instalaci\u00f3n fija al techo. Apto hasta 150W.","og_url":"https:\/\/kanakydesign.com\/fr\/produit\/casquillo-curvo\/","og_site_name":"KanakyDesign Enclosures","article_modified_time":"2026-02-07T23:02:30+00:00","og_image":[{"width":2560,"height":2560,"url":"https:\/\/kanakydesign.com\/wp-content\/uploads\/2023\/09\/DSC2783-scaled.jpg","type":"image\/jpeg"}],"twitter_card":"summary_large_image","twitter_misc":{"Dur\u00e9e de lecture estim\u00e9e":"2 minutes"},"schema":{"@context":"https:\/\/schema.org","@graph":[{"@type":"WebPage","@id":"https:\/\/kanakydesign.com\/producto\/casquillo-curvo\/","url":"https:\/\/kanakydesign.com\/producto\/casquillo-curvo\/","name":"Douille c\u00e9ramique incurv\u00e9e : KanakyDesign Enclosures","isPartOf":{"@id":"https:\/\/kanakydesign.com\/#website"},"primaryImageOfPage":{"@id":"https:\/\/kanakydesign.com\/producto\/casquillo-curvo\/#primaryimage"},"image":{"@id":"https:\/\/kanakydesign.com\/producto\/casquillo-curvo\/#primaryimage"},"thumbnailUrl":"https:\/\/kanakydesign.com\/wp-content\/uploads\/2023\/09\/DSC2783-scaled.jpg","datePublished":"2023-06-27T14:43:57+00:00","dateModified":"2026-02-07T23:02:30+00:00","description":"Prise E27 en c\u00e9ramique Trixie terrarium incurv\u00e9 en porcelaine, prise et interrupteur europ\u00e9ens. Installation fixe au plafond. Convient jusqu'\u00e0 150W.","breadcrumb":{"@id":"https:\/\/kanakydesign.com\/producto\/casquillo-curvo\/#breadcrumb"},"inLanguage":"fr-FR","potentialAction":[{"@type":"ReadAction","target":["https:\/\/kanakydesign.com\/producto\/casquillo-curvo\/"]}]},{"@type":"ImageObject","inLanguage":"fr-FR","@id":"https:\/\/kanakydesign.com\/producto\/casquillo-curvo\/#primaryimage","url":"https:\/\/kanakydesign.com\/wp-content\/uploads\/2023\/09\/DSC2783-scaled.jpg","contentUrl":"https:\/\/kanakydesign.com\/wp-content\/uploads\/2023\/09\/DSC2783-scaled.jpg","width":2560,"height":2560},{"@type":"BreadcrumbList","@id":"https:\/\/kanakydesign.com\/producto\/casquillo-curvo\/#breadcrumb","itemListElement":[{"@type":"ListItem","position":1,"name":"Portada","item":"https:\/\/kanakydesign.com\/"},{"@type":"ListItem","position":2,"name":"Tienda","item":"https:\/\/kanakydesign.com\/tienda\/"},{"@type":"ListItem","position":3,"name":"Casquillo cer\u00e1mico curvo"}]},{"@type":"WebSite","@id":"https:\/\/kanakydesign.com\/#website","url":"https:\/\/kanakydesign.com\/","name":"KanakyDesign Enclosures","description":"Become a professional keeper","publisher":{"@id":"https:\/\/kanakydesign.com\/#organization"},"alternateName":"KanakyDesign","potentialAction":[{"@type":"SearchAction","target":{"@type":"EntryPoint","urlTemplate":"https:\/\/kanakydesign.com\/?s={search_term_string}"},"query-input":{"@type":"PropertyValueSpecification","valueRequired":true,"valueName":"search_term_string"}}],"inLanguage":"fr-FR"},{"@type":"Organization","@id":"https:\/\/kanakydesign.com\/#organization","name":"KanakyDesign Enclosures","alternateName":"KanakyDesign","url":"https:\/\/kanakydesign.com\/","logo":{"@type":"ImageObject","inLanguage":"fr-FR","@id":"https:\/\/kanakydesign.com\/#\/schema\/logo\/image\/","url":"https:\/\/kanakydesign.com\/wp-content\/uploads\/2023\/06\/Logo-KanakyDesign-circular-negro-1.png","contentUrl":"https:\/\/kanakydesign.com\/wp-content\/uploads\/2023\/06\/Logo-KanakyDesign-circular-negro-1.png","width":2000,"height":2000,"caption":"KanakyDesign Enclosures"},"image":{"@id":"https:\/\/kanakydesign.com\/#\/schema\/logo\/image\/"}}]}},"_links":{"self":[{"href":"https:\/\/kanakydesign.com\/fr\/wp-json\/wp\/v2\/product\/249","targetHints":{"allow":["GET"]}}],"collection":[{"href":"https:\/\/kanakydesign.com\/fr\/wp-json\/wp\/v2\/product"}],"about":[{"href":"https:\/\/kanakydesign.com\/fr\/wp-json\/wp\/v2\/types\/product"}],"wp:featuredmedia":[{"embeddable":true,"href":"https:\/\/kanakydesign.com\/fr\/wp-json\/wp\/v2\/media\/1069"}],"wp:attachment":[{"href":"https:\/\/kanakydesign.com\/fr\/wp-json\/wp\/v2\/media?parent=249"}],"wp:term":[{"taxonomy":"product_brand","embeddable":true,"href":"https:\/\/kanakydesign.com\/fr\/wp-json\/wp\/v2\/product_brand?post=249"},{"taxonomy":"product_cat","embeddable":true,"href":"https:\/\/kanakydesign.com\/fr\/wp-json\/wp\/v2\/product_cat?post=249"},{"taxonomy":"product_tag","embeddable":true,"href":"https:\/\/kanakydesign.com\/fr\/wp-json\/wp\/v2\/product_tag?post=249"}],"curies":[{"name":"wp","href":"https:\/\/api.w.org\/{rel}","templated":true}]}}