{"id":248,"date":"2023-06-27T14:43:20","date_gmt":"2023-06-27T14:43:20","guid":{"rendered":"https:\/\/kanakydesign.com\/?post_type=product&#038;p=248"},"modified":"2026-02-07T22:57:03","modified_gmt":"2026-02-07T22:57:03","slug":"casquillo-recto","status":"publish","type":"product","link":"https:\/\/kanakydesign.com\/fr\/produit\/casquillo-recto\/","title":{"rendered":"Douille droite en c\u00e9ramique"},"content":{"rendered":"<p data-start=\"168\" data-end=\"625\">Les <strong data-start=\"171\" data-end=\"224\">douille c\u00e9ramique E27 droite pour terrariums <\/strong>de la marque <strong data-start=\"171\" data-end=\"224\">Trixie<\/strong> est une base d'installation fixe con\u00e7ue pour monter <strong data-start=\"277\" data-end=\"312\">lampes chauffantes ou \u00e9clairage<\/strong> \u00e0 l'int\u00e9rieur du terrarium (g\u00e9n\u00e9ralement au plafond). En incluant un <strong data-start=\"398\" data-end=\"444\">Porte-lampes en porcelaine de haute qualit\u00e9<\/strong> et un <strong data-start=\"450\" data-end=\"493\">c\u00e2ble avec prise europ\u00e9enne et interrupteur<\/strong>, est une solution pratique et fiable pour les installations de reptiles et autres animaux exotiques qui n\u00e9cessitent un \u00e9quipement stable et bien fix\u00e9.<\/p>\n<h2 data-start=\"627\" data-end=\"681\">\u2705 Porcelaine pour la s\u00e9curit\u00e9 thermique<\/h2>\n<p data-start=\"682\" data-end=\"1029\">Contrairement aux bagues en plastique, cette <strong data-start=\"725\" data-end=\"751\">douille en c\u00e9ramique<\/strong> est con\u00e7u pour fonctionner au mieux \u00e0 des temp\u00e9ratures plus \u00e9lev\u00e9es. C'est pourquoi il est recommand\u00e9 de l'utiliser lorsque vous avez l'intention d'utiliser <strong data-start=\"865\" data-end=\"886\">lampes chauffantes<\/strong> ou des \u00e9metteurs qui peuvent chauffer la zone du support de la lampe. Le r\u00e9sultat : une installation plus s\u00fbre et plus durable pour une utilisation quotidienne dans les terrariums.<\/p>\n<h2 data-start=\"1031\" data-end=\"1076\">\ud83d\udd0c Prise europ\u00e9enne + interrupteur int\u00e9gr\u00e9<\/h2>\n<p data-start=\"1077\" data-end=\"1352\">Le c\u00e2ble d'alimentation comprend <strong data-start=\"1110\" data-end=\"1129\">Prise europ\u00e9enne<\/strong> et un <strong data-start=\"1135\" data-end=\"1150\">interrupteur<\/strong> pour allumer et \u00e9teindre facilement sans avoir \u00e0 manipuler des minuteries ou des multiprises. Cette fonction est tr\u00e8s utile lors de l'entretien, du changement d'ampoules ou de l'ajustement de la d\u00e9coration, car elle permet d'\u00e9viter les allumages accidentels.<\/p>\n<h2 data-start=\"1354\" data-end=\"1394\">\ud83d\udd25 Compatible avec les lampes jusqu'\u00e0 150W<\/h2>\n<p data-start=\"1395\" data-end=\"1792\">Les <strong data-start=\"1398\" data-end=\"1433\">douille droite en c\u00e9ramique <\/strong>de la marque<strong data-start=\"1398\" data-end=\"1433\"> Trixie<\/strong> est adapt\u00e9 \u00e0 <strong data-start=\"1451\" data-end=\"1478\">lampes jusqu'\u00e0 150 W<\/strong>, Elle convient donc \u00e0 de nombreux syst\u00e8mes de terrariums courants : ampoules solaires, halog\u00e8nes, \u00e9metteurs c\u00e9ramiques et autres ampoules \u00e0 visser compatibles. <strong data-start=\"1630\" data-end=\"1637\">E27<\/strong> (toujours dans la limite de la puissance). Si vous recherchez une prise robuste pour une installation fixe, ce mod\u00e8le r\u00e9pond \u00e0 la plupart des besoins domestiques.<\/p>\n<h2 data-start=\"1794\" data-end=\"1855\">\ud83d\udee0\ufe0f Installation fixe \u00e0 visser au plafond du terrarium<\/h2>\n<p data-start=\"1856\" data-end=\"2139\">Cette bague est <strong data-start=\"1874\" data-end=\"1882\">fixe<\/strong>, con\u00e7u pour <strong data-start=\"1897\" data-end=\"1913\">vis<\/strong> au plafond du terrarium et maintenir la lampe fermement en place. Dans les installations o\u00f9 les animaux grimpent ou sont actifs, une installation solide est essentielle pour \u00e9viter les mouvements, les chutes ou les contacts ind\u00e9sirables avec la source de chaleur.<\/p>\n<h2 data-start=\"2141\" data-end=\"2206\">\ud83e\udde9 Recommandation pour une installation plus s\u00fbre<\/h2>\n<p data-start=\"2207\" data-end=\"2261\">Am\u00e9liorer la s\u00e9curit\u00e9 et le contr\u00f4le du terrarium :<\/p>\n<ul data-start=\"2262\" data-end=\"2604\">\n<li data-start=\"2262\" data-end=\"2476\">\n<p data-start=\"2264\" data-end=\"2476\">Ajouter un <strong data-start=\"2274\" data-end=\"2308\">cage de protection pour les lampes<\/strong> si l'ampoule est plac\u00e9e \u00e0 l'int\u00e9rieur du terrarium : <a class=\"decorated-link\" href=\"https:\/\/kanakydesign.com\/fr\/produit\/jaula-protectora-casquillo\/\" target=\"_new\" rel=\"noopener\" data-start=\"2348\" data-end=\"2403\">https:\/\/kanakydesign.com<\/a><\/p>\n<\/li>\n<li data-start=\"2477\" data-end=\"2604\">\n<p data-start=\"2479\" data-end=\"2604\">Utiliser un <strong data-start=\"2486\" data-end=\"2512\">thermostat <\/strong>pour r\u00e9guler la temp\u00e9rature : <a class=\"decorated-link\" href=\"https:\/\/kanakydesign.com\/fr\/produit\/termostato-dia-noche\/\" target=\"_new\" rel=\"noopener\" data-start=\"2542\" data-end=\"2602\">https:\/\/kanakydesign.com<\/a><\/p>\n<\/li>\n<\/ul>","protected":false},"excerpt":{"rendered":"<p>Comprend une douille en porcelaine de haute qualit\u00e9 et un cordon d'alimentation avec une prise et un interrupteur europ\u00e9ens. La douille convient pour des lampes jusqu'\u00e0 150W. Il s'agit d'une prise fixe \u00e0 visser au plafond de notre terrarium.<\/p>","protected":false},"featured_media":1071,"template":"","meta":[],"product_brand":[],"product_cat":[23,26,25],"product_tag":[272,230,263,262,268,265,270,267,269,271,264,266,261],"class_list":{"0":"post-248","1":"product","2":"type-product","3":"status-publish","4":"has-post-thumbnail","6":"product_cat-accesorios","7":"product_cat-calefaccion","8":"product_cat-iluminacion","9":"product_tag-accesorios-iluminacion-terrario","10":"product_tag-calefaccion-terrario","11":"product_tag-casquillo-ceramico-e27-terrario","12":"product_tag-casquillo-ceramico-terrario","13":"product_tag-casquillo-con-interruptor-terrario","14":"product_tag-casquillo-e27-reptiles","15":"product_tag-casquillo-hasta-150w","16":"product_tag-casquillo-recto-terrario","17":"product_tag-enchufe-europeo-terrario","18":"product_tag-instalacion-techo-terrario","19":"product_tag-portalamparas-porcelana-terrario","20":"product_tag-soporte-lampara-terrario","21":"product_tag-trixie","23":"first","24":"instock","25":"taxable","26":"shipping-taxable","27":"purchasable","28":"product-type-simple"},"yoast_head":"<!-- This site is optimized with the Yoast SEO plugin v27.4 - https:\/\/yoast.com\/product\/yoast-seo-wordpress\/ -->\n<title>Casquillo cer\u00e1mico recto | KanakyDesign Enclosures<\/title>\n<meta name=\"description\" content=\"Casquillo cer\u00e1mico E27 terrario Trixie recto con porcelana, cable con enchufe europeo e interruptor. Instalaci\u00f3n fija al techo. Hasta 150W.\" \/>\n<meta name=\"robots\" content=\"index, follow, max-snippet:-1, max-image-preview:large, max-video-preview:-1\" \/>\n<link rel=\"canonical\" href=\"https:\/\/kanakydesign.com\/fr\/produit\/casquillo-recto\/\" \/>\n<meta property=\"og:locale\" content=\"fr_FR\" \/>\n<meta property=\"og:type\" content=\"article\" \/>\n<meta property=\"og:title\" content=\"Casquillo cer\u00e1mico recto | KanakyDesign Enclosures\" \/>\n<meta property=\"og:description\" content=\"Casquillo cer\u00e1mico E27 terrario Trixie recto con porcelana, cable con enchufe europeo e interruptor. Instalaci\u00f3n fija al techo. Hasta 150W.\" \/>\n<meta property=\"og:url\" content=\"https:\/\/kanakydesign.com\/fr\/produit\/casquillo-recto\/\" \/>\n<meta property=\"og:site_name\" content=\"KanakyDesign Enclosures\" \/>\n<meta property=\"article:modified_time\" content=\"2026-02-07T22:57:03+00:00\" \/>\n<meta property=\"og:image\" content=\"https:\/\/kanakydesign.com\/wp-content\/uploads\/2023\/09\/DSC2786-scaled.jpg\" \/>\n\t<meta property=\"og:image:width\" content=\"2560\" \/>\n\t<meta property=\"og:image:height\" content=\"2560\" \/>\n\t<meta property=\"og:image:type\" content=\"image\/jpeg\" \/>\n<meta name=\"twitter:card\" content=\"summary_large_image\" \/>\n<meta name=\"twitter:label1\" content=\"Dur\u00e9e de lecture estim\u00e9e\" \/>\n\t<meta name=\"twitter:data1\" content=\"2 minutes\" \/>\n<script type=\"application\/ld+json\" class=\"yoast-schema-graph\">{\"@context\":\"https:\\\/\\\/schema.org\",\"@graph\":[{\"@type\":\"WebPage\",\"@id\":\"https:\\\/\\\/kanakydesign.com\\\/producto\\\/casquillo-recto\\\/\",\"url\":\"https:\\\/\\\/kanakydesign.com\\\/producto\\\/casquillo-recto\\\/\",\"name\":\"Casquillo cer\u00e1mico recto | KanakyDesign Enclosures\",\"isPartOf\":{\"@id\":\"https:\\\/\\\/kanakydesign.com\\\/#website\"},\"primaryImageOfPage\":{\"@id\":\"https:\\\/\\\/kanakydesign.com\\\/producto\\\/casquillo-recto\\\/#primaryimage\"},\"image\":{\"@id\":\"https:\\\/\\\/kanakydesign.com\\\/producto\\\/casquillo-recto\\\/#primaryimage\"},\"thumbnailUrl\":\"https:\\\/\\\/kanakydesign.com\\\/wp-content\\\/uploads\\\/2023\\\/09\\\/DSC2786-scaled.jpg\",\"datePublished\":\"2023-06-27T14:43:20+00:00\",\"dateModified\":\"2026-02-07T22:57:03+00:00\",\"description\":\"Casquillo cer\u00e1mico E27 terrario Trixie recto con porcelana, cable con enchufe europeo e interruptor. Instalaci\u00f3n fija al techo. Hasta 150W.\",\"breadcrumb\":{\"@id\":\"https:\\\/\\\/kanakydesign.com\\\/producto\\\/casquillo-recto\\\/#breadcrumb\"},\"inLanguage\":\"fr-FR\",\"potentialAction\":[{\"@type\":\"ReadAction\",\"target\":[\"https:\\\/\\\/kanakydesign.com\\\/producto\\\/casquillo-recto\\\/\"]}]},{\"@type\":\"ImageObject\",\"inLanguage\":\"fr-FR\",\"@id\":\"https:\\\/\\\/kanakydesign.com\\\/producto\\\/casquillo-recto\\\/#primaryimage\",\"url\":\"https:\\\/\\\/kanakydesign.com\\\/wp-content\\\/uploads\\\/2023\\\/09\\\/DSC2786-scaled.jpg\",\"contentUrl\":\"https:\\\/\\\/kanakydesign.com\\\/wp-content\\\/uploads\\\/2023\\\/09\\\/DSC2786-scaled.jpg\",\"width\":2560,\"height\":2560},{\"@type\":\"BreadcrumbList\",\"@id\":\"https:\\\/\\\/kanakydesign.com\\\/producto\\\/casquillo-recto\\\/#breadcrumb\",\"itemListElement\":[{\"@type\":\"ListItem\",\"position\":1,\"name\":\"Portada\",\"item\":\"https:\\\/\\\/kanakydesign.com\\\/\"},{\"@type\":\"ListItem\",\"position\":2,\"name\":\"Tienda\",\"item\":\"https:\\\/\\\/kanakydesign.com\\\/tienda\\\/\"},{\"@type\":\"ListItem\",\"position\":3,\"name\":\"Casquillo cer\u00e1mico recto\"}]},{\"@type\":\"WebSite\",\"@id\":\"https:\\\/\\\/kanakydesign.com\\\/#website\",\"url\":\"https:\\\/\\\/kanakydesign.com\\\/\",\"name\":\"KanakyDesign Enclosures\",\"description\":\"Become a professional keeper\",\"publisher\":{\"@id\":\"https:\\\/\\\/kanakydesign.com\\\/#organization\"},\"alternateName\":\"KanakyDesign\",\"potentialAction\":[{\"@type\":\"SearchAction\",\"target\":{\"@type\":\"EntryPoint\",\"urlTemplate\":\"https:\\\/\\\/kanakydesign.com\\\/?s={search_term_string}\"},\"query-input\":{\"@type\":\"PropertyValueSpecification\",\"valueRequired\":true,\"valueName\":\"search_term_string\"}}],\"inLanguage\":\"fr-FR\"},{\"@type\":\"Organization\",\"@id\":\"https:\\\/\\\/kanakydesign.com\\\/#organization\",\"name\":\"KanakyDesign Enclosures\",\"alternateName\":\"KanakyDesign\",\"url\":\"https:\\\/\\\/kanakydesign.com\\\/\",\"logo\":{\"@type\":\"ImageObject\",\"inLanguage\":\"fr-FR\",\"@id\":\"https:\\\/\\\/kanakydesign.com\\\/#\\\/schema\\\/logo\\\/image\\\/\",\"url\":\"https:\\\/\\\/kanakydesign.com\\\/wp-content\\\/uploads\\\/2023\\\/06\\\/Logo-KanakyDesign-circular-negro-1.png\",\"contentUrl\":\"https:\\\/\\\/kanakydesign.com\\\/wp-content\\\/uploads\\\/2023\\\/06\\\/Logo-KanakyDesign-circular-negro-1.png\",\"width\":2000,\"height\":2000,\"caption\":\"KanakyDesign Enclosures\"},\"image\":{\"@id\":\"https:\\\/\\\/kanakydesign.com\\\/#\\\/schema\\\/logo\\\/image\\\/\"}}]}<\/script>\n<!-- \/ Yoast SEO plugin. -->","yoast_head_json":{"title":"Douille droite en c\u00e9ramique : KanakyDesign Enclosures","description":"Prise c\u00e9ramique E27 Trixie terrarium droit en porcelaine, c\u00e2ble avec prise europ\u00e9enne et interrupteur. Installation fixe au plafond. Jusqu'\u00e0 150W.","robots":{"index":"index","follow":"follow","max-snippet":"max-snippet:-1","max-image-preview":"max-image-preview:large","max-video-preview":"max-video-preview:-1"},"canonical":"https:\/\/kanakydesign.com\/fr\/produit\/casquillo-recto\/","og_locale":"fr_FR","og_type":"article","og_title":"Casquillo cer\u00e1mico recto | KanakyDesign Enclosures","og_description":"Casquillo cer\u00e1mico E27 terrario Trixie recto con porcelana, cable con enchufe europeo e interruptor. Instalaci\u00f3n fija al techo. Hasta 150W.","og_url":"https:\/\/kanakydesign.com\/fr\/produit\/casquillo-recto\/","og_site_name":"KanakyDesign Enclosures","article_modified_time":"2026-02-07T22:57:03+00:00","og_image":[{"width":2560,"height":2560,"url":"https:\/\/kanakydesign.com\/wp-content\/uploads\/2023\/09\/DSC2786-scaled.jpg","type":"image\/jpeg"}],"twitter_card":"summary_large_image","twitter_misc":{"Dur\u00e9e de lecture estim\u00e9e":"2 minutes"},"schema":{"@context":"https:\/\/schema.org","@graph":[{"@type":"WebPage","@id":"https:\/\/kanakydesign.com\/producto\/casquillo-recto\/","url":"https:\/\/kanakydesign.com\/producto\/casquillo-recto\/","name":"Douille droite en c\u00e9ramique : KanakyDesign Enclosures","isPartOf":{"@id":"https:\/\/kanakydesign.com\/#website"},"primaryImageOfPage":{"@id":"https:\/\/kanakydesign.com\/producto\/casquillo-recto\/#primaryimage"},"image":{"@id":"https:\/\/kanakydesign.com\/producto\/casquillo-recto\/#primaryimage"},"thumbnailUrl":"https:\/\/kanakydesign.com\/wp-content\/uploads\/2023\/09\/DSC2786-scaled.jpg","datePublished":"2023-06-27T14:43:20+00:00","dateModified":"2026-02-07T22:57:03+00:00","description":"Prise c\u00e9ramique E27 Trixie terrarium droit en porcelaine, c\u00e2ble avec prise europ\u00e9enne et interrupteur. Installation fixe au plafond. Jusqu'\u00e0 150W.","breadcrumb":{"@id":"https:\/\/kanakydesign.com\/producto\/casquillo-recto\/#breadcrumb"},"inLanguage":"fr-FR","potentialAction":[{"@type":"ReadAction","target":["https:\/\/kanakydesign.com\/producto\/casquillo-recto\/"]}]},{"@type":"ImageObject","inLanguage":"fr-FR","@id":"https:\/\/kanakydesign.com\/producto\/casquillo-recto\/#primaryimage","url":"https:\/\/kanakydesign.com\/wp-content\/uploads\/2023\/09\/DSC2786-scaled.jpg","contentUrl":"https:\/\/kanakydesign.com\/wp-content\/uploads\/2023\/09\/DSC2786-scaled.jpg","width":2560,"height":2560},{"@type":"BreadcrumbList","@id":"https:\/\/kanakydesign.com\/producto\/casquillo-recto\/#breadcrumb","itemListElement":[{"@type":"ListItem","position":1,"name":"Portada","item":"https:\/\/kanakydesign.com\/"},{"@type":"ListItem","position":2,"name":"Tienda","item":"https:\/\/kanakydesign.com\/tienda\/"},{"@type":"ListItem","position":3,"name":"Casquillo cer\u00e1mico recto"}]},{"@type":"WebSite","@id":"https:\/\/kanakydesign.com\/#website","url":"https:\/\/kanakydesign.com\/","name":"KanakyDesign Enclosures","description":"Become a professional keeper","publisher":{"@id":"https:\/\/kanakydesign.com\/#organization"},"alternateName":"KanakyDesign","potentialAction":[{"@type":"SearchAction","target":{"@type":"EntryPoint","urlTemplate":"https:\/\/kanakydesign.com\/?s={search_term_string}"},"query-input":{"@type":"PropertyValueSpecification","valueRequired":true,"valueName":"search_term_string"}}],"inLanguage":"fr-FR"},{"@type":"Organization","@id":"https:\/\/kanakydesign.com\/#organization","name":"KanakyDesign Enclosures","alternateName":"KanakyDesign","url":"https:\/\/kanakydesign.com\/","logo":{"@type":"ImageObject","inLanguage":"fr-FR","@id":"https:\/\/kanakydesign.com\/#\/schema\/logo\/image\/","url":"https:\/\/kanakydesign.com\/wp-content\/uploads\/2023\/06\/Logo-KanakyDesign-circular-negro-1.png","contentUrl":"https:\/\/kanakydesign.com\/wp-content\/uploads\/2023\/06\/Logo-KanakyDesign-circular-negro-1.png","width":2000,"height":2000,"caption":"KanakyDesign Enclosures"},"image":{"@id":"https:\/\/kanakydesign.com\/#\/schema\/logo\/image\/"}}]}},"_links":{"self":[{"href":"https:\/\/kanakydesign.com\/fr\/wp-json\/wp\/v2\/product\/248","targetHints":{"allow":["GET"]}}],"collection":[{"href":"https:\/\/kanakydesign.com\/fr\/wp-json\/wp\/v2\/product"}],"about":[{"href":"https:\/\/kanakydesign.com\/fr\/wp-json\/wp\/v2\/types\/product"}],"wp:featuredmedia":[{"embeddable":true,"href":"https:\/\/kanakydesign.com\/fr\/wp-json\/wp\/v2\/media\/1071"}],"wp:attachment":[{"href":"https:\/\/kanakydesign.com\/fr\/wp-json\/wp\/v2\/media?parent=248"}],"wp:term":[{"taxonomy":"product_brand","embeddable":true,"href":"https:\/\/kanakydesign.com\/fr\/wp-json\/wp\/v2\/product_brand?post=248"},{"taxonomy":"product_cat","embeddable":true,"href":"https:\/\/kanakydesign.com\/fr\/wp-json\/wp\/v2\/product_cat?post=248"},{"taxonomy":"product_tag","embeddable":true,"href":"https:\/\/kanakydesign.com\/fr\/wp-json\/wp\/v2\/product_tag?post=248"}],"curies":[{"name":"wp","href":"https:\/\/api.w.org\/{rel}","templated":true}]}}