{"id":191,"date":"2023-06-27T11:25:09","date_gmt":"2023-06-27T11:25:09","guid":{"rendered":"https:\/\/kanakydesign.com\/?post_type=product&#038;p=191"},"modified":"2026-02-08T00:36:34","modified_gmt":"2026-02-08T00:36:34","slug":"cerradura","status":"publish","type":"product","link":"https:\/\/kanakydesign.com\/fr\/produit\/cerradura\/","title":{"rendered":"Verrouiller"},"content":{"rendered":"<p data-start=\"173\" data-end=\"706\">Le <strong data-start=\"176\" data-end=\"218\">serrure pour terrarium en m\u00e9thacrylate<\/strong> (\u00e9galement valable pour les panneaux transparents compatibles) est un accessoire indispensable si vous voulez un terrarium <strong data-start=\"323\" data-end=\"344\">\u00e9tanche<\/strong> et \u00e9viter <strong data-start=\"354\" data-end=\"380\">ouvertures accidentelles<\/strong>. Dans les terrariums o\u00f9 vivent des animaux curieux, grimpeurs ou tr\u00e8s actifs - et en particulier dans les installations o\u00f9 vivent des invert\u00e9br\u00e9s ou de petites esp\u00e8ces - une serrure fiable fait la diff\u00e9rence entre un environnement s\u00fbr et une frayeur. Cette serrure est install\u00e9e sur le <strong data-start=\"616\" data-end=\"636\">verre ext\u00e9rieur<\/strong> et propose une <strong data-start=\"649\" data-end=\"682\">m\u00e9canisme simple et pratique<\/strong>, id\u00e9al pour une utilisation quotidienne.<\/p>\n<h2 data-start=\"708\" data-end=\"761\">\u2705 Verrouillage anti-effraction : plus de s\u00e9curit\u00e9 au quotidien<\/h2>\n<p data-start=\"762\" data-end=\"843\">L'objectif principal de cette <strong data-start=\"792\" data-end=\"831\">serrure pour terrarium acrylique plexiglas<\/strong> est de pr\u00e9venir :<\/p>\n<ul data-start=\"844\" data-end=\"1011\">\n<li data-start=\"844\" data-end=\"897\">\n<p data-start=\"846\" data-end=\"897\">les ouvertures involontaires dues \u00e0 des chocs ou \u00e0 des manipulations<\/p>\n<\/li>\n<li data-start=\"898\" data-end=\"947\">\n<p data-start=\"900\" data-end=\"947\">le glissement inattendu de portes\/panneaux<\/p>\n<\/li>\n<li data-start=\"948\" data-end=\"1011\">\n<p data-start=\"950\" data-end=\"1011\">les \u00e9vasions d'animaux (surtout les plus agiles ou les plus petits)<\/p>\n<\/li>\n<\/ul>\n<p data-start=\"1013\" data-end=\"1150\">Il vous permet \u00e9galement d'avoir l'esprit tranquille si le terrarium se trouve dans une zone de transit, avec des enfants, des animaux domestiques ou dans un environnement o\u00f9 il est fr\u00e9quemment manipul\u00e9.<\/p>\n<h2 data-start=\"1152\" data-end=\"1188\">\ud83d\udd29 Compatible avec des \u00e9paisseurs de 4 \u00e0 6 mm<\/h2>\n<p data-start=\"1189\" data-end=\"1454\">Cette serrure est con\u00e7ue pour les vitres\/panneaux de <strong data-start=\"1243\" data-end=\"1266\">4 \u00e0 6 mm d'\u00e9paisseur<\/strong>, une gamme tr\u00e8s courante dans les portes en m\u00e9thacrylate et les enceintes de terrariums. La finition est <strong data-start=\"1356\" data-end=\"1367\">chrome<\/strong>, Le nouveau design offre un aspect propre et discret qui s'int\u00e8gre facilement \u00e0 l'esth\u00e9tique de l'installation.<\/p>\n<h2 data-start=\"1456\" data-end=\"1504\">\ud83d\udee0\ufe0f Installation : per\u00e7age de 16 mm n\u00e9cessaire<\/h2>\n<p data-start=\"1505\" data-end=\"1671\">\u26a0\ufe0f Important avant d'acheter : <strong data-start=\"1537\" data-end=\"1595\">n\u00e9cessite la r\u00e9alisation d'un trou de 16 mm de diam\u00e8tre<\/strong> sur le verre\/m\u00e9thacrylate pour l'installation.<br data-start=\"1642\" data-end=\"1645\" \/>Recommandations pratiques :<\/p>\n<ul data-start=\"1672\" data-end=\"1919\">\n<li data-start=\"1672\" data-end=\"1722\">\n<p data-start=\"1674\" data-end=\"1722\">mesure et marque avec pr\u00e9cision le point de montage<\/p>\n<\/li>\n<li data-start=\"1723\" data-end=\"1797\">\n<p data-start=\"1725\" data-end=\"1797\">utilise l'outil appropri\u00e9 pour le mat\u00e9riau (m\u00e9thacrylate\/verre)<\/p>\n<\/li>\n<li data-start=\"1798\" data-end=\"1851\">\n<p data-start=\"1800\" data-end=\"1851\">travailler avec soin pour \u00e9viter les fissures ou les cassures.<\/p>\n<\/li>\n<li data-start=\"1852\" data-end=\"1919\">\n<p data-start=\"1854\" data-end=\"1919\">si vous n'avez pas d'exp\u00e9rience, pensez \u00e0 faire appel \u00e0 un professionnel.<\/p>\n<\/li>\n<\/ul>\n<p data-start=\"1921\" data-end=\"2030\">Une fois install\u00e9e, la serrure est tr\u00e8s pratique \u00e0 utiliser : ouverture\/fermeture rapide et s\u00fbre, sans complications.<\/p>\n<h2 data-start=\"2032\" data-end=\"2048\">\ud83e\udde9 Id\u00e9al pour<\/h2>\n<ul data-start=\"2049\" data-end=\"2293\">\n<li data-start=\"2049\" data-end=\"2099\">\n<p data-start=\"2051\" data-end=\"2099\">terrariums en m\u00e9thacrylate avec portes d'entr\u00e9e<\/p>\n<\/li>\n<li data-start=\"2100\" data-end=\"2160\">\n<p data-start=\"2102\" data-end=\"2160\">les terrariums o\u00f9 l'on veut minimiser les ouvertures accidentelles<\/p>\n<\/li>\n<li data-start=\"2161\" data-end=\"2229\">\n<p data-start=\"2163\" data-end=\"2229\">assemblages d'esp\u00e8ces ayant tendance \u00e0 explorer et \u00e0 pousser les portes<\/p>\n<\/li>\n<li data-start=\"2230\" data-end=\"2293\">\n<p data-start=\"2232\" data-end=\"2293\">les installations o\u00f9 vous avez besoin d'une s\u00e9curit\u00e9 anti-fugue suppl\u00e9mentaire<\/p>\n<\/li>\n<\/ul>\n<p data-start=\"2295\" data-end=\"2377\">\ud83d\udc49 Compl\u00e9tez votre terrarium avec d'autres accessoires sur <strong data-start=\"2341\" data-end=\"2376\"><a class=\"decorated-link\" href=\"https:\/\/kanakydesign.com\/fr\/categoria\/accesorios\/complementos\/\" target=\"_new\" rel=\"noopener\" data-start=\"2343\" data-end=\"2374\">https:\/\/www.kanakydesign.com\/<\/a><\/strong>.<\/p>","protected":false},"excerpt":{"rendered":"<p>Ce verrou rendra votre terrarium \u00e9tanche et emp\u00eachera toute ouverture accidentelle. Il est plac\u00e9 sur la vitre ext\u00e9rieure et poss\u00e8de un m\u00e9canisme tr\u00e8s simple et pratique.<\/p>\n<p>Couleur chrome, convient pour une \u00e9paisseur de verre de 4 \u00e0 6 mm.<\/p>\n<p>*N\u00e9cessite le per\u00e7age d'un trou de 16 mm de diam\u00e8tre dans le verre.<\/p>","protected":false},"featured_media":1106,"template":"","meta":[],"product_brand":[],"product_cat":[23,28],"product_tag":[485,486,481,482,478,483,479,484,480,487,488],"class_list":{"0":"post-191","1":"product","2":"type-product","3":"status-publish","4":"has-post-thumbnail","6":"product_cat-accesorios","7":"product_cat-complementos","8":"product_tag-accesorio-seguridad-terrario","9":"product_tag-cerradura-con-perforacion-16mm","10":"product_tag-cerradura-cristal-terrario","11":"product_tag-cerradura-cromada-terrario","12":"product_tag-cerradura-metacrilato-terrario","13":"product_tag-cerradura-para-cristal-4-6mm","14":"product_tag-cerradura-terrario-antiescape","15":"product_tag-cierre-puertas-terrario","16":"product_tag-cierre-terrario-metacrilato","17":"product_tag-herrajes-terrario","18":"product_tag-seguridad-terrarios","20":"first","21":"instock","22":"taxable","23":"shipping-taxable","24":"purchasable","25":"product-type-simple"},"yoast_head":"<!-- This site is optimized with the Yoast SEO plugin v27.4 - https:\/\/yoast.com\/product\/yoast-seo-wordpress\/ -->\n<title>Cerradura | KanakyDesign Enclosures<\/title>\n<meta name=\"description\" content=\"Cerradura metacrilato terrario cromada para cristal 4\u20136mm. Cierre antiescape y pr\u00e1ctico en el exterior. Requiere perforaci\u00f3n de 16mm.\" \/>\n<meta name=\"robots\" content=\"index, follow, max-snippet:-1, max-image-preview:large, max-video-preview:-1\" \/>\n<link rel=\"canonical\" href=\"https:\/\/kanakydesign.com\/fr\/produit\/cerradura\/\" \/>\n<meta property=\"og:locale\" content=\"fr_FR\" \/>\n<meta property=\"og:type\" content=\"article\" \/>\n<meta property=\"og:title\" content=\"Cerradura | KanakyDesign Enclosures\" \/>\n<meta property=\"og:description\" content=\"Cerradura metacrilato terrario cromada para cristal 4\u20136mm. Cierre antiescape y pr\u00e1ctico en el exterior. Requiere perforaci\u00f3n de 16mm.\" \/>\n<meta property=\"og:url\" content=\"https:\/\/kanakydesign.com\/fr\/produit\/cerradura\/\" \/>\n<meta property=\"og:site_name\" content=\"KanakyDesign Enclosures\" \/>\n<meta property=\"article:modified_time\" content=\"2026-02-08T00:36:34+00:00\" \/>\n<meta property=\"og:image\" content=\"https:\/\/kanakydesign.com\/wp-content\/uploads\/2023\/09\/DSC2859-scaled.jpg\" \/>\n\t<meta property=\"og:image:width\" content=\"2560\" \/>\n\t<meta property=\"og:image:height\" content=\"2560\" \/>\n\t<meta property=\"og:image:type\" content=\"image\/jpeg\" \/>\n<meta name=\"twitter:card\" content=\"summary_large_image\" \/>\n<meta name=\"twitter:label1\" content=\"Dur\u00e9e de lecture estim\u00e9e\" \/>\n\t<meta name=\"twitter:data1\" content=\"2 minutes\" \/>\n<script type=\"application\/ld+json\" class=\"yoast-schema-graph\">{\"@context\":\"https:\\\/\\\/schema.org\",\"@graph\":[{\"@type\":\"WebPage\",\"@id\":\"https:\\\/\\\/kanakydesign.com\\\/producto\\\/cerradura\\\/\",\"url\":\"https:\\\/\\\/kanakydesign.com\\\/producto\\\/cerradura\\\/\",\"name\":\"Cerradura | KanakyDesign Enclosures\",\"isPartOf\":{\"@id\":\"https:\\\/\\\/kanakydesign.com\\\/#website\"},\"primaryImageOfPage\":{\"@id\":\"https:\\\/\\\/kanakydesign.com\\\/producto\\\/cerradura\\\/#primaryimage\"},\"image\":{\"@id\":\"https:\\\/\\\/kanakydesign.com\\\/producto\\\/cerradura\\\/#primaryimage\"},\"thumbnailUrl\":\"https:\\\/\\\/kanakydesign.com\\\/wp-content\\\/uploads\\\/2023\\\/09\\\/DSC2859-scaled.jpg\",\"datePublished\":\"2023-06-27T11:25:09+00:00\",\"dateModified\":\"2026-02-08T00:36:34+00:00\",\"description\":\"Cerradura metacrilato terrario cromada para cristal 4\u20136mm. Cierre antiescape y pr\u00e1ctico en el exterior. Requiere perforaci\u00f3n de 16mm.\",\"breadcrumb\":{\"@id\":\"https:\\\/\\\/kanakydesign.com\\\/producto\\\/cerradura\\\/#breadcrumb\"},\"inLanguage\":\"fr-FR\",\"potentialAction\":[{\"@type\":\"ReadAction\",\"target\":[\"https:\\\/\\\/kanakydesign.com\\\/producto\\\/cerradura\\\/\"]}]},{\"@type\":\"ImageObject\",\"inLanguage\":\"fr-FR\",\"@id\":\"https:\\\/\\\/kanakydesign.com\\\/producto\\\/cerradura\\\/#primaryimage\",\"url\":\"https:\\\/\\\/kanakydesign.com\\\/wp-content\\\/uploads\\\/2023\\\/09\\\/DSC2859-scaled.jpg\",\"contentUrl\":\"https:\\\/\\\/kanakydesign.com\\\/wp-content\\\/uploads\\\/2023\\\/09\\\/DSC2859-scaled.jpg\",\"width\":2560,\"height\":2560},{\"@type\":\"BreadcrumbList\",\"@id\":\"https:\\\/\\\/kanakydesign.com\\\/producto\\\/cerradura\\\/#breadcrumb\",\"itemListElement\":[{\"@type\":\"ListItem\",\"position\":1,\"name\":\"Portada\",\"item\":\"https:\\\/\\\/kanakydesign.com\\\/\"},{\"@type\":\"ListItem\",\"position\":2,\"name\":\"Tienda\",\"item\":\"https:\\\/\\\/kanakydesign.com\\\/tienda\\\/\"},{\"@type\":\"ListItem\",\"position\":3,\"name\":\"Cerradura\"}]},{\"@type\":\"WebSite\",\"@id\":\"https:\\\/\\\/kanakydesign.com\\\/#website\",\"url\":\"https:\\\/\\\/kanakydesign.com\\\/\",\"name\":\"KanakyDesign Enclosures\",\"description\":\"Become a professional keeper\",\"publisher\":{\"@id\":\"https:\\\/\\\/kanakydesign.com\\\/#organization\"},\"alternateName\":\"KanakyDesign\",\"potentialAction\":[{\"@type\":\"SearchAction\",\"target\":{\"@type\":\"EntryPoint\",\"urlTemplate\":\"https:\\\/\\\/kanakydesign.com\\\/?s={search_term_string}\"},\"query-input\":{\"@type\":\"PropertyValueSpecification\",\"valueRequired\":true,\"valueName\":\"search_term_string\"}}],\"inLanguage\":\"fr-FR\"},{\"@type\":\"Organization\",\"@id\":\"https:\\\/\\\/kanakydesign.com\\\/#organization\",\"name\":\"KanakyDesign Enclosures\",\"alternateName\":\"KanakyDesign\",\"url\":\"https:\\\/\\\/kanakydesign.com\\\/\",\"logo\":{\"@type\":\"ImageObject\",\"inLanguage\":\"fr-FR\",\"@id\":\"https:\\\/\\\/kanakydesign.com\\\/#\\\/schema\\\/logo\\\/image\\\/\",\"url\":\"https:\\\/\\\/kanakydesign.com\\\/wp-content\\\/uploads\\\/2023\\\/06\\\/Logo-KanakyDesign-circular-negro-1.png\",\"contentUrl\":\"https:\\\/\\\/kanakydesign.com\\\/wp-content\\\/uploads\\\/2023\\\/06\\\/Logo-KanakyDesign-circular-negro-1.png\",\"width\":2000,\"height\":2000,\"caption\":\"KanakyDesign Enclosures\"},\"image\":{\"@id\":\"https:\\\/\\\/kanakydesign.com\\\/#\\\/schema\\\/logo\\\/image\\\/\"}}]}<\/script>\n<!-- \/ Yoast SEO plugin. -->","yoast_head_json":{"title":"Verrouiller | KanakyDesign Enclosures","description":"Serrure de terrarium en m\u00e9thacrylate chrom\u00e9 pour verre de 4 \u00e0 6 mm. Verrouillage pratique et anti-\u00e9vasion \u00e0 l'ext\u00e9rieur. N\u00e9cessite un per\u00e7age de 16 mm.","robots":{"index":"index","follow":"follow","max-snippet":"max-snippet:-1","max-image-preview":"max-image-preview:large","max-video-preview":"max-video-preview:-1"},"canonical":"https:\/\/kanakydesign.com\/fr\/produit\/cerradura\/","og_locale":"fr_FR","og_type":"article","og_title":"Cerradura | KanakyDesign Enclosures","og_description":"Cerradura metacrilato terrario cromada para cristal 4\u20136mm. Cierre antiescape y pr\u00e1ctico en el exterior. Requiere perforaci\u00f3n de 16mm.","og_url":"https:\/\/kanakydesign.com\/fr\/produit\/cerradura\/","og_site_name":"KanakyDesign Enclosures","article_modified_time":"2026-02-08T00:36:34+00:00","og_image":[{"width":2560,"height":2560,"url":"https:\/\/kanakydesign.com\/wp-content\/uploads\/2023\/09\/DSC2859-scaled.jpg","type":"image\/jpeg"}],"twitter_card":"summary_large_image","twitter_misc":{"Dur\u00e9e de lecture estim\u00e9e":"2 minutes"},"schema":{"@context":"https:\/\/schema.org","@graph":[{"@type":"WebPage","@id":"https:\/\/kanakydesign.com\/producto\/cerradura\/","url":"https:\/\/kanakydesign.com\/producto\/cerradura\/","name":"Verrouiller | KanakyDesign Enclosures","isPartOf":{"@id":"https:\/\/kanakydesign.com\/#website"},"primaryImageOfPage":{"@id":"https:\/\/kanakydesign.com\/producto\/cerradura\/#primaryimage"},"image":{"@id":"https:\/\/kanakydesign.com\/producto\/cerradura\/#primaryimage"},"thumbnailUrl":"https:\/\/kanakydesign.com\/wp-content\/uploads\/2023\/09\/DSC2859-scaled.jpg","datePublished":"2023-06-27T11:25:09+00:00","dateModified":"2026-02-08T00:36:34+00:00","description":"Serrure de terrarium en m\u00e9thacrylate chrom\u00e9 pour verre de 4 \u00e0 6 mm. Verrouillage pratique et anti-\u00e9vasion \u00e0 l'ext\u00e9rieur. N\u00e9cessite un per\u00e7age de 16 mm.","breadcrumb":{"@id":"https:\/\/kanakydesign.com\/producto\/cerradura\/#breadcrumb"},"inLanguage":"fr-FR","potentialAction":[{"@type":"ReadAction","target":["https:\/\/kanakydesign.com\/producto\/cerradura\/"]}]},{"@type":"ImageObject","inLanguage":"fr-FR","@id":"https:\/\/kanakydesign.com\/producto\/cerradura\/#primaryimage","url":"https:\/\/kanakydesign.com\/wp-content\/uploads\/2023\/09\/DSC2859-scaled.jpg","contentUrl":"https:\/\/kanakydesign.com\/wp-content\/uploads\/2023\/09\/DSC2859-scaled.jpg","width":2560,"height":2560},{"@type":"BreadcrumbList","@id":"https:\/\/kanakydesign.com\/producto\/cerradura\/#breadcrumb","itemListElement":[{"@type":"ListItem","position":1,"name":"Portada","item":"https:\/\/kanakydesign.com\/"},{"@type":"ListItem","position":2,"name":"Tienda","item":"https:\/\/kanakydesign.com\/tienda\/"},{"@type":"ListItem","position":3,"name":"Cerradura"}]},{"@type":"WebSite","@id":"https:\/\/kanakydesign.com\/#website","url":"https:\/\/kanakydesign.com\/","name":"KanakyDesign Enclosures","description":"Become a professional keeper","publisher":{"@id":"https:\/\/kanakydesign.com\/#organization"},"alternateName":"KanakyDesign","potentialAction":[{"@type":"SearchAction","target":{"@type":"EntryPoint","urlTemplate":"https:\/\/kanakydesign.com\/?s={search_term_string}"},"query-input":{"@type":"PropertyValueSpecification","valueRequired":true,"valueName":"search_term_string"}}],"inLanguage":"fr-FR"},{"@type":"Organization","@id":"https:\/\/kanakydesign.com\/#organization","name":"KanakyDesign Enclosures","alternateName":"KanakyDesign","url":"https:\/\/kanakydesign.com\/","logo":{"@type":"ImageObject","inLanguage":"fr-FR","@id":"https:\/\/kanakydesign.com\/#\/schema\/logo\/image\/","url":"https:\/\/kanakydesign.com\/wp-content\/uploads\/2023\/06\/Logo-KanakyDesign-circular-negro-1.png","contentUrl":"https:\/\/kanakydesign.com\/wp-content\/uploads\/2023\/06\/Logo-KanakyDesign-circular-negro-1.png","width":2000,"height":2000,"caption":"KanakyDesign Enclosures"},"image":{"@id":"https:\/\/kanakydesign.com\/#\/schema\/logo\/image\/"}}]}},"_links":{"self":[{"href":"https:\/\/kanakydesign.com\/fr\/wp-json\/wp\/v2\/product\/191","targetHints":{"allow":["GET"]}}],"collection":[{"href":"https:\/\/kanakydesign.com\/fr\/wp-json\/wp\/v2\/product"}],"about":[{"href":"https:\/\/kanakydesign.com\/fr\/wp-json\/wp\/v2\/types\/product"}],"wp:featuredmedia":[{"embeddable":true,"href":"https:\/\/kanakydesign.com\/fr\/wp-json\/wp\/v2\/media\/1106"}],"wp:attachment":[{"href":"https:\/\/kanakydesign.com\/fr\/wp-json\/wp\/v2\/media?parent=191"}],"wp:term":[{"taxonomy":"product_brand","embeddable":true,"href":"https:\/\/kanakydesign.com\/fr\/wp-json\/wp\/v2\/product_brand?post=191"},{"taxonomy":"product_cat","embeddable":true,"href":"https:\/\/kanakydesign.com\/fr\/wp-json\/wp\/v2\/product_cat?post=191"},{"taxonomy":"product_tag","embeddable":true,"href":"https:\/\/kanakydesign.com\/fr\/wp-json\/wp\/v2\/product_tag?post=191"}],"curies":[{"name":"wp","href":"https:\/\/api.w.org\/{rel}","templated":true}]}}