{"id":188,"date":"2023-06-27T11:24:08","date_gmt":"2023-06-27T11:24:08","guid":{"rendered":"https:\/\/kanakydesign.com\/?post_type=product&#038;p=188"},"modified":"2026-04-11T16:56:56","modified_gmt":"2026-04-11T16:56:56","slug":"termostato-dia-noche","status":"publish","type":"product","link":"https:\/\/kanakydesign.com\/fr\/produit\/termostato-dia-noche\/","title":{"rendered":"Thermostat jour\/nuit"},"content":{"rendered":"<p data-start=\"159\" data-end=\"686\">Les <strong data-start=\"162\" data-end=\"214\">thermostat digital jour nuit <\/strong>de la marque <strong data-start=\"162\" data-end=\"214\">Giganterra<\/strong> est un contr\u00f4leur complet qui permet de maintenir une temp\u00e9rature stable et d'automatiser le cycle de votre terrarium en toute s\u00e9curit\u00e9. Il est con\u00e7u pour fonctionner avec <strong data-start=\"363\" data-end=\"384\">panneaux radiants<\/strong>, <strong data-start=\"386\" data-end=\"408\">lampes en c\u00e9ramique<\/strong> et d'autres sources de chaleur, en r\u00e9gulant le syst\u00e8me pour que votre animal b\u00e9n\u00e9ficie d'un environnement constant de jour comme de nuit. Si vous \u00eates \u00e0 la recherche d'un <strong data-start=\"549\" data-end=\"590\">thermostat digital jour nuit <\/strong>qui g\u00e8re \u00e9galement l'\u00e9clairage de votre terrarium, ce mod\u00e8le se distingue par son <strong data-start=\"655\" data-end=\"685\">2 circuits ind\u00e9pendants<\/strong>.<\/p>\n<h2 data-start=\"688\" data-end=\"741\">\u2705 2 circuits : chauffage + \u00e9clairage (v\u00e9ritable automatisation)<\/h2>\n<p data-start=\"742\" data-end=\"768\">Ce thermostat comprend :<\/p>\n<ul data-start=\"769\" data-end=\"1036\">\n<li data-start=\"769\" data-end=\"862\">\n<p data-start=\"771\" data-end=\"862\"><strong data-start=\"771\" data-end=\"800\">Circuit 1 (temp\u00e9rature) :<\/strong> contr\u00f4le la source de chaleur pour maintenir la temp\u00e9rature souhait\u00e9e.<\/p>\n<\/li>\n<li data-start=\"863\" data-end=\"1036\">\n<p data-start=\"865\" data-end=\"1036\"><strong data-start=\"865\" data-end=\"888\">Circuit 2 (\u00e9clairage) :<\/strong> permet de g\u00e9rer s\u00e9par\u00e9ment l'\u00e9clairage du terrarium, facilitant ainsi les routines jour\/nuit sans avoir besoin de minuteries suppl\u00e9mentaires. Id\u00e9al pour contr\u00f4ler les sources de lumi\u00e8re LED et les \u00e9crans UV qui n'\u00e9mettent pas de chaleur (<strong><a href=\"https:\/\/kanakydesign.com\/fr\/categoria\/accesorios\/iluminacion\/\">aller \u00e0 l'\u00e9clairage<\/a><\/strong>)<\/p>\n<\/li>\n<\/ul>\n<p data-start=\"1038\" data-end=\"1149\">Cette configuration permet de centraliser le contr\u00f4le des terrariums et de r\u00e9duire le nombre d'\u00e9quipements, de c\u00e2bles et de r\u00e9glages manuels.<\/p>\n<h2 data-start=\"1151\" data-end=\"1192\">\ud83c\udf21\ufe0f Lecture permanente et plage 0-50 \u00b0C<\/h2>\n<p data-start=\"1193\" data-end=\"1436\">L'\u00e9cran affiche en permanence le <strong data-start=\"1240\" data-end=\"1263\">temp\u00e9rature interne<\/strong>, L'\u00e9tat du syst\u00e8me peut \u00eatre v\u00e9rifi\u00e9 en un coup d'\u0153il. Fonctionne dans une gamme de <strong data-start=\"1348\" data-end=\"1364\">0 \u00b0C \u00e0 50 \u00b0C<\/strong>, Id\u00e9al pour la plupart des terrariums tropicaux, temp\u00e9r\u00e9s et d\u00e9sertiques.<\/p>\n<h2 data-start=\"1438\" data-end=\"1489\">\ud83d\udea8 Fonction d'alarme de temp\u00e9rature \u00e9lev\u00e9e ou basse<\/h2>\n<p data-start=\"1490\" data-end=\"1744\">Pour plus de s\u00e9curit\u00e9, il int\u00e8gre <strong data-start=\"1524\" data-end=\"1534\">alarme<\/strong> si la temp\u00e9rature augmente ou diminue en dehors de la plage d\u00e9finie. Cela permet de d\u00e9tecter les d\u00e9fauts de chauffage, un mauvais positionnement du capteur ou des changements environnementaux soudains avant qu'ils ne deviennent un probl\u00e8me.<\/p>\n<h2 data-start=\"1746\" data-end=\"1774\">\u26a1 Puissance maximale : 2x500W<\/h2>\n<p data-start=\"1775\" data-end=\"2029\">Sa capacit\u00e9 maximale est de <strong data-start=\"1801\" data-end=\"1813\">2 x 500W<\/strong>, Le syst\u00e8me de chauffage est suffisant pour contr\u00f4ler la plupart des syst\u00e8mes de chauffage courants (c\u00e9ramique, panneaux radiants, couvertures chauffantes, c\u00e2bles, etc.), aussi bien dans les terrariums domestiques que dans les installations plus exigeantes.<\/p>\n<h2 data-start=\"2031\" data-end=\"2063\">\ud83d\udd0b M\u00e9moire des pannes de courant<\/h2>\n<p data-start=\"2064\" data-end=\"2256\">Comprend <strong data-start=\"2072\" data-end=\"2091\">batterie interne<\/strong> pour conserver la programmation en cas de coupure de courant. Ainsi, lorsque le courant est r\u00e9tabli, le terrarium retrouve ses r\u00e9glages sans qu'il soit n\u00e9cessaire de reprogrammer les temp\u00e9ratures ou les cycles.<\/p>\n<p data-start=\"2064\" data-end=\"2256\">\n<p data-start=\"2388\" data-end=\"2619\"><strong data-start=\"2388\" data-end=\"2411\">Conseils d'assemblage :<\/strong> Placez la sonde dans la zone que vous souhaitez surveiller (g\u00e9n\u00e9ralement pr\u00e8s du point chaud, mais sans contact direct avec la source de chaleur) et v\u00e9rifiez le gradient \u00e0 l'aide d'un thermom\u00e8tre dans une autre zone du terrarium.<\/p>","protected":false},"excerpt":{"rendered":"<p>Le thermostat num\u00e9rique r\u00e9gule la temp\u00e9rature et est id\u00e9al pour une utilisation avec des panneaux radiants, des lampes en c\u00e9ramique et d'autres sources de chaleur. Il poss\u00e8de 2 circuits, un circuit pour contr\u00f4ler la temp\u00e9rature et un circuit pour contr\u00f4ler les lumi\u00e8res du terrarium. La temp\u00e9rature interne peut \u00eatre affich\u00e9e en permanence sur l'\u00e9cran. Il a une plage de 0\u00b0C \u00e0 50\u00b0C avec une fonction d'alarme en cas de hausse ou de baisse de ces temp\u00e9ratures.<\/p>\n<p>Sa capacit\u00e9 maximale est de 2x 500w. Il dispose d'une batterie interne pour sauvegarder la programmation en cas de coupure de courant.<\/p>","protected":false},"featured_media":1076,"template":"","meta":[],"product_brand":[],"product_cat":[23,26],"product_tag":[227,230,226,223,219,229,228,225,231,224,221,222,220],"class_list":{"0":"post-188","1":"product","2":"type-product","3":"status-publish","4":"has-post-thumbnail","6":"product_cat-accesorios","7":"product_cat-calefaccion","8":"product_tag-automatizacion-terrario","9":"product_tag-calefaccion-terrario","10":"product_tag-control-luces-terrario","11":"product_tag-controlador-temperatura-terrario","12":"product_tag-giganterra","13":"product_tag-lampara-ceramica-terrario","14":"product_tag-panel-radiante-terrario","15":"product_tag-termostato-2-circuitos","16":"product_tag-termostato-500w","17":"product_tag-termostato-con-alarma","18":"product_tag-termostato-dia-noche-terrario","19":"product_tag-termostato-digital-terrario","20":"product_tag-termostato-terrario","22":"first","23":"instock","24":"taxable","25":"shipping-taxable","26":"purchasable","27":"product-type-simple"},"yoast_head":"<!-- This site is optimized with the Yoast SEO plugin v27.4 - https:\/\/yoast.com\/product\/yoast-seo-wordpress\/ -->\n<title>Termostato d\u00eda\/noche | KanakyDesign Enclosures<\/title>\n<meta name=\"description\" content=\"Termostato d\u00eda noche terrario Giganterra con 2 circuitos (calor y luces), alarma 0\u201350\u00b0C y memoria por bater\u00eda. Potencia m\u00e1x. 2x500W.\" \/>\n<meta name=\"robots\" content=\"index, follow, max-snippet:-1, max-image-preview:large, max-video-preview:-1\" \/>\n<link rel=\"canonical\" href=\"https:\/\/kanakydesign.com\/fr\/produit\/termostato-dia-noche\/\" \/>\n<meta property=\"og:locale\" content=\"fr_FR\" \/>\n<meta property=\"og:type\" content=\"article\" \/>\n<meta property=\"og:title\" content=\"Termostato d\u00eda\/noche | KanakyDesign Enclosures\" \/>\n<meta property=\"og:description\" content=\"Termostato d\u00eda noche terrario Giganterra con 2 circuitos (calor y luces), alarma 0\u201350\u00b0C y memoria por bater\u00eda. Potencia m\u00e1x. 2x500W.\" \/>\n<meta property=\"og:url\" content=\"https:\/\/kanakydesign.com\/fr\/produit\/termostato-dia-noche\/\" \/>\n<meta property=\"og:site_name\" content=\"KanakyDesign Enclosures\" \/>\n<meta property=\"article:modified_time\" content=\"2026-04-11T16:56:56+00:00\" \/>\n<meta property=\"og:image\" content=\"https:\/\/kanakydesign.com\/wp-content\/uploads\/2023\/09\/DSC2794-scaled.jpg\" \/>\n\t<meta property=\"og:image:width\" content=\"2560\" \/>\n\t<meta property=\"og:image:height\" content=\"2560\" \/>\n\t<meta property=\"og:image:type\" content=\"image\/jpeg\" \/>\n<meta name=\"twitter:card\" content=\"summary_large_image\" \/>\n<meta name=\"twitter:label1\" content=\"Dur\u00e9e de lecture estim\u00e9e\" \/>\n\t<meta name=\"twitter:data1\" content=\"2 minutes\" \/>\n<script type=\"application\/ld+json\" class=\"yoast-schema-graph\">{\"@context\":\"https:\\\/\\\/schema.org\",\"@graph\":[{\"@type\":\"WebPage\",\"@id\":\"https:\\\/\\\/kanakydesign.com\\\/producto\\\/termostato-dia-noche\\\/\",\"url\":\"https:\\\/\\\/kanakydesign.com\\\/producto\\\/termostato-dia-noche\\\/\",\"name\":\"Termostato d\u00eda\\\/noche | KanakyDesign Enclosures\",\"isPartOf\":{\"@id\":\"https:\\\/\\\/kanakydesign.com\\\/#website\"},\"primaryImageOfPage\":{\"@id\":\"https:\\\/\\\/kanakydesign.com\\\/producto\\\/termostato-dia-noche\\\/#primaryimage\"},\"image\":{\"@id\":\"https:\\\/\\\/kanakydesign.com\\\/producto\\\/termostato-dia-noche\\\/#primaryimage\"},\"thumbnailUrl\":\"https:\\\/\\\/kanakydesign.com\\\/wp-content\\\/uploads\\\/2023\\\/09\\\/DSC2794-scaled.jpg\",\"datePublished\":\"2023-06-27T11:24:08+00:00\",\"dateModified\":\"2026-04-11T16:56:56+00:00\",\"description\":\"Termostato d\u00eda noche terrario Giganterra con 2 circuitos (calor y luces), alarma 0\u201350\u00b0C y memoria por bater\u00eda. Potencia m\u00e1x. 2x500W.\",\"breadcrumb\":{\"@id\":\"https:\\\/\\\/kanakydesign.com\\\/producto\\\/termostato-dia-noche\\\/#breadcrumb\"},\"inLanguage\":\"fr-FR\",\"potentialAction\":[{\"@type\":\"ReadAction\",\"target\":[\"https:\\\/\\\/kanakydesign.com\\\/producto\\\/termostato-dia-noche\\\/\"]}]},{\"@type\":\"ImageObject\",\"inLanguage\":\"fr-FR\",\"@id\":\"https:\\\/\\\/kanakydesign.com\\\/producto\\\/termostato-dia-noche\\\/#primaryimage\",\"url\":\"https:\\\/\\\/kanakydesign.com\\\/wp-content\\\/uploads\\\/2023\\\/09\\\/DSC2794-scaled.jpg\",\"contentUrl\":\"https:\\\/\\\/kanakydesign.com\\\/wp-content\\\/uploads\\\/2023\\\/09\\\/DSC2794-scaled.jpg\",\"width\":2560,\"height\":2560},{\"@type\":\"BreadcrumbList\",\"@id\":\"https:\\\/\\\/kanakydesign.com\\\/producto\\\/termostato-dia-noche\\\/#breadcrumb\",\"itemListElement\":[{\"@type\":\"ListItem\",\"position\":1,\"name\":\"Portada\",\"item\":\"https:\\\/\\\/kanakydesign.com\\\/\"},{\"@type\":\"ListItem\",\"position\":2,\"name\":\"Tienda\",\"item\":\"https:\\\/\\\/kanakydesign.com\\\/tienda\\\/\"},{\"@type\":\"ListItem\",\"position\":3,\"name\":\"Termostato d\u00eda\\\/noche\"}]},{\"@type\":\"WebSite\",\"@id\":\"https:\\\/\\\/kanakydesign.com\\\/#website\",\"url\":\"https:\\\/\\\/kanakydesign.com\\\/\",\"name\":\"KanakyDesign Enclosures\",\"description\":\"Become a professional keeper\",\"publisher\":{\"@id\":\"https:\\\/\\\/kanakydesign.com\\\/#organization\"},\"alternateName\":\"KanakyDesign\",\"potentialAction\":[{\"@type\":\"SearchAction\",\"target\":{\"@type\":\"EntryPoint\",\"urlTemplate\":\"https:\\\/\\\/kanakydesign.com\\\/?s={search_term_string}\"},\"query-input\":{\"@type\":\"PropertyValueSpecification\",\"valueRequired\":true,\"valueName\":\"search_term_string\"}}],\"inLanguage\":\"fr-FR\"},{\"@type\":\"Organization\",\"@id\":\"https:\\\/\\\/kanakydesign.com\\\/#organization\",\"name\":\"KanakyDesign Enclosures\",\"alternateName\":\"KanakyDesign\",\"url\":\"https:\\\/\\\/kanakydesign.com\\\/\",\"logo\":{\"@type\":\"ImageObject\",\"inLanguage\":\"fr-FR\",\"@id\":\"https:\\\/\\\/kanakydesign.com\\\/#\\\/schema\\\/logo\\\/image\\\/\",\"url\":\"https:\\\/\\\/kanakydesign.com\\\/wp-content\\\/uploads\\\/2023\\\/06\\\/Logo-KanakyDesign-circular-negro-1.png\",\"contentUrl\":\"https:\\\/\\\/kanakydesign.com\\\/wp-content\\\/uploads\\\/2023\\\/06\\\/Logo-KanakyDesign-circular-negro-1.png\",\"width\":2000,\"height\":2000,\"caption\":\"KanakyDesign Enclosures\"},\"image\":{\"@id\":\"https:\\\/\\\/kanakydesign.com\\\/#\\\/schema\\\/logo\\\/image\\\/\"}}]}<\/script>\n<!-- \/ Yoast SEO plugin. -->","yoast_head_json":{"title":"Thermostat jour\/nuit | KanakyDesign Enclosures","description":"Thermostat pour terrarium jour-nuit Giganterra avec 2 circuits (chaleur et lumi\u00e8re), alarme 0-50\u00b0C et m\u00e9moire de batterie. Puissance maximale 2x500W.","robots":{"index":"index","follow":"follow","max-snippet":"max-snippet:-1","max-image-preview":"max-image-preview:large","max-video-preview":"max-video-preview:-1"},"canonical":"https:\/\/kanakydesign.com\/fr\/produit\/termostato-dia-noche\/","og_locale":"fr_FR","og_type":"article","og_title":"Termostato d\u00eda\/noche | KanakyDesign Enclosures","og_description":"Termostato d\u00eda noche terrario Giganterra con 2 circuitos (calor y luces), alarma 0\u201350\u00b0C y memoria por bater\u00eda. Potencia m\u00e1x. 2x500W.","og_url":"https:\/\/kanakydesign.com\/fr\/produit\/termostato-dia-noche\/","og_site_name":"KanakyDesign Enclosures","article_modified_time":"2026-04-11T16:56:56+00:00","og_image":[{"width":2560,"height":2560,"url":"https:\/\/kanakydesign.com\/wp-content\/uploads\/2023\/09\/DSC2794-scaled.jpg","type":"image\/jpeg"}],"twitter_card":"summary_large_image","twitter_misc":{"Dur\u00e9e de lecture estim\u00e9e":"2 minutes"},"schema":{"@context":"https:\/\/schema.org","@graph":[{"@type":"WebPage","@id":"https:\/\/kanakydesign.com\/producto\/termostato-dia-noche\/","url":"https:\/\/kanakydesign.com\/producto\/termostato-dia-noche\/","name":"Thermostat jour\/nuit | KanakyDesign Enclosures","isPartOf":{"@id":"https:\/\/kanakydesign.com\/#website"},"primaryImageOfPage":{"@id":"https:\/\/kanakydesign.com\/producto\/termostato-dia-noche\/#primaryimage"},"image":{"@id":"https:\/\/kanakydesign.com\/producto\/termostato-dia-noche\/#primaryimage"},"thumbnailUrl":"https:\/\/kanakydesign.com\/wp-content\/uploads\/2023\/09\/DSC2794-scaled.jpg","datePublished":"2023-06-27T11:24:08+00:00","dateModified":"2026-04-11T16:56:56+00:00","description":"Thermostat pour terrarium jour-nuit Giganterra avec 2 circuits (chaleur et lumi\u00e8re), alarme 0-50\u00b0C et m\u00e9moire de batterie. Puissance maximale 2x500W.","breadcrumb":{"@id":"https:\/\/kanakydesign.com\/producto\/termostato-dia-noche\/#breadcrumb"},"inLanguage":"fr-FR","potentialAction":[{"@type":"ReadAction","target":["https:\/\/kanakydesign.com\/producto\/termostato-dia-noche\/"]}]},{"@type":"ImageObject","inLanguage":"fr-FR","@id":"https:\/\/kanakydesign.com\/producto\/termostato-dia-noche\/#primaryimage","url":"https:\/\/kanakydesign.com\/wp-content\/uploads\/2023\/09\/DSC2794-scaled.jpg","contentUrl":"https:\/\/kanakydesign.com\/wp-content\/uploads\/2023\/09\/DSC2794-scaled.jpg","width":2560,"height":2560},{"@type":"BreadcrumbList","@id":"https:\/\/kanakydesign.com\/producto\/termostato-dia-noche\/#breadcrumb","itemListElement":[{"@type":"ListItem","position":1,"name":"Portada","item":"https:\/\/kanakydesign.com\/"},{"@type":"ListItem","position":2,"name":"Tienda","item":"https:\/\/kanakydesign.com\/tienda\/"},{"@type":"ListItem","position":3,"name":"Termostato d\u00eda\/noche"}]},{"@type":"WebSite","@id":"https:\/\/kanakydesign.com\/#website","url":"https:\/\/kanakydesign.com\/","name":"KanakyDesign Enclosures","description":"Become a professional keeper","publisher":{"@id":"https:\/\/kanakydesign.com\/#organization"},"alternateName":"KanakyDesign","potentialAction":[{"@type":"SearchAction","target":{"@type":"EntryPoint","urlTemplate":"https:\/\/kanakydesign.com\/?s={search_term_string}"},"query-input":{"@type":"PropertyValueSpecification","valueRequired":true,"valueName":"search_term_string"}}],"inLanguage":"fr-FR"},{"@type":"Organization","@id":"https:\/\/kanakydesign.com\/#organization","name":"KanakyDesign Enclosures","alternateName":"KanakyDesign","url":"https:\/\/kanakydesign.com\/","logo":{"@type":"ImageObject","inLanguage":"fr-FR","@id":"https:\/\/kanakydesign.com\/#\/schema\/logo\/image\/","url":"https:\/\/kanakydesign.com\/wp-content\/uploads\/2023\/06\/Logo-KanakyDesign-circular-negro-1.png","contentUrl":"https:\/\/kanakydesign.com\/wp-content\/uploads\/2023\/06\/Logo-KanakyDesign-circular-negro-1.png","width":2000,"height":2000,"caption":"KanakyDesign Enclosures"},"image":{"@id":"https:\/\/kanakydesign.com\/#\/schema\/logo\/image\/"}}]}},"_links":{"self":[{"href":"https:\/\/kanakydesign.com\/fr\/wp-json\/wp\/v2\/product\/188","targetHints":{"allow":["GET"]}}],"collection":[{"href":"https:\/\/kanakydesign.com\/fr\/wp-json\/wp\/v2\/product"}],"about":[{"href":"https:\/\/kanakydesign.com\/fr\/wp-json\/wp\/v2\/types\/product"}],"wp:featuredmedia":[{"embeddable":true,"href":"https:\/\/kanakydesign.com\/fr\/wp-json\/wp\/v2\/media\/1076"}],"wp:attachment":[{"href":"https:\/\/kanakydesign.com\/fr\/wp-json\/wp\/v2\/media?parent=188"}],"wp:term":[{"taxonomy":"product_brand","embeddable":true,"href":"https:\/\/kanakydesign.com\/fr\/wp-json\/wp\/v2\/product_brand?post=188"},{"taxonomy":"product_cat","embeddable":true,"href":"https:\/\/kanakydesign.com\/fr\/wp-json\/wp\/v2\/product_cat?post=188"},{"taxonomy":"product_tag","embeddable":true,"href":"https:\/\/kanakydesign.com\/fr\/wp-json\/wp\/v2\/product_tag?post=188"}],"curies":[{"name":"wp","href":"https:\/\/api.w.org\/{rel}","templated":true}]}}