{"id":187,"date":"2023-06-27T11:22:56","date_gmt":"2023-06-27T11:22:56","guid":{"rendered":"https:\/\/kanakydesign.com\/?post_type=product&#038;p=187"},"modified":"2026-02-07T22:40:24","modified_gmt":"2026-02-07T22:40:24","slug":"termo-higrometro","status":"publish","type":"product","link":"https:\/\/kanakydesign.com\/fr\/produit\/termo-higrometro\/","title":{"rendered":"Thermo-hygrom\u00e8tre"},"content":{"rendered":"<p data-start=\"167\" data-end=\"729\">Les <strong data-start=\"170\" data-end=\"222\">Thermo-hygrom\u00e8tre num\u00e9rique Giganterra pour terrariums<\/strong> est un outil essentiel pour maintenir un microclimat stable dans n'importe quelle installation : tropicale, d\u00e9sertique, bioactive ou paludarium. Avec un seul appareil, vous pouvez contr\u00f4ler <strong data-start=\"394\" data-end=\"419\">temp\u00e9rature et humidit\u00e9<\/strong> C'est essentiel pour le bien-\u00eatre des reptiles, des amphibiens et des invert\u00e9br\u00e9s, ainsi que pour la sant\u00e9 des plantes du terrarium. Ce mod\u00e8le mesure <strong data-start=\"586\" data-end=\"613\">temp\u00e9rature de 0 \u00e0 70\u00b0C<\/strong> y <strong data-start=\"616\" data-end=\"639\">humidit\u00e9 de 20 \u00e0 99%<\/strong>, et comprend un <strong data-start=\"655\" data-end=\"673\">Sonde de 90 cm<\/strong> pour effectuer des relev\u00e9s au point d'int\u00e9r\u00eat exact.<\/p>\n<h2 data-start=\"731\" data-end=\"800\">\ud83c\udf21\ufe0f Mesure pr\u00e9cise de la temp\u00e9rature : \u00e0 l'int\u00e9rieur ou par sonde (IN\/OUT)<\/h2>\n<p data-start=\"801\" data-end=\"882\">L'une des fonctions les plus utiles de ce thermohygrom\u00e8tre est le bouton <strong data-start=\"869\" data-end=\"879\">IN\/OUT<\/strong>:<\/p>\n<ul data-start=\"883\" data-end=\"1166\">\n<li data-start=\"883\" data-end=\"977\">\n<p data-start=\"885\" data-end=\"977\"><strong data-start=\"885\" data-end=\"892\">IN :<\/strong> affiche la temp\u00e9rature mesur\u00e9e sur l'\u00e9cran (zone o\u00f9 est plac\u00e9 l'appareil).<\/p>\n<\/li>\n<li data-start=\"978\" data-end=\"1166\">\n<p data-start=\"980\" data-end=\"1166\"><strong data-start=\"980\" data-end=\"988\">OUT :<\/strong> indique la temp\u00e9rature mesur\u00e9e dans le <strong data-start=\"1025\" data-end=\"1042\">sonde externe<\/strong>, parfait pour v\u00e9rifier le point chaud, un coin frais, l'int\u00e9rieur d'une grotte ou la zone basse pr\u00e8s du substrat.<\/p>\n<\/li>\n<\/ul>\n<p data-start=\"1168\" data-end=\"1249\">De cette fa\u00e7on, vous pouvez v\u00e9rifier le <strong data-start=\"1192\" data-end=\"1213\">gradient thermique<\/strong> du terrarium sans changer d'\u00e9quipement.<\/p>\n<h2 data-start=\"1251\" data-end=\"1321\">\ud83d\udca7 Contr\u00f4le de l'humidit\u00e9 20-99% pour terrariums tropicaux et bioactifs<\/h2>\n<p data-start=\"1322\" data-end=\"1617\">L'humidit\u00e9 est cruciale dans les terrariums tropicaux (et aussi dans les terrariums bioactifs), o\u00f9 un pourcentage incorrect peut affecter la mue, l'hydratation et l'activit\u00e9. L'humidit\u00e9 <strong data-start=\"1480\" data-end=\"1527\">thermo-hygrom\u00e8tre digital terrarium Giganterra<\/strong> vous permet de r\u00e9gler la brumisation, la ventilation et l'irrigation \u00e0 l'aide de donn\u00e9es r\u00e9elles et non \u201c\u00e0 l'\u0153il\u201d.<\/p>\n<h2 data-start=\"1619\" data-end=\"1665\">Bouton MAX\/MIN : enregistre les minimums et les maximums<\/h2>\n<p data-start=\"1666\" data-end=\"1962\">Le bouton <strong data-start=\"1675\" data-end=\"1686\">MAX\/MIN<\/strong> montre le <strong data-start=\"1698\" data-end=\"1729\">temp\u00e9rature minimale et maximale<\/strong> La temp\u00e9rature est enregistr\u00e9e, ce qui est id\u00e9al pour d\u00e9tecter les pics nocturnes, les pics inattendus de la lampe ou les baisses lorsque le chauffage est \u00e9teint. Cette fonction est pratique pour v\u00e9rifier le terrarium apr\u00e8s 24-48 heures afin de confirmer que tout est stable.<\/p>\n<h2 data-start=\"1964\" data-end=\"2019\">\ud83d\udd01 Touche \u00b0C\/\u00b0F : changement d'unit\u00e9 si n\u00e9cessaire<\/h2>\n<p data-start=\"2020\" data-end=\"2127\">Avec le bouton <strong data-start=\"2033\" data-end=\"2042\">\u00b0C\/\u00b0F<\/strong> vous pouvez modifier l'unit\u00e9 de mesure en fonction de vos pr\u00e9f\u00e9rences ou des directives de maintenance.<\/p>\n<p data-start=\"2129\" data-end=\"2297\">\ud83d\udc49 Pour compl\u00e9ter votre syst\u00e8me de contr\u00f4le des locaux, vous pouvez le combiner avec d'autres accessoires de mesure, de chauffage et d'\u00e9clairage \u00e0 l'adresse suivante <strong data-start=\"2261\" data-end=\"2296\"><a class=\"decorated-link\" href=\"https:\/\/kanakydesign.com\/fr\/categoria\/accesorios\/calefaccion\/\" target=\"_new\" rel=\"noopener\" data-start=\"2263\" data-end=\"2294\">https:\/\/www.kanakydesign.com\/<\/a><\/strong>.<\/p>\n<p data-start=\"2299\" data-end=\"2503\"><strong data-start=\"2299\" data-end=\"2311\">Le Conseil :<\/strong> placez la sonde dans la zone que vous souhaitez surveiller (par exemple, un point chaud ou pr\u00e8s du substrat) et gardez l'\u00e9cran dans un endroit visible pour une lecture rapide lors de l'entretien.<\/p>","protected":false},"excerpt":{"rendered":"<p class=\"font_8 wixui-rich-text__text\">Mesure la temp\u00e9rature de 0 \u00e0 70\u00b0C et l'humidit\u00e9 de 20 \u00e0 99% avec la sonde de 90 cm de long.<\/p>\n<p class=\"font_8 wixui-rich-text__text\">Bouton Max \/ Min : la temp\u00e9rature minimale et maximale.<\/p>\n<p class=\"font_8 wixui-rich-text__text\">Touche \u00b0C \/ \u00b0F : Change l'unit\u00e9 de mesure.<\/p>\n<p class=\"font_8 wixui-rich-text__text\">Bouton In \/ Out : Affiche la temp\u00e9rature sur l'\u00e9cran (in) ou la temp\u00e9rature sur la sonde (out).<\/p>","protected":false},"featured_media":1088,"template":"","meta":[],"product_brand":[],"product_cat":[23,26],"product_tag":[218,238,215,219,235,240,239,234,214,237,233,232,236],"class_list":{"0":"post-187","1":"product","2":"type-product","3":"status-publish","4":"has-post-thumbnail","6":"product_cat-accesorios","7":"product_cat-calefaccion","8":"product_tag-accesorios-terrario","9":"product_tag-control-humedad-terrario","10":"product_tag-control-temperatura-terrario","11":"product_tag-giganterra","12":"product_tag-higrometro-terrario","13":"product_tag-in-out-terrario","14":"product_tag-max-min-terrario","15":"product_tag-medidor-humedad-terrario","16":"product_tag-medidor-temperatura-terrario","17":"product_tag-sonda-90-cm-terrario","18":"product_tag-termohigrometro-digital-terrario","19":"product_tag-termohigrometro-terrario","20":"product_tag-termometro-con-sonda-terrario","22":"first","23":"instock","24":"taxable","25":"shipping-taxable","26":"purchasable","27":"product-type-simple"},"yoast_head":"<!-- This site is optimized with the Yoast SEO plugin v27.4 - https:\/\/yoast.com\/product\/yoast-seo-wordpress\/ -->\n<title>Termo-Higr\u00f3metro | KanakyDesign Enclosures<\/title>\n<meta name=\"description\" content=\"Termohigr\u00f3metro digital terrario Giganterra con sonda 90 cm. Temperatura 0\u201370\u00b0C, humedad 20\u201399%, funciones IN\/OUT, MAX\/MIN y \u00b0C\/\u00b0F.\" \/>\n<meta name=\"robots\" content=\"index, follow, max-snippet:-1, max-image-preview:large, max-video-preview:-1\" \/>\n<link rel=\"canonical\" href=\"https:\/\/kanakydesign.com\/fr\/produit\/termo-higrometro\/\" \/>\n<meta property=\"og:locale\" content=\"fr_FR\" \/>\n<meta property=\"og:type\" content=\"article\" \/>\n<meta property=\"og:title\" content=\"Termo-Higr\u00f3metro | KanakyDesign Enclosures\" \/>\n<meta property=\"og:description\" content=\"Termohigr\u00f3metro digital terrario Giganterra con sonda 90 cm. Temperatura 0\u201370\u00b0C, humedad 20\u201399%, funciones IN\/OUT, MAX\/MIN y \u00b0C\/\u00b0F.\" \/>\n<meta property=\"og:url\" content=\"https:\/\/kanakydesign.com\/fr\/produit\/termo-higrometro\/\" \/>\n<meta property=\"og:site_name\" content=\"KanakyDesign Enclosures\" \/>\n<meta property=\"article:modified_time\" content=\"2026-02-07T22:40:24+00:00\" \/>\n<meta property=\"og:image\" content=\"https:\/\/kanakydesign.com\/wp-content\/uploads\/2023\/09\/DSC2813-scaled.jpg\" \/>\n\t<meta property=\"og:image:width\" content=\"2560\" \/>\n\t<meta property=\"og:image:height\" content=\"2560\" \/>\n\t<meta property=\"og:image:type\" content=\"image\/jpeg\" \/>\n<meta name=\"twitter:card\" content=\"summary_large_image\" \/>\n<meta name=\"twitter:label1\" content=\"Dur\u00e9e de lecture estim\u00e9e\" \/>\n\t<meta name=\"twitter:data1\" content=\"2 minutes\" \/>\n<script type=\"application\/ld+json\" class=\"yoast-schema-graph\">{\"@context\":\"https:\\\/\\\/schema.org\",\"@graph\":[{\"@type\":\"WebPage\",\"@id\":\"https:\\\/\\\/kanakydesign.com\\\/producto\\\/termo-higrometro\\\/\",\"url\":\"https:\\\/\\\/kanakydesign.com\\\/producto\\\/termo-higrometro\\\/\",\"name\":\"Termo-Higr\u00f3metro | KanakyDesign Enclosures\",\"isPartOf\":{\"@id\":\"https:\\\/\\\/kanakydesign.com\\\/#website\"},\"primaryImageOfPage\":{\"@id\":\"https:\\\/\\\/kanakydesign.com\\\/producto\\\/termo-higrometro\\\/#primaryimage\"},\"image\":{\"@id\":\"https:\\\/\\\/kanakydesign.com\\\/producto\\\/termo-higrometro\\\/#primaryimage\"},\"thumbnailUrl\":\"https:\\\/\\\/kanakydesign.com\\\/wp-content\\\/uploads\\\/2023\\\/09\\\/DSC2813-scaled.jpg\",\"datePublished\":\"2023-06-27T11:22:56+00:00\",\"dateModified\":\"2026-02-07T22:40:24+00:00\",\"description\":\"Termohigr\u00f3metro digital terrario Giganterra con sonda 90 cm. Temperatura 0\u201370\u00b0C, humedad 20\u201399%, funciones IN\\\/OUT, MAX\\\/MIN y \u00b0C\\\/\u00b0F.\",\"breadcrumb\":{\"@id\":\"https:\\\/\\\/kanakydesign.com\\\/producto\\\/termo-higrometro\\\/#breadcrumb\"},\"inLanguage\":\"fr-FR\",\"potentialAction\":[{\"@type\":\"ReadAction\",\"target\":[\"https:\\\/\\\/kanakydesign.com\\\/producto\\\/termo-higrometro\\\/\"]}]},{\"@type\":\"ImageObject\",\"inLanguage\":\"fr-FR\",\"@id\":\"https:\\\/\\\/kanakydesign.com\\\/producto\\\/termo-higrometro\\\/#primaryimage\",\"url\":\"https:\\\/\\\/kanakydesign.com\\\/wp-content\\\/uploads\\\/2023\\\/09\\\/DSC2813-scaled.jpg\",\"contentUrl\":\"https:\\\/\\\/kanakydesign.com\\\/wp-content\\\/uploads\\\/2023\\\/09\\\/DSC2813-scaled.jpg\",\"width\":2560,\"height\":2560},{\"@type\":\"BreadcrumbList\",\"@id\":\"https:\\\/\\\/kanakydesign.com\\\/producto\\\/termo-higrometro\\\/#breadcrumb\",\"itemListElement\":[{\"@type\":\"ListItem\",\"position\":1,\"name\":\"Portada\",\"item\":\"https:\\\/\\\/kanakydesign.com\\\/\"},{\"@type\":\"ListItem\",\"position\":2,\"name\":\"Tienda\",\"item\":\"https:\\\/\\\/kanakydesign.com\\\/tienda\\\/\"},{\"@type\":\"ListItem\",\"position\":3,\"name\":\"Termo-Higr\u00f3metro\"}]},{\"@type\":\"WebSite\",\"@id\":\"https:\\\/\\\/kanakydesign.com\\\/#website\",\"url\":\"https:\\\/\\\/kanakydesign.com\\\/\",\"name\":\"KanakyDesign Enclosures\",\"description\":\"Become a professional keeper\",\"publisher\":{\"@id\":\"https:\\\/\\\/kanakydesign.com\\\/#organization\"},\"alternateName\":\"KanakyDesign\",\"potentialAction\":[{\"@type\":\"SearchAction\",\"target\":{\"@type\":\"EntryPoint\",\"urlTemplate\":\"https:\\\/\\\/kanakydesign.com\\\/?s={search_term_string}\"},\"query-input\":{\"@type\":\"PropertyValueSpecification\",\"valueRequired\":true,\"valueName\":\"search_term_string\"}}],\"inLanguage\":\"fr-FR\"},{\"@type\":\"Organization\",\"@id\":\"https:\\\/\\\/kanakydesign.com\\\/#organization\",\"name\":\"KanakyDesign Enclosures\",\"alternateName\":\"KanakyDesign\",\"url\":\"https:\\\/\\\/kanakydesign.com\\\/\",\"logo\":{\"@type\":\"ImageObject\",\"inLanguage\":\"fr-FR\",\"@id\":\"https:\\\/\\\/kanakydesign.com\\\/#\\\/schema\\\/logo\\\/image\\\/\",\"url\":\"https:\\\/\\\/kanakydesign.com\\\/wp-content\\\/uploads\\\/2023\\\/06\\\/Logo-KanakyDesign-circular-negro-1.png\",\"contentUrl\":\"https:\\\/\\\/kanakydesign.com\\\/wp-content\\\/uploads\\\/2023\\\/06\\\/Logo-KanakyDesign-circular-negro-1.png\",\"width\":2000,\"height\":2000,\"caption\":\"KanakyDesign Enclosures\"},\"image\":{\"@id\":\"https:\\\/\\\/kanakydesign.com\\\/#\\\/schema\\\/logo\\\/image\\\/\"}}]}<\/script>\n<!-- \/ Yoast SEO plugin. -->","yoast_head_json":{"title":"Thermo-Hygrom\u00e8tre | KanakyDesign Enclosures","description":"Thermo-hygrom\u00e8tre num\u00e9rique Giganterra pour terrarium avec sonde de 90 cm. Temp\u00e9rature 0-70\u00b0C, humidit\u00e9 20-99%, fonctions IN\/OUT, MAX\/MIN et \u00b0C\/\u00b0F.","robots":{"index":"index","follow":"follow","max-snippet":"max-snippet:-1","max-image-preview":"max-image-preview:large","max-video-preview":"max-video-preview:-1"},"canonical":"https:\/\/kanakydesign.com\/fr\/produit\/termo-higrometro\/","og_locale":"fr_FR","og_type":"article","og_title":"Termo-Higr\u00f3metro | KanakyDesign Enclosures","og_description":"Termohigr\u00f3metro digital terrario Giganterra con sonda 90 cm. Temperatura 0\u201370\u00b0C, humedad 20\u201399%, funciones IN\/OUT, MAX\/MIN y \u00b0C\/\u00b0F.","og_url":"https:\/\/kanakydesign.com\/fr\/produit\/termo-higrometro\/","og_site_name":"KanakyDesign Enclosures","article_modified_time":"2026-02-07T22:40:24+00:00","og_image":[{"width":2560,"height":2560,"url":"https:\/\/kanakydesign.com\/wp-content\/uploads\/2023\/09\/DSC2813-scaled.jpg","type":"image\/jpeg"}],"twitter_card":"summary_large_image","twitter_misc":{"Dur\u00e9e de lecture estim\u00e9e":"2 minutes"},"schema":{"@context":"https:\/\/schema.org","@graph":[{"@type":"WebPage","@id":"https:\/\/kanakydesign.com\/producto\/termo-higrometro\/","url":"https:\/\/kanakydesign.com\/producto\/termo-higrometro\/","name":"Thermo-Hygrom\u00e8tre | KanakyDesign Enclosures","isPartOf":{"@id":"https:\/\/kanakydesign.com\/#website"},"primaryImageOfPage":{"@id":"https:\/\/kanakydesign.com\/producto\/termo-higrometro\/#primaryimage"},"image":{"@id":"https:\/\/kanakydesign.com\/producto\/termo-higrometro\/#primaryimage"},"thumbnailUrl":"https:\/\/kanakydesign.com\/wp-content\/uploads\/2023\/09\/DSC2813-scaled.jpg","datePublished":"2023-06-27T11:22:56+00:00","dateModified":"2026-02-07T22:40:24+00:00","description":"Thermo-hygrom\u00e8tre num\u00e9rique Giganterra pour terrarium avec sonde de 90 cm. Temp\u00e9rature 0-70\u00b0C, humidit\u00e9 20-99%, fonctions IN\/OUT, MAX\/MIN et \u00b0C\/\u00b0F.","breadcrumb":{"@id":"https:\/\/kanakydesign.com\/producto\/termo-higrometro\/#breadcrumb"},"inLanguage":"fr-FR","potentialAction":[{"@type":"ReadAction","target":["https:\/\/kanakydesign.com\/producto\/termo-higrometro\/"]}]},{"@type":"ImageObject","inLanguage":"fr-FR","@id":"https:\/\/kanakydesign.com\/producto\/termo-higrometro\/#primaryimage","url":"https:\/\/kanakydesign.com\/wp-content\/uploads\/2023\/09\/DSC2813-scaled.jpg","contentUrl":"https:\/\/kanakydesign.com\/wp-content\/uploads\/2023\/09\/DSC2813-scaled.jpg","width":2560,"height":2560},{"@type":"BreadcrumbList","@id":"https:\/\/kanakydesign.com\/producto\/termo-higrometro\/#breadcrumb","itemListElement":[{"@type":"ListItem","position":1,"name":"Portada","item":"https:\/\/kanakydesign.com\/"},{"@type":"ListItem","position":2,"name":"Tienda","item":"https:\/\/kanakydesign.com\/tienda\/"},{"@type":"ListItem","position":3,"name":"Termo-Higr\u00f3metro"}]},{"@type":"WebSite","@id":"https:\/\/kanakydesign.com\/#website","url":"https:\/\/kanakydesign.com\/","name":"KanakyDesign Enclosures","description":"Become a professional keeper","publisher":{"@id":"https:\/\/kanakydesign.com\/#organization"},"alternateName":"KanakyDesign","potentialAction":[{"@type":"SearchAction","target":{"@type":"EntryPoint","urlTemplate":"https:\/\/kanakydesign.com\/?s={search_term_string}"},"query-input":{"@type":"PropertyValueSpecification","valueRequired":true,"valueName":"search_term_string"}}],"inLanguage":"fr-FR"},{"@type":"Organization","@id":"https:\/\/kanakydesign.com\/#organization","name":"KanakyDesign Enclosures","alternateName":"KanakyDesign","url":"https:\/\/kanakydesign.com\/","logo":{"@type":"ImageObject","inLanguage":"fr-FR","@id":"https:\/\/kanakydesign.com\/#\/schema\/logo\/image\/","url":"https:\/\/kanakydesign.com\/wp-content\/uploads\/2023\/06\/Logo-KanakyDesign-circular-negro-1.png","contentUrl":"https:\/\/kanakydesign.com\/wp-content\/uploads\/2023\/06\/Logo-KanakyDesign-circular-negro-1.png","width":2000,"height":2000,"caption":"KanakyDesign Enclosures"},"image":{"@id":"https:\/\/kanakydesign.com\/#\/schema\/logo\/image\/"}}]}},"_links":{"self":[{"href":"https:\/\/kanakydesign.com\/fr\/wp-json\/wp\/v2\/product\/187","targetHints":{"allow":["GET"]}}],"collection":[{"href":"https:\/\/kanakydesign.com\/fr\/wp-json\/wp\/v2\/product"}],"about":[{"href":"https:\/\/kanakydesign.com\/fr\/wp-json\/wp\/v2\/types\/product"}],"wp:featuredmedia":[{"embeddable":true,"href":"https:\/\/kanakydesign.com\/fr\/wp-json\/wp\/v2\/media\/1088"}],"wp:attachment":[{"href":"https:\/\/kanakydesign.com\/fr\/wp-json\/wp\/v2\/media?parent=187"}],"wp:term":[{"taxonomy":"product_brand","embeddable":true,"href":"https:\/\/kanakydesign.com\/fr\/wp-json\/wp\/v2\/product_brand?post=187"},{"taxonomy":"product_cat","embeddable":true,"href":"https:\/\/kanakydesign.com\/fr\/wp-json\/wp\/v2\/product_cat?post=187"},{"taxonomy":"product_tag","embeddable":true,"href":"https:\/\/kanakydesign.com\/fr\/wp-json\/wp\/v2\/product_tag?post=187"}],"curies":[{"name":"wp","href":"https:\/\/api.w.org\/{rel}","templated":true}]}}