{"id":186,"date":"2023-06-27T11:04:41","date_gmt":"2023-06-27T11:04:41","guid":{"rendered":"https:\/\/kanakydesign.com\/?post_type=product&#038;p=186"},"modified":"2026-03-26T13:18:59","modified_gmt":"2026-03-26T13:18:59","slug":"termometro","status":"publish","type":"product","link":"https:\/\/kanakydesign.com\/fr\/produit\/termometro\/","title":{"rendered":"Thermom\u00e8tre num\u00e9rique"},"content":{"rendered":"<p data-start=\"168\" data-end=\"701\">Les <strong data-start=\"171\" data-end=\"207\">Thermom\u00e8tre Deluxe Lucky Reptile<\/strong> est un <strong data-start=\"214\" data-end=\"266\">thermom\u00e8tre digital pour terrarium avec double sonde<\/strong> con\u00e7u pour contr\u00f4ler avec pr\u00e9cision la temp\u00e9rature dans deux zones cl\u00e9s de l'habitat. Gr\u00e2ce \u00e0 son <strong data-start=\"365\" data-end=\"390\">deux capteurs externes<\/strong>, Si vous disposez d'un gradient de temp\u00e9rature, vous pouvez mesurer simultan\u00e9ment, par exemple, le c\u00f4t\u00e9 chaud et le c\u00f4t\u00e9 froid, ou la temp\u00e9rature de l'air et la temp\u00e9rature du substrat. Ceci est particuli\u00e8rement utile dans les terrariums tropicaux, d\u00e9sertiques ou bioactifs, o\u00f9 un bon gradient thermique fait la diff\u00e9rence pour le bien-\u00eatre des reptiles, des amphibiens et des invert\u00e9br\u00e9s.<\/p>\n<h2 data-start=\"703\" data-end=\"750\">Double contr\u00f4le en deux points du terrarium<\/h2>\n<p data-start=\"751\" data-end=\"1085\">Avec la <strong data-start=\"758\" data-end=\"805\">Thermom\u00e8tre Lucky Reptile Deluxe<\/strong>, Si vous voulez placer chaque sonde exactement l\u00e0 o\u00f9 vous en avez besoin : pr\u00e8s de l'endroit ensoleill\u00e9, dans une zone ombrag\u00e9e, dans la partie inf\u00e9rieure du terrarium ou dans une cachette. Vous \u00e9viterez ainsi les \u201cmesures trompeuses\u201d prises en un seul point et obtiendrez une lecture exacte du microclimat.<\/p>\n<h2 data-start=\"1087\" data-end=\"1128\">\ud83d\udca7 Capteurs adapt\u00e9s \u00e0 une utilisation sous-marine<\/h2>\n<p data-start=\"1129\" data-end=\"1451\">Un plus tr\u00e8s pratique : le <strong data-start=\"1156\" data-end=\"1200\">les capteurs peuvent \u00e9galement \u00eatre utilis\u00e9s sous l'eau<\/strong>, La temp\u00e9rature de l'eau, id\u00e9ale si vous entretenez des espaces aquatiques, des paludariums ou des conteneurs d'eau dont vous souhaitez contr\u00f4ler la temp\u00e9rature de mani\u00e8re s\u00fbre et stable. Cela vous permet d'ajuster les chauffages, les c\u00e2bles chauffants ou l'emplacement des \u00e9l\u00e9ments chauffants sans deviner.<\/p>\n<h2 data-start=\"1453\" data-end=\"1492\">\ud83d\udc40 Grand \u00e9cran et fonction horloge<\/h2>\n<p data-start=\"1493\" data-end=\"1765\">Votre <strong data-start=\"1496\" data-end=\"1513\">grand \u00e9cran<\/strong> permet une lecture rapide, m\u00eame lorsque le terrarium est plac\u00e9 sur une \u00e9tag\u00e8re ou dans des zones peu \u00e9clair\u00e9es. En outre, il comprend <strong data-start=\"1620\" data-end=\"1640\">fonction d'horloge<\/strong>, utile pour une r\u00e9f\u00e9rence rapide des programmes d'entretien, de la brumisation ou des routines de mise en marche et d'arr\u00eat de l'\u00e9quipement.<\/p>\n<h2 data-start=\"1767\" data-end=\"1824\">Pourquoi est-il important de mesurer correctement la temp\u00e9rature ?<\/h2>\n<p data-start=\"1825\" data-end=\"2068\">Une temp\u00e9rature incorrecte peut affecter la digestion, l'activit\u00e9 et le syst\u00e8me immunitaire de nombreux reptiles et amphibiens. Avec un thermom\u00e8tre num\u00e9rique \u00e0 double sonde, vous pouvez <strong data-start=\"1989\" data-end=\"2023\">v\u00e9rifier le gradient thermique<\/strong> et maintenir la stabilit\u00e9 du terrarium jour apr\u00e8s jour.<\/p>\n<h2 data-start=\"1767\" data-end=\"1824\">\ud83d\udc49 Utilisation sugg\u00e9r\u00e9e<\/h2>\n<p>Fixer les sondes \u00e0 l'aide de ventouses\/supports aux points cl\u00e9s et v\u00e9rifier les relev\u00e9s pendant 24 heures apr\u00e8s tout changement d'\u00e9clairage ou de chauffage.<\/p>\n<p data-start=\"2061\" data-end=\"2226\">Compl\u00e9tez votre installation avec d'autres accessoires sur<a href=\"https:\/\/kanakydesign.com\/fr\/categoria\/accesorios\/calefaccion\/\"> <strong data-start=\"2104\" data-end=\"2139\">https:\/\/www.kanakydesign.com\/<\/strong><\/a>.<\/p>","protected":false},"excerpt":{"rendered":"<p>Le thermom\u00e8tre num\u00e9rique est \u00e9quip\u00e9 de deux capteurs externes qui permettent de mesurer la temp\u00e9rature \u00e0 deux endroits diff\u00e9rents du terrarium. Les capteurs du thermom\u00e8tre peuvent \u00e9galement \u00eatre utilis\u00e9s sous l'eau. Le thermom\u00e8tre est dot\u00e9 d'un grand \u00e9cran pour une lecture facile, ainsi que d'une fonction d'horloge.<\/p>","protected":false},"featured_media":1086,"template":"","meta":[],"product_brand":[],"product_cat":[23,26],"product_tag":[218,215,207,214,213,212,210,211,216,217,209,208],"class_list":{"0":"post-186","1":"product","2":"type-product","3":"status-publish","4":"has-post-thumbnail","6":"product_cat-accesorios","7":"product_cat-calefaccion","8":"product_tag-accesorios-terrario","9":"product_tag-control-temperatura-terrario","10":"product_tag-lucky-reptile","11":"product_tag-medidor-temperatura-terrario","12":"product_tag-sonda-temperatura-terrario","13":"product_tag-termometro-con-dos-sensores","14":"product_tag-termometro-digital-terrario","15":"product_tag-termometro-doble-sonda","16":"product_tag-termometro-paludario","17":"product_tag-termometro-sensores-sumergibles","18":"product_tag-termometro-terrario","19":"product_tag-thermometer-deluxe","21":"first","22":"instock","23":"taxable","24":"shipping-taxable","25":"purchasable","26":"product-type-simple"},"yoast_head":"<!-- This site is optimized with the Yoast SEO plugin v27.4 - https:\/\/yoast.com\/product\/yoast-seo-wordpress\/ -->\n<title>Term\u00f3metro Digital | KanakyDesign Enclosures<\/title>\n<meta name=\"description\" content=\"Term\u00f3metro digital doble sonda para terrario Lucky Reptile Thermometer Deluxe. Mide 2 puntos a la vez, sensores sumergibles, pantalla grande y reloj.\" \/>\n<meta name=\"robots\" content=\"index, follow, max-snippet:-1, max-image-preview:large, max-video-preview:-1\" \/>\n<link rel=\"canonical\" href=\"https:\/\/kanakydesign.com\/fr\/produit\/termometro\/\" \/>\n<meta property=\"og:locale\" content=\"fr_FR\" \/>\n<meta property=\"og:type\" content=\"article\" \/>\n<meta property=\"og:title\" content=\"Term\u00f3metro Digital | KanakyDesign Enclosures\" \/>\n<meta property=\"og:description\" content=\"Term\u00f3metro digital doble sonda para terrario Lucky Reptile Thermometer Deluxe. Mide 2 puntos a la vez, sensores sumergibles, pantalla grande y reloj.\" \/>\n<meta property=\"og:url\" content=\"https:\/\/kanakydesign.com\/fr\/produit\/termometro\/\" \/>\n<meta property=\"og:site_name\" content=\"KanakyDesign Enclosures\" \/>\n<meta property=\"article:modified_time\" content=\"2026-03-26T13:18:59+00:00\" \/>\n<meta property=\"og:image\" content=\"https:\/\/kanakydesign.com\/wp-content\/uploads\/2023\/09\/DSC2811-scaled.jpg\" \/>\n\t<meta property=\"og:image:width\" content=\"2560\" \/>\n\t<meta property=\"og:image:height\" content=\"2560\" \/>\n\t<meta property=\"og:image:type\" content=\"image\/jpeg\" \/>\n<meta name=\"twitter:card\" content=\"summary_large_image\" \/>\n<meta name=\"twitter:label1\" content=\"Dur\u00e9e de lecture estim\u00e9e\" \/>\n\t<meta name=\"twitter:data1\" content=\"2 minutes\" \/>\n<script type=\"application\/ld+json\" class=\"yoast-schema-graph\">{\"@context\":\"https:\\\/\\\/schema.org\",\"@graph\":[{\"@type\":\"WebPage\",\"@id\":\"https:\\\/\\\/kanakydesign.com\\\/producto\\\/termometro\\\/\",\"url\":\"https:\\\/\\\/kanakydesign.com\\\/producto\\\/termometro\\\/\",\"name\":\"Term\u00f3metro Digital | KanakyDesign Enclosures\",\"isPartOf\":{\"@id\":\"https:\\\/\\\/kanakydesign.com\\\/#website\"},\"primaryImageOfPage\":{\"@id\":\"https:\\\/\\\/kanakydesign.com\\\/producto\\\/termometro\\\/#primaryimage\"},\"image\":{\"@id\":\"https:\\\/\\\/kanakydesign.com\\\/producto\\\/termometro\\\/#primaryimage\"},\"thumbnailUrl\":\"https:\\\/\\\/kanakydesign.com\\\/wp-content\\\/uploads\\\/2023\\\/09\\\/DSC2811-scaled.jpg\",\"datePublished\":\"2023-06-27T11:04:41+00:00\",\"dateModified\":\"2026-03-26T13:18:59+00:00\",\"description\":\"Term\u00f3metro digital doble sonda para terrario Lucky Reptile Thermometer Deluxe. Mide 2 puntos a la vez, sensores sumergibles, pantalla grande y reloj.\",\"breadcrumb\":{\"@id\":\"https:\\\/\\\/kanakydesign.com\\\/producto\\\/termometro\\\/#breadcrumb\"},\"inLanguage\":\"fr-FR\",\"potentialAction\":[{\"@type\":\"ReadAction\",\"target\":[\"https:\\\/\\\/kanakydesign.com\\\/producto\\\/termometro\\\/\"]}]},{\"@type\":\"ImageObject\",\"inLanguage\":\"fr-FR\",\"@id\":\"https:\\\/\\\/kanakydesign.com\\\/producto\\\/termometro\\\/#primaryimage\",\"url\":\"https:\\\/\\\/kanakydesign.com\\\/wp-content\\\/uploads\\\/2023\\\/09\\\/DSC2811-scaled.jpg\",\"contentUrl\":\"https:\\\/\\\/kanakydesign.com\\\/wp-content\\\/uploads\\\/2023\\\/09\\\/DSC2811-scaled.jpg\",\"width\":2560,\"height\":2560},{\"@type\":\"BreadcrumbList\",\"@id\":\"https:\\\/\\\/kanakydesign.com\\\/producto\\\/termometro\\\/#breadcrumb\",\"itemListElement\":[{\"@type\":\"ListItem\",\"position\":1,\"name\":\"Portada\",\"item\":\"https:\\\/\\\/kanakydesign.com\\\/\"},{\"@type\":\"ListItem\",\"position\":2,\"name\":\"Tienda\",\"item\":\"https:\\\/\\\/kanakydesign.com\\\/tienda\\\/\"},{\"@type\":\"ListItem\",\"position\":3,\"name\":\"Term\u00f3metro Digital\"}]},{\"@type\":\"WebSite\",\"@id\":\"https:\\\/\\\/kanakydesign.com\\\/#website\",\"url\":\"https:\\\/\\\/kanakydesign.com\\\/\",\"name\":\"KanakyDesign Enclosures\",\"description\":\"Become a professional keeper\",\"publisher\":{\"@id\":\"https:\\\/\\\/kanakydesign.com\\\/#organization\"},\"alternateName\":\"KanakyDesign\",\"potentialAction\":[{\"@type\":\"SearchAction\",\"target\":{\"@type\":\"EntryPoint\",\"urlTemplate\":\"https:\\\/\\\/kanakydesign.com\\\/?s={search_term_string}\"},\"query-input\":{\"@type\":\"PropertyValueSpecification\",\"valueRequired\":true,\"valueName\":\"search_term_string\"}}],\"inLanguage\":\"fr-FR\"},{\"@type\":\"Organization\",\"@id\":\"https:\\\/\\\/kanakydesign.com\\\/#organization\",\"name\":\"KanakyDesign Enclosures\",\"alternateName\":\"KanakyDesign\",\"url\":\"https:\\\/\\\/kanakydesign.com\\\/\",\"logo\":{\"@type\":\"ImageObject\",\"inLanguage\":\"fr-FR\",\"@id\":\"https:\\\/\\\/kanakydesign.com\\\/#\\\/schema\\\/logo\\\/image\\\/\",\"url\":\"https:\\\/\\\/kanakydesign.com\\\/wp-content\\\/uploads\\\/2023\\\/06\\\/Logo-KanakyDesign-circular-negro-1.png\",\"contentUrl\":\"https:\\\/\\\/kanakydesign.com\\\/wp-content\\\/uploads\\\/2023\\\/06\\\/Logo-KanakyDesign-circular-negro-1.png\",\"width\":2000,\"height\":2000,\"caption\":\"KanakyDesign Enclosures\"},\"image\":{\"@id\":\"https:\\\/\\\/kanakydesign.com\\\/#\\\/schema\\\/logo\\\/image\\\/\"}}]}<\/script>\n<!-- \/ Yoast SEO plugin. -->","yoast_head_json":{"title":"Thermom\u00e8tre digital : KanakyDesign Enclosures","description":"Lucky Reptile Thermometer Thermom\u00e8tre num\u00e9rique de luxe \u00e0 double sonde pour terrarium. Mesure 2 points en m\u00eame temps, capteurs submersibles, grand \u00e9cran et horloge.","robots":{"index":"index","follow":"follow","max-snippet":"max-snippet:-1","max-image-preview":"max-image-preview:large","max-video-preview":"max-video-preview:-1"},"canonical":"https:\/\/kanakydesign.com\/fr\/produit\/termometro\/","og_locale":"fr_FR","og_type":"article","og_title":"Term\u00f3metro Digital | KanakyDesign Enclosures","og_description":"Term\u00f3metro digital doble sonda para terrario Lucky Reptile Thermometer Deluxe. Mide 2 puntos a la vez, sensores sumergibles, pantalla grande y reloj.","og_url":"https:\/\/kanakydesign.com\/fr\/produit\/termometro\/","og_site_name":"KanakyDesign Enclosures","article_modified_time":"2026-03-26T13:18:59+00:00","og_image":[{"width":2560,"height":2560,"url":"https:\/\/kanakydesign.com\/wp-content\/uploads\/2023\/09\/DSC2811-scaled.jpg","type":"image\/jpeg"}],"twitter_card":"summary_large_image","twitter_misc":{"Dur\u00e9e de lecture estim\u00e9e":"2 minutes"},"schema":{"@context":"https:\/\/schema.org","@graph":[{"@type":"WebPage","@id":"https:\/\/kanakydesign.com\/producto\/termometro\/","url":"https:\/\/kanakydesign.com\/producto\/termometro\/","name":"Thermom\u00e8tre digital : KanakyDesign Enclosures","isPartOf":{"@id":"https:\/\/kanakydesign.com\/#website"},"primaryImageOfPage":{"@id":"https:\/\/kanakydesign.com\/producto\/termometro\/#primaryimage"},"image":{"@id":"https:\/\/kanakydesign.com\/producto\/termometro\/#primaryimage"},"thumbnailUrl":"https:\/\/kanakydesign.com\/wp-content\/uploads\/2023\/09\/DSC2811-scaled.jpg","datePublished":"2023-06-27T11:04:41+00:00","dateModified":"2026-03-26T13:18:59+00:00","description":"Lucky Reptile Thermometer Thermom\u00e8tre num\u00e9rique de luxe \u00e0 double sonde pour terrarium. Mesure 2 points en m\u00eame temps, capteurs submersibles, grand \u00e9cran et horloge.","breadcrumb":{"@id":"https:\/\/kanakydesign.com\/producto\/termometro\/#breadcrumb"},"inLanguage":"fr-FR","potentialAction":[{"@type":"ReadAction","target":["https:\/\/kanakydesign.com\/producto\/termometro\/"]}]},{"@type":"ImageObject","inLanguage":"fr-FR","@id":"https:\/\/kanakydesign.com\/producto\/termometro\/#primaryimage","url":"https:\/\/kanakydesign.com\/wp-content\/uploads\/2023\/09\/DSC2811-scaled.jpg","contentUrl":"https:\/\/kanakydesign.com\/wp-content\/uploads\/2023\/09\/DSC2811-scaled.jpg","width":2560,"height":2560},{"@type":"BreadcrumbList","@id":"https:\/\/kanakydesign.com\/producto\/termometro\/#breadcrumb","itemListElement":[{"@type":"ListItem","position":1,"name":"Portada","item":"https:\/\/kanakydesign.com\/"},{"@type":"ListItem","position":2,"name":"Tienda","item":"https:\/\/kanakydesign.com\/tienda\/"},{"@type":"ListItem","position":3,"name":"Term\u00f3metro Digital"}]},{"@type":"WebSite","@id":"https:\/\/kanakydesign.com\/#website","url":"https:\/\/kanakydesign.com\/","name":"KanakyDesign Enclosures","description":"Become a professional keeper","publisher":{"@id":"https:\/\/kanakydesign.com\/#organization"},"alternateName":"KanakyDesign","potentialAction":[{"@type":"SearchAction","target":{"@type":"EntryPoint","urlTemplate":"https:\/\/kanakydesign.com\/?s={search_term_string}"},"query-input":{"@type":"PropertyValueSpecification","valueRequired":true,"valueName":"search_term_string"}}],"inLanguage":"fr-FR"},{"@type":"Organization","@id":"https:\/\/kanakydesign.com\/#organization","name":"KanakyDesign Enclosures","alternateName":"KanakyDesign","url":"https:\/\/kanakydesign.com\/","logo":{"@type":"ImageObject","inLanguage":"fr-FR","@id":"https:\/\/kanakydesign.com\/#\/schema\/logo\/image\/","url":"https:\/\/kanakydesign.com\/wp-content\/uploads\/2023\/06\/Logo-KanakyDesign-circular-negro-1.png","contentUrl":"https:\/\/kanakydesign.com\/wp-content\/uploads\/2023\/06\/Logo-KanakyDesign-circular-negro-1.png","width":2000,"height":2000,"caption":"KanakyDesign Enclosures"},"image":{"@id":"https:\/\/kanakydesign.com\/#\/schema\/logo\/image\/"}}]}},"_links":{"self":[{"href":"https:\/\/kanakydesign.com\/fr\/wp-json\/wp\/v2\/product\/186","targetHints":{"allow":["GET"]}}],"collection":[{"href":"https:\/\/kanakydesign.com\/fr\/wp-json\/wp\/v2\/product"}],"about":[{"href":"https:\/\/kanakydesign.com\/fr\/wp-json\/wp\/v2\/types\/product"}],"wp:featuredmedia":[{"embeddable":true,"href":"https:\/\/kanakydesign.com\/fr\/wp-json\/wp\/v2\/media\/1086"}],"wp:attachment":[{"href":"https:\/\/kanakydesign.com\/fr\/wp-json\/wp\/v2\/media?parent=186"}],"wp:term":[{"taxonomy":"product_brand","embeddable":true,"href":"https:\/\/kanakydesign.com\/fr\/wp-json\/wp\/v2\/product_brand?post=186"},{"taxonomy":"product_cat","embeddable":true,"href":"https:\/\/kanakydesign.com\/fr\/wp-json\/wp\/v2\/product_cat?post=186"},{"taxonomy":"product_tag","embeddable":true,"href":"https:\/\/kanakydesign.com\/fr\/wp-json\/wp\/v2\/product_tag?post=186"}],"curies":[{"name":"wp","href":"https:\/\/api.w.org\/{rel}","templated":true}]}}