{"id":1824,"date":"2026-02-08T11:52:48","date_gmt":"2026-02-08T11:52:48","guid":{"rendered":"https:\/\/kanakydesign.com\/?post_type=product&#038;p=1824"},"modified":"2026-02-21T18:19:55","modified_gmt":"2026-02-21T18:19:55","slug":"terrario-60x50x80","status":"publish","type":"product","link":"https:\/\/kanakydesign.com\/fr\/produit\/terrario-60x50x80\/","title":{"rendered":"Terrarium 60x50x80"},"content":{"rendered":"<p data-start=\"169\" data-end=\"833\">Les <strong data-start=\"172\" data-end=\"215\">Terrarium en PVC 60x50x80 par Kanaky Design<\/strong> (mesures en cm : <strong data-start=\"232\" data-end=\"256\">Longueur x Profondeur x Hauteur<\/strong>) est con\u00e7u pour fournir un habitat <strong data-start=\"296\" data-end=\"336\">s\u00fbr, isolant et facile \u00e0 entretenir<\/strong>, id\u00e9al pour les reptiles, les amphibiens et les invert\u00e9br\u00e9s. Il est compos\u00e9 de <strong data-start=\"418\" data-end=\"460\">PVC mouss\u00e9 haute densit\u00e9 de 12 mm<\/strong>, un mat\u00e9riau de grande capacit\u00e9 <strong data-start=\"497\" data-end=\"509\">l'isolation<\/strong>, <strong data-start=\"511\" data-end=\"538\">r\u00e9sistant \u00e0 l'humidit\u00e9<\/strong> et tr\u00e8s facile \u00e0 <strong data-start=\"557\" data-end=\"582\">le nettoyage et la d\u00e9sinfection<\/strong>. En outre, le PVC est <strong data-start=\"602\" data-end=\"614\">retardateur de flamme<\/strong> et se distingue par sa r\u00e9sistance aux chocs et aux rayures. Chez Kanaky Design, nous utilisons un PVC avec <strong data-start=\"705\" data-end=\"731\">couche ext\u00e9rieure renforc\u00e9e<\/strong> qui aide <strong data-start=\"744\" data-end=\"763\">\u00e9viter les rayures<\/strong>, le terrarium conserve une finition impeccable pendant une longue p\u00e9riode.<\/p>\n<h3 data-start=\"835\" data-end=\"884\">\u2705 Double ventilation : flux stable et efficace<\/h3>\n<p data-start=\"885\" data-end=\"931\">Ce terrarium incorpore <strong data-start=\"909\" data-end=\"930\">double ventilation<\/strong>:<\/p>\n<ul data-start=\"932\" data-end=\"1067\">\n<li data-start=\"932\" data-end=\"990\">\n<p data-start=\"934\" data-end=\"990\"><strong data-start=\"934\" data-end=\"945\">Front<\/strong>, situ\u00e9 sous les portes (entr\u00e9e d'air).<\/p>\n<\/li>\n<li data-start=\"991\" data-end=\"1067\">\n<p data-start=\"993\" data-end=\"1067\"><strong data-start=\"993\" data-end=\"1013\">Arri\u00e8re sup\u00e9rieur<\/strong>, Le panneau arri\u00e8re est situ\u00e9 en haut du panneau arri\u00e8re (sortie d'air).<\/p>\n<\/li>\n<\/ul>\n<p data-start=\"1069\" data-end=\"1324\">Cette conception favorise la <strong data-start=\"1093\" data-end=\"1110\">flux interne<\/strong> gr\u00e2ce \u00e0 la <strong data-start=\"1122\" data-end=\"1154\">effet de convection naturelle<\/strong>, La ventilation de nos terrariums en PVC est enregistr\u00e9e avec les terrariums en PVC. L'a\u00e9ration de nos terrariums en PVC est enregistr\u00e9e aupr\u00e8s de l'Office de l'environnement de l'Union europ\u00e9enne. <strong data-start=\"1290\" data-end=\"1323\">mod\u00e8le d'utilit\u00e9 U202431886<\/strong>.<\/p>\n<h3 data-start=\"1326\" data-end=\"1371\">\ud83d\udee1\ufe0f Filet anti-fuite en acier inoxydable<\/h3>\n<p data-start=\"1372\" data-end=\"1804\">Les fentes d'a\u00e9ration int\u00e8grent <strong data-start=\"1410\" data-end=\"1439\">maille en acier inoxydable<\/strong>, con\u00e7u pour \u00e9viter les fuites de <strong data-start=\"1470\" data-end=\"1487\">aliments vivants<\/strong> et r\u00e9duire le risque de fuite des petits animaux vivant dans le terrarium.<br data-start=\"1564\" data-end=\"1567\" \/>Par d\u00e9faut, le maillage utilis\u00e9 est <strong data-start=\"1605\" data-end=\"1632\">Maille de 1,44 mm<\/strong>. Si vous avez besoin d'autres options de maillage ou d'un mod\u00e8le adapt\u00e9 \u00e0 une esp\u00e8ce sp\u00e9cifique, vous pouvez configurer un terrarium sur mesure ici :<br data-start=\"1760\" data-end=\"1763\" \/><a class=\"decorated-link\" href=\"https:\/\/kanakydesign.com\/fr\/diseno-a-medida\/\" target=\"_new\" rel=\"noopener\" data-start=\"1763\" data-end=\"1804\">https:\/\/kanakydesign.com\/diseno-a-medida\/<\/a><\/p>\n<h3 data-start=\"1806\" data-end=\"1868\">\ud83d\udd0c Comprend 1 cache-\u0153illet (montage plus propre et plus s\u00fbr)<\/h3>\n<p data-start=\"1869\" data-end=\"2100\">Ce mod\u00e8le comprend 1<strong data-start=\"1889\" data-end=\"1911\">\u00a0couvercle d'entr\u00e9e de c\u00e2ble<\/strong>, id\u00e9al pour retirer du terrarium les c\u00e2bles d'\u00e9clairage, de chauffage, les capteurs ou les syst\u00e8mes de pluie, en \u00e9vitant de laisser de grands trous par lesquels les animaux ou les aliments vivants peuvent s'\u00e9chapper.<\/p>\n<h3 data-start=\"2102\" data-end=\"2154\">\ud83e\uddf1 Empilable : cr\u00e9ez des modules esth\u00e9tiques et fonctionnels<\/h3>\n<p data-start=\"2155\" data-end=\"2355\">La conception structurelle permet <strong data-start=\"2185\" data-end=\"2205\">terrariums superpos\u00e9s<\/strong> les uns sur les autres sans risque, cr\u00e9ant ainsi <strong data-start=\"2243\" data-end=\"2254\">modules<\/strong> tr\u00e8s esth\u00e9tique et adapt\u00e9 \u00e0 vos besoins, parfait pour \u00e9tendre les installations de mani\u00e8re ordonn\u00e9e.<\/p>\n<h3 data-start=\"2357\" data-end=\"2409\">\ud83d\udce6 Livr\u00e9 d\u00e9mont\u00e9 + mat\u00e9riel et instructions<\/h3>\n<p data-start=\"2410\" data-end=\"2587\">Les terrariums en PVC sont exp\u00e9di\u00e9s <strong data-start=\"2441\" data-end=\"2456\">d\u00e9mantel\u00e9<\/strong>. Il comprend <strong data-start=\"2469\" data-end=\"2502\">tout le mat\u00e9riel n\u00e9cessaire<\/strong> e <strong data-start=\"2505\" data-end=\"2533\">instructions d'assemblage<\/strong>, afin que vous puissiez l'assembler facilement et en toute s\u00e9curit\u00e9.<\/p>","protected":false},"excerpt":{"rendered":"<p><strong>Terrarium 60x50x80 + 1 cache-c\u00e2ble<\/strong><\/p>\n<p>Terrarium en PVC expans\u00e9 haute densit\u00e9 de 12 mm. Le PVC est un mat\u00e9riau dot\u00e9 d'une grande capacit\u00e9 d'isolation, r\u00e9sistant \u00e0 l'humidit\u00e9 et tr\u00e8s facile \u00e0 nettoyer et \u00e0 d\u00e9sinfecter. En outre, le PVC est ignifuge et tr\u00e8s r\u00e9sistant aux chocs et aux rayures.<\/p>\n<p>La conception de nos terrariums en PVC permet de les empiler sans risque. Vous pouvez ainsi cr\u00e9er des modules de terrariums esth\u00e9tiques en fonction de vos besoins.<\/p>\n<p>Ce terrarium est \u00e9quip\u00e9 de deux passe-c\u00e2bles qui vous permettront de retirer plus facilement les c\u00e2bles des accessoires que vous devez installer dans le terrarium.<\/p>\n<p>La ventilation de nos terrariums en PVC est enregistr\u00e9e sous le mod\u00e8le d'utilit\u00e9 U202431886. Elle est con\u00e7ue pour favoriser la circulation de l'air interne gr\u00e2ce \u00e0 l'effet de convection naturelle d'une architecture efficace. Les fentes d'a\u00e9ration sont munies d'un grillage en acier inoxydable qui emp\u00eachera les fuites de nourriture vivante ou de petits animaux vivant dans le terrarium.<\/p>\n<p>Les terrariums en PVC sont livr\u00e9s d\u00e9mont\u00e9s. Toute la quincaillerie n\u00e9cessaire et les instructions d'assemblage sont incluses.<\/p>\n<p>Mesures en centim\u00e8tres, dans l'ordre Longueur x Profondeur x Hauteur<\/p>","protected":false},"featured_media":1744,"template":"","meta":[],"product_brand":[],"product_cat":[81,22],"product_tag":[579,570,576,574,573,572,580,567,577,569,590,568,578,571,575],"class_list":{"0":"post-1824","1":"product","2":"type-product","3":"status-publish","4":"has-post-thumbnail","6":"product_cat-personalizados","7":"product_cat-terrarios","8":"product_tag-terrario-anfibios","9":"product_tag-terrario-apilable","10":"product_tag-terrario-con-tapas-pasacables","11":"product_tag-terrario-doble-ventilacion","12":"product_tag-terrario-facil-limpieza","13":"product_tag-terrario-ignifugo","14":"product_tag-terrario-invertebrados","15":"product_tag-terrario-kanaky-design","16":"product_tag-terrario-modular","17":"product_tag-terrario-pvc-12mm","18":"product_tag-terrario-pvc-60x50x80","19":"product_tag-terrario-pvc-espumado","20":"product_tag-terrario-reptiles","21":"product_tag-terrario-resistente-humedad","22":"product_tag-ventilacion-con-malla-inox","24":"first","25":"instock","26":"taxable","27":"shipping-taxable","28":"purchasable","29":"product-type-composite"},"yoast_head":"<!-- This site is optimized with the Yoast SEO plugin v27.4 - https:\/\/yoast.com\/product\/yoast-seo-wordpress\/ -->\n<title>Terrario 60x50x80 | KanakyDesign Enclosures<\/title>\n<meta name=\"description\" content=\"Terrario PVC 60x50x80 Kanaky Design en PVC 12mm: aislante, resistente a humedad e ign\u00edfugo. Doble ventilaci\u00f3n con malla inox y 1 tapa pasacables.\" \/>\n<meta name=\"robots\" content=\"index, follow, max-snippet:-1, max-image-preview:large, max-video-preview:-1\" \/>\n<link rel=\"canonical\" href=\"https:\/\/kanakydesign.com\/fr\/produit\/terrario-60x50x80\/\" \/>\n<meta property=\"og:locale\" content=\"fr_FR\" \/>\n<meta property=\"og:type\" content=\"article\" \/>\n<meta property=\"og:title\" content=\"Terrario 60x50x80 | KanakyDesign Enclosures\" \/>\n<meta property=\"og:description\" content=\"Terrario PVC 60x50x80 Kanaky Design en PVC 12mm: aislante, resistente a humedad e ign\u00edfugo. Doble ventilaci\u00f3n con malla inox y 1 tapa pasacables.\" \/>\n<meta property=\"og:url\" content=\"https:\/\/kanakydesign.com\/fr\/produit\/terrario-60x50x80\/\" \/>\n<meta property=\"og:site_name\" content=\"KanakyDesign Enclosures\" \/>\n<meta property=\"article:modified_time\" content=\"2026-02-21T18:19:55+00:00\" \/>\n<meta property=\"og:image\" content=\"https:\/\/kanakydesign.com\/wp-content\/uploads\/2023\/08\/Terrario-PVC-60x50x80.png\" \/>\n\t<meta property=\"og:image:width\" content=\"1039\" \/>\n\t<meta property=\"og:image:height\" content=\"1039\" \/>\n\t<meta property=\"og:image:type\" content=\"image\/png\" \/>\n<meta name=\"twitter:card\" content=\"summary_large_image\" \/>\n<meta name=\"twitter:label1\" content=\"Dur\u00e9e de lecture estim\u00e9e\" \/>\n\t<meta name=\"twitter:data1\" content=\"2 minutes\" \/>\n<script type=\"application\/ld+json\" class=\"yoast-schema-graph\">{\"@context\":\"https:\\\/\\\/schema.org\",\"@graph\":[{\"@type\":\"WebPage\",\"@id\":\"https:\\\/\\\/kanakydesign.com\\\/producto\\\/terrario-60x50x80\\\/\",\"url\":\"https:\\\/\\\/kanakydesign.com\\\/producto\\\/terrario-60x50x80\\\/\",\"name\":\"Terrario 60x50x80 | KanakyDesign Enclosures\",\"isPartOf\":{\"@id\":\"https:\\\/\\\/kanakydesign.com\\\/#website\"},\"primaryImageOfPage\":{\"@id\":\"https:\\\/\\\/kanakydesign.com\\\/producto\\\/terrario-60x50x80\\\/#primaryimage\"},\"image\":{\"@id\":\"https:\\\/\\\/kanakydesign.com\\\/producto\\\/terrario-60x50x80\\\/#primaryimage\"},\"thumbnailUrl\":\"https:\\\/\\\/kanakydesign.com\\\/wp-content\\\/uploads\\\/2023\\\/08\\\/Terrario-PVC-60x50x80.png\",\"datePublished\":\"2026-02-08T11:52:48+00:00\",\"dateModified\":\"2026-02-21T18:19:55+00:00\",\"description\":\"Terrario PVC 60x50x80 Kanaky Design en PVC 12mm: aislante, resistente a humedad e ign\u00edfugo. Doble ventilaci\u00f3n con malla inox y 1 tapa pasacables.\",\"breadcrumb\":{\"@id\":\"https:\\\/\\\/kanakydesign.com\\\/producto\\\/terrario-60x50x80\\\/#breadcrumb\"},\"inLanguage\":\"fr-FR\",\"potentialAction\":[{\"@type\":\"ReadAction\",\"target\":[\"https:\\\/\\\/kanakydesign.com\\\/producto\\\/terrario-60x50x80\\\/\"]}]},{\"@type\":\"ImageObject\",\"inLanguage\":\"fr-FR\",\"@id\":\"https:\\\/\\\/kanakydesign.com\\\/producto\\\/terrario-60x50x80\\\/#primaryimage\",\"url\":\"https:\\\/\\\/kanakydesign.com\\\/wp-content\\\/uploads\\\/2023\\\/08\\\/Terrario-PVC-60x50x80.png\",\"contentUrl\":\"https:\\\/\\\/kanakydesign.com\\\/wp-content\\\/uploads\\\/2023\\\/08\\\/Terrario-PVC-60x50x80.png\",\"width\":1039,\"height\":1039},{\"@type\":\"BreadcrumbList\",\"@id\":\"https:\\\/\\\/kanakydesign.com\\\/producto\\\/terrario-60x50x80\\\/#breadcrumb\",\"itemListElement\":[{\"@type\":\"ListItem\",\"position\":1,\"name\":\"Portada\",\"item\":\"https:\\\/\\\/kanakydesign.com\\\/\"},{\"@type\":\"ListItem\",\"position\":2,\"name\":\"Tienda\",\"item\":\"https:\\\/\\\/kanakydesign.com\\\/tienda\\\/\"},{\"@type\":\"ListItem\",\"position\":3,\"name\":\"Terrario 60x50x80\"}]},{\"@type\":\"WebSite\",\"@id\":\"https:\\\/\\\/kanakydesign.com\\\/#website\",\"url\":\"https:\\\/\\\/kanakydesign.com\\\/\",\"name\":\"KanakyDesign Enclosures\",\"description\":\"Become a professional keeper\",\"publisher\":{\"@id\":\"https:\\\/\\\/kanakydesign.com\\\/#organization\"},\"alternateName\":\"KanakyDesign\",\"potentialAction\":[{\"@type\":\"SearchAction\",\"target\":{\"@type\":\"EntryPoint\",\"urlTemplate\":\"https:\\\/\\\/kanakydesign.com\\\/?s={search_term_string}\"},\"query-input\":{\"@type\":\"PropertyValueSpecification\",\"valueRequired\":true,\"valueName\":\"search_term_string\"}}],\"inLanguage\":\"fr-FR\"},{\"@type\":\"Organization\",\"@id\":\"https:\\\/\\\/kanakydesign.com\\\/#organization\",\"name\":\"KanakyDesign Enclosures\",\"alternateName\":\"KanakyDesign\",\"url\":\"https:\\\/\\\/kanakydesign.com\\\/\",\"logo\":{\"@type\":\"ImageObject\",\"inLanguage\":\"fr-FR\",\"@id\":\"https:\\\/\\\/kanakydesign.com\\\/#\\\/schema\\\/logo\\\/image\\\/\",\"url\":\"https:\\\/\\\/kanakydesign.com\\\/wp-content\\\/uploads\\\/2023\\\/06\\\/Logo-KanakyDesign-circular-negro-1.png\",\"contentUrl\":\"https:\\\/\\\/kanakydesign.com\\\/wp-content\\\/uploads\\\/2023\\\/06\\\/Logo-KanakyDesign-circular-negro-1.png\",\"width\":2000,\"height\":2000,\"caption\":\"KanakyDesign Enclosures\"},\"image\":{\"@id\":\"https:\\\/\\\/kanakydesign.com\\\/#\\\/schema\\\/logo\\\/image\\\/\"}}]}<\/script>\n<!-- \/ Yoast SEO plugin. -->","yoast_head_json":{"title":"Terrarium 60x50x80 | KanakyDesign Enclosures","description":"Terrarium en PVC 60x50x80 Kanaky Design en PVC 12mm : isolant, r\u00e9sistant \u00e0 l'humidit\u00e9 et ignifuge. Double ventilation avec filet en acier inoxydable et 1 passe-c\u00e2ble.","robots":{"index":"index","follow":"follow","max-snippet":"max-snippet:-1","max-image-preview":"max-image-preview:large","max-video-preview":"max-video-preview:-1"},"canonical":"https:\/\/kanakydesign.com\/fr\/produit\/terrario-60x50x80\/","og_locale":"fr_FR","og_type":"article","og_title":"Terrario 60x50x80 | KanakyDesign Enclosures","og_description":"Terrario PVC 60x50x80 Kanaky Design en PVC 12mm: aislante, resistente a humedad e ign\u00edfugo. Doble ventilaci\u00f3n con malla inox y 1 tapa pasacables.","og_url":"https:\/\/kanakydesign.com\/fr\/produit\/terrario-60x50x80\/","og_site_name":"KanakyDesign Enclosures","article_modified_time":"2026-02-21T18:19:55+00:00","og_image":[{"width":1039,"height":1039,"url":"https:\/\/kanakydesign.com\/wp-content\/uploads\/2023\/08\/Terrario-PVC-60x50x80.png","type":"image\/png"}],"twitter_card":"summary_large_image","twitter_misc":{"Dur\u00e9e de lecture estim\u00e9e":"2 minutes"},"schema":{"@context":"https:\/\/schema.org","@graph":[{"@type":"WebPage","@id":"https:\/\/kanakydesign.com\/producto\/terrario-60x50x80\/","url":"https:\/\/kanakydesign.com\/producto\/terrario-60x50x80\/","name":"Terrarium 60x50x80 | KanakyDesign Enclosures","isPartOf":{"@id":"https:\/\/kanakydesign.com\/#website"},"primaryImageOfPage":{"@id":"https:\/\/kanakydesign.com\/producto\/terrario-60x50x80\/#primaryimage"},"image":{"@id":"https:\/\/kanakydesign.com\/producto\/terrario-60x50x80\/#primaryimage"},"thumbnailUrl":"https:\/\/kanakydesign.com\/wp-content\/uploads\/2023\/08\/Terrario-PVC-60x50x80.png","datePublished":"2026-02-08T11:52:48+00:00","dateModified":"2026-02-21T18:19:55+00:00","description":"Terrarium en PVC 60x50x80 Kanaky Design en PVC 12mm : isolant, r\u00e9sistant \u00e0 l'humidit\u00e9 et ignifuge. Double ventilation avec filet en acier inoxydable et 1 passe-c\u00e2ble.","breadcrumb":{"@id":"https:\/\/kanakydesign.com\/producto\/terrario-60x50x80\/#breadcrumb"},"inLanguage":"fr-FR","potentialAction":[{"@type":"ReadAction","target":["https:\/\/kanakydesign.com\/producto\/terrario-60x50x80\/"]}]},{"@type":"ImageObject","inLanguage":"fr-FR","@id":"https:\/\/kanakydesign.com\/producto\/terrario-60x50x80\/#primaryimage","url":"https:\/\/kanakydesign.com\/wp-content\/uploads\/2023\/08\/Terrario-PVC-60x50x80.png","contentUrl":"https:\/\/kanakydesign.com\/wp-content\/uploads\/2023\/08\/Terrario-PVC-60x50x80.png","width":1039,"height":1039},{"@type":"BreadcrumbList","@id":"https:\/\/kanakydesign.com\/producto\/terrario-60x50x80\/#breadcrumb","itemListElement":[{"@type":"ListItem","position":1,"name":"Portada","item":"https:\/\/kanakydesign.com\/"},{"@type":"ListItem","position":2,"name":"Tienda","item":"https:\/\/kanakydesign.com\/tienda\/"},{"@type":"ListItem","position":3,"name":"Terrario 60x50x80"}]},{"@type":"WebSite","@id":"https:\/\/kanakydesign.com\/#website","url":"https:\/\/kanakydesign.com\/","name":"KanakyDesign Enclosures","description":"Become a professional keeper","publisher":{"@id":"https:\/\/kanakydesign.com\/#organization"},"alternateName":"KanakyDesign","potentialAction":[{"@type":"SearchAction","target":{"@type":"EntryPoint","urlTemplate":"https:\/\/kanakydesign.com\/?s={search_term_string}"},"query-input":{"@type":"PropertyValueSpecification","valueRequired":true,"valueName":"search_term_string"}}],"inLanguage":"fr-FR"},{"@type":"Organization","@id":"https:\/\/kanakydesign.com\/#organization","name":"KanakyDesign Enclosures","alternateName":"KanakyDesign","url":"https:\/\/kanakydesign.com\/","logo":{"@type":"ImageObject","inLanguage":"fr-FR","@id":"https:\/\/kanakydesign.com\/#\/schema\/logo\/image\/","url":"https:\/\/kanakydesign.com\/wp-content\/uploads\/2023\/06\/Logo-KanakyDesign-circular-negro-1.png","contentUrl":"https:\/\/kanakydesign.com\/wp-content\/uploads\/2023\/06\/Logo-KanakyDesign-circular-negro-1.png","width":2000,"height":2000,"caption":"KanakyDesign Enclosures"},"image":{"@id":"https:\/\/kanakydesign.com\/#\/schema\/logo\/image\/"}}]}},"_links":{"self":[{"href":"https:\/\/kanakydesign.com\/fr\/wp-json\/wp\/v2\/product\/1824","targetHints":{"allow":["GET"]}}],"collection":[{"href":"https:\/\/kanakydesign.com\/fr\/wp-json\/wp\/v2\/product"}],"about":[{"href":"https:\/\/kanakydesign.com\/fr\/wp-json\/wp\/v2\/types\/product"}],"wp:featuredmedia":[{"embeddable":true,"href":"https:\/\/kanakydesign.com\/fr\/wp-json\/wp\/v2\/media\/1744"}],"wp:attachment":[{"href":"https:\/\/kanakydesign.com\/fr\/wp-json\/wp\/v2\/media?parent=1824"}],"wp:term":[{"taxonomy":"product_brand","embeddable":true,"href":"https:\/\/kanakydesign.com\/fr\/wp-json\/wp\/v2\/product_brand?post=1824"},{"taxonomy":"product_cat","embeddable":true,"href":"https:\/\/kanakydesign.com\/fr\/wp-json\/wp\/v2\/product_cat?post=1824"},{"taxonomy":"product_tag","embeddable":true,"href":"https:\/\/kanakydesign.com\/fr\/wp-json\/wp\/v2\/product_tag?post=1824"}],"curies":[{"name":"wp","href":"https:\/\/api.w.org\/{rel}","templated":true}]}}