{"id":1704,"date":"2026-02-07T23:10:14","date_gmt":"2026-02-07T23:10:14","guid":{"rendered":"https:\/\/kanakydesign.com\/?post_type=product&#038;p=1704"},"modified":"2026-03-17T14:20:00","modified_gmt":"2026-03-17T14:20:00","slug":"deep-heat-projector","status":"publish","type":"product","link":"https:\/\/kanakydesign.com\/fr\/produit\/deep-heat-projector\/","title":{"rendered":"Projecteur de chaleur profonde"},"content":{"rendered":"<p data-start=\"186\" data-end=\"764\">Les <strong data-start=\"189\" data-end=\"250\">Arcadia Deep Heat Projector (projecteur de chaleur profonde)<\/strong> est l'un des moyens les plus avanc\u00e9s de fournir des <strong data-start=\"297\" data-end=\"325\">chaleur infrarouge naturelle<\/strong> aux reptiles et aux amphibiens <strong data-start=\"348\" data-end=\"374\">sans \u00e9mettre de lumi\u00e8re visible<\/strong> (ou pratiquement rien), de sorte qu'il puisse \u00eatre utilis\u00e9 <strong data-start=\"427\" data-end=\"457\">de jour comme de nuit<\/strong> sans interf\u00e9rer avec le repos et les rythmes biologiques. Il est con\u00e7u pour fournir plus de chaleur \u201csolaire\u201d et efficace que de nombreuses sources non lumineuses, ce qui en fait un choix de premier ordre pour les terrariums o\u00f9 la stabilit\u00e9 thermique et le bien-\u00eatre des animaux sont une priorit\u00e9.<\/p>\n<h2 data-start=\"766\" data-end=\"832\">\u2705 Chaleur sans lumi\u00e8re visible : utilisation 24\/7 sans rupture du cycle jour\/nuit<\/h2>\n<p data-start=\"833\" data-end=\"1196\">Contrairement aux ampoules qui \u00e9clairent (et peuvent perturber la nuit), les <strong data-start=\"904\" data-end=\"927\">Projecteur de chaleur profonde<\/strong> est con\u00e7u pour fournir de la chaleur sans apporter de luminosit\u00e9 appr\u00e9ciable. Cela permet de maintenir une temp\u00e9rature nocturne ou une chaleur continue de mani\u00e8re plus naturelle, ce qui est particuli\u00e8rement utile dans les pi\u00e8ces froides ou pour les esp\u00e8ces sensibles \u00e0 la lumi\u00e8re.<\/p>\n<h2 data-start=\"1198\" data-end=\"1251\">\ud83c\udf21\ufe0f Qu'est-ce qui le diff\u00e9rencie ? Infrarouge IR-A et IR-B<\/h2>\n<p data-start=\"1252\" data-end=\"1570\">Ce projecteur <strong data-start=\"1267\" data-end=\"1297\">projets Infrarouge A et B<\/strong>, Les longueurs d'onde associ\u00e9es \u00e0 une sensation de chaleur plus \u201cprofonde\u201d et plus efficace pour la thermor\u00e9gulation (tr\u00e8s similaire au rayonnement thermique solaire). C'est pourquoi il est excellent pour cr\u00e9er un point chaud plus efficace. <strong data-start=\"1512\" data-end=\"1531\">pas de lumi\u00e8re visible<\/strong>.<\/p>\n<blockquote data-start=\"1572\" data-end=\"1989\">\n<p data-start=\"1574\" data-end=\"1989\">Important : le <strong data-start=\"1641\" data-end=\"1663\">\u00e9metteurs en c\u00e9ramique<\/strong> restent une option tr\u00e8s fiable pour les <strong data-start=\"1705\" data-end=\"1722\">chaleur g\u00e9n\u00e9rale<\/strong> et un soutien thermique (surtout la nuit). La diff\u00e9rence est que le <strong data-start=\"1791\" data-end=\"1798\">DHP<\/strong> est orient\u00e9 vers une chaleur plus \u201csolaire\u201d en raison de son m\u00e9lange d'IR, de sorte que de nombreux aidants le choisissent lorsqu'ils recherchent une performance thermique plus naturelle sans lumi\u00e8re.<\/p>\n<\/blockquote>\n<h2 data-start=\"1991\" data-end=\"2035\">\ud83d\udd25 Puissances disponibles et compatibilit\u00e9<\/h2>\n<ul data-start=\"2036\" data-end=\"2468\">\n<li data-start=\"2036\" data-end=\"2110\">\n<p data-start=\"2038\" data-end=\"2110\"><strong data-start=\"2038\" data-end=\"2052\">Pouvoirs :<\/strong> <strong data-start=\"2053\" data-end=\"2060\">50W<\/strong> y <strong data-start=\"2063\" data-end=\"2070\">80W<\/strong><\/p>\n<\/li>\n<li data-start=\"2111\" data-end=\"2300\">\n<p data-start=\"2113\" data-end=\"2300\"><strong data-start=\"2113\" data-end=\"2127\">Douille :<\/strong> compatible avec les douilles standard (g\u00e9n\u00e9ralement <strong data-start=\"2181\" data-end=\"2188\">E27<\/strong> dans ce type de projecteurs ; si votre fiche technique indique un autre fil, je l'adapterai).<\/p>\n<\/li>\n<li data-start=\"2301\" data-end=\"2468\">\n<p data-start=\"2303\" data-end=\"2468\"><strong data-start=\"2303\" data-end=\"2332\">Recommandation de contr\u00f4le :<\/strong> l'utiliser avec <strong data-start=\"2343\" data-end=\"2383\">thermostat (le mieux r\u00e9glable\/gradu\u00e9)<\/strong> pour maintenir une temp\u00e9rature stable et s\u00fbre.<\/p>\n<\/li>\n<\/ul>\n<h2 data-start=\"2470\" data-end=\"2503\">\ud83e\udde9 Recommandation pour votre installation<\/h2>\n<p data-start=\"2504\" data-end=\"2704\">Pour les montages ronds : <a href=\"https:\/\/kanakydesign.com\/fr\/produit\/casquillo-recto\/\"><strong data-start=\"2529\" data-end=\"2551\">douille en c\u00e9ramique<\/strong><\/a> (r\u00e9sistant \u00e0 la chaleur), <a href=\"https:\/\/kanakydesign.com\/fr\/produit\/jaula-protectora-casquillo\/\"><strong data-start=\"2575\" data-end=\"2597\">cage de s\u00e9curit\u00e9<\/strong><\/a> s'il se trouve \u00e0 l'int\u00e9rieur du terrarium, et <a href=\"https:\/\/kanakydesign.com\/fr\/produit\/termostato-dia-noche\/\"><strong data-start=\"2627\" data-end=\"2641\">thermostat<\/strong><\/a> pour contr\u00f4ler le point chaud et \u00e9viter la surchauffe.<\/p>","protected":false},"excerpt":{"rendered":"<p>Les \u00e9metteurs de chaleur en c\u00e9ramique conviennent \u00e0 tous les types de terrariums. Ils n'\u00e9mettent pas de lumi\u00e8re, mais produisent de la chaleur par rayonnement infrarouge. Ils sont donc tr\u00e8s utiles pour une utilisation 24h\/24 qui n'affecte pas les cycles diurnes et nocturnes de nos animaux. Ils doivent toujours \u00eatre utilis\u00e9s sur une douille en c\u00e9ramique r\u00e9sistante \u00e0 la chaleur et il est fortement recommand\u00e9 d'utiliser des thermostats pour contr\u00f4ler la temp\u00e9rature.<\/p>","protected":false},"featured_media":1708,"template":"","meta":[],"product_brand":[],"product_cat":[23,26],"product_tag":[193,295,291,294,292,286,215,288,296,293,289,290,297,220],"class_list":{"0":"post-1704","1":"product","2":"type-product","3":"status-publish","4":"has-post-thumbnail","6":"product_cat-accesorios","7":"product_cat-calefaccion","8":"product_tag-arcadia","9":"product_tag-calefaccion-anfibios","10":"product_tag-calefaccion-infrarroja-terrario","11":"product_tag-calefaccion-reptiles","12":"product_tag-calor-sin-luz-terrario","13":"product_tag-casquillo-ceramico-e27","14":"product_tag-control-temperatura-terrario","15":"product_tag-deep-heat-projector","16":"product_tag-emisor-infrarrojo-terrario","17":"product_tag-infrarrojo-ir-a-ir-b","18":"product_tag-proyector-calor-profundo","19":"product_tag-proyector-calor-profundo-arcadia","20":"product_tag-punto-caliente-terrario","21":"product_tag-termostato-terrario","23":"first","24":"instock","25":"taxable","26":"shipping-taxable","27":"purchasable","28":"product-type-variable"},"yoast_head":"<!-- This site is optimized with the Yoast SEO plugin v27.4 - https:\/\/yoast.com\/product\/yoast-seo-wordpress\/ -->\n<title>Deep heat proyector | KanakyDesign Enclosures<\/title>\n<meta name=\"description\" content=\"Proyector calor profundo Arcadia Deep Heat Projector 50W\/80W: IR-A+IR-B sin luz visible para d\u00eda y noche. \u00dasalo con casquillo cer\u00e1mico y termostato.\" \/>\n<meta name=\"robots\" content=\"index, follow, max-snippet:-1, max-image-preview:large, max-video-preview:-1\" \/>\n<link rel=\"canonical\" href=\"https:\/\/kanakydesign.com\/fr\/produit\/deep-heat-projector\/\" \/>\n<meta property=\"og:locale\" content=\"fr_FR\" \/>\n<meta property=\"og:type\" content=\"article\" \/>\n<meta property=\"og:title\" content=\"Deep heat proyector | KanakyDesign Enclosures\" \/>\n<meta property=\"og:description\" content=\"Proyector calor profundo Arcadia Deep Heat Projector 50W\/80W: IR-A+IR-B sin luz visible para d\u00eda y noche. \u00dasalo con casquillo cer\u00e1mico y termostato.\" \/>\n<meta property=\"og:url\" content=\"https:\/\/kanakydesign.com\/fr\/produit\/deep-heat-projector\/\" \/>\n<meta property=\"og:site_name\" content=\"KanakyDesign Enclosures\" \/>\n<meta property=\"article:modified_time\" content=\"2026-03-17T14:20:00+00:00\" \/>\n<meta property=\"og:image\" content=\"https:\/\/kanakydesign.com\/wp-content\/uploads\/2026\/02\/Arcadia-deep-heat-projertor.png\" \/>\n\t<meta property=\"og:image:width\" content=\"1024\" \/>\n\t<meta property=\"og:image:height\" content=\"1024\" \/>\n\t<meta property=\"og:image:type\" content=\"image\/png\" \/>\n<meta name=\"twitter:card\" content=\"summary_large_image\" \/>\n<meta name=\"twitter:label1\" content=\"Dur\u00e9e de lecture estim\u00e9e\" \/>\n\t<meta name=\"twitter:data1\" content=\"2 minutes\" \/>\n<script type=\"application\/ld+json\" class=\"yoast-schema-graph\">{\"@context\":\"https:\\\/\\\/schema.org\",\"@graph\":[{\"@type\":\"WebPage\",\"@id\":\"https:\\\/\\\/kanakydesign.com\\\/producto\\\/deep-heat-projector\\\/\",\"url\":\"https:\\\/\\\/kanakydesign.com\\\/producto\\\/deep-heat-projector\\\/\",\"name\":\"Deep heat proyector | KanakyDesign Enclosures\",\"isPartOf\":{\"@id\":\"https:\\\/\\\/kanakydesign.com\\\/#website\"},\"primaryImageOfPage\":{\"@id\":\"https:\\\/\\\/kanakydesign.com\\\/producto\\\/deep-heat-projector\\\/#primaryimage\"},\"image\":{\"@id\":\"https:\\\/\\\/kanakydesign.com\\\/producto\\\/deep-heat-projector\\\/#primaryimage\"},\"thumbnailUrl\":\"https:\\\/\\\/kanakydesign.com\\\/wp-content\\\/uploads\\\/2026\\\/02\\\/Arcadia-deep-heat-projertor.png\",\"datePublished\":\"2026-02-07T23:10:14+00:00\",\"dateModified\":\"2026-03-17T14:20:00+00:00\",\"description\":\"Proyector calor profundo Arcadia Deep Heat Projector 50W\\\/80W: IR-A+IR-B sin luz visible para d\u00eda y noche. \u00dasalo con casquillo cer\u00e1mico y termostato.\",\"breadcrumb\":{\"@id\":\"https:\\\/\\\/kanakydesign.com\\\/producto\\\/deep-heat-projector\\\/#breadcrumb\"},\"inLanguage\":\"fr-FR\",\"potentialAction\":[{\"@type\":\"ReadAction\",\"target\":[\"https:\\\/\\\/kanakydesign.com\\\/producto\\\/deep-heat-projector\\\/\"]}]},{\"@type\":\"ImageObject\",\"inLanguage\":\"fr-FR\",\"@id\":\"https:\\\/\\\/kanakydesign.com\\\/producto\\\/deep-heat-projector\\\/#primaryimage\",\"url\":\"https:\\\/\\\/kanakydesign.com\\\/wp-content\\\/uploads\\\/2026\\\/02\\\/Arcadia-deep-heat-projertor.png\",\"contentUrl\":\"https:\\\/\\\/kanakydesign.com\\\/wp-content\\\/uploads\\\/2026\\\/02\\\/Arcadia-deep-heat-projertor.png\",\"width\":1024,\"height\":1024},{\"@type\":\"BreadcrumbList\",\"@id\":\"https:\\\/\\\/kanakydesign.com\\\/producto\\\/deep-heat-projector\\\/#breadcrumb\",\"itemListElement\":[{\"@type\":\"ListItem\",\"position\":1,\"name\":\"Portada\",\"item\":\"https:\\\/\\\/kanakydesign.com\\\/\"},{\"@type\":\"ListItem\",\"position\":2,\"name\":\"Tienda\",\"item\":\"https:\\\/\\\/kanakydesign.com\\\/tienda\\\/\"},{\"@type\":\"ListItem\",\"position\":3,\"name\":\"Deep heat proyector\"}]},{\"@type\":\"WebSite\",\"@id\":\"https:\\\/\\\/kanakydesign.com\\\/#website\",\"url\":\"https:\\\/\\\/kanakydesign.com\\\/\",\"name\":\"KanakyDesign Enclosures\",\"description\":\"Become a professional keeper\",\"publisher\":{\"@id\":\"https:\\\/\\\/kanakydesign.com\\\/#organization\"},\"alternateName\":\"KanakyDesign\",\"potentialAction\":[{\"@type\":\"SearchAction\",\"target\":{\"@type\":\"EntryPoint\",\"urlTemplate\":\"https:\\\/\\\/kanakydesign.com\\\/?s={search_term_string}\"},\"query-input\":{\"@type\":\"PropertyValueSpecification\",\"valueRequired\":true,\"valueName\":\"search_term_string\"}}],\"inLanguage\":\"fr-FR\"},{\"@type\":\"Organization\",\"@id\":\"https:\\\/\\\/kanakydesign.com\\\/#organization\",\"name\":\"KanakyDesign Enclosures\",\"alternateName\":\"KanakyDesign\",\"url\":\"https:\\\/\\\/kanakydesign.com\\\/\",\"logo\":{\"@type\":\"ImageObject\",\"inLanguage\":\"fr-FR\",\"@id\":\"https:\\\/\\\/kanakydesign.com\\\/#\\\/schema\\\/logo\\\/image\\\/\",\"url\":\"https:\\\/\\\/kanakydesign.com\\\/wp-content\\\/uploads\\\/2023\\\/06\\\/Logo-KanakyDesign-circular-negro-1.png\",\"contentUrl\":\"https:\\\/\\\/kanakydesign.com\\\/wp-content\\\/uploads\\\/2023\\\/06\\\/Logo-KanakyDesign-circular-negro-1.png\",\"width\":2000,\"height\":2000,\"caption\":\"KanakyDesign Enclosures\"},\"image\":{\"@id\":\"https:\\\/\\\/kanakydesign.com\\\/#\\\/schema\\\/logo\\\/image\\\/\"}}]}<\/script>\n<!-- \/ Yoast SEO plugin. -->","yoast_head_json":{"title":"Projecteur de chaleur profonde : KanakyDesign Enclosures","description":"Arcadia Deep Heat Projector 50W\/80W : IR-A+IR-B sans lumi\u00e8re visible pour le jour et la nuit. A utiliser avec un capuchon en c\u00e9ramique et un thermostat.","robots":{"index":"index","follow":"follow","max-snippet":"max-snippet:-1","max-image-preview":"max-image-preview:large","max-video-preview":"max-video-preview:-1"},"canonical":"https:\/\/kanakydesign.com\/fr\/produit\/deep-heat-projector\/","og_locale":"fr_FR","og_type":"article","og_title":"Deep heat proyector | KanakyDesign Enclosures","og_description":"Proyector calor profundo Arcadia Deep Heat Projector 50W\/80W: IR-A+IR-B sin luz visible para d\u00eda y noche. \u00dasalo con casquillo cer\u00e1mico y termostato.","og_url":"https:\/\/kanakydesign.com\/fr\/produit\/deep-heat-projector\/","og_site_name":"KanakyDesign Enclosures","article_modified_time":"2026-03-17T14:20:00+00:00","og_image":[{"width":1024,"height":1024,"url":"https:\/\/kanakydesign.com\/wp-content\/uploads\/2026\/02\/Arcadia-deep-heat-projertor.png","type":"image\/png"}],"twitter_card":"summary_large_image","twitter_misc":{"Dur\u00e9e de lecture estim\u00e9e":"2 minutes"},"schema":{"@context":"https:\/\/schema.org","@graph":[{"@type":"WebPage","@id":"https:\/\/kanakydesign.com\/producto\/deep-heat-projector\/","url":"https:\/\/kanakydesign.com\/producto\/deep-heat-projector\/","name":"Projecteur de chaleur profonde : KanakyDesign Enclosures","isPartOf":{"@id":"https:\/\/kanakydesign.com\/#website"},"primaryImageOfPage":{"@id":"https:\/\/kanakydesign.com\/producto\/deep-heat-projector\/#primaryimage"},"image":{"@id":"https:\/\/kanakydesign.com\/producto\/deep-heat-projector\/#primaryimage"},"thumbnailUrl":"https:\/\/kanakydesign.com\/wp-content\/uploads\/2026\/02\/Arcadia-deep-heat-projertor.png","datePublished":"2026-02-07T23:10:14+00:00","dateModified":"2026-03-17T14:20:00+00:00","description":"Arcadia Deep Heat Projector 50W\/80W : IR-A+IR-B sans lumi\u00e8re visible pour le jour et la nuit. A utiliser avec un capuchon en c\u00e9ramique et un thermostat.","breadcrumb":{"@id":"https:\/\/kanakydesign.com\/producto\/deep-heat-projector\/#breadcrumb"},"inLanguage":"fr-FR","potentialAction":[{"@type":"ReadAction","target":["https:\/\/kanakydesign.com\/producto\/deep-heat-projector\/"]}]},{"@type":"ImageObject","inLanguage":"fr-FR","@id":"https:\/\/kanakydesign.com\/producto\/deep-heat-projector\/#primaryimage","url":"https:\/\/kanakydesign.com\/wp-content\/uploads\/2026\/02\/Arcadia-deep-heat-projertor.png","contentUrl":"https:\/\/kanakydesign.com\/wp-content\/uploads\/2026\/02\/Arcadia-deep-heat-projertor.png","width":1024,"height":1024},{"@type":"BreadcrumbList","@id":"https:\/\/kanakydesign.com\/producto\/deep-heat-projector\/#breadcrumb","itemListElement":[{"@type":"ListItem","position":1,"name":"Portada","item":"https:\/\/kanakydesign.com\/"},{"@type":"ListItem","position":2,"name":"Tienda","item":"https:\/\/kanakydesign.com\/tienda\/"},{"@type":"ListItem","position":3,"name":"Deep heat proyector"}]},{"@type":"WebSite","@id":"https:\/\/kanakydesign.com\/#website","url":"https:\/\/kanakydesign.com\/","name":"KanakyDesign Enclosures","description":"Become a professional keeper","publisher":{"@id":"https:\/\/kanakydesign.com\/#organization"},"alternateName":"KanakyDesign","potentialAction":[{"@type":"SearchAction","target":{"@type":"EntryPoint","urlTemplate":"https:\/\/kanakydesign.com\/?s={search_term_string}"},"query-input":{"@type":"PropertyValueSpecification","valueRequired":true,"valueName":"search_term_string"}}],"inLanguage":"fr-FR"},{"@type":"Organization","@id":"https:\/\/kanakydesign.com\/#organization","name":"KanakyDesign Enclosures","alternateName":"KanakyDesign","url":"https:\/\/kanakydesign.com\/","logo":{"@type":"ImageObject","inLanguage":"fr-FR","@id":"https:\/\/kanakydesign.com\/#\/schema\/logo\/image\/","url":"https:\/\/kanakydesign.com\/wp-content\/uploads\/2023\/06\/Logo-KanakyDesign-circular-negro-1.png","contentUrl":"https:\/\/kanakydesign.com\/wp-content\/uploads\/2023\/06\/Logo-KanakyDesign-circular-negro-1.png","width":2000,"height":2000,"caption":"KanakyDesign Enclosures"},"image":{"@id":"https:\/\/kanakydesign.com\/#\/schema\/logo\/image\/"}}]}},"_links":{"self":[{"href":"https:\/\/kanakydesign.com\/fr\/wp-json\/wp\/v2\/product\/1704","targetHints":{"allow":["GET"]}}],"collection":[{"href":"https:\/\/kanakydesign.com\/fr\/wp-json\/wp\/v2\/product"}],"about":[{"href":"https:\/\/kanakydesign.com\/fr\/wp-json\/wp\/v2\/types\/product"}],"wp:featuredmedia":[{"embeddable":true,"href":"https:\/\/kanakydesign.com\/fr\/wp-json\/wp\/v2\/media\/1708"}],"wp:attachment":[{"href":"https:\/\/kanakydesign.com\/fr\/wp-json\/wp\/v2\/media?parent=1704"}],"wp:term":[{"taxonomy":"product_brand","embeddable":true,"href":"https:\/\/kanakydesign.com\/fr\/wp-json\/wp\/v2\/product_brand?post=1704"},{"taxonomy":"product_cat","embeddable":true,"href":"https:\/\/kanakydesign.com\/fr\/wp-json\/wp\/v2\/product_cat?post=1704"},{"taxonomy":"product_tag","embeddable":true,"href":"https:\/\/kanakydesign.com\/fr\/wp-json\/wp\/v2\/product_tag?post=1704"}],"curies":[{"name":"wp","href":"https:\/\/api.w.org\/{rel}","templated":true}]}}