{"id":1642,"date":"2026-02-07T20:06:51","date_gmt":"2026-02-07T20:06:51","guid":{"rendered":"https:\/\/kanakydesign.com\/?post_type=product&#038;p=1642"},"modified":"2026-03-17T14:20:00","modified_gmt":"2026-03-17T14:20:00","slug":"pantalla-led-jungle-dawn","status":"publish","type":"product","link":"https:\/\/kanakydesign.com\/fr\/produit\/pantalla-led-jungle-dawn\/","title":{"rendered":"Affichage LED Jungle Dawn"},"content":{"rendered":"<p data-start=\"463\" data-end=\"943\">Le <strong data-start=\"466\" data-end=\"527\">LED Arcadia Jungle Dawn 22W \/ 34W pour terrariums<\/strong> est une solution d'\u00e9clairage con\u00e7ue pour ceux qui souhaitent un terrarium plus vivant : des plantes mieux d\u00e9velopp\u00e9es, des mousses plus actives et une finition beaucoup plus naturelle. D\u00e8s le premier paragraphe, l'objectif est clair : si vous cherchez une solution d'\u00e9clairage pour votre terrarium, vous pouvez l'utiliser. <strong data-start=\"771\" data-end=\"807\">Afficheur LED Arcadia Jungle Dawn<\/strong> pour un terrarium plant\u00e9 ou bioactif, ce mod\u00e8le est con\u00e7u pour fonctionner et maintenir une photop\u00e9riode stable avec une consommation efficace.<\/p>\n<hr data-start=\"945\" data-end=\"948\" \/>\n<h2 data-start=\"950\" data-end=\"1013\">\ud83c\udf3f \u00c9clairage id\u00e9al pour les terrariums plant\u00e9s et bioactifs<\/h2>\n<p data-start=\"1014\" data-end=\"1357\">Dans les terrariums tropicaux, les paludariums ou les installations denses, un \u00e9clairage de qualit\u00e9 fait toute la diff\u00e9rence. L'\u00e9clairage <strong data-start=\"1112\" data-end=\"1135\">Arcadia Jungle Dawn<\/strong> aide les plantes \u00e0 maintenir une croissance plus r\u00e9guli\u00e8re (en particulier dans les zones o\u00f9 les autres \u00e9clairages ne suffisent pas) et am\u00e9liore \u00e9galement l'aspect g\u00e9n\u00e9ral du terrarium en fournissant une tonalit\u00e9 lumineuse agr\u00e9able et r\u00e9aliste.<\/p>\n<p data-start=\"1359\" data-end=\"1382\"><strong data-start=\"1359\" data-end=\"1380\">Recommand\u00e9 pour :<\/strong><\/p>\n<ul data-start=\"1383\" data-end=\"1553\">\n<li data-start=\"1383\" data-end=\"1428\">\n<p data-start=\"1385\" data-end=\"1428\">Terrariums tropicaux avec v\u00e9g\u00e9tation dense<\/p>\n<\/li>\n<li data-start=\"1429\" data-end=\"1488\">\n<p data-start=\"1431\" data-end=\"1488\">Terrariums bioactifs avec mousses et plantes de sous-bois<\/p>\n<\/li>\n<li data-start=\"1489\" data-end=\"1553\">\n<p data-start=\"1491\" data-end=\"1553\">Assemblages d\u00e9coratifs o\u00f9 l'on veut mettre en valeur les textures et les couleurs<\/p>\n<\/li>\n<\/ul>\n<p>Le syst\u00e8me LED \u00e0 spectre complet a une couleur globale de 6200 Kelvin, dans la gamme accept\u00e9e de la \u2018lumi\u00e8re naturelle du soleil\u2019 et fonctionnera parfaitement avec les lampes UV d'Arcadia Reptile pour cr\u00e9er une lumi\u00e8re claire et naturelle pour vous et vos animaux.<\/p>\n<p>La lumi\u00e8re dans la partie visible du spectre terrestre contient la \u2018courbe de r\u00e9ponse active de la photosynth\u00e8se\u2019, c'est-\u00e0-dire la courbe spectrale qui provoque l'apparition de l'ozone.\u00a0<strong>la photosynth\u00e8se chez les plantes terrestres<\/strong>\u00a0La barre LED JungleDawn utilise les derni\u00e8res diodes qui projettent toutes les longueurs d'onde visibles, du bleu au rouge, sans utiliser de diodes rouges et bleues s\u00e9par\u00e9es pour limiter le PAR. Ainsi, le JungleDawn LED BAR a un pourcentage \u00e9lev\u00e9 de PUR, un IRC \u00e9lev\u00e9 et ne pr\u00e9sente pas de \u2018 dominante violette \u2019 non naturelle.<\/p>\n<p>L'utilisation des derni\u00e8res diodes \u00e0 spectre complet permet d'\u00e9quilibrer le spectre au sein d'une couleur naturelle globale sans r\u00e9duire la quantit\u00e9 de lumi\u00e8re observ\u00e9e lors de l'utilisation de diodes color\u00e9es distinctes.<\/p>\n<hr data-start=\"2124\" data-end=\"2127\" \/>\n<h2 data-start=\"2129\" data-end=\"2177\">Conseils d'utilisation<\/h2>\n<ul data-start=\"2178\" data-end=\"2526\">\n<li data-start=\"2178\" data-end=\"2272\">\n<p data-start=\"2180\" data-end=\"2272\"><strong data-start=\"2180\" data-end=\"2204\">Photop\u00e9riode stable :<\/strong> Dans les terrariums tropicaux, une dur\u00e9e de 10 \u00e0 12 heures par jour fonctionne g\u00e9n\u00e9ralement tr\u00e8s bien.<\/p>\n<\/li>\n<li data-start=\"2273\" data-end=\"2396\">\n<p data-start=\"2275\" data-end=\"2396\"><strong data-start=\"2275\" data-end=\"2290\">Placement :<\/strong> plus le terrarium est haut ou plus la v\u00e9g\u00e9tation est dense, plus il est judicieux d'opter pour des plantes de qualit\u00e9. <strong data-start=\"2386\" data-end=\"2393\">34W<\/strong>.<\/p>\n<\/li>\n<li data-start=\"2397\" data-end=\"2526\">\n<p data-start=\"2399\" data-end=\"2526\"><strong data-start=\"2399\" data-end=\"2429\">\u00c9quilibre de l'\u00e9cosyst\u00e8me :<\/strong> une bonne lumi\u00e8re est plus perceptible lorsque le terrarium pr\u00e9sente \u00e9galement une humidit\u00e9\/ventilation \u00e9quilibr\u00e9e.<\/p>\n<\/li>\n<\/ul>\n<hr data-start=\"2528\" data-end=\"2531\" \/>\n<h2 data-start=\"2533\" data-end=\"2566\">\ud83d\udccc Sp\u00e9cifications techniques<\/h2>\n<ul data-start=\"2567\" data-end=\"2715\">\n<li data-start=\"2567\" data-end=\"2589\">\n<p data-start=\"2569\" data-end=\"2589\"><strong data-start=\"2569\" data-end=\"2579\">Marque :<\/strong> Arcadie<\/p>\n<\/li>\n<li data-start=\"2590\" data-end=\"2617\">\n<p data-start=\"2592\" data-end=\"2617\"><strong data-start=\"2592\" data-end=\"2603\">Mod\u00e8le :<\/strong> Aube de la jungle<\/p>\n<\/li>\n<li data-start=\"2618\" data-end=\"2666\">\n<p data-start=\"2620\" data-end=\"2666\"><strong data-start=\"2620\" data-end=\"2629\">Type :<\/strong> Ecran lumineux LED pour terrariums<\/p>\n<\/li>\n<li data-start=\"2667\" data-end=\"2715\">\n<h3 data-start=\"1223\" data-end=\"1266\">Pouvoirs disponibles<\/h3>\n<ul data-start=\"1267\" data-end=\"1536\">\n<li data-start=\"1267\" data-end=\"1395\">\n<p data-start=\"1269\" data-end=\"1395\"><strong data-start=\"1269\" data-end=\"1293\">22W (47 cm)<\/strong>Id\u00e9al pour les terrariums de taille moyenne ou les zones de plantation sp\u00e9cifiques.<\/p>\n<\/li>\n<li data-start=\"1396\" data-end=\"1536\">\n<p data-start=\"1398\" data-end=\"1536\"><strong data-start=\"1398\" data-end=\"1422\">34W (57 cm)<\/strong>Pour les terrariums plus longs ou lorsque vous souhaitez augmenter l'intensit\u00e9 et la couverture.<\/p>\n<\/li>\n<\/ul>\n<\/li>\n<\/ul>","protected":false},"excerpt":{"rendered":"<p>Illuminez votre terrarium avec le <strong data-start=\"145\" data-end=\"181\">Afficheur LED Arcadia Jungle Dawn<\/strong> \u00e0 <strong data-start=\"185\" data-end=\"198\">22W ou 34W<\/strong>Lumi\u00e8re haute performance pour renforcer la croissance des plantes et am\u00e9liorer les couleurs naturelles. Id\u00e9al pour les terrariums bioactifs et tropicaux.<\/p>","protected":false},"featured_media":1650,"template":"","meta":[],"product_brand":[],"product_cat":[23,25],"product_tag":[193,200,197,194,203,198,196,199,204,195,202,201],"class_list":{"0":"post-1642","1":"product","2":"type-product","3":"status-publish","4":"has-post-thumbnail","6":"product_cat-accesorios","7":"product_cat-iluminacion","8":"product_tag-arcadia","9":"product_tag-iluminacion-para-plantas-de-terrario","10":"product_tag-iluminacion-terrario","11":"product_tag-jungle-dawn","12":"product_tag-lampara-led-terrario","13":"product_tag-led-para-terrarios","14":"product_tag-luz-led-terrario","15":"product_tag-luz-para-terrario-bioactivo","16":"product_tag-pantalla-arcadia","17":"product_tag-pantalla-led-terrario","18":"product_tag-terrario-plantado","19":"product_tag-terrario-tropical","21":"first","22":"instock","23":"taxable","24":"shipping-taxable","25":"purchasable","26":"product-type-variable"},"yoast_head":"<!-- This site is optimized with the Yoast SEO plugin v27.4 - https:\/\/yoast.com\/product\/yoast-seo-wordpress\/ -->\n<title>Pantalla LED Jungle Dawn | KanakyDesign Enclosures<\/title>\n<meta name=\"description\" content=\"Pantalla LED Arcadia Jungle Dawn 22W o 34W para terrarios: iluminaci\u00f3n potente para plantas, bioactivos y tropicales. Compra en kanakydesign.com\" \/>\n<meta name=\"robots\" content=\"index, follow, max-snippet:-1, max-image-preview:large, max-video-preview:-1\" \/>\n<link rel=\"canonical\" href=\"https:\/\/kanakydesign.com\/fr\/produit\/pantalla-led-jungle-dawn\/\" \/>\n<meta property=\"og:locale\" content=\"fr_FR\" \/>\n<meta property=\"og:type\" content=\"article\" \/>\n<meta property=\"og:title\" content=\"Pantalla LED Jungle Dawn | KanakyDesign Enclosures\" \/>\n<meta property=\"og:description\" content=\"Pantalla LED Arcadia Jungle Dawn 22W o 34W para terrarios: iluminaci\u00f3n potente para plantas, bioactivos y tropicales. Compra en kanakydesign.com\" \/>\n<meta property=\"og:url\" content=\"https:\/\/kanakydesign.com\/fr\/produit\/pantalla-led-jungle-dawn\/\" \/>\n<meta property=\"og:site_name\" content=\"KanakyDesign Enclosures\" \/>\n<meta property=\"article:modified_time\" content=\"2026-03-17T14:20:00+00:00\" \/>\n<meta property=\"og:image\" content=\"https:\/\/kanakydesign.com\/wp-content\/uploads\/2026\/02\/jungle-dawn-2.png\" \/>\n\t<meta property=\"og:image:width\" content=\"1281\" \/>\n\t<meta property=\"og:image:height\" content=\"1281\" \/>\n\t<meta property=\"og:image:type\" content=\"image\/png\" \/>\n<meta name=\"twitter:card\" content=\"summary_large_image\" \/>\n<meta name=\"twitter:label1\" content=\"Dur\u00e9e de lecture estim\u00e9e\" \/>\n\t<meta name=\"twitter:data1\" content=\"3 minutes\" \/>\n<script type=\"application\/ld+json\" class=\"yoast-schema-graph\">{\"@context\":\"https:\\\/\\\/schema.org\",\"@graph\":[{\"@type\":\"WebPage\",\"@id\":\"https:\\\/\\\/kanakydesign.com\\\/producto\\\/pantalla-led-jungle-dawn\\\/\",\"url\":\"https:\\\/\\\/kanakydesign.com\\\/producto\\\/pantalla-led-jungle-dawn\\\/\",\"name\":\"Pantalla LED Jungle Dawn | KanakyDesign Enclosures\",\"isPartOf\":{\"@id\":\"https:\\\/\\\/kanakydesign.com\\\/#website\"},\"primaryImageOfPage\":{\"@id\":\"https:\\\/\\\/kanakydesign.com\\\/producto\\\/pantalla-led-jungle-dawn\\\/#primaryimage\"},\"image\":{\"@id\":\"https:\\\/\\\/kanakydesign.com\\\/producto\\\/pantalla-led-jungle-dawn\\\/#primaryimage\"},\"thumbnailUrl\":\"https:\\\/\\\/kanakydesign.com\\\/wp-content\\\/uploads\\\/2026\\\/02\\\/jungle-dawn-2.png\",\"datePublished\":\"2026-02-07T20:06:51+00:00\",\"dateModified\":\"2026-03-17T14:20:00+00:00\",\"description\":\"Pantalla LED Arcadia Jungle Dawn 22W o 34W para terrarios: iluminaci\u00f3n potente para plantas, bioactivos y tropicales. Compra en kanakydesign.com\",\"breadcrumb\":{\"@id\":\"https:\\\/\\\/kanakydesign.com\\\/producto\\\/pantalla-led-jungle-dawn\\\/#breadcrumb\"},\"inLanguage\":\"fr-FR\",\"potentialAction\":[{\"@type\":\"ReadAction\",\"target\":[\"https:\\\/\\\/kanakydesign.com\\\/producto\\\/pantalla-led-jungle-dawn\\\/\"]}]},{\"@type\":\"ImageObject\",\"inLanguage\":\"fr-FR\",\"@id\":\"https:\\\/\\\/kanakydesign.com\\\/producto\\\/pantalla-led-jungle-dawn\\\/#primaryimage\",\"url\":\"https:\\\/\\\/kanakydesign.com\\\/wp-content\\\/uploads\\\/2026\\\/02\\\/jungle-dawn-2.png\",\"contentUrl\":\"https:\\\/\\\/kanakydesign.com\\\/wp-content\\\/uploads\\\/2026\\\/02\\\/jungle-dawn-2.png\",\"width\":1281,\"height\":1281},{\"@type\":\"BreadcrumbList\",\"@id\":\"https:\\\/\\\/kanakydesign.com\\\/producto\\\/pantalla-led-jungle-dawn\\\/#breadcrumb\",\"itemListElement\":[{\"@type\":\"ListItem\",\"position\":1,\"name\":\"Portada\",\"item\":\"https:\\\/\\\/kanakydesign.com\\\/\"},{\"@type\":\"ListItem\",\"position\":2,\"name\":\"Tienda\",\"item\":\"https:\\\/\\\/kanakydesign.com\\\/tienda\\\/\"},{\"@type\":\"ListItem\",\"position\":3,\"name\":\"Pantalla LED Jungle Dawn\"}]},{\"@type\":\"WebSite\",\"@id\":\"https:\\\/\\\/kanakydesign.com\\\/#website\",\"url\":\"https:\\\/\\\/kanakydesign.com\\\/\",\"name\":\"KanakyDesign Enclosures\",\"description\":\"Become a professional keeper\",\"publisher\":{\"@id\":\"https:\\\/\\\/kanakydesign.com\\\/#organization\"},\"alternateName\":\"KanakyDesign\",\"potentialAction\":[{\"@type\":\"SearchAction\",\"target\":{\"@type\":\"EntryPoint\",\"urlTemplate\":\"https:\\\/\\\/kanakydesign.com\\\/?s={search_term_string}\"},\"query-input\":{\"@type\":\"PropertyValueSpecification\",\"valueRequired\":true,\"valueName\":\"search_term_string\"}}],\"inLanguage\":\"fr-FR\"},{\"@type\":\"Organization\",\"@id\":\"https:\\\/\\\/kanakydesign.com\\\/#organization\",\"name\":\"KanakyDesign Enclosures\",\"alternateName\":\"KanakyDesign\",\"url\":\"https:\\\/\\\/kanakydesign.com\\\/\",\"logo\":{\"@type\":\"ImageObject\",\"inLanguage\":\"fr-FR\",\"@id\":\"https:\\\/\\\/kanakydesign.com\\\/#\\\/schema\\\/logo\\\/image\\\/\",\"url\":\"https:\\\/\\\/kanakydesign.com\\\/wp-content\\\/uploads\\\/2023\\\/06\\\/Logo-KanakyDesign-circular-negro-1.png\",\"contentUrl\":\"https:\\\/\\\/kanakydesign.com\\\/wp-content\\\/uploads\\\/2023\\\/06\\\/Logo-KanakyDesign-circular-negro-1.png\",\"width\":2000,\"height\":2000,\"caption\":\"KanakyDesign Enclosures\"},\"image\":{\"@id\":\"https:\\\/\\\/kanakydesign.com\\\/#\\\/schema\\\/logo\\\/image\\\/\"}}]}<\/script>\n<!-- \/ Yoast SEO plugin. -->","yoast_head_json":{"title":"Jungle Dawn LED Display | KanakyDesign Enclosures","description":"Arcadia Jungle Dawn \u00e9cran LED 22W ou 34W pour terrariums : \u00e9clairage puissant pour plantes, plantes bioactives et tropicales. Acheter chez kanakydesign.com","robots":{"index":"index","follow":"follow","max-snippet":"max-snippet:-1","max-image-preview":"max-image-preview:large","max-video-preview":"max-video-preview:-1"},"canonical":"https:\/\/kanakydesign.com\/fr\/produit\/pantalla-led-jungle-dawn\/","og_locale":"fr_FR","og_type":"article","og_title":"Pantalla LED Jungle Dawn | KanakyDesign Enclosures","og_description":"Pantalla LED Arcadia Jungle Dawn 22W o 34W para terrarios: iluminaci\u00f3n potente para plantas, bioactivos y tropicales. Compra en kanakydesign.com","og_url":"https:\/\/kanakydesign.com\/fr\/produit\/pantalla-led-jungle-dawn\/","og_site_name":"KanakyDesign Enclosures","article_modified_time":"2026-03-17T14:20:00+00:00","og_image":[{"width":1281,"height":1281,"url":"https:\/\/kanakydesign.com\/wp-content\/uploads\/2026\/02\/jungle-dawn-2.png","type":"image\/png"}],"twitter_card":"summary_large_image","twitter_misc":{"Dur\u00e9e de lecture estim\u00e9e":"3 minutes"},"schema":{"@context":"https:\/\/schema.org","@graph":[{"@type":"WebPage","@id":"https:\/\/kanakydesign.com\/producto\/pantalla-led-jungle-dawn\/","url":"https:\/\/kanakydesign.com\/producto\/pantalla-led-jungle-dawn\/","name":"Jungle Dawn LED Display | KanakyDesign Enclosures","isPartOf":{"@id":"https:\/\/kanakydesign.com\/#website"},"primaryImageOfPage":{"@id":"https:\/\/kanakydesign.com\/producto\/pantalla-led-jungle-dawn\/#primaryimage"},"image":{"@id":"https:\/\/kanakydesign.com\/producto\/pantalla-led-jungle-dawn\/#primaryimage"},"thumbnailUrl":"https:\/\/kanakydesign.com\/wp-content\/uploads\/2026\/02\/jungle-dawn-2.png","datePublished":"2026-02-07T20:06:51+00:00","dateModified":"2026-03-17T14:20:00+00:00","description":"Arcadia Jungle Dawn \u00e9cran LED 22W ou 34W pour terrariums : \u00e9clairage puissant pour plantes, plantes bioactives et tropicales. Acheter chez kanakydesign.com","breadcrumb":{"@id":"https:\/\/kanakydesign.com\/producto\/pantalla-led-jungle-dawn\/#breadcrumb"},"inLanguage":"fr-FR","potentialAction":[{"@type":"ReadAction","target":["https:\/\/kanakydesign.com\/producto\/pantalla-led-jungle-dawn\/"]}]},{"@type":"ImageObject","inLanguage":"fr-FR","@id":"https:\/\/kanakydesign.com\/producto\/pantalla-led-jungle-dawn\/#primaryimage","url":"https:\/\/kanakydesign.com\/wp-content\/uploads\/2026\/02\/jungle-dawn-2.png","contentUrl":"https:\/\/kanakydesign.com\/wp-content\/uploads\/2026\/02\/jungle-dawn-2.png","width":1281,"height":1281},{"@type":"BreadcrumbList","@id":"https:\/\/kanakydesign.com\/producto\/pantalla-led-jungle-dawn\/#breadcrumb","itemListElement":[{"@type":"ListItem","position":1,"name":"Portada","item":"https:\/\/kanakydesign.com\/"},{"@type":"ListItem","position":2,"name":"Tienda","item":"https:\/\/kanakydesign.com\/tienda\/"},{"@type":"ListItem","position":3,"name":"Pantalla LED Jungle Dawn"}]},{"@type":"WebSite","@id":"https:\/\/kanakydesign.com\/#website","url":"https:\/\/kanakydesign.com\/","name":"KanakyDesign Enclosures","description":"Become a professional keeper","publisher":{"@id":"https:\/\/kanakydesign.com\/#organization"},"alternateName":"KanakyDesign","potentialAction":[{"@type":"SearchAction","target":{"@type":"EntryPoint","urlTemplate":"https:\/\/kanakydesign.com\/?s={search_term_string}"},"query-input":{"@type":"PropertyValueSpecification","valueRequired":true,"valueName":"search_term_string"}}],"inLanguage":"fr-FR"},{"@type":"Organization","@id":"https:\/\/kanakydesign.com\/#organization","name":"KanakyDesign Enclosures","alternateName":"KanakyDesign","url":"https:\/\/kanakydesign.com\/","logo":{"@type":"ImageObject","inLanguage":"fr-FR","@id":"https:\/\/kanakydesign.com\/#\/schema\/logo\/image\/","url":"https:\/\/kanakydesign.com\/wp-content\/uploads\/2023\/06\/Logo-KanakyDesign-circular-negro-1.png","contentUrl":"https:\/\/kanakydesign.com\/wp-content\/uploads\/2023\/06\/Logo-KanakyDesign-circular-negro-1.png","width":2000,"height":2000,"caption":"KanakyDesign Enclosures"},"image":{"@id":"https:\/\/kanakydesign.com\/#\/schema\/logo\/image\/"}}]}},"_links":{"self":[{"href":"https:\/\/kanakydesign.com\/fr\/wp-json\/wp\/v2\/product\/1642","targetHints":{"allow":["GET"]}}],"collection":[{"href":"https:\/\/kanakydesign.com\/fr\/wp-json\/wp\/v2\/product"}],"about":[{"href":"https:\/\/kanakydesign.com\/fr\/wp-json\/wp\/v2\/types\/product"}],"wp:featuredmedia":[{"embeddable":true,"href":"https:\/\/kanakydesign.com\/fr\/wp-json\/wp\/v2\/media\/1650"}],"wp:attachment":[{"href":"https:\/\/kanakydesign.com\/fr\/wp-json\/wp\/v2\/media?parent=1642"}],"wp:term":[{"taxonomy":"product_brand","embeddable":true,"href":"https:\/\/kanakydesign.com\/fr\/wp-json\/wp\/v2\/product_brand?post=1642"},{"taxonomy":"product_cat","embeddable":true,"href":"https:\/\/kanakydesign.com\/fr\/wp-json\/wp\/v2\/product_cat?post=1642"},{"taxonomy":"product_tag","embeddable":true,"href":"https:\/\/kanakydesign.com\/fr\/wp-json\/wp\/v2\/product_tag?post=1642"}],"curies":[{"name":"wp","href":"https:\/\/api.w.org\/{rel}","templated":true}]}}