{"id":1321,"date":"2023-11-15T09:25:28","date_gmt":"2023-11-15T09:25:28","guid":{"rendered":"https:\/\/kanakydesign.com\/?post_type=product&#038;p=1321"},"modified":"2026-02-08T00:56:55","modified_gmt":"2026-02-08T00:56:55","slug":"percha-pvc-pack-x2","status":"publish","type":"product","link":"https:\/\/kanakydesign.com\/fr\/produit\/percha-pvc-pack-x2\/","title":{"rendered":"Paquet de crochets en PVC x2"},"content":{"rendered":"<p data-start=\"185\" data-end=\"845\">Les <strong data-start=\"188\" data-end=\"247\">Suspension pour terrarium en PVC avec supports en PVC Kanaky Design<\/strong> est l'option la plus compl\u00e8te si vous souhaitez un posadero <strong data-start=\"297\" data-end=\"338\">stable, durable et facile \u00e0 entretenir<\/strong> pour les terrariums arboricoles. Ce pack comprend 2<strong data-start=\"385\" data-end=\"412\">\u00a0Tube de suspension en PVC<\/strong> y 2<strong data-start=\"415\" data-end=\"446\">\u00a0paire de supports en PVC<\/strong> con\u00e7u par nos soins sp\u00e9cifiquement pour <strong data-start=\"491\" data-end=\"522\">\u00e9viter la rotation du tube<\/strong> lorsque l'animal se d\u00e9place. Chez les esp\u00e8ces telles que <strong data-start=\"567\" data-end=\"586\">Morelia viridis<\/strong> o <strong data-start=\"589\" data-end=\"609\">Corallus caninus<\/strong>, La stabilit\u00e9 du perchoir est essentielle : un perchoir rotatif peut entra\u00eener un sentiment d'ins\u00e9curit\u00e9, des postures inconfortables et une mauvaise utilisation de l'espace vertical. Avec ce pack, le perchoir est stable et l'installation semble professionnelle d\u00e8s le premier jour.<\/p>\n<h2 data-start=\"847\" data-end=\"873\">Que comprend le pack ?<\/h2>\n<ul data-start=\"874\" data-end=\"1083\">\n<li data-start=\"874\" data-end=\"929\">\n<p data-start=\"876\" data-end=\"929\"><strong data-start=\"876\" data-end=\"902\">2 Tuyau en PVC (suspension)<\/strong> pour terrarium arboricole<\/p>\n<\/li>\n<li data-start=\"930\" data-end=\"990\">\n<p data-start=\"932\" data-end=\"990\"><strong data-start=\"932\" data-end=\"988\">2 paires de supports PVC anti-rotation Kanaky Design<\/strong><\/p>\n<\/li>\n<li data-start=\"991\" data-end=\"1083\">\n<p data-start=\"993\" data-end=\"1083\"><strong data-start=\"993\" data-end=\"1028\">Vis de fixation incluses<\/strong> (pour le montage des supports \u00e0 l'int\u00e9rieur du terrarium)<\/p>\n<\/li>\n<\/ul>\n<p data-start=\"1085\" data-end=\"1194\">Vous n'avez donc pas \u00e0 rechercher la compatibilit\u00e9 s\u00e9par\u00e9ment : l'\u00e9trier et le support sont con\u00e7us pour fonctionner ensemble.<\/p>\n<h2 data-start=\"1196\" data-end=\"1249\">\ud83d\udd12 V\u00e9ritable anti-rotation : U + demi-U (conception Kanaky)<\/h2>\n<p data-start=\"1250\" data-end=\"1328\">La paire de parenth\u00e8ses n'est pas \u201cdeux en un\u201d. Chacune a sa propre fonction :<\/p>\n<ul data-start=\"1330\" data-end=\"1513\">\n<li data-start=\"1330\" data-end=\"1396\">\n<p data-start=\"1332\" data-end=\"1396\"><strong data-start=\"1332\" data-end=\"1348\">Support en U<\/strong>Le tube est maintenu dans une forme solide et enveloppante.<\/p>\n<\/li>\n<li data-start=\"1397\" data-end=\"1513\">\n<p data-start=\"1399\" data-end=\"1513\"><strong data-start=\"1399\" data-end=\"1421\">Demi-bracelet en U<\/strong>en collaboration avec le <strong data-start=\"1436\" data-end=\"1461\">coupe des extr\u00e9mit\u00e9s<\/strong> du tuyau en PVC, il cr\u00e9e un support qui bloque la rotation.<\/p>\n<\/li>\n<\/ul>\n<p data-start=\"1515\" data-end=\"1767\">Le r\u00e9sultat est un <strong data-start=\"1535\" data-end=\"1557\">cintre qui ne tourne pas<\/strong> m\u00eame lorsque l'animal bouge, s'enroule ou change de posture. Cela am\u00e9liore la s\u00e9curit\u00e9 et le comportement naturel, en particulier chez les serpents arboricoles qui se reposent en altitude pendant de nombreuses heures.<\/p>\n<h2 data-start=\"1769\" data-end=\"1845\">\ud83e\uddfc Suspension en PVC : hygi\u00e9nique, durable et parfaite pour les terrariums humides<\/h2>\n<p data-start=\"1846\" data-end=\"2153\">Le PVC est un excellent choix dans les environnements tropicaux ou bioactifs o\u00f9 les pulv\u00e9risations sont fr\u00e9quentes : il ne se d\u00e9grade pas comme certains mat\u00e9riaux organiques, il est facile \u00e0 nettoyer et conserve sa forme au fil du temps. Il est id\u00e9al pour les terrariums de maintenance, les \u00e9levages ou les installations o\u00f9 l'on privil\u00e9gie la fonctionnalit\u00e9 et la stabilit\u00e9.<\/p>\n<h2 data-start=\"2155\" data-end=\"2182\">\ud83d\udee0\ufe0f Id\u00e9es d'installation<\/h2>\n<ul data-start=\"2183\" data-end=\"2427\">\n<li data-start=\"2183\" data-end=\"2259\">\n<p data-start=\"2185\" data-end=\"2259\">Placez le perchoir dans le tiers sup\u00e9rieur comme point de repos principal.<\/p>\n<\/li>\n<li data-start=\"2260\" data-end=\"2348\">\n<p data-start=\"2262\" data-end=\"2348\">Ajoutez un autre \u00e9trier \u00e0 une hauteur diff\u00e9rente pour cr\u00e9er des itin\u00e9raires et des options de thermor\u00e9gulation.<\/p>\n<\/li>\n<li data-start=\"2349\" data-end=\"2427\">\n<p data-start=\"2351\" data-end=\"2427\">Fixez fermement les supports \u00e0 l'aide des vis fournies pour un montage solide.<\/p>\n<\/li>\n<\/ul>\n<p data-start=\"2429\" data-end=\"2523\">\ud83d\udc49 D\u00e9couvrez d'autres accessoires pour terrariums arboricoles sur <strong data-start=\"2487\" data-end=\"2522\"><a class=\"decorated-link\" href=\"https:\/\/kanakydesign.com\/fr\/categoria\/accesorios\/complementos\/\" target=\"_new\" rel=\"noopener\" data-start=\"2489\" data-end=\"2520\">https:\/\/www.kanakydesign.com\/<\/a><\/strong>.<\/p>","protected":false},"excerpt":{"rendered":"<p>Tuyau en PVC sp\u00e9cialement con\u00e7u pour les esp\u00e8ces de serpents arboricoles telles que <em>Corallus caninus<\/em> o <em>Morelia viridis<\/em>. Comprend 2 suspensions avec leurs supports pour la fixation \u00e0 la paroi du terrarium.<\/p>","protected":false},"featured_media":1327,"template":"","meta":[],"product_brand":[],"product_cat":[23,28],"product_tag":[509,502,537,493,541,492,519,491,532,531,539,528,540,538],"class_list":{"0":"post-1321","1":"product","2":"type-product","3":"status-publish","4":"has-post-thumbnail","6":"product_cat-accesorios","7":"product_cat-complementos","8":"product_tag-accesorios-terrario-arboricola","9":"product_tag-kanaky-design","10":"product_tag-pack-percha-pvc-terrario","11":"product_tag-percha-corallus-caninus","12":"product_tag-percha-estable-terrario","13":"product_tag-percha-morelia-viridis","14":"product_tag-percha-pvc-terrario","15":"product_tag-posadero-serpientes-arboricolas","16":"product_tag-soporte-media-u-percha-pvc","17":"product_tag-soporte-u-percha-pvc","18":"product_tag-soportes-anti-rotacion-terrario","19":"product_tag-soportes-pvc-percha-pvc","20":"product_tag-tornillos-fijacion-percha","21":"product_tag-tubo-pvc-percha","23":"first","24":"instock","25":"taxable","26":"shipping-taxable","27":"purchasable","28":"product-type-variable"},"yoast_head":"<!-- This site is optimized with the Yoast SEO plugin v27.4 - https:\/\/yoast.com\/product\/yoast-seo-wordpress\/ -->\n<title>Percha PVC Pack x2 | KanakyDesign Enclosures<\/title>\n<meta name=\"description\" content=\"Pack percha PVC terrario: incluye 2 tubo de PVC y 2 soportes Kanaky Design anti-rotaci\u00f3n (U + media U) con tornillos. Posadero estable y f\u00e1cil de limpiar.\" \/>\n<meta name=\"robots\" content=\"index, follow, max-snippet:-1, max-image-preview:large, max-video-preview:-1\" \/>\n<link rel=\"canonical\" href=\"https:\/\/kanakydesign.com\/fr\/produit\/percha-pvc-pack-x2\/\" \/>\n<meta property=\"og:locale\" content=\"fr_FR\" \/>\n<meta property=\"og:type\" content=\"article\" \/>\n<meta property=\"og:title\" content=\"Percha PVC Pack x2 | KanakyDesign Enclosures\" \/>\n<meta property=\"og:description\" content=\"Pack percha PVC terrario: incluye 2 tubo de PVC y 2 soportes Kanaky Design anti-rotaci\u00f3n (U + media U) con tornillos. Posadero estable y f\u00e1cil de limpiar.\" \/>\n<meta property=\"og:url\" content=\"https:\/\/kanakydesign.com\/fr\/produit\/percha-pvc-pack-x2\/\" \/>\n<meta property=\"og:site_name\" content=\"KanakyDesign Enclosures\" \/>\n<meta property=\"article:modified_time\" content=\"2026-02-08T00:56:55+00:00\" \/>\n<meta property=\"og:image\" content=\"https:\/\/kanakydesign.com\/wp-content\/uploads\/2023\/11\/Pack-percha-PVC-x2.jpg\" \/>\n\t<meta property=\"og:image:width\" content=\"2560\" \/>\n\t<meta property=\"og:image:height\" content=\"2560\" \/>\n\t<meta property=\"og:image:type\" content=\"image\/jpeg\" \/>\n<meta name=\"twitter:card\" content=\"summary_large_image\" \/>\n<meta name=\"twitter:label1\" content=\"Dur\u00e9e de lecture estim\u00e9e\" \/>\n\t<meta name=\"twitter:data1\" content=\"2 minutes\" \/>\n<script type=\"application\/ld+json\" class=\"yoast-schema-graph\">{\"@context\":\"https:\\\/\\\/schema.org\",\"@graph\":[{\"@type\":\"WebPage\",\"@id\":\"https:\\\/\\\/kanakydesign.com\\\/producto\\\/percha-pvc-pack-x2\\\/\",\"url\":\"https:\\\/\\\/kanakydesign.com\\\/producto\\\/percha-pvc-pack-x2\\\/\",\"name\":\"Percha PVC Pack x2 | KanakyDesign Enclosures\",\"isPartOf\":{\"@id\":\"https:\\\/\\\/kanakydesign.com\\\/#website\"},\"primaryImageOfPage\":{\"@id\":\"https:\\\/\\\/kanakydesign.com\\\/producto\\\/percha-pvc-pack-x2\\\/#primaryimage\"},\"image\":{\"@id\":\"https:\\\/\\\/kanakydesign.com\\\/producto\\\/percha-pvc-pack-x2\\\/#primaryimage\"},\"thumbnailUrl\":\"https:\\\/\\\/kanakydesign.com\\\/wp-content\\\/uploads\\\/2023\\\/11\\\/Pack-percha-PVC-x2.jpg\",\"datePublished\":\"2023-11-15T09:25:28+00:00\",\"dateModified\":\"2026-02-08T00:56:55+00:00\",\"description\":\"Pack percha PVC terrario: incluye 2 tubo de PVC y 2 soportes Kanaky Design anti-rotaci\u00f3n (U + media U) con tornillos. Posadero estable y f\u00e1cil de limpiar.\",\"breadcrumb\":{\"@id\":\"https:\\\/\\\/kanakydesign.com\\\/producto\\\/percha-pvc-pack-x2\\\/#breadcrumb\"},\"inLanguage\":\"fr-FR\",\"potentialAction\":[{\"@type\":\"ReadAction\",\"target\":[\"https:\\\/\\\/kanakydesign.com\\\/producto\\\/percha-pvc-pack-x2\\\/\"]}]},{\"@type\":\"ImageObject\",\"inLanguage\":\"fr-FR\",\"@id\":\"https:\\\/\\\/kanakydesign.com\\\/producto\\\/percha-pvc-pack-x2\\\/#primaryimage\",\"url\":\"https:\\\/\\\/kanakydesign.com\\\/wp-content\\\/uploads\\\/2023\\\/11\\\/Pack-percha-PVC-x2.jpg\",\"contentUrl\":\"https:\\\/\\\/kanakydesign.com\\\/wp-content\\\/uploads\\\/2023\\\/11\\\/Pack-percha-PVC-x2.jpg\",\"width\":2560,\"height\":2560},{\"@type\":\"BreadcrumbList\",\"@id\":\"https:\\\/\\\/kanakydesign.com\\\/producto\\\/percha-pvc-pack-x2\\\/#breadcrumb\",\"itemListElement\":[{\"@type\":\"ListItem\",\"position\":1,\"name\":\"Portada\",\"item\":\"https:\\\/\\\/kanakydesign.com\\\/\"},{\"@type\":\"ListItem\",\"position\":2,\"name\":\"Tienda\",\"item\":\"https:\\\/\\\/kanakydesign.com\\\/tienda\\\/\"},{\"@type\":\"ListItem\",\"position\":3,\"name\":\"Percha PVC Pack x2\"}]},{\"@type\":\"WebSite\",\"@id\":\"https:\\\/\\\/kanakydesign.com\\\/#website\",\"url\":\"https:\\\/\\\/kanakydesign.com\\\/\",\"name\":\"KanakyDesign Enclosures\",\"description\":\"Become a professional keeper\",\"publisher\":{\"@id\":\"https:\\\/\\\/kanakydesign.com\\\/#organization\"},\"alternateName\":\"KanakyDesign\",\"potentialAction\":[{\"@type\":\"SearchAction\",\"target\":{\"@type\":\"EntryPoint\",\"urlTemplate\":\"https:\\\/\\\/kanakydesign.com\\\/?s={search_term_string}\"},\"query-input\":{\"@type\":\"PropertyValueSpecification\",\"valueRequired\":true,\"valueName\":\"search_term_string\"}}],\"inLanguage\":\"fr-FR\"},{\"@type\":\"Organization\",\"@id\":\"https:\\\/\\\/kanakydesign.com\\\/#organization\",\"name\":\"KanakyDesign Enclosures\",\"alternateName\":\"KanakyDesign\",\"url\":\"https:\\\/\\\/kanakydesign.com\\\/\",\"logo\":{\"@type\":\"ImageObject\",\"inLanguage\":\"fr-FR\",\"@id\":\"https:\\\/\\\/kanakydesign.com\\\/#\\\/schema\\\/logo\\\/image\\\/\",\"url\":\"https:\\\/\\\/kanakydesign.com\\\/wp-content\\\/uploads\\\/2023\\\/06\\\/Logo-KanakyDesign-circular-negro-1.png\",\"contentUrl\":\"https:\\\/\\\/kanakydesign.com\\\/wp-content\\\/uploads\\\/2023\\\/06\\\/Logo-KanakyDesign-circular-negro-1.png\",\"width\":2000,\"height\":2000,\"caption\":\"KanakyDesign Enclosures\"},\"image\":{\"@id\":\"https:\\\/\\\/kanakydesign.com\\\/#\\\/schema\\\/logo\\\/image\\\/\"}}]}<\/script>\n<!-- \/ Yoast SEO plugin. -->","yoast_head_json":{"title":"PVC Hanger Pack x2 | KanakyDesign Enclosures","description":"Pack perchoir pour terrarium en PVC : comprend 2 tubes en PVC et 2 supports anti-rotation Kanaky Design (U + demi U) avec vis. Perchoir stable et facile \u00e0 nettoyer.","robots":{"index":"index","follow":"follow","max-snippet":"max-snippet:-1","max-image-preview":"max-image-preview:large","max-video-preview":"max-video-preview:-1"},"canonical":"https:\/\/kanakydesign.com\/fr\/produit\/percha-pvc-pack-x2\/","og_locale":"fr_FR","og_type":"article","og_title":"Percha PVC Pack x2 | KanakyDesign Enclosures","og_description":"Pack percha PVC terrario: incluye 2 tubo de PVC y 2 soportes Kanaky Design anti-rotaci\u00f3n (U + media U) con tornillos. Posadero estable y f\u00e1cil de limpiar.","og_url":"https:\/\/kanakydesign.com\/fr\/produit\/percha-pvc-pack-x2\/","og_site_name":"KanakyDesign Enclosures","article_modified_time":"2026-02-08T00:56:55+00:00","og_image":[{"width":2560,"height":2560,"url":"https:\/\/kanakydesign.com\/wp-content\/uploads\/2023\/11\/Pack-percha-PVC-x2.jpg","type":"image\/jpeg"}],"twitter_card":"summary_large_image","twitter_misc":{"Dur\u00e9e de lecture estim\u00e9e":"2 minutes"},"schema":{"@context":"https:\/\/schema.org","@graph":[{"@type":"WebPage","@id":"https:\/\/kanakydesign.com\/producto\/percha-pvc-pack-x2\/","url":"https:\/\/kanakydesign.com\/producto\/percha-pvc-pack-x2\/","name":"PVC Hanger Pack x2 | KanakyDesign Enclosures","isPartOf":{"@id":"https:\/\/kanakydesign.com\/#website"},"primaryImageOfPage":{"@id":"https:\/\/kanakydesign.com\/producto\/percha-pvc-pack-x2\/#primaryimage"},"image":{"@id":"https:\/\/kanakydesign.com\/producto\/percha-pvc-pack-x2\/#primaryimage"},"thumbnailUrl":"https:\/\/kanakydesign.com\/wp-content\/uploads\/2023\/11\/Pack-percha-PVC-x2.jpg","datePublished":"2023-11-15T09:25:28+00:00","dateModified":"2026-02-08T00:56:55+00:00","description":"Pack perchoir pour terrarium en PVC : comprend 2 tubes en PVC et 2 supports anti-rotation Kanaky Design (U + demi U) avec vis. Perchoir stable et facile \u00e0 nettoyer.","breadcrumb":{"@id":"https:\/\/kanakydesign.com\/producto\/percha-pvc-pack-x2\/#breadcrumb"},"inLanguage":"fr-FR","potentialAction":[{"@type":"ReadAction","target":["https:\/\/kanakydesign.com\/producto\/percha-pvc-pack-x2\/"]}]},{"@type":"ImageObject","inLanguage":"fr-FR","@id":"https:\/\/kanakydesign.com\/producto\/percha-pvc-pack-x2\/#primaryimage","url":"https:\/\/kanakydesign.com\/wp-content\/uploads\/2023\/11\/Pack-percha-PVC-x2.jpg","contentUrl":"https:\/\/kanakydesign.com\/wp-content\/uploads\/2023\/11\/Pack-percha-PVC-x2.jpg","width":2560,"height":2560},{"@type":"BreadcrumbList","@id":"https:\/\/kanakydesign.com\/producto\/percha-pvc-pack-x2\/#breadcrumb","itemListElement":[{"@type":"ListItem","position":1,"name":"Portada","item":"https:\/\/kanakydesign.com\/"},{"@type":"ListItem","position":2,"name":"Tienda","item":"https:\/\/kanakydesign.com\/tienda\/"},{"@type":"ListItem","position":3,"name":"Percha PVC Pack x2"}]},{"@type":"WebSite","@id":"https:\/\/kanakydesign.com\/#website","url":"https:\/\/kanakydesign.com\/","name":"KanakyDesign Enclosures","description":"Become a professional keeper","publisher":{"@id":"https:\/\/kanakydesign.com\/#organization"},"alternateName":"KanakyDesign","potentialAction":[{"@type":"SearchAction","target":{"@type":"EntryPoint","urlTemplate":"https:\/\/kanakydesign.com\/?s={search_term_string}"},"query-input":{"@type":"PropertyValueSpecification","valueRequired":true,"valueName":"search_term_string"}}],"inLanguage":"fr-FR"},{"@type":"Organization","@id":"https:\/\/kanakydesign.com\/#organization","name":"KanakyDesign Enclosures","alternateName":"KanakyDesign","url":"https:\/\/kanakydesign.com\/","logo":{"@type":"ImageObject","inLanguage":"fr-FR","@id":"https:\/\/kanakydesign.com\/#\/schema\/logo\/image\/","url":"https:\/\/kanakydesign.com\/wp-content\/uploads\/2023\/06\/Logo-KanakyDesign-circular-negro-1.png","contentUrl":"https:\/\/kanakydesign.com\/wp-content\/uploads\/2023\/06\/Logo-KanakyDesign-circular-negro-1.png","width":2000,"height":2000,"caption":"KanakyDesign Enclosures"},"image":{"@id":"https:\/\/kanakydesign.com\/#\/schema\/logo\/image\/"}}]}},"_links":{"self":[{"href":"https:\/\/kanakydesign.com\/fr\/wp-json\/wp\/v2\/product\/1321","targetHints":{"allow":["GET"]}}],"collection":[{"href":"https:\/\/kanakydesign.com\/fr\/wp-json\/wp\/v2\/product"}],"about":[{"href":"https:\/\/kanakydesign.com\/fr\/wp-json\/wp\/v2\/types\/product"}],"wp:featuredmedia":[{"embeddable":true,"href":"https:\/\/kanakydesign.com\/fr\/wp-json\/wp\/v2\/media\/1327"}],"wp:attachment":[{"href":"https:\/\/kanakydesign.com\/fr\/wp-json\/wp\/v2\/media?parent=1321"}],"wp:term":[{"taxonomy":"product_brand","embeddable":true,"href":"https:\/\/kanakydesign.com\/fr\/wp-json\/wp\/v2\/product_brand?post=1321"},{"taxonomy":"product_cat","embeddable":true,"href":"https:\/\/kanakydesign.com\/fr\/wp-json\/wp\/v2\/product_cat?post=1321"},{"taxonomy":"product_tag","embeddable":true,"href":"https:\/\/kanakydesign.com\/fr\/wp-json\/wp\/v2\/product_tag?post=1321"}],"curies":[{"name":"wp","href":"https:\/\/api.w.org\/{rel}","templated":true}]}}