{"id":1187,"date":"2023-10-12T10:25:57","date_gmt":"2023-10-12T10:25:57","guid":{"rendered":"https:\/\/kanakydesign.com\/?post_type=product&#038;p=1187"},"modified":"2026-02-07T19:15:02","modified_gmt":"2026-02-07T19:15:02","slug":"arboricola-m","status":"publish","type":"product","link":"https:\/\/kanakydesign.com\/fr\/produit\/arboricola-m\/","title":{"rendered":"Arboricola M"},"content":{"rendered":"","protected":false},"excerpt":{"rendered":"<p>Terrarium con\u00e7u pour les serpents arboricoles, tels que certaines esp\u00e8ces de petite taille du genre <em>Morelia<\/em>. Un \u00e9clairage LED pour les cycles jour\/nuit, une paire de suspensions en PVC et un panneau de chauffage radiant contr\u00f4l\u00e9 par un thermostat num\u00e9rique.<\/p>\n<p>Il comprend<\/p>\n<ul>\n<li>Terrarium 60x60x60 cm<\/li>\n<li>Barre LED 30cm<\/li>\n<li>Paquet de crochets en PVC x2<\/li>\n<li>Panneau radiant 31x21cm<\/li>\n<li>Thermostat num\u00e9rique jour\/nuit<\/li>\n<\/ul>\n<p>&nbsp;<\/p>","protected":false},"featured_media":1640,"template":"","meta":[],"product_brand":[],"product_cat":[57,22],"product_tag":[157,158,156,160,189,155,159,190],"class_list":{"0":"post-1187","1":"product","2":"type-product","3":"status-publish","4":"has-post-thumbnail","6":"product_cat-kit-completo","7":"product_cat-terrarios","8":"product_tag-auriculatus","9":"product_tag-chahoua","10":"product_tag-ciliatus","11":"product_tag-correlophus","12":"product_tag-morelia","13":"product_tag-rhacodactylus","14":"product_tag-sarasinorum","15":"product_tag-viridis","16":"product_shipping_class-terrarios","18":"first","19":"instock","20":"taxable","21":"shipping-taxable","22":"purchasable","23":"product-type-composite"},"yoast_head":"<!-- This site is optimized with the Yoast SEO plugin v27.4 - https:\/\/yoast.com\/product\/yoast-seo-wordpress\/ -->\n<title>Arbor\u00edcola M | KanakyDesign Enclosures<\/title>\n<meta name=\"robots\" content=\"index, follow, max-snippet:-1, max-image-preview:large, max-video-preview:-1\" \/>\n<link rel=\"canonical\" href=\"https:\/\/kanakydesign.com\/fr\/produit\/arboricola-m\/\" \/>\n<meta property=\"og:locale\" content=\"fr_FR\" \/>\n<meta property=\"og:type\" content=\"article\" \/>\n<meta property=\"og:title\" content=\"Arbor\u00edcola M | KanakyDesign Enclosures\" \/>\n<meta property=\"og:description\" content=\"Terrario dise\u00f1ado para serpientes arbor\u00edcolas como algunas especies de peque\u00f1o tama\u00f1o del g\u00e9nero Morelia. Iluminaci\u00f3n LED para ciclos d\u00eda\/noche, una pareja de perchas de PVC y un panel radiante para calefactar controlado por un termostato digital.  Incluye:   Terrario 60x60x60 cm  Barra LED 30cm  Pack percha PVC x2  Panel radiante 31x21cm  Termostato digital d\u00eda\/noche  &nbsp;\" \/>\n<meta property=\"og:url\" content=\"https:\/\/kanakydesign.com\/fr\/produit\/arboricola-m\/\" \/>\n<meta property=\"og:site_name\" content=\"KanakyDesign Enclosures\" \/>\n<meta property=\"article:modified_time\" content=\"2026-02-07T19:15:02+00:00\" \/>\n<meta property=\"og:image\" content=\"https:\/\/kanakydesign.com\/wp-content\/uploads\/2023\/10\/Morelia-viridis-madera.png\" \/>\n\t<meta property=\"og:image:width\" content=\"1024\" \/>\n\t<meta property=\"og:image:height\" content=\"1024\" \/>\n\t<meta property=\"og:image:type\" content=\"image\/png\" \/>\n<meta name=\"twitter:card\" content=\"summary_large_image\" \/>\n<script type=\"application\/ld+json\" class=\"yoast-schema-graph\">{\"@context\":\"https:\\\/\\\/schema.org\",\"@graph\":[{\"@type\":\"WebPage\",\"@id\":\"https:\\\/\\\/kanakydesign.com\\\/producto\\\/arboricola-m\\\/\",\"url\":\"https:\\\/\\\/kanakydesign.com\\\/producto\\\/arboricola-m\\\/\",\"name\":\"Arbor\u00edcola M | KanakyDesign Enclosures\",\"isPartOf\":{\"@id\":\"https:\\\/\\\/kanakydesign.com\\\/#website\"},\"primaryImageOfPage\":{\"@id\":\"https:\\\/\\\/kanakydesign.com\\\/producto\\\/arboricola-m\\\/#primaryimage\"},\"image\":{\"@id\":\"https:\\\/\\\/kanakydesign.com\\\/producto\\\/arboricola-m\\\/#primaryimage\"},\"thumbnailUrl\":\"https:\\\/\\\/kanakydesign.com\\\/wp-content\\\/uploads\\\/2023\\\/10\\\/Morelia-viridis-madera.png\",\"datePublished\":\"2023-10-12T10:25:57+00:00\",\"dateModified\":\"2026-02-07T19:15:02+00:00\",\"breadcrumb\":{\"@id\":\"https:\\\/\\\/kanakydesign.com\\\/producto\\\/arboricola-m\\\/#breadcrumb\"},\"inLanguage\":\"fr-FR\",\"potentialAction\":[{\"@type\":\"ReadAction\",\"target\":[\"https:\\\/\\\/kanakydesign.com\\\/producto\\\/arboricola-m\\\/\"]}]},{\"@type\":\"ImageObject\",\"inLanguage\":\"fr-FR\",\"@id\":\"https:\\\/\\\/kanakydesign.com\\\/producto\\\/arboricola-m\\\/#primaryimage\",\"url\":\"https:\\\/\\\/kanakydesign.com\\\/wp-content\\\/uploads\\\/2023\\\/10\\\/Morelia-viridis-madera.png\",\"contentUrl\":\"https:\\\/\\\/kanakydesign.com\\\/wp-content\\\/uploads\\\/2023\\\/10\\\/Morelia-viridis-madera.png\",\"width\":1024,\"height\":1024},{\"@type\":\"BreadcrumbList\",\"@id\":\"https:\\\/\\\/kanakydesign.com\\\/producto\\\/arboricola-m\\\/#breadcrumb\",\"itemListElement\":[{\"@type\":\"ListItem\",\"position\":1,\"name\":\"Portada\",\"item\":\"https:\\\/\\\/kanakydesign.com\\\/\"},{\"@type\":\"ListItem\",\"position\":2,\"name\":\"Tienda\",\"item\":\"https:\\\/\\\/kanakydesign.com\\\/tienda\\\/\"},{\"@type\":\"ListItem\",\"position\":3,\"name\":\"Arbor\u00edcola M\"}]},{\"@type\":\"WebSite\",\"@id\":\"https:\\\/\\\/kanakydesign.com\\\/#website\",\"url\":\"https:\\\/\\\/kanakydesign.com\\\/\",\"name\":\"KanakyDesign Enclosures\",\"description\":\"Become a professional keeper\",\"publisher\":{\"@id\":\"https:\\\/\\\/kanakydesign.com\\\/#organization\"},\"alternateName\":\"KanakyDesign\",\"potentialAction\":[{\"@type\":\"SearchAction\",\"target\":{\"@type\":\"EntryPoint\",\"urlTemplate\":\"https:\\\/\\\/kanakydesign.com\\\/?s={search_term_string}\"},\"query-input\":{\"@type\":\"PropertyValueSpecification\",\"valueRequired\":true,\"valueName\":\"search_term_string\"}}],\"inLanguage\":\"fr-FR\"},{\"@type\":\"Organization\",\"@id\":\"https:\\\/\\\/kanakydesign.com\\\/#organization\",\"name\":\"KanakyDesign Enclosures\",\"alternateName\":\"KanakyDesign\",\"url\":\"https:\\\/\\\/kanakydesign.com\\\/\",\"logo\":{\"@type\":\"ImageObject\",\"inLanguage\":\"fr-FR\",\"@id\":\"https:\\\/\\\/kanakydesign.com\\\/#\\\/schema\\\/logo\\\/image\\\/\",\"url\":\"https:\\\/\\\/kanakydesign.com\\\/wp-content\\\/uploads\\\/2023\\\/06\\\/Logo-KanakyDesign-circular-negro-1.png\",\"contentUrl\":\"https:\\\/\\\/kanakydesign.com\\\/wp-content\\\/uploads\\\/2023\\\/06\\\/Logo-KanakyDesign-circular-negro-1.png\",\"width\":2000,\"height\":2000,\"caption\":\"KanakyDesign Enclosures\"},\"image\":{\"@id\":\"https:\\\/\\\/kanakydesign.com\\\/#\\\/schema\\\/logo\\\/image\\\/\"}}]}<\/script>\n<!-- \/ Yoast SEO plugin. -->","yoast_head_json":{"title":"Arbor\u00edcola M | KanakyDesign Enclosures","robots":{"index":"index","follow":"follow","max-snippet":"max-snippet:-1","max-image-preview":"max-image-preview:large","max-video-preview":"max-video-preview:-1"},"canonical":"https:\/\/kanakydesign.com\/fr\/produit\/arboricola-m\/","og_locale":"fr_FR","og_type":"article","og_title":"Arbor\u00edcola M | KanakyDesign Enclosures","og_description":"Terrario dise\u00f1ado para serpientes arbor\u00edcolas como algunas especies de peque\u00f1o tama\u00f1o del g\u00e9nero Morelia. Iluminaci\u00f3n LED para ciclos d\u00eda\/noche, una pareja de perchas de PVC y un panel radiante para calefactar controlado por un termostato digital.  Incluye:   Terrario 60x60x60 cm  Barra LED 30cm  Pack percha PVC x2  Panel radiante 31x21cm  Termostato digital d\u00eda\/noche  &nbsp;","og_url":"https:\/\/kanakydesign.com\/fr\/produit\/arboricola-m\/","og_site_name":"KanakyDesign Enclosures","article_modified_time":"2026-02-07T19:15:02+00:00","og_image":[{"width":1024,"height":1024,"url":"https:\/\/kanakydesign.com\/wp-content\/uploads\/2023\/10\/Morelia-viridis-madera.png","type":"image\/png"}],"twitter_card":"summary_large_image","schema":{"@context":"https:\/\/schema.org","@graph":[{"@type":"WebPage","@id":"https:\/\/kanakydesign.com\/producto\/arboricola-m\/","url":"https:\/\/kanakydesign.com\/producto\/arboricola-m\/","name":"Arbor\u00edcola M | KanakyDesign Enclosures","isPartOf":{"@id":"https:\/\/kanakydesign.com\/#website"},"primaryImageOfPage":{"@id":"https:\/\/kanakydesign.com\/producto\/arboricola-m\/#primaryimage"},"image":{"@id":"https:\/\/kanakydesign.com\/producto\/arboricola-m\/#primaryimage"},"thumbnailUrl":"https:\/\/kanakydesign.com\/wp-content\/uploads\/2023\/10\/Morelia-viridis-madera.png","datePublished":"2023-10-12T10:25:57+00:00","dateModified":"2026-02-07T19:15:02+00:00","breadcrumb":{"@id":"https:\/\/kanakydesign.com\/producto\/arboricola-m\/#breadcrumb"},"inLanguage":"fr-FR","potentialAction":[{"@type":"ReadAction","target":["https:\/\/kanakydesign.com\/producto\/arboricola-m\/"]}]},{"@type":"ImageObject","inLanguage":"fr-FR","@id":"https:\/\/kanakydesign.com\/producto\/arboricola-m\/#primaryimage","url":"https:\/\/kanakydesign.com\/wp-content\/uploads\/2023\/10\/Morelia-viridis-madera.png","contentUrl":"https:\/\/kanakydesign.com\/wp-content\/uploads\/2023\/10\/Morelia-viridis-madera.png","width":1024,"height":1024},{"@type":"BreadcrumbList","@id":"https:\/\/kanakydesign.com\/producto\/arboricola-m\/#breadcrumb","itemListElement":[{"@type":"ListItem","position":1,"name":"Portada","item":"https:\/\/kanakydesign.com\/"},{"@type":"ListItem","position":2,"name":"Tienda","item":"https:\/\/kanakydesign.com\/tienda\/"},{"@type":"ListItem","position":3,"name":"Arbor\u00edcola M"}]},{"@type":"WebSite","@id":"https:\/\/kanakydesign.com\/#website","url":"https:\/\/kanakydesign.com\/","name":"KanakyDesign Enclosures","description":"Become a professional keeper","publisher":{"@id":"https:\/\/kanakydesign.com\/#organization"},"alternateName":"KanakyDesign","potentialAction":[{"@type":"SearchAction","target":{"@type":"EntryPoint","urlTemplate":"https:\/\/kanakydesign.com\/?s={search_term_string}"},"query-input":{"@type":"PropertyValueSpecification","valueRequired":true,"valueName":"search_term_string"}}],"inLanguage":"fr-FR"},{"@type":"Organization","@id":"https:\/\/kanakydesign.com\/#organization","name":"KanakyDesign Enclosures","alternateName":"KanakyDesign","url":"https:\/\/kanakydesign.com\/","logo":{"@type":"ImageObject","inLanguage":"fr-FR","@id":"https:\/\/kanakydesign.com\/#\/schema\/logo\/image\/","url":"https:\/\/kanakydesign.com\/wp-content\/uploads\/2023\/06\/Logo-KanakyDesign-circular-negro-1.png","contentUrl":"https:\/\/kanakydesign.com\/wp-content\/uploads\/2023\/06\/Logo-KanakyDesign-circular-negro-1.png","width":2000,"height":2000,"caption":"KanakyDesign Enclosures"},"image":{"@id":"https:\/\/kanakydesign.com\/#\/schema\/logo\/image\/"}}]}},"_links":{"self":[{"href":"https:\/\/kanakydesign.com\/fr\/wp-json\/wp\/v2\/product\/1187","targetHints":{"allow":["GET"]}}],"collection":[{"href":"https:\/\/kanakydesign.com\/fr\/wp-json\/wp\/v2\/product"}],"about":[{"href":"https:\/\/kanakydesign.com\/fr\/wp-json\/wp\/v2\/types\/product"}],"wp:featuredmedia":[{"embeddable":true,"href":"https:\/\/kanakydesign.com\/fr\/wp-json\/wp\/v2\/media\/1640"}],"wp:attachment":[{"href":"https:\/\/kanakydesign.com\/fr\/wp-json\/wp\/v2\/media?parent=1187"}],"wp:term":[{"taxonomy":"product_brand","embeddable":true,"href":"https:\/\/kanakydesign.com\/fr\/wp-json\/wp\/v2\/product_brand?post=1187"},{"taxonomy":"product_cat","embeddable":true,"href":"https:\/\/kanakydesign.com\/fr\/wp-json\/wp\/v2\/product_cat?post=1187"},{"taxonomy":"product_tag","embeddable":true,"href":"https:\/\/kanakydesign.com\/fr\/wp-json\/wp\/v2\/product_tag?post=1187"}],"curies":[{"name":"wp","href":"https:\/\/api.w.org\/{rel}","templated":true}]}}