{"id":1149,"date":"2023-10-10T11:36:04","date_gmt":"2023-10-10T11:36:04","guid":{"rendered":"https:\/\/kanakydesign.com\/?post_type=product&#038;p=1149"},"modified":"2026-02-08T00:52:35","modified_gmt":"2026-02-08T00:52:35","slug":"percha-pvc-soportes","status":"publish","type":"product","link":"https:\/\/kanakydesign.com\/fr\/produit\/percha-pvc-soportes\/","title":{"rendered":"Supports de suspension en PVC"},"content":{"rendered":"<p data-start=\"190\" data-end=\"769\">Le <strong data-start=\"194\" data-end=\"255\">Kanaky Design Supports en PVC pour perchoir en PVC dans le terrarium<\/strong> sont la solution que nous avons con\u00e7ue pour r\u00e9soudre l'un des probl\u00e8mes les plus courants dans les terrariums arboricoles : le manque d'espace. <strong data-start=\"362\" data-end=\"387\">rotation de la perche<\/strong> lorsque l'animal se d\u00e9place. Chez les esp\u00e8ces telles que <em><strong data-start=\"432\" data-end=\"451\">Morelia viridis<\/strong><\/em> o <em><strong data-start=\"454\" data-end=\"474\">Corallus caninus<\/strong><\/em>, Le perchoir est soumis \u00e0 une pression constante et \u00e0 des changements de poids. Si le tube tourne, l'animal peut perdre sa stabilit\u00e9, la fixation devient inconfortable et le perchoir ne semble plus \u201cs\u00fbr\u201d. C'est pourquoi ce <strong data-start=\"667\" data-end=\"701\">paire de supports de fixation<\/strong> est sp\u00e9cialement con\u00e7u pour que le <strong data-start=\"743\" data-end=\"768\">Le cintre en PVC ne tourne pas<\/strong>.<\/p>\n<h2 data-start=\"771\" data-end=\"836\">\u2705 Conception anti-rotation : U + demi U (pas \u201cune paire \u00e9gale\u201d)<\/h2>\n<p data-start=\"837\" data-end=\"884\">Chaque \u00e9l\u00e9ment de l'ensemble est volontairement diff\u00e9rent :<\/p>\n<ul data-start=\"886\" data-end=\"1103\">\n<li data-start=\"886\" data-end=\"963\">\n<p data-start=\"888\" data-end=\"963\"><strong data-start=\"888\" data-end=\"913\">Support en forme de U<\/strong>Il est plus enveloppant que le tuyau en PVC.<\/p>\n<\/li>\n<li data-start=\"964\" data-end=\"1103\">\n<p data-start=\"966\" data-end=\"1103\"><strong data-start=\"966\" data-end=\"988\">Demi-bracelet en U<\/strong>travaille en collaboration avec la <strong data-start=\"1017\" data-end=\"1042\">coupe des extr\u00e9mit\u00e9s<\/strong> du cintre en PVC pour cr\u00e9er un support qui bloque la rotation.<\/p>\n<\/li>\n<\/ul>\n<p data-start=\"1105\" data-end=\"1292\">Ce syst\u00e8me, associ\u00e9 \u00e0 la finition du cintre, garantit que le tube reste en place pendant une longue p\u00e9riode. <strong data-start=\"1173\" data-end=\"1184\">stable<\/strong> et reste dans la bonne position m\u00eame lorsque l'animal se d\u00e9place, se roule ou change de position.<\/p>\n<h2 data-start=\"1294\" data-end=\"1347\">\ud83d\udee0\ufe0f Fixation simple et s\u00fbre (vis incluses)<\/h2>\n<p data-start=\"1348\" data-end=\"1574\">La paire de <strong data-start=\"1361\" data-end=\"1397\">Supports en PVC Suspension en PVC Terrarium en PVC<\/strong> est destin\u00e9 \u00e0 \u00eatre fix\u00e9 sur le <strong data-start=\"1427\" data-end=\"1452\">\u00e0 l'int\u00e9rieur du terrarium<\/strong> et s'accompagne de <strong data-start=\"1465\" data-end=\"1500\">vis de fixation incluses<\/strong>, L'installation peut \u00eatre r\u00e9alis\u00e9e avec un montage ferme et propre. Il est id\u00e9al pour :<\/p>\n<ul data-start=\"1575\" data-end=\"1746\">\n<li data-start=\"1575\" data-end=\"1611\">\n<p data-start=\"1577\" data-end=\"1611\">terrariums arboricoles verticaux<\/p>\n<\/li>\n<li data-start=\"1612\" data-end=\"1682\">\n<p data-start=\"1614\" data-end=\"1682\">les installations \u00e0 forte humidit\u00e9 o\u00f9 l'on recherche des mat\u00e9riaux r\u00e9sistants<\/p>\n<\/li>\n<li data-start=\"1683\" data-end=\"1746\">\n<p data-start=\"1685\" data-end=\"1746\">les installations o\u00f9 la s\u00e9curit\u00e9 et la stabilit\u00e9 du perchoir sont prioritaires<\/p>\n<\/li>\n<\/ul>\n<h2 data-start=\"1748\" data-end=\"1780\">\ud83c\udf3f Avantages dans la vie quotidienne<\/h2>\n<ul data-start=\"1781\" data-end=\"2091\">\n<li data-start=\"1781\" data-end=\"1850\">\n<p data-start=\"1783\" data-end=\"1850\"><strong data-start=\"1783\" data-end=\"1802\">Plus de stabilit\u00e9<\/strong> pour l'animal : perchoir fixe, sans surprise.<\/p>\n<\/li>\n<li data-start=\"1851\" data-end=\"1946\">\n<p data-start=\"1853\" data-end=\"1946\"><strong data-start=\"1853\" data-end=\"1876\">Moins d'entretien<\/strong>Une fois install\u00e9s, vous n'avez pas besoin de repositionner constamment les cintres.<\/p>\n<\/li>\n<li data-start=\"1947\" data-end=\"2016\">\n<p data-start=\"1949\" data-end=\"2016\"><strong data-start=\"1949\" data-end=\"1976\">Un assemblage plus professionnel<\/strong>une structure claire, ordonn\u00e9e et s\u00fbre.<\/p>\n<\/li>\n<li data-start=\"2017\" data-end=\"2091\">\n<p data-start=\"2019\" data-end=\"2091\"><strong data-start=\"2019\" data-end=\"2051\">Parfait pour les suspensions en PVC<\/strong>con\u00e7u sp\u00e9cifiquement pour cet usage.<\/p>\n<\/li>\n<\/ul>\n<p data-start=\"2093\" data-end=\"2244\">\ud83d\udc49 Vous pouvez combiner ces parenth\u00e8ses avec nos <strong><a href=\"https:\/\/kanakydesign.com\/fr\/produit\/percha-pvc-blanco\/\">Suspension en PVC<\/a><\/strong> pour cr\u00e9er un terrarium arboricole complet.<\/p>","protected":false},"excerpt":{"rendered":"<p>Paire de supports pour fixer le cintre en PVC \u00e0 l'int\u00e9rieur du terrarium. Vis de fixation incluses.<\/p>","protected":false},"featured_media":1093,"template":"","meta":[],"product_brand":[],"product_cat":[23,28],"product_tag":[509,533,502,493,492,532,536,531,530,529,528,534,535],"class_list":{"0":"post-1149","1":"product","2":"type-product","3":"status-publish","4":"has-post-thumbnail","6":"product_cat-accesorios","7":"product_cat-complementos","8":"product_tag-accesorios-terrario-arboricola","9":"product_tag-fijacion-percha-terrario","10":"product_tag-kanaky-design","11":"product_tag-percha-corallus-caninus","12":"product_tag-percha-morelia-viridis","13":"product_tag-soporte-media-u-percha-pvc","14":"product_tag-soporte-posadero-pvc","15":"product_tag-soporte-u-percha-pvc","16":"product_tag-soportes-anti-rotacion-percha","17":"product_tag-soportes-percha-pvc-terrario","18":"product_tag-soportes-pvc-percha-pvc","19":"product_tag-soportes-serpientes-arboricolas","20":"product_tag-tornillos-fijacion-terrario","22":"first","23":"instock","24":"taxable","25":"shipping-taxable","26":"purchasable","27":"product-type-simple"},"yoast_head":"<!-- This site is optimized with the Yoast SEO plugin v27.4 - https:\/\/yoast.com\/product\/yoast-seo-wordpress\/ -->\n<title>Percha PVC Soportes | KanakyDesign Enclosures<\/title>\n<meta name=\"description\" content=\"Soportes PVC percha PVC Kanaky Design: pareja anti-rotaci\u00f3n con soporte en U y media U. Evita que el tubo gire al moverse el animal. Incluye tornillos.\" \/>\n<meta name=\"robots\" content=\"index, follow, max-snippet:-1, max-image-preview:large, max-video-preview:-1\" \/>\n<link rel=\"canonical\" href=\"https:\/\/kanakydesign.com\/fr\/produit\/percha-pvc-soportes\/\" \/>\n<meta property=\"og:locale\" content=\"fr_FR\" \/>\n<meta property=\"og:type\" content=\"article\" \/>\n<meta property=\"og:title\" content=\"Percha PVC Soportes | KanakyDesign Enclosures\" \/>\n<meta property=\"og:description\" content=\"Soportes PVC percha PVC Kanaky Design: pareja anti-rotaci\u00f3n con soporte en U y media U. Evita que el tubo gire al moverse el animal. Incluye tornillos.\" \/>\n<meta property=\"og:url\" content=\"https:\/\/kanakydesign.com\/fr\/produit\/percha-pvc-soportes\/\" \/>\n<meta property=\"og:site_name\" content=\"KanakyDesign Enclosures\" \/>\n<meta property=\"article:modified_time\" content=\"2026-02-08T00:52:35+00:00\" \/>\n<meta property=\"og:image\" content=\"https:\/\/kanakydesign.com\/wp-content\/uploads\/2023\/09\/DSC2825-scaled.jpg\" \/>\n\t<meta property=\"og:image:width\" content=\"2560\" \/>\n\t<meta property=\"og:image:height\" content=\"2560\" \/>\n\t<meta property=\"og:image:type\" content=\"image\/jpeg\" \/>\n<meta name=\"twitter:card\" content=\"summary_large_image\" \/>\n<meta name=\"twitter:label1\" content=\"Dur\u00e9e de lecture estim\u00e9e\" \/>\n\t<meta name=\"twitter:data1\" content=\"2 minutes\" \/>\n<script type=\"application\/ld+json\" class=\"yoast-schema-graph\">{\"@context\":\"https:\\\/\\\/schema.org\",\"@graph\":[{\"@type\":\"WebPage\",\"@id\":\"https:\\\/\\\/kanakydesign.com\\\/producto\\\/percha-pvc-soportes\\\/\",\"url\":\"https:\\\/\\\/kanakydesign.com\\\/producto\\\/percha-pvc-soportes\\\/\",\"name\":\"Percha PVC Soportes | KanakyDesign Enclosures\",\"isPartOf\":{\"@id\":\"https:\\\/\\\/kanakydesign.com\\\/#website\"},\"primaryImageOfPage\":{\"@id\":\"https:\\\/\\\/kanakydesign.com\\\/producto\\\/percha-pvc-soportes\\\/#primaryimage\"},\"image\":{\"@id\":\"https:\\\/\\\/kanakydesign.com\\\/producto\\\/percha-pvc-soportes\\\/#primaryimage\"},\"thumbnailUrl\":\"https:\\\/\\\/kanakydesign.com\\\/wp-content\\\/uploads\\\/2023\\\/09\\\/DSC2825-scaled.jpg\",\"datePublished\":\"2023-10-10T11:36:04+00:00\",\"dateModified\":\"2026-02-08T00:52:35+00:00\",\"description\":\"Soportes PVC percha PVC Kanaky Design: pareja anti-rotaci\u00f3n con soporte en U y media U. Evita que el tubo gire al moverse el animal. Incluye tornillos.\",\"breadcrumb\":{\"@id\":\"https:\\\/\\\/kanakydesign.com\\\/producto\\\/percha-pvc-soportes\\\/#breadcrumb\"},\"inLanguage\":\"fr-FR\",\"potentialAction\":[{\"@type\":\"ReadAction\",\"target\":[\"https:\\\/\\\/kanakydesign.com\\\/producto\\\/percha-pvc-soportes\\\/\"]}]},{\"@type\":\"ImageObject\",\"inLanguage\":\"fr-FR\",\"@id\":\"https:\\\/\\\/kanakydesign.com\\\/producto\\\/percha-pvc-soportes\\\/#primaryimage\",\"url\":\"https:\\\/\\\/kanakydesign.com\\\/wp-content\\\/uploads\\\/2023\\\/09\\\/DSC2825-scaled.jpg\",\"contentUrl\":\"https:\\\/\\\/kanakydesign.com\\\/wp-content\\\/uploads\\\/2023\\\/09\\\/DSC2825-scaled.jpg\",\"width\":2560,\"height\":2560},{\"@type\":\"BreadcrumbList\",\"@id\":\"https:\\\/\\\/kanakydesign.com\\\/producto\\\/percha-pvc-soportes\\\/#breadcrumb\",\"itemListElement\":[{\"@type\":\"ListItem\",\"position\":1,\"name\":\"Portada\",\"item\":\"https:\\\/\\\/kanakydesign.com\\\/\"},{\"@type\":\"ListItem\",\"position\":2,\"name\":\"Tienda\",\"item\":\"https:\\\/\\\/kanakydesign.com\\\/tienda\\\/\"},{\"@type\":\"ListItem\",\"position\":3,\"name\":\"Percha PVC Soportes\"}]},{\"@type\":\"WebSite\",\"@id\":\"https:\\\/\\\/kanakydesign.com\\\/#website\",\"url\":\"https:\\\/\\\/kanakydesign.com\\\/\",\"name\":\"KanakyDesign Enclosures\",\"description\":\"Become a professional keeper\",\"publisher\":{\"@id\":\"https:\\\/\\\/kanakydesign.com\\\/#organization\"},\"alternateName\":\"KanakyDesign\",\"potentialAction\":[{\"@type\":\"SearchAction\",\"target\":{\"@type\":\"EntryPoint\",\"urlTemplate\":\"https:\\\/\\\/kanakydesign.com\\\/?s={search_term_string}\"},\"query-input\":{\"@type\":\"PropertyValueSpecification\",\"valueRequired\":true,\"valueName\":\"search_term_string\"}}],\"inLanguage\":\"fr-FR\"},{\"@type\":\"Organization\",\"@id\":\"https:\\\/\\\/kanakydesign.com\\\/#organization\",\"name\":\"KanakyDesign Enclosures\",\"alternateName\":\"KanakyDesign\",\"url\":\"https:\\\/\\\/kanakydesign.com\\\/\",\"logo\":{\"@type\":\"ImageObject\",\"inLanguage\":\"fr-FR\",\"@id\":\"https:\\\/\\\/kanakydesign.com\\\/#\\\/schema\\\/logo\\\/image\\\/\",\"url\":\"https:\\\/\\\/kanakydesign.com\\\/wp-content\\\/uploads\\\/2023\\\/06\\\/Logo-KanakyDesign-circular-negro-1.png\",\"contentUrl\":\"https:\\\/\\\/kanakydesign.com\\\/wp-content\\\/uploads\\\/2023\\\/06\\\/Logo-KanakyDesign-circular-negro-1.png\",\"width\":2000,\"height\":2000,\"caption\":\"KanakyDesign Enclosures\"},\"image\":{\"@id\":\"https:\\\/\\\/kanakydesign.com\\\/#\\\/schema\\\/logo\\\/image\\\/\"}}]}<\/script>\n<!-- \/ Yoast SEO plugin. -->","yoast_head_json":{"title":"Supports de suspension en PVC | KanakyDesign Enclosures","description":"Supports de suspension en PVC Kanaky Design : paire anti-rotation avec supports en U et demi U. Emp\u00eache le tube de tourner lorsque l'animal se d\u00e9place. Vis incluses.","robots":{"index":"index","follow":"follow","max-snippet":"max-snippet:-1","max-image-preview":"max-image-preview:large","max-video-preview":"max-video-preview:-1"},"canonical":"https:\/\/kanakydesign.com\/fr\/produit\/percha-pvc-soportes\/","og_locale":"fr_FR","og_type":"article","og_title":"Percha PVC Soportes | KanakyDesign Enclosures","og_description":"Soportes PVC percha PVC Kanaky Design: pareja anti-rotaci\u00f3n con soporte en U y media U. Evita que el tubo gire al moverse el animal. Incluye tornillos.","og_url":"https:\/\/kanakydesign.com\/fr\/produit\/percha-pvc-soportes\/","og_site_name":"KanakyDesign Enclosures","article_modified_time":"2026-02-08T00:52:35+00:00","og_image":[{"width":2560,"height":2560,"url":"https:\/\/kanakydesign.com\/wp-content\/uploads\/2023\/09\/DSC2825-scaled.jpg","type":"image\/jpeg"}],"twitter_card":"summary_large_image","twitter_misc":{"Dur\u00e9e de lecture estim\u00e9e":"2 minutes"},"schema":{"@context":"https:\/\/schema.org","@graph":[{"@type":"WebPage","@id":"https:\/\/kanakydesign.com\/producto\/percha-pvc-soportes\/","url":"https:\/\/kanakydesign.com\/producto\/percha-pvc-soportes\/","name":"Supports de suspension en PVC | KanakyDesign Enclosures","isPartOf":{"@id":"https:\/\/kanakydesign.com\/#website"},"primaryImageOfPage":{"@id":"https:\/\/kanakydesign.com\/producto\/percha-pvc-soportes\/#primaryimage"},"image":{"@id":"https:\/\/kanakydesign.com\/producto\/percha-pvc-soportes\/#primaryimage"},"thumbnailUrl":"https:\/\/kanakydesign.com\/wp-content\/uploads\/2023\/09\/DSC2825-scaled.jpg","datePublished":"2023-10-10T11:36:04+00:00","dateModified":"2026-02-08T00:52:35+00:00","description":"Supports de suspension en PVC Kanaky Design : paire anti-rotation avec supports en U et demi U. Emp\u00eache le tube de tourner lorsque l'animal se d\u00e9place. Vis incluses.","breadcrumb":{"@id":"https:\/\/kanakydesign.com\/producto\/percha-pvc-soportes\/#breadcrumb"},"inLanguage":"fr-FR","potentialAction":[{"@type":"ReadAction","target":["https:\/\/kanakydesign.com\/producto\/percha-pvc-soportes\/"]}]},{"@type":"ImageObject","inLanguage":"fr-FR","@id":"https:\/\/kanakydesign.com\/producto\/percha-pvc-soportes\/#primaryimage","url":"https:\/\/kanakydesign.com\/wp-content\/uploads\/2023\/09\/DSC2825-scaled.jpg","contentUrl":"https:\/\/kanakydesign.com\/wp-content\/uploads\/2023\/09\/DSC2825-scaled.jpg","width":2560,"height":2560},{"@type":"BreadcrumbList","@id":"https:\/\/kanakydesign.com\/producto\/percha-pvc-soportes\/#breadcrumb","itemListElement":[{"@type":"ListItem","position":1,"name":"Portada","item":"https:\/\/kanakydesign.com\/"},{"@type":"ListItem","position":2,"name":"Tienda","item":"https:\/\/kanakydesign.com\/tienda\/"},{"@type":"ListItem","position":3,"name":"Percha PVC Soportes"}]},{"@type":"WebSite","@id":"https:\/\/kanakydesign.com\/#website","url":"https:\/\/kanakydesign.com\/","name":"KanakyDesign Enclosures","description":"Become a professional keeper","publisher":{"@id":"https:\/\/kanakydesign.com\/#organization"},"alternateName":"KanakyDesign","potentialAction":[{"@type":"SearchAction","target":{"@type":"EntryPoint","urlTemplate":"https:\/\/kanakydesign.com\/?s={search_term_string}"},"query-input":{"@type":"PropertyValueSpecification","valueRequired":true,"valueName":"search_term_string"}}],"inLanguage":"fr-FR"},{"@type":"Organization","@id":"https:\/\/kanakydesign.com\/#organization","name":"KanakyDesign Enclosures","alternateName":"KanakyDesign","url":"https:\/\/kanakydesign.com\/","logo":{"@type":"ImageObject","inLanguage":"fr-FR","@id":"https:\/\/kanakydesign.com\/#\/schema\/logo\/image\/","url":"https:\/\/kanakydesign.com\/wp-content\/uploads\/2023\/06\/Logo-KanakyDesign-circular-negro-1.png","contentUrl":"https:\/\/kanakydesign.com\/wp-content\/uploads\/2023\/06\/Logo-KanakyDesign-circular-negro-1.png","width":2000,"height":2000,"caption":"KanakyDesign Enclosures"},"image":{"@id":"https:\/\/kanakydesign.com\/#\/schema\/logo\/image\/"}}]}},"_links":{"self":[{"href":"https:\/\/kanakydesign.com\/fr\/wp-json\/wp\/v2\/product\/1149","targetHints":{"allow":["GET"]}}],"collection":[{"href":"https:\/\/kanakydesign.com\/fr\/wp-json\/wp\/v2\/product"}],"about":[{"href":"https:\/\/kanakydesign.com\/fr\/wp-json\/wp\/v2\/types\/product"}],"wp:featuredmedia":[{"embeddable":true,"href":"https:\/\/kanakydesign.com\/fr\/wp-json\/wp\/v2\/media\/1093"}],"wp:attachment":[{"href":"https:\/\/kanakydesign.com\/fr\/wp-json\/wp\/v2\/media?parent=1149"}],"wp:term":[{"taxonomy":"product_brand","embeddable":true,"href":"https:\/\/kanakydesign.com\/fr\/wp-json\/wp\/v2\/product_brand?post=1149"},{"taxonomy":"product_cat","embeddable":true,"href":"https:\/\/kanakydesign.com\/fr\/wp-json\/wp\/v2\/product_cat?post=1149"},{"taxonomy":"product_tag","embeddable":true,"href":"https:\/\/kanakydesign.com\/fr\/wp-json\/wp\/v2\/product_tag?post=1149"}],"curies":[{"name":"wp","href":"https:\/\/api.w.org\/{rel}","templated":true}]}}