{"id":1137,"date":"2023-10-10T11:31:46","date_gmt":"2023-10-10T11:31:46","guid":{"rendered":"https:\/\/kanakydesign.com\/?post_type=product&#038;p=1137"},"modified":"2026-02-08T00:42:28","modified_gmt":"2026-02-08T00:42:28","slug":"percha-bambu-soportes","status":"publish","type":"product","link":"https:\/\/kanakydesign.com\/fr\/produit\/percha-bambu-soportes\/","title":{"rendered":"Supports de suspension en bambou"},"content":{"rendered":"<p data-start=\"174\" data-end=\"713\">Le <strong data-start=\"178\" data-end=\"230\">Kanaky Design Supports en PVC pour cintres en bambou<\/strong> sont con\u00e7us par nos soins pour vous permettre d'attacher rapidement, de mani\u00e8re stable et propre une <strong data-start=\"320\" data-end=\"339\">cintre en bambou<\/strong> o <strong data-start=\"342\" data-end=\"365\">bois cylindriques<\/strong> \u00e0 l'int\u00e9rieur du terrarium, sans se compliquer la vie avec des brides, des vis improvis\u00e9es ou des syst\u00e8mes qui finissent par c\u00e9der sous l'effet de l'humidit\u00e9. Il s'agit d'une <strong data-start=\"492\" data-end=\"526\">paire de supports de fixation<\/strong> est adapt\u00e9 \u00e0 <strong data-start=\"539\" data-end=\"558\">diff\u00e9rentes \u00e9paisseurs<\/strong> de la branche\/perche et <strong data-start=\"579\" data-end=\"601\">ajustement serr\u00e9<\/strong>, Il est ainsi facile de placer et de changer le perchoir lorsque l'on r\u00e9am\u00e9nage le terrarium ou que l'on effectue des travaux d'entretien.<\/p>\n<p data-start=\"715\" data-end=\"1118\">Dans les terrariums arboricoles (et aussi dans les terrariums tropicaux bioactifs), un perchoir solide est essentiel : il influence la s\u00e9curit\u00e9 de l'animal, son comportement naturel et l'utilisation de l'espace vertical. Avec le <strong data-start=\"906\" data-end=\"932\">soutient Kanaky Design<\/strong>, Vous pouvez cr\u00e9er des perchoirs solides pour les serpents arboricoles, les geckos, les cam\u00e9l\u00e9ons ou d'autres esp\u00e8ces grimpantes, ainsi que des voies de d\u00e9placement entre les plates-formes, les lianes et les aires de repos.<\/p>\n<h2 data-start=\"1120\" data-end=\"1175\">\u2705 Ajustement \u00e0 la presse et compatible avec diff\u00e9rents diam\u00e8tres<\/h2>\n<p data-start=\"1176\" data-end=\"1516\">Le grand avantage de ces <strong data-start=\"1201\" data-end=\"1245\">Supports en PVC pour suspendre les terrariums<\/strong> est son syst\u00e8me de <strong data-start=\"1263\" data-end=\"1285\">ajustement serr\u00e9<\/strong>Le cintre : il maintient fermement les cintres de diff\u00e9rentes \u00e9paisseurs, ce qui permet de r\u00e9utiliser des mat\u00e9riaux naturels (bambou, bois cylindrique, branches ponc\u00e9es) sans avoir \u00e0 chercher un support sp\u00e9cifique pour chaque diam\u00e8tre. Vous avez ainsi la possibilit\u00e9 de :<\/p>\n<ul data-start=\"1517\" data-end=\"1682\">\n<li data-start=\"1517\" data-end=\"1565\">\n<p data-start=\"1519\" data-end=\"1565\">changer de perchoir en fonction de la croissance de l'animal<\/p>\n<\/li>\n<li data-start=\"1566\" data-end=\"1617\">\n<p data-start=\"1568\" data-end=\"1617\">rotation des d\u00e9corations sans d\u00e9monter la moiti\u00e9 d'un terrarium<\/p>\n<\/li>\n<li data-start=\"1618\" data-end=\"1682\">\n<p data-start=\"1620\" data-end=\"1682\">r\u00e9glage facile de la hauteur ou de l'inclinaison du perchoir<\/p>\n<\/li>\n<\/ul>\n<h2 data-start=\"1684\" data-end=\"1731\">\ud83e\udde9 Con\u00e7u pour le bambou et les bois cylindriques<\/h2>\n<p data-start=\"1732\" data-end=\"1765\">Ils s'associent particuli\u00e8rement bien avec :<\/p>\n<ul data-start=\"1766\" data-end=\"1931\">\n<li data-start=\"1766\" data-end=\"1818\">\n<p data-start=\"1768\" data-end=\"1818\"><strong data-start=\"1768\" data-end=\"1786\">tubes en bambou<\/strong> (perchoirs droits et stables)<\/p>\n<\/li>\n<li data-start=\"1819\" data-end=\"1865\">\n<p data-start=\"1821\" data-end=\"1865\"><strong data-start=\"1821\" data-end=\"1844\">bois cylindriques<\/strong> d'origine diff\u00e9rente<\/p>\n<\/li>\n<li data-start=\"1866\" data-end=\"1931\">\n<p data-start=\"1868\" data-end=\"1931\">des cintres naturels de forme r\u00e9guli\u00e8re (pour un maintien plus solide)<\/p>\n<\/li>\n<\/ul>\n<p data-start=\"1933\" data-end=\"2073\">Ils sont id\u00e9aux si vous souhaitez une finition esth\u00e9tique et minimaliste : le support reste discret et le cintre devient le protagoniste de l'assemblage.<\/p>\n<h2 data-start=\"2075\" data-end=\"2113\">\ud83c\udf3f Id\u00e9al pour les terrariums arboricoles<\/h2>\n<p data-start=\"2114\" data-end=\"2430\">Un perchoir correctement install\u00e9 permet aux animaux de se reposer en hauteur, de se thermor\u00e9guler et de se d\u00e9placer en toute s\u00e9curit\u00e9. Pour les esp\u00e8ces arboricoles, cela signifie moins de stress et une utilisation plus naturelle de l'espace. En outre, comme ils sont fabriqu\u00e9s en PVC, ils sont faciles \u00e0 nettoyer et conviennent aux environnements o\u00f9 l'humidit\u00e9 est fr\u00e9quente.<\/p>\n<p data-start=\"2432\" data-end=\"2548\">\ud83d\udc49 Vous pouvez combiner ces parenth\u00e8ses avec nos <strong><a href=\"https:\/\/kanakydesign.com\/fr\/produit\/percha-bambu\/\">cintres en bambou<\/a><\/strong> et la d\u00e9coration.<\/p>","protected":false},"excerpt":{"rendered":"<p>Paire de supports de fixation pour bambou ou bois cylindriques de diff\u00e9rentes origines.<\/p>","protected":false},"featured_media":1186,"template":"","meta":[],"product_brand":[],"product_cat":[23,28],"product_tag":[509,514,506,502,508,511,513,512,504,507,510,505,503],"class_list":{"0":"post-1137","1":"product","2":"type-product","3":"status-publish","4":"has-post-thumbnail","6":"product_cat-accesorios","7":"product_cat-complementos","8":"product_tag-accesorios-terrario-arboricola","9":"product_tag-decoracion-terrario-kanaky","10":"product_tag-fijacion-percha-bambu","11":"product_tag-kanaky-design","12":"product_tag-perchas-terrario-arboricola","13":"product_tag-soporte-para-ramas-terrario","14":"product_tag-soporte-percha-corallus-caninus","15":"product_tag-soporte-percha-morelia-viridis","16":"product_tag-soporte-percha-terrario","17":"product_tag-soporte-ramas-cilindricas","18":"product_tag-soportes-ajustables-por-presion","19":"product_tag-soportes-bambu-terrario","20":"product_tag-soportes-pvc-percha-bambu","22":"first","23":"instock","24":"taxable","25":"shipping-taxable","26":"purchasable","27":"product-type-simple"},"yoast_head":"<!-- This site is optimized with the Yoast SEO plugin v27.4 - https:\/\/yoast.com\/product\/yoast-seo-wordpress\/ -->\n<title>Percha Bamb\u00fa Soportes | KanakyDesign Enclosures<\/title>\n<meta name=\"description\" content=\"Soportes PVC percha bamb\u00fa Kanaky Design: pareja de fijaci\u00f3n ajustable por presi\u00f3n para varios grosores. Perfectos para perchas de bamb\u00fa y maderas cil\u00edndricas.\" \/>\n<meta name=\"robots\" content=\"index, follow, max-snippet:-1, max-image-preview:large, max-video-preview:-1\" \/>\n<link rel=\"canonical\" href=\"https:\/\/kanakydesign.com\/fr\/produit\/percha-bambu-soportes\/\" \/>\n<meta property=\"og:locale\" content=\"fr_FR\" \/>\n<meta property=\"og:type\" content=\"article\" \/>\n<meta property=\"og:title\" content=\"Percha Bamb\u00fa Soportes | KanakyDesign Enclosures\" \/>\n<meta property=\"og:description\" content=\"Soportes PVC percha bamb\u00fa Kanaky Design: pareja de fijaci\u00f3n ajustable por presi\u00f3n para varios grosores. Perfectos para perchas de bamb\u00fa y maderas cil\u00edndricas.\" \/>\n<meta property=\"og:url\" content=\"https:\/\/kanakydesign.com\/fr\/produit\/percha-bambu-soportes\/\" \/>\n<meta property=\"og:site_name\" content=\"KanakyDesign Enclosures\" \/>\n<meta property=\"article:modified_time\" content=\"2026-02-08T00:42:28+00:00\" \/>\n<meta property=\"og:image\" content=\"https:\/\/kanakydesign.com\/wp-content\/uploads\/2023\/10\/DSC2819.jpg\" \/>\n\t<meta property=\"og:image:width\" content=\"2549\" \/>\n\t<meta property=\"og:image:height\" content=\"2549\" \/>\n\t<meta property=\"og:image:type\" content=\"image\/jpeg\" \/>\n<meta name=\"twitter:card\" content=\"summary_large_image\" \/>\n<meta name=\"twitter:label1\" content=\"Dur\u00e9e de lecture estim\u00e9e\" \/>\n\t<meta name=\"twitter:data1\" content=\"2 minutes\" \/>\n<script type=\"application\/ld+json\" class=\"yoast-schema-graph\">{\"@context\":\"https:\\\/\\\/schema.org\",\"@graph\":[{\"@type\":\"WebPage\",\"@id\":\"https:\\\/\\\/kanakydesign.com\\\/producto\\\/percha-bambu-soportes\\\/\",\"url\":\"https:\\\/\\\/kanakydesign.com\\\/producto\\\/percha-bambu-soportes\\\/\",\"name\":\"Percha Bamb\u00fa Soportes | KanakyDesign Enclosures\",\"isPartOf\":{\"@id\":\"https:\\\/\\\/kanakydesign.com\\\/#website\"},\"primaryImageOfPage\":{\"@id\":\"https:\\\/\\\/kanakydesign.com\\\/producto\\\/percha-bambu-soportes\\\/#primaryimage\"},\"image\":{\"@id\":\"https:\\\/\\\/kanakydesign.com\\\/producto\\\/percha-bambu-soportes\\\/#primaryimage\"},\"thumbnailUrl\":\"https:\\\/\\\/kanakydesign.com\\\/wp-content\\\/uploads\\\/2023\\\/10\\\/DSC2819.jpg\",\"datePublished\":\"2023-10-10T11:31:46+00:00\",\"dateModified\":\"2026-02-08T00:42:28+00:00\",\"description\":\"Soportes PVC percha bamb\u00fa Kanaky Design: pareja de fijaci\u00f3n ajustable por presi\u00f3n para varios grosores. Perfectos para perchas de bamb\u00fa y maderas cil\u00edndricas.\",\"breadcrumb\":{\"@id\":\"https:\\\/\\\/kanakydesign.com\\\/producto\\\/percha-bambu-soportes\\\/#breadcrumb\"},\"inLanguage\":\"fr-FR\",\"potentialAction\":[{\"@type\":\"ReadAction\",\"target\":[\"https:\\\/\\\/kanakydesign.com\\\/producto\\\/percha-bambu-soportes\\\/\"]}]},{\"@type\":\"ImageObject\",\"inLanguage\":\"fr-FR\",\"@id\":\"https:\\\/\\\/kanakydesign.com\\\/producto\\\/percha-bambu-soportes\\\/#primaryimage\",\"url\":\"https:\\\/\\\/kanakydesign.com\\\/wp-content\\\/uploads\\\/2023\\\/10\\\/DSC2819.jpg\",\"contentUrl\":\"https:\\\/\\\/kanakydesign.com\\\/wp-content\\\/uploads\\\/2023\\\/10\\\/DSC2819.jpg\",\"width\":2549,\"height\":2549},{\"@type\":\"BreadcrumbList\",\"@id\":\"https:\\\/\\\/kanakydesign.com\\\/producto\\\/percha-bambu-soportes\\\/#breadcrumb\",\"itemListElement\":[{\"@type\":\"ListItem\",\"position\":1,\"name\":\"Portada\",\"item\":\"https:\\\/\\\/kanakydesign.com\\\/\"},{\"@type\":\"ListItem\",\"position\":2,\"name\":\"Tienda\",\"item\":\"https:\\\/\\\/kanakydesign.com\\\/tienda\\\/\"},{\"@type\":\"ListItem\",\"position\":3,\"name\":\"Percha Bamb\u00fa Soportes\"}]},{\"@type\":\"WebSite\",\"@id\":\"https:\\\/\\\/kanakydesign.com\\\/#website\",\"url\":\"https:\\\/\\\/kanakydesign.com\\\/\",\"name\":\"KanakyDesign Enclosures\",\"description\":\"Become a professional keeper\",\"publisher\":{\"@id\":\"https:\\\/\\\/kanakydesign.com\\\/#organization\"},\"alternateName\":\"KanakyDesign\",\"potentialAction\":[{\"@type\":\"SearchAction\",\"target\":{\"@type\":\"EntryPoint\",\"urlTemplate\":\"https:\\\/\\\/kanakydesign.com\\\/?s={search_term_string}\"},\"query-input\":{\"@type\":\"PropertyValueSpecification\",\"valueRequired\":true,\"valueName\":\"search_term_string\"}}],\"inLanguage\":\"fr-FR\"},{\"@type\":\"Organization\",\"@id\":\"https:\\\/\\\/kanakydesign.com\\\/#organization\",\"name\":\"KanakyDesign Enclosures\",\"alternateName\":\"KanakyDesign\",\"url\":\"https:\\\/\\\/kanakydesign.com\\\/\",\"logo\":{\"@type\":\"ImageObject\",\"inLanguage\":\"fr-FR\",\"@id\":\"https:\\\/\\\/kanakydesign.com\\\/#\\\/schema\\\/logo\\\/image\\\/\",\"url\":\"https:\\\/\\\/kanakydesign.com\\\/wp-content\\\/uploads\\\/2023\\\/06\\\/Logo-KanakyDesign-circular-negro-1.png\",\"contentUrl\":\"https:\\\/\\\/kanakydesign.com\\\/wp-content\\\/uploads\\\/2023\\\/06\\\/Logo-KanakyDesign-circular-negro-1.png\",\"width\":2000,\"height\":2000,\"caption\":\"KanakyDesign Enclosures\"},\"image\":{\"@id\":\"https:\\\/\\\/kanakydesign.com\\\/#\\\/schema\\\/logo\\\/image\\\/\"}}]}<\/script>\n<!-- \/ Yoast SEO plugin. -->","yoast_head_json":{"title":"Porte-cintres en bambou | KanakyDesign Enclosures","description":"Kanaky Design PVC bamboo hanger brackets : paire de fixation \u00e0 pression r\u00e9glable pour diff\u00e9rentes \u00e9paisseurs. Parfaites pour les cintres en bambou et en bois cylindrique.","robots":{"index":"index","follow":"follow","max-snippet":"max-snippet:-1","max-image-preview":"max-image-preview:large","max-video-preview":"max-video-preview:-1"},"canonical":"https:\/\/kanakydesign.com\/fr\/produit\/percha-bambu-soportes\/","og_locale":"fr_FR","og_type":"article","og_title":"Percha Bamb\u00fa Soportes | KanakyDesign Enclosures","og_description":"Soportes PVC percha bamb\u00fa Kanaky Design: pareja de fijaci\u00f3n ajustable por presi\u00f3n para varios grosores. Perfectos para perchas de bamb\u00fa y maderas cil\u00edndricas.","og_url":"https:\/\/kanakydesign.com\/fr\/produit\/percha-bambu-soportes\/","og_site_name":"KanakyDesign Enclosures","article_modified_time":"2026-02-08T00:42:28+00:00","og_image":[{"width":2549,"height":2549,"url":"https:\/\/kanakydesign.com\/wp-content\/uploads\/2023\/10\/DSC2819.jpg","type":"image\/jpeg"}],"twitter_card":"summary_large_image","twitter_misc":{"Dur\u00e9e de lecture estim\u00e9e":"2 minutes"},"schema":{"@context":"https:\/\/schema.org","@graph":[{"@type":"WebPage","@id":"https:\/\/kanakydesign.com\/producto\/percha-bambu-soportes\/","url":"https:\/\/kanakydesign.com\/producto\/percha-bambu-soportes\/","name":"Porte-cintres en bambou | KanakyDesign Enclosures","isPartOf":{"@id":"https:\/\/kanakydesign.com\/#website"},"primaryImageOfPage":{"@id":"https:\/\/kanakydesign.com\/producto\/percha-bambu-soportes\/#primaryimage"},"image":{"@id":"https:\/\/kanakydesign.com\/producto\/percha-bambu-soportes\/#primaryimage"},"thumbnailUrl":"https:\/\/kanakydesign.com\/wp-content\/uploads\/2023\/10\/DSC2819.jpg","datePublished":"2023-10-10T11:31:46+00:00","dateModified":"2026-02-08T00:42:28+00:00","description":"Kanaky Design PVC bamboo hanger brackets : paire de fixation \u00e0 pression r\u00e9glable pour diff\u00e9rentes \u00e9paisseurs. Parfaites pour les cintres en bambou et en bois cylindrique.","breadcrumb":{"@id":"https:\/\/kanakydesign.com\/producto\/percha-bambu-soportes\/#breadcrumb"},"inLanguage":"fr-FR","potentialAction":[{"@type":"ReadAction","target":["https:\/\/kanakydesign.com\/producto\/percha-bambu-soportes\/"]}]},{"@type":"ImageObject","inLanguage":"fr-FR","@id":"https:\/\/kanakydesign.com\/producto\/percha-bambu-soportes\/#primaryimage","url":"https:\/\/kanakydesign.com\/wp-content\/uploads\/2023\/10\/DSC2819.jpg","contentUrl":"https:\/\/kanakydesign.com\/wp-content\/uploads\/2023\/10\/DSC2819.jpg","width":2549,"height":2549},{"@type":"BreadcrumbList","@id":"https:\/\/kanakydesign.com\/producto\/percha-bambu-soportes\/#breadcrumb","itemListElement":[{"@type":"ListItem","position":1,"name":"Portada","item":"https:\/\/kanakydesign.com\/"},{"@type":"ListItem","position":2,"name":"Tienda","item":"https:\/\/kanakydesign.com\/tienda\/"},{"@type":"ListItem","position":3,"name":"Percha Bamb\u00fa Soportes"}]},{"@type":"WebSite","@id":"https:\/\/kanakydesign.com\/#website","url":"https:\/\/kanakydesign.com\/","name":"KanakyDesign Enclosures","description":"Become a professional keeper","publisher":{"@id":"https:\/\/kanakydesign.com\/#organization"},"alternateName":"KanakyDesign","potentialAction":[{"@type":"SearchAction","target":{"@type":"EntryPoint","urlTemplate":"https:\/\/kanakydesign.com\/?s={search_term_string}"},"query-input":{"@type":"PropertyValueSpecification","valueRequired":true,"valueName":"search_term_string"}}],"inLanguage":"fr-FR"},{"@type":"Organization","@id":"https:\/\/kanakydesign.com\/#organization","name":"KanakyDesign Enclosures","alternateName":"KanakyDesign","url":"https:\/\/kanakydesign.com\/","logo":{"@type":"ImageObject","inLanguage":"fr-FR","@id":"https:\/\/kanakydesign.com\/#\/schema\/logo\/image\/","url":"https:\/\/kanakydesign.com\/wp-content\/uploads\/2023\/06\/Logo-KanakyDesign-circular-negro-1.png","contentUrl":"https:\/\/kanakydesign.com\/wp-content\/uploads\/2023\/06\/Logo-KanakyDesign-circular-negro-1.png","width":2000,"height":2000,"caption":"KanakyDesign Enclosures"},"image":{"@id":"https:\/\/kanakydesign.com\/#\/schema\/logo\/image\/"}}]}},"_links":{"self":[{"href":"https:\/\/kanakydesign.com\/fr\/wp-json\/wp\/v2\/product\/1137","targetHints":{"allow":["GET"]}}],"collection":[{"href":"https:\/\/kanakydesign.com\/fr\/wp-json\/wp\/v2\/product"}],"about":[{"href":"https:\/\/kanakydesign.com\/fr\/wp-json\/wp\/v2\/types\/product"}],"wp:featuredmedia":[{"embeddable":true,"href":"https:\/\/kanakydesign.com\/fr\/wp-json\/wp\/v2\/media\/1186"}],"wp:attachment":[{"href":"https:\/\/kanakydesign.com\/fr\/wp-json\/wp\/v2\/media?parent=1137"}],"wp:term":[{"taxonomy":"product_brand","embeddable":true,"href":"https:\/\/kanakydesign.com\/fr\/wp-json\/wp\/v2\/product_brand?post=1137"},{"taxonomy":"product_cat","embeddable":true,"href":"https:\/\/kanakydesign.com\/fr\/wp-json\/wp\/v2\/product_cat?post=1137"},{"taxonomy":"product_tag","embeddable":true,"href":"https:\/\/kanakydesign.com\/fr\/wp-json\/wp\/v2\/product_tag?post=1137"}],"curies":[{"name":"wp","href":"https:\/\/api.w.org\/{rel}","templated":true}]}}