{"id":1131,"date":"2023-10-10T11:29:48","date_gmt":"2023-10-10T11:29:48","guid":{"rendered":"https:\/\/kanakydesign.com\/?post_type=product&#038;p=1131"},"modified":"2026-02-08T00:46:02","modified_gmt":"2026-02-08T00:46:02","slug":"percha-bambu-pack","status":"publish","type":"product","link":"https:\/\/kanakydesign.com\/fr\/produit\/percha-bambu-pack\/","title":{"rendered":"Pack de cintres en bambou"},"content":{"rendered":"<p data-start=\"183\" data-end=\"666\">Les <strong data-start=\"186\" data-end=\"255\">Suspension pour terrarium en bambou avec supports en PVC Kanaky Design<\/strong> est le moyen le plus rapide et le plus propre de cr\u00e9er un perchoir solide dans les terrariums arboricoles et tropicaux. Comprend <strong data-start=\"363\" data-end=\"390\">1 tube de bambou naturel<\/strong> y <strong data-start=\"393\" data-end=\"424\">1 paire de supports en PVC<\/strong> con\u00e7u par nos soins pour la fixation de cintres en bambou ou en bois cylindrique avec <strong data-start=\"502\" data-end=\"524\">ajustement serr\u00e9<\/strong>. Vous \u00e9vitez ainsi de devoir rechercher des pi\u00e8ces compatibles s\u00e9par\u00e9es et vous obtenez un r\u00e9sultat stable, s\u00fbr et esth\u00e9tique d\u00e8s le premier montage.<\/p>\n<p data-start=\"668\" data-end=\"1075\">Ce pack est sp\u00e9cialement con\u00e7u pour les terrariums o\u00f9 l'espace vertical est important : les serpents arboricoles comme les <strong data-start=\"783\" data-end=\"802\">Morelia viridis<\/strong> o <strong data-start=\"805\" data-end=\"825\">Corallus caninus<\/strong>, Le perchoir est con\u00e7u pour les geckos, les cam\u00e9l\u00e9ons et autres esp\u00e8ces grimpantes qui ont besoin de points de repos \u00e9lev\u00e9s. Un perchoir solide am\u00e9liore l'utilisation du terrarium, permet des postures naturelles et aide \u00e0 cr\u00e9er des voies de d\u00e9placement entre les branches, les plantes et les zones de thermor\u00e9gulation.<\/p>\n<h2 data-start=\"1077\" data-end=\"1103\">Que comprend le pack ?<\/h2>\n<ul data-start=\"1104\" data-end=\"1211\">\n<li data-start=\"1104\" data-end=\"1153\">\n<p data-start=\"1106\" data-end=\"1153\"><strong data-start=\"1106\" data-end=\"1133\">1 tube de bambou naturel<\/strong> (perche\/perche)<\/p>\n<\/li>\n<li data-start=\"1154\" data-end=\"1211\">\n<p data-start=\"1156\" data-end=\"1211\"><strong data-start=\"1156\" data-end=\"1198\">1 paire de supports PVC Kanaky Design<\/strong> (fixation)<\/p>\n<\/li>\n<\/ul>\n<p data-start=\"1213\" data-end=\"1483\">Les supports s'adaptent \u00e0 <strong data-start=\"1239\" data-end=\"1258\">diff\u00e9rentes \u00e9paisseurs<\/strong> et le fera <strong data-start=\"1264\" data-end=\"1287\">ajustement serr\u00e9<\/strong>, ce qui le rend facile \u00e0 assembler et \u00e0 entretenir. Cela vous permet \u00e9galement de changer de cintre \u00e0 l'avenir sans avoir \u00e0 remplacer les supports si vous d\u00e9cidez d'utiliser un autre bambou ou un bois cylindrique similaire.<\/p>\n<h2 data-start=\"1485\" data-end=\"1531\">\ud83c\udf3f Bambou naturel : aspect r\u00e9aliste et fonctionnel<\/h2>\n<p data-start=\"1532\" data-end=\"1777\">Le bambou donne une finition tr\u00e8s naturelle au terrarium, convient parfaitement aux installations tropicales et bioactives et offre un support confortable aux animaux arboricoles. Il permet \u00e9galement de cr\u00e9er un design plus \u201cjungle\u201d sans avoir recours \u00e0 des \u00e9l\u00e9ments artificiels visibles.<\/p>\n<h2 data-start=\"1779\" data-end=\"1837\">\ud83d\udd27 Supports en PVC Kanaky Design : assemblage propre et stable<\/h2>\n<p data-start=\"1838\" data-end=\"2164\">Le grand avantage des supports de perchoirs est qu'ils maintiennent fermement le perchoir et permettent d'\u00e9viter les torsions ou les d\u00e9placements. Un perchoir stable est essentiel, en particulier pour les animaux qui restent enroul\u00e9s et exercent une pression constante sur le perchoir. En PVC, ils sont faciles \u00e0 nettoyer et conviennent aux environnements o\u00f9 l'humidit\u00e9 est fr\u00e9quente.<\/p>\n<h2 data-start=\"2166\" data-end=\"2193\">\ud83d\udee0\ufe0f Id\u00e9es d'installation<\/h2>\n<ul data-start=\"2194\" data-end=\"2477\">\n<li data-start=\"2194\" data-end=\"2283\">\n<p data-start=\"2196\" data-end=\"2283\">Placez le perchoir dans le tiers sup\u00e9rieur du terrarium comme point de repos principal.<\/p>\n<\/li>\n<li data-start=\"2284\" data-end=\"2352\">\n<p data-start=\"2286\" data-end=\"2352\">Cr\u00e9ez diff\u00e9rentes hauteurs en combinant ce pack avec d'autres branches\/stores.<\/p>\n<\/li>\n<li data-start=\"2353\" data-end=\"2477\">\n<p data-start=\"2355\" data-end=\"2477\">Veillez \u00e0 ce que le terrarium soit bien plac\u00e9 et v\u00e9rifiez p\u00e9riodiquement sa stabilit\u00e9 s'il est soumis \u00e0 des vibrations ou s'il est beaucoup manipul\u00e9.<\/p>\n<\/li>\n<\/ul>\n<p data-start=\"2479\" data-end=\"2571\">\ud83d\udc49 Trouvez d'autres d\u00e9corations et accessoires pour terrariums sur <strong data-start=\"2535\" data-end=\"2570\"><a class=\"decorated-link\" href=\"https:\/\/kanakydesign.com\/fr\/categoria\/accesorios\/complementos\/\" target=\"_new\" rel=\"noopener\" data-start=\"2537\" data-end=\"2568\">https:\/\/www.kanakydesign.com\/<\/a><\/strong>.<\/p>","protected":false},"excerpt":{"rendered":"<p>Tube en bambou naturel sp\u00e9cialement con\u00e7u pour les esp\u00e8ces de serpents arboricoles telles que <em>Corallus caninus<\/em> o <em>Morelia viridis<\/em>. Comprend une paire de supports pour la fixation au terrarium.<\/p>","protected":false},"featured_media":1091,"template":"","meta":[],"product_brand":[],"product_cat":[23,28],"product_tag":[509,490,495,518,502,515,516,493,492,517,504,503,489],"class_list":{"0":"post-1131","1":"product","2":"type-product","3":"status-publish","4":"has-post-thumbnail","6":"product_cat-accesorios","7":"product_cat-complementos","8":"product_tag-accesorios-terrario-arboricola","9":"product_tag-bambu-natural-terrario","10":"product_tag-decoracion-terrario-tropical","11":"product_tag-fijacion-a-presion-percha","12":"product_tag-kanaky-design","13":"product_tag-pack-percha-bambu-terrario","14":"product_tag-percha-bambu-terrario","15":"product_tag-percha-corallus-caninus","16":"product_tag-percha-morelia-viridis","17":"product_tag-posadero-terrario-arboricola","18":"product_tag-soporte-percha-terrario","19":"product_tag-soportes-pvc-percha-bambu","20":"product_tag-tubo-de-bambu-terrario","22":"first","23":"instock","24":"taxable","25":"shipping-taxable","26":"purchasable","27":"product-type-variable"},"yoast_head":"<!-- This site is optimized with the Yoast SEO plugin v27.4 - https:\/\/yoast.com\/product\/yoast-seo-wordpress\/ -->\n<title>Percha Bamb\u00fa Pack | KanakyDesign Enclosures<\/title>\n<meta name=\"description\" content=\"Pack percha bamb\u00fa terrario: incluye 1 tubo de bamb\u00fa natural y 2 soportes PVC Kanaky Design ajustables por presi\u00f3n. Montaje limpio y estable.\" \/>\n<meta name=\"robots\" content=\"index, follow, max-snippet:-1, max-image-preview:large, max-video-preview:-1\" \/>\n<link rel=\"canonical\" href=\"https:\/\/kanakydesign.com\/fr\/produit\/percha-bambu-pack\/\" \/>\n<meta property=\"og:locale\" content=\"fr_FR\" \/>\n<meta property=\"og:type\" content=\"article\" \/>\n<meta property=\"og:title\" content=\"Percha Bamb\u00fa Pack | KanakyDesign Enclosures\" \/>\n<meta property=\"og:description\" content=\"Pack percha bamb\u00fa terrario: incluye 1 tubo de bamb\u00fa natural y 2 soportes PVC Kanaky Design ajustables por presi\u00f3n. Montaje limpio y estable.\" \/>\n<meta property=\"og:url\" content=\"https:\/\/kanakydesign.com\/fr\/produit\/percha-bambu-pack\/\" \/>\n<meta property=\"og:site_name\" content=\"KanakyDesign Enclosures\" \/>\n<meta property=\"article:modified_time\" content=\"2026-02-08T00:46:02+00:00\" \/>\n<meta property=\"og:image\" content=\"https:\/\/kanakydesign.com\/wp-content\/uploads\/2023\/09\/DSC2821-scaled.jpg\" \/>\n\t<meta property=\"og:image:width\" content=\"2560\" \/>\n\t<meta property=\"og:image:height\" content=\"2560\" \/>\n\t<meta property=\"og:image:type\" content=\"image\/jpeg\" \/>\n<meta name=\"twitter:card\" content=\"summary_large_image\" \/>\n<meta name=\"twitter:label1\" content=\"Dur\u00e9e de lecture estim\u00e9e\" \/>\n\t<meta name=\"twitter:data1\" content=\"2 minutes\" \/>\n<script type=\"application\/ld+json\" class=\"yoast-schema-graph\">{\"@context\":\"https:\\\/\\\/schema.org\",\"@graph\":[{\"@type\":\"WebPage\",\"@id\":\"https:\\\/\\\/kanakydesign.com\\\/producto\\\/percha-bambu-pack\\\/\",\"url\":\"https:\\\/\\\/kanakydesign.com\\\/producto\\\/percha-bambu-pack\\\/\",\"name\":\"Percha Bamb\u00fa Pack | KanakyDesign Enclosures\",\"isPartOf\":{\"@id\":\"https:\\\/\\\/kanakydesign.com\\\/#website\"},\"primaryImageOfPage\":{\"@id\":\"https:\\\/\\\/kanakydesign.com\\\/producto\\\/percha-bambu-pack\\\/#primaryimage\"},\"image\":{\"@id\":\"https:\\\/\\\/kanakydesign.com\\\/producto\\\/percha-bambu-pack\\\/#primaryimage\"},\"thumbnailUrl\":\"https:\\\/\\\/kanakydesign.com\\\/wp-content\\\/uploads\\\/2023\\\/09\\\/DSC2821-scaled.jpg\",\"datePublished\":\"2023-10-10T11:29:48+00:00\",\"dateModified\":\"2026-02-08T00:46:02+00:00\",\"description\":\"Pack percha bamb\u00fa terrario: incluye 1 tubo de bamb\u00fa natural y 2 soportes PVC Kanaky Design ajustables por presi\u00f3n. Montaje limpio y estable.\",\"breadcrumb\":{\"@id\":\"https:\\\/\\\/kanakydesign.com\\\/producto\\\/percha-bambu-pack\\\/#breadcrumb\"},\"inLanguage\":\"fr-FR\",\"potentialAction\":[{\"@type\":\"ReadAction\",\"target\":[\"https:\\\/\\\/kanakydesign.com\\\/producto\\\/percha-bambu-pack\\\/\"]}]},{\"@type\":\"ImageObject\",\"inLanguage\":\"fr-FR\",\"@id\":\"https:\\\/\\\/kanakydesign.com\\\/producto\\\/percha-bambu-pack\\\/#primaryimage\",\"url\":\"https:\\\/\\\/kanakydesign.com\\\/wp-content\\\/uploads\\\/2023\\\/09\\\/DSC2821-scaled.jpg\",\"contentUrl\":\"https:\\\/\\\/kanakydesign.com\\\/wp-content\\\/uploads\\\/2023\\\/09\\\/DSC2821-scaled.jpg\",\"width\":2560,\"height\":2560},{\"@type\":\"BreadcrumbList\",\"@id\":\"https:\\\/\\\/kanakydesign.com\\\/producto\\\/percha-bambu-pack\\\/#breadcrumb\",\"itemListElement\":[{\"@type\":\"ListItem\",\"position\":1,\"name\":\"Portada\",\"item\":\"https:\\\/\\\/kanakydesign.com\\\/\"},{\"@type\":\"ListItem\",\"position\":2,\"name\":\"Tienda\",\"item\":\"https:\\\/\\\/kanakydesign.com\\\/tienda\\\/\"},{\"@type\":\"ListItem\",\"position\":3,\"name\":\"Percha Bamb\u00fa Pack\"}]},{\"@type\":\"WebSite\",\"@id\":\"https:\\\/\\\/kanakydesign.com\\\/#website\",\"url\":\"https:\\\/\\\/kanakydesign.com\\\/\",\"name\":\"KanakyDesign Enclosures\",\"description\":\"Become a professional keeper\",\"publisher\":{\"@id\":\"https:\\\/\\\/kanakydesign.com\\\/#organization\"},\"alternateName\":\"KanakyDesign\",\"potentialAction\":[{\"@type\":\"SearchAction\",\"target\":{\"@type\":\"EntryPoint\",\"urlTemplate\":\"https:\\\/\\\/kanakydesign.com\\\/?s={search_term_string}\"},\"query-input\":{\"@type\":\"PropertyValueSpecification\",\"valueRequired\":true,\"valueName\":\"search_term_string\"}}],\"inLanguage\":\"fr-FR\"},{\"@type\":\"Organization\",\"@id\":\"https:\\\/\\\/kanakydesign.com\\\/#organization\",\"name\":\"KanakyDesign Enclosures\",\"alternateName\":\"KanakyDesign\",\"url\":\"https:\\\/\\\/kanakydesign.com\\\/\",\"logo\":{\"@type\":\"ImageObject\",\"inLanguage\":\"fr-FR\",\"@id\":\"https:\\\/\\\/kanakydesign.com\\\/#\\\/schema\\\/logo\\\/image\\\/\",\"url\":\"https:\\\/\\\/kanakydesign.com\\\/wp-content\\\/uploads\\\/2023\\\/06\\\/Logo-KanakyDesign-circular-negro-1.png\",\"contentUrl\":\"https:\\\/\\\/kanakydesign.com\\\/wp-content\\\/uploads\\\/2023\\\/06\\\/Logo-KanakyDesign-circular-negro-1.png\",\"width\":2000,\"height\":2000,\"caption\":\"KanakyDesign Enclosures\"},\"image\":{\"@id\":\"https:\\\/\\\/kanakydesign.com\\\/#\\\/schema\\\/logo\\\/image\\\/\"}}]}<\/script>\n<!-- \/ Yoast SEO plugin. -->","yoast_head_json":{"title":"Bamboo Hanger Pack | KanakyDesign Enclosures","description":"Suspension pour terrarium en bambou : comprend 1 tube en bambou naturel et 2 supports en PVC Kanaky Design r\u00e9glables par pression. Assemblage propre et stable.","robots":{"index":"index","follow":"follow","max-snippet":"max-snippet:-1","max-image-preview":"max-image-preview:large","max-video-preview":"max-video-preview:-1"},"canonical":"https:\/\/kanakydesign.com\/fr\/produit\/percha-bambu-pack\/","og_locale":"fr_FR","og_type":"article","og_title":"Percha Bamb\u00fa Pack | KanakyDesign Enclosures","og_description":"Pack percha bamb\u00fa terrario: incluye 1 tubo de bamb\u00fa natural y 2 soportes PVC Kanaky Design ajustables por presi\u00f3n. Montaje limpio y estable.","og_url":"https:\/\/kanakydesign.com\/fr\/produit\/percha-bambu-pack\/","og_site_name":"KanakyDesign Enclosures","article_modified_time":"2026-02-08T00:46:02+00:00","og_image":[{"width":2560,"height":2560,"url":"https:\/\/kanakydesign.com\/wp-content\/uploads\/2023\/09\/DSC2821-scaled.jpg","type":"image\/jpeg"}],"twitter_card":"summary_large_image","twitter_misc":{"Dur\u00e9e de lecture estim\u00e9e":"2 minutes"},"schema":{"@context":"https:\/\/schema.org","@graph":[{"@type":"WebPage","@id":"https:\/\/kanakydesign.com\/producto\/percha-bambu-pack\/","url":"https:\/\/kanakydesign.com\/producto\/percha-bambu-pack\/","name":"Bamboo Hanger Pack | KanakyDesign Enclosures","isPartOf":{"@id":"https:\/\/kanakydesign.com\/#website"},"primaryImageOfPage":{"@id":"https:\/\/kanakydesign.com\/producto\/percha-bambu-pack\/#primaryimage"},"image":{"@id":"https:\/\/kanakydesign.com\/producto\/percha-bambu-pack\/#primaryimage"},"thumbnailUrl":"https:\/\/kanakydesign.com\/wp-content\/uploads\/2023\/09\/DSC2821-scaled.jpg","datePublished":"2023-10-10T11:29:48+00:00","dateModified":"2026-02-08T00:46:02+00:00","description":"Suspension pour terrarium en bambou : comprend 1 tube en bambou naturel et 2 supports en PVC Kanaky Design r\u00e9glables par pression. Assemblage propre et stable.","breadcrumb":{"@id":"https:\/\/kanakydesign.com\/producto\/percha-bambu-pack\/#breadcrumb"},"inLanguage":"fr-FR","potentialAction":[{"@type":"ReadAction","target":["https:\/\/kanakydesign.com\/producto\/percha-bambu-pack\/"]}]},{"@type":"ImageObject","inLanguage":"fr-FR","@id":"https:\/\/kanakydesign.com\/producto\/percha-bambu-pack\/#primaryimage","url":"https:\/\/kanakydesign.com\/wp-content\/uploads\/2023\/09\/DSC2821-scaled.jpg","contentUrl":"https:\/\/kanakydesign.com\/wp-content\/uploads\/2023\/09\/DSC2821-scaled.jpg","width":2560,"height":2560},{"@type":"BreadcrumbList","@id":"https:\/\/kanakydesign.com\/producto\/percha-bambu-pack\/#breadcrumb","itemListElement":[{"@type":"ListItem","position":1,"name":"Portada","item":"https:\/\/kanakydesign.com\/"},{"@type":"ListItem","position":2,"name":"Tienda","item":"https:\/\/kanakydesign.com\/tienda\/"},{"@type":"ListItem","position":3,"name":"Percha Bamb\u00fa Pack"}]},{"@type":"WebSite","@id":"https:\/\/kanakydesign.com\/#website","url":"https:\/\/kanakydesign.com\/","name":"KanakyDesign Enclosures","description":"Become a professional keeper","publisher":{"@id":"https:\/\/kanakydesign.com\/#organization"},"alternateName":"KanakyDesign","potentialAction":[{"@type":"SearchAction","target":{"@type":"EntryPoint","urlTemplate":"https:\/\/kanakydesign.com\/?s={search_term_string}"},"query-input":{"@type":"PropertyValueSpecification","valueRequired":true,"valueName":"search_term_string"}}],"inLanguage":"fr-FR"},{"@type":"Organization","@id":"https:\/\/kanakydesign.com\/#organization","name":"KanakyDesign Enclosures","alternateName":"KanakyDesign","url":"https:\/\/kanakydesign.com\/","logo":{"@type":"ImageObject","inLanguage":"fr-FR","@id":"https:\/\/kanakydesign.com\/#\/schema\/logo\/image\/","url":"https:\/\/kanakydesign.com\/wp-content\/uploads\/2023\/06\/Logo-KanakyDesign-circular-negro-1.png","contentUrl":"https:\/\/kanakydesign.com\/wp-content\/uploads\/2023\/06\/Logo-KanakyDesign-circular-negro-1.png","width":2000,"height":2000,"caption":"KanakyDesign Enclosures"},"image":{"@id":"https:\/\/kanakydesign.com\/#\/schema\/logo\/image\/"}}]}},"_links":{"self":[{"href":"https:\/\/kanakydesign.com\/fr\/wp-json\/wp\/v2\/product\/1131","targetHints":{"allow":["GET"]}}],"collection":[{"href":"https:\/\/kanakydesign.com\/fr\/wp-json\/wp\/v2\/product"}],"about":[{"href":"https:\/\/kanakydesign.com\/fr\/wp-json\/wp\/v2\/types\/product"}],"wp:featuredmedia":[{"embeddable":true,"href":"https:\/\/kanakydesign.com\/fr\/wp-json\/wp\/v2\/media\/1091"}],"wp:attachment":[{"href":"https:\/\/kanakydesign.com\/fr\/wp-json\/wp\/v2\/media?parent=1131"}],"wp:term":[{"taxonomy":"product_brand","embeddable":true,"href":"https:\/\/kanakydesign.com\/fr\/wp-json\/wp\/v2\/product_brand?post=1131"},{"taxonomy":"product_cat","embeddable":true,"href":"https:\/\/kanakydesign.com\/fr\/wp-json\/wp\/v2\/product_cat?post=1131"},{"taxonomy":"product_tag","embeddable":true,"href":"https:\/\/kanakydesign.com\/fr\/wp-json\/wp\/v2\/product_tag?post=1131"}],"curies":[{"name":"wp","href":"https:\/\/api.w.org\/{rel}","templated":true}]}}