{"id":1062,"date":"2023-09-27T11:29:03","date_gmt":"2023-09-27T11:29:03","guid":{"rendered":"https:\/\/kanakydesign.com\/?post_type=product&#038;p=1062"},"modified":"2026-03-26T13:17:48","modified_gmt":"2026-03-26T13:17:48","slug":"puntera-de-aspersion","status":"publish","type":"product","link":"https:\/\/kanakydesign.com\/fr\/produit\/puntera-de-aspersion\/","title":{"rendered":"Embout de pulv\u00e9risation"},"content":{"rendered":"<p data-start=\"175\" data-end=\"631\">Le <strong data-start=\"179\" data-end=\"252\">buses de pulv\u00e9risation pour terrarium buses de syst\u00e8me de pluie<\/strong> sont la solution de remplacement id\u00e9ale lorsqu'une buse se bouche et que vous ne voulez pas (ou n'avez pas besoin) de remplacer l'ensemble. \u00c0 l'usage, il est normal que certaines buses accumulent du tartre ou des s\u00e9diments, surtout si l'eau est dure. Dans de nombreux cas, le probl\u00e8me se concentre sur la buse. <strong data-start=\"518\" data-end=\"529\">orteil<\/strong>, C'est pourquoi son remplacement est le moyen le plus rapide et le plus \u00e9conomique de retrouver une pulv\u00e9risation fine et r\u00e9guli\u00e8re.<\/p>\n<p data-start=\"633\" data-end=\"951\">La substitution est simple : il suffit de <strong data-start=\"671\" data-end=\"697\">d\u00e9visser l'embout<\/strong> de la partie principale (la partie <strong data-start=\"730\" data-end=\"738\">gris<\/strong>) et installez le nouveau. De cette fa\u00e7on, le syst\u00e8me fonctionne avec une bonne pression et sans perte de performance, ce qui est essentiel dans les terrariums tropicaux, bioactifs et les paludariums o\u00f9 une humidit\u00e9 stable fait toute la diff\u00e9rence.<\/p>\n<h2 data-start=\"953\" data-end=\"1002\">\u2705 Remplacement rapide sans changer l'ensemble de la buse<\/h2>\n<p data-start=\"1003\" data-end=\"1074\">Vous \u00eates \u00e0 <strong data-start=\"1009\" data-end=\"1061\">t\u00eates d'arrosage syst\u00e8me de pluie pour terrarium<\/strong> vous permettent de :<\/p>\n<ul data-start=\"1075\" data-end=\"1275\">\n<li data-start=\"1075\" data-end=\"1119\">\n<p data-start=\"1077\" data-end=\"1119\">r\u00e9parer une buse bouch\u00e9e en quelques minutes<\/p>\n<\/li>\n<li data-start=\"1120\" data-end=\"1165\">\n<p data-start=\"1122\" data-end=\"1165\">sauvegarde, r\u00e9utilisation du corps principal<\/p>\n<\/li>\n<li data-start=\"1166\" data-end=\"1220\">\n<p data-start=\"1168\" data-end=\"1220\">maintenir une pulv\u00e9risation fine sur toutes les lignes<\/p>\n<\/li>\n<li data-start=\"1221\" data-end=\"1275\">\n<p data-start=\"1223\" data-end=\"1275\">disposer de pi\u00e8ces de rechange pour la maintenance pr\u00e9ventive<\/p>\n<\/li>\n<\/ul>\n<h2 data-start=\"1277\" data-end=\"1319\">\ud83c\udf27\ufe0f Deux degr\u00e9s de pulv\u00e9risation : 80\u00ba ou 120\u00ba.<\/h2>\n<p data-start=\"1320\" data-end=\"1384\">Choisissez l'angle en fonction de votre montage et de la r\u00e9partition des buses :<\/p>\n<h3 data-start=\"1386\" data-end=\"1438\">\u26aa 80\u00ba (blanc) - port\u00e9e plus longue, arc plus \u00e9troit<\/h3>\n<p data-start=\"1439\" data-end=\"1706\">Le <strong data-start=\"1443\" data-end=\"1459\">Pointes 80<\/strong> g\u00e9n\u00e9rer un <strong data-start=\"1471\" data-end=\"1507\">arc de pulv\u00e9risation plus \u00e9troit<\/strong>, mais avec <strong data-start=\"1518\" data-end=\"1535\">champ d'application plus large<\/strong>. Ils sont id\u00e9aux si vous souhaitez diriger l'arrosage vers une zone sp\u00e9cifique (par exemple, un arri\u00e8re-plan, un mur de mousse ou des plantes hautes) ou si vous avez besoin que le jet atteigne une plus grande distance.<\/p>\n<h3 data-start=\"1708\" data-end=\"1758\">\u26ab 120\u00b0 (noir) - plus de couverture, port\u00e9e plus courte<\/h3>\n<p data-start=\"1759\" data-end=\"2028\">Le <strong data-start=\"1763\" data-end=\"1780\">Embouts 120<\/strong> d'ouvrir la gamme, cr\u00e9ant ainsi une <strong data-start=\"1810\" data-end=\"1829\">arc plus large<\/strong> pour couvrir une plus grande surface (feuilles, branches et d\u00e9corations), bien que la pulv\u00e9risation de l'eau soit plus efficace que la pulv\u00e9risation de l'eau. <strong data-start=\"1908\" data-end=\"1930\">ne va pas aussi loin<\/strong> comme pour le 80\u00ba. Ils sont parfaits pour les terrariums larges ou lorsque vous recherchez une distribution plus g\u00e9n\u00e9rale.<\/p>\n<h2 data-start=\"2030\" data-end=\"2081\">\ud83e\uddfc Entretien recommand\u00e9 en cas de colmatage (chaux)<\/h2>\n<p data-start=\"2082\" data-end=\"2161\">Avant d'\u00eatre remplac\u00e9s, ils peuvent souvent \u00eatre restaur\u00e9s par un simple nettoyage :<\/p>\n<ol data-start=\"2163\" data-end=\"2440\">\n<li data-start=\"2163\" data-end=\"2253\">\n<p data-start=\"2166\" data-end=\"2253\">Retirer l'embout et <strong data-start=\"2186\" data-end=\"2209\">tremper pendant 1 \u00e0 2 heures<\/strong> dans un petit r\u00e9cipient avec <strong data-start=\"2239\" data-end=\"2250\">anti-calcaire<\/strong>.<\/p>\n<\/li>\n<li data-start=\"2254\" data-end=\"2400\">\n<p data-start=\"2257\" data-end=\"2400\">Par la suite, <strong data-start=\"2266\" data-end=\"2285\">clarifie tr\u00e8s bien<\/strong> avec de l'eau propre afin qu'il ne reste aucun r\u00e9sidu (il est important d'emp\u00eacher tout r\u00e9sidu toxique de p\u00e9n\u00e9trer dans le terrarium).<\/p>\n<\/li>\n<li data-start=\"2401\" data-end=\"2440\">\n<p data-start=\"2404\" data-end=\"2440\">Remonter et tester le syst\u00e8me.<\/p>\n<\/li>\n<\/ol>\n<p data-start=\"2442\" data-end=\"2595\">Si, apr\u00e8s le nettoyage, la buse ne pulv\u00e9rise toujours pas correctement ou si la forme du jet est irr\u00e9guli\u00e8re, il est conseill\u00e9 d'effectuer les op\u00e9rations suivantes <strong data-start=\"2558\" data-end=\"2580\">changement de l'embout<\/strong> pour un nouveau.<\/p>\n<p data-start=\"2597\" data-end=\"2703\">\ud83d\udc49 Vous trouverez d'autres pi\u00e8ces d\u00e9tach\u00e9es et composants pour votre syst\u00e8me de pluie \u00e0 l'adresse suivante <strong data-start=\"2667\" data-end=\"2702\"><a class=\"decorated-link\" href=\"https:\/\/kanakydesign.com\/fr\/categoria\/accesorios\/sistemas-de-lluvia\/\" target=\"_new\" rel=\"noopener\" data-start=\"2669\" data-end=\"2700\">https:\/\/www.kanakydesign.com\/<\/a><\/strong>.<\/p>","protected":false},"excerpt":{"rendered":"<p>Ces embouts de pulv\u00e9risation servent de remplacement si votre buse est irr\u00e9m\u00e9diablement bouch\u00e9e. Dans ce cas, il n'est pas n\u00e9cessaire de remplacer l'ensemble de la buse. Il suffit de remplacer la buse en la d\u00e9vissant de la partie principale grise.<\/p>\n<p>La buse de pulv\u00e9risation de 80\u00b0 (blanche) donne un arc de pulv\u00e9risation plus \u00e9troit, mais une port\u00e9e plus longue, tandis que la buse de pulv\u00e9risation de 120\u00b0 (noire) donne un arc de pulv\u00e9risation plus large, mais ne porte pas aussi loin.<\/p>","protected":false},"featured_media":1113,"template":"","meta":[],"product_brand":[],"product_cat":[23,27],"product_tag":[423,420,422,375,424,417,416,418,414,419,413,415,421],"class_list":{"0":"post-1062","1":"product","2":"type-product","3":"status-publish","4":"has-post-thumbnail","6":"product_cat-accesorios","7":"product_cat-sistemas-de-lluvia","8":"product_tag-antical-boquillas-terrario","9":"product_tag-boquillas-riego-terrario","10":"product_tag-mantenimiento-boquillas-cal","11":"product_tag-nebulizacion-terrario","12":"product_tag-pulverizacion-terrario","13":"product_tag-puntera-aspersion-120-grados","14":"product_tag-puntera-aspersion-80-grados","15":"product_tag-puntera-blanca-80o","16":"product_tag-puntera-boquilla-terrario","17":"product_tag-puntera-negra-120o","18":"product_tag-punteras-aspersion-sistema-lluvia","19":"product_tag-recambio-boquilla-sistema-de-lluvia","20":"product_tag-repuestos-sistema-de-lluvia","21":"product_shipping_class-accesorios","23":"first","24":"instock","25":"taxable","26":"shipping-taxable","27":"purchasable","28":"product-type-variable"},"yoast_head":"<!-- This site is optimized with the Yoast SEO plugin v27.3 - https:\/\/yoast.com\/product\/yoast-seo-wordpress\/ -->\n<title>Puntera de aspersi\u00f3n | KanakyDesign Enclosures<\/title>\n<meta name=\"description\" content=\"Punteras aspersi\u00f3n sistema lluvia para terrario (recambio). 80\u00ba blancas: m\u00e1s alcance. 120\u00ba negras: m\u00e1s cobertura. Limpieza antical 1\u20132 h.\" \/>\n<meta name=\"robots\" content=\"index, follow, max-snippet:-1, max-image-preview:large, max-video-preview:-1\" \/>\n<link rel=\"canonical\" href=\"https:\/\/kanakydesign.com\/fr\/produit\/puntera-de-aspersion\/\" \/>\n<meta property=\"og:locale\" content=\"fr_FR\" \/>\n<meta property=\"og:type\" content=\"article\" \/>\n<meta property=\"og:title\" content=\"Puntera de aspersi\u00f3n | KanakyDesign Enclosures\" \/>\n<meta property=\"og:description\" content=\"Punteras aspersi\u00f3n sistema lluvia para terrario (recambio). 80\u00ba blancas: m\u00e1s alcance. 120\u00ba negras: m\u00e1s cobertura. Limpieza antical 1\u20132 h.\" \/>\n<meta property=\"og:url\" content=\"https:\/\/kanakydesign.com\/fr\/produit\/puntera-de-aspersion\/\" \/>\n<meta property=\"og:site_name\" content=\"KanakyDesign Enclosures\" \/>\n<meta property=\"article:modified_time\" content=\"2026-03-26T13:17:48+00:00\" \/>\n<meta property=\"og:image\" content=\"https:\/\/kanakydesign.com\/wp-content\/uploads\/2023\/09\/DSC2876.jpg\" \/>\n\t<meta property=\"og:image:width\" content=\"2086\" \/>\n\t<meta property=\"og:image:height\" content=\"2086\" \/>\n\t<meta property=\"og:image:type\" content=\"image\/jpeg\" \/>\n<meta name=\"twitter:card\" content=\"summary_large_image\" \/>\n<meta name=\"twitter:label1\" content=\"Dur\u00e9e de lecture estim\u00e9e\" \/>\n\t<meta name=\"twitter:data1\" content=\"2 minutes\" \/>\n<script type=\"application\/ld+json\" class=\"yoast-schema-graph\">{\"@context\":\"https:\\\/\\\/schema.org\",\"@graph\":[{\"@type\":\"WebPage\",\"@id\":\"https:\\\/\\\/kanakydesign.com\\\/producto\\\/puntera-de-aspersion\\\/\",\"url\":\"https:\\\/\\\/kanakydesign.com\\\/producto\\\/puntera-de-aspersion\\\/\",\"name\":\"Puntera de aspersi\u00f3n | KanakyDesign Enclosures\",\"isPartOf\":{\"@id\":\"https:\\\/\\\/kanakydesign.com\\\/#website\"},\"primaryImageOfPage\":{\"@id\":\"https:\\\/\\\/kanakydesign.com\\\/producto\\\/puntera-de-aspersion\\\/#primaryimage\"},\"image\":{\"@id\":\"https:\\\/\\\/kanakydesign.com\\\/producto\\\/puntera-de-aspersion\\\/#primaryimage\"},\"thumbnailUrl\":\"https:\\\/\\\/kanakydesign.com\\\/wp-content\\\/uploads\\\/2023\\\/09\\\/DSC2876.jpg\",\"datePublished\":\"2023-09-27T11:29:03+00:00\",\"dateModified\":\"2026-03-26T13:17:48+00:00\",\"description\":\"Punteras aspersi\u00f3n sistema lluvia para terrario (recambio). 80\u00ba blancas: m\u00e1s alcance. 120\u00ba negras: m\u00e1s cobertura. Limpieza antical 1\u20132 h.\",\"breadcrumb\":{\"@id\":\"https:\\\/\\\/kanakydesign.com\\\/producto\\\/puntera-de-aspersion\\\/#breadcrumb\"},\"inLanguage\":\"fr-FR\",\"potentialAction\":[{\"@type\":\"ReadAction\",\"target\":[\"https:\\\/\\\/kanakydesign.com\\\/producto\\\/puntera-de-aspersion\\\/\"]}]},{\"@type\":\"ImageObject\",\"inLanguage\":\"fr-FR\",\"@id\":\"https:\\\/\\\/kanakydesign.com\\\/producto\\\/puntera-de-aspersion\\\/#primaryimage\",\"url\":\"https:\\\/\\\/kanakydesign.com\\\/wp-content\\\/uploads\\\/2023\\\/09\\\/DSC2876.jpg\",\"contentUrl\":\"https:\\\/\\\/kanakydesign.com\\\/wp-content\\\/uploads\\\/2023\\\/09\\\/DSC2876.jpg\",\"width\":2086,\"height\":2086},{\"@type\":\"BreadcrumbList\",\"@id\":\"https:\\\/\\\/kanakydesign.com\\\/producto\\\/puntera-de-aspersion\\\/#breadcrumb\",\"itemListElement\":[{\"@type\":\"ListItem\",\"position\":1,\"name\":\"Portada\",\"item\":\"https:\\\/\\\/kanakydesign.com\\\/\"},{\"@type\":\"ListItem\",\"position\":2,\"name\":\"Tienda\",\"item\":\"https:\\\/\\\/kanakydesign.com\\\/tienda\\\/\"},{\"@type\":\"ListItem\",\"position\":3,\"name\":\"Puntera de aspersi\u00f3n\"}]},{\"@type\":\"WebSite\",\"@id\":\"https:\\\/\\\/kanakydesign.com\\\/#website\",\"url\":\"https:\\\/\\\/kanakydesign.com\\\/\",\"name\":\"KanakyDesign Enclosures\",\"description\":\"Become a professional keeper\",\"publisher\":{\"@id\":\"https:\\\/\\\/kanakydesign.com\\\/#organization\"},\"alternateName\":\"KanakyDesign\",\"potentialAction\":[{\"@type\":\"SearchAction\",\"target\":{\"@type\":\"EntryPoint\",\"urlTemplate\":\"https:\\\/\\\/kanakydesign.com\\\/?s={search_term_string}\"},\"query-input\":{\"@type\":\"PropertyValueSpecification\",\"valueRequired\":true,\"valueName\":\"search_term_string\"}}],\"inLanguage\":\"fr-FR\"},{\"@type\":\"Organization\",\"@id\":\"https:\\\/\\\/kanakydesign.com\\\/#organization\",\"name\":\"KanakyDesign Enclosures\",\"alternateName\":\"KanakyDesign\",\"url\":\"https:\\\/\\\/kanakydesign.com\\\/\",\"logo\":{\"@type\":\"ImageObject\",\"inLanguage\":\"fr-FR\",\"@id\":\"https:\\\/\\\/kanakydesign.com\\\/#\\\/schema\\\/logo\\\/image\\\/\",\"url\":\"https:\\\/\\\/kanakydesign.com\\\/wp-content\\\/uploads\\\/2023\\\/06\\\/Logo-KanakyDesign-circular-negro-1.png\",\"contentUrl\":\"https:\\\/\\\/kanakydesign.com\\\/wp-content\\\/uploads\\\/2023\\\/06\\\/Logo-KanakyDesign-circular-negro-1.png\",\"width\":2000,\"height\":2000,\"caption\":\"KanakyDesign Enclosures\"},\"image\":{\"@id\":\"https:\\\/\\\/kanakydesign.com\\\/#\\\/schema\\\/logo\\\/image\\\/\"}}]}<\/script>\n<!-- \/ Yoast SEO plugin. -->","yoast_head_json":{"title":"Buse de pulv\u00e9risation : KanakyDesign Enclosures","description":"Pointes d'arroseur du syst\u00e8me de pluie pour terrarium (remplacement). 80\u00ba blanc : plus de port\u00e9e. 120\u00ba noir : plus de couverture. Nettoyage anti-calcaire 1-2 h.","robots":{"index":"index","follow":"follow","max-snippet":"max-snippet:-1","max-image-preview":"max-image-preview:large","max-video-preview":"max-video-preview:-1"},"canonical":"https:\/\/kanakydesign.com\/fr\/produit\/puntera-de-aspersion\/","og_locale":"fr_FR","og_type":"article","og_title":"Puntera de aspersi\u00f3n | KanakyDesign Enclosures","og_description":"Punteras aspersi\u00f3n sistema lluvia para terrario (recambio). 80\u00ba blancas: m\u00e1s alcance. 120\u00ba negras: m\u00e1s cobertura. Limpieza antical 1\u20132 h.","og_url":"https:\/\/kanakydesign.com\/fr\/produit\/puntera-de-aspersion\/","og_site_name":"KanakyDesign Enclosures","article_modified_time":"2026-03-26T13:17:48+00:00","og_image":[{"width":2086,"height":2086,"url":"https:\/\/kanakydesign.com\/wp-content\/uploads\/2023\/09\/DSC2876.jpg","type":"image\/jpeg"}],"twitter_card":"summary_large_image","twitter_misc":{"Dur\u00e9e de lecture estim\u00e9e":"2 minutes"},"schema":{"@context":"https:\/\/schema.org","@graph":[{"@type":"WebPage","@id":"https:\/\/kanakydesign.com\/producto\/puntera-de-aspersion\/","url":"https:\/\/kanakydesign.com\/producto\/puntera-de-aspersion\/","name":"Buse de pulv\u00e9risation : KanakyDesign Enclosures","isPartOf":{"@id":"https:\/\/kanakydesign.com\/#website"},"primaryImageOfPage":{"@id":"https:\/\/kanakydesign.com\/producto\/puntera-de-aspersion\/#primaryimage"},"image":{"@id":"https:\/\/kanakydesign.com\/producto\/puntera-de-aspersion\/#primaryimage"},"thumbnailUrl":"https:\/\/kanakydesign.com\/wp-content\/uploads\/2023\/09\/DSC2876.jpg","datePublished":"2023-09-27T11:29:03+00:00","dateModified":"2026-03-26T13:17:48+00:00","description":"Pointes d'arroseur du syst\u00e8me de pluie pour terrarium (remplacement). 80\u00ba blanc : plus de port\u00e9e. 120\u00ba noir : plus de couverture. Nettoyage anti-calcaire 1-2 h.","breadcrumb":{"@id":"https:\/\/kanakydesign.com\/producto\/puntera-de-aspersion\/#breadcrumb"},"inLanguage":"fr-FR","potentialAction":[{"@type":"ReadAction","target":["https:\/\/kanakydesign.com\/producto\/puntera-de-aspersion\/"]}]},{"@type":"ImageObject","inLanguage":"fr-FR","@id":"https:\/\/kanakydesign.com\/producto\/puntera-de-aspersion\/#primaryimage","url":"https:\/\/kanakydesign.com\/wp-content\/uploads\/2023\/09\/DSC2876.jpg","contentUrl":"https:\/\/kanakydesign.com\/wp-content\/uploads\/2023\/09\/DSC2876.jpg","width":2086,"height":2086},{"@type":"BreadcrumbList","@id":"https:\/\/kanakydesign.com\/producto\/puntera-de-aspersion\/#breadcrumb","itemListElement":[{"@type":"ListItem","position":1,"name":"Portada","item":"https:\/\/kanakydesign.com\/"},{"@type":"ListItem","position":2,"name":"Tienda","item":"https:\/\/kanakydesign.com\/tienda\/"},{"@type":"ListItem","position":3,"name":"Puntera de aspersi\u00f3n"}]},{"@type":"WebSite","@id":"https:\/\/kanakydesign.com\/#website","url":"https:\/\/kanakydesign.com\/","name":"KanakyDesign Enclosures","description":"Become a professional keeper","publisher":{"@id":"https:\/\/kanakydesign.com\/#organization"},"alternateName":"KanakyDesign","potentialAction":[{"@type":"SearchAction","target":{"@type":"EntryPoint","urlTemplate":"https:\/\/kanakydesign.com\/?s={search_term_string}"},"query-input":{"@type":"PropertyValueSpecification","valueRequired":true,"valueName":"search_term_string"}}],"inLanguage":"fr-FR"},{"@type":"Organization","@id":"https:\/\/kanakydesign.com\/#organization","name":"KanakyDesign Enclosures","alternateName":"KanakyDesign","url":"https:\/\/kanakydesign.com\/","logo":{"@type":"ImageObject","inLanguage":"fr-FR","@id":"https:\/\/kanakydesign.com\/#\/schema\/logo\/image\/","url":"https:\/\/kanakydesign.com\/wp-content\/uploads\/2023\/06\/Logo-KanakyDesign-circular-negro-1.png","contentUrl":"https:\/\/kanakydesign.com\/wp-content\/uploads\/2023\/06\/Logo-KanakyDesign-circular-negro-1.png","width":2000,"height":2000,"caption":"KanakyDesign Enclosures"},"image":{"@id":"https:\/\/kanakydesign.com\/#\/schema\/logo\/image\/"}}]}},"_links":{"self":[{"href":"https:\/\/kanakydesign.com\/fr\/wp-json\/wp\/v2\/product\/1062","targetHints":{"allow":["GET"]}}],"collection":[{"href":"https:\/\/kanakydesign.com\/fr\/wp-json\/wp\/v2\/product"}],"about":[{"href":"https:\/\/kanakydesign.com\/fr\/wp-json\/wp\/v2\/types\/product"}],"wp:featuredmedia":[{"embeddable":true,"href":"https:\/\/kanakydesign.com\/fr\/wp-json\/wp\/v2\/media\/1113"}],"wp:attachment":[{"href":"https:\/\/kanakydesign.com\/fr\/wp-json\/wp\/v2\/media?parent=1062"}],"wp:term":[{"taxonomy":"product_brand","embeddable":true,"href":"https:\/\/kanakydesign.com\/fr\/wp-json\/wp\/v2\/product_brand?post=1062"},{"taxonomy":"product_cat","embeddable":true,"href":"https:\/\/kanakydesign.com\/fr\/wp-json\/wp\/v2\/product_cat?post=1062"},{"taxonomy":"product_tag","embeddable":true,"href":"https:\/\/kanakydesign.com\/fr\/wp-json\/wp\/v2\/product_tag?post=1062"}],"curies":[{"name":"wp","href":"https:\/\/api.w.org\/{rel}","templated":true}]}}