{"id":37,"date":"2023-06-27T06:05:09","date_gmt":"2023-06-27T06:05:09","guid":{"rendered":"https:\/\/kanakydesign.com\/?page_id=37"},"modified":"2023-07-01T11:27:08","modified_gmt":"2023-07-01T11:27:08","slug":"aviso-legal","status":"publish","type":"page","link":"https:\/\/kanakydesign.com\/fr\/aviso-legal\/","title":{"rendered":"Avis juridique"},"content":{"rendered":"<div data-elementor-type=\"wp-page\" data-elementor-id=\"37\" class=\"elementor elementor-37\" data-elementor-post-type=\"page\">\n\t\t\t\t\t\t<section class=\"elementor-section elementor-top-section elementor-element elementor-element-aa92524 elementor-section-boxed elementor-section-height-default elementor-section-height-default\" data-id=\"aa92524\" data-element_type=\"section\" data-e-type=\"section\" data-settings=\"{&quot;background_background&quot;:&quot;classic&quot;}\">\n\t\t\t\t\t\t<div class=\"elementor-container elementor-column-gap-default\">\n\t\t\t\t\t<div class=\"elementor-column elementor-col-100 elementor-top-column elementor-element elementor-element-6b98d56\" data-id=\"6b98d56\" data-element_type=\"column\" data-e-type=\"column\">\n\t\t\t<div class=\"elementor-widget-wrap elementor-element-populated\">\n\t\t\t\t\t\t<div class=\"elementor-element elementor-element-e40042a elementor-widget elementor-widget-spacer\" data-id=\"e40042a\" data-element_type=\"widget\" data-e-type=\"widget\" data-widget_type=\"spacer.default\">\n\t\t\t\t<div class=\"elementor-widget-container\">\n\t\t\t\t\t\t\t<div class=\"elementor-spacer\">\n\t\t\t<div class=\"elementor-spacer-inner\"><\/div>\n\t\t<\/div>\n\t\t\t\t\t\t<\/div>\n\t\t\t\t<\/div>\n\t\t\t\t\t<\/div>\n\t\t<\/div>\n\t\t\t\t\t<\/div>\n\t\t<\/section>\n\t\t\t\t<section class=\"elementor-section elementor-top-section elementor-element elementor-element-21ee5f8 elementor-section-boxed elementor-section-height-default elementor-section-height-default\" data-id=\"21ee5f8\" data-element_type=\"section\" data-e-type=\"section\">\n\t\t\t\t\t\t<div class=\"elementor-container elementor-column-gap-default\">\n\t\t\t\t\t<div class=\"elementor-column elementor-col-100 elementor-top-column elementor-element elementor-element-da37ca9\" data-id=\"da37ca9\" data-element_type=\"column\" data-e-type=\"column\">\n\t\t\t<div class=\"elementor-widget-wrap elementor-element-populated\">\n\t\t\t\t\t\t<div class=\"elementor-element elementor-element-65384e5 elementor-widget elementor-widget-text-editor\" data-id=\"65384e5\" data-element_type=\"widget\" data-e-type=\"widget\" data-widget_type=\"text-editor.default\">\n\t\t\t\t<div class=\"elementor-widget-container\">\n\t\t\t\t\t\t\t\t\t<p><strong>DONN\u00c9ES D'IDENTIFICATION<\/strong><\/p><p>Conform\u00e9ment \u00e0 l'obligation d'information pr\u00e9vue \u00e0 l'article 10 de la loi 34\/2002, du 11 juillet, sur les services de la soci\u00e9t\u00e9 de l'information et le commerce \u00e9lectronique, les informations suivantes sont fournies : l'entit\u00e9 juridique propri\u00e9taire du domaine web est KANAKY TERRARIA S.C. (CIF J01730506, ci-apr\u00e8s KANAKYDESIGN), dont l'adresse est Calle Herramientas 43A, 41006 Sevilla, S\u00e9ville.<\/p><p>Courriel de contact : info@kanakydesign.com.<\/p><p><strong>UTILISATEURS<\/strong><\/p><p>L'acc\u00e8s et\/ou l'utilisation de ce portail www.kanakydesign.com attribue la condition d'UTILISATEUR, qui accepte, \u00e0 partir de cet acc\u00e8s et\/ou de cette utilisation, les Conditions g\u00e9n\u00e9rales d'utilisation refl\u00e9t\u00e9es ici. Les conditions susmentionn\u00e9es sont applicables ind\u00e9pendamment des conditions g\u00e9n\u00e9rales de contrat qui, le cas \u00e9ch\u00e9ant, sont obligatoires.<\/p><p><strong>UTILISATION DU PORTAIL<\/strong><\/p><p>www.kanakydesign.com permet d'acc\u00e9der \u00e0 une multitude d'informations, de services, de programmes ou de donn\u00e9es (ci-apr\u00e8s, \"le contenu\") sur Internet appartenant \u00e0 KANAKYDESIGN ou \u00e0 ses conc\u00e9dants de licence et auxquels l'UTILISATEUR peut avoir acc\u00e8s. L'UTILISATEUR assume la responsabilit\u00e9 de l'utilisation du portail. Cette responsabilit\u00e9 s'\u00e9tend \u00e0 l'enregistrement \u00e9ventuellement n\u00e9cessaire pour acc\u00e9der \u00e0 certains services ou contenus.<\/p><p>Lors de cet enregistrement, l'UTILISATEUR est tenu de fournir des informations v\u00e9ridiques et licites. En cons\u00e9quence de cet enregistrement, l'UTILISATEUR peut se voir attribuer un mot de passe dont il sera responsable, s'engageant \u00e0 l'utiliser de mani\u00e8re diligente et confidentielle. L'UTILISATEUR s'engage \u00e0 faire un usage appropri\u00e9 des contenus et des services (tels que les services de chat, l'\u00e9valuation de produits, etc.) que KANAKYDESIGN offre \u00e0 travers son portail et, \u00e0 titre d'exemple mais non limitatif, \u00e0 ne pas les utiliser pour (i) r\u00e9aliser des activit\u00e9s illicites, ill\u00e9gales ou contraires \u00e0 la bonne foi et \u00e0 l'ordre public ; (ii) diffuser des contenus ou de la propagande \u00e0 caract\u00e8re raciste, x\u00e9nophobe, pornographique-ill\u00e9gal, en faveur du terrorisme ou contre les droits de l'homme ; (iii) causer des dommages aux syst\u00e8mes physiques et logiques de KANAKYDESIGN, de ses fournisseurs ou de tiers, introduire ou diffuser des virus informatiques ou tout autre syst\u00e8me physique ou logique susceptible de causer les dommages susmentionn\u00e9s ; (iv) tenter d'acc\u00e9der et, le cas \u00e9ch\u00e9ant, d'utiliser les comptes de courrier \u00e9lectronique d'autres utilisateurs et de modifier ou de manipuler leurs messages. KANAKYDESIGN se r\u00e9serve le droit de supprimer tous les commentaires et contributions qui ne respectent pas la dignit\u00e9 de la personne, qui sont discriminatoires, x\u00e9nophobes, racistes, pornographiques, qui portent atteinte \u00e0 la jeunesse ou \u00e0 l'enfance, \u00e0 l'ordre public ou \u00e0 la s\u00e9curit\u00e9 ou qui, \u00e0 son avis, ne sont pas appropri\u00e9s \u00e0 la publication. Dans tous les cas, KANAKYDESIGN ne sera pas responsable des opinions exprim\u00e9es par les utilisateurs \u00e0 travers les revues de produits ou d'autres outils de participation.<\/p><p><strong>PROTECTION DES DONN\u00c9ES<\/strong><\/p><p>KANAKYDESIGN respecte les directives de la loi organique 15\/1999 du 13 d\u00e9cembre sur la protection des donn\u00e9es \u00e0 caract\u00e8re personnel, le d\u00e9cret royal 1720\/2007 du 21 d\u00e9cembre, qui approuve le r\u00e8glement d'application de la loi organique et d'autres r\u00e8glements en vigueur \u00e0 tout moment, et garantit l'utilisation et le traitement corrects des donn\u00e9es \u00e0 caract\u00e8re personnel de l'utilisateur. \u00c0 cette fin, l'utilisateur sera inform\u00e9, avec chaque formulaire de collecte de donn\u00e9es \u00e0 caract\u00e8re personnel, dans les services qu'il peut demander \u00e0 info@kanakydesign.com, de l'existence et de l'acceptation des conditions sp\u00e9cifiques du traitement de ses donn\u00e9es dans chaque cas, en l'informant de la responsabilit\u00e9 du fichier cr\u00e9\u00e9, de l'adresse du responsable, de la possibilit\u00e9 d'exercer ses droits d'acc\u00e8s, de rectification, d'annulation ou d'opposition, de la finalit\u00e9 du traitement et de la communication des donn\u00e9es \u00e0 des tiers, le cas \u00e9ch\u00e9ant.<\/p><p>De m\u00eame, KANAKYDESIGN vous informe qu'elle se conforme \u00e0 la loi 34\/2002 du 11 juillet sur les services de la soci\u00e9t\u00e9 de l'information et le commerce \u00e9lectronique et qu'elle vous demandera \u00e0 tout moment votre consentement pour le traitement de votre courrier \u00e9lectronique \u00e0 des fins commerciales.<\/p><p>Si vous estimez que vous n'avez pas obtenu enti\u00e8re satisfaction dans l'exercice de vos droits, vous pouvez introduire une r\u00e9clamation aupr\u00e8s de l'autorit\u00e9 nationale de contr\u00f4le en vous adressant \u00e0 l'Agence espagnole de protection des donn\u00e9es, C\/ Jorge Juan, 6 - 28001 Madrid.<\/p><p><strong>PROPRI\u00c9T\u00c9 INTELLECTUELLE ET INDUSTRIELLE<\/strong><\/p><p>KANAKYDESIGN, elle-m\u00eame ou en tant que cessionnaire, est titulaire de tous les droits de propri\u00e9t\u00e9 intellectuelle et industrielle de son site Web, ainsi que des \u00e9l\u00e9ments qu'il contient (y compris, mais sans s'y limiter, les images, le son, l'audio, la vid\u00e9o, les logiciels ou les textes ; les marques ou les logos, les combinaisons de couleurs, la structure et la conception, la s\u00e9lection des mat\u00e9riaux utilis\u00e9s, les programmes informatiques n\u00e9cessaires \u00e0 son fonctionnement, \u00e0 son acc\u00e8s et \u00e0 son utilisation, etc.<\/p><p>Tous droits r\u00e9serv\u00e9s. En vertu des dispositions des articles 8 et 32.1, deuxi\u00e8me alin\u00e9a, de la Loi sur la propri\u00e9t\u00e9 intellectuelle, la reproduction, la distribution et la communication publique, y compris la mise \u00e0 disposition, de tout ou partie des contenus de ce site web, \u00e0 des fins commerciales, sur tout support et par tout moyen technique, sans l'autorisation de KANAKYDESIGN, sont express\u00e9ment interdites. L'UTILISATEUR s'engage \u00e0 respecter les droits de propri\u00e9t\u00e9 intellectuelle et industrielle de KANAKYDESIGN. Vous pouvez visualiser les \u00e9l\u00e9ments du portail et m\u00eame les imprimer, les copier et les stocker sur le disque dur de votre ordinateur ou sur tout autre support physique, \u00e0 condition que ce soit uniquement et exclusivement pour votre usage personnel et priv\u00e9. L'UTILISATEUR doit s'abstenir de supprimer, d'alt\u00e9rer, d'\u00e9luder ou de manipuler tout dispositif de protection ou syst\u00e8me de s\u00e9curit\u00e9 install\u00e9 sur le site web de KANAKYDESIGN.<\/p><p><strong>EXCLUSION DES GARANTIES ET DE LA RESPONSABILIT\u00c9<\/strong><\/p><p>KANAKYDESIGN ne sera en aucun cas responsable des dommages de toute nature pouvant \u00eatre caus\u00e9s par, mais sans s'y limiter : des erreurs ou des omissions dans le contenu, le manque de disponibilit\u00e9 du portail ou la transmission de virus ou de programmes malveillants ou nuisibles dans le contenu, malgr\u00e9 l'adoption de toutes les mesures technologiques n\u00e9cessaires pour l'\u00e9viter.<\/p><p><strong>MODIFICATIONS<\/strong><\/p><p>KANAKYDESIGN se r\u00e9serve le droit d'apporter les modifications qu'elle juge opportunes \u00e0 son portail sans pr\u00e9avis, et peut modifier, supprimer ou ajouter aussi bien les contenus et les services fournis \u00e0 travers ce dernier que la mani\u00e8re dont ils sont pr\u00e9sent\u00e9s ou localis\u00e9s sur son portail.<\/p><p><strong>LIENS<\/strong><\/p><p>Dans le cas o\u00f9 www.kanakydesign.com contiendrait des liens ou des hyperliens vers d'autres sites Internet, KANAKYDESIGN n'exercera aucun type de contr\u00f4le sur ces sites et leur contenu. En aucun cas, KANAKYDESIGN n'assumera la responsabilit\u00e9 du contenu de tout lien appartenant \u00e0 un site Internet externe, ni ne garantira la disponibilit\u00e9 technique, la qualit\u00e9, la fiabilit\u00e9, l'exactitude, l'exhaustivit\u00e9, la v\u00e9racit\u00e9, la validit\u00e9 et la constitutionnalit\u00e9 de tout mat\u00e9riel ou information contenu dans l'un de ces hyperliens ou dans d'autres sites Internet.<\/p><p>De m\u00eame, l'inclusion de ces connexions externes n'implique aucune forme d'association, de fusion ou de participation avec les entit\u00e9s connect\u00e9es.<\/p><p><strong>DROIT D'EXCLUSION<\/strong><\/p><p>KANAKYDESIGN se r\u00e9serve le droit de refuser ou de retirer l'acc\u00e8s au portail et\/ou aux services offerts sans pr\u00e9avis, \u00e0 sa propre demande ou \u00e0 la demande d'un tiers, aux utilisateurs qui ne respectent pas les pr\u00e9sentes conditions g\u00e9n\u00e9rales d'utilisation.<\/p><p><strong>G\u00c9N\u00c9RALIT\u00c9S<\/strong><\/p><p>KANAKYDESIGN poursuivra toute violation de ces conditions, ainsi que toute utilisation abusive de son portail, en exer\u00e7ant toutes les actions civiles et p\u00e9nales auxquelles elle peut pr\u00e9tendre en vertu de la loi.<\/p><p><strong>MODIFICATION DE CES CONDITIONS ET DUR\u00c9E<\/strong><\/p><p>KANAKYDESIGN peut modifier \u00e0 tout moment les conditions \u00e9nonc\u00e9es ici, \u00e9tant d\u00fbment publi\u00e9es telles qu'elles apparaissent ici.<\/p><p>La validit\u00e9 de ces conditions d\u00e9pend de leur exposition et reste en vigueur jusqu'\u00e0 ce qu'elles soient modifi\u00e9es par d'autres conditions d\u00fbment publi\u00e9es.<\/p><p><strong>DROIT APPLICABLE ET JURIDICTION<\/strong><\/p><p>La relation entre KANAKYDESIGN et l'UTILISATEUR est r\u00e9gie par la l\u00e9gislation espagnole en vigueur et tout litige sera soumis aux Cours et Tribunaux de la ville de S\u00e9ville.<\/p>\t\t\t\t\t\t\t\t<\/div>\n\t\t\t\t<\/div>\n\t\t\t\t\t<\/div>\n\t\t<\/div>\n\t\t\t\t\t<\/div>\n\t\t<\/section>\n\t\t\t\t<\/div>","protected":false},"excerpt":{"rendered":"<p>DATOS IDENTIFICATIVOS En cumplimiento con el deber de informaci\u00f3n recogido en art\u00edculo 10 de la Ley 34\/2002, de 11 de julio, de Servicios de la Sociedad de la Informaci\u00f3n y del Comercio Electr\u00f3nico, a continuaci\u00f3n, se reflejan los siguientes datos: la entidad jur\u00eddica titular de dominio web es KANAKY TERRARIA S.C. (CIF J01730506, en adelante [&hellip;]<\/p>\n","protected":false},"author":2,"featured_media":0,"parent":0,"menu_order":0,"comment_status":"closed","ping_status":"closed","template":"","meta":{"footnotes":""},"class_list":["post-37","page","type-page","status-publish","hentry"],"yoast_head":"<!-- This site is optimized with the Yoast SEO plugin v27.3 - https:\/\/yoast.com\/product\/yoast-seo-wordpress\/ -->\n<title>Aviso Legal | KanakyDesign Enclosures<\/title>\n<meta name=\"robots\" content=\"index, follow, max-snippet:-1, max-image-preview:large, max-video-preview:-1\" \/>\n<link rel=\"canonical\" href=\"https:\/\/kanakydesign.com\/fr\/aviso-legal\/\" \/>\n<meta property=\"og:locale\" content=\"fr_FR\" \/>\n<meta property=\"og:type\" content=\"article\" \/>\n<meta property=\"og:title\" content=\"Aviso Legal | KanakyDesign Enclosures\" \/>\n<meta property=\"og:description\" content=\"DATOS IDENTIFICATIVOS En cumplimiento con el deber de informaci\u00f3n recogido en art\u00edculo 10 de la Ley 34\/2002, de 11 de julio, de Servicios de la Sociedad de la Informaci\u00f3n y del Comercio Electr\u00f3nico, a continuaci\u00f3n, se reflejan los siguientes datos: la entidad jur\u00eddica titular de dominio web es KANAKY TERRARIA S.C. (CIF J01730506, en adelante [&hellip;]\" \/>\n<meta property=\"og:url\" content=\"https:\/\/kanakydesign.com\/fr\/aviso-legal\/\" \/>\n<meta property=\"og:site_name\" content=\"KanakyDesign Enclosures\" \/>\n<meta property=\"article:modified_time\" content=\"2023-07-01T11:27:08+00:00\" \/>\n<meta property=\"og:image\" content=\"https:\/\/kanakydesign.com\/wp-content\/uploads\/2023\/06\/Logo-KanakyDesign-circular-negro-1.png\" \/>\n\t<meta property=\"og:image:width\" content=\"2000\" \/>\n\t<meta property=\"og:image:height\" content=\"2000\" \/>\n\t<meta property=\"og:image:type\" content=\"image\/png\" \/>\n<meta name=\"twitter:card\" content=\"summary_large_image\" \/>\n<meta name=\"twitter:label1\" content=\"Dur\u00e9e de lecture estim\u00e9e\" \/>\n\t<meta name=\"twitter:data1\" content=\"7 minutes\" \/>\n<script type=\"application\/ld+json\" class=\"yoast-schema-graph\">{\"@context\":\"https:\\\/\\\/schema.org\",\"@graph\":[{\"@type\":\"WebPage\",\"@id\":\"https:\\\/\\\/kanakydesign.com\\\/aviso-legal\\\/\",\"url\":\"https:\\\/\\\/kanakydesign.com\\\/aviso-legal\\\/\",\"name\":\"Aviso Legal | KanakyDesign Enclosures\",\"isPartOf\":{\"@id\":\"https:\\\/\\\/kanakydesign.com\\\/#website\"},\"datePublished\":\"2023-06-27T06:05:09+00:00\",\"dateModified\":\"2023-07-01T11:27:08+00:00\",\"breadcrumb\":{\"@id\":\"https:\\\/\\\/kanakydesign.com\\\/aviso-legal\\\/#breadcrumb\"},\"inLanguage\":\"fr-FR\",\"potentialAction\":[{\"@type\":\"ReadAction\",\"target\":[\"https:\\\/\\\/kanakydesign.com\\\/aviso-legal\\\/\"]}]},{\"@type\":\"BreadcrumbList\",\"@id\":\"https:\\\/\\\/kanakydesign.com\\\/aviso-legal\\\/#breadcrumb\",\"itemListElement\":[{\"@type\":\"ListItem\",\"position\":1,\"name\":\"Portada\",\"item\":\"https:\\\/\\\/kanakydesign.com\\\/\"},{\"@type\":\"ListItem\",\"position\":2,\"name\":\"Aviso Legal\"}]},{\"@type\":\"WebSite\",\"@id\":\"https:\\\/\\\/kanakydesign.com\\\/#website\",\"url\":\"https:\\\/\\\/kanakydesign.com\\\/\",\"name\":\"KanakyDesign Enclosures\",\"description\":\"Become a professional keeper\",\"publisher\":{\"@id\":\"https:\\\/\\\/kanakydesign.com\\\/#organization\"},\"alternateName\":\"KanakyDesign\",\"potentialAction\":[{\"@type\":\"SearchAction\",\"target\":{\"@type\":\"EntryPoint\",\"urlTemplate\":\"https:\\\/\\\/kanakydesign.com\\\/?s={search_term_string}\"},\"query-input\":{\"@type\":\"PropertyValueSpecification\",\"valueRequired\":true,\"valueName\":\"search_term_string\"}}],\"inLanguage\":\"fr-FR\"},{\"@type\":\"Organization\",\"@id\":\"https:\\\/\\\/kanakydesign.com\\\/#organization\",\"name\":\"KanakyDesign Enclosures\",\"alternateName\":\"KanakyDesign\",\"url\":\"https:\\\/\\\/kanakydesign.com\\\/\",\"logo\":{\"@type\":\"ImageObject\",\"inLanguage\":\"fr-FR\",\"@id\":\"https:\\\/\\\/kanakydesign.com\\\/#\\\/schema\\\/logo\\\/image\\\/\",\"url\":\"https:\\\/\\\/kanakydesign.com\\\/wp-content\\\/uploads\\\/2023\\\/06\\\/Logo-KanakyDesign-circular-negro-1.png\",\"contentUrl\":\"https:\\\/\\\/kanakydesign.com\\\/wp-content\\\/uploads\\\/2023\\\/06\\\/Logo-KanakyDesign-circular-negro-1.png\",\"width\":2000,\"height\":2000,\"caption\":\"KanakyDesign Enclosures\"},\"image\":{\"@id\":\"https:\\\/\\\/kanakydesign.com\\\/#\\\/schema\\\/logo\\\/image\\\/\"}}]}<\/script>\n<!-- \/ Yoast SEO plugin. -->","yoast_head_json":{"title":"Mentions L\u00e9gales | KanakyDesign Enceintes","robots":{"index":"index","follow":"follow","max-snippet":"max-snippet:-1","max-image-preview":"max-image-preview:large","max-video-preview":"max-video-preview:-1"},"canonical":"https:\/\/kanakydesign.com\/fr\/aviso-legal\/","og_locale":"fr_FR","og_type":"article","og_title":"Aviso Legal | KanakyDesign Enclosures","og_description":"DATOS IDENTIFICATIVOS En cumplimiento con el deber de informaci\u00f3n recogido en art\u00edculo 10 de la Ley 34\/2002, de 11 de julio, de Servicios de la Sociedad de la Informaci\u00f3n y del Comercio Electr\u00f3nico, a continuaci\u00f3n, se reflejan los siguientes datos: la entidad jur\u00eddica titular de dominio web es KANAKY TERRARIA S.C. (CIF J01730506, en adelante [&hellip;]","og_url":"https:\/\/kanakydesign.com\/fr\/aviso-legal\/","og_site_name":"KanakyDesign Enclosures","article_modified_time":"2023-07-01T11:27:08+00:00","og_image":[{"width":2000,"height":2000,"url":"https:\/\/kanakydesign.com\/wp-content\/uploads\/2023\/06\/Logo-KanakyDesign-circular-negro-1.png","type":"image\/png"}],"twitter_card":"summary_large_image","twitter_misc":{"Dur\u00e9e de lecture estim\u00e9e":"7 minutes"},"schema":{"@context":"https:\/\/schema.org","@graph":[{"@type":"WebPage","@id":"https:\/\/kanakydesign.com\/aviso-legal\/","url":"https:\/\/kanakydesign.com\/aviso-legal\/","name":"Mentions L\u00e9gales | KanakyDesign Enceintes","isPartOf":{"@id":"https:\/\/kanakydesign.com\/#website"},"datePublished":"2023-06-27T06:05:09+00:00","dateModified":"2023-07-01T11:27:08+00:00","breadcrumb":{"@id":"https:\/\/kanakydesign.com\/aviso-legal\/#breadcrumb"},"inLanguage":"fr-FR","potentialAction":[{"@type":"ReadAction","target":["https:\/\/kanakydesign.com\/aviso-legal\/"]}]},{"@type":"BreadcrumbList","@id":"https:\/\/kanakydesign.com\/aviso-legal\/#breadcrumb","itemListElement":[{"@type":"ListItem","position":1,"name":"Portada","item":"https:\/\/kanakydesign.com\/"},{"@type":"ListItem","position":2,"name":"Aviso Legal"}]},{"@type":"WebSite","@id":"https:\/\/kanakydesign.com\/#website","url":"https:\/\/kanakydesign.com\/","name":"KanakyDesign Enclosures","description":"Become a professional keeper","publisher":{"@id":"https:\/\/kanakydesign.com\/#organization"},"alternateName":"KanakyDesign","potentialAction":[{"@type":"SearchAction","target":{"@type":"EntryPoint","urlTemplate":"https:\/\/kanakydesign.com\/?s={search_term_string}"},"query-input":{"@type":"PropertyValueSpecification","valueRequired":true,"valueName":"search_term_string"}}],"inLanguage":"fr-FR"},{"@type":"Organization","@id":"https:\/\/kanakydesign.com\/#organization","name":"KanakyDesign Enclosures","alternateName":"KanakyDesign","url":"https:\/\/kanakydesign.com\/","logo":{"@type":"ImageObject","inLanguage":"fr-FR","@id":"https:\/\/kanakydesign.com\/#\/schema\/logo\/image\/","url":"https:\/\/kanakydesign.com\/wp-content\/uploads\/2023\/06\/Logo-KanakyDesign-circular-negro-1.png","contentUrl":"https:\/\/kanakydesign.com\/wp-content\/uploads\/2023\/06\/Logo-KanakyDesign-circular-negro-1.png","width":2000,"height":2000,"caption":"KanakyDesign Enclosures"},"image":{"@id":"https:\/\/kanakydesign.com\/#\/schema\/logo\/image\/"}}]}},"_links":{"self":[{"href":"https:\/\/kanakydesign.com\/fr\/wp-json\/wp\/v2\/pages\/37","targetHints":{"allow":["GET"]}}],"collection":[{"href":"https:\/\/kanakydesign.com\/fr\/wp-json\/wp\/v2\/pages"}],"about":[{"href":"https:\/\/kanakydesign.com\/fr\/wp-json\/wp\/v2\/types\/page"}],"author":[{"embeddable":true,"href":"https:\/\/kanakydesign.com\/fr\/wp-json\/wp\/v2\/users\/2"}],"replies":[{"embeddable":true,"href":"https:\/\/kanakydesign.com\/fr\/wp-json\/wp\/v2\/comments?post=37"}],"version-history":[{"count":13,"href":"https:\/\/kanakydesign.com\/fr\/wp-json\/wp\/v2\/pages\/37\/revisions"}],"predecessor-version":[{"id":687,"href":"https:\/\/kanakydesign.com\/fr\/wp-json\/wp\/v2\/pages\/37\/revisions\/687"}],"wp:attachment":[{"href":"https:\/\/kanakydesign.com\/fr\/wp-json\/wp\/v2\/media?parent=37"}],"curies":[{"name":"wp","href":"https:\/\/api.w.org\/{rel}","templated":true}]}}