{"id":554,"date":"2023-07-01T09:46:59","date_gmt":"2023-07-01T09:46:59","guid":{"rendered":"https:\/\/kanakydesign.com\/?post_type=product&#038;p=554"},"modified":"2026-02-08T00:39:17","modified_gmt":"2026-02-08T00:39:17","slug":"percha-bambu","status":"publish","type":"product","link":"https:\/\/kanakydesign.com\/en\/product\/percha-bambu\/","title":{"rendered":"Bamboo Hanger"},"content":{"rendered":"<p data-start=\"185\" data-end=\"731\">The <strong data-start=\"188\" data-end=\"241\">natural bamboo tube for arboreal snakes<\/strong> is an ideal accessory to create <strong data-start=\"275\" data-end=\"324\">inns, shelters and resting structures<\/strong> in vertical or semi-vertical terrariums. It is specially designed for species such as <strong data-start=\"414\" data-end=\"450\">Corallus caninus (emerald boa)<\/strong> y <strong data-start=\"453\" data-end=\"497\">Morelia viridis (green tree python)<\/strong>, They spend much of their time at height and appreciate stable supports with a natural diameter and good grip. Bamboo gives a very realistic look to the terrarium and helps to build a more enriched environment, similar to that of their habitat.<\/p>\n<p data-start=\"733\" data-end=\"1086\">In addition to its aesthetic function, a good perch has a direct influence on welfare: it allows the animal to adopt natural postures for resting, thermoregulation and exploration. With a <strong data-start=\"919\" data-end=\"950\">bamboo tube for terrarium<\/strong>, By creating movement routes between branches, platforms and sun or heat zones, you can improve the use of space and reduce stress.<\/p>\n<h2 data-start=\"1088\" data-end=\"1138\">\u2705 Natural bamboo: realistic appearance and good grip<\/h2>\n<p data-start=\"1139\" data-end=\"1311\">Bamboo has a texture that makes it easy to grip and an organic finish that fits perfectly in bioactive terrariums or tropical setups. It is a popular choice for:<\/p>\n<ul data-start=\"1312\" data-end=\"1571\">\n<li data-start=\"1312\" data-end=\"1372\">\n<p data-start=\"1314\" data-end=\"1372\">main perches in the upper third of the terrarium<\/p>\n<\/li>\n<li data-start=\"1373\" data-end=\"1412\">\n<p data-start=\"1375\" data-end=\"1412\">bridges between decorations or vines<\/p>\n<\/li>\n<li data-start=\"1413\" data-end=\"1495\">\n<p data-start=\"1415\" data-end=\"1495\">elevated shelters when combined with leaves or artificial\/natural plants<\/p>\n<\/li>\n<li data-start=\"1496\" data-end=\"1571\">\n<p data-start=\"1498\" data-end=\"1571\">resting structures for \u201changing\u201d or curled-up species<\/p>\n<\/li>\n<\/ul>\n<h2 data-start=\"1573\" data-end=\"1628\">\ud83d\udccf Cut to length: choose the length you need<\/h2>\n<p data-start=\"1629\" data-end=\"1743\">To adapt to different sizes of terrarium, this <strong data-start=\"1683\" data-end=\"1708\">natural bamboo tube<\/strong> is cut in various lengths:<\/p>\n<ul data-start=\"1745\" data-end=\"1814\">\n<li data-start=\"1745\" data-end=\"1758\">\n<p data-start=\"1747\" data-end=\"1758\"><strong data-start=\"1747\" data-end=\"1756\">50 cm<\/strong><\/p>\n<\/li>\n<li data-start=\"1759\" data-end=\"1772\">\n<p data-start=\"1761\" data-end=\"1772\"><strong data-start=\"1761\" data-end=\"1770\">60 cm<\/strong><\/p>\n<\/li>\n<li data-start=\"1773\" data-end=\"1786\">\n<p data-start=\"1775\" data-end=\"1786\"><strong data-start=\"1775\" data-end=\"1784\">80 cm<\/strong><\/p>\n<\/li>\n<li data-start=\"1787\" data-end=\"1801\">\n<p data-start=\"1789\" data-end=\"1801\"><strong data-start=\"1789\" data-end=\"1799\">100 cm<\/strong><\/p>\n<\/li>\n<li data-start=\"1802\" data-end=\"1814\">\n<p data-start=\"1804\" data-end=\"1814\"><strong data-start=\"1804\" data-end=\"1814\">120 cm<\/strong><\/p>\n<\/li>\n<\/ul>\n<p data-start=\"1816\" data-end=\"2107\">This way you can choose the exact size according to the width of the terrarium or according to the design of the perch (straight, diagonal, as a bridge, etc.). For species such as <em data-start=\"1969\" data-end=\"1986\">Morelia viridis<\/em> o <em data-start=\"1989\" data-end=\"2007\">Corallus caninus<\/em>, If the length is adjusted correctly, it helps to keep the perch firm and not to move under the weight of the animal.<\/p>\n<h2 data-start=\"2109\" data-end=\"2142\">\ud83d\udee0\ufe0f Installation and use ideas<\/h2>\n<ul data-start=\"2143\" data-end=\"2414\">\n<li data-start=\"2143\" data-end=\"2223\">\n<p data-start=\"2145\" data-end=\"2223\">Place it in <strong data-start=\"2157\" data-end=\"2167\">height<\/strong> so that the animal has a safe resting point.<\/p>\n<\/li>\n<li data-start=\"2224\" data-end=\"2299\">\n<p data-start=\"2226\" data-end=\"2299\">Combine it with other branches\/lianas to create routes and different heights.<\/p>\n<\/li>\n<li data-start=\"2300\" data-end=\"2414\">\n<p data-start=\"2302\" data-end=\"2414\">Secure it with adequate supports to prevent it from turning or falling (especially important with adult specimens).<\/p>\n<\/li>\n<\/ul>\n<p data-start=\"2416\" data-end=\"2511\">\ud83d\udc49 Find more terrarium accessories and decorations at. <strong data-start=\"2475\" data-end=\"2510\"><a class=\"decorated-link\" href=\"https:\/\/kanakydesign.com\/en\/categoria\/accesorios\/complementos\/\" target=\"_new\" rel=\"noopener\" data-start=\"2477\" data-end=\"2508\">https:\/\/www.kanakydesign.com\/<\/a><\/strong>.<\/p>","protected":false},"excerpt":{"rendered":"<p>Natural Bamboo tube specially designed for arboreal snake species such as <em>Corallus caninus<\/em> o <em>Morelia viridis<\/em>.<\/p>","protected":false},"featured_media":1092,"template":"","meta":[],"product_brand":[],"product_cat":[23,28],"product_tag":[496,501,490,498,497,495,493,492,499,491,494,500,489],"class_list":{"0":"post-554","1":"product","2":"type-product","3":"status-publish","4":"has-post-thumbnail","6":"product_cat-accesorios","7":"product_cat-complementos","8":"product_tag-accesorio-terrario-arboricola","9":"product_tag-bambu-cortado-a-medida","10":"product_tag-bambu-natural-terrario","11":"product_tag-bambu-para-boa-esmeralda","12":"product_tag-bambu-para-piton-verde","13":"product_tag-decoracion-terrario-tropical","14":"product_tag-percha-corallus-caninus","15":"product_tag-percha-morelia-viridis","16":"product_tag-posadero-natural-terrario","17":"product_tag-posadero-serpientes-arboricolas","18":"product_tag-rama-bambu-terrario","19":"product_tag-rama-natural-para-terrario","20":"product_tag-tubo-de-bambu-terrario","22":"first","23":"instock","24":"taxable","25":"shipping-taxable","26":"purchasable","27":"product-type-variable"},"yoast_head":"<!-- This site is optimized with the Yoast SEO plugin v27.3 - https:\/\/yoast.com\/product\/yoast-seo-wordpress\/ -->\n<title>Percha Bamb\u00fa | KanakyDesign Enclosures<\/title>\n<meta name=\"description\" content=\"Tubo de bamb\u00fa terrario natural para serpientes arbor\u00edcolas (Corallus caninus, Morelia viridis). Cortado a medida: 50, 60, 80, 100 y 120 cm.\" \/>\n<meta name=\"robots\" content=\"index, follow, max-snippet:-1, max-image-preview:large, max-video-preview:-1\" \/>\n<link rel=\"canonical\" href=\"https:\/\/kanakydesign.com\/en\/product\/percha-bambu\/\" \/>\n<meta property=\"og:locale\" content=\"en_US\" \/>\n<meta property=\"og:type\" content=\"article\" \/>\n<meta property=\"og:title\" content=\"Percha Bamb\u00fa | KanakyDesign Enclosures\" \/>\n<meta property=\"og:description\" content=\"Tubo de bamb\u00fa terrario natural para serpientes arbor\u00edcolas (Corallus caninus, Morelia viridis). Cortado a medida: 50, 60, 80, 100 y 120 cm.\" \/>\n<meta property=\"og:url\" content=\"https:\/\/kanakydesign.com\/en\/product\/percha-bambu\/\" \/>\n<meta property=\"og:site_name\" content=\"KanakyDesign Enclosures\" \/>\n<meta property=\"article:modified_time\" content=\"2026-02-08T00:39:17+00:00\" \/>\n<meta property=\"og:image\" content=\"https:\/\/kanakydesign.com\/wp-content\/uploads\/2023\/09\/DSC2824-scaled.jpg\" \/>\n\t<meta property=\"og:image:width\" content=\"2560\" \/>\n\t<meta property=\"og:image:height\" content=\"2560\" \/>\n\t<meta property=\"og:image:type\" content=\"image\/jpeg\" \/>\n<meta name=\"twitter:card\" content=\"summary_large_image\" \/>\n<meta name=\"twitter:label1\" content=\"Est. reading time\" \/>\n\t<meta name=\"twitter:data1\" content=\"2 minutes\" \/>\n<script type=\"application\/ld+json\" class=\"yoast-schema-graph\">{\"@context\":\"https:\\\/\\\/schema.org\",\"@graph\":[{\"@type\":\"WebPage\",\"@id\":\"https:\\\/\\\/kanakydesign.com\\\/producto\\\/percha-bambu\\\/\",\"url\":\"https:\\\/\\\/kanakydesign.com\\\/producto\\\/percha-bambu\\\/\",\"name\":\"Percha Bamb\u00fa | KanakyDesign Enclosures\",\"isPartOf\":{\"@id\":\"https:\\\/\\\/kanakydesign.com\\\/#website\"},\"primaryImageOfPage\":{\"@id\":\"https:\\\/\\\/kanakydesign.com\\\/producto\\\/percha-bambu\\\/#primaryimage\"},\"image\":{\"@id\":\"https:\\\/\\\/kanakydesign.com\\\/producto\\\/percha-bambu\\\/#primaryimage\"},\"thumbnailUrl\":\"https:\\\/\\\/kanakydesign.com\\\/wp-content\\\/uploads\\\/2023\\\/09\\\/DSC2824-scaled.jpg\",\"datePublished\":\"2023-07-01T09:46:59+00:00\",\"dateModified\":\"2026-02-08T00:39:17+00:00\",\"description\":\"Tubo de bamb\u00fa terrario natural para serpientes arbor\u00edcolas (Corallus caninus, Morelia viridis). Cortado a medida: 50, 60, 80, 100 y 120 cm.\",\"breadcrumb\":{\"@id\":\"https:\\\/\\\/kanakydesign.com\\\/producto\\\/percha-bambu\\\/#breadcrumb\"},\"inLanguage\":\"en-US\",\"potentialAction\":[{\"@type\":\"ReadAction\",\"target\":[\"https:\\\/\\\/kanakydesign.com\\\/producto\\\/percha-bambu\\\/\"]}]},{\"@type\":\"ImageObject\",\"inLanguage\":\"en-US\",\"@id\":\"https:\\\/\\\/kanakydesign.com\\\/producto\\\/percha-bambu\\\/#primaryimage\",\"url\":\"https:\\\/\\\/kanakydesign.com\\\/wp-content\\\/uploads\\\/2023\\\/09\\\/DSC2824-scaled.jpg\",\"contentUrl\":\"https:\\\/\\\/kanakydesign.com\\\/wp-content\\\/uploads\\\/2023\\\/09\\\/DSC2824-scaled.jpg\",\"width\":2560,\"height\":2560},{\"@type\":\"BreadcrumbList\",\"@id\":\"https:\\\/\\\/kanakydesign.com\\\/producto\\\/percha-bambu\\\/#breadcrumb\",\"itemListElement\":[{\"@type\":\"ListItem\",\"position\":1,\"name\":\"Portada\",\"item\":\"https:\\\/\\\/kanakydesign.com\\\/\"},{\"@type\":\"ListItem\",\"position\":2,\"name\":\"Tienda\",\"item\":\"https:\\\/\\\/kanakydesign.com\\\/tienda\\\/\"},{\"@type\":\"ListItem\",\"position\":3,\"name\":\"Percha Bamb\u00fa\"}]},{\"@type\":\"WebSite\",\"@id\":\"https:\\\/\\\/kanakydesign.com\\\/#website\",\"url\":\"https:\\\/\\\/kanakydesign.com\\\/\",\"name\":\"KanakyDesign Enclosures\",\"description\":\"Become a professional keeper\",\"publisher\":{\"@id\":\"https:\\\/\\\/kanakydesign.com\\\/#organization\"},\"alternateName\":\"KanakyDesign\",\"potentialAction\":[{\"@type\":\"SearchAction\",\"target\":{\"@type\":\"EntryPoint\",\"urlTemplate\":\"https:\\\/\\\/kanakydesign.com\\\/?s={search_term_string}\"},\"query-input\":{\"@type\":\"PropertyValueSpecification\",\"valueRequired\":true,\"valueName\":\"search_term_string\"}}],\"inLanguage\":\"en-US\"},{\"@type\":\"Organization\",\"@id\":\"https:\\\/\\\/kanakydesign.com\\\/#organization\",\"name\":\"KanakyDesign Enclosures\",\"alternateName\":\"KanakyDesign\",\"url\":\"https:\\\/\\\/kanakydesign.com\\\/\",\"logo\":{\"@type\":\"ImageObject\",\"inLanguage\":\"en-US\",\"@id\":\"https:\\\/\\\/kanakydesign.com\\\/#\\\/schema\\\/logo\\\/image\\\/\",\"url\":\"https:\\\/\\\/kanakydesign.com\\\/wp-content\\\/uploads\\\/2023\\\/06\\\/Logo-KanakyDesign-circular-negro-1.png\",\"contentUrl\":\"https:\\\/\\\/kanakydesign.com\\\/wp-content\\\/uploads\\\/2023\\\/06\\\/Logo-KanakyDesign-circular-negro-1.png\",\"width\":2000,\"height\":2000,\"caption\":\"KanakyDesign Enclosures\"},\"image\":{\"@id\":\"https:\\\/\\\/kanakydesign.com\\\/#\\\/schema\\\/logo\\\/image\\\/\"}}]}<\/script>\n<!-- \/ Yoast SEO plugin. -->","yoast_head_json":{"title":"Bamboo Hanger | KanakyDesign Enclosures","description":"Natural terrarium bamboo tube for tree snakes (Corallus caninus, Morelia viridis). Cut to size: 50, 60, 80, 100 and 120 cm.","robots":{"index":"index","follow":"follow","max-snippet":"max-snippet:-1","max-image-preview":"max-image-preview:large","max-video-preview":"max-video-preview:-1"},"canonical":"https:\/\/kanakydesign.com\/en\/product\/percha-bambu\/","og_locale":"en_US","og_type":"article","og_title":"Percha Bamb\u00fa | KanakyDesign Enclosures","og_description":"Tubo de bamb\u00fa terrario natural para serpientes arbor\u00edcolas (Corallus caninus, Morelia viridis). Cortado a medida: 50, 60, 80, 100 y 120 cm.","og_url":"https:\/\/kanakydesign.com\/en\/product\/percha-bambu\/","og_site_name":"KanakyDesign Enclosures","article_modified_time":"2026-02-08T00:39:17+00:00","og_image":[{"width":2560,"height":2560,"url":"https:\/\/kanakydesign.com\/wp-content\/uploads\/2023\/09\/DSC2824-scaled.jpg","type":"image\/jpeg"}],"twitter_card":"summary_large_image","twitter_misc":{"Est. reading time":"2 minutes"},"schema":{"@context":"https:\/\/schema.org","@graph":[{"@type":"WebPage","@id":"https:\/\/kanakydesign.com\/producto\/percha-bambu\/","url":"https:\/\/kanakydesign.com\/producto\/percha-bambu\/","name":"Bamboo Hanger | KanakyDesign Enclosures","isPartOf":{"@id":"https:\/\/kanakydesign.com\/#website"},"primaryImageOfPage":{"@id":"https:\/\/kanakydesign.com\/producto\/percha-bambu\/#primaryimage"},"image":{"@id":"https:\/\/kanakydesign.com\/producto\/percha-bambu\/#primaryimage"},"thumbnailUrl":"https:\/\/kanakydesign.com\/wp-content\/uploads\/2023\/09\/DSC2824-scaled.jpg","datePublished":"2023-07-01T09:46:59+00:00","dateModified":"2026-02-08T00:39:17+00:00","description":"Natural terrarium bamboo tube for tree snakes (Corallus caninus, Morelia viridis). Cut to size: 50, 60, 80, 100 and 120 cm.","breadcrumb":{"@id":"https:\/\/kanakydesign.com\/producto\/percha-bambu\/#breadcrumb"},"inLanguage":"en-US","potentialAction":[{"@type":"ReadAction","target":["https:\/\/kanakydesign.com\/producto\/percha-bambu\/"]}]},{"@type":"ImageObject","inLanguage":"en-US","@id":"https:\/\/kanakydesign.com\/producto\/percha-bambu\/#primaryimage","url":"https:\/\/kanakydesign.com\/wp-content\/uploads\/2023\/09\/DSC2824-scaled.jpg","contentUrl":"https:\/\/kanakydesign.com\/wp-content\/uploads\/2023\/09\/DSC2824-scaled.jpg","width":2560,"height":2560},{"@type":"BreadcrumbList","@id":"https:\/\/kanakydesign.com\/producto\/percha-bambu\/#breadcrumb","itemListElement":[{"@type":"ListItem","position":1,"name":"Portada","item":"https:\/\/kanakydesign.com\/"},{"@type":"ListItem","position":2,"name":"Tienda","item":"https:\/\/kanakydesign.com\/tienda\/"},{"@type":"ListItem","position":3,"name":"Percha Bamb\u00fa"}]},{"@type":"WebSite","@id":"https:\/\/kanakydesign.com\/#website","url":"https:\/\/kanakydesign.com\/","name":"KanakyDesign Enclosures","description":"Become a professional keeper","publisher":{"@id":"https:\/\/kanakydesign.com\/#organization"},"alternateName":"KanakyDesign","potentialAction":[{"@type":"SearchAction","target":{"@type":"EntryPoint","urlTemplate":"https:\/\/kanakydesign.com\/?s={search_term_string}"},"query-input":{"@type":"PropertyValueSpecification","valueRequired":true,"valueName":"search_term_string"}}],"inLanguage":"en-US"},{"@type":"Organization","@id":"https:\/\/kanakydesign.com\/#organization","name":"KanakyDesign Enclosures","alternateName":"KanakyDesign","url":"https:\/\/kanakydesign.com\/","logo":{"@type":"ImageObject","inLanguage":"en-US","@id":"https:\/\/kanakydesign.com\/#\/schema\/logo\/image\/","url":"https:\/\/kanakydesign.com\/wp-content\/uploads\/2023\/06\/Logo-KanakyDesign-circular-negro-1.png","contentUrl":"https:\/\/kanakydesign.com\/wp-content\/uploads\/2023\/06\/Logo-KanakyDesign-circular-negro-1.png","width":2000,"height":2000,"caption":"KanakyDesign Enclosures"},"image":{"@id":"https:\/\/kanakydesign.com\/#\/schema\/logo\/image\/"}}]}},"_links":{"self":[{"href":"https:\/\/kanakydesign.com\/en\/wp-json\/wp\/v2\/product\/554","targetHints":{"allow":["GET"]}}],"collection":[{"href":"https:\/\/kanakydesign.com\/en\/wp-json\/wp\/v2\/product"}],"about":[{"href":"https:\/\/kanakydesign.com\/en\/wp-json\/wp\/v2\/types\/product"}],"wp:featuredmedia":[{"embeddable":true,"href":"https:\/\/kanakydesign.com\/en\/wp-json\/wp\/v2\/media\/1092"}],"wp:attachment":[{"href":"https:\/\/kanakydesign.com\/en\/wp-json\/wp\/v2\/media?parent=554"}],"wp:term":[{"taxonomy":"product_brand","embeddable":true,"href":"https:\/\/kanakydesign.com\/en\/wp-json\/wp\/v2\/product_brand?post=554"},{"taxonomy":"product_cat","embeddable":true,"href":"https:\/\/kanakydesign.com\/en\/wp-json\/wp\/v2\/product_cat?post=554"},{"taxonomy":"product_tag","embeddable":true,"href":"https:\/\/kanakydesign.com\/en\/wp-json\/wp\/v2\/product_tag?post=554"}],"curies":[{"name":"wp","href":"https:\/\/api.w.org\/{rel}","templated":true}]}}