{"id":486,"date":"2023-06-29T17:20:37","date_gmt":"2023-06-29T17:20:37","guid":{"rendered":"https:\/\/kanakydesign.com\/?post_type=product&#038;p=486"},"modified":"2026-03-30T10:01:18","modified_gmt":"2026-03-30T10:01:18","slug":"bombilla-ceramica","status":"publish","type":"product","link":"https:\/\/kanakydesign.com\/en\/product\/bombilla-ceramica\/","title":{"rendered":"Ceramic bulb"},"content":{"rendered":"<p data-start=\"172\" data-end=\"724\">The <strong data-start=\"175\" data-end=\"225\">Arcadia ceramic heat emitter for terrariums<\/strong> is a reliable and highly versatile heating source for <strong data-start=\"282\" data-end=\"308\">all types of terrariums<\/strong>. Unlike conventional spotlights, <strong data-start=\"352\" data-end=\"376\">does not emit visible light<\/strong>: generates <strong data-start=\"385\" data-end=\"419\">infrared radiation heat<\/strong>, which makes it an excellent option for maintaining temperature <strong data-start=\"491\" data-end=\"532\">during the day and also at night<\/strong> without altering the light\/dark cycles of reptiles, amphibians and invertebrates. It is especially useful when you need a constant heat supply or a stable \u201cbackground heat\u201d in the terrarium.<\/p>\n<h2 data-start=\"726\" data-end=\"768\">\u2705 Heat without light: perfect for 24\/7 use.<\/h2>\n<p data-start=\"769\" data-end=\"1057\">By not producing light, the <strong data-start=\"792\" data-end=\"819\">Arcadia ceramic emitter<\/strong> allows you to provide warmth without \u201cpolluting\u201d the animal's night. That is why it is widely used to support the night temperature or to maintain a stable range in cold rooms, always adjusting it correctly with temperature control.<\/p>\n<h2 data-start=\"1059\" data-end=\"1097\">\ud83c\udf21\ufe0f Infrared and heat sensation<\/h2>\n<p data-start=\"1098\" data-end=\"1725\">The <strong data-start=\"1102\" data-end=\"1124\">ceramic emitters<\/strong> are usually associated with a more ambient and uniform type of heat (very useful to keep the terrarium stable). In comparison, technologies such as the <strong data-start=\"1274\" data-end=\"1297\">Deep Heat Projector<\/strong> Arcadia are designed to emit <strong data-start=\"1337\" data-end=\"1356\">Infra-Network A and B<\/strong>, The ceramic tiles, which are perceived as a \u201cdeeper\u201d heat and are very interesting when you are looking for a more intense heat point without light. This does not detract from the ceramics: the <strong data-start=\"1513\" data-end=\"1549\">ceramic heat emitter Arcadia<\/strong> is still a very solid option for <strong data-start=\"1590\" data-end=\"1613\">general heating<\/strong>, The new system provides night-time support and thermal stability in a wide variety of mountings.<\/p>\n<h2 data-start=\"1727\" data-end=\"1779\">\ud83d\udd25 Safety recommendations (very important).<\/h2>\n<ul data-start=\"1780\" data-end=\"2081\">\n<li data-start=\"1780\" data-end=\"1854\">\n<p data-start=\"1782\" data-end=\"1854\"><strong data-start=\"1782\" data-end=\"1845\">Always use it with a heat-resistant ceramic bushing.<\/strong> (E27).<\/p>\n<\/li>\n<li data-start=\"1855\" data-end=\"1970\">\n<p data-start=\"1857\" data-end=\"1970\"><strong data-start=\"1857\" data-end=\"1896\">Highly recommended to use a thermostat<\/strong> to control the temperature and avoid overheating of the habitat.<\/p>\n<\/li>\n<li data-start=\"1971\" data-end=\"2081\">\n<p data-start=\"1973\" data-end=\"2081\">If the emitter goes <strong data-start=\"1989\" data-end=\"1999\">inside<\/strong> of the terrarium, add a <strong data-start=\"2024\" data-end=\"2044\">protective cage<\/strong> to avoid contact burns.<\/p>\n<\/li>\n<\/ul>\n<h2 data-start=\"2299\" data-end=\"2326\">\ud83e\udde9 Who is it ideal for?<\/h2>\n<ul data-start=\"2327\" data-end=\"2511\">\n<li data-start=\"2327\" data-end=\"2394\">\n<p data-start=\"2329\" data-end=\"2394\">Terrariums where you need <strong data-start=\"2355\" data-end=\"2380\">stable heat without light<\/strong> (day\/night)<\/p>\n<\/li>\n<li data-start=\"2395\" data-end=\"2452\">\n<p data-start=\"2397\" data-end=\"2452\">Thermal support at night for light-sensitive species<\/p>\n<\/li>\n<li data-start=\"2453\" data-end=\"2511\">\n<p data-start=\"2455\" data-end=\"2511\">Assemblies where you are looking for <strong data-start=\"2477\" data-end=\"2501\">ambient temperature<\/strong> homogeneous<\/p>\n<\/li>\n<\/ul>","protected":false},"excerpt":{"rendered":"<p>Ceramic heat emitters are suitable for all types of terrariums. They do not emit light, but produce heat by infrared radiation. This makes them very useful for a 24h use that does not affect the day and night cycles of our animals. Always use them on a heat-resistant ceramic cap and it is highly recommended to use thermostats to control the temperature.<\/p>","protected":false},"featured_media":1627,"template":"","meta":[],"product_brand":[],"product_cat":[23,26],"product_tag":[193,279,284,283,280,281,286,285,282,277,278,287,220],"class_list":{"0":"post-486","1":"product","2":"type-product","3":"status-publish","4":"has-post-thumbnail","6":"product_cat-accesorios","7":"product_cat-calefaccion","8":"product_tag-arcadia","9":"product_tag-bombilla-ceramica-terrario","10":"product_tag-calefaccion-24h-terrario","11":"product_tag-calefaccion-nocturna-terrario","12":"product_tag-calefaccion-terrario-sin-luz","13":"product_tag-calor-infrarrojo-terrario","14":"product_tag-casquillo-ceramico-e27","15":"product_tag-emisor-ceramico-arcadia","16":"product_tag-emisor-ceramico-reptiles","17":"product_tag-emisor-ceramico-terrario","18":"product_tag-emisor-de-calor-ceramico","19":"product_tag-jaula-lampara-calor","20":"product_tag-termostato-terrario","22":"first","23":"instock","24":"taxable","25":"shipping-taxable","26":"purchasable","27":"product-type-variable"},"yoast_head":"<!-- This site is optimized with the Yoast SEO plugin v27.4 - https:\/\/yoast.com\/product\/yoast-seo-wordpress\/ -->\n<title>Bombilla cer\u00e1mica | KanakyDesign Enclosures<\/title>\n<meta name=\"description\" content=\"Emisor cer\u00e1mico terrario Arcadia: calor infrarrojo sin luz para uso 24h. Ideal para estabilidad t\u00e9rmica. Requiere casquillo cer\u00e1mico y termostato.\" \/>\n<meta name=\"robots\" content=\"index, follow, max-snippet:-1, max-image-preview:large, max-video-preview:-1\" \/>\n<link rel=\"canonical\" href=\"https:\/\/kanakydesign.com\/en\/product\/bombilla-ceramica\/\" \/>\n<meta property=\"og:locale\" content=\"en_US\" \/>\n<meta property=\"og:type\" content=\"article\" \/>\n<meta property=\"og:title\" content=\"Bombilla cer\u00e1mica | KanakyDesign Enclosures\" \/>\n<meta property=\"og:description\" content=\"Emisor cer\u00e1mico terrario Arcadia: calor infrarrojo sin luz para uso 24h. Ideal para estabilidad t\u00e9rmica. Requiere casquillo cer\u00e1mico y termostato.\" \/>\n<meta property=\"og:url\" content=\"https:\/\/kanakydesign.com\/en\/product\/bombilla-ceramica\/\" \/>\n<meta property=\"og:site_name\" content=\"KanakyDesign Enclosures\" \/>\n<meta property=\"article:modified_time\" content=\"2026-03-30T10:01:18+00:00\" \/>\n<meta property=\"og:image\" content=\"https:\/\/kanakydesign.com\/wp-content\/uploads\/2023\/06\/Bombilla-ceramica-arcadia-IR-C.png\" \/>\n\t<meta property=\"og:image:width\" content=\"1131\" \/>\n\t<meta property=\"og:image:height\" content=\"1131\" \/>\n\t<meta property=\"og:image:type\" content=\"image\/png\" \/>\n<meta name=\"twitter:card\" content=\"summary_large_image\" \/>\n<meta name=\"twitter:label1\" content=\"Est. reading time\" \/>\n\t<meta name=\"twitter:data1\" content=\"2 minutes\" \/>\n<script type=\"application\/ld+json\" class=\"yoast-schema-graph\">{\"@context\":\"https:\\\/\\\/schema.org\",\"@graph\":[{\"@type\":\"WebPage\",\"@id\":\"https:\\\/\\\/kanakydesign.com\\\/producto\\\/bombilla-ceramica\\\/\",\"url\":\"https:\\\/\\\/kanakydesign.com\\\/producto\\\/bombilla-ceramica\\\/\",\"name\":\"Bombilla cer\u00e1mica | KanakyDesign Enclosures\",\"isPartOf\":{\"@id\":\"https:\\\/\\\/kanakydesign.com\\\/#website\"},\"primaryImageOfPage\":{\"@id\":\"https:\\\/\\\/kanakydesign.com\\\/producto\\\/bombilla-ceramica\\\/#primaryimage\"},\"image\":{\"@id\":\"https:\\\/\\\/kanakydesign.com\\\/producto\\\/bombilla-ceramica\\\/#primaryimage\"},\"thumbnailUrl\":\"https:\\\/\\\/kanakydesign.com\\\/wp-content\\\/uploads\\\/2023\\\/06\\\/Bombilla-ceramica-arcadia-IR-C.png\",\"datePublished\":\"2023-06-29T17:20:37+00:00\",\"dateModified\":\"2026-03-30T10:01:18+00:00\",\"description\":\"Emisor cer\u00e1mico terrario Arcadia: calor infrarrojo sin luz para uso 24h. Ideal para estabilidad t\u00e9rmica. Requiere casquillo cer\u00e1mico y termostato.\",\"breadcrumb\":{\"@id\":\"https:\\\/\\\/kanakydesign.com\\\/producto\\\/bombilla-ceramica\\\/#breadcrumb\"},\"inLanguage\":\"en-US\",\"potentialAction\":[{\"@type\":\"ReadAction\",\"target\":[\"https:\\\/\\\/kanakydesign.com\\\/producto\\\/bombilla-ceramica\\\/\"]}]},{\"@type\":\"ImageObject\",\"inLanguage\":\"en-US\",\"@id\":\"https:\\\/\\\/kanakydesign.com\\\/producto\\\/bombilla-ceramica\\\/#primaryimage\",\"url\":\"https:\\\/\\\/kanakydesign.com\\\/wp-content\\\/uploads\\\/2023\\\/06\\\/Bombilla-ceramica-arcadia-IR-C.png\",\"contentUrl\":\"https:\\\/\\\/kanakydesign.com\\\/wp-content\\\/uploads\\\/2023\\\/06\\\/Bombilla-ceramica-arcadia-IR-C.png\",\"width\":1131,\"height\":1131},{\"@type\":\"BreadcrumbList\",\"@id\":\"https:\\\/\\\/kanakydesign.com\\\/producto\\\/bombilla-ceramica\\\/#breadcrumb\",\"itemListElement\":[{\"@type\":\"ListItem\",\"position\":1,\"name\":\"Portada\",\"item\":\"https:\\\/\\\/kanakydesign.com\\\/\"},{\"@type\":\"ListItem\",\"position\":2,\"name\":\"Tienda\",\"item\":\"https:\\\/\\\/kanakydesign.com\\\/tienda\\\/\"},{\"@type\":\"ListItem\",\"position\":3,\"name\":\"Bombilla cer\u00e1mica\"}]},{\"@type\":\"WebSite\",\"@id\":\"https:\\\/\\\/kanakydesign.com\\\/#website\",\"url\":\"https:\\\/\\\/kanakydesign.com\\\/\",\"name\":\"KanakyDesign Enclosures\",\"description\":\"Become a professional keeper\",\"publisher\":{\"@id\":\"https:\\\/\\\/kanakydesign.com\\\/#organization\"},\"alternateName\":\"KanakyDesign\",\"potentialAction\":[{\"@type\":\"SearchAction\",\"target\":{\"@type\":\"EntryPoint\",\"urlTemplate\":\"https:\\\/\\\/kanakydesign.com\\\/?s={search_term_string}\"},\"query-input\":{\"@type\":\"PropertyValueSpecification\",\"valueRequired\":true,\"valueName\":\"search_term_string\"}}],\"inLanguage\":\"en-US\"},{\"@type\":\"Organization\",\"@id\":\"https:\\\/\\\/kanakydesign.com\\\/#organization\",\"name\":\"KanakyDesign Enclosures\",\"alternateName\":\"KanakyDesign\",\"url\":\"https:\\\/\\\/kanakydesign.com\\\/\",\"logo\":{\"@type\":\"ImageObject\",\"inLanguage\":\"en-US\",\"@id\":\"https:\\\/\\\/kanakydesign.com\\\/#\\\/schema\\\/logo\\\/image\\\/\",\"url\":\"https:\\\/\\\/kanakydesign.com\\\/wp-content\\\/uploads\\\/2023\\\/06\\\/Logo-KanakyDesign-circular-negro-1.png\",\"contentUrl\":\"https:\\\/\\\/kanakydesign.com\\\/wp-content\\\/uploads\\\/2023\\\/06\\\/Logo-KanakyDesign-circular-negro-1.png\",\"width\":2000,\"height\":2000,\"caption\":\"KanakyDesign Enclosures\"},\"image\":{\"@id\":\"https:\\\/\\\/kanakydesign.com\\\/#\\\/schema\\\/logo\\\/image\\\/\"}}]}<\/script>\n<!-- \/ Yoast SEO plugin. -->","yoast_head_json":{"title":"Ceramic Bulb | KanakyDesign Enclosures","description":"Arcadia terrarium ceramic emitter: infrared heat without light for 24h use. Ideal for thermal stability. Requires ceramic cap and thermostat.","robots":{"index":"index","follow":"follow","max-snippet":"max-snippet:-1","max-image-preview":"max-image-preview:large","max-video-preview":"max-video-preview:-1"},"canonical":"https:\/\/kanakydesign.com\/en\/product\/bombilla-ceramica\/","og_locale":"en_US","og_type":"article","og_title":"Bombilla cer\u00e1mica | KanakyDesign Enclosures","og_description":"Emisor cer\u00e1mico terrario Arcadia: calor infrarrojo sin luz para uso 24h. Ideal para estabilidad t\u00e9rmica. Requiere casquillo cer\u00e1mico y termostato.","og_url":"https:\/\/kanakydesign.com\/en\/product\/bombilla-ceramica\/","og_site_name":"KanakyDesign Enclosures","article_modified_time":"2026-03-30T10:01:18+00:00","og_image":[{"width":1131,"height":1131,"url":"https:\/\/kanakydesign.com\/wp-content\/uploads\/2023\/06\/Bombilla-ceramica-arcadia-IR-C.png","type":"image\/png"}],"twitter_card":"summary_large_image","twitter_misc":{"Est. reading time":"2 minutes"},"schema":{"@context":"https:\/\/schema.org","@graph":[{"@type":"WebPage","@id":"https:\/\/kanakydesign.com\/producto\/bombilla-ceramica\/","url":"https:\/\/kanakydesign.com\/producto\/bombilla-ceramica\/","name":"Ceramic Bulb | KanakyDesign Enclosures","isPartOf":{"@id":"https:\/\/kanakydesign.com\/#website"},"primaryImageOfPage":{"@id":"https:\/\/kanakydesign.com\/producto\/bombilla-ceramica\/#primaryimage"},"image":{"@id":"https:\/\/kanakydesign.com\/producto\/bombilla-ceramica\/#primaryimage"},"thumbnailUrl":"https:\/\/kanakydesign.com\/wp-content\/uploads\/2023\/06\/Bombilla-ceramica-arcadia-IR-C.png","datePublished":"2023-06-29T17:20:37+00:00","dateModified":"2026-03-30T10:01:18+00:00","description":"Arcadia terrarium ceramic emitter: infrared heat without light for 24h use. Ideal for thermal stability. Requires ceramic cap and thermostat.","breadcrumb":{"@id":"https:\/\/kanakydesign.com\/producto\/bombilla-ceramica\/#breadcrumb"},"inLanguage":"en-US","potentialAction":[{"@type":"ReadAction","target":["https:\/\/kanakydesign.com\/producto\/bombilla-ceramica\/"]}]},{"@type":"ImageObject","inLanguage":"en-US","@id":"https:\/\/kanakydesign.com\/producto\/bombilla-ceramica\/#primaryimage","url":"https:\/\/kanakydesign.com\/wp-content\/uploads\/2023\/06\/Bombilla-ceramica-arcadia-IR-C.png","contentUrl":"https:\/\/kanakydesign.com\/wp-content\/uploads\/2023\/06\/Bombilla-ceramica-arcadia-IR-C.png","width":1131,"height":1131},{"@type":"BreadcrumbList","@id":"https:\/\/kanakydesign.com\/producto\/bombilla-ceramica\/#breadcrumb","itemListElement":[{"@type":"ListItem","position":1,"name":"Portada","item":"https:\/\/kanakydesign.com\/"},{"@type":"ListItem","position":2,"name":"Tienda","item":"https:\/\/kanakydesign.com\/tienda\/"},{"@type":"ListItem","position":3,"name":"Bombilla cer\u00e1mica"}]},{"@type":"WebSite","@id":"https:\/\/kanakydesign.com\/#website","url":"https:\/\/kanakydesign.com\/","name":"KanakyDesign Enclosures","description":"Become a professional keeper","publisher":{"@id":"https:\/\/kanakydesign.com\/#organization"},"alternateName":"KanakyDesign","potentialAction":[{"@type":"SearchAction","target":{"@type":"EntryPoint","urlTemplate":"https:\/\/kanakydesign.com\/?s={search_term_string}"},"query-input":{"@type":"PropertyValueSpecification","valueRequired":true,"valueName":"search_term_string"}}],"inLanguage":"en-US"},{"@type":"Organization","@id":"https:\/\/kanakydesign.com\/#organization","name":"KanakyDesign Enclosures","alternateName":"KanakyDesign","url":"https:\/\/kanakydesign.com\/","logo":{"@type":"ImageObject","inLanguage":"en-US","@id":"https:\/\/kanakydesign.com\/#\/schema\/logo\/image\/","url":"https:\/\/kanakydesign.com\/wp-content\/uploads\/2023\/06\/Logo-KanakyDesign-circular-negro-1.png","contentUrl":"https:\/\/kanakydesign.com\/wp-content\/uploads\/2023\/06\/Logo-KanakyDesign-circular-negro-1.png","width":2000,"height":2000,"caption":"KanakyDesign Enclosures"},"image":{"@id":"https:\/\/kanakydesign.com\/#\/schema\/logo\/image\/"}}]}},"_links":{"self":[{"href":"https:\/\/kanakydesign.com\/en\/wp-json\/wp\/v2\/product\/486","targetHints":{"allow":["GET"]}}],"collection":[{"href":"https:\/\/kanakydesign.com\/en\/wp-json\/wp\/v2\/product"}],"about":[{"href":"https:\/\/kanakydesign.com\/en\/wp-json\/wp\/v2\/types\/product"}],"wp:featuredmedia":[{"embeddable":true,"href":"https:\/\/kanakydesign.com\/en\/wp-json\/wp\/v2\/media\/1627"}],"wp:attachment":[{"href":"https:\/\/kanakydesign.com\/en\/wp-json\/wp\/v2\/media?parent=486"}],"wp:term":[{"taxonomy":"product_brand","embeddable":true,"href":"https:\/\/kanakydesign.com\/en\/wp-json\/wp\/v2\/product_brand?post=486"},{"taxonomy":"product_cat","embeddable":true,"href":"https:\/\/kanakydesign.com\/en\/wp-json\/wp\/v2\/product_cat?post=486"},{"taxonomy":"product_tag","embeddable":true,"href":"https:\/\/kanakydesign.com\/en\/wp-json\/wp\/v2\/product_tag?post=486"}],"curies":[{"name":"wp","href":"https:\/\/api.w.org\/{rel}","templated":true}]}}