{"id":252,"date":"2023-06-27T14:46:46","date_gmt":"2023-06-27T14:46:46","guid":{"rendered":"https:\/\/kanakydesign.com\/?post_type=product&#038;p=252"},"modified":"2026-04-11T16:56:57","modified_gmt":"2026-04-11T16:56:57","slug":"barra-led","status":"publish","type":"product","link":"https:\/\/kanakydesign.com\/en\/product\/barra-led\/","title":{"rendered":"LED Bar"},"content":{"rendered":"<p data-start=\"172\" data-end=\"617\">The <strong data-start=\"175\" data-end=\"213\">LED strip T5 6500K for terrarium<\/strong> is a practical and efficient lighting solution when you're looking for a light <strong data-start=\"288\" data-end=\"300\">uniform<\/strong>, The light is pleasant and with a \u201cdaylight\u201d tone, ideal for planted setups, work areas or terrariums where you want excellent visibility. Thanks to its <strong data-start=\"450\" data-end=\"480\">120\u00ba opening angle<\/strong>, The light is projected broadly, reducing harsh shadows and spreading the illumination more evenly throughout the terrarium.<\/p>\n<h2 data-start=\"619\" data-end=\"663\">Homogeneous illumination with 120\u00b0 opening<\/h2>\n<p data-start=\"664\" data-end=\"1026\">One of its major advantages is the <strong data-start=\"698\" data-end=\"713\">120\u00ba beam<\/strong>, which helps to better cover the surface of the terrarium. This is especially useful in elongated terrariums or terrariums with decorations that tend to generate dark areas. With a <strong data-start=\"876\" data-end=\"900\">LED strip T5 6500K<\/strong>, The result is a cleaner and more natural look, improving the aesthetics of the assembly and facilitating daily maintenance.<\/p>\n<h2 data-start=\"1028\" data-end=\"1077\">\ud83c\udf3f 6500K \u201cdaylight\u201d: brightness and natural appearance<\/h2>\n<p data-start=\"1078\" data-end=\"1388\">Color temperature <strong data-start=\"1102\" data-end=\"1111\">6500K<\/strong> provides a daylight-like white light, ideal for enhancing colors and textures in the terrarium. In plant mounts, this shade often provides a crisp, fresh look; in decorative terrariums, it enhances depth perception and contrasts nicely with woods, rocks and mosses.<\/p>\n<h2 data-start=\"1390\" data-end=\"1445\">\ud83d\udee1\ufe0f Resistant materials: aluminum + polycarbonate<\/h2>\n<p data-start=\"1446\" data-end=\"1662\">The power strip has <strong data-start=\"1468\" data-end=\"1491\">aluminum housing<\/strong> y <strong data-start=\"1494\" data-end=\"1523\">polycarbonate cover<\/strong>, materials chosen for their resistance and durability. They are designed to withstand common conditions in terrariums and humid areas:<\/p>\n<ul data-start=\"1663\" data-end=\"1785\">\n<li data-start=\"1663\" data-end=\"1721\">\n<p data-start=\"1665\" data-end=\"1721\">resistance to <strong data-start=\"1680\" data-end=\"1688\">water<\/strong> (splashing\/humid environment)<\/p>\n<\/li>\n<li data-start=\"1722\" data-end=\"1750\">\n<p data-start=\"1724\" data-end=\"1750\">resistance to <strong data-start=\"1739\" data-end=\"1748\">powder<\/strong><\/p>\n<\/li>\n<li data-start=\"1751\" data-end=\"1785\">\n<p data-start=\"1753\" data-end=\"1785\">resistance to <strong data-start=\"1770\" data-end=\"1783\">corrosion<\/strong><\/p>\n<\/li>\n<\/ul>\n<p data-start=\"1787\" data-end=\"1951\">This makes it an interesting option for tropical terrariums or shelves where humidity and condensation are frequent (without being submersible).<\/p>\n<h2 data-start=\"1953\" data-end=\"1985\">\ud83d\udd0c Includes power cord<\/h2>\n<p data-start=\"1986\" data-end=\"2246\">Includes <strong data-start=\"1994\" data-end=\"2016\">power cable<\/strong>, The light source is a simple, easy to install, quick and clean. It is a good choice if you are looking for simple lighting to supplement other sources (e.g., UVB in reptiles that require it) or to provide general lighting for a planted terrarium.<\/p>\n<p data-start=\"2248\" data-end=\"2422\">\ud83d\udc49 Find more lighting and terrarium accessories at. <strong data-start=\"2308\" data-end=\"2343\"><a class=\"decorated-link\" href=\"https:\/\/kanakydesign.com\/en\/categoria\/accesorios\/iluminacion\/\" target=\"_new\" rel=\"noopener\" data-start=\"2310\" data-end=\"2341\">https:\/\/www.kanakydesign.com\/<\/a><\/strong>, and complete your setup with controllers and timers when you need them.<\/p>","protected":false},"excerpt":{"rendered":"<p align=\"justify\">T5 6500K LED strip offers a very homogeneous illumination thanks to the 120\u00ba beam opening angle. It has an aluminum housing and a polycarbonate cover, materials resistant to water, dust and corrosion. Power cord included.<\/p>","protected":false},"featured_media":1099,"template":"","meta":[],"product_brand":[],"product_cat":[23,25],"product_tag":[272,318,319,320,312,316,313,317,315,311,314,309,310],"class_list":{"0":"post-252","1":"product","2":"type-product","3":"status-publish","4":"has-post-thumbnail","6":"product_cat-accesorios","7":"product_cat-iluminacion","8":"product_tag-accesorios-iluminacion-terrario","9":"product_tag-carcasa-aluminio-led","10":"product_tag-cubierta-policarbonato-led","11":"product_tag-iluminacion-resistente-humedad","12":"product_tag-iluminacion-terrario-led","13":"product_tag-iluminacion-terrario-plantado","14":"product_tag-led-6500k-terrario","15":"product_tag-luz-blanca-dia-terrario","16":"product_tag-luz-homogenea-terrario","17":"product_tag-luz-t5-terrario","18":"product_tag-regleta-led-120o","19":"product_tag-regleta-led-t5-6500k","20":"product_tag-regleta-led-terrario","22":"first","23":"instock","24":"taxable","25":"shipping-taxable","26":"purchasable","27":"product-type-variable"},"yoast_head":"<!-- This site is optimized with the Yoast SEO plugin v27.4 - https:\/\/yoast.com\/product\/yoast-seo-wordpress\/ -->\n<title>Barra LED | KanakyDesign Enclosures<\/title>\n<meta name=\"description\" content=\"Regleta LED T5 6500K con haz 120\u00ba para iluminaci\u00f3n homog\u00e9nea. Carcasa de aluminio y cubierta de policarbonato resistentes al agua, polvo y corrosi\u00f3n.\" \/>\n<meta name=\"robots\" content=\"index, follow, max-snippet:-1, max-image-preview:large, max-video-preview:-1\" \/>\n<link rel=\"canonical\" href=\"https:\/\/kanakydesign.com\/en\/product\/barra-led\/\" \/>\n<meta property=\"og:locale\" content=\"en_US\" \/>\n<meta property=\"og:type\" content=\"article\" \/>\n<meta property=\"og:title\" content=\"Barra LED | KanakyDesign Enclosures\" \/>\n<meta property=\"og:description\" content=\"Regleta LED T5 6500K con haz 120\u00ba para iluminaci\u00f3n homog\u00e9nea. Carcasa de aluminio y cubierta de policarbonato resistentes al agua, polvo y corrosi\u00f3n.\" \/>\n<meta property=\"og:url\" content=\"https:\/\/kanakydesign.com\/en\/product\/barra-led\/\" \/>\n<meta property=\"og:site_name\" content=\"KanakyDesign Enclosures\" \/>\n<meta property=\"article:modified_time\" content=\"2026-04-11T16:56:57+00:00\" \/>\n<meta property=\"og:image\" content=\"https:\/\/kanakydesign.com\/wp-content\/uploads\/2023\/09\/DSC2839-scaled.jpg\" \/>\n\t<meta property=\"og:image:width\" content=\"2560\" \/>\n\t<meta property=\"og:image:height\" content=\"2560\" \/>\n\t<meta property=\"og:image:type\" content=\"image\/jpeg\" \/>\n<meta name=\"twitter:card\" content=\"summary_large_image\" \/>\n<meta name=\"twitter:label1\" content=\"Est. reading time\" \/>\n\t<meta name=\"twitter:data1\" content=\"2 minutes\" \/>\n<script type=\"application\/ld+json\" class=\"yoast-schema-graph\">{\"@context\":\"https:\\\/\\\/schema.org\",\"@graph\":[{\"@type\":\"WebPage\",\"@id\":\"https:\\\/\\\/kanakydesign.com\\\/producto\\\/barra-led\\\/\",\"url\":\"https:\\\/\\\/kanakydesign.com\\\/producto\\\/barra-led\\\/\",\"name\":\"Barra LED | KanakyDesign Enclosures\",\"isPartOf\":{\"@id\":\"https:\\\/\\\/kanakydesign.com\\\/#website\"},\"primaryImageOfPage\":{\"@id\":\"https:\\\/\\\/kanakydesign.com\\\/producto\\\/barra-led\\\/#primaryimage\"},\"image\":{\"@id\":\"https:\\\/\\\/kanakydesign.com\\\/producto\\\/barra-led\\\/#primaryimage\"},\"thumbnailUrl\":\"https:\\\/\\\/kanakydesign.com\\\/wp-content\\\/uploads\\\/2023\\\/09\\\/DSC2839-scaled.jpg\",\"datePublished\":\"2023-06-27T14:46:46+00:00\",\"dateModified\":\"2026-04-11T16:56:57+00:00\",\"description\":\"Regleta LED T5 6500K con haz 120\u00ba para iluminaci\u00f3n homog\u00e9nea. Carcasa de aluminio y cubierta de policarbonato resistentes al agua, polvo y corrosi\u00f3n.\",\"breadcrumb\":{\"@id\":\"https:\\\/\\\/kanakydesign.com\\\/producto\\\/barra-led\\\/#breadcrumb\"},\"inLanguage\":\"en-US\",\"potentialAction\":[{\"@type\":\"ReadAction\",\"target\":[\"https:\\\/\\\/kanakydesign.com\\\/producto\\\/barra-led\\\/\"]}]},{\"@type\":\"ImageObject\",\"inLanguage\":\"en-US\",\"@id\":\"https:\\\/\\\/kanakydesign.com\\\/producto\\\/barra-led\\\/#primaryimage\",\"url\":\"https:\\\/\\\/kanakydesign.com\\\/wp-content\\\/uploads\\\/2023\\\/09\\\/DSC2839-scaled.jpg\",\"contentUrl\":\"https:\\\/\\\/kanakydesign.com\\\/wp-content\\\/uploads\\\/2023\\\/09\\\/DSC2839-scaled.jpg\",\"width\":2560,\"height\":2560},{\"@type\":\"BreadcrumbList\",\"@id\":\"https:\\\/\\\/kanakydesign.com\\\/producto\\\/barra-led\\\/#breadcrumb\",\"itemListElement\":[{\"@type\":\"ListItem\",\"position\":1,\"name\":\"Portada\",\"item\":\"https:\\\/\\\/kanakydesign.com\\\/\"},{\"@type\":\"ListItem\",\"position\":2,\"name\":\"Tienda\",\"item\":\"https:\\\/\\\/kanakydesign.com\\\/tienda\\\/\"},{\"@type\":\"ListItem\",\"position\":3,\"name\":\"Barra LED\"}]},{\"@type\":\"WebSite\",\"@id\":\"https:\\\/\\\/kanakydesign.com\\\/#website\",\"url\":\"https:\\\/\\\/kanakydesign.com\\\/\",\"name\":\"KanakyDesign Enclosures\",\"description\":\"Become a professional keeper\",\"publisher\":{\"@id\":\"https:\\\/\\\/kanakydesign.com\\\/#organization\"},\"alternateName\":\"KanakyDesign\",\"potentialAction\":[{\"@type\":\"SearchAction\",\"target\":{\"@type\":\"EntryPoint\",\"urlTemplate\":\"https:\\\/\\\/kanakydesign.com\\\/?s={search_term_string}\"},\"query-input\":{\"@type\":\"PropertyValueSpecification\",\"valueRequired\":true,\"valueName\":\"search_term_string\"}}],\"inLanguage\":\"en-US\"},{\"@type\":\"Organization\",\"@id\":\"https:\\\/\\\/kanakydesign.com\\\/#organization\",\"name\":\"KanakyDesign Enclosures\",\"alternateName\":\"KanakyDesign\",\"url\":\"https:\\\/\\\/kanakydesign.com\\\/\",\"logo\":{\"@type\":\"ImageObject\",\"inLanguage\":\"en-US\",\"@id\":\"https:\\\/\\\/kanakydesign.com\\\/#\\\/schema\\\/logo\\\/image\\\/\",\"url\":\"https:\\\/\\\/kanakydesign.com\\\/wp-content\\\/uploads\\\/2023\\\/06\\\/Logo-KanakyDesign-circular-negro-1.png\",\"contentUrl\":\"https:\\\/\\\/kanakydesign.com\\\/wp-content\\\/uploads\\\/2023\\\/06\\\/Logo-KanakyDesign-circular-negro-1.png\",\"width\":2000,\"height\":2000,\"caption\":\"KanakyDesign Enclosures\"},\"image\":{\"@id\":\"https:\\\/\\\/kanakydesign.com\\\/#\\\/schema\\\/logo\\\/image\\\/\"}}]}<\/script>\n<!-- \/ Yoast SEO plugin. -->","yoast_head_json":{"title":"LED Bar | KanakyDesign Enclosures","description":"T5 6500K LED strip with 120\u00ba beam for homogeneous illumination. Aluminum housing and polycarbonate cover resistant to water, dust and corrosion.","robots":{"index":"index","follow":"follow","max-snippet":"max-snippet:-1","max-image-preview":"max-image-preview:large","max-video-preview":"max-video-preview:-1"},"canonical":"https:\/\/kanakydesign.com\/en\/product\/barra-led\/","og_locale":"en_US","og_type":"article","og_title":"Barra LED | KanakyDesign Enclosures","og_description":"Regleta LED T5 6500K con haz 120\u00ba para iluminaci\u00f3n homog\u00e9nea. Carcasa de aluminio y cubierta de policarbonato resistentes al agua, polvo y corrosi\u00f3n.","og_url":"https:\/\/kanakydesign.com\/en\/product\/barra-led\/","og_site_name":"KanakyDesign Enclosures","article_modified_time":"2026-04-11T16:56:57+00:00","og_image":[{"width":2560,"height":2560,"url":"https:\/\/kanakydesign.com\/wp-content\/uploads\/2023\/09\/DSC2839-scaled.jpg","type":"image\/jpeg"}],"twitter_card":"summary_large_image","twitter_misc":{"Est. reading time":"2 minutes"},"schema":{"@context":"https:\/\/schema.org","@graph":[{"@type":"WebPage","@id":"https:\/\/kanakydesign.com\/producto\/barra-led\/","url":"https:\/\/kanakydesign.com\/producto\/barra-led\/","name":"LED Bar | KanakyDesign Enclosures","isPartOf":{"@id":"https:\/\/kanakydesign.com\/#website"},"primaryImageOfPage":{"@id":"https:\/\/kanakydesign.com\/producto\/barra-led\/#primaryimage"},"image":{"@id":"https:\/\/kanakydesign.com\/producto\/barra-led\/#primaryimage"},"thumbnailUrl":"https:\/\/kanakydesign.com\/wp-content\/uploads\/2023\/09\/DSC2839-scaled.jpg","datePublished":"2023-06-27T14:46:46+00:00","dateModified":"2026-04-11T16:56:57+00:00","description":"T5 6500K LED strip with 120\u00ba beam for homogeneous illumination. Aluminum housing and polycarbonate cover resistant to water, dust and corrosion.","breadcrumb":{"@id":"https:\/\/kanakydesign.com\/producto\/barra-led\/#breadcrumb"},"inLanguage":"en-US","potentialAction":[{"@type":"ReadAction","target":["https:\/\/kanakydesign.com\/producto\/barra-led\/"]}]},{"@type":"ImageObject","inLanguage":"en-US","@id":"https:\/\/kanakydesign.com\/producto\/barra-led\/#primaryimage","url":"https:\/\/kanakydesign.com\/wp-content\/uploads\/2023\/09\/DSC2839-scaled.jpg","contentUrl":"https:\/\/kanakydesign.com\/wp-content\/uploads\/2023\/09\/DSC2839-scaled.jpg","width":2560,"height":2560},{"@type":"BreadcrumbList","@id":"https:\/\/kanakydesign.com\/producto\/barra-led\/#breadcrumb","itemListElement":[{"@type":"ListItem","position":1,"name":"Portada","item":"https:\/\/kanakydesign.com\/"},{"@type":"ListItem","position":2,"name":"Tienda","item":"https:\/\/kanakydesign.com\/tienda\/"},{"@type":"ListItem","position":3,"name":"Barra LED"}]},{"@type":"WebSite","@id":"https:\/\/kanakydesign.com\/#website","url":"https:\/\/kanakydesign.com\/","name":"KanakyDesign Enclosures","description":"Become a professional keeper","publisher":{"@id":"https:\/\/kanakydesign.com\/#organization"},"alternateName":"KanakyDesign","potentialAction":[{"@type":"SearchAction","target":{"@type":"EntryPoint","urlTemplate":"https:\/\/kanakydesign.com\/?s={search_term_string}"},"query-input":{"@type":"PropertyValueSpecification","valueRequired":true,"valueName":"search_term_string"}}],"inLanguage":"en-US"},{"@type":"Organization","@id":"https:\/\/kanakydesign.com\/#organization","name":"KanakyDesign Enclosures","alternateName":"KanakyDesign","url":"https:\/\/kanakydesign.com\/","logo":{"@type":"ImageObject","inLanguage":"en-US","@id":"https:\/\/kanakydesign.com\/#\/schema\/logo\/image\/","url":"https:\/\/kanakydesign.com\/wp-content\/uploads\/2023\/06\/Logo-KanakyDesign-circular-negro-1.png","contentUrl":"https:\/\/kanakydesign.com\/wp-content\/uploads\/2023\/06\/Logo-KanakyDesign-circular-negro-1.png","width":2000,"height":2000,"caption":"KanakyDesign Enclosures"},"image":{"@id":"https:\/\/kanakydesign.com\/#\/schema\/logo\/image\/"}}]}},"_links":{"self":[{"href":"https:\/\/kanakydesign.com\/en\/wp-json\/wp\/v2\/product\/252","targetHints":{"allow":["GET"]}}],"collection":[{"href":"https:\/\/kanakydesign.com\/en\/wp-json\/wp\/v2\/product"}],"about":[{"href":"https:\/\/kanakydesign.com\/en\/wp-json\/wp\/v2\/types\/product"}],"wp:featuredmedia":[{"embeddable":true,"href":"https:\/\/kanakydesign.com\/en\/wp-json\/wp\/v2\/media\/1099"}],"wp:attachment":[{"href":"https:\/\/kanakydesign.com\/en\/wp-json\/wp\/v2\/media?parent=252"}],"wp:term":[{"taxonomy":"product_brand","embeddable":true,"href":"https:\/\/kanakydesign.com\/en\/wp-json\/wp\/v2\/product_brand?post=252"},{"taxonomy":"product_cat","embeddable":true,"href":"https:\/\/kanakydesign.com\/en\/wp-json\/wp\/v2\/product_cat?post=252"},{"taxonomy":"product_tag","embeddable":true,"href":"https:\/\/kanakydesign.com\/en\/wp-json\/wp\/v2\/product_tag?post=252"}],"curies":[{"name":"wp","href":"https:\/\/api.w.org\/{rel}","templated":true}]}}