{"id":1137,"date":"2023-10-10T11:31:46","date_gmt":"2023-10-10T11:31:46","guid":{"rendered":"https:\/\/kanakydesign.com\/?post_type=product&#038;p=1137"},"modified":"2026-02-08T00:42:28","modified_gmt":"2026-02-08T00:42:28","slug":"percha-bambu-soportes","status":"publish","type":"product","link":"https:\/\/kanakydesign.com\/en\/product\/percha-bambu-soportes\/","title":{"rendered":"Bamboo Hanger Brackets"},"content":{"rendered":"<p data-start=\"174\" data-end=\"713\">The <strong data-start=\"178\" data-end=\"230\">Kanaky Design PVC brackets for bamboo hangers<\/strong> are designed by us to allow you to quickly, stably and cleanly attach a <strong data-start=\"320\" data-end=\"339\">bamboo hanger<\/strong> o <strong data-start=\"342\" data-end=\"365\">cylindrical woods<\/strong> inside the terrarium, without complicating with flanges, improvised screws or systems that end up yielding with the humidity. This <strong data-start=\"492\" data-end=\"526\">pair of fixing brackets<\/strong> adapts to <strong data-start=\"539\" data-end=\"558\">various thicknesses<\/strong> branch\/perch and <strong data-start=\"579\" data-end=\"601\">press-fit<\/strong>, This allows you to place and change the perch with ease when redesigning the terrarium or doing maintenance.<\/p>\n<p data-start=\"715\" data-end=\"1118\">In arboreal terrariums (and also in bioactive tropicals), a firm perch is key: it influences the safety of the animal, its natural behavior and the use of vertical space. With the <strong data-start=\"906\" data-end=\"932\">Kanaky Design supports<\/strong>, In addition, you can create solid perches for arboreal snakes, geckos, chameleons or other climbing species, as well as movement paths between platforms, vines and resting areas.<\/p>\n<h2 data-start=\"1120\" data-end=\"1175\">Press-fit and compatible with various diameters.<\/h2>\n<p data-start=\"1176\" data-end=\"1516\">The great advantage of these <strong data-start=\"1201\" data-end=\"1245\">PVC brackets for terrarium hangers<\/strong> is its system of <strong data-start=\"1263\" data-end=\"1285\">press fit<\/strong>The hanger: firmly holds hangers of different thicknesses, allowing you to reuse natural materials (bamboo, cylindrical woods, sanded branches) without having to look for a specific support for each diameter. This gives you the flexibility to:<\/p>\n<ul data-start=\"1517\" data-end=\"1682\">\n<li data-start=\"1517\" data-end=\"1565\">\n<p data-start=\"1519\" data-end=\"1565\">change perches according to the animal's growth<\/p>\n<\/li>\n<li data-start=\"1566\" data-end=\"1617\">\n<p data-start=\"1568\" data-end=\"1617\">rotate decorations without disassembling half a terrarium<\/p>\n<\/li>\n<li data-start=\"1618\" data-end=\"1682\">\n<p data-start=\"1620\" data-end=\"1682\">easy to adjust the height or inclination of the perching stand<\/p>\n<\/li>\n<\/ul>\n<h2 data-start=\"1684\" data-end=\"1731\">\ud83e\udde9 Intended for bamboo and cylindrical timbers<\/h2>\n<p data-start=\"1732\" data-end=\"1765\">They work especially well with:<\/p>\n<ul data-start=\"1766\" data-end=\"1931\">\n<li data-start=\"1766\" data-end=\"1818\">\n<p data-start=\"1768\" data-end=\"1818\"><strong data-start=\"1768\" data-end=\"1786\">bamboo tubes<\/strong> (straight and stable perches)<\/p>\n<\/li>\n<li data-start=\"1819\" data-end=\"1865\">\n<p data-start=\"1821\" data-end=\"1865\"><strong data-start=\"1821\" data-end=\"1844\">cylindrical woods<\/strong> of different origin<\/p>\n<\/li>\n<li data-start=\"1866\" data-end=\"1931\">\n<p data-start=\"1868\" data-end=\"1931\">natural hangers with regular shape (for a more solid fit)<\/p>\n<\/li>\n<\/ul>\n<p data-start=\"1933\" data-end=\"2073\">They are ideal if you want an aesthetic and minimalist finish: the support remains discreet and the hanger becomes the protagonist of the assembly.<\/p>\n<h2 data-start=\"2075\" data-end=\"2113\">\ud83c\udf3f Ideal for arboreal terrariums<\/h2>\n<p data-start=\"2114\" data-end=\"2430\">A well-installed perch allows animals to rest at height, thermoregulate and move around safely. For arboreal species, this translates into less stress and a more natural use of space. In addition, being made of PVC, they are easy to clean and suitable for environments where humidity is common.<\/p>\n<p data-start=\"2432\" data-end=\"2548\">\ud83d\udc49 You can combine these brackets with our <strong><a href=\"https:\/\/kanakydesign.com\/en\/product\/percha-bambu\/\">bamboo hangers<\/a><\/strong> and decoration.<\/p>","protected":false},"excerpt":{"rendered":"<p>Pair of fixing brackets for bamboo or cylindrical woods of different origin.<\/p>","protected":false},"featured_media":1186,"template":"","meta":[],"product_brand":[],"product_cat":[23,28],"product_tag":[509,514,506,502,508,511,513,512,504,507,510,505,503],"class_list":{"0":"post-1137","1":"product","2":"type-product","3":"status-publish","4":"has-post-thumbnail","6":"product_cat-accesorios","7":"product_cat-complementos","8":"product_tag-accesorios-terrario-arboricola","9":"product_tag-decoracion-terrario-kanaky","10":"product_tag-fijacion-percha-bambu","11":"product_tag-kanaky-design","12":"product_tag-perchas-terrario-arboricola","13":"product_tag-soporte-para-ramas-terrario","14":"product_tag-soporte-percha-corallus-caninus","15":"product_tag-soporte-percha-morelia-viridis","16":"product_tag-soporte-percha-terrario","17":"product_tag-soporte-ramas-cilindricas","18":"product_tag-soportes-ajustables-por-presion","19":"product_tag-soportes-bambu-terrario","20":"product_tag-soportes-pvc-percha-bambu","22":"first","23":"instock","24":"taxable","25":"shipping-taxable","26":"purchasable","27":"product-type-simple"},"yoast_head":"<!-- This site is optimized with the Yoast SEO plugin v27.3 - https:\/\/yoast.com\/product\/yoast-seo-wordpress\/ -->\n<title>Percha Bamb\u00fa Soportes | KanakyDesign Enclosures<\/title>\n<meta name=\"description\" content=\"Soportes PVC percha bamb\u00fa Kanaky Design: pareja de fijaci\u00f3n ajustable por presi\u00f3n para varios grosores. Perfectos para perchas de bamb\u00fa y maderas cil\u00edndricas.\" \/>\n<meta name=\"robots\" content=\"index, follow, max-snippet:-1, max-image-preview:large, max-video-preview:-1\" \/>\n<link rel=\"canonical\" href=\"https:\/\/kanakydesign.com\/en\/product\/percha-bambu-soportes\/\" \/>\n<meta property=\"og:locale\" content=\"en_US\" \/>\n<meta property=\"og:type\" content=\"article\" \/>\n<meta property=\"og:title\" content=\"Percha Bamb\u00fa Soportes | KanakyDesign Enclosures\" \/>\n<meta property=\"og:description\" content=\"Soportes PVC percha bamb\u00fa Kanaky Design: pareja de fijaci\u00f3n ajustable por presi\u00f3n para varios grosores. Perfectos para perchas de bamb\u00fa y maderas cil\u00edndricas.\" \/>\n<meta property=\"og:url\" content=\"https:\/\/kanakydesign.com\/en\/product\/percha-bambu-soportes\/\" \/>\n<meta property=\"og:site_name\" content=\"KanakyDesign Enclosures\" \/>\n<meta property=\"article:modified_time\" content=\"2026-02-08T00:42:28+00:00\" \/>\n<meta property=\"og:image\" content=\"https:\/\/kanakydesign.com\/wp-content\/uploads\/2023\/10\/DSC2819.jpg\" \/>\n\t<meta property=\"og:image:width\" content=\"2549\" \/>\n\t<meta property=\"og:image:height\" content=\"2549\" \/>\n\t<meta property=\"og:image:type\" content=\"image\/jpeg\" \/>\n<meta name=\"twitter:card\" content=\"summary_large_image\" \/>\n<meta name=\"twitter:label1\" content=\"Est. reading time\" \/>\n\t<meta name=\"twitter:data1\" content=\"2 minutes\" \/>\n<script type=\"application\/ld+json\" class=\"yoast-schema-graph\">{\"@context\":\"https:\\\/\\\/schema.org\",\"@graph\":[{\"@type\":\"WebPage\",\"@id\":\"https:\\\/\\\/kanakydesign.com\\\/producto\\\/percha-bambu-soportes\\\/\",\"url\":\"https:\\\/\\\/kanakydesign.com\\\/producto\\\/percha-bambu-soportes\\\/\",\"name\":\"Percha Bamb\u00fa Soportes | KanakyDesign Enclosures\",\"isPartOf\":{\"@id\":\"https:\\\/\\\/kanakydesign.com\\\/#website\"},\"primaryImageOfPage\":{\"@id\":\"https:\\\/\\\/kanakydesign.com\\\/producto\\\/percha-bambu-soportes\\\/#primaryimage\"},\"image\":{\"@id\":\"https:\\\/\\\/kanakydesign.com\\\/producto\\\/percha-bambu-soportes\\\/#primaryimage\"},\"thumbnailUrl\":\"https:\\\/\\\/kanakydesign.com\\\/wp-content\\\/uploads\\\/2023\\\/10\\\/DSC2819.jpg\",\"datePublished\":\"2023-10-10T11:31:46+00:00\",\"dateModified\":\"2026-02-08T00:42:28+00:00\",\"description\":\"Soportes PVC percha bamb\u00fa Kanaky Design: pareja de fijaci\u00f3n ajustable por presi\u00f3n para varios grosores. Perfectos para perchas de bamb\u00fa y maderas cil\u00edndricas.\",\"breadcrumb\":{\"@id\":\"https:\\\/\\\/kanakydesign.com\\\/producto\\\/percha-bambu-soportes\\\/#breadcrumb\"},\"inLanguage\":\"en-US\",\"potentialAction\":[{\"@type\":\"ReadAction\",\"target\":[\"https:\\\/\\\/kanakydesign.com\\\/producto\\\/percha-bambu-soportes\\\/\"]}]},{\"@type\":\"ImageObject\",\"inLanguage\":\"en-US\",\"@id\":\"https:\\\/\\\/kanakydesign.com\\\/producto\\\/percha-bambu-soportes\\\/#primaryimage\",\"url\":\"https:\\\/\\\/kanakydesign.com\\\/wp-content\\\/uploads\\\/2023\\\/10\\\/DSC2819.jpg\",\"contentUrl\":\"https:\\\/\\\/kanakydesign.com\\\/wp-content\\\/uploads\\\/2023\\\/10\\\/DSC2819.jpg\",\"width\":2549,\"height\":2549},{\"@type\":\"BreadcrumbList\",\"@id\":\"https:\\\/\\\/kanakydesign.com\\\/producto\\\/percha-bambu-soportes\\\/#breadcrumb\",\"itemListElement\":[{\"@type\":\"ListItem\",\"position\":1,\"name\":\"Portada\",\"item\":\"https:\\\/\\\/kanakydesign.com\\\/\"},{\"@type\":\"ListItem\",\"position\":2,\"name\":\"Tienda\",\"item\":\"https:\\\/\\\/kanakydesign.com\\\/tienda\\\/\"},{\"@type\":\"ListItem\",\"position\":3,\"name\":\"Percha Bamb\u00fa Soportes\"}]},{\"@type\":\"WebSite\",\"@id\":\"https:\\\/\\\/kanakydesign.com\\\/#website\",\"url\":\"https:\\\/\\\/kanakydesign.com\\\/\",\"name\":\"KanakyDesign Enclosures\",\"description\":\"Become a professional keeper\",\"publisher\":{\"@id\":\"https:\\\/\\\/kanakydesign.com\\\/#organization\"},\"alternateName\":\"KanakyDesign\",\"potentialAction\":[{\"@type\":\"SearchAction\",\"target\":{\"@type\":\"EntryPoint\",\"urlTemplate\":\"https:\\\/\\\/kanakydesign.com\\\/?s={search_term_string}\"},\"query-input\":{\"@type\":\"PropertyValueSpecification\",\"valueRequired\":true,\"valueName\":\"search_term_string\"}}],\"inLanguage\":\"en-US\"},{\"@type\":\"Organization\",\"@id\":\"https:\\\/\\\/kanakydesign.com\\\/#organization\",\"name\":\"KanakyDesign Enclosures\",\"alternateName\":\"KanakyDesign\",\"url\":\"https:\\\/\\\/kanakydesign.com\\\/\",\"logo\":{\"@type\":\"ImageObject\",\"inLanguage\":\"en-US\",\"@id\":\"https:\\\/\\\/kanakydesign.com\\\/#\\\/schema\\\/logo\\\/image\\\/\",\"url\":\"https:\\\/\\\/kanakydesign.com\\\/wp-content\\\/uploads\\\/2023\\\/06\\\/Logo-KanakyDesign-circular-negro-1.png\",\"contentUrl\":\"https:\\\/\\\/kanakydesign.com\\\/wp-content\\\/uploads\\\/2023\\\/06\\\/Logo-KanakyDesign-circular-negro-1.png\",\"width\":2000,\"height\":2000,\"caption\":\"KanakyDesign Enclosures\"},\"image\":{\"@id\":\"https:\\\/\\\/kanakydesign.com\\\/#\\\/schema\\\/logo\\\/image\\\/\"}}]}<\/script>\n<!-- \/ Yoast SEO plugin. -->","yoast_head_json":{"title":"Bamboo Hanger Stands | KanakyDesign Enclosures","description":"Kanaky Design PVC bamboo hanger brackets: pressure-adjustable fixing pair for various thicknesses. Perfect for bamboo and cylindrical wood hangers.","robots":{"index":"index","follow":"follow","max-snippet":"max-snippet:-1","max-image-preview":"max-image-preview:large","max-video-preview":"max-video-preview:-1"},"canonical":"https:\/\/kanakydesign.com\/en\/product\/percha-bambu-soportes\/","og_locale":"en_US","og_type":"article","og_title":"Percha Bamb\u00fa Soportes | KanakyDesign Enclosures","og_description":"Soportes PVC percha bamb\u00fa Kanaky Design: pareja de fijaci\u00f3n ajustable por presi\u00f3n para varios grosores. Perfectos para perchas de bamb\u00fa y maderas cil\u00edndricas.","og_url":"https:\/\/kanakydesign.com\/en\/product\/percha-bambu-soportes\/","og_site_name":"KanakyDesign Enclosures","article_modified_time":"2026-02-08T00:42:28+00:00","og_image":[{"width":2549,"height":2549,"url":"https:\/\/kanakydesign.com\/wp-content\/uploads\/2023\/10\/DSC2819.jpg","type":"image\/jpeg"}],"twitter_card":"summary_large_image","twitter_misc":{"Est. reading time":"2 minutes"},"schema":{"@context":"https:\/\/schema.org","@graph":[{"@type":"WebPage","@id":"https:\/\/kanakydesign.com\/producto\/percha-bambu-soportes\/","url":"https:\/\/kanakydesign.com\/producto\/percha-bambu-soportes\/","name":"Bamboo Hanger Stands | KanakyDesign Enclosures","isPartOf":{"@id":"https:\/\/kanakydesign.com\/#website"},"primaryImageOfPage":{"@id":"https:\/\/kanakydesign.com\/producto\/percha-bambu-soportes\/#primaryimage"},"image":{"@id":"https:\/\/kanakydesign.com\/producto\/percha-bambu-soportes\/#primaryimage"},"thumbnailUrl":"https:\/\/kanakydesign.com\/wp-content\/uploads\/2023\/10\/DSC2819.jpg","datePublished":"2023-10-10T11:31:46+00:00","dateModified":"2026-02-08T00:42:28+00:00","description":"Kanaky Design PVC bamboo hanger brackets: pressure-adjustable fixing pair for various thicknesses. Perfect for bamboo and cylindrical wood hangers.","breadcrumb":{"@id":"https:\/\/kanakydesign.com\/producto\/percha-bambu-soportes\/#breadcrumb"},"inLanguage":"en-US","potentialAction":[{"@type":"ReadAction","target":["https:\/\/kanakydesign.com\/producto\/percha-bambu-soportes\/"]}]},{"@type":"ImageObject","inLanguage":"en-US","@id":"https:\/\/kanakydesign.com\/producto\/percha-bambu-soportes\/#primaryimage","url":"https:\/\/kanakydesign.com\/wp-content\/uploads\/2023\/10\/DSC2819.jpg","contentUrl":"https:\/\/kanakydesign.com\/wp-content\/uploads\/2023\/10\/DSC2819.jpg","width":2549,"height":2549},{"@type":"BreadcrumbList","@id":"https:\/\/kanakydesign.com\/producto\/percha-bambu-soportes\/#breadcrumb","itemListElement":[{"@type":"ListItem","position":1,"name":"Portada","item":"https:\/\/kanakydesign.com\/"},{"@type":"ListItem","position":2,"name":"Tienda","item":"https:\/\/kanakydesign.com\/tienda\/"},{"@type":"ListItem","position":3,"name":"Percha Bamb\u00fa Soportes"}]},{"@type":"WebSite","@id":"https:\/\/kanakydesign.com\/#website","url":"https:\/\/kanakydesign.com\/","name":"KanakyDesign Enclosures","description":"Become a professional keeper","publisher":{"@id":"https:\/\/kanakydesign.com\/#organization"},"alternateName":"KanakyDesign","potentialAction":[{"@type":"SearchAction","target":{"@type":"EntryPoint","urlTemplate":"https:\/\/kanakydesign.com\/?s={search_term_string}"},"query-input":{"@type":"PropertyValueSpecification","valueRequired":true,"valueName":"search_term_string"}}],"inLanguage":"en-US"},{"@type":"Organization","@id":"https:\/\/kanakydesign.com\/#organization","name":"KanakyDesign Enclosures","alternateName":"KanakyDesign","url":"https:\/\/kanakydesign.com\/","logo":{"@type":"ImageObject","inLanguage":"en-US","@id":"https:\/\/kanakydesign.com\/#\/schema\/logo\/image\/","url":"https:\/\/kanakydesign.com\/wp-content\/uploads\/2023\/06\/Logo-KanakyDesign-circular-negro-1.png","contentUrl":"https:\/\/kanakydesign.com\/wp-content\/uploads\/2023\/06\/Logo-KanakyDesign-circular-negro-1.png","width":2000,"height":2000,"caption":"KanakyDesign Enclosures"},"image":{"@id":"https:\/\/kanakydesign.com\/#\/schema\/logo\/image\/"}}]}},"_links":{"self":[{"href":"https:\/\/kanakydesign.com\/en\/wp-json\/wp\/v2\/product\/1137","targetHints":{"allow":["GET"]}}],"collection":[{"href":"https:\/\/kanakydesign.com\/en\/wp-json\/wp\/v2\/product"}],"about":[{"href":"https:\/\/kanakydesign.com\/en\/wp-json\/wp\/v2\/types\/product"}],"wp:featuredmedia":[{"embeddable":true,"href":"https:\/\/kanakydesign.com\/en\/wp-json\/wp\/v2\/media\/1186"}],"wp:attachment":[{"href":"https:\/\/kanakydesign.com\/en\/wp-json\/wp\/v2\/media?parent=1137"}],"wp:term":[{"taxonomy":"product_brand","embeddable":true,"href":"https:\/\/kanakydesign.com\/en\/wp-json\/wp\/v2\/product_brand?post=1137"},{"taxonomy":"product_cat","embeddable":true,"href":"https:\/\/kanakydesign.com\/en\/wp-json\/wp\/v2\/product_cat?post=1137"},{"taxonomy":"product_tag","embeddable":true,"href":"https:\/\/kanakydesign.com\/en\/wp-json\/wp\/v2\/product_tag?post=1137"}],"curies":[{"name":"wp","href":"https:\/\/api.w.org\/{rel}","templated":true}]}}