{"id":1131,"date":"2023-10-10T11:29:48","date_gmt":"2023-10-10T11:29:48","guid":{"rendered":"https:\/\/kanakydesign.com\/?post_type=product&#038;p=1131"},"modified":"2026-02-08T00:46:02","modified_gmt":"2026-02-08T00:46:02","slug":"percha-bambu-pack","status":"publish","type":"product","link":"https:\/\/kanakydesign.com\/en\/product\/percha-bambu-pack\/","title":{"rendered":"Bamboo Hanger Pack"},"content":{"rendered":"<p data-start=\"183\" data-end=\"666\">The <strong data-start=\"186\" data-end=\"255\">Bamboo terrarium hanger pack with PVC supports Kanaky Design<\/strong> is the fastest and cleanest way to create a solid perch in arboreal and tropical terrariums. Includes <strong data-start=\"363\" data-end=\"390\">1 tube of natural bamboo<\/strong> y <strong data-start=\"393\" data-end=\"424\">1 pair of PVC brackets<\/strong> designed by us for fixing bamboo or cylindrical wood hangers with <strong data-start=\"502\" data-end=\"524\">press fit<\/strong>. This way you avoid the hassle of searching for separate compatible parts and get a stable, safe and aesthetic result from the first assembly.<\/p>\n<p data-start=\"668\" data-end=\"1075\">This pack is specially designed for terrariums where vertical space matters: arboreal snakes such as <strong data-start=\"783\" data-end=\"802\">Morelia viridis<\/strong> o <strong data-start=\"805\" data-end=\"825\">Corallus caninus<\/strong>, The perch is designed for geckos, geckos, chameleons and other climbing species that need high resting points. A firm perch improves the use of the terrarium, allows natural postures and helps to create movement paths between branches, plants and thermoregulation zones.<\/p>\n<h2 data-start=\"1077\" data-end=\"1103\">\u2705 What does the pack include?<\/h2>\n<ul data-start=\"1104\" data-end=\"1211\">\n<li data-start=\"1104\" data-end=\"1153\">\n<p data-start=\"1106\" data-end=\"1153\"><strong data-start=\"1106\" data-end=\"1133\">1 tube of natural bamboo<\/strong> (perch\/perch)<\/p>\n<\/li>\n<li data-start=\"1154\" data-end=\"1211\">\n<p data-start=\"1156\" data-end=\"1211\"><strong data-start=\"1156\" data-end=\"1198\">1 pair of Kanaky Design PVC brackets<\/strong> (fixation)<\/p>\n<\/li>\n<\/ul>\n<p data-start=\"1213\" data-end=\"1483\">The brackets adapt to <strong data-start=\"1239\" data-end=\"1258\">various thicknesses<\/strong> and <strong data-start=\"1264\" data-end=\"1287\">press-fit<\/strong>, making it easy to assemble and maintain. This also allows you to change the hanger in the future without having to replace the brackets if you decide to use another bamboo or similar cylindrical wood.<\/p>\n<h2 data-start=\"1485\" data-end=\"1531\">\ud83c\udf3f Natural bamboo: realistic look and functionality<\/h2>\n<p data-start=\"1532\" data-end=\"1777\">Bamboo brings a very natural finish to the terrarium, fits great in tropical and bioactive setups and offers a comfortable support for arboreal animals. In addition, it allows you to create a more \u201cjungle\u201d design without resorting to visible artificial elements.<\/p>\n<h2 data-start=\"1779\" data-end=\"1837\">\ud83d\udd27 Kanaky Design PVC brackets: clean and stable mounting<\/h2>\n<p data-start=\"1838\" data-end=\"2164\">The great advantage of perch stands is that they hold the perch firmly and help prevent twisting or shifting. A stable perch is key, especially with animals that rest rolled up and exert constant pressure on the perch. Being PVC, they are easy to clean and suitable for environments where there is frequent humidity.<\/p>\n<h2 data-start=\"2166\" data-end=\"2193\">\ud83d\udee0\ufe0f Installation ideas<\/h2>\n<ul data-start=\"2194\" data-end=\"2477\">\n<li data-start=\"2194\" data-end=\"2283\">\n<p data-start=\"2196\" data-end=\"2283\">Place the perch in the upper third of the terrarium as the main resting point.<\/p>\n<\/li>\n<li data-start=\"2284\" data-end=\"2352\">\n<p data-start=\"2286\" data-end=\"2352\">Create various heights by combining this pack with other branches\/blades.<\/p>\n<\/li>\n<li data-start=\"2353\" data-end=\"2477\">\n<p data-start=\"2355\" data-end=\"2477\">Ensure firm placement and periodically check stability if the terrarium receives vibrations or is handled a lot.<\/p>\n<\/li>\n<\/ul>\n<p data-start=\"2479\" data-end=\"2571\">\ud83d\udc49 Find more terrarium decor and accessories at. <strong data-start=\"2535\" data-end=\"2570\"><a class=\"decorated-link\" href=\"https:\/\/kanakydesign.com\/en\/categoria\/accesorios\/complementos\/\" target=\"_new\" rel=\"noopener\" data-start=\"2537\" data-end=\"2568\">https:\/\/www.kanakydesign.com\/<\/a><\/strong>.<\/p>","protected":false},"excerpt":{"rendered":"<p>Natural Bamboo tube specially designed for arboreal snake species such as <em>Corallus caninus<\/em> o <em>Morelia viridis<\/em>. Includes a pair of brackets for attachment to the terrarium.<\/p>","protected":false},"featured_media":1091,"template":"","meta":[],"product_brand":[],"product_cat":[23,28],"product_tag":[509,490,495,518,502,515,516,493,492,517,504,503,489],"class_list":{"0":"post-1131","1":"product","2":"type-product","3":"status-publish","4":"has-post-thumbnail","6":"product_cat-accesorios","7":"product_cat-complementos","8":"product_tag-accesorios-terrario-arboricola","9":"product_tag-bambu-natural-terrario","10":"product_tag-decoracion-terrario-tropical","11":"product_tag-fijacion-a-presion-percha","12":"product_tag-kanaky-design","13":"product_tag-pack-percha-bambu-terrario","14":"product_tag-percha-bambu-terrario","15":"product_tag-percha-corallus-caninus","16":"product_tag-percha-morelia-viridis","17":"product_tag-posadero-terrario-arboricola","18":"product_tag-soporte-percha-terrario","19":"product_tag-soportes-pvc-percha-bambu","20":"product_tag-tubo-de-bambu-terrario","22":"first","23":"instock","24":"taxable","25":"shipping-taxable","26":"purchasable","27":"product-type-variable"},"yoast_head":"<!-- This site is optimized with the Yoast SEO plugin v27.3 - https:\/\/yoast.com\/product\/yoast-seo-wordpress\/ -->\n<title>Percha Bamb\u00fa Pack | KanakyDesign Enclosures<\/title>\n<meta name=\"description\" content=\"Pack percha bamb\u00fa terrario: incluye 1 tubo de bamb\u00fa natural y 2 soportes PVC Kanaky Design ajustables por presi\u00f3n. Montaje limpio y estable.\" \/>\n<meta name=\"robots\" content=\"index, follow, max-snippet:-1, max-image-preview:large, max-video-preview:-1\" \/>\n<link rel=\"canonical\" href=\"https:\/\/kanakydesign.com\/en\/product\/percha-bambu-pack\/\" \/>\n<meta property=\"og:locale\" content=\"en_US\" \/>\n<meta property=\"og:type\" content=\"article\" \/>\n<meta property=\"og:title\" content=\"Percha Bamb\u00fa Pack | KanakyDesign Enclosures\" \/>\n<meta property=\"og:description\" content=\"Pack percha bamb\u00fa terrario: incluye 1 tubo de bamb\u00fa natural y 2 soportes PVC Kanaky Design ajustables por presi\u00f3n. Montaje limpio y estable.\" \/>\n<meta property=\"og:url\" content=\"https:\/\/kanakydesign.com\/en\/product\/percha-bambu-pack\/\" \/>\n<meta property=\"og:site_name\" content=\"KanakyDesign Enclosures\" \/>\n<meta property=\"article:modified_time\" content=\"2026-02-08T00:46:02+00:00\" \/>\n<meta property=\"og:image\" content=\"https:\/\/kanakydesign.com\/wp-content\/uploads\/2023\/09\/DSC2821-scaled.jpg\" \/>\n\t<meta property=\"og:image:width\" content=\"2560\" \/>\n\t<meta property=\"og:image:height\" content=\"2560\" \/>\n\t<meta property=\"og:image:type\" content=\"image\/jpeg\" \/>\n<meta name=\"twitter:card\" content=\"summary_large_image\" \/>\n<meta name=\"twitter:label1\" content=\"Est. reading time\" \/>\n\t<meta name=\"twitter:data1\" content=\"2 minutes\" \/>\n<script type=\"application\/ld+json\" class=\"yoast-schema-graph\">{\"@context\":\"https:\\\/\\\/schema.org\",\"@graph\":[{\"@type\":\"WebPage\",\"@id\":\"https:\\\/\\\/kanakydesign.com\\\/producto\\\/percha-bambu-pack\\\/\",\"url\":\"https:\\\/\\\/kanakydesign.com\\\/producto\\\/percha-bambu-pack\\\/\",\"name\":\"Percha Bamb\u00fa Pack | KanakyDesign Enclosures\",\"isPartOf\":{\"@id\":\"https:\\\/\\\/kanakydesign.com\\\/#website\"},\"primaryImageOfPage\":{\"@id\":\"https:\\\/\\\/kanakydesign.com\\\/producto\\\/percha-bambu-pack\\\/#primaryimage\"},\"image\":{\"@id\":\"https:\\\/\\\/kanakydesign.com\\\/producto\\\/percha-bambu-pack\\\/#primaryimage\"},\"thumbnailUrl\":\"https:\\\/\\\/kanakydesign.com\\\/wp-content\\\/uploads\\\/2023\\\/09\\\/DSC2821-scaled.jpg\",\"datePublished\":\"2023-10-10T11:29:48+00:00\",\"dateModified\":\"2026-02-08T00:46:02+00:00\",\"description\":\"Pack percha bamb\u00fa terrario: incluye 1 tubo de bamb\u00fa natural y 2 soportes PVC Kanaky Design ajustables por presi\u00f3n. Montaje limpio y estable.\",\"breadcrumb\":{\"@id\":\"https:\\\/\\\/kanakydesign.com\\\/producto\\\/percha-bambu-pack\\\/#breadcrumb\"},\"inLanguage\":\"en-US\",\"potentialAction\":[{\"@type\":\"ReadAction\",\"target\":[\"https:\\\/\\\/kanakydesign.com\\\/producto\\\/percha-bambu-pack\\\/\"]}]},{\"@type\":\"ImageObject\",\"inLanguage\":\"en-US\",\"@id\":\"https:\\\/\\\/kanakydesign.com\\\/producto\\\/percha-bambu-pack\\\/#primaryimage\",\"url\":\"https:\\\/\\\/kanakydesign.com\\\/wp-content\\\/uploads\\\/2023\\\/09\\\/DSC2821-scaled.jpg\",\"contentUrl\":\"https:\\\/\\\/kanakydesign.com\\\/wp-content\\\/uploads\\\/2023\\\/09\\\/DSC2821-scaled.jpg\",\"width\":2560,\"height\":2560},{\"@type\":\"BreadcrumbList\",\"@id\":\"https:\\\/\\\/kanakydesign.com\\\/producto\\\/percha-bambu-pack\\\/#breadcrumb\",\"itemListElement\":[{\"@type\":\"ListItem\",\"position\":1,\"name\":\"Portada\",\"item\":\"https:\\\/\\\/kanakydesign.com\\\/\"},{\"@type\":\"ListItem\",\"position\":2,\"name\":\"Tienda\",\"item\":\"https:\\\/\\\/kanakydesign.com\\\/tienda\\\/\"},{\"@type\":\"ListItem\",\"position\":3,\"name\":\"Percha Bamb\u00fa Pack\"}]},{\"@type\":\"WebSite\",\"@id\":\"https:\\\/\\\/kanakydesign.com\\\/#website\",\"url\":\"https:\\\/\\\/kanakydesign.com\\\/\",\"name\":\"KanakyDesign Enclosures\",\"description\":\"Become a professional keeper\",\"publisher\":{\"@id\":\"https:\\\/\\\/kanakydesign.com\\\/#organization\"},\"alternateName\":\"KanakyDesign\",\"potentialAction\":[{\"@type\":\"SearchAction\",\"target\":{\"@type\":\"EntryPoint\",\"urlTemplate\":\"https:\\\/\\\/kanakydesign.com\\\/?s={search_term_string}\"},\"query-input\":{\"@type\":\"PropertyValueSpecification\",\"valueRequired\":true,\"valueName\":\"search_term_string\"}}],\"inLanguage\":\"en-US\"},{\"@type\":\"Organization\",\"@id\":\"https:\\\/\\\/kanakydesign.com\\\/#organization\",\"name\":\"KanakyDesign Enclosures\",\"alternateName\":\"KanakyDesign\",\"url\":\"https:\\\/\\\/kanakydesign.com\\\/\",\"logo\":{\"@type\":\"ImageObject\",\"inLanguage\":\"en-US\",\"@id\":\"https:\\\/\\\/kanakydesign.com\\\/#\\\/schema\\\/logo\\\/image\\\/\",\"url\":\"https:\\\/\\\/kanakydesign.com\\\/wp-content\\\/uploads\\\/2023\\\/06\\\/Logo-KanakyDesign-circular-negro-1.png\",\"contentUrl\":\"https:\\\/\\\/kanakydesign.com\\\/wp-content\\\/uploads\\\/2023\\\/06\\\/Logo-KanakyDesign-circular-negro-1.png\",\"width\":2000,\"height\":2000,\"caption\":\"KanakyDesign Enclosures\"},\"image\":{\"@id\":\"https:\\\/\\\/kanakydesign.com\\\/#\\\/schema\\\/logo\\\/image\\\/\"}}]}<\/script>\n<!-- \/ Yoast SEO plugin. -->","yoast_head_json":{"title":"Bamboo Hanger Pack | KanakyDesign Enclosures","description":"Bamboo terrarium hanger pack: includes 1 natural bamboo tube and 2 Kanaky Design PVC supports adjustable by pressure. Clean and stable assembly.","robots":{"index":"index","follow":"follow","max-snippet":"max-snippet:-1","max-image-preview":"max-image-preview:large","max-video-preview":"max-video-preview:-1"},"canonical":"https:\/\/kanakydesign.com\/en\/product\/percha-bambu-pack\/","og_locale":"en_US","og_type":"article","og_title":"Percha Bamb\u00fa Pack | KanakyDesign Enclosures","og_description":"Pack percha bamb\u00fa terrario: incluye 1 tubo de bamb\u00fa natural y 2 soportes PVC Kanaky Design ajustables por presi\u00f3n. Montaje limpio y estable.","og_url":"https:\/\/kanakydesign.com\/en\/product\/percha-bambu-pack\/","og_site_name":"KanakyDesign Enclosures","article_modified_time":"2026-02-08T00:46:02+00:00","og_image":[{"width":2560,"height":2560,"url":"https:\/\/kanakydesign.com\/wp-content\/uploads\/2023\/09\/DSC2821-scaled.jpg","type":"image\/jpeg"}],"twitter_card":"summary_large_image","twitter_misc":{"Est. reading time":"2 minutes"},"schema":{"@context":"https:\/\/schema.org","@graph":[{"@type":"WebPage","@id":"https:\/\/kanakydesign.com\/producto\/percha-bambu-pack\/","url":"https:\/\/kanakydesign.com\/producto\/percha-bambu-pack\/","name":"Bamboo Hanger Pack | KanakyDesign Enclosures","isPartOf":{"@id":"https:\/\/kanakydesign.com\/#website"},"primaryImageOfPage":{"@id":"https:\/\/kanakydesign.com\/producto\/percha-bambu-pack\/#primaryimage"},"image":{"@id":"https:\/\/kanakydesign.com\/producto\/percha-bambu-pack\/#primaryimage"},"thumbnailUrl":"https:\/\/kanakydesign.com\/wp-content\/uploads\/2023\/09\/DSC2821-scaled.jpg","datePublished":"2023-10-10T11:29:48+00:00","dateModified":"2026-02-08T00:46:02+00:00","description":"Bamboo terrarium hanger pack: includes 1 natural bamboo tube and 2 Kanaky Design PVC supports adjustable by pressure. Clean and stable assembly.","breadcrumb":{"@id":"https:\/\/kanakydesign.com\/producto\/percha-bambu-pack\/#breadcrumb"},"inLanguage":"en-US","potentialAction":[{"@type":"ReadAction","target":["https:\/\/kanakydesign.com\/producto\/percha-bambu-pack\/"]}]},{"@type":"ImageObject","inLanguage":"en-US","@id":"https:\/\/kanakydesign.com\/producto\/percha-bambu-pack\/#primaryimage","url":"https:\/\/kanakydesign.com\/wp-content\/uploads\/2023\/09\/DSC2821-scaled.jpg","contentUrl":"https:\/\/kanakydesign.com\/wp-content\/uploads\/2023\/09\/DSC2821-scaled.jpg","width":2560,"height":2560},{"@type":"BreadcrumbList","@id":"https:\/\/kanakydesign.com\/producto\/percha-bambu-pack\/#breadcrumb","itemListElement":[{"@type":"ListItem","position":1,"name":"Portada","item":"https:\/\/kanakydesign.com\/"},{"@type":"ListItem","position":2,"name":"Tienda","item":"https:\/\/kanakydesign.com\/tienda\/"},{"@type":"ListItem","position":3,"name":"Percha Bamb\u00fa Pack"}]},{"@type":"WebSite","@id":"https:\/\/kanakydesign.com\/#website","url":"https:\/\/kanakydesign.com\/","name":"KanakyDesign Enclosures","description":"Become a professional keeper","publisher":{"@id":"https:\/\/kanakydesign.com\/#organization"},"alternateName":"KanakyDesign","potentialAction":[{"@type":"SearchAction","target":{"@type":"EntryPoint","urlTemplate":"https:\/\/kanakydesign.com\/?s={search_term_string}"},"query-input":{"@type":"PropertyValueSpecification","valueRequired":true,"valueName":"search_term_string"}}],"inLanguage":"en-US"},{"@type":"Organization","@id":"https:\/\/kanakydesign.com\/#organization","name":"KanakyDesign Enclosures","alternateName":"KanakyDesign","url":"https:\/\/kanakydesign.com\/","logo":{"@type":"ImageObject","inLanguage":"en-US","@id":"https:\/\/kanakydesign.com\/#\/schema\/logo\/image\/","url":"https:\/\/kanakydesign.com\/wp-content\/uploads\/2023\/06\/Logo-KanakyDesign-circular-negro-1.png","contentUrl":"https:\/\/kanakydesign.com\/wp-content\/uploads\/2023\/06\/Logo-KanakyDesign-circular-negro-1.png","width":2000,"height":2000,"caption":"KanakyDesign Enclosures"},"image":{"@id":"https:\/\/kanakydesign.com\/#\/schema\/logo\/image\/"}}]}},"_links":{"self":[{"href":"https:\/\/kanakydesign.com\/en\/wp-json\/wp\/v2\/product\/1131","targetHints":{"allow":["GET"]}}],"collection":[{"href":"https:\/\/kanakydesign.com\/en\/wp-json\/wp\/v2\/product"}],"about":[{"href":"https:\/\/kanakydesign.com\/en\/wp-json\/wp\/v2\/types\/product"}],"wp:featuredmedia":[{"embeddable":true,"href":"https:\/\/kanakydesign.com\/en\/wp-json\/wp\/v2\/media\/1091"}],"wp:attachment":[{"href":"https:\/\/kanakydesign.com\/en\/wp-json\/wp\/v2\/media?parent=1131"}],"wp:term":[{"taxonomy":"product_brand","embeddable":true,"href":"https:\/\/kanakydesign.com\/en\/wp-json\/wp\/v2\/product_brand?post=1131"},{"taxonomy":"product_cat","embeddable":true,"href":"https:\/\/kanakydesign.com\/en\/wp-json\/wp\/v2\/product_cat?post=1131"},{"taxonomy":"product_tag","embeddable":true,"href":"https:\/\/kanakydesign.com\/en\/wp-json\/wp\/v2\/product_tag?post=1131"}],"curies":[{"name":"wp","href":"https:\/\/api.w.org\/{rel}","templated":true}]}}