{"id":9,"date":"2023-06-16T10:03:29","date_gmt":"2023-06-16T10:03:29","guid":{"rendered":"http:\/\/kanakydesign.com\/?page_id=9"},"modified":"2026-02-08T20:20:59","modified_gmt":"2026-02-08T20:20:59","slug":"condiciones-generales","status":"publish","type":"page","link":"https:\/\/kanakydesign.com\/en\/condiciones-generales\/","title":{"rendered":"General Terms and Conditions"},"content":{"rendered":"<div data-elementor-type=\"wp-page\" data-elementor-id=\"9\" class=\"elementor elementor-9\" data-elementor-post-type=\"page\">\n\t\t\t\t\t\t<section class=\"elementor-section elementor-top-section elementor-element elementor-element-f36dd32 elementor-section-boxed elementor-section-height-default elementor-section-height-default\" data-id=\"f36dd32\" data-element_type=\"section\" data-e-type=\"section\" data-settings=\"{&quot;background_background&quot;:&quot;classic&quot;}\">\n\t\t\t\t\t\t<div class=\"elementor-container elementor-column-gap-default\">\n\t\t\t\t\t<div class=\"elementor-column elementor-col-100 elementor-top-column elementor-element elementor-element-84820bc\" data-id=\"84820bc\" data-element_type=\"column\" data-e-type=\"column\">\n\t\t\t<div class=\"elementor-widget-wrap elementor-element-populated\">\n\t\t\t\t\t\t<div class=\"elementor-element elementor-element-2478a23 elementor-widget elementor-widget-spacer\" data-id=\"2478a23\" data-element_type=\"widget\" data-e-type=\"widget\" data-widget_type=\"spacer.default\">\n\t\t\t\t<div class=\"elementor-widget-container\">\n\t\t\t\t\t\t\t<div class=\"elementor-spacer\">\n\t\t\t<div class=\"elementor-spacer-inner\"><\/div>\n\t\t<\/div>\n\t\t\t\t\t\t<\/div>\n\t\t\t\t<\/div>\n\t\t\t\t\t<\/div>\n\t\t<\/div>\n\t\t\t\t\t<\/div>\n\t\t<\/section>\n\t\t\t\t<section class=\"elementor-section elementor-top-section elementor-element elementor-element-ff65ad9 elementor-section-boxed elementor-section-height-default elementor-section-height-default\" data-id=\"ff65ad9\" data-element_type=\"section\" data-e-type=\"section\">\n\t\t\t\t\t\t<div class=\"elementor-container elementor-column-gap-default\">\n\t\t\t\t\t<div class=\"elementor-column elementor-col-100 elementor-top-column elementor-element elementor-element-bf0ff5a\" data-id=\"bf0ff5a\" data-element_type=\"column\" data-e-type=\"column\">\n\t\t\t<div class=\"elementor-widget-wrap elementor-element-populated\">\n\t\t\t\t\t\t<div class=\"elementor-element elementor-element-1e76f07 elementor-widget elementor-widget-text-editor\" data-id=\"1e76f07\" data-element_type=\"widget\" data-e-type=\"widget\" data-widget_type=\"text-editor.default\">\n\t\t\t\t<div class=\"elementor-widget-container\">\n\t\t\t\t\t\t\t\t\t<p><strong>MANUFACTURING<\/strong><\/p><p>The manufacturing process of our terrariums, both standard models and custom-made designs, begins once confirmation is received through any of the following methods:<\/p><ul><li>Direct purchase through our website.<\/li><li>After acceptance and payment of the custom quote.\u00a0<\/li><\/ul><p>Once the order is received, the manufacturing period begins, which lasts between 3 and 10 days depending on the volume of orders and the complexity of the assembly.<\/p><p>Once manufacturing is completed, the customer is informed of the shipment date.<\/p><p><strong>SHIPPING<\/strong><\/p><p>Delivery times will be 1-3 working days for mainland Spain and Portugal, and 3-7 working days for the rest of Europe.<\/p><p>KanakyDesign processes orders from Monday to Friday.<\/p><p>Shipping costs will depend on the volume and weight of the order, as well as the geographic area of delivery. Entering the destination zip code will display the shipping costs.<\/p><p>It is essential that there is a person at the shipping address to pick it up.<\/p><p>KanakyDesign will not be responsible for delivery errors caused in case the address entered by the customer is incorrect or incomplete.<\/p><p>If, upon receipt of the goods, they are damaged or show signs of deterioration during transport, this must be noted on the delivery note. Otherwise, we will not be able to justify damages to the transport company.<\/p><p>All our shipments are packed according to the characteristics of the products inside to ensure that the package always arrives in perfect condition. KanakyDesign can not be held responsible for damages resulting from inclement weather, as these are causes beyond our control and unpredictable.<\/p><p><strong>ORDER CANCELLATION<\/strong><\/p><p>All orders placed with KanakyDesign can be cancelled within 24 hours after the order confirmation. The cancellation of the order is free of charge.<\/p><p>To request cancellation, please send an e-mail to info@kanakydesign.com specifying the order number.<\/p><p>Once the cancellation has been confirmed, the amount will be paid by the same method of payment.<\/p><p><strong>RETURNS<\/strong><\/p><p>Terrariums will not be returned, as they are fully customized products. It is recommended to carefully review the order before making the purchase.<\/p><p>No returns will be made on material that has been purchased and subsequently modified by the purchaser, as well as custom-made terrariums.<\/p><p>Claims or returns of products other than terrariums can be made during the 8 days after delivery of the goods, You can make the request for the return through info@kanakydesign.com. When you receive the authorization from the company you must send the product along with a copy of the proof of purchase to KanakyDesign, Calle Herramientas 43A, 41006 Sevilla, Sevilla.<\/p><p>Once the product has been received and it has been confirmed that the product is in good condition, we will proceed to refund the money through the payment method used in the order.<\/p><p>Returns must always be sent postage prepaid.<\/p><p>KanakyDesign will not be responsible for any goods received if this condition is not met or the return has not been previously accepted. Items must be received in perfect condition.<\/p><p><strong>WARRANTIES<\/strong><\/p><p>In KanakyDesign we appreciate your preference for our products, we are interested that our customers know clearly the policies on warranty coverage of the products. It is important that you carefully read the user manuals included in your products, as well as these procedures and policies of KanakyDesign related to warranty coverage, as this will avoid inconveniences and will help us to provide you with better support.<\/p><p>KanakyDesign is the original end-user warranty provider.<\/p><p>KanakyDesign guarantees its products against MANUFACTURING DEFECTS.<\/p><p>The warranty will not be valid:\u00a0<\/p><ol><li>When the product has been used under conditions other than those specified in the instruction manual.<\/li><li>When the product has been altered or repaired by persons not authorized by<\/li><li>When the product is physically damaged, burned or broken.<\/li><\/ol><p>The product must be in the same condition as at the time of purchase and include all parts and accessories.<\/p><p>To return a product under warranty, it must be delivered in its original box.<\/p><p>In case a warranty claim is required, the customer should send an e-mail to the account; info@kanakydesign.com with the following information:<\/p><ol><li>Order number<\/li><li>Product name<\/li><li>Product Quantity<\/li><li>Problem description<\/li><li>Date of purchase<\/li><\/ol><p>The Support area will assign a return number and will indicate the steps to follow with the product or send it to KanakyDesign for analysis.<\/p><p>In case the product is requested to be shipped, you will be given an account number of the courier company to be filled in and sent together with the product. At the same time, the customer's data will be taken for processing.<\/p>\t\t\t\t\t\t\t\t<\/div>\n\t\t\t\t<\/div>\n\t\t\t\t\t<\/div>\n\t\t<\/div>\n\t\t\t\t\t<\/div>\n\t\t<\/section>\n\t\t\t\t<\/div>","protected":false},"excerpt":{"rendered":"<p>FABRICACI\u00d3N La fabricaci\u00f3n de terrarios, tanto los modelos predeterminados como los modelos a medida, comienza con la confirmaci\u00f3n de cualquiera de las siguientes formas: Compra directa en el sitio web. Tras aceptaci\u00f3n y pago de presupuesto a medida.\u00a0 Una vez recibido el pedido, comienza el periodo de fabricaci\u00f3n, que dura entre 3 y 10 d\u00edas [&hellip;]<\/p>\n","protected":false},"author":2,"featured_media":0,"parent":0,"menu_order":0,"comment_status":"closed","ping_status":"closed","template":"","meta":{"footnotes":""},"class_list":["post-9","page","type-page","status-publish","hentry"],"yoast_head":"<!-- This site is optimized with the Yoast SEO plugin v27.3 - https:\/\/yoast.com\/product\/yoast-seo-wordpress\/ -->\n<title>Condiciones Generales | KanakyDesign Enclosures<\/title>\n<meta name=\"robots\" content=\"index, follow, max-snippet:-1, max-image-preview:large, max-video-preview:-1\" \/>\n<link rel=\"canonical\" href=\"https:\/\/kanakydesign.com\/en\/condiciones-generales\/\" \/>\n<meta property=\"og:locale\" content=\"en_US\" \/>\n<meta property=\"og:type\" content=\"article\" \/>\n<meta property=\"og:title\" content=\"Condiciones Generales | KanakyDesign Enclosures\" \/>\n<meta property=\"og:description\" content=\"FABRICACI\u00d3N La fabricaci\u00f3n de terrarios, tanto los modelos predeterminados como los modelos a medida, comienza con la confirmaci\u00f3n de cualquiera de las siguientes formas: Compra directa en el sitio web. Tras aceptaci\u00f3n y pago de presupuesto a medida.\u00a0 Una vez recibido el pedido, comienza el periodo de fabricaci\u00f3n, que dura entre 3 y 10 d\u00edas [&hellip;]\" \/>\n<meta property=\"og:url\" content=\"https:\/\/kanakydesign.com\/en\/condiciones-generales\/\" \/>\n<meta property=\"og:site_name\" content=\"KanakyDesign Enclosures\" \/>\n<meta property=\"article:modified_time\" content=\"2026-02-08T20:20:59+00:00\" \/>\n<meta property=\"og:image\" content=\"https:\/\/kanakydesign.com\/wp-content\/uploads\/2023\/06\/Logo-KanakyDesign-circular-negro-1.png\" \/>\n\t<meta property=\"og:image:width\" content=\"2000\" \/>\n\t<meta property=\"og:image:height\" content=\"2000\" \/>\n\t<meta property=\"og:image:type\" content=\"image\/png\" \/>\n<meta name=\"twitter:card\" content=\"summary_large_image\" \/>\n<meta name=\"twitter:label1\" content=\"Est. reading time\" \/>\n\t<meta name=\"twitter:data1\" content=\"4 minutes\" \/>\n<script type=\"application\/ld+json\" class=\"yoast-schema-graph\">{\"@context\":\"https:\\\/\\\/schema.org\",\"@graph\":[{\"@type\":\"WebPage\",\"@id\":\"https:\\\/\\\/kanakydesign.com\\\/condiciones-generales\\\/\",\"url\":\"https:\\\/\\\/kanakydesign.com\\\/condiciones-generales\\\/\",\"name\":\"Condiciones Generales | KanakyDesign Enclosures\",\"isPartOf\":{\"@id\":\"https:\\\/\\\/kanakydesign.com\\\/#website\"},\"datePublished\":\"2023-06-16T10:03:29+00:00\",\"dateModified\":\"2026-02-08T20:20:59+00:00\",\"breadcrumb\":{\"@id\":\"https:\\\/\\\/kanakydesign.com\\\/condiciones-generales\\\/#breadcrumb\"},\"inLanguage\":\"en-US\",\"potentialAction\":[{\"@type\":\"ReadAction\",\"target\":[\"https:\\\/\\\/kanakydesign.com\\\/condiciones-generales\\\/\"]}]},{\"@type\":\"BreadcrumbList\",\"@id\":\"https:\\\/\\\/kanakydesign.com\\\/condiciones-generales\\\/#breadcrumb\",\"itemListElement\":[{\"@type\":\"ListItem\",\"position\":1,\"name\":\"Portada\",\"item\":\"https:\\\/\\\/kanakydesign.com\\\/\"},{\"@type\":\"ListItem\",\"position\":2,\"name\":\"Condiciones Generales\"}]},{\"@type\":\"WebSite\",\"@id\":\"https:\\\/\\\/kanakydesign.com\\\/#website\",\"url\":\"https:\\\/\\\/kanakydesign.com\\\/\",\"name\":\"KanakyDesign Enclosures\",\"description\":\"Become a professional keeper\",\"publisher\":{\"@id\":\"https:\\\/\\\/kanakydesign.com\\\/#organization\"},\"alternateName\":\"KanakyDesign\",\"potentialAction\":[{\"@type\":\"SearchAction\",\"target\":{\"@type\":\"EntryPoint\",\"urlTemplate\":\"https:\\\/\\\/kanakydesign.com\\\/?s={search_term_string}\"},\"query-input\":{\"@type\":\"PropertyValueSpecification\",\"valueRequired\":true,\"valueName\":\"search_term_string\"}}],\"inLanguage\":\"en-US\"},{\"@type\":\"Organization\",\"@id\":\"https:\\\/\\\/kanakydesign.com\\\/#organization\",\"name\":\"KanakyDesign Enclosures\",\"alternateName\":\"KanakyDesign\",\"url\":\"https:\\\/\\\/kanakydesign.com\\\/\",\"logo\":{\"@type\":\"ImageObject\",\"inLanguage\":\"en-US\",\"@id\":\"https:\\\/\\\/kanakydesign.com\\\/#\\\/schema\\\/logo\\\/image\\\/\",\"url\":\"https:\\\/\\\/kanakydesign.com\\\/wp-content\\\/uploads\\\/2023\\\/06\\\/Logo-KanakyDesign-circular-negro-1.png\",\"contentUrl\":\"https:\\\/\\\/kanakydesign.com\\\/wp-content\\\/uploads\\\/2023\\\/06\\\/Logo-KanakyDesign-circular-negro-1.png\",\"width\":2000,\"height\":2000,\"caption\":\"KanakyDesign Enclosures\"},\"image\":{\"@id\":\"https:\\\/\\\/kanakydesign.com\\\/#\\\/schema\\\/logo\\\/image\\\/\"}}]}<\/script>\n<!-- \/ Yoast SEO plugin. -->","yoast_head_json":{"title":"General Conditions : KanakyDesign Enclosures","robots":{"index":"index","follow":"follow","max-snippet":"max-snippet:-1","max-image-preview":"max-image-preview:large","max-video-preview":"max-video-preview:-1"},"canonical":"https:\/\/kanakydesign.com\/en\/condiciones-generales\/","og_locale":"en_US","og_type":"article","og_title":"Condiciones Generales | KanakyDesign Enclosures","og_description":"FABRICACI\u00d3N La fabricaci\u00f3n de terrarios, tanto los modelos predeterminados como los modelos a medida, comienza con la confirmaci\u00f3n de cualquiera de las siguientes formas: Compra directa en el sitio web. Tras aceptaci\u00f3n y pago de presupuesto a medida.\u00a0 Una vez recibido el pedido, comienza el periodo de fabricaci\u00f3n, que dura entre 3 y 10 d\u00edas [&hellip;]","og_url":"https:\/\/kanakydesign.com\/en\/condiciones-generales\/","og_site_name":"KanakyDesign Enclosures","article_modified_time":"2026-02-08T20:20:59+00:00","og_image":[{"width":2000,"height":2000,"url":"https:\/\/kanakydesign.com\/wp-content\/uploads\/2023\/06\/Logo-KanakyDesign-circular-negro-1.png","type":"image\/png"}],"twitter_card":"summary_large_image","twitter_misc":{"Est. reading time":"4 minutes"},"schema":{"@context":"https:\/\/schema.org","@graph":[{"@type":"WebPage","@id":"https:\/\/kanakydesign.com\/condiciones-generales\/","url":"https:\/\/kanakydesign.com\/condiciones-generales\/","name":"General Conditions : KanakyDesign Enclosures","isPartOf":{"@id":"https:\/\/kanakydesign.com\/#website"},"datePublished":"2023-06-16T10:03:29+00:00","dateModified":"2026-02-08T20:20:59+00:00","breadcrumb":{"@id":"https:\/\/kanakydesign.com\/condiciones-generales\/#breadcrumb"},"inLanguage":"en-US","potentialAction":[{"@type":"ReadAction","target":["https:\/\/kanakydesign.com\/condiciones-generales\/"]}]},{"@type":"BreadcrumbList","@id":"https:\/\/kanakydesign.com\/condiciones-generales\/#breadcrumb","itemListElement":[{"@type":"ListItem","position":1,"name":"Portada","item":"https:\/\/kanakydesign.com\/"},{"@type":"ListItem","position":2,"name":"Condiciones Generales"}]},{"@type":"WebSite","@id":"https:\/\/kanakydesign.com\/#website","url":"https:\/\/kanakydesign.com\/","name":"KanakyDesign Enclosures","description":"Become a professional keeper","publisher":{"@id":"https:\/\/kanakydesign.com\/#organization"},"alternateName":"KanakyDesign","potentialAction":[{"@type":"SearchAction","target":{"@type":"EntryPoint","urlTemplate":"https:\/\/kanakydesign.com\/?s={search_term_string}"},"query-input":{"@type":"PropertyValueSpecification","valueRequired":true,"valueName":"search_term_string"}}],"inLanguage":"en-US"},{"@type":"Organization","@id":"https:\/\/kanakydesign.com\/#organization","name":"KanakyDesign Enclosures","alternateName":"KanakyDesign","url":"https:\/\/kanakydesign.com\/","logo":{"@type":"ImageObject","inLanguage":"en-US","@id":"https:\/\/kanakydesign.com\/#\/schema\/logo\/image\/","url":"https:\/\/kanakydesign.com\/wp-content\/uploads\/2023\/06\/Logo-KanakyDesign-circular-negro-1.png","contentUrl":"https:\/\/kanakydesign.com\/wp-content\/uploads\/2023\/06\/Logo-KanakyDesign-circular-negro-1.png","width":2000,"height":2000,"caption":"KanakyDesign Enclosures"},"image":{"@id":"https:\/\/kanakydesign.com\/#\/schema\/logo\/image\/"}}]}},"_links":{"self":[{"href":"https:\/\/kanakydesign.com\/en\/wp-json\/wp\/v2\/pages\/9","targetHints":{"allow":["GET"]}}],"collection":[{"href":"https:\/\/kanakydesign.com\/en\/wp-json\/wp\/v2\/pages"}],"about":[{"href":"https:\/\/kanakydesign.com\/en\/wp-json\/wp\/v2\/types\/page"}],"author":[{"embeddable":true,"href":"https:\/\/kanakydesign.com\/en\/wp-json\/wp\/v2\/users\/2"}],"replies":[{"embeddable":true,"href":"https:\/\/kanakydesign.com\/en\/wp-json\/wp\/v2\/comments?post=9"}],"version-history":[{"count":11,"href":"https:\/\/kanakydesign.com\/en\/wp-json\/wp\/v2\/pages\/9\/revisions"}],"predecessor-version":[{"id":1835,"href":"https:\/\/kanakydesign.com\/en\/wp-json\/wp\/v2\/pages\/9\/revisions\/1835"}],"wp:attachment":[{"href":"https:\/\/kanakydesign.com\/en\/wp-json\/wp\/v2\/media?parent=9"}],"curies":[{"name":"wp","href":"https:\/\/api.w.org\/{rel}","templated":true}]}}