{"id":635,"date":"2023-07-01T10:39:38","date_gmt":"2023-07-01T10:39:38","guid":{"rendered":"https:\/\/kanakydesign.com\/?post_type=product&#038;p=635"},"modified":"2026-02-08T00:26:22","modified_gmt":"2026-02-08T00:26:22","slug":"sistema-de-lluvia-bomba-de-vibracion","status":"publish","type":"product","link":"https:\/\/kanakydesign.com\/de\/produkt\/sistema-de-lluvia-bomba-de-vibracion\/","title":{"rendered":"Niederschlagssystem Vibrationspumpe"},"content":{"rendered":"<p data-start=\"182\" data-end=\"639\">Die <strong data-start=\"185\" data-end=\"238\">Komplettes Regensystem f\u00fcr tropische Terrarien<\/strong> ist der schnellste und einfachste Weg, die Luftfeuchtigkeit zu automatisieren, ohne sich mit Kompatibilit\u00e4ten, losen Teilen oder halben Baugruppen herumschlagen zu m\u00fcssen. Wenn Sie ein stabileres tropisches Terrarium w\u00fcnschen (ges\u00fcndere Pflanzen, aktive Moose und ein konstantes Mikroklima), ist dieses <strong data-start=\"485\" data-end=\"527\">Bausatz Terrarium-Regenanlage<\/strong> enth\u00e4lt alles, was Sie brauchen, um die Anlage vom ersten Tag an in Betrieb zu nehmen: Pumpe, D\u00fcsen, Rohrleitungen und Anschl\u00fcsse.<\/p>\n<p data-start=\"641\" data-end=\"892\">Automatisches Spr\u00fchen erm\u00f6glicht Ihnen die Verteilung von <strong data-start=\"689\" data-end=\"706\">Kurzbew\u00e4sserungen<\/strong> \u00fcber den Tag verteilt, um die richtige Luftfeuchtigkeit aufrechtzuerhalten, ohne dass das Substrat durchn\u00e4sst wird. Es ist auch ideal f\u00fcr Paludarien und bioaktive Terrarien, bei denen die Konsistenz den Unterschied ausmacht.<\/p>\n<h2 data-start=\"894\" data-end=\"942\">Was ist im kompletten Regensystem enthalten?<\/h2>\n<p data-start=\"943\" data-end=\"1022\">Dieser Bausatz enth\u00e4lt die wesentlichen Komponenten f\u00fcr den Zusammenbau des Bew\u00e4sserungskreislaufs:<\/p>\n<ul data-start=\"1024\" data-end=\"1384\">\n<li data-start=\"1024\" data-end=\"1098\">\n<p data-start=\"1026\" data-end=\"1098\"><strong data-start=\"1026\" data-end=\"1051\">X Anti-Tropf-D\u00fcsen<\/strong> (feiner Spr\u00fchnebel + weniger Tropfen beim Ausschalten)<\/p>\n<\/li>\n<li data-start=\"1099\" data-end=\"1163\">\n<p data-start=\"1101\" data-end=\"1163\"><strong data-start=\"1101\" data-end=\"1115\">ULKA Pumpe<\/strong> (Herzst\u00fcck des Systems, Druck f\u00fcr D\u00fcsen)<\/p>\n<\/li>\n<li data-start=\"1164\" data-end=\"1207\">\n<p data-start=\"1166\" data-end=\"1207\"><strong data-start=\"1166\" data-end=\"1179\">4mm Rohre<\/strong> (Pumpenabschnitt \u2192 D\u00fcsen)<\/p>\n<\/li>\n<li data-start=\"1208\" data-end=\"1250\">\n<p data-start=\"1210\" data-end=\"1250\"><strong data-start=\"1210\" data-end=\"1223\">8mm Rohre<\/strong> (Pumpenteil \u2192 Tank)<\/p>\n<\/li>\n<li data-start=\"1251\" data-end=\"1316\">\n<p data-start=\"1253\" data-end=\"1316\"><strong data-start=\"1253\" data-end=\"1277\">Pumpenst\u00fctzen<\/strong> (stabilere und geordnetere Installation)<\/p>\n<\/li>\n<li data-start=\"1317\" data-end=\"1384\">\n<p data-start=\"1319\" data-end=\"1384\"><strong data-start=\"1319\" data-end=\"1344\">Erforderliche Verbindungen<\/strong> (um die Bew\u00e4sserungsroute zu organisieren)<\/p>\n<\/li>\n<\/ul>\n<p data-start=\"1386\" data-end=\"1597\">Mit diesem Set k\u00f6nnen Sie das System mit einer einzigen Pumpe installieren und die wichtigsten Bereiche des Terrariums mit Nebel versorgen: Moosw\u00e4nde, Bl\u00e4tter, Zweige und Dekoration, um eine gleichm\u00e4\u00dfigere Luftfeuchtigkeit zu erhalten.<\/p>\n<h2 data-start=\"1599\" data-end=\"1642\">\ud83d\udca7 Tropfsichere D\u00fcsen: sauberere Bew\u00e4sserung<\/h2>\n<p data-start=\"1643\" data-end=\"1886\">Anti-Tropf-D\u00fcsen sind so konzipiert, dass sie die Resttropfmenge reduzieren, wenn die Bew\u00e4sserung aufh\u00f6rt. Dadurch bleibt das Terrarium sauberer, es bilden sich weniger Pf\u00fctzen und die Luftfeuchtigkeit wird besser reguliert, insbesondere wenn mehrere Bew\u00e4sserungen pro Tag geplant sind.<\/p>\n<h2 data-start=\"1888\" data-end=\"1929\">\ud83d\udee0\ufe0f Tipps f\u00fcr die Verwendung (dringend empfohlen)<\/h2>\n<p data-start=\"1930\" data-end=\"2244\">Generell gilt, dass ULKA-Pumpsysteme am besten funktionieren, wenn die Programmierung <strong data-start=\"2009\" data-end=\"2026\">Kurzbew\u00e4sserungen<\/strong> (z. B. 10-20 Sekunden) \u00fcber den Tag verteilt, wobei die H\u00e4ufigkeit je nach Bel\u00fcftung, Temperatur und Luftfeuchtigkeit des Raums angepasst wird. Auf diese Weise erreichen Sie Stabilit\u00e4t, ohne das System zu zwingen und ohne das Terrarium zu durchn\u00e4ssen.<\/p>\n<p data-start=\"2246\" data-end=\"2363\">\ud83d\udc49 Sie k\u00f6nnen Ihre Automatisierung mit Steuerungen\/Zeitschaltuhren von erg\u00e4nzen: <strong data-start=\"2327\" data-end=\"2362\"><a class=\"decorated-link\" href=\"https:\/\/kanakydesign.com\/de\/categoria\/accesorios\/sistemas-de-lluvia\/\" target=\"_new\" rel=\"noopener\" data-start=\"2329\" data-end=\"2360\">https:\/\/www.kanakydesign.com\/<\/a><\/strong>.<\/p>\n<h2 data-start=\"2365\" data-end=\"2381\">\ud83c\udf3f Ideal f\u00fcr<\/h2>\n<ul data-start=\"2382\" data-end=\"2530\">\n<li data-start=\"2382\" data-end=\"2419\">\n<p data-start=\"2384\" data-end=\"2419\">Tropische und bioaktive Terrarien<\/p>\n<\/li>\n<li data-start=\"2420\" data-end=\"2455\">\n<p data-start=\"2422\" data-end=\"2455\">Paludarien mit Pflanzen und Moosen<\/p>\n<\/li>\n<li data-start=\"2456\" data-end=\"2530\">\n<p data-start=\"2458\" data-end=\"2530\">Baugruppen, die eine konstante Luftfeuchtigkeit ben\u00f6tigen, ohne dass sie von Hand bespr\u00fcht werden m\u00fcssen.<\/p>\n<\/li>\n<\/ul>","protected":false},"excerpt":{"rendered":"<p>Wenn Sie Ihr Leben nicht kompliziert machen wollen, enth\u00e4lt das komplette Regensystem alles, was Sie brauchen, um Ihr tropisches Terrarienbew\u00e4sserungssystem in Betrieb zu nehmen:<\/p>\n<ul>\n<li>X Anti-Tropf-D\u00fcsen<\/li>\n<li>ULKA Pumpe<\/li>\n<li>4mm (Pumpe - D\u00fcsen) und 8mm (Pumpe - Reservoir) Schl\u00e4uche<\/li>\n<li>Pumpenst\u00fctzen<\/li>\n<li>Erforderliche Verbindungen<\/li>\n<\/ul>","protected":false},"featured_media":1116,"template":"","meta":[],"product_brand":[],"product_cat":[23,27],"product_tag":[227,448,447,453,446,375,424,363,445,444,451,452,449,450],"class_list":{"0":"post-635","1":"product","2":"type-product","3":"status-publish","4":"has-post-thumbnail","6":"product_cat-accesorios","7":"product_cat-sistemas-de-lluvia","8":"product_tag-automatizacion-terrario","9":"product_tag-bomba-ulka-sistema-de-lluvia","10":"product_tag-boquillas-antigoteo","11":"product_tag-humedad-terrario-tropical","12":"product_tag-kit-sistema-de-lluvia","13":"product_tag-nebulizacion-terrario","14":"product_tag-pulverizacion-terrario","15":"product_tag-riego-automatico-terrario","16":"product_tag-sistema-de-lluvia-terrario","17":"product_tag-sistema-de-lluvia-terrario-tropical","18":"product_tag-sistema-lluvia-bioactivo","19":"product_tag-sistema-lluvia-paludario","20":"product_tag-tuberia-4mm-terrario","21":"product_tag-tubo-8mm-deposito","22":"product_shipping_class-accesorios","24":"first","25":"instock","26":"taxable","27":"shipping-taxable","28":"purchasable","29":"product-type-variable"},"yoast_head":"<!-- This site is optimized with the Yoast SEO plugin v27.4 - https:\/\/yoast.com\/product\/yoast-seo-wordpress\/ -->\n<title>Sistema de lluvia Bomba de vibraci\u00f3n | KanakyDesign Enclosures<\/title>\n<meta name=\"description\" content=\"Sistema de lluvia terrario tropical completo: bomba ULKA, X boquillas antigoteo, tubos 4mm y 8mm, soportes y conexiones. Montaje f\u00e1cil y humedad estable.\" \/>\n<meta name=\"robots\" content=\"index, follow, max-snippet:-1, max-image-preview:large, max-video-preview:-1\" \/>\n<link rel=\"canonical\" href=\"https:\/\/kanakydesign.com\/de\/produkt\/sistema-de-lluvia-bomba-de-vibracion\/\" \/>\n<meta property=\"og:locale\" content=\"de_DE\" \/>\n<meta property=\"og:type\" content=\"article\" \/>\n<meta property=\"og:title\" content=\"Sistema de lluvia Bomba de vibraci\u00f3n | KanakyDesign Enclosures\" \/>\n<meta property=\"og:description\" content=\"Sistema de lluvia terrario tropical completo: bomba ULKA, X boquillas antigoteo, tubos 4mm y 8mm, soportes y conexiones. Montaje f\u00e1cil y humedad estable.\" \/>\n<meta property=\"og:url\" content=\"https:\/\/kanakydesign.com\/de\/produkt\/sistema-de-lluvia-bomba-de-vibracion\/\" \/>\n<meta property=\"og:site_name\" content=\"KanakyDesign Enclosures\" \/>\n<meta property=\"article:modified_time\" content=\"2026-02-08T00:26:22+00:00\" \/>\n<meta property=\"og:image\" content=\"https:\/\/kanakydesign.com\/wp-content\/uploads\/2023\/09\/DSC2886-scaled.jpg\" \/>\n\t<meta property=\"og:image:width\" content=\"2560\" \/>\n\t<meta property=\"og:image:height\" content=\"2560\" \/>\n\t<meta property=\"og:image:type\" content=\"image\/jpeg\" \/>\n<meta name=\"twitter:card\" content=\"summary_large_image\" \/>\n<meta name=\"twitter:label1\" content=\"Gesch\u00e4tzte Lesezeit\" \/>\n\t<meta name=\"twitter:data1\" content=\"2\u00a0Minuten\" \/>\n<script type=\"application\/ld+json\" class=\"yoast-schema-graph\">{\"@context\":\"https:\\\/\\\/schema.org\",\"@graph\":[{\"@type\":\"WebPage\",\"@id\":\"https:\\\/\\\/kanakydesign.com\\\/producto\\\/sistema-de-lluvia-bomba-de-vibracion\\\/\",\"url\":\"https:\\\/\\\/kanakydesign.com\\\/producto\\\/sistema-de-lluvia-bomba-de-vibracion\\\/\",\"name\":\"Sistema de lluvia Bomba de vibraci\u00f3n | KanakyDesign Enclosures\",\"isPartOf\":{\"@id\":\"https:\\\/\\\/kanakydesign.com\\\/#website\"},\"primaryImageOfPage\":{\"@id\":\"https:\\\/\\\/kanakydesign.com\\\/producto\\\/sistema-de-lluvia-bomba-de-vibracion\\\/#primaryimage\"},\"image\":{\"@id\":\"https:\\\/\\\/kanakydesign.com\\\/producto\\\/sistema-de-lluvia-bomba-de-vibracion\\\/#primaryimage\"},\"thumbnailUrl\":\"https:\\\/\\\/kanakydesign.com\\\/wp-content\\\/uploads\\\/2023\\\/09\\\/DSC2886-scaled.jpg\",\"datePublished\":\"2023-07-01T10:39:38+00:00\",\"dateModified\":\"2026-02-08T00:26:22+00:00\",\"description\":\"Sistema de lluvia terrario tropical completo: bomba ULKA, X boquillas antigoteo, tubos 4mm y 8mm, soportes y conexiones. Montaje f\u00e1cil y humedad estable.\",\"breadcrumb\":{\"@id\":\"https:\\\/\\\/kanakydesign.com\\\/producto\\\/sistema-de-lluvia-bomba-de-vibracion\\\/#breadcrumb\"},\"inLanguage\":\"de\",\"potentialAction\":[{\"@type\":\"ReadAction\",\"target\":[\"https:\\\/\\\/kanakydesign.com\\\/producto\\\/sistema-de-lluvia-bomba-de-vibracion\\\/\"]}]},{\"@type\":\"ImageObject\",\"inLanguage\":\"de\",\"@id\":\"https:\\\/\\\/kanakydesign.com\\\/producto\\\/sistema-de-lluvia-bomba-de-vibracion\\\/#primaryimage\",\"url\":\"https:\\\/\\\/kanakydesign.com\\\/wp-content\\\/uploads\\\/2023\\\/09\\\/DSC2886-scaled.jpg\",\"contentUrl\":\"https:\\\/\\\/kanakydesign.com\\\/wp-content\\\/uploads\\\/2023\\\/09\\\/DSC2886-scaled.jpg\",\"width\":2560,\"height\":2560},{\"@type\":\"BreadcrumbList\",\"@id\":\"https:\\\/\\\/kanakydesign.com\\\/producto\\\/sistema-de-lluvia-bomba-de-vibracion\\\/#breadcrumb\",\"itemListElement\":[{\"@type\":\"ListItem\",\"position\":1,\"name\":\"Portada\",\"item\":\"https:\\\/\\\/kanakydesign.com\\\/\"},{\"@type\":\"ListItem\",\"position\":2,\"name\":\"Tienda\",\"item\":\"https:\\\/\\\/kanakydesign.com\\\/tienda\\\/\"},{\"@type\":\"ListItem\",\"position\":3,\"name\":\"Sistema de lluvia Bomba de vibraci\u00f3n\"}]},{\"@type\":\"WebSite\",\"@id\":\"https:\\\/\\\/kanakydesign.com\\\/#website\",\"url\":\"https:\\\/\\\/kanakydesign.com\\\/\",\"name\":\"KanakyDesign Enclosures\",\"description\":\"Become a professional keeper\",\"publisher\":{\"@id\":\"https:\\\/\\\/kanakydesign.com\\\/#organization\"},\"alternateName\":\"KanakyDesign\",\"potentialAction\":[{\"@type\":\"SearchAction\",\"target\":{\"@type\":\"EntryPoint\",\"urlTemplate\":\"https:\\\/\\\/kanakydesign.com\\\/?s={search_term_string}\"},\"query-input\":{\"@type\":\"PropertyValueSpecification\",\"valueRequired\":true,\"valueName\":\"search_term_string\"}}],\"inLanguage\":\"de\"},{\"@type\":\"Organization\",\"@id\":\"https:\\\/\\\/kanakydesign.com\\\/#organization\",\"name\":\"KanakyDesign Enclosures\",\"alternateName\":\"KanakyDesign\",\"url\":\"https:\\\/\\\/kanakydesign.com\\\/\",\"logo\":{\"@type\":\"ImageObject\",\"inLanguage\":\"de\",\"@id\":\"https:\\\/\\\/kanakydesign.com\\\/#\\\/schema\\\/logo\\\/image\\\/\",\"url\":\"https:\\\/\\\/kanakydesign.com\\\/wp-content\\\/uploads\\\/2023\\\/06\\\/Logo-KanakyDesign-circular-negro-1.png\",\"contentUrl\":\"https:\\\/\\\/kanakydesign.com\\\/wp-content\\\/uploads\\\/2023\\\/06\\\/Logo-KanakyDesign-circular-negro-1.png\",\"width\":2000,\"height\":2000,\"caption\":\"KanakyDesign Enclosures\"},\"image\":{\"@id\":\"https:\\\/\\\/kanakydesign.com\\\/#\\\/schema\\\/logo\\\/image\\\/\"}}]}<\/script>\n<!-- \/ Yoast SEO plugin. -->","yoast_head_json":{"title":"Vibrationspumpen-Regensystem | KanakyDesign-Geh\u00e4use","description":"Komplettes tropisches Terrarium-Regensystem: ULKA-Pumpe, X Antitropfd\u00fcsen, 4mm und 8mm Schl\u00e4uche, Halterungen und Anschl\u00fcsse. Einfache Montage und stabile Feuchtigkeit.","robots":{"index":"index","follow":"follow","max-snippet":"max-snippet:-1","max-image-preview":"max-image-preview:large","max-video-preview":"max-video-preview:-1"},"canonical":"https:\/\/kanakydesign.com\/de\/produkt\/sistema-de-lluvia-bomba-de-vibracion\/","og_locale":"de_DE","og_type":"article","og_title":"Sistema de lluvia Bomba de vibraci\u00f3n | KanakyDesign Enclosures","og_description":"Sistema de lluvia terrario tropical completo: bomba ULKA, X boquillas antigoteo, tubos 4mm y 8mm, soportes y conexiones. Montaje f\u00e1cil y humedad estable.","og_url":"https:\/\/kanakydesign.com\/de\/produkt\/sistema-de-lluvia-bomba-de-vibracion\/","og_site_name":"KanakyDesign Enclosures","article_modified_time":"2026-02-08T00:26:22+00:00","og_image":[{"width":2560,"height":2560,"url":"https:\/\/kanakydesign.com\/wp-content\/uploads\/2023\/09\/DSC2886-scaled.jpg","type":"image\/jpeg"}],"twitter_card":"summary_large_image","twitter_misc":{"Gesch\u00e4tzte Lesezeit":"2\u00a0Minuten"},"schema":{"@context":"https:\/\/schema.org","@graph":[{"@type":"WebPage","@id":"https:\/\/kanakydesign.com\/producto\/sistema-de-lluvia-bomba-de-vibracion\/","url":"https:\/\/kanakydesign.com\/producto\/sistema-de-lluvia-bomba-de-vibracion\/","name":"Vibrationspumpen-Regensystem | KanakyDesign-Geh\u00e4use","isPartOf":{"@id":"https:\/\/kanakydesign.com\/#website"},"primaryImageOfPage":{"@id":"https:\/\/kanakydesign.com\/producto\/sistema-de-lluvia-bomba-de-vibracion\/#primaryimage"},"image":{"@id":"https:\/\/kanakydesign.com\/producto\/sistema-de-lluvia-bomba-de-vibracion\/#primaryimage"},"thumbnailUrl":"https:\/\/kanakydesign.com\/wp-content\/uploads\/2023\/09\/DSC2886-scaled.jpg","datePublished":"2023-07-01T10:39:38+00:00","dateModified":"2026-02-08T00:26:22+00:00","description":"Komplettes tropisches Terrarium-Regensystem: ULKA-Pumpe, X Antitropfd\u00fcsen, 4mm und 8mm Schl\u00e4uche, Halterungen und Anschl\u00fcsse. Einfache Montage und stabile Feuchtigkeit.","breadcrumb":{"@id":"https:\/\/kanakydesign.com\/producto\/sistema-de-lluvia-bomba-de-vibracion\/#breadcrumb"},"inLanguage":"de","potentialAction":[{"@type":"ReadAction","target":["https:\/\/kanakydesign.com\/producto\/sistema-de-lluvia-bomba-de-vibracion\/"]}]},{"@type":"ImageObject","inLanguage":"de","@id":"https:\/\/kanakydesign.com\/producto\/sistema-de-lluvia-bomba-de-vibracion\/#primaryimage","url":"https:\/\/kanakydesign.com\/wp-content\/uploads\/2023\/09\/DSC2886-scaled.jpg","contentUrl":"https:\/\/kanakydesign.com\/wp-content\/uploads\/2023\/09\/DSC2886-scaled.jpg","width":2560,"height":2560},{"@type":"BreadcrumbList","@id":"https:\/\/kanakydesign.com\/producto\/sistema-de-lluvia-bomba-de-vibracion\/#breadcrumb","itemListElement":[{"@type":"ListItem","position":1,"name":"Portada","item":"https:\/\/kanakydesign.com\/"},{"@type":"ListItem","position":2,"name":"Tienda","item":"https:\/\/kanakydesign.com\/tienda\/"},{"@type":"ListItem","position":3,"name":"Sistema de lluvia Bomba de vibraci\u00f3n"}]},{"@type":"WebSite","@id":"https:\/\/kanakydesign.com\/#website","url":"https:\/\/kanakydesign.com\/","name":"KanakyDesign-Geh\u00e4use","description":"Become a professional keeper","publisher":{"@id":"https:\/\/kanakydesign.com\/#organization"},"alternateName":"KanakyDesign","potentialAction":[{"@type":"SearchAction","target":{"@type":"EntryPoint","urlTemplate":"https:\/\/kanakydesign.com\/?s={search_term_string}"},"query-input":{"@type":"PropertyValueSpecification","valueRequired":true,"valueName":"search_term_string"}}],"inLanguage":"de"},{"@type":"Organization","@id":"https:\/\/kanakydesign.com\/#organization","name":"KanakyDesign-Geh\u00e4use","alternateName":"KanakyDesign","url":"https:\/\/kanakydesign.com\/","logo":{"@type":"ImageObject","inLanguage":"de","@id":"https:\/\/kanakydesign.com\/#\/schema\/logo\/image\/","url":"https:\/\/kanakydesign.com\/wp-content\/uploads\/2023\/06\/Logo-KanakyDesign-circular-negro-1.png","contentUrl":"https:\/\/kanakydesign.com\/wp-content\/uploads\/2023\/06\/Logo-KanakyDesign-circular-negro-1.png","width":2000,"height":2000,"caption":"KanakyDesign Enclosures"},"image":{"@id":"https:\/\/kanakydesign.com\/#\/schema\/logo\/image\/"}}]}},"_links":{"self":[{"href":"https:\/\/kanakydesign.com\/de\/wp-json\/wp\/v2\/product\/635","targetHints":{"allow":["GET"]}}],"collection":[{"href":"https:\/\/kanakydesign.com\/de\/wp-json\/wp\/v2\/product"}],"about":[{"href":"https:\/\/kanakydesign.com\/de\/wp-json\/wp\/v2\/types\/product"}],"wp:featuredmedia":[{"embeddable":true,"href":"https:\/\/kanakydesign.com\/de\/wp-json\/wp\/v2\/media\/1116"}],"wp:attachment":[{"href":"https:\/\/kanakydesign.com\/de\/wp-json\/wp\/v2\/media?parent=635"}],"wp:term":[{"taxonomy":"product_brand","embeddable":true,"href":"https:\/\/kanakydesign.com\/de\/wp-json\/wp\/v2\/product_brand?post=635"},{"taxonomy":"product_cat","embeddable":true,"href":"https:\/\/kanakydesign.com\/de\/wp-json\/wp\/v2\/product_cat?post=635"},{"taxonomy":"product_tag","embeddable":true,"href":"https:\/\/kanakydesign.com\/de\/wp-json\/wp\/v2\/product_tag?post=635"}],"curies":[{"name":"wp","href":"https:\/\/api.w.org\/{rel}","templated":true}]}}