{"id":629,"date":"2023-07-01T10:34:15","date_gmt":"2023-07-01T10:34:15","guid":{"rendered":"https:\/\/kanakydesign.com\/?post_type=product&#038;p=629"},"modified":"2026-02-07T23:54:38","modified_gmt":"2026-02-07T23:54:38","slug":"conexiones-6mm","status":"publish","type":"product","link":"https:\/\/kanakydesign.com\/de\/produkt\/conexiones-6mm\/","title":{"rendered":"Anschl\u00fcsse 6mm"},"content":{"rendered":"<p data-start=\"178\" data-end=\"647\">Die <strong data-start=\"182\" data-end=\"235\">6mm Verbinder f\u00fcr Terrarien-Regenwassersystem<\/strong> sind unverzichtbare Teile f\u00fcr den Aufbau, die Erweiterung oder die Reparatur eines Spr\u00fchkreislaufs, wenn Sie mehrere Leitungen mit <strong data-start=\"366\" data-end=\"384\">eine einzige Pumpe<\/strong>. Mit diesen <strong data-start=\"396\" data-end=\"440\">6mm Regensystem-Anschlussteile<\/strong> Sie k\u00f6nnen die Bew\u00e4sserung sauber und effizient organisieren, indem Sie den Schlauchverlauf an die Terrariengestaltung und an die Bereiche anpassen, in denen Sie mehr Feuchtigkeit ben\u00f6tigen (Bodengrund, Epiphyten, \u00c4ste oder moosbewachsene W\u00e4nde).<\/p>\n<p data-start=\"649\" data-end=\"1150\">In einem gut konzipierten Regensystem bestimmen die Anschl\u00fcsse, wie einfach es ist, den Druck aufrechtzuerhalten und Lecks zu vermeiden. Mit den richtigen Anschl\u00fcssen k\u00f6nnen Sie perfekte Kurven machen, Leitungen auf mehrere D\u00fcsen aufteilen oder sogar mehrere Terrarien von einem einzigen Kreislauf aus versorgen, ohne die Rohre zu belasten oder Knicke zu erzeugen, die den Durchfluss verringern. Wenn Ihre Anlage Standard <strong data-start=\"1021\" data-end=\"1028\">6mm<\/strong> (sehr h\u00e4ufig in Terrarien-Regensystemen), k\u00f6nnen Sie mit diesen Teilen eine professionellere und ordentlichere Einrichtung schaffen.<\/p>\n<h2 data-start=\"1152\" data-end=\"1213\">\u2705 Gr\u00f6\u00dfe 6 mm: ideal f\u00fcr Haupt- und Verteilungsleitungen<\/h2>\n<p data-start=\"1214\" data-end=\"1358\">Diese Teile sind konzipiert f\u00fcr <strong data-start=\"1255\" data-end=\"1262\">6mm<\/strong>, Sie werden sehr h\u00e4ufig als Verteilerleitung in Regen- und Vernebelungsanlagen eingesetzt. Sie sind n\u00fctzlich f\u00fcr:<\/p>\n<ul data-start=\"1359\" data-end=\"1546\">\n<li data-start=\"1359\" data-end=\"1404\">\n<p data-start=\"1361\" data-end=\"1404\">Verteilen des Durchflusses auf mehrere D\u00fcsen<\/p>\n<\/li>\n<li data-start=\"1405\" data-end=\"1452\">\n<p data-start=\"1407\" data-end=\"1452\">Verbindung verschiedener Abschnitte und Verl\u00e4ngerung von Linien<\/p>\n<\/li>\n<li data-start=\"1453\" data-end=\"1495\">\n<p data-start=\"1455\" data-end=\"1495\">Nacharbeiten von Abschnitten aufgrund von Verschlei\u00df oder Leckagen<\/p>\n<\/li>\n<li data-start=\"1496\" data-end=\"1546\">\n<p data-start=\"1498\" data-end=\"1546\">die Schaltung fest und frei von scharfen Kurven zu halten<\/p>\n<\/li>\n<\/ul>\n<p data-start=\"1548\" data-end=\"1654\">\ud83d\udc49 Vervollst\u00e4ndigen Sie Ihr Regensystem mit D\u00fcsen, Pumpen und Ersatzteilen unter <strong data-start=\"1618\" data-end=\"1653\"><a class=\"decorated-link\" href=\"https:\/\/kanakydesign.com\/de\/categoria\/accesorios\/sistemas-de-lluvia\/\" target=\"_new\" rel=\"noopener\" data-start=\"1620\" data-end=\"1651\">https:\/\/www.kanakydesign.com\/<\/a><\/strong>.<\/p>\n<h2 data-start=\"1656\" data-end=\"1709\">\ud83e\udde9 4 Modelle verf\u00fcgbar (w\u00e4hlen Sie je nach Ihrem Stromkreis)<\/h2>\n<p data-start=\"1710\" data-end=\"1786\">Erh\u00e4ltlich in vier Formaten, so dass Sie das f\u00fcr Ihre Baugruppe passende Format ausw\u00e4hlen k\u00f6nnen:<\/p>\n<h3 data-start=\"1788\" data-end=\"1812\">\ud83d\udd39 Ellenbogenanschluss (L)<\/h3>\n<p data-start=\"1813\" data-end=\"1939\">90\u00b0 schwenkbar f\u00fcr Ecken und Richtungswechsel. H\u00e4lt den Schlauch sauber und hilft, Druckverluste durch Knicke zu vermeiden.<\/p>\n<h3 data-start=\"1941\" data-end=\"1961\">\ud83d\udd39 T-Verbindungsst\u00fcck<\/h3>\n<p data-start=\"1962\" data-end=\"2089\">Teilt eine Leitung in zwei Zweige, ideal f\u00fcr die Versorgung von zwei Bereichen des Terrariums oder von zwei D\u00fcsenreihen vom gleichen Punkt aus.<\/p>\n<h3 data-start=\"2091\" data-end=\"2111\">\ud83d\udd39 Y-Verbindungsst\u00fcck<\/h3>\n<p data-start=\"2112\" data-end=\"2225\">Eine progressivere Verzweigung als eine T-Verzweigung, die n\u00fctzlich ist, wenn Sie den Fluss gleichm\u00e4\u00dfig in zwei Richtungen verteilen wollen.<\/p>\n<h3 data-start=\"2227\" data-end=\"2248\">\ud83d\udd39 Gerader Stecker<\/h3>\n<p data-start=\"2249\" data-end=\"2337\">Verbindet zwei Abschnitte von 6-mm-Rohren oder dient zur Verl\u00e4ngerung einer Leitung, ohne den gesamten Verlauf zu ver\u00e4ndern.<\/p>\n<h2 data-start=\"2339\" data-end=\"2387\">\ud83d\udca1 Tipps f\u00fcr eine stabile und leckagefreie Bew\u00e4sserung<\/h2>\n<ul data-start=\"2388\" data-end=\"2698\">\n<li data-start=\"2388\" data-end=\"2453\">\n<p data-start=\"2390\" data-end=\"2453\">Planen Sie die Strecke: weniger Verbindungen = weniger Leckstellen.<\/p>\n<\/li>\n<li data-start=\"2454\" data-end=\"2520\">\n<p data-start=\"2456\" data-end=\"2520\">Verwenden Sie <strong data-start=\"2460\" data-end=\"2471\">Ellbogen L<\/strong> in engen Kurven, um das Rohr nicht zu verstopfen.<\/p>\n<\/li>\n<li data-start=\"2521\" data-end=\"2613\">\n<p data-start=\"2523\" data-end=\"2613\">Wenn die Spr\u00fchleistung nachl\u00e4sst, \u00fcberpr\u00fcfen Sie die D\u00fcsen, den Filter und die Stromkreisverteilung.<\/p>\n<\/li>\n<li data-start=\"2614\" data-end=\"2698\">\n<p data-start=\"2616\" data-end=\"2698\">Verteilen Sie bei gro\u00dfen Anlagen die D\u00fcsen entlang der Leitungen, um den Durchfluss auszugleichen.<\/p>\n<\/li>\n<\/ul>","protected":false},"excerpt":{"rendered":"<p>6-mm-Regensystemteile, die ben\u00f6tigt werden, um die Bew\u00e4sserung in unseren Terrarien mit einer einzigen Pumpe zu organisieren.<\/p>","protected":false},"featured_media":1107,"template":"","meta":[],"product_brand":[],"product_cat":[23,27],"product_tag":[399,407,410,408,409,404,406,400,402,412,405,403,411],"class_list":{"0":"post-629","1":"product","2":"type-product","3":"status-publish","4":"has-post-thumbnail","6":"product_cat-accesorios","7":"product_cat-sistemas-de-lluvia","8":"product_tag-accesorios-sistema-de-lluvia-terrario","9":"product_tag-codo-l-6mm","10":"product_tag-conector-recto-6mm","11":"product_tag-conector-t-6mm","12":"product_tag-conector-y-6mm","13":"product_tag-conectores-6mm-sistema-lluvia","14":"product_tag-conectores-6mm-terrario","15":"product_tag-conexiones-riego-terrario","16":"product_tag-distribucion-riego-terrarios","17":"product_tag-montaje-sistema-de-lluvia","18":"product_tag-piezas-conexion-sistema-de-lluvia-6mm","19":"product_tag-repuestos-sistema-lluvia","20":"product_tag-tuberia-6mm-nebulizacion","21":"product_shipping_class-accesorios","23":"first","24":"instock","25":"taxable","26":"shipping-taxable","27":"purchasable","28":"product-type-variable"},"yoast_head":"<!-- This site is optimized with the Yoast SEO plugin v27.4 - https:\/\/yoast.com\/product\/yoast-seo-wordpress\/ -->\n<title>Conexiones 6mm | KanakyDesign Enclosures<\/title>\n<meta name=\"description\" content=\"Conectores 6mm sistema lluvia terrario para organizar el riego con una sola bomba. Modelos: codo L, T, Y y recto. Ideal para montar y reparar.\" \/>\n<meta name=\"robots\" content=\"index, follow, max-snippet:-1, max-image-preview:large, max-video-preview:-1\" \/>\n<link rel=\"canonical\" href=\"https:\/\/kanakydesign.com\/de\/produkt\/conexiones-6mm\/\" \/>\n<meta property=\"og:locale\" content=\"de_DE\" \/>\n<meta property=\"og:type\" content=\"article\" \/>\n<meta property=\"og:title\" content=\"Conexiones 6mm | KanakyDesign Enclosures\" \/>\n<meta property=\"og:description\" content=\"Conectores 6mm sistema lluvia terrario para organizar el riego con una sola bomba. Modelos: codo L, T, Y y recto. Ideal para montar y reparar.\" \/>\n<meta property=\"og:url\" content=\"https:\/\/kanakydesign.com\/de\/produkt\/conexiones-6mm\/\" \/>\n<meta property=\"og:site_name\" content=\"KanakyDesign Enclosures\" \/>\n<meta property=\"article:modified_time\" content=\"2026-02-07T23:54:38+00:00\" \/>\n<meta property=\"og:image\" content=\"https:\/\/kanakydesign.com\/wp-content\/uploads\/2023\/09\/DSC2863-scaled.jpg\" \/>\n\t<meta property=\"og:image:width\" content=\"2560\" \/>\n\t<meta property=\"og:image:height\" content=\"2560\" \/>\n\t<meta property=\"og:image:type\" content=\"image\/jpeg\" \/>\n<meta name=\"twitter:card\" content=\"summary_large_image\" \/>\n<meta name=\"twitter:label1\" content=\"Gesch\u00e4tzte Lesezeit\" \/>\n\t<meta name=\"twitter:data1\" content=\"2\u00a0Minuten\" \/>\n<script type=\"application\/ld+json\" class=\"yoast-schema-graph\">{\"@context\":\"https:\\\/\\\/schema.org\",\"@graph\":[{\"@type\":\"WebPage\",\"@id\":\"https:\\\/\\\/kanakydesign.com\\\/producto\\\/conexiones-6mm\\\/\",\"url\":\"https:\\\/\\\/kanakydesign.com\\\/producto\\\/conexiones-6mm\\\/\",\"name\":\"Conexiones 6mm | KanakyDesign Enclosures\",\"isPartOf\":{\"@id\":\"https:\\\/\\\/kanakydesign.com\\\/#website\"},\"primaryImageOfPage\":{\"@id\":\"https:\\\/\\\/kanakydesign.com\\\/producto\\\/conexiones-6mm\\\/#primaryimage\"},\"image\":{\"@id\":\"https:\\\/\\\/kanakydesign.com\\\/producto\\\/conexiones-6mm\\\/#primaryimage\"},\"thumbnailUrl\":\"https:\\\/\\\/kanakydesign.com\\\/wp-content\\\/uploads\\\/2023\\\/09\\\/DSC2863-scaled.jpg\",\"datePublished\":\"2023-07-01T10:34:15+00:00\",\"dateModified\":\"2026-02-07T23:54:38+00:00\",\"description\":\"Conectores 6mm sistema lluvia terrario para organizar el riego con una sola bomba. Modelos: codo L, T, Y y recto. Ideal para montar y reparar.\",\"breadcrumb\":{\"@id\":\"https:\\\/\\\/kanakydesign.com\\\/producto\\\/conexiones-6mm\\\/#breadcrumb\"},\"inLanguage\":\"de\",\"potentialAction\":[{\"@type\":\"ReadAction\",\"target\":[\"https:\\\/\\\/kanakydesign.com\\\/producto\\\/conexiones-6mm\\\/\"]}]},{\"@type\":\"ImageObject\",\"inLanguage\":\"de\",\"@id\":\"https:\\\/\\\/kanakydesign.com\\\/producto\\\/conexiones-6mm\\\/#primaryimage\",\"url\":\"https:\\\/\\\/kanakydesign.com\\\/wp-content\\\/uploads\\\/2023\\\/09\\\/DSC2863-scaled.jpg\",\"contentUrl\":\"https:\\\/\\\/kanakydesign.com\\\/wp-content\\\/uploads\\\/2023\\\/09\\\/DSC2863-scaled.jpg\",\"width\":2560,\"height\":2560},{\"@type\":\"BreadcrumbList\",\"@id\":\"https:\\\/\\\/kanakydesign.com\\\/producto\\\/conexiones-6mm\\\/#breadcrumb\",\"itemListElement\":[{\"@type\":\"ListItem\",\"position\":1,\"name\":\"Portada\",\"item\":\"https:\\\/\\\/kanakydesign.com\\\/\"},{\"@type\":\"ListItem\",\"position\":2,\"name\":\"Tienda\",\"item\":\"https:\\\/\\\/kanakydesign.com\\\/tienda\\\/\"},{\"@type\":\"ListItem\",\"position\":3,\"name\":\"Conexiones 6mm\"}]},{\"@type\":\"WebSite\",\"@id\":\"https:\\\/\\\/kanakydesign.com\\\/#website\",\"url\":\"https:\\\/\\\/kanakydesign.com\\\/\",\"name\":\"KanakyDesign Enclosures\",\"description\":\"Become a professional keeper\",\"publisher\":{\"@id\":\"https:\\\/\\\/kanakydesign.com\\\/#organization\"},\"alternateName\":\"KanakyDesign\",\"potentialAction\":[{\"@type\":\"SearchAction\",\"target\":{\"@type\":\"EntryPoint\",\"urlTemplate\":\"https:\\\/\\\/kanakydesign.com\\\/?s={search_term_string}\"},\"query-input\":{\"@type\":\"PropertyValueSpecification\",\"valueRequired\":true,\"valueName\":\"search_term_string\"}}],\"inLanguage\":\"de\"},{\"@type\":\"Organization\",\"@id\":\"https:\\\/\\\/kanakydesign.com\\\/#organization\",\"name\":\"KanakyDesign Enclosures\",\"alternateName\":\"KanakyDesign\",\"url\":\"https:\\\/\\\/kanakydesign.com\\\/\",\"logo\":{\"@type\":\"ImageObject\",\"inLanguage\":\"de\",\"@id\":\"https:\\\/\\\/kanakydesign.com\\\/#\\\/schema\\\/logo\\\/image\\\/\",\"url\":\"https:\\\/\\\/kanakydesign.com\\\/wp-content\\\/uploads\\\/2023\\\/06\\\/Logo-KanakyDesign-circular-negro-1.png\",\"contentUrl\":\"https:\\\/\\\/kanakydesign.com\\\/wp-content\\\/uploads\\\/2023\\\/06\\\/Logo-KanakyDesign-circular-negro-1.png\",\"width\":2000,\"height\":2000,\"caption\":\"KanakyDesign Enclosures\"},\"image\":{\"@id\":\"https:\\\/\\\/kanakydesign.com\\\/#\\\/schema\\\/logo\\\/image\\\/\"}}]}<\/script>\n<!-- \/ Yoast SEO plugin. -->","yoast_head_json":{"title":"Anschl\u00fcsse 6mm | KanakyDesign-Geh\u00e4use","description":"6-mm-Anschl\u00fcsse f\u00fcr Terrarienbew\u00e4sserungssysteme, um die Bew\u00e4sserung mit einer einzigen Pumpe zu organisieren. Modelle: L, T, Y und gerader Kr\u00fcmmer. Ideal f\u00fcr Montage und Reparatur.","robots":{"index":"index","follow":"follow","max-snippet":"max-snippet:-1","max-image-preview":"max-image-preview:large","max-video-preview":"max-video-preview:-1"},"canonical":"https:\/\/kanakydesign.com\/de\/produkt\/conexiones-6mm\/","og_locale":"de_DE","og_type":"article","og_title":"Conexiones 6mm | KanakyDesign Enclosures","og_description":"Conectores 6mm sistema lluvia terrario para organizar el riego con una sola bomba. Modelos: codo L, T, Y y recto. Ideal para montar y reparar.","og_url":"https:\/\/kanakydesign.com\/de\/produkt\/conexiones-6mm\/","og_site_name":"KanakyDesign Enclosures","article_modified_time":"2026-02-07T23:54:38+00:00","og_image":[{"width":2560,"height":2560,"url":"https:\/\/kanakydesign.com\/wp-content\/uploads\/2023\/09\/DSC2863-scaled.jpg","type":"image\/jpeg"}],"twitter_card":"summary_large_image","twitter_misc":{"Gesch\u00e4tzte Lesezeit":"2\u00a0Minuten"},"schema":{"@context":"https:\/\/schema.org","@graph":[{"@type":"WebPage","@id":"https:\/\/kanakydesign.com\/producto\/conexiones-6mm\/","url":"https:\/\/kanakydesign.com\/producto\/conexiones-6mm\/","name":"Anschl\u00fcsse 6mm | KanakyDesign-Geh\u00e4use","isPartOf":{"@id":"https:\/\/kanakydesign.com\/#website"},"primaryImageOfPage":{"@id":"https:\/\/kanakydesign.com\/producto\/conexiones-6mm\/#primaryimage"},"image":{"@id":"https:\/\/kanakydesign.com\/producto\/conexiones-6mm\/#primaryimage"},"thumbnailUrl":"https:\/\/kanakydesign.com\/wp-content\/uploads\/2023\/09\/DSC2863-scaled.jpg","datePublished":"2023-07-01T10:34:15+00:00","dateModified":"2026-02-07T23:54:38+00:00","description":"6-mm-Anschl\u00fcsse f\u00fcr Terrarienbew\u00e4sserungssysteme, um die Bew\u00e4sserung mit einer einzigen Pumpe zu organisieren. Modelle: L, T, Y und gerader Kr\u00fcmmer. Ideal f\u00fcr Montage und Reparatur.","breadcrumb":{"@id":"https:\/\/kanakydesign.com\/producto\/conexiones-6mm\/#breadcrumb"},"inLanguage":"de","potentialAction":[{"@type":"ReadAction","target":["https:\/\/kanakydesign.com\/producto\/conexiones-6mm\/"]}]},{"@type":"ImageObject","inLanguage":"de","@id":"https:\/\/kanakydesign.com\/producto\/conexiones-6mm\/#primaryimage","url":"https:\/\/kanakydesign.com\/wp-content\/uploads\/2023\/09\/DSC2863-scaled.jpg","contentUrl":"https:\/\/kanakydesign.com\/wp-content\/uploads\/2023\/09\/DSC2863-scaled.jpg","width":2560,"height":2560},{"@type":"BreadcrumbList","@id":"https:\/\/kanakydesign.com\/producto\/conexiones-6mm\/#breadcrumb","itemListElement":[{"@type":"ListItem","position":1,"name":"Portada","item":"https:\/\/kanakydesign.com\/"},{"@type":"ListItem","position":2,"name":"Tienda","item":"https:\/\/kanakydesign.com\/tienda\/"},{"@type":"ListItem","position":3,"name":"Conexiones 6mm"}]},{"@type":"WebSite","@id":"https:\/\/kanakydesign.com\/#website","url":"https:\/\/kanakydesign.com\/","name":"KanakyDesign-Geh\u00e4use","description":"Become a professional keeper","publisher":{"@id":"https:\/\/kanakydesign.com\/#organization"},"alternateName":"KanakyDesign","potentialAction":[{"@type":"SearchAction","target":{"@type":"EntryPoint","urlTemplate":"https:\/\/kanakydesign.com\/?s={search_term_string}"},"query-input":{"@type":"PropertyValueSpecification","valueRequired":true,"valueName":"search_term_string"}}],"inLanguage":"de"},{"@type":"Organization","@id":"https:\/\/kanakydesign.com\/#organization","name":"KanakyDesign-Geh\u00e4use","alternateName":"KanakyDesign","url":"https:\/\/kanakydesign.com\/","logo":{"@type":"ImageObject","inLanguage":"de","@id":"https:\/\/kanakydesign.com\/#\/schema\/logo\/image\/","url":"https:\/\/kanakydesign.com\/wp-content\/uploads\/2023\/06\/Logo-KanakyDesign-circular-negro-1.png","contentUrl":"https:\/\/kanakydesign.com\/wp-content\/uploads\/2023\/06\/Logo-KanakyDesign-circular-negro-1.png","width":2000,"height":2000,"caption":"KanakyDesign Enclosures"},"image":{"@id":"https:\/\/kanakydesign.com\/#\/schema\/logo\/image\/"}}]}},"_links":{"self":[{"href":"https:\/\/kanakydesign.com\/de\/wp-json\/wp\/v2\/product\/629","targetHints":{"allow":["GET"]}}],"collection":[{"href":"https:\/\/kanakydesign.com\/de\/wp-json\/wp\/v2\/product"}],"about":[{"href":"https:\/\/kanakydesign.com\/de\/wp-json\/wp\/v2\/types\/product"}],"wp:featuredmedia":[{"embeddable":true,"href":"https:\/\/kanakydesign.com\/de\/wp-json\/wp\/v2\/media\/1107"}],"wp:attachment":[{"href":"https:\/\/kanakydesign.com\/de\/wp-json\/wp\/v2\/media?parent=629"}],"wp:term":[{"taxonomy":"product_brand","embeddable":true,"href":"https:\/\/kanakydesign.com\/de\/wp-json\/wp\/v2\/product_brand?post=629"},{"taxonomy":"product_cat","embeddable":true,"href":"https:\/\/kanakydesign.com\/de\/wp-json\/wp\/v2\/product_cat?post=629"},{"taxonomy":"product_tag","embeddable":true,"href":"https:\/\/kanakydesign.com\/de\/wp-json\/wp\/v2\/product_tag?post=629"}],"curies":[{"name":"wp","href":"https:\/\/api.w.org\/{rel}","templated":true}]}}